{"id":20181,"date":"2024-07-05T12:06:35","date_gmt":"2024-07-05T10:06:35","guid":{"rendered":"https:\/\/bolting.eu\/?post_type=product&#038;p=20181"},"modified":"2026-04-20T14:28:16","modified_gmt":"2026-04-20T12:28:16","slug":"hakensetzerkurs-basic-25-april-2206-innsbruck","status":"publish","type":"product","link":"https:\/\/bolting.eu\/en\/shop\/hakensetzerkurs-basic-25-april-2206-innsbruck\/","title":{"rendered":"Hakensetzerkurs Basic 25. April 2026 &#8211; Innsbruck"},"content":{"rendered":"<p>Erfahre in einem halbt\u00e4gigen Hakensetzerkurs &#8211; Workkshop alle Basics zum Thema &#8220;<a href=\"https:\/\/bolting.eu\/produkt-kategorie\/einbohrartikel\/klebehaken-buehlerhaken\/\">Klebehaken<\/a> setzen&#8221; und &#8220;<a href=\"https:\/\/bolting.eu\/produkt-kategorie\/einbohrartikel\/bohrhaken\/\">Bohrhaken<\/a> setzen&#8221;.<\/p>\n<p><strong>Der Workshop findet im Hinterhof unserer Firma statt<\/strong>.<\/p>\n<p>Er bietet eine super Grundlage ins Thema &#8220;Einbohren&#8221;.<\/p>\n<h2>Inhalte Hakensetzerkurs<\/h2>\n<ul>\n<li>Theorie Teil zu den ben\u00f6tigten Materialien und Werkzeugen<\/li>\n<li>chemische und physikalische Grundlagen<\/li>\n<li>Praxisteil an Betonbl\u00f6cken<\/li>\n<li>Bohrhaken setzen<\/li>\n<li>Klebehaken mit <a href=\"https:\/\/bolting.eu\/produkt-kategorie\/einbohrartikel\/injektionsmoertel\/\">Injektionsm\u00f6rtel<\/a> setzen<\/li>\n<\/ul>\n<h3>Dauer<\/h3>\n<p>ca. 5 Stunden<\/p>\n<h3>Unsere Leistungen<\/h3>\n<ul>\n<li>schriftliche Unterlagen f\u00fcr jeden Teilnehmer<\/li>\n<li>alle Materialien wie Bohrhaken, Klebehaken, Injektionsm\u00f6rtel, SDS Bohrer, Bohrmaschinen;<\/li>\n<li>alle Werkzeuge und Maschinen<\/li>\n<li>10% Rabatt<strong>*<\/strong> auf alle Eink\u00e4ufe in unserem Klettershop an diesem Tag\u00a0<strong>*<\/strong>ausgenommen bereits reduzierte Artikel!<\/li>\n<li style=\"text-align: left;\">Zertifikat f\u00fcr jeden Teilnehmer<\/li>\n<\/ul>\n<h3>Teilnehmerzahl<\/h3>\n<p>Die Mindest Teilnehmerzahl betr\u00e4gt 4 Personen, die maximale Anzahl 8.<\/p>\n<p>Kommt die Mindest Teilnehmerzahl nicht Zustande, erhalten alle die gebucht haben den vollen Kursbeitrag zur\u00fcck. Es besteht kein Anspruch auf Durchf\u00fchrung des Workshops, wenn sich zu wenige Teilnehmer anmelden.<\/p>\n<h3>Buchungs Deadline<\/h3>\n<p>ist der 18. April 2026<\/p>\n<h3>Stornogeb\u00fchren<\/h3>\n<p>Die Storno Geb\u00fchr betr\u00e4gt bis 20. M\u00e4rz 50%, danach 100%. Bitte schlie\u00dft selbst\u00e4ndig eine R\u00fccktrittsversicherung ab.<\/p>\n<p>Wer krank wird, erh\u00e4lt gegen Vorlage einer \u00e4rztlichen Best\u00e4tigung 75% des Kursbeitrages retour.<\/p>\n<p>&nbsp;<\/p>\n","protected":false},"excerpt":{"rendered":"<p>Ca. 5 st\u00fcndiger Basic Hakensetzer Kurs mit Theorie und Praxisteil.<br \/>\n<strong>Datum: Samstag, 25. April 2026 <\/strong>(Buchungs Deadline 18. April 2026).<br \/>\nOrt: <strong>bolting.eu &#8211; Fischnalerstrasse 4 in Innsbruck<\/strong><\/p>\n<p>Ihr lernt alle theoretischen bzw. praktischen Grundlagen, um Klebehaken und Bohrhaken sicher setzen zu k\u00f6nnen.<\/p>\n<p>Beachtet die Stornobedingungen!<\/p>\n<p>&nbsp;<\/p>\n","protected":false},"featured_media":10751,"comment_status":"closed","ping_status":"closed","template":"","meta":[],"product_brand":[],"product_cat":[1210,14559],"product_tag":[],"class_list":{"0":"post-20181","1":"product","2":"type-product","3":"status-publish","4":"has-post-thumbnail","6":"product_cat-einbohrartikel","7":"product_cat-bolting-kurse-tripps","9":"first","10":"instock","11":"virtual","12":"taxable","13":"purchasable","14":"product-type-simple"},"yoast_head":"<!-- This site is optimized with the Yoast SEO Premium plugin v26.9 (Yoast SEO v26.9) - https:\/\/yoast.com\/product\/yoast-seo-premium-wordpress\/ -->\n<title>Hakensetzerkurs Basic 25. April 2026 - Innsbruck | bolting.eu<\/title>\n<meta name=\"description\" content=\"Infos &amp; Buchung zum bolting.eu Hakensetzer Kurses &quot;Basic&quot; \u2705 4 Stunden Workshop \u2705 Theorieteil \u2705 Praxisteil Bohr- &amp; Klebehaken setzen \u2705 Zertifikat\" \/>\n<meta name=\"robots\" content=\"index, follow, max-snippet:-1, max-image-preview:large, max-video-preview:-1\" \/>\n<link rel=\"canonical\" href=\"https:\/\/bolting.eu\/en\/shop\/hakensetzerkurs-basic-25-april-2206-innsbruck\/\" \/>\n<meta property=\"og:locale\" content=\"en_US\" \/>\n<meta property=\"og:type\" content=\"article\" \/>\n<meta property=\"og:title\" content=\"Hakensetzerkurs Basic 25. April 2026 - Innsbruck\" \/>\n<meta property=\"og:description\" content=\"Infos &amp; Buchung zum bolting.eu Hakensetzer Kurses &quot;Basic&quot; \u2705 4 Stunden Workshop \u2705 Theorieteil \u2705 Praxisteil Bohr- &amp; Klebehaken setzen \u2705 Zertifikat\" \/>\n<meta property=\"og:url\" content=\"https:\/\/bolting.eu\/en\/shop\/hakensetzerkurs-basic-25-april-2206-innsbruck\/\" \/>\n<meta property=\"og:site_name\" content=\"bolting.eu\" \/>\n<meta property=\"article:publisher\" content=\"https:\/\/www.facebook.com\/bolting.eu\" \/>\n<meta property=\"article:modified_time\" content=\"2026-04-20T12:28:16+00:00\" \/>\n<meta property=\"og:image\" content=\"https:\/\/bolting.eu\/wp-content\/uploads\/2021\/11\/Allga\u0308u-6.jpg\" \/>\n\t<meta property=\"og:image:width\" content=\"1024\" \/>\n\t<meta property=\"og:image:height\" content=\"768\" \/>\n\t<meta property=\"og:image:type\" content=\"image\/jpeg\" \/>\n<meta name=\"twitter:card\" content=\"summary_large_image\" \/>\n<meta name=\"twitter:label1\" content=\"Price\" \/>\n\t<meta name=\"twitter:data1\" content=\"&euro;&nbsp;130,00\" \/>\n\t<meta name=\"twitter:label2\" content=\"Availability\" \/>\n\t<meta name=\"twitter:data2\" content=\"In stock\" \/>\n<script type=\"application\/ld+json\" class=\"yoast-schema-graph\">{\"@context\":\"https:\/\/schema.org\",\"@graph\":[{\"@type\":[\"WebPage\",\"ItemPage\"],\"@id\":\"https:\/\/bolting.eu\/en\/shop\/hakensetzerkurs-basic-25-april-2206-innsbruck\/\",\"url\":\"https:\/\/bolting.eu\/en\/shop\/hakensetzerkurs-basic-25-april-2206-innsbruck\/\",\"name\":\"Hakensetzerkurs Basic 25. April 2026 - Innsbruck | bolting.eu\",\"isPartOf\":{\"@id\":\"https:\/\/bolting.eu\/en\/#website\"},\"primaryImageOfPage\":{\"@id\":\"https:\/\/bolting.eu\/en\/shop\/hakensetzerkurs-basic-25-april-2206-innsbruck\/#primaryimage\"},\"image\":{\"@id\":\"https:\/\/bolting.eu\/en\/shop\/hakensetzerkurs-basic-25-april-2206-innsbruck\/#primaryimage\"},\"thumbnailUrl\":\"https:\/\/bolting.eu\/wp-content\/uploads\/2021\/11\/Allga\u0308u-6.jpg\",\"datePublished\":\"2024-07-05T10:06:35+00:00\",\"dateModified\":\"2026-04-20T12:28:16+00:00\",\"description\":\"Infos & Buchung zum bolting.eu Hakensetzer Kurses \\\"Basic\\\" \u2705 4 Stunden Workshop \u2705 Theorieteil \u2705 Praxisteil Bohr- & Klebehaken setzen \u2705 Zertifikat\",\"breadcrumb\":{\"@id\":\"https:\/\/bolting.eu\/en\/shop\/hakensetzerkurs-basic-25-april-2206-innsbruck\/#breadcrumb\"},\"inLanguage\":\"en-US\",\"potentialAction\":[{\"@type\":\"ReadAction\",\"target\":[\"https:\/\/bolting.eu\/en\/shop\/hakensetzerkurs-basic-25-april-2206-innsbruck\/\"]}]},{\"@type\":\"ImageObject\",\"inLanguage\":\"en-US\",\"@id\":\"https:\/\/bolting.eu\/en\/shop\/hakensetzerkurs-basic-25-april-2206-innsbruck\/#primaryimage\",\"url\":\"https:\/\/bolting.eu\/wp-content\/uploads\/2021\/11\/Allga\u0308u-6.jpg\",\"contentUrl\":\"https:\/\/bolting.eu\/wp-content\/uploads\/2021\/11\/Allga\u0308u-6.jpg\",\"width\":1024,\"height\":768,\"caption\":\"Workshop Outdoor Unternehmen Allg\u00e4u - Foto: bolting.eu\"},{\"@type\":\"BreadcrumbList\",\"@id\":\"https:\/\/bolting.eu\/en\/shop\/hakensetzerkurs-basic-25-april-2206-innsbruck\/#breadcrumb\",\"itemListElement\":[{\"@type\":\"ListItem\",\"position\":1,\"name\":\"Shop\",\"item\":\"https:\/\/bolting.eu\/en\/shop\/\"},{\"@type\":\"ListItem\",\"position\":2,\"name\":\"bolting products\",\"item\":\"https:\/\/bolting.eu\/en\/produkt-kategorie\/bolting-products\/\"},{\"@type\":\"ListItem\",\"position\":3,\"name\":\"bolting Kurse &amp; Tripps\",\"item\":\"https:\/\/bolting.eu\/produkt-kategorie\/einbohrartikel\/bolting-kurse-tripps\/\"},{\"@type\":\"ListItem\",\"position\":4,\"name\":\"Hakensetzerkurs Basic 25. April 2026 &#8211; Innsbruck\"}]},{\"@type\":\"WebSite\",\"@id\":\"https:\/\/bolting.eu\/en\/#website\",\"url\":\"https:\/\/bolting.eu\/en\/\",\"name\":\"bolting.eu\",\"description\":\"we make climbs happen\",\"publisher\":{\"@id\":\"https:\/\/bolting.eu\/en\/#organization\"},\"potentialAction\":[{\"@type\":\"SearchAction\",\"target\":{\"@type\":\"EntryPoint\",\"urlTemplate\":\"https:\/\/bolting.eu\/en\/?s={search_term_string}\"},\"query-input\":{\"@type\":\"PropertyValueSpecification\",\"valueRequired\":true,\"valueName\":\"search_term_string\"}}],\"inLanguage\":\"en-US\"},{\"@type\":[\"Organization\",\"Place\",\"SportingGoodsStore\"],\"@id\":\"https:\/\/bolting.eu\/en\/#organization\",\"name\":\"bolting.eu\",\"url\":\"https:\/\/bolting.eu\/en\/\",\"logo\":{\"@id\":\"https:\/\/bolting.eu\/en\/shop\/hakensetzerkurs-basic-25-april-2206-innsbruck\/#local-main-organization-logo\"},\"image\":{\"@id\":\"https:\/\/bolting.eu\/en\/shop\/hakensetzerkurs-basic-25-april-2206-innsbruck\/#local-main-organization-logo\"},\"sameAs\":[\"https:\/\/www.facebook.com\/bolting.eu\",\"https:\/\/www.instagram.com\/bolting.eu\/\"],\"address\":{\"@id\":\"https:\/\/bolting.eu\/en\/shop\/hakensetzerkurs-basic-25-april-2206-innsbruck\/#local-main-place-address\"},\"geo\":{\"@type\":\"GeoCoordinates\",\"latitude\":\"47.264176340396226\",\"longitude\":\"11.380109057672346\"},\"telephone\":[\"+43 699 19083372\"],\"openingHoursSpecification\":[{\"@type\":\"OpeningHoursSpecification\",\"dayOfWeek\":[\"Monday\",\"Wednesday\",\"Friday\"],\"opens\":\"14:00\",\"closes\":\"18:00\"},{\"@type\":\"OpeningHoursSpecification\",\"dayOfWeek\":[\"Tuesday\",\"Thursday\",\"Saturday\",\"Sunday\"],\"opens\":\"00:00\",\"closes\":\"00:00\"}],\"email\":\"office@bolting.eu\",\"vatID\":\"ATU59999728\",\"priceRange\":\"$$\",\"currenciesAccepted\":\"Euro\"},{\"@type\":\"PostalAddress\",\"@id\":\"https:\/\/bolting.eu\/en\/shop\/hakensetzerkurs-basic-25-april-2206-innsbruck\/#local-main-place-address\",\"streetAddress\":\"Fischnalerstra\u00dfe 4\",\"addressLocality\":\"Innsbruck\",\"postalCode\":\"6020\",\"addressRegion\":\"Tirol\",\"addressCountry\":\"AT\"},{\"@type\":\"ImageObject\",\"inLanguage\":\"en-US\",\"@id\":\"https:\/\/bolting.eu\/en\/shop\/hakensetzerkurs-basic-25-april-2206-innsbruck\/#local-main-organization-logo\",\"url\":\"https:\/\/bolting.eu\/wp-content\/uploads\/2019\/09\/bolting-logo.png\",\"contentUrl\":\"https:\/\/bolting.eu\/wp-content\/uploads\/2019\/09\/bolting-logo.png\",\"width\":400,\"height\":211,\"caption\":\"bolting.eu\"}]}<\/script>\n<meta property=\"product:price:amount\" content=\"130.00\" \/>\n<meta property=\"product:price:currency\" content=\"EUR\" \/>\n<meta property=\"og:availability\" content=\"instock\" \/>\n<meta property=\"product:availability\" content=\"instock\" \/>\n<meta property=\"product:retailer_item_id\" content=\"HSK-Basic-05042025\" \/>\n<meta property=\"product:condition\" content=\"new\" \/>\n<meta name=\"geo.placename\" content=\"Innsbruck\" \/>\n<meta name=\"geo.position\" content=\"47.264176340396226;11.380109057672346\" \/>\n<meta name=\"geo.region\" content=\"Austria\" \/>\n<!-- \/ Yoast SEO Premium plugin. -->","yoast_head_json":{"title":"Hakensetzerkurs Basic 25. April 2026 - Innsbruck | bolting.eu","description":"Infos & Buchung zum bolting.eu Hakensetzer Kurses \"Basic\" \u2705 4 Stunden Workshop \u2705 Theorieteil \u2705 Praxisteil Bohr- & Klebehaken setzen \u2705 Zertifikat","robots":{"index":"index","follow":"follow","max-snippet":"max-snippet:-1","max-image-preview":"max-image-preview:large","max-video-preview":"max-video-preview:-1"},"canonical":"https:\/\/bolting.eu\/en\/shop\/hakensetzerkurs-basic-25-april-2206-innsbruck\/","og_locale":"en_US","og_type":"article","og_title":"Hakensetzerkurs Basic 25. April 2026 - Innsbruck","og_description":"Infos & Buchung zum bolting.eu Hakensetzer Kurses \"Basic\" \u2705 4 Stunden Workshop \u2705 Theorieteil \u2705 Praxisteil Bohr- & Klebehaken setzen \u2705 Zertifikat","og_url":"https:\/\/bolting.eu\/en\/shop\/hakensetzerkurs-basic-25-april-2206-innsbruck\/","og_site_name":"bolting.eu","article_publisher":"https:\/\/www.facebook.com\/bolting.eu","article_modified_time":"2026-04-20T12:28:16+00:00","og_image":[{"width":1024,"height":768,"url":"https:\/\/bolting.eu\/wp-content\/uploads\/2021\/11\/Allga\u0308u-6.jpg","type":"image\/jpeg"}],"twitter_card":"summary_large_image","twitter_misc":{"Price":"&euro;&nbsp;130,00","Availability":"In stock"},"schema":{"@context":"https:\/\/schema.org","@graph":[{"@type":["WebPage","ItemPage"],"@id":"https:\/\/bolting.eu\/en\/shop\/hakensetzerkurs-basic-25-april-2206-innsbruck\/","url":"https:\/\/bolting.eu\/en\/shop\/hakensetzerkurs-basic-25-april-2206-innsbruck\/","name":"Hakensetzerkurs Basic 25. April 2026 - Innsbruck | bolting.eu","isPartOf":{"@id":"https:\/\/bolting.eu\/en\/#website"},"primaryImageOfPage":{"@id":"https:\/\/bolting.eu\/en\/shop\/hakensetzerkurs-basic-25-april-2206-innsbruck\/#primaryimage"},"image":{"@id":"https:\/\/bolting.eu\/en\/shop\/hakensetzerkurs-basic-25-april-2206-innsbruck\/#primaryimage"},"thumbnailUrl":"https:\/\/bolting.eu\/wp-content\/uploads\/2021\/11\/Allga\u0308u-6.jpg","datePublished":"2024-07-05T10:06:35+00:00","dateModified":"2026-04-20T12:28:16+00:00","description":"Infos & Buchung zum bolting.eu Hakensetzer Kurses \"Basic\" \u2705 4 Stunden Workshop \u2705 Theorieteil \u2705 Praxisteil Bohr- & Klebehaken setzen \u2705 Zertifikat","breadcrumb":{"@id":"https:\/\/bolting.eu\/en\/shop\/hakensetzerkurs-basic-25-april-2206-innsbruck\/#breadcrumb"},"inLanguage":"en-US","potentialAction":[{"@type":"ReadAction","target":["https:\/\/bolting.eu\/en\/shop\/hakensetzerkurs-basic-25-april-2206-innsbruck\/"]}]},{"@type":"ImageObject","inLanguage":"en-US","@id":"https:\/\/bolting.eu\/en\/shop\/hakensetzerkurs-basic-25-april-2206-innsbruck\/#primaryimage","url":"https:\/\/bolting.eu\/wp-content\/uploads\/2021\/11\/Allga\u0308u-6.jpg","contentUrl":"https:\/\/bolting.eu\/wp-content\/uploads\/2021\/11\/Allga\u0308u-6.jpg","width":1024,"height":768,"caption":"Workshop Outdoor Unternehmen Allg\u00e4u - Foto: bolting.eu"},{"@type":"BreadcrumbList","@id":"https:\/\/bolting.eu\/en\/shop\/hakensetzerkurs-basic-25-april-2206-innsbruck\/#breadcrumb","itemListElement":[{"@type":"ListItem","position":1,"name":"Shop","item":"https:\/\/bolting.eu\/en\/shop\/"},{"@type":"ListItem","position":2,"name":"bolting products","item":"https:\/\/bolting.eu\/en\/produkt-kategorie\/bolting-products\/"},{"@type":"ListItem","position":3,"name":"bolting Kurse &amp; Tripps","item":"https:\/\/bolting.eu\/produkt-kategorie\/einbohrartikel\/bolting-kurse-tripps\/"},{"@type":"ListItem","position":4,"name":"Hakensetzerkurs Basic 25. April 2026 &#8211; Innsbruck"}]},{"@type":"WebSite","@id":"https:\/\/bolting.eu\/en\/#website","url":"https:\/\/bolting.eu\/en\/","name":"bolting.eu","description":"we make climbs happen","publisher":{"@id":"https:\/\/bolting.eu\/en\/#organization"},"potentialAction":[{"@type":"SearchAction","target":{"@type":"EntryPoint","urlTemplate":"https:\/\/bolting.eu\/en\/?s={search_term_string}"},"query-input":{"@type":"PropertyValueSpecification","valueRequired":true,"valueName":"search_term_string"}}],"inLanguage":"en-US"},{"@type":["Organization","Place","SportingGoodsStore"],"@id":"https:\/\/bolting.eu\/en\/#organization","name":"bolting.eu","url":"https:\/\/bolting.eu\/en\/","logo":{"@id":"https:\/\/bolting.eu\/en\/shop\/hakensetzerkurs-basic-25-april-2206-innsbruck\/#local-main-organization-logo"},"image":{"@id":"https:\/\/bolting.eu\/en\/shop\/hakensetzerkurs-basic-25-april-2206-innsbruck\/#local-main-organization-logo"},"sameAs":["https:\/\/www.facebook.com\/bolting.eu","https:\/\/www.instagram.com\/bolting.eu\/"],"address":{"@id":"https:\/\/bolting.eu\/en\/shop\/hakensetzerkurs-basic-25-april-2206-innsbruck\/#local-main-place-address"},"geo":{"@type":"GeoCoordinates","latitude":"47.264176340396226","longitude":"11.380109057672346"},"telephone":["+43 699 19083372"],"openingHoursSpecification":[{"@type":"OpeningHoursSpecification","dayOfWeek":["Monday","Wednesday","Friday"],"opens":"14:00","closes":"18:00"},{"@type":"OpeningHoursSpecification","dayOfWeek":["Tuesday","Thursday","Saturday","Sunday"],"opens":"00:00","closes":"00:00"}],"email":"office@bolting.eu","vatID":"ATU59999728","priceRange":"$$","currenciesAccepted":"Euro"},{"@type":"PostalAddress","@id":"https:\/\/bolting.eu\/en\/shop\/hakensetzerkurs-basic-25-april-2206-innsbruck\/#local-main-place-address","streetAddress":"Fischnalerstra\u00dfe 4","addressLocality":"Innsbruck","postalCode":"6020","addressRegion":"Tirol","addressCountry":"AT"},{"@type":"ImageObject","inLanguage":"en-US","@id":"https:\/\/bolting.eu\/en\/shop\/hakensetzerkurs-basic-25-april-2206-innsbruck\/#local-main-organization-logo","url":"https:\/\/bolting.eu\/wp-content\/uploads\/2019\/09\/bolting-logo.png","contentUrl":"https:\/\/bolting.eu\/wp-content\/uploads\/2019\/09\/bolting-logo.png","width":400,"height":211,"caption":"bolting.eu"}]},"product_price_amount":"130.00","product_price_currency":"EUR","og_availability":"instock","product_availability":"instock","product_retailer_item_id":"HSK-Basic-05042025","product_condition":"new","geo.placename":"Innsbruck","geo.position":{"lat":"47.264176340396226","long":"11.380109057672346"},"geo.region":"Austria"},"_links":{"self":[{"href":"https:\/\/bolting.eu\/en\/wp-json\/wp\/v2\/product\/20181","targetHints":{"allow":["GET"]}}],"collection":[{"href":"https:\/\/bolting.eu\/en\/wp-json\/wp\/v2\/product"}],"about":[{"href":"https:\/\/bolting.eu\/en\/wp-json\/wp\/v2\/types\/product"}],"replies":[{"embeddable":true,"href":"https:\/\/bolting.eu\/en\/wp-json\/wp\/v2\/comments?post=20181"}],"wp:featuredmedia":[{"embeddable":true,"href":"https:\/\/bolting.eu\/en\/wp-json\/wp\/v2\/media\/10751"}],"wp:attachment":[{"href":"https:\/\/bolting.eu\/en\/wp-json\/wp\/v2\/media?parent=20181"}],"wp:term":[{"taxonomy":"product_brand","embeddable":true,"href":"https:\/\/bolting.eu\/en\/wp-json\/wp\/v2\/product_brand?post=20181"},{"taxonomy":"product_cat","embeddable":true,"href":"https:\/\/bolting.eu\/en\/wp-json\/wp\/v2\/product_cat?post=20181"},{"taxonomy":"product_tag","embeddable":true,"href":"https:\/\/bolting.eu\/en\/wp-json\/wp\/v2\/product_tag?post=20181"}],"curies":[{"name":"wp","href":"https:\/\/api.w.org\/{rel}","templated":true}]}}