{"id":20165,"date":"2024-07-05T10:44:43","date_gmt":"2024-07-05T08:44:43","guid":{"rendered":"https:\/\/bolting.eu\/?post_type=product&#038;p=20165"},"modified":"2026-03-30T22:41:31","modified_gmt":"2026-03-30T20:41:31","slug":"bolting-eu-einbohrkurs-maltatal-5-7-juni-2026","status":"publish","type":"product","link":"https:\/\/bolting.eu\/en\/shop\/bolting-eu-einbohrkurs-maltatal-5-7-juni-2026\/","title":{"rendered":"bolting.eu Einbohrkurs Maltatal 5.-7. Juni 2026"},"content":{"rendered":"<div class=\"mceTemp\"><\/div>\n<h3>An wen richtet sich dieser Einbohr Kurs?<\/h3>\n<p>Dieser Kurs richtet sich an <strong>Intermediates bis sehr gute Kletterer<\/strong>. Ihr solltet ein <strong>Rotpunkt Niveau von 6b aufw\u00e4rts<\/strong> haben, sodass ein breiteres Spektrum an Felspotential f\u00fcr euren Kurs besteht.<\/p>\n<p>Des weiteren an Erschlie\u00dfer, welche ihr fachliches und praktischen Wissen erweitern wollen. Der Kurs ist somit ideal f\u00fcr alle, die z.B. zuhause als Verantwortliche f\u00fcr ihren Sektions Klettergarten ausgebildet werden wollen.<\/p>\n<h3>Wie l\u00e4uft der Kurs ab?<\/h3>\n<p>Es werden maximal 8 Teilnehmer aufgenommen = 4 Seilschaften.<\/p>\n<p>Nach dem 1. Tag (Theorieteil) werden Seilschaften gebildet. Diese bleiben am Tag 2 und 3 dann zusammen. Gemeinsam erschlie\u00dfen oder sanieren sie jeden Tag zwei Routen.<\/p>\n<p>Am 2. Kurstag zusammen zwei Routen mit Bohrhaken. Am 3. Kurstag zusammen zwei Routen mit Klebehaken.<\/p>\n<h3>Inhalte Einbohrkurs Maltatal 5. &#8211; 7. Juni 2026<\/h3>\n<p><strong>Tag 1:<\/strong> ab ca. 13.00 Uhr &#8211; Berghotel Malta<\/p>\n<ul>\n<li>Theorieteil ca. 2-3 Stunden: Grundlagen Material, Physikalische und chemische Grundlagen, Vor- und Nachteile Bohr- &amp; Klebehaken,&#8230;<\/li>\n<li>Praxisteil: Hakensetzen am Fels<\/li>\n<li>Grundlagen Auf- \/ Abstieg am Fixseil<\/li>\n<\/ul>\n<p><strong>Tag 2:<\/strong> ab ca. 9.00 Uhr &#8211; Klettergebiet an der Malta-Hochalmstrasse<\/p>\n<p>Routen Erschlie\u00dfung oder Sanierung mit Bohrhaken<\/p>\n<p><strong>Tag 3:<\/strong> ab ca. 9.00 Uhr &#8211; Klettergebiet an der Malta-Hochalmstrasse<\/p>\n<p>Routen Erschlie\u00dfung oder Sanierung mit Klebehaken<\/p>\n<h3>Was ist im Einbohrkurs Beitrag enthalten?<\/h3>\n<ul>\n<li>Skript<\/li>\n<li>Material f\u00fcr die Sanierungen \/ Erschlie\u00dfungen<\/li>\n<li>Bereitstellung Akku Schlagbohrer, Akku-Flex, Auspresspistolen, Schraubenschl\u00fcssel, Felsh\u00e4mmer<\/li>\n<li>Fixseile f\u00fcr den Praxisteil &#8220;Seil Auf- und Abstieg&#8221; inkl. mitlaufendes Auffangger\u00e4t<\/li>\n<\/ul>\n<p><strong>Nicht enthalten ist die Unterkunft, Maut f\u00fcr die Malta-Hochalmstrasse, Verpflegung und pers\u00f6nliche Schutzausr\u00fcstung.<\/strong><\/p>\n<h3>Was m\u00fcsst ihr selber mitbringen?<\/h3>\n<ul>\n<li>pers\u00f6nliche Kletterausr\u00fcstung inkl. Helm<\/li>\n<li>Geh\u00f6rschutz<\/li>\n<li>Schutzbrille<\/li>\n<li>Handsteigklemme links und rechts<\/li>\n<li>je 3 Bandschlingen 60cm und 120cm<\/li>\n<li>Selbstsicherungsschlinge<\/li>\n<li>lange Fu\u00df Trittschlaufe wie z.B. Petzl Footloop<\/li>\n<li>enge, dehnbare Arbeitshandschuhe<strong>Jeder Kursteilnehmer erh\u00e4lt einen 10% Rabatt Gutscheincode f\u00fcr den Einkauf bei uns vor dem Kurs!<\/strong><\/li>\n<\/ul>\n<h3>Stornogeb\u00fchren \u2013 Verschiebung \u2013 Absage<\/h3>\n<p>Die Storno Geb\u00fchr betr\u00e4gt bis 29. Mai 2026 50%, danach 100%. Bitte schlie\u00dft selbst\u00e4ndig eine R\u00fccktrittsversicherung ab.<\/p>\n<p>Wer krank wird, erh\u00e4lt gegen Vorlage einer \u00e4rztlichen Best\u00e4tigung 75% des Kursbeitrages retour.<\/p>\n<p>Bei Schlechtwetter verschiebt sich der Termin um 1 Woche nach hinten. <strong>Bei weniger als 4 Teilnehmern findet kein Kurs statt. Die Kursgeb\u00fchr wird dann zur G\u00e4nze r\u00fcckerstattet!<\/strong><\/p>\n","protected":false},"excerpt":{"rendered":"<p>2 1\/2 t\u00e4giger Einbohrkurs im Maltatal vom 5. &#8211; 7. Juni 2026.<\/p>\n<p>Ideal f\u00fcr Erschlie\u00dfer Anf\u00e4nger, Klettergarten Verantwortliche und motivierte Kletterer.<\/p>\n<p>Theorieteil &#8211; Praxisteil &#8211; Einbohren Bohrhaken &#8211; Einbohren Klebehaken<\/p>\n","protected":false},"featured_media":20174,"comment_status":"closed","ping_status":"closed","template":"","meta":[],"product_brand":[],"product_cat":[1210,14559],"product_tag":[],"class_list":{"0":"post-20165","1":"product","2":"type-product","3":"status-publish","4":"has-post-thumbnail","6":"product_cat-einbohrartikel","7":"product_cat-bolting-kurse-tripps","9":"first","10":"instock","11":"virtual","12":"taxable","13":"purchasable","14":"product-type-simple"},"yoast_head":"<!-- This site is optimized with the Yoast SEO Premium plugin v26.9 (Yoast SEO v26.9) - https:\/\/yoast.com\/product\/yoast-seo-premium-wordpress\/ -->\n<title>bolting.eu Einbohrkurs Maltatal 5.-7. Juni 2026 | bolting.eu<\/title>\n<meta name=\"description\" content=\"Alle Infos zum bolting.eu Einbohrkurs im Maltatal vom 5. bis 7. Juni 2026 \u2705 Theorieteil \u2705 Einbohren \/ Sanieren mit Bohrhaken und Klebehaken\" \/>\n<meta name=\"robots\" content=\"index, follow, max-snippet:-1, max-image-preview:large, max-video-preview:-1\" \/>\n<link rel=\"canonical\" href=\"https:\/\/bolting.eu\/en\/shop\/bolting-eu-einbohrkurs-maltatal-5-7-juni-2026\/\" \/>\n<meta property=\"og:locale\" content=\"en_US\" \/>\n<meta property=\"og:type\" content=\"article\" \/>\n<meta property=\"og:title\" content=\"bolting.eu Einbohrkurs Maltatal 5.-7. Juni 2026\" \/>\n<meta property=\"og:description\" content=\"Alle Infos zum bolting.eu Einbohrkurs im Maltatal vom 5. bis 7. Juni 2026 \u2705 Theorieteil \u2705 Einbohren \/ Sanieren mit Bohrhaken und Klebehaken\" \/>\n<meta property=\"og:url\" content=\"https:\/\/bolting.eu\/en\/shop\/bolting-eu-einbohrkurs-maltatal-5-7-juni-2026\/\" \/>\n<meta property=\"og:site_name\" content=\"bolting.eu\" \/>\n<meta property=\"article:publisher\" content=\"https:\/\/www.facebook.com\/bolting.eu\" \/>\n<meta property=\"article:modified_time\" content=\"2026-03-30T20:41:31+00:00\" \/>\n<meta property=\"og:image\" content=\"https:\/\/bolting.eu\/wp-content\/uploads\/2024\/07\/Einbohr-Tripp-Pecka-1.jpg\" \/>\n\t<meta property=\"og:image:width\" content=\"700\" \/>\n\t<meta property=\"og:image:height\" content=\"700\" \/>\n\t<meta property=\"og:image:type\" content=\"image\/jpeg\" \/>\n<meta name=\"twitter:card\" content=\"summary_large_image\" \/>\n<meta name=\"twitter:label1\" content=\"Price\" \/>\n\t<meta name=\"twitter:data1\" content=\"&euro;&nbsp;490,00\" \/>\n\t<meta name=\"twitter:label2\" content=\"Availability\" \/>\n\t<meta name=\"twitter:data2\" content=\"In stock\" \/>\n<script type=\"application\/ld+json\" class=\"yoast-schema-graph\">{\"@context\":\"https:\/\/schema.org\",\"@graph\":[{\"@type\":[\"WebPage\",\"ItemPage\"],\"@id\":\"https:\/\/bolting.eu\/en\/shop\/bolting-eu-einbohrkurs-maltatal-5-7-juni-2026\/\",\"url\":\"https:\/\/bolting.eu\/en\/shop\/bolting-eu-einbohrkurs-maltatal-5-7-juni-2026\/\",\"name\":\"bolting.eu Einbohrkurs Maltatal 5.-7. Juni 2026 | bolting.eu\",\"isPartOf\":{\"@id\":\"https:\/\/bolting.eu\/en\/#website\"},\"primaryImageOfPage\":{\"@id\":\"https:\/\/bolting.eu\/en\/shop\/bolting-eu-einbohrkurs-maltatal-5-7-juni-2026\/#primaryimage\"},\"image\":{\"@id\":\"https:\/\/bolting.eu\/en\/shop\/bolting-eu-einbohrkurs-maltatal-5-7-juni-2026\/#primaryimage\"},\"thumbnailUrl\":\"https:\/\/bolting.eu\/wp-content\/uploads\/2024\/07\/Einbohr-Tripp-Pecka-1.jpg\",\"datePublished\":\"2024-07-05T08:44:43+00:00\",\"dateModified\":\"2026-03-30T20:41:31+00:00\",\"description\":\"Alle Infos zum bolting.eu Einbohrkurs im Maltatal vom 5. bis 7. Juni 2026 \u2705 Theorieteil \u2705 Einbohren \/ Sanieren mit Bohrhaken und Klebehaken\",\"breadcrumb\":{\"@id\":\"https:\/\/bolting.eu\/en\/shop\/bolting-eu-einbohrkurs-maltatal-5-7-juni-2026\/#breadcrumb\"},\"inLanguage\":\"en-US\",\"potentialAction\":[{\"@type\":\"ReadAction\",\"target\":[\"https:\/\/bolting.eu\/en\/shop\/bolting-eu-einbohrkurs-maltatal-5-7-juni-2026\/\"]}]},{\"@type\":\"ImageObject\",\"inLanguage\":\"en-US\",\"@id\":\"https:\/\/bolting.eu\/en\/shop\/bolting-eu-einbohrkurs-maltatal-5-7-juni-2026\/#primaryimage\",\"url\":\"https:\/\/bolting.eu\/wp-content\/uploads\/2024\/07\/Einbohr-Tripp-Pecka-1.jpg\",\"contentUrl\":\"https:\/\/bolting.eu\/wp-content\/uploads\/2024\/07\/Einbohr-Tripp-Pecka-1.jpg\",\"width\":700,\"height\":700,\"caption\":\"Zwei verschmutzte Kletterer bei einem Einbohrkurs von bolting.eu mit Bohrmaschine.\"},{\"@type\":\"BreadcrumbList\",\"@id\":\"https:\/\/bolting.eu\/en\/shop\/bolting-eu-einbohrkurs-maltatal-5-7-juni-2026\/#breadcrumb\",\"itemListElement\":[{\"@type\":\"ListItem\",\"position\":1,\"name\":\"Shop\",\"item\":\"https:\/\/bolting.eu\/en\/shop\/\"},{\"@type\":\"ListItem\",\"position\":2,\"name\":\"bolting products\",\"item\":\"https:\/\/bolting.eu\/en\/produkt-kategorie\/bolting-products\/\"},{\"@type\":\"ListItem\",\"position\":3,\"name\":\"bolting Kurse &amp; Tripps\",\"item\":\"https:\/\/bolting.eu\/produkt-kategorie\/einbohrartikel\/bolting-kurse-tripps\/\"},{\"@type\":\"ListItem\",\"position\":4,\"name\":\"bolting.eu Einbohrkurs Maltatal 5.-7. Juni 2026\"}]},{\"@type\":\"WebSite\",\"@id\":\"https:\/\/bolting.eu\/en\/#website\",\"url\":\"https:\/\/bolting.eu\/en\/\",\"name\":\"bolting.eu\",\"description\":\"we make climbs happen\",\"publisher\":{\"@id\":\"https:\/\/bolting.eu\/en\/#organization\"},\"potentialAction\":[{\"@type\":\"SearchAction\",\"target\":{\"@type\":\"EntryPoint\",\"urlTemplate\":\"https:\/\/bolting.eu\/en\/?s={search_term_string}\"},\"query-input\":{\"@type\":\"PropertyValueSpecification\",\"valueRequired\":true,\"valueName\":\"search_term_string\"}}],\"inLanguage\":\"en-US\"},{\"@type\":[\"Organization\",\"Place\",\"SportingGoodsStore\"],\"@id\":\"https:\/\/bolting.eu\/en\/#organization\",\"name\":\"bolting.eu\",\"url\":\"https:\/\/bolting.eu\/en\/\",\"logo\":{\"@id\":\"https:\/\/bolting.eu\/en\/shop\/bolting-eu-einbohrkurs-maltatal-5-7-juni-2026\/#local-main-organization-logo\"},\"image\":{\"@id\":\"https:\/\/bolting.eu\/en\/shop\/bolting-eu-einbohrkurs-maltatal-5-7-juni-2026\/#local-main-organization-logo\"},\"sameAs\":[\"https:\/\/www.facebook.com\/bolting.eu\",\"https:\/\/www.instagram.com\/bolting.eu\/\"],\"address\":{\"@id\":\"https:\/\/bolting.eu\/en\/shop\/bolting-eu-einbohrkurs-maltatal-5-7-juni-2026\/#local-main-place-address\"},\"geo\":{\"@type\":\"GeoCoordinates\",\"latitude\":\"47.264176340396226\",\"longitude\":\"11.380109057672346\"},\"telephone\":[\"+43 699 19083372\"],\"openingHoursSpecification\":[{\"@type\":\"OpeningHoursSpecification\",\"dayOfWeek\":[\"Monday\",\"Wednesday\",\"Friday\"],\"opens\":\"14:00\",\"closes\":\"18:00\"},{\"@type\":\"OpeningHoursSpecification\",\"dayOfWeek\":[\"Tuesday\",\"Thursday\",\"Saturday\",\"Sunday\"],\"opens\":\"00:00\",\"closes\":\"00:00\"}],\"email\":\"office@bolting.eu\",\"vatID\":\"ATU59999728\",\"priceRange\":\"$$\",\"currenciesAccepted\":\"Euro\"},{\"@type\":\"PostalAddress\",\"@id\":\"https:\/\/bolting.eu\/en\/shop\/bolting-eu-einbohrkurs-maltatal-5-7-juni-2026\/#local-main-place-address\",\"streetAddress\":\"Fischnalerstra\u00dfe 4\",\"addressLocality\":\"Innsbruck\",\"postalCode\":\"6020\",\"addressRegion\":\"Tirol\",\"addressCountry\":\"AT\"},{\"@type\":\"ImageObject\",\"inLanguage\":\"en-US\",\"@id\":\"https:\/\/bolting.eu\/en\/shop\/bolting-eu-einbohrkurs-maltatal-5-7-juni-2026\/#local-main-organization-logo\",\"url\":\"https:\/\/bolting.eu\/wp-content\/uploads\/2019\/09\/bolting-logo.png\",\"contentUrl\":\"https:\/\/bolting.eu\/wp-content\/uploads\/2019\/09\/bolting-logo.png\",\"width\":400,\"height\":211,\"caption\":\"bolting.eu\"}]}<\/script>\n<meta property=\"product:price:amount\" content=\"490.00\" \/>\n<meta property=\"product:price:currency\" content=\"EUR\" \/>\n<meta property=\"og:availability\" content=\"instock\" \/>\n<meta property=\"product:availability\" content=\"instock\" \/>\n<meta property=\"product:retailer_item_id\" content=\"EBK Maltatal\" \/>\n<meta property=\"product:condition\" content=\"new\" \/>\n<meta name=\"geo.placename\" content=\"Innsbruck\" \/>\n<meta name=\"geo.position\" content=\"47.264176340396226;11.380109057672346\" \/>\n<meta name=\"geo.region\" content=\"Austria\" \/>\n<!-- \/ Yoast SEO Premium plugin. -->","yoast_head_json":{"title":"bolting.eu Einbohrkurs Maltatal 5.-7. Juni 2026 | bolting.eu","description":"Alle Infos zum bolting.eu Einbohrkurs im Maltatal vom 5. bis 7. Juni 2026 \u2705 Theorieteil \u2705 Einbohren \/ Sanieren mit Bohrhaken und Klebehaken","robots":{"index":"index","follow":"follow","max-snippet":"max-snippet:-1","max-image-preview":"max-image-preview:large","max-video-preview":"max-video-preview:-1"},"canonical":"https:\/\/bolting.eu\/en\/shop\/bolting-eu-einbohrkurs-maltatal-5-7-juni-2026\/","og_locale":"en_US","og_type":"article","og_title":"bolting.eu Einbohrkurs Maltatal 5.-7. Juni 2026","og_description":"Alle Infos zum bolting.eu Einbohrkurs im Maltatal vom 5. bis 7. Juni 2026 \u2705 Theorieteil \u2705 Einbohren \/ Sanieren mit Bohrhaken und Klebehaken","og_url":"https:\/\/bolting.eu\/en\/shop\/bolting-eu-einbohrkurs-maltatal-5-7-juni-2026\/","og_site_name":"bolting.eu","article_publisher":"https:\/\/www.facebook.com\/bolting.eu","article_modified_time":"2026-03-30T20:41:31+00:00","og_image":[{"width":700,"height":700,"url":"https:\/\/bolting.eu\/wp-content\/uploads\/2024\/07\/Einbohr-Tripp-Pecka-1.jpg","type":"image\/jpeg"}],"twitter_card":"summary_large_image","twitter_misc":{"Price":"&euro;&nbsp;490,00","Availability":"In stock"},"schema":{"@context":"https:\/\/schema.org","@graph":[{"@type":["WebPage","ItemPage"],"@id":"https:\/\/bolting.eu\/en\/shop\/bolting-eu-einbohrkurs-maltatal-5-7-juni-2026\/","url":"https:\/\/bolting.eu\/en\/shop\/bolting-eu-einbohrkurs-maltatal-5-7-juni-2026\/","name":"bolting.eu Einbohrkurs Maltatal 5.-7. Juni 2026 | bolting.eu","isPartOf":{"@id":"https:\/\/bolting.eu\/en\/#website"},"primaryImageOfPage":{"@id":"https:\/\/bolting.eu\/en\/shop\/bolting-eu-einbohrkurs-maltatal-5-7-juni-2026\/#primaryimage"},"image":{"@id":"https:\/\/bolting.eu\/en\/shop\/bolting-eu-einbohrkurs-maltatal-5-7-juni-2026\/#primaryimage"},"thumbnailUrl":"https:\/\/bolting.eu\/wp-content\/uploads\/2024\/07\/Einbohr-Tripp-Pecka-1.jpg","datePublished":"2024-07-05T08:44:43+00:00","dateModified":"2026-03-30T20:41:31+00:00","description":"Alle Infos zum bolting.eu Einbohrkurs im Maltatal vom 5. bis 7. Juni 2026 \u2705 Theorieteil \u2705 Einbohren \/ Sanieren mit Bohrhaken und Klebehaken","breadcrumb":{"@id":"https:\/\/bolting.eu\/en\/shop\/bolting-eu-einbohrkurs-maltatal-5-7-juni-2026\/#breadcrumb"},"inLanguage":"en-US","potentialAction":[{"@type":"ReadAction","target":["https:\/\/bolting.eu\/en\/shop\/bolting-eu-einbohrkurs-maltatal-5-7-juni-2026\/"]}]},{"@type":"ImageObject","inLanguage":"en-US","@id":"https:\/\/bolting.eu\/en\/shop\/bolting-eu-einbohrkurs-maltatal-5-7-juni-2026\/#primaryimage","url":"https:\/\/bolting.eu\/wp-content\/uploads\/2024\/07\/Einbohr-Tripp-Pecka-1.jpg","contentUrl":"https:\/\/bolting.eu\/wp-content\/uploads\/2024\/07\/Einbohr-Tripp-Pecka-1.jpg","width":700,"height":700,"caption":"Zwei verschmutzte Kletterer bei einem Einbohrkurs von bolting.eu mit Bohrmaschine."},{"@type":"BreadcrumbList","@id":"https:\/\/bolting.eu\/en\/shop\/bolting-eu-einbohrkurs-maltatal-5-7-juni-2026\/#breadcrumb","itemListElement":[{"@type":"ListItem","position":1,"name":"Shop","item":"https:\/\/bolting.eu\/en\/shop\/"},{"@type":"ListItem","position":2,"name":"bolting products","item":"https:\/\/bolting.eu\/en\/produkt-kategorie\/bolting-products\/"},{"@type":"ListItem","position":3,"name":"bolting Kurse &amp; Tripps","item":"https:\/\/bolting.eu\/produkt-kategorie\/einbohrartikel\/bolting-kurse-tripps\/"},{"@type":"ListItem","position":4,"name":"bolting.eu Einbohrkurs Maltatal 5.-7. Juni 2026"}]},{"@type":"WebSite","@id":"https:\/\/bolting.eu\/en\/#website","url":"https:\/\/bolting.eu\/en\/","name":"bolting.eu","description":"we make climbs happen","publisher":{"@id":"https:\/\/bolting.eu\/en\/#organization"},"potentialAction":[{"@type":"SearchAction","target":{"@type":"EntryPoint","urlTemplate":"https:\/\/bolting.eu\/en\/?s={search_term_string}"},"query-input":{"@type":"PropertyValueSpecification","valueRequired":true,"valueName":"search_term_string"}}],"inLanguage":"en-US"},{"@type":["Organization","Place","SportingGoodsStore"],"@id":"https:\/\/bolting.eu\/en\/#organization","name":"bolting.eu","url":"https:\/\/bolting.eu\/en\/","logo":{"@id":"https:\/\/bolting.eu\/en\/shop\/bolting-eu-einbohrkurs-maltatal-5-7-juni-2026\/#local-main-organization-logo"},"image":{"@id":"https:\/\/bolting.eu\/en\/shop\/bolting-eu-einbohrkurs-maltatal-5-7-juni-2026\/#local-main-organization-logo"},"sameAs":["https:\/\/www.facebook.com\/bolting.eu","https:\/\/www.instagram.com\/bolting.eu\/"],"address":{"@id":"https:\/\/bolting.eu\/en\/shop\/bolting-eu-einbohrkurs-maltatal-5-7-juni-2026\/#local-main-place-address"},"geo":{"@type":"GeoCoordinates","latitude":"47.264176340396226","longitude":"11.380109057672346"},"telephone":["+43 699 19083372"],"openingHoursSpecification":[{"@type":"OpeningHoursSpecification","dayOfWeek":["Monday","Wednesday","Friday"],"opens":"14:00","closes":"18:00"},{"@type":"OpeningHoursSpecification","dayOfWeek":["Tuesday","Thursday","Saturday","Sunday"],"opens":"00:00","closes":"00:00"}],"email":"office@bolting.eu","vatID":"ATU59999728","priceRange":"$$","currenciesAccepted":"Euro"},{"@type":"PostalAddress","@id":"https:\/\/bolting.eu\/en\/shop\/bolting-eu-einbohrkurs-maltatal-5-7-juni-2026\/#local-main-place-address","streetAddress":"Fischnalerstra\u00dfe 4","addressLocality":"Innsbruck","postalCode":"6020","addressRegion":"Tirol","addressCountry":"AT"},{"@type":"ImageObject","inLanguage":"en-US","@id":"https:\/\/bolting.eu\/en\/shop\/bolting-eu-einbohrkurs-maltatal-5-7-juni-2026\/#local-main-organization-logo","url":"https:\/\/bolting.eu\/wp-content\/uploads\/2019\/09\/bolting-logo.png","contentUrl":"https:\/\/bolting.eu\/wp-content\/uploads\/2019\/09\/bolting-logo.png","width":400,"height":211,"caption":"bolting.eu"}]},"product_price_amount":"490.00","product_price_currency":"EUR","og_availability":"instock","product_availability":"instock","product_retailer_item_id":"EBK Maltatal","product_condition":"new","geo.placename":"Innsbruck","geo.position":{"lat":"47.264176340396226","long":"11.380109057672346"},"geo.region":"Austria"},"_links":{"self":[{"href":"https:\/\/bolting.eu\/en\/wp-json\/wp\/v2\/product\/20165","targetHints":{"allow":["GET"]}}],"collection":[{"href":"https:\/\/bolting.eu\/en\/wp-json\/wp\/v2\/product"}],"about":[{"href":"https:\/\/bolting.eu\/en\/wp-json\/wp\/v2\/types\/product"}],"replies":[{"embeddable":true,"href":"https:\/\/bolting.eu\/en\/wp-json\/wp\/v2\/comments?post=20165"}],"wp:featuredmedia":[{"embeddable":true,"href":"https:\/\/bolting.eu\/en\/wp-json\/wp\/v2\/media\/20174"}],"wp:attachment":[{"href":"https:\/\/bolting.eu\/en\/wp-json\/wp\/v2\/media?parent=20165"}],"wp:term":[{"taxonomy":"product_brand","embeddable":true,"href":"https:\/\/bolting.eu\/en\/wp-json\/wp\/v2\/product_brand?post=20165"},{"taxonomy":"product_cat","embeddable":true,"href":"https:\/\/bolting.eu\/en\/wp-json\/wp\/v2\/product_cat?post=20165"},{"taxonomy":"product_tag","embeddable":true,"href":"https:\/\/bolting.eu\/en\/wp-json\/wp\/v2\/product_tag?post=20165"}],"curies":[{"name":"wp","href":"https:\/\/api.w.org\/{rel}","templated":true}]}}