{"id":19810,"date":"2024-05-27T17:41:54","date_gmt":"2024-05-27T15:41:54","guid":{"rendered":"https:\/\/bolting.eu\/?post_type=product&#038;p=19810"},"modified":"2025-06-13T13:51:24","modified_gmt":"2025-06-13T11:51:24","slug":"kop-de-gas-micro-sharks-sawed-off-angle-pitons","status":"publish","type":"product","link":"https:\/\/bolting.eu\/en\/shop\/kop-de-gas-micro-sharks-sawed-off-angle-pitons\/","title":{"rendered":"Kop de Gas Micro Sharks &#8211; Sawed Off Angle Pitons"},"content":{"rendered":"<p>Die Micro Sharks von Kop de Gas sind ganz spezielle Felshaken. Denn zum einen sind sie sogenanntes &#8220;sawed off angles&#8221;. Also abgeschnittene V-Profilhaken. Und zum anderen haben sie &#8220;Z\u00e4hne&#8221; f\u00fcr einen h\u00f6heren Ausrei\u00dfwiderstand.<\/p>\n<p>Diese Modelle sind etwas f\u00fcr Erstbegeher und Big Wall bzw. Techno Kletterer.<\/p>\n<p>Der Hartstahl pr\u00e4destiniert diese &#8220;pegs&#8221; f\u00fcr harte Gesteine wie Granit, Gneis und Basalt. In manchen bekannten Big Walls wie z.B. &#8220;Mescalito&#8221; oder &#8220;Shield&#8221; am El Cap sind sie unerl\u00e4sslich.<\/p>\n<p>Kurzum. Ihr wollt ein ordentliches Big Wall Rack haben? Dann sind diese &#8220;sawed off\u00b4s&#8221; genauso unerl\u00e4sslich wie z.B. <a href=\"https:\/\/bolting.eu\/shop\/black-diamond-z4-offset\/\">BD Offset Z\u00b44s<\/a> oder die <a href=\"https:\/\/bolting.eu\/shop\/dmm-offset-nuts\/\">DMM Offset Nuts<\/a>.<\/p>\n<h2>Eigenschaften Micro Shark &#8211; sawed off angles<\/h2>\n<ul>\n<li>Hersteller: <a href=\"https:\/\/bolting.eu\/produkt-kategorie\/kop-de-gas\/\">Kop de Gas<\/a><\/li>\n<li>stark verk\u00fcrzte V-Profilhaken<\/li>\n<li>Material: harter Cro-Mo Stahl<\/li>\n<li>Schaftl\u00e4nge: 4cm<\/li>\n<li>Breite: #1 = 16mm, #2 = 20mm, #3 = 25mm<\/li>\n<li>Gewicht: #1 = 40 Gramm, #2 = 45 Gramm, #3 = 48 Gramm<\/li>\n<li>St\u00e4rke Stahlblech: 2mm<\/li>\n<li>Schaftl\u00e4nge: 4cm<\/li>\n<li>Z\u00e4hne f\u00fcr noch mehr Anpressdruck<\/li>\n<li>erh\u00f6hter Ausrei\u00dfwiderstand<\/li>\n<li>Norm: keine<\/li>\n<li>Farb Schutz\u00fcberzug<\/li>\n<li>nur f\u00fcr das K\u00f6rpergewicht<\/li>\n<li>ideal zum Techno Klettern<\/li>\n<li>f\u00fcr seichte Placements bzw. &#8220;pin scars&#8221;<\/li>\n<li>\u00d6se f\u00fcr 1 <a href=\"https:\/\/bolting.eu\/produkt-kategorie\/kletterausruestung\/kletterkarabiner\/schnappkarabiner\/\">Schnappkarabiner<\/a><\/li>\n<\/ul>\n","protected":false},"excerpt":{"rendered":"<p>Sehr kurze V-Profilhaken, sogenannte &#8220;sawed off angles&#8221;. Zum Techno Klettern bzw. f\u00fcr Big Walls.<\/p>\n<p>Ideal f\u00fcr seichte Risse bzw. Pin Scars.<\/p>\n<p>Versandkostenfrei bis 2kg in <img decoding=\"async\" class=\"emoji\" role=\"img\" draggable=\"false\" src=\"https:\/\/s.w.org\/images\/core\/emoji\/14.0.0\/svg\/1f1e6-1f1f9.svg\" alt=\"\ud83c\udde6\ud83c\uddf9\" \/> ab \u20ac 100,- und <img decoding=\"async\" class=\"emoji\" role=\"img\" draggable=\"false\" src=\"https:\/\/s.w.org\/images\/core\/emoji\/14.0.0\/svg\/1f1e9-1f1ea.svg\" alt=\"\ud83c\udde9\ud83c\uddea\" \/> ab \u20ac 200,- \u2705 Trusted Shop zertifiziert<\/p>\n<p>&nbsp;<\/p>\n","protected":false},"featured_media":19847,"comment_status":"closed","ping_status":"closed","template":"","meta":[],"product_brand":[],"product_cat":[4659,31,37,1210],"product_tag":[],"class_list":{"0":"post-19810","1":"product","2":"type-product","3":"status-publish","4":"has-post-thumbnail","6":"product_cat-kop-de-gas","7":"product_cat-big-wall-ausruestung","8":"product_cat-felshaken-normalhaken","9":"product_cat-einbohrartikel","11":"first","12":"instock","13":"taxable","14":"shipping-taxable","15":"purchasable","16":"product-type-variable"},"yoast_head":"<!-- This site is optimized with the Yoast SEO Premium plugin v26.9 (Yoast SEO v26.9) - https:\/\/yoast.com\/product\/yoast-seo-premium-wordpress\/ -->\n<title>Kop de Gas Micro Sharks - Sawed Off Angle Pitons | bolting.eu<\/title>\n<meta name=\"description\" content=\"Kop de Gas Micro Sharks &quot;sawed off angles&quot; beim Kletterprofi kaufen \u2705 Trusted Shop \u2705 versandkostenfrei* \u2705 14 Tage R\u00fcckgaberecht \u2705 Co2 neutraler Versand\" \/>\n<meta name=\"robots\" content=\"index, follow, max-snippet:-1, max-image-preview:large, max-video-preview:-1\" \/>\n<link rel=\"canonical\" href=\"https:\/\/bolting.eu\/en\/shop\/kop-de-gas-micro-sharks-sawed-off-angle-pitons\/\" \/>\n<meta property=\"og:locale\" content=\"en_US\" \/>\n<meta property=\"og:type\" content=\"article\" \/>\n<meta property=\"og:title\" content=\"Kop de Gas Micro Sharks - Sawed Off Angle Pitons\" \/>\n<meta property=\"og:description\" content=\"Kop de Gas Micro Sharks &quot;sawed off angles&quot; beim Kletterprofi kaufen \u2705 Trusted Shop \u2705 versandkostenfrei* \u2705 14 Tage R\u00fcckgaberecht \u2705 Co2 neutraler Versand\" \/>\n<meta property=\"og:url\" content=\"https:\/\/bolting.eu\/en\/shop\/kop-de-gas-micro-sharks-sawed-off-angle-pitons\/\" \/>\n<meta property=\"og:site_name\" content=\"bolting.eu\" \/>\n<meta property=\"article:publisher\" content=\"https:\/\/www.facebook.com\/bolting.eu\" \/>\n<meta property=\"article:modified_time\" content=\"2025-06-13T11:51:24+00:00\" \/>\n<meta property=\"og:image\" content=\"https:\/\/bolting.eu\/wp-content\/uploads\/2024\/05\/Kop-de-Gas-Micro-Sharks-1.jpg\" \/>\n\t<meta property=\"og:image:width\" content=\"700\" \/>\n\t<meta property=\"og:image:height\" content=\"700\" \/>\n\t<meta property=\"og:image:type\" content=\"image\/jpeg\" \/>\n<meta name=\"twitter:card\" content=\"summary_large_image\" \/>\n<meta name=\"twitter:label1\" content=\"Availability\" \/>\n\t<meta name=\"twitter:data1\" content=\"In stock\" \/>\n<script type=\"application\/ld+json\" class=\"yoast-schema-graph\">{\"@context\":\"https:\/\/schema.org\",\"@graph\":[{\"@type\":[\"WebPage\",\"ItemPage\"],\"@id\":\"https:\/\/bolting.eu\/en\/shop\/kop-de-gas-micro-sharks-sawed-off-angle-pitons\/\",\"url\":\"https:\/\/bolting.eu\/en\/shop\/kop-de-gas-micro-sharks-sawed-off-angle-pitons\/\",\"name\":\"Kop de Gas Micro Sharks - Sawed Off Angle Pitons | bolting.eu\",\"isPartOf\":{\"@id\":\"https:\/\/bolting.eu\/en\/#website\"},\"primaryImageOfPage\":{\"@id\":\"https:\/\/bolting.eu\/en\/shop\/kop-de-gas-micro-sharks-sawed-off-angle-pitons\/#primaryimage\"},\"image\":{\"@id\":\"https:\/\/bolting.eu\/en\/shop\/kop-de-gas-micro-sharks-sawed-off-angle-pitons\/#primaryimage\"},\"thumbnailUrl\":\"https:\/\/bolting.eu\/wp-content\/uploads\/2024\/05\/Kop-de-Gas-Micro-Sharks-1.jpg\",\"datePublished\":\"2024-05-27T15:41:54+00:00\",\"dateModified\":\"2025-06-13T11:51:24+00:00\",\"description\":\"Kop de Gas Micro Sharks \\\"sawed off angles\\\" beim Kletterprofi kaufen \u2705 Trusted Shop \u2705 versandkostenfrei* \u2705 14 Tage R\u00fcckgaberecht \u2705 Co2 neutraler Versand\",\"breadcrumb\":{\"@id\":\"https:\/\/bolting.eu\/en\/shop\/kop-de-gas-micro-sharks-sawed-off-angle-pitons\/#breadcrumb\"},\"inLanguage\":\"en-US\",\"potentialAction\":[{\"@type\":\"ReadAction\",\"target\":[\"https:\/\/bolting.eu\/en\/shop\/kop-de-gas-micro-sharks-sawed-off-angle-pitons\/\"]}]},{\"@type\":\"ImageObject\",\"inLanguage\":\"en-US\",\"@id\":\"https:\/\/bolting.eu\/en\/shop\/kop-de-gas-micro-sharks-sawed-off-angle-pitons\/#primaryimage\",\"url\":\"https:\/\/bolting.eu\/wp-content\/uploads\/2024\/05\/Kop-de-Gas-Micro-Sharks-1.jpg\",\"contentUrl\":\"https:\/\/bolting.eu\/wp-content\/uploads\/2024\/05\/Kop-de-Gas-Micro-Sharks-1.jpg\",\"width\":700,\"height\":700,\"caption\":\"Drei rote Kop de Gas sawed off angles Felshaken und buntes bolting.eu Logo.\"},{\"@type\":\"BreadcrumbList\",\"@id\":\"https:\/\/bolting.eu\/en\/shop\/kop-de-gas-micro-sharks-sawed-off-angle-pitons\/#breadcrumb\",\"itemListElement\":[{\"@type\":\"ListItem\",\"position\":1,\"name\":\"Shop\",\"item\":\"https:\/\/bolting.eu\/en\/shop\/\"},{\"@type\":\"ListItem\",\"position\":2,\"name\":\"bolting products\",\"item\":\"https:\/\/bolting.eu\/en\/produkt-kategorie\/bolting-products\/\"},{\"@type\":\"ListItem\",\"position\":3,\"name\":\"piton - Normal hook\",\"item\":\"https:\/\/bolting.eu\/en\/produkt-kategorie\/piton-normal-hook\/\"},{\"@type\":\"ListItem\",\"position\":4,\"name\":\"Kop de Gas Micro Sharks &#8211; Sawed Off Angle Pitons\"}]},{\"@type\":\"WebSite\",\"@id\":\"https:\/\/bolting.eu\/en\/#website\",\"url\":\"https:\/\/bolting.eu\/en\/\",\"name\":\"bolting.eu\",\"description\":\"we make climbs happen\",\"publisher\":{\"@id\":\"https:\/\/bolting.eu\/en\/#organization\"},\"potentialAction\":[{\"@type\":\"SearchAction\",\"target\":{\"@type\":\"EntryPoint\",\"urlTemplate\":\"https:\/\/bolting.eu\/en\/?s={search_term_string}\"},\"query-input\":{\"@type\":\"PropertyValueSpecification\",\"valueRequired\":true,\"valueName\":\"search_term_string\"}}],\"inLanguage\":\"en-US\"},{\"@type\":[\"Organization\",\"Place\",\"SportingGoodsStore\"],\"@id\":\"https:\/\/bolting.eu\/en\/#organization\",\"name\":\"bolting.eu\",\"url\":\"https:\/\/bolting.eu\/en\/\",\"logo\":{\"@id\":\"https:\/\/bolting.eu\/en\/shop\/kop-de-gas-micro-sharks-sawed-off-angle-pitons\/#local-main-organization-logo\"},\"image\":{\"@id\":\"https:\/\/bolting.eu\/en\/shop\/kop-de-gas-micro-sharks-sawed-off-angle-pitons\/#local-main-organization-logo\"},\"sameAs\":[\"https:\/\/www.facebook.com\/bolting.eu\",\"https:\/\/www.instagram.com\/bolting.eu\/\"],\"address\":{\"@id\":\"https:\/\/bolting.eu\/en\/shop\/kop-de-gas-micro-sharks-sawed-off-angle-pitons\/#local-main-place-address\"},\"geo\":{\"@type\":\"GeoCoordinates\",\"latitude\":\"47.264176340396226\",\"longitude\":\"11.380109057672346\"},\"telephone\":[\"+43 699 19083372\"],\"openingHoursSpecification\":[{\"@type\":\"OpeningHoursSpecification\",\"dayOfWeek\":[\"Monday\",\"Wednesday\",\"Friday\"],\"opens\":\"14:00\",\"closes\":\"18:00\"},{\"@type\":\"OpeningHoursSpecification\",\"dayOfWeek\":[\"Tuesday\",\"Thursday\",\"Saturday\",\"Sunday\"],\"opens\":\"00:00\",\"closes\":\"00:00\"}],\"email\":\"office@bolting.eu\",\"vatID\":\"ATU59999728\",\"priceRange\":\"$$\",\"currenciesAccepted\":\"Euro\"},{\"@type\":\"PostalAddress\",\"@id\":\"https:\/\/bolting.eu\/en\/shop\/kop-de-gas-micro-sharks-sawed-off-angle-pitons\/#local-main-place-address\",\"streetAddress\":\"Fischnalerstra\u00dfe 4\",\"addressLocality\":\"Innsbruck\",\"postalCode\":\"6020\",\"addressRegion\":\"Tirol\",\"addressCountry\":\"AT\"},{\"@type\":\"ImageObject\",\"inLanguage\":\"en-US\",\"@id\":\"https:\/\/bolting.eu\/en\/shop\/kop-de-gas-micro-sharks-sawed-off-angle-pitons\/#local-main-organization-logo\",\"url\":\"https:\/\/bolting.eu\/wp-content\/uploads\/2019\/09\/bolting-logo.png\",\"contentUrl\":\"https:\/\/bolting.eu\/wp-content\/uploads\/2019\/09\/bolting-logo.png\",\"width\":400,\"height\":211,\"caption\":\"bolting.eu\"}]}<\/script>\n<meta property=\"og:availability\" content=\"instock\" \/>\n<meta property=\"product:availability\" content=\"instock\" \/>\n<meta property=\"product:condition\" content=\"new\" \/>\n<meta name=\"geo.placename\" content=\"Innsbruck\" \/>\n<meta name=\"geo.position\" content=\"47.264176340396226;11.380109057672346\" \/>\n<meta name=\"geo.region\" content=\"Austria\" \/>\n<!-- \/ Yoast SEO Premium plugin. -->","yoast_head_json":{"title":"Kop de Gas Micro Sharks - Sawed Off Angle Pitons | bolting.eu","description":"Kop de Gas Micro Sharks \"sawed off angles\" beim Kletterprofi kaufen \u2705 Trusted Shop \u2705 versandkostenfrei* \u2705 14 Tage R\u00fcckgaberecht \u2705 Co2 neutraler Versand","robots":{"index":"index","follow":"follow","max-snippet":"max-snippet:-1","max-image-preview":"max-image-preview:large","max-video-preview":"max-video-preview:-1"},"canonical":"https:\/\/bolting.eu\/en\/shop\/kop-de-gas-micro-sharks-sawed-off-angle-pitons\/","og_locale":"en_US","og_type":"article","og_title":"Kop de Gas Micro Sharks - Sawed Off Angle Pitons","og_description":"Kop de Gas Micro Sharks \"sawed off angles\" beim Kletterprofi kaufen \u2705 Trusted Shop \u2705 versandkostenfrei* \u2705 14 Tage R\u00fcckgaberecht \u2705 Co2 neutraler Versand","og_url":"https:\/\/bolting.eu\/en\/shop\/kop-de-gas-micro-sharks-sawed-off-angle-pitons\/","og_site_name":"bolting.eu","article_publisher":"https:\/\/www.facebook.com\/bolting.eu","article_modified_time":"2025-06-13T11:51:24+00:00","og_image":[{"width":700,"height":700,"url":"https:\/\/bolting.eu\/wp-content\/uploads\/2024\/05\/Kop-de-Gas-Micro-Sharks-1.jpg","type":"image\/jpeg"}],"twitter_card":"summary_large_image","twitter_misc":{"Availability":"In stock"},"schema":{"@context":"https:\/\/schema.org","@graph":[{"@type":["WebPage","ItemPage"],"@id":"https:\/\/bolting.eu\/en\/shop\/kop-de-gas-micro-sharks-sawed-off-angle-pitons\/","url":"https:\/\/bolting.eu\/en\/shop\/kop-de-gas-micro-sharks-sawed-off-angle-pitons\/","name":"Kop de Gas Micro Sharks - Sawed Off Angle Pitons | bolting.eu","isPartOf":{"@id":"https:\/\/bolting.eu\/en\/#website"},"primaryImageOfPage":{"@id":"https:\/\/bolting.eu\/en\/shop\/kop-de-gas-micro-sharks-sawed-off-angle-pitons\/#primaryimage"},"image":{"@id":"https:\/\/bolting.eu\/en\/shop\/kop-de-gas-micro-sharks-sawed-off-angle-pitons\/#primaryimage"},"thumbnailUrl":"https:\/\/bolting.eu\/wp-content\/uploads\/2024\/05\/Kop-de-Gas-Micro-Sharks-1.jpg","datePublished":"2024-05-27T15:41:54+00:00","dateModified":"2025-06-13T11:51:24+00:00","description":"Kop de Gas Micro Sharks \"sawed off angles\" beim Kletterprofi kaufen \u2705 Trusted Shop \u2705 versandkostenfrei* \u2705 14 Tage R\u00fcckgaberecht \u2705 Co2 neutraler Versand","breadcrumb":{"@id":"https:\/\/bolting.eu\/en\/shop\/kop-de-gas-micro-sharks-sawed-off-angle-pitons\/#breadcrumb"},"inLanguage":"en-US","potentialAction":[{"@type":"ReadAction","target":["https:\/\/bolting.eu\/en\/shop\/kop-de-gas-micro-sharks-sawed-off-angle-pitons\/"]}]},{"@type":"ImageObject","inLanguage":"en-US","@id":"https:\/\/bolting.eu\/en\/shop\/kop-de-gas-micro-sharks-sawed-off-angle-pitons\/#primaryimage","url":"https:\/\/bolting.eu\/wp-content\/uploads\/2024\/05\/Kop-de-Gas-Micro-Sharks-1.jpg","contentUrl":"https:\/\/bolting.eu\/wp-content\/uploads\/2024\/05\/Kop-de-Gas-Micro-Sharks-1.jpg","width":700,"height":700,"caption":"Drei rote Kop de Gas sawed off angles Felshaken und buntes bolting.eu Logo."},{"@type":"BreadcrumbList","@id":"https:\/\/bolting.eu\/en\/shop\/kop-de-gas-micro-sharks-sawed-off-angle-pitons\/#breadcrumb","itemListElement":[{"@type":"ListItem","position":1,"name":"Shop","item":"https:\/\/bolting.eu\/en\/shop\/"},{"@type":"ListItem","position":2,"name":"bolting products","item":"https:\/\/bolting.eu\/en\/produkt-kategorie\/bolting-products\/"},{"@type":"ListItem","position":3,"name":"piton - Normal hook","item":"https:\/\/bolting.eu\/en\/produkt-kategorie\/piton-normal-hook\/"},{"@type":"ListItem","position":4,"name":"Kop de Gas Micro Sharks &#8211; Sawed Off Angle Pitons"}]},{"@type":"WebSite","@id":"https:\/\/bolting.eu\/en\/#website","url":"https:\/\/bolting.eu\/en\/","name":"bolting.eu","description":"we make climbs happen","publisher":{"@id":"https:\/\/bolting.eu\/en\/#organization"},"potentialAction":[{"@type":"SearchAction","target":{"@type":"EntryPoint","urlTemplate":"https:\/\/bolting.eu\/en\/?s={search_term_string}"},"query-input":{"@type":"PropertyValueSpecification","valueRequired":true,"valueName":"search_term_string"}}],"inLanguage":"en-US"},{"@type":["Organization","Place","SportingGoodsStore"],"@id":"https:\/\/bolting.eu\/en\/#organization","name":"bolting.eu","url":"https:\/\/bolting.eu\/en\/","logo":{"@id":"https:\/\/bolting.eu\/en\/shop\/kop-de-gas-micro-sharks-sawed-off-angle-pitons\/#local-main-organization-logo"},"image":{"@id":"https:\/\/bolting.eu\/en\/shop\/kop-de-gas-micro-sharks-sawed-off-angle-pitons\/#local-main-organization-logo"},"sameAs":["https:\/\/www.facebook.com\/bolting.eu","https:\/\/www.instagram.com\/bolting.eu\/"],"address":{"@id":"https:\/\/bolting.eu\/en\/shop\/kop-de-gas-micro-sharks-sawed-off-angle-pitons\/#local-main-place-address"},"geo":{"@type":"GeoCoordinates","latitude":"47.264176340396226","longitude":"11.380109057672346"},"telephone":["+43 699 19083372"],"openingHoursSpecification":[{"@type":"OpeningHoursSpecification","dayOfWeek":["Monday","Wednesday","Friday"],"opens":"14:00","closes":"18:00"},{"@type":"OpeningHoursSpecification","dayOfWeek":["Tuesday","Thursday","Saturday","Sunday"],"opens":"00:00","closes":"00:00"}],"email":"office@bolting.eu","vatID":"ATU59999728","priceRange":"$$","currenciesAccepted":"Euro"},{"@type":"PostalAddress","@id":"https:\/\/bolting.eu\/en\/shop\/kop-de-gas-micro-sharks-sawed-off-angle-pitons\/#local-main-place-address","streetAddress":"Fischnalerstra\u00dfe 4","addressLocality":"Innsbruck","postalCode":"6020","addressRegion":"Tirol","addressCountry":"AT"},{"@type":"ImageObject","inLanguage":"en-US","@id":"https:\/\/bolting.eu\/en\/shop\/kop-de-gas-micro-sharks-sawed-off-angle-pitons\/#local-main-organization-logo","url":"https:\/\/bolting.eu\/wp-content\/uploads\/2019\/09\/bolting-logo.png","contentUrl":"https:\/\/bolting.eu\/wp-content\/uploads\/2019\/09\/bolting-logo.png","width":400,"height":211,"caption":"bolting.eu"}]},"og_availability":"instock","product_availability":"instock","product_condition":"new","geo.placename":"Innsbruck","geo.position":{"lat":"47.264176340396226","long":"11.380109057672346"},"geo.region":"Austria"},"_links":{"self":[{"href":"https:\/\/bolting.eu\/en\/wp-json\/wp\/v2\/product\/19810","targetHints":{"allow":["GET"]}}],"collection":[{"href":"https:\/\/bolting.eu\/en\/wp-json\/wp\/v2\/product"}],"about":[{"href":"https:\/\/bolting.eu\/en\/wp-json\/wp\/v2\/types\/product"}],"replies":[{"embeddable":true,"href":"https:\/\/bolting.eu\/en\/wp-json\/wp\/v2\/comments?post=19810"}],"wp:featuredmedia":[{"embeddable":true,"href":"https:\/\/bolting.eu\/en\/wp-json\/wp\/v2\/media\/19847"}],"wp:attachment":[{"href":"https:\/\/bolting.eu\/en\/wp-json\/wp\/v2\/media?parent=19810"}],"wp:term":[{"taxonomy":"product_brand","embeddable":true,"href":"https:\/\/bolting.eu\/en\/wp-json\/wp\/v2\/product_brand?post=19810"},{"taxonomy":"product_cat","embeddable":true,"href":"https:\/\/bolting.eu\/en\/wp-json\/wp\/v2\/product_cat?post=19810"},{"taxonomy":"product_tag","embeddable":true,"href":"https:\/\/bolting.eu\/en\/wp-json\/wp\/v2\/product_tag?post=19810"}],"curies":[{"name":"wp","href":"https:\/\/api.w.org\/{rel}","templated":true}]}}