{"id":19755,"date":"2024-05-27T12:07:17","date_gmt":"2024-05-27T10:07:17","guid":{"rendered":"https:\/\/bolting.eu\/?post_type=product&#038;p=19755"},"modified":"2026-03-09T17:48:06","modified_gmt":"2026-03-09T16:48:06","slug":"kop-de-gas-lead-heads-smasher","status":"publish","type":"product","link":"https:\/\/bolting.eu\/en\/shop\/kop-de-gas-lead-heads-smasher\/","title":{"rendered":"Kop de Gas Lead Heads Smasher"},"content":{"rendered":"<p>Dieser Smasher von Kop de Gas ist f\u00fcr <a href=\"https:\/\/bolting.eu\/produkt-kategorie\/big-wall-ausruestung\/copperheads\/\">Copperheads<\/a> und <a href=\"https:\/\/bolting.eu\/shop\/lead-heads-kop-de-gas\/\">Lead Heads<\/a> gedacht. Er hilft dabei, die Metallk\u00f6pfe fest in den Fels zu schlagen.<\/p>\n<p>Dieser kleine &#8220;Mei\u00dfel&#8221; ist speziell f\u00fcr\u00b4s Klettern gemacht. D.h. er hat einen Gummi\u00fcberzug und eine passende Handschlaufe.<\/p>\n<p>Zudem ist sein Gewicht sehr reduziert. Die harte Stahl Legierung vertr\u00e4gt tausende Schl\u00e4ge eines schweren <a href=\"https:\/\/bolting.eu\/shop\/yosemite-hammer-black-diamond-felshammer\/\">Big Wall Hammers<\/a>.<\/p>\n<p>Somit ist er ein unverzichtbares Zubeh\u00f6r beim Techno Klettern. Denn ohne dieses, lassen sich diese Placements gar nicht richtig anbringen.<\/p>\n<h2>Eigenschaften Lead Heads Smasher<\/h2>\n<ul>\n<li>Hersteller: <a href=\"https:\/\/bolting.eu\/produkt-kategorie\/kop-de-gas\/\">Kop de Gas<\/a><\/li>\n<li>Material: harte Stahl Legierung &#8211; vertr\u00e4gt tausende Schl\u00e4ge<\/li>\n<li>Gummi\u00fcberzug f\u00fcr besseren Halt &amp; Sto\u00dfd\u00e4mpfung<\/li>\n<li>Handschlaufe als Absturzsicherung<\/li>\n<li>Dimension: 14cm lang &#8211; Durchmesser 1cm<\/li>\n<li>abgerundete Spitze um Drahtseilschlaufen des Placements nicht zu besch\u00e4digen<\/li>\n<li>zum Festschlagen von Copperheads und Lead Heads<\/li>\n<li>Big Wall Hammer wie <a href=\"https:\/\/bolting.eu\/shop\/holster-edelrid-hudson\/\">Edelrid Hudson<\/a> oder <a href=\"https:\/\/bolting.eu\/shop\/big-wall-hammer-kong-eagle\/\">Kong Ealgle <\/a>empfohlen<\/li>\n<\/ul>\n<h3>Verwendung Mei\u00dfel f\u00fcr Copperheads<\/h3>\n<p>Das folgende Video sollte f\u00fcr euch keinerlei Fragen zum Thema Smasher offen lassen.<\/p>\n<p><iframe loading=\"lazy\" title=\"How To Place Copperheads - Aid Climbing Skills\" width=\"1020\" height=\"574\" src=\"https:\/\/www.youtube.com\/embed\/nKq7TRYwz9U?feature=oembed\" frameborder=\"0\" allow=\"accelerometer; autoplay; clipboard-write; encrypted-media; gyroscope; picture-in-picture; web-share\" referrerpolicy=\"strict-origin-when-cross-origin\" allowfullscreen><\/iframe><\/p>\n<p>&nbsp;<\/p>\n","protected":false},"excerpt":{"rendered":"<p>&#8220;Smasher&#8221; zum Einschlagen von Copperheads und Lead Heads in den Fels.<\/p>\n<p>Ohne diesen &#8220;Mei\u00dfel&#8221; lassen sich diese Placements nicht anbringen. Ein &#8220;must have&#8221; f\u00fcr jeden TechnoKletterer.<\/p>\n<p>Versandkostenfrei bis 2kg in <img decoding=\"async\" class=\"emoji\" role=\"img\" draggable=\"false\" src=\"https:\/\/s.w.org\/images\/core\/emoji\/14.0.0\/svg\/1f1e6-1f1f9.svg\" alt=\"\ud83c\udde6\ud83c\uddf9\" \/> ab \u20ac 100,- und <img decoding=\"async\" class=\"emoji\" role=\"img\" draggable=\"false\" src=\"https:\/\/s.w.org\/images\/core\/emoji\/14.0.0\/svg\/1f1e9-1f1ea.svg\" alt=\"\ud83c\udde9\ud83c\uddea\" \/> ab \u20ac 200,-!<\/p>\n","protected":false},"featured_media":19816,"comment_status":"closed","ping_status":"closed","template":"","meta":[],"product_brand":[],"product_cat":[31,4659,14530],"product_tag":[],"class_list":{"0":"post-19755","1":"product","2":"type-product","3":"status-publish","4":"has-post-thumbnail","6":"product_cat-big-wall-ausruestung","7":"product_cat-kop-de-gas","8":"product_cat-copperheads","10":"first","11":"instock","12":"taxable","13":"shipping-taxable","14":"purchasable","15":"product-type-simple"},"yoast_head":"<!-- This site is optimized with the Yoast SEO Premium plugin v26.9 (Yoast SEO v26.9) - https:\/\/yoast.com\/product\/yoast-seo-premium-wordpress\/ -->\n<title>Kop de Gas Lead Heads Smasher - Mei\u00dfel f\u00fcr Copperheads | bolting.eu<\/title>\n<meta name=\"description\" content=\"Kop de Gas Lead Heads Smasher beim Kletter Hardwareprofi kaufen \u2705 Trusted Shop \u2705 versandkostenfrei* \u2705 14 Tage R\u00fcckgaberecht \u2705 Co2 neutraler Versand\" \/>\n<meta name=\"robots\" content=\"index, follow, max-snippet:-1, max-image-preview:large, max-video-preview:-1\" \/>\n<link rel=\"canonical\" href=\"https:\/\/bolting.eu\/en\/shop\/kop-de-gas-lead-heads-smasher\/\" \/>\n<meta property=\"og:locale\" content=\"en_US\" \/>\n<meta property=\"og:type\" content=\"article\" \/>\n<meta property=\"og:title\" content=\"Kop de Gas Lead Heads Smasher\" \/>\n<meta property=\"og:description\" content=\"Kop de Gas Lead Heads Smasher beim Kletter Hardwareprofi kaufen \u2705 Trusted Shop \u2705 versandkostenfrei* \u2705 14 Tage R\u00fcckgaberecht \u2705 Co2 neutraler Versand\" \/>\n<meta property=\"og:url\" content=\"https:\/\/bolting.eu\/en\/shop\/kop-de-gas-lead-heads-smasher\/\" \/>\n<meta property=\"og:site_name\" content=\"bolting.eu\" \/>\n<meta property=\"article:publisher\" content=\"https:\/\/www.facebook.com\/bolting.eu\" \/>\n<meta property=\"article:modified_time\" content=\"2026-03-09T16:48:06+00:00\" \/>\n<meta property=\"og:image\" content=\"https:\/\/bolting.eu\/wp-content\/uploads\/2024\/05\/Kop-de-Gas-Lead-head-smasher-1.jpg\" \/>\n\t<meta property=\"og:image:width\" content=\"700\" \/>\n\t<meta property=\"og:image:height\" content=\"700\" \/>\n\t<meta property=\"og:image:type\" content=\"image\/jpeg\" \/>\n<meta name=\"twitter:card\" content=\"summary_large_image\" \/>\n<meta name=\"twitter:label1\" content=\"Price\" \/>\n\t<meta name=\"twitter:data1\" content=\"&euro;&nbsp;19,90\" \/>\n\t<meta name=\"twitter:label2\" content=\"Availability\" \/>\n\t<meta name=\"twitter:data2\" content=\"In stock\" \/>\n<script type=\"application\/ld+json\" class=\"yoast-schema-graph\">{\"@context\":\"https:\/\/schema.org\",\"@graph\":[{\"@type\":[\"WebPage\",\"ItemPage\"],\"@id\":\"https:\/\/bolting.eu\/en\/shop\/kop-de-gas-lead-heads-smasher\/\",\"url\":\"https:\/\/bolting.eu\/en\/shop\/kop-de-gas-lead-heads-smasher\/\",\"name\":\"Kop de Gas Lead Heads Smasher - Mei\u00dfel f\u00fcr Copperheads | bolting.eu\",\"isPartOf\":{\"@id\":\"https:\/\/bolting.eu\/en\/#website\"},\"primaryImageOfPage\":{\"@id\":\"https:\/\/bolting.eu\/en\/shop\/kop-de-gas-lead-heads-smasher\/#primaryimage\"},\"image\":{\"@id\":\"https:\/\/bolting.eu\/en\/shop\/kop-de-gas-lead-heads-smasher\/#primaryimage\"},\"thumbnailUrl\":\"https:\/\/bolting.eu\/wp-content\/uploads\/2024\/05\/Kop-de-Gas-Lead-head-smasher-1.jpg\",\"datePublished\":\"2024-05-27T10:07:17+00:00\",\"dateModified\":\"2026-03-09T16:48:06+00:00\",\"description\":\"Kop de Gas Lead Heads Smasher beim Kletter Hardwareprofi kaufen \u2705 Trusted Shop \u2705 versandkostenfrei* \u2705 14 Tage R\u00fcckgaberecht \u2705 Co2 neutraler Versand\",\"breadcrumb\":{\"@id\":\"https:\/\/bolting.eu\/en\/shop\/kop-de-gas-lead-heads-smasher\/#breadcrumb\"},\"inLanguage\":\"en-US\",\"potentialAction\":[{\"@type\":\"ReadAction\",\"target\":[\"https:\/\/bolting.eu\/en\/shop\/kop-de-gas-lead-heads-smasher\/\"]}]},{\"@type\":\"ImageObject\",\"inLanguage\":\"en-US\",\"@id\":\"https:\/\/bolting.eu\/en\/shop\/kop-de-gas-lead-heads-smasher\/#primaryimage\",\"url\":\"https:\/\/bolting.eu\/wp-content\/uploads\/2024\/05\/Kop-de-Gas-Lead-head-smasher-1.jpg\",\"contentUrl\":\"https:\/\/bolting.eu\/wp-content\/uploads\/2024\/05\/Kop-de-Gas-Lead-head-smasher-1.jpg\",\"width\":700,\"height\":700,\"caption\":\"Schwarz roter Kop de Gas Lead Head Smasher mit buntem bolting.eu Logo.\"},{\"@type\":\"BreadcrumbList\",\"@id\":\"https:\/\/bolting.eu\/en\/shop\/kop-de-gas-lead-heads-smasher\/#breadcrumb\",\"itemListElement\":[{\"@type\":\"ListItem\",\"position\":1,\"name\":\"Shop\",\"item\":\"https:\/\/bolting.eu\/en\/shop\/\"},{\"@type\":\"ListItem\",\"position\":2,\"name\":\"Big Wall gear\",\"item\":\"https:\/\/bolting.eu\/en\/produkt-kategorie\/big-wall-gear\/\"},{\"@type\":\"ListItem\",\"position\":3,\"name\":\"Copperheads\",\"item\":\"https:\/\/bolting.eu\/produkt-kategorie\/big-wall-ausruestung\/copperheads\/\"},{\"@type\":\"ListItem\",\"position\":4,\"name\":\"Kop de Gas Lead Heads Smasher\"}]},{\"@type\":\"WebSite\",\"@id\":\"https:\/\/bolting.eu\/en\/#website\",\"url\":\"https:\/\/bolting.eu\/en\/\",\"name\":\"bolting.eu\",\"description\":\"we make climbs happen\",\"publisher\":{\"@id\":\"https:\/\/bolting.eu\/en\/#organization\"},\"potentialAction\":[{\"@type\":\"SearchAction\",\"target\":{\"@type\":\"EntryPoint\",\"urlTemplate\":\"https:\/\/bolting.eu\/en\/?s={search_term_string}\"},\"query-input\":{\"@type\":\"PropertyValueSpecification\",\"valueRequired\":true,\"valueName\":\"search_term_string\"}}],\"inLanguage\":\"en-US\"},{\"@type\":[\"Organization\",\"Place\",\"SportingGoodsStore\"],\"@id\":\"https:\/\/bolting.eu\/en\/#organization\",\"name\":\"bolting.eu\",\"url\":\"https:\/\/bolting.eu\/en\/\",\"logo\":{\"@id\":\"https:\/\/bolting.eu\/en\/shop\/kop-de-gas-lead-heads-smasher\/#local-main-organization-logo\"},\"image\":{\"@id\":\"https:\/\/bolting.eu\/en\/shop\/kop-de-gas-lead-heads-smasher\/#local-main-organization-logo\"},\"sameAs\":[\"https:\/\/www.facebook.com\/bolting.eu\",\"https:\/\/www.instagram.com\/bolting.eu\/\"],\"address\":{\"@id\":\"https:\/\/bolting.eu\/en\/shop\/kop-de-gas-lead-heads-smasher\/#local-main-place-address\"},\"geo\":{\"@type\":\"GeoCoordinates\",\"latitude\":\"47.264176340396226\",\"longitude\":\"11.380109057672346\"},\"telephone\":[\"+43 699 19083372\"],\"openingHoursSpecification\":[{\"@type\":\"OpeningHoursSpecification\",\"dayOfWeek\":[\"Monday\",\"Wednesday\",\"Friday\"],\"opens\":\"14:00\",\"closes\":\"18:00\"},{\"@type\":\"OpeningHoursSpecification\",\"dayOfWeek\":[\"Tuesday\",\"Thursday\",\"Saturday\",\"Sunday\"],\"opens\":\"00:00\",\"closes\":\"00:00\"}],\"email\":\"office@bolting.eu\",\"vatID\":\"ATU59999728\",\"priceRange\":\"$$\",\"currenciesAccepted\":\"Euro\"},{\"@type\":\"PostalAddress\",\"@id\":\"https:\/\/bolting.eu\/en\/shop\/kop-de-gas-lead-heads-smasher\/#local-main-place-address\",\"streetAddress\":\"Fischnalerstra\u00dfe 4\",\"addressLocality\":\"Innsbruck\",\"postalCode\":\"6020\",\"addressRegion\":\"Tirol\",\"addressCountry\":\"AT\"},{\"@type\":\"ImageObject\",\"inLanguage\":\"en-US\",\"@id\":\"https:\/\/bolting.eu\/en\/shop\/kop-de-gas-lead-heads-smasher\/#local-main-organization-logo\",\"url\":\"https:\/\/bolting.eu\/wp-content\/uploads\/2019\/09\/bolting-logo.png\",\"contentUrl\":\"https:\/\/bolting.eu\/wp-content\/uploads\/2019\/09\/bolting-logo.png\",\"width\":400,\"height\":211,\"caption\":\"bolting.eu\"}]}<\/script>\n<meta property=\"og:video\" content=\"https:\/\/www.youtube.com\/embed\/nKq7TRYwz9U\" \/>\n<meta property=\"og:video:type\" content=\"text\/html\" \/>\n<meta property=\"og:video:duration\" content=\"355\" \/>\n<meta property=\"og:video:width\" content=\"480\" \/>\n<meta property=\"og:video:height\" content=\"270\" \/>\n<meta property=\"ya:ovs:adult\" content=\"false\" \/>\n<meta property=\"ya:ovs:upload_date\" content=\"2024-05-27T10:07:17+00:00\" \/>\n<meta property=\"ya:ovs:allow_embed\" content=\"true\" \/>\n<meta property=\"product:price:amount\" content=\"19.90\" \/>\n<meta property=\"product:price:currency\" content=\"EUR\" \/>\n<meta property=\"og:availability\" content=\"instock\" \/>\n<meta property=\"product:availability\" content=\"instock\" \/>\n<meta property=\"product:retailer_item_id\" content=\"kdg_R331\" \/>\n<meta property=\"product:condition\" content=\"new\" \/>\n<meta name=\"geo.placename\" content=\"Innsbruck\" \/>\n<meta name=\"geo.position\" content=\"47.264176340396226;11.380109057672346\" \/>\n<meta name=\"geo.region\" content=\"Austria\" \/>\n<!-- \/ Yoast SEO Premium plugin. -->","yoast_head_json":{"title":"Kop de Gas Lead Heads Smasher - Mei\u00dfel f\u00fcr Copperheads | bolting.eu","description":"Kop de Gas Lead Heads Smasher beim Kletter Hardwareprofi kaufen \u2705 Trusted Shop \u2705 versandkostenfrei* \u2705 14 Tage R\u00fcckgaberecht \u2705 Co2 neutraler Versand","robots":{"index":"index","follow":"follow","max-snippet":"max-snippet:-1","max-image-preview":"max-image-preview:large","max-video-preview":"max-video-preview:-1"},"canonical":"https:\/\/bolting.eu\/en\/shop\/kop-de-gas-lead-heads-smasher\/","og_locale":"en_US","og_type":"article","og_title":"Kop de Gas Lead Heads Smasher","og_description":"Kop de Gas Lead Heads Smasher beim Kletter Hardwareprofi kaufen \u2705 Trusted Shop \u2705 versandkostenfrei* \u2705 14 Tage R\u00fcckgaberecht \u2705 Co2 neutraler Versand","og_url":"https:\/\/bolting.eu\/en\/shop\/kop-de-gas-lead-heads-smasher\/","og_site_name":"bolting.eu","article_publisher":"https:\/\/www.facebook.com\/bolting.eu","article_modified_time":"2026-03-09T16:48:06+00:00","og_image":[{"width":700,"height":700,"url":"https:\/\/bolting.eu\/wp-content\/uploads\/2024\/05\/Kop-de-Gas-Lead-head-smasher-1.jpg","type":"image\/jpeg"}],"twitter_card":"summary_large_image","twitter_misc":{"Price":"&euro;&nbsp;19,90","Availability":"In stock"},"schema":{"@context":"https:\/\/schema.org","@graph":[{"@type":["WebPage","ItemPage"],"@id":"https:\/\/bolting.eu\/en\/shop\/kop-de-gas-lead-heads-smasher\/","url":"https:\/\/bolting.eu\/en\/shop\/kop-de-gas-lead-heads-smasher\/","name":"Kop de Gas Lead Heads Smasher - Mei\u00dfel f\u00fcr Copperheads | bolting.eu","isPartOf":{"@id":"https:\/\/bolting.eu\/en\/#website"},"primaryImageOfPage":{"@id":"https:\/\/bolting.eu\/en\/shop\/kop-de-gas-lead-heads-smasher\/#primaryimage"},"image":{"@id":"https:\/\/bolting.eu\/en\/shop\/kop-de-gas-lead-heads-smasher\/#primaryimage"},"thumbnailUrl":"https:\/\/bolting.eu\/wp-content\/uploads\/2024\/05\/Kop-de-Gas-Lead-head-smasher-1.jpg","datePublished":"2024-05-27T10:07:17+00:00","dateModified":"2026-03-09T16:48:06+00:00","description":"Kop de Gas Lead Heads Smasher beim Kletter Hardwareprofi kaufen \u2705 Trusted Shop \u2705 versandkostenfrei* \u2705 14 Tage R\u00fcckgaberecht \u2705 Co2 neutraler Versand","breadcrumb":{"@id":"https:\/\/bolting.eu\/en\/shop\/kop-de-gas-lead-heads-smasher\/#breadcrumb"},"inLanguage":"en-US","potentialAction":[{"@type":"ReadAction","target":["https:\/\/bolting.eu\/en\/shop\/kop-de-gas-lead-heads-smasher\/"]}]},{"@type":"ImageObject","inLanguage":"en-US","@id":"https:\/\/bolting.eu\/en\/shop\/kop-de-gas-lead-heads-smasher\/#primaryimage","url":"https:\/\/bolting.eu\/wp-content\/uploads\/2024\/05\/Kop-de-Gas-Lead-head-smasher-1.jpg","contentUrl":"https:\/\/bolting.eu\/wp-content\/uploads\/2024\/05\/Kop-de-Gas-Lead-head-smasher-1.jpg","width":700,"height":700,"caption":"Schwarz roter Kop de Gas Lead Head Smasher mit buntem bolting.eu Logo."},{"@type":"BreadcrumbList","@id":"https:\/\/bolting.eu\/en\/shop\/kop-de-gas-lead-heads-smasher\/#breadcrumb","itemListElement":[{"@type":"ListItem","position":1,"name":"Shop","item":"https:\/\/bolting.eu\/en\/shop\/"},{"@type":"ListItem","position":2,"name":"Big Wall gear","item":"https:\/\/bolting.eu\/en\/produkt-kategorie\/big-wall-gear\/"},{"@type":"ListItem","position":3,"name":"Copperheads","item":"https:\/\/bolting.eu\/produkt-kategorie\/big-wall-ausruestung\/copperheads\/"},{"@type":"ListItem","position":4,"name":"Kop de Gas Lead Heads Smasher"}]},{"@type":"WebSite","@id":"https:\/\/bolting.eu\/en\/#website","url":"https:\/\/bolting.eu\/en\/","name":"bolting.eu","description":"we make climbs happen","publisher":{"@id":"https:\/\/bolting.eu\/en\/#organization"},"potentialAction":[{"@type":"SearchAction","target":{"@type":"EntryPoint","urlTemplate":"https:\/\/bolting.eu\/en\/?s={search_term_string}"},"query-input":{"@type":"PropertyValueSpecification","valueRequired":true,"valueName":"search_term_string"}}],"inLanguage":"en-US"},{"@type":["Organization","Place","SportingGoodsStore"],"@id":"https:\/\/bolting.eu\/en\/#organization","name":"bolting.eu","url":"https:\/\/bolting.eu\/en\/","logo":{"@id":"https:\/\/bolting.eu\/en\/shop\/kop-de-gas-lead-heads-smasher\/#local-main-organization-logo"},"image":{"@id":"https:\/\/bolting.eu\/en\/shop\/kop-de-gas-lead-heads-smasher\/#local-main-organization-logo"},"sameAs":["https:\/\/www.facebook.com\/bolting.eu","https:\/\/www.instagram.com\/bolting.eu\/"],"address":{"@id":"https:\/\/bolting.eu\/en\/shop\/kop-de-gas-lead-heads-smasher\/#local-main-place-address"},"geo":{"@type":"GeoCoordinates","latitude":"47.264176340396226","longitude":"11.380109057672346"},"telephone":["+43 699 19083372"],"openingHoursSpecification":[{"@type":"OpeningHoursSpecification","dayOfWeek":["Monday","Wednesday","Friday"],"opens":"14:00","closes":"18:00"},{"@type":"OpeningHoursSpecification","dayOfWeek":["Tuesday","Thursday","Saturday","Sunday"],"opens":"00:00","closes":"00:00"}],"email":"office@bolting.eu","vatID":"ATU59999728","priceRange":"$$","currenciesAccepted":"Euro"},{"@type":"PostalAddress","@id":"https:\/\/bolting.eu\/en\/shop\/kop-de-gas-lead-heads-smasher\/#local-main-place-address","streetAddress":"Fischnalerstra\u00dfe 4","addressLocality":"Innsbruck","postalCode":"6020","addressRegion":"Tirol","addressCountry":"AT"},{"@type":"ImageObject","inLanguage":"en-US","@id":"https:\/\/bolting.eu\/en\/shop\/kop-de-gas-lead-heads-smasher\/#local-main-organization-logo","url":"https:\/\/bolting.eu\/wp-content\/uploads\/2019\/09\/bolting-logo.png","contentUrl":"https:\/\/bolting.eu\/wp-content\/uploads\/2019\/09\/bolting-logo.png","width":400,"height":211,"caption":"bolting.eu"}]},"og_video":"https:\/\/www.youtube.com\/embed\/nKq7TRYwz9U","og_video_type":"text\/html","og_video_duration":"355","og_video_width":"480","og_video_height":"270","ya_ovs_adult":"false","ya_ovs_upload_date":"2024-05-27T10:07:17+00:00","ya_ovs_allow_embed":"true","product_price_amount":"19.90","product_price_currency":"EUR","og_availability":"instock","product_availability":"instock","product_retailer_item_id":"kdg_R331","product_condition":"new","geo.placename":"Innsbruck","geo.position":{"lat":"47.264176340396226","long":"11.380109057672346"},"geo.region":"Austria"},"_links":{"self":[{"href":"https:\/\/bolting.eu\/en\/wp-json\/wp\/v2\/product\/19755","targetHints":{"allow":["GET"]}}],"collection":[{"href":"https:\/\/bolting.eu\/en\/wp-json\/wp\/v2\/product"}],"about":[{"href":"https:\/\/bolting.eu\/en\/wp-json\/wp\/v2\/types\/product"}],"replies":[{"embeddable":true,"href":"https:\/\/bolting.eu\/en\/wp-json\/wp\/v2\/comments?post=19755"}],"wp:featuredmedia":[{"embeddable":true,"href":"https:\/\/bolting.eu\/en\/wp-json\/wp\/v2\/media\/19816"}],"wp:attachment":[{"href":"https:\/\/bolting.eu\/en\/wp-json\/wp\/v2\/media?parent=19755"}],"wp:term":[{"taxonomy":"product_brand","embeddable":true,"href":"https:\/\/bolting.eu\/en\/wp-json\/wp\/v2\/product_brand?post=19755"},{"taxonomy":"product_cat","embeddable":true,"href":"https:\/\/bolting.eu\/en\/wp-json\/wp\/v2\/product_cat?post=19755"},{"taxonomy":"product_tag","embeddable":true,"href":"https:\/\/bolting.eu\/en\/wp-json\/wp\/v2\/product_tag?post=19755"}],"curies":[{"name":"wp","href":"https:\/\/api.w.org\/{rel}","templated":true}]}}