{"id":19729,"date":"2024-05-27T14:13:30","date_gmt":"2024-05-27T12:13:30","guid":{"rendered":"https:\/\/bolting.eu\/?post_type=product&#038;p=19729"},"modified":"2026-03-19T11:31:26","modified_gmt":"2026-03-19T10:31:26","slug":"kop-de-gas-super-beaks","status":"publish","type":"product","link":"https:\/\/bolting.eu\/en\/shop\/kop-de-gas-super-beaks\/","title":{"rendered":"Kop de Gas Super Beaks"},"content":{"rendered":"<p>Die Super Beaks von Kop de Gas sind spezielle Felshaken.<\/p>\n<p>Denn sie k\u00f6nnen einerseits wie gro\u00dfe &#8220;Pecker&#8221; verwendet werden. D.h. man schl\u00e4gt sie mit dem Felshammer in schmalste Risse.<\/p>\n<p>Und andererseits k\u00f6nnt ihr sie als &#8220;Hooks&#8221; verwenden. Dann werden sie einfach in bereits &#8220;ausgeschlagene&#8221; Schlitze gesteckt.<\/p>\n<p>Wo kein <a href=\"https:\/\/bolting.eu\/shop\/dmm-dragonfly-micro-friend\/\">Micro Friend<\/a> oder Mini <a href=\"https:\/\/bolting.eu\/produkt-kategorie\/klemmkeile\/\">Klemmkeil<\/a> gesetzt werden k\u00f6nnen, findet dieser Haken Halt.<\/p>\n<p>Dieses Produkt ist also etwas f\u00fcr diese Zielgruppen.<\/p>\n<p>Erstens Techno Kletterer. Zweitens Big Wall Ratten. Und drittens Erschlie\u00dfer, die sich schnell mal fixieren wollen.<\/p>\n<h3>Eigenschaften Super Beak<\/h3>\n<ul>\n<li>Hersteller: <a href=\"https:\/\/bolting.eu\/produkt-kategorie\/kop-de-gas\/\">Kop de Gas<\/a><\/li>\n<li>Material: harte Stahl Legierung &#8211; kann oft verwendet werden<\/li>\n<li>ideal f\u00fcr alle Gesteinsarten<\/li>\n<li>&#8220;Pecker&#8221; gedacht zum Techno Klettern &#8211; h\u00e4lt nur K\u00f6rpergewicht<\/li>\n<li>passt perfekt in schmalste Risse = &#8220;seams&#8221;<\/li>\n<li>&#8220;scharfe&#8221; Spitze zum \u201eEinf\u00e4deln\u201c<\/li>\n<li>3mm dicker Schaft<\/li>\n<li>L\u00e4nge der &#8220;Spitzen&#8221;: 4 cm und 6 cm<\/li>\n<li>L\u00e4nge des Schaftes: je 13cm<\/li>\n<li>Gewicht: 57 Gramm und 60 Gramm<\/li>\n<li>Norm: keine<\/li>\n<li>\u00d6se f\u00fcr einen <a href=\"https:\/\/bolting.eu\/produkt-kategorie\/kletterausruestung\/kletterkarabiner\/\">Karabiner<\/a><\/li>\n<li>alternativ kann man Schlauchband oder <a href=\"https:\/\/bolting.eu\/produkt-kategorie\/kletterausruestung\/reepschnur\/kevlar-reepschnur\/\">Aramid Reepschnur<\/a> fix anbringen<\/li>\n<\/ul>\n<h3>Video zur Verwendung<\/h3>\n<p>Das folgende Video ist das beste zu diesem Ausr\u00fcstungsteil. Es zeigt euch, wie ihr sie richtig verwendet.<\/p>\n<p><iframe loading=\"lazy\" title=\"How To Place Beaks - Aid Climbing Skills\" width=\"1020\" height=\"574\" src=\"https:\/\/www.youtube.com\/embed\/aRMRW0GfP1Y?feature=oembed\" frameborder=\"0\" allow=\"accelerometer; autoplay; clipboard-write; encrypted-media; gyroscope; picture-in-picture; web-share\" referrerpolicy=\"strict-origin-when-cross-origin\" allowfullscreen><\/iframe><\/p>\n<h3>\u00a0Weitere Alternativen<\/h3>\n<p>Auch wenn die Super Beaks recht klein und schmal sind. Sie sind f\u00fcr extrem seichte &#8220;seams&#8221; manchmal nicht geeignet. Da braucht es noch &#8220;k\u00fcrzere&#8221; Pecker.<\/p>\n<p>Deshalb wollen wir hier auf passende Alternativen hinweisen.<\/p>\n<p>Die k\u00fcrzesten Felshaken sind die Rurps. Sie stecken gerade mal 1-2cm im Fels.<\/p>\n<p>Dann haben wir sehr kleine <a href=\"https:\/\/bolting.eu\/shop\/black-diamond-pecker\/\">Pecker<\/a> im Programm. Die Beaks Vertical von Kop de Gas. Sie gehen 2cm bzw. 3 cm hinein.<\/p>\n<p>Eine Sonderform ist der Beak horizontal, f\u00fcr waagrechte Risse. Er hat eine Schaftl\u00e4nge von 3cm.<\/p>\n<p>Wenn auch das zu gro\u00df ist, helfen nur mehr <a href=\"https:\/\/bolting.eu\/produkt-kategorie\/big-wall-ausruestung\/copperheads\/\">Copperheads<\/a>!<\/p>\n","protected":false},"excerpt":{"rendered":"<p>Beaks mit etwas l\u00e4ngeren Sch\u00e4ften f\u00fcr tiefere &#8220;seams&#8221;. Erh\u00e4ltlich mit 4cm und 6cm langen Sch\u00e4ften. K\u00f6nnen auch als &#8220;Hooks&#8221; verwendet werden.<\/p>\n<p>Ideal f\u00fcr Techno Routen und Big Walls.<\/p>\n<p>Versandkostenfrei bis 2kg in <img decoding=\"async\" class=\"emoji\" role=\"img\" draggable=\"false\" src=\"https:\/\/s.w.org\/images\/core\/emoji\/14.0.0\/svg\/1f1e6-1f1f9.svg\" alt=\"\ud83c\udde6\ud83c\uddf9\" \/> ab \u20ac 100,- und <img decoding=\"async\" class=\"emoji\" role=\"img\" draggable=\"false\" src=\"https:\/\/s.w.org\/images\/core\/emoji\/14.0.0\/svg\/1f1e9-1f1ea.svg\" alt=\"\ud83c\udde9\ud83c\uddea\" \/> ab \u20ac 200,-!<\/p>\n","protected":false},"featured_media":19824,"comment_status":"closed","ping_status":"closed","template":"","meta":[],"product_brand":[],"product_cat":[31,37,1210,4659,14099],"product_tag":[],"class_list":{"0":"post-19729","1":"product","2":"type-product","3":"status-publish","4":"has-post-thumbnail","6":"product_cat-big-wall-ausruestung","7":"product_cat-felshaken-normalhaken","8":"product_cat-einbohrartikel","9":"product_cat-kop-de-gas","10":"product_cat-skyhook-klettern","12":"first","13":"instock","14":"taxable","15":"shipping-taxable","16":"purchasable","17":"product-type-variable"},"yoast_head":"<!-- This site is optimized with the Yoast SEO Premium plugin v26.9 (Yoast SEO v26.9) - https:\/\/yoast.com\/product\/yoast-seo-premium-wordpress\/ -->\n<title>Kop de Gas Super Beaks - Felshaken &amp; Hook | bolting.eu<\/title>\n<meta name=\"description\" content=\"Kop de Gas Super Beak Felshaken beim Kletter Hardwareprofi kaufen \u2705 Trusted Shop \u2705 versandkostenfrei* \u2705 14 Tage R\u00fcckgaberecht \u2705 Co2 neutraler Versand\" \/>\n<meta name=\"robots\" content=\"index, follow, max-snippet:-1, max-image-preview:large, max-video-preview:-1\" \/>\n<link rel=\"canonical\" href=\"https:\/\/bolting.eu\/en\/shop\/kop-de-gas-super-beaks\/\" \/>\n<meta property=\"og:locale\" content=\"en_US\" \/>\n<meta property=\"og:type\" content=\"article\" \/>\n<meta property=\"og:title\" content=\"Kop de Gas Super Beaks\" \/>\n<meta property=\"og:description\" content=\"Kop de Gas Super Beak Felshaken beim Kletter Hardwareprofi kaufen \u2705 Trusted Shop \u2705 versandkostenfrei* \u2705 14 Tage R\u00fcckgaberecht \u2705 Co2 neutraler Versand\" \/>\n<meta property=\"og:url\" content=\"https:\/\/bolting.eu\/en\/shop\/kop-de-gas-super-beaks\/\" \/>\n<meta property=\"og:site_name\" content=\"bolting.eu\" \/>\n<meta property=\"article:publisher\" content=\"https:\/\/www.facebook.com\/bolting.eu\" \/>\n<meta property=\"article:modified_time\" content=\"2026-03-19T10:31:26+00:00\" \/>\n<meta property=\"og:image\" content=\"https:\/\/bolting.eu\/wp-content\/uploads\/2024\/05\/Kop-de-gas-Super-Beak-1.jpg\" \/>\n\t<meta property=\"og:image:width\" content=\"700\" \/>\n\t<meta property=\"og:image:height\" content=\"700\" \/>\n\t<meta property=\"og:image:type\" content=\"image\/jpeg\" \/>\n<meta name=\"twitter:card\" content=\"summary_large_image\" \/>\n<meta name=\"twitter:label1\" content=\"Availability\" \/>\n\t<meta name=\"twitter:data1\" content=\"In stock\" \/>\n<script type=\"application\/ld+json\" class=\"yoast-schema-graph\">{\"@context\":\"https:\/\/schema.org\",\"@graph\":[{\"@type\":[\"WebPage\",\"ItemPage\"],\"@id\":\"https:\/\/bolting.eu\/en\/shop\/kop-de-gas-super-beaks\/\",\"url\":\"https:\/\/bolting.eu\/en\/shop\/kop-de-gas-super-beaks\/\",\"name\":\"Kop de Gas Super Beaks - Felshaken & Hook | bolting.eu\",\"isPartOf\":{\"@id\":\"https:\/\/bolting.eu\/en\/#website\"},\"primaryImageOfPage\":{\"@id\":\"https:\/\/bolting.eu\/en\/shop\/kop-de-gas-super-beaks\/#primaryimage\"},\"image\":{\"@id\":\"https:\/\/bolting.eu\/en\/shop\/kop-de-gas-super-beaks\/#primaryimage\"},\"thumbnailUrl\":\"https:\/\/bolting.eu\/wp-content\/uploads\/2024\/05\/Kop-de-gas-Super-Beak-1.jpg\",\"datePublished\":\"2024-05-27T12:13:30+00:00\",\"dateModified\":\"2026-03-19T10:31:26+00:00\",\"description\":\"Kop de Gas Super Beak Felshaken beim Kletter Hardwareprofi kaufen \u2705 Trusted Shop \u2705 versandkostenfrei* \u2705 14 Tage R\u00fcckgaberecht \u2705 Co2 neutraler Versand\",\"breadcrumb\":{\"@id\":\"https:\/\/bolting.eu\/en\/shop\/kop-de-gas-super-beaks\/#breadcrumb\"},\"inLanguage\":\"en-US\",\"potentialAction\":[{\"@type\":\"ReadAction\",\"target\":[\"https:\/\/bolting.eu\/en\/shop\/kop-de-gas-super-beaks\/\"]}]},{\"@type\":\"ImageObject\",\"inLanguage\":\"en-US\",\"@id\":\"https:\/\/bolting.eu\/en\/shop\/kop-de-gas-super-beaks\/#primaryimage\",\"url\":\"https:\/\/bolting.eu\/wp-content\/uploads\/2024\/05\/Kop-de-gas-Super-Beak-1.jpg\",\"contentUrl\":\"https:\/\/bolting.eu\/wp-content\/uploads\/2024\/05\/Kop-de-gas-Super-Beak-1.jpg\",\"width\":700,\"height\":700,\"caption\":\"Zwei rote Kop de Gas Super Beak Pecker Felshaken mit buntem bolting.eu Logo.\"},{\"@type\":\"BreadcrumbList\",\"@id\":\"https:\/\/bolting.eu\/en\/shop\/kop-de-gas-super-beaks\/#breadcrumb\",\"itemListElement\":[{\"@type\":\"ListItem\",\"position\":1,\"name\":\"Shop\",\"item\":\"https:\/\/bolting.eu\/en\/shop\/\"},{\"@type\":\"ListItem\",\"position\":2,\"name\":\"bolting products\",\"item\":\"https:\/\/bolting.eu\/en\/produkt-kategorie\/bolting-products\/\"},{\"@type\":\"ListItem\",\"position\":3,\"name\":\"piton - Normal hook\",\"item\":\"https:\/\/bolting.eu\/en\/produkt-kategorie\/piton-normal-hook\/\"},{\"@type\":\"ListItem\",\"position\":4,\"name\":\"Kop de Gas Super Beaks\"}]},{\"@type\":\"WebSite\",\"@id\":\"https:\/\/bolting.eu\/en\/#website\",\"url\":\"https:\/\/bolting.eu\/en\/\",\"name\":\"bolting.eu\",\"description\":\"we make climbs happen\",\"publisher\":{\"@id\":\"https:\/\/bolting.eu\/en\/#organization\"},\"potentialAction\":[{\"@type\":\"SearchAction\",\"target\":{\"@type\":\"EntryPoint\",\"urlTemplate\":\"https:\/\/bolting.eu\/en\/?s={search_term_string}\"},\"query-input\":{\"@type\":\"PropertyValueSpecification\",\"valueRequired\":true,\"valueName\":\"search_term_string\"}}],\"inLanguage\":\"en-US\"},{\"@type\":[\"Organization\",\"Place\",\"SportingGoodsStore\"],\"@id\":\"https:\/\/bolting.eu\/en\/#organization\",\"name\":\"bolting.eu\",\"url\":\"https:\/\/bolting.eu\/en\/\",\"logo\":{\"@id\":\"https:\/\/bolting.eu\/en\/shop\/kop-de-gas-super-beaks\/#local-main-organization-logo\"},\"image\":{\"@id\":\"https:\/\/bolting.eu\/en\/shop\/kop-de-gas-super-beaks\/#local-main-organization-logo\"},\"sameAs\":[\"https:\/\/www.facebook.com\/bolting.eu\",\"https:\/\/www.instagram.com\/bolting.eu\/\"],\"address\":{\"@id\":\"https:\/\/bolting.eu\/en\/shop\/kop-de-gas-super-beaks\/#local-main-place-address\"},\"geo\":{\"@type\":\"GeoCoordinates\",\"latitude\":\"47.264176340396226\",\"longitude\":\"11.380109057672346\"},\"telephone\":[\"+43 699 19083372\"],\"openingHoursSpecification\":[{\"@type\":\"OpeningHoursSpecification\",\"dayOfWeek\":[\"Monday\",\"Wednesday\",\"Friday\"],\"opens\":\"14:00\",\"closes\":\"18:00\"},{\"@type\":\"OpeningHoursSpecification\",\"dayOfWeek\":[\"Tuesday\",\"Thursday\",\"Saturday\",\"Sunday\"],\"opens\":\"00:00\",\"closes\":\"00:00\"}],\"email\":\"office@bolting.eu\",\"vatID\":\"ATU59999728\",\"priceRange\":\"$$\",\"currenciesAccepted\":\"Euro\"},{\"@type\":\"PostalAddress\",\"@id\":\"https:\/\/bolting.eu\/en\/shop\/kop-de-gas-super-beaks\/#local-main-place-address\",\"streetAddress\":\"Fischnalerstra\u00dfe 4\",\"addressLocality\":\"Innsbruck\",\"postalCode\":\"6020\",\"addressRegion\":\"Tirol\",\"addressCountry\":\"AT\"},{\"@type\":\"ImageObject\",\"inLanguage\":\"en-US\",\"@id\":\"https:\/\/bolting.eu\/en\/shop\/kop-de-gas-super-beaks\/#local-main-organization-logo\",\"url\":\"https:\/\/bolting.eu\/wp-content\/uploads\/2019\/09\/bolting-logo.png\",\"contentUrl\":\"https:\/\/bolting.eu\/wp-content\/uploads\/2019\/09\/bolting-logo.png\",\"width\":400,\"height\":211,\"caption\":\"bolting.eu\"}]}<\/script>\n<meta property=\"og:video\" content=\"https:\/\/www.youtube.com\/embed\/aRMRW0GfP1Y\" \/>\n<meta property=\"og:video:type\" content=\"text\/html\" \/>\n<meta property=\"og:video:duration\" content=\"454\" \/>\n<meta property=\"og:video:width\" content=\"480\" \/>\n<meta property=\"og:video:height\" content=\"270\" \/>\n<meta property=\"ya:ovs:adult\" content=\"false\" \/>\n<meta property=\"ya:ovs:upload_date\" content=\"2024-05-27T12:13:30+00:00\" \/>\n<meta property=\"ya:ovs:allow_embed\" content=\"true\" \/>\n<meta property=\"og:availability\" content=\"instock\" \/>\n<meta property=\"product:availability\" content=\"instock\" \/>\n<meta property=\"product:condition\" content=\"new\" \/>\n<meta name=\"geo.placename\" content=\"Innsbruck\" \/>\n<meta name=\"geo.position\" content=\"47.264176340396226;11.380109057672346\" \/>\n<meta name=\"geo.region\" content=\"Austria\" \/>\n<!-- \/ Yoast SEO Premium plugin. -->","yoast_head_json":{"title":"Kop de Gas Super Beaks - Felshaken & Hook | bolting.eu","description":"Kop de Gas Super Beak Felshaken beim Kletter Hardwareprofi kaufen \u2705 Trusted Shop \u2705 versandkostenfrei* \u2705 14 Tage R\u00fcckgaberecht \u2705 Co2 neutraler Versand","robots":{"index":"index","follow":"follow","max-snippet":"max-snippet:-1","max-image-preview":"max-image-preview:large","max-video-preview":"max-video-preview:-1"},"canonical":"https:\/\/bolting.eu\/en\/shop\/kop-de-gas-super-beaks\/","og_locale":"en_US","og_type":"article","og_title":"Kop de Gas Super Beaks","og_description":"Kop de Gas Super Beak Felshaken beim Kletter Hardwareprofi kaufen \u2705 Trusted Shop \u2705 versandkostenfrei* \u2705 14 Tage R\u00fcckgaberecht \u2705 Co2 neutraler Versand","og_url":"https:\/\/bolting.eu\/en\/shop\/kop-de-gas-super-beaks\/","og_site_name":"bolting.eu","article_publisher":"https:\/\/www.facebook.com\/bolting.eu","article_modified_time":"2026-03-19T10:31:26+00:00","og_image":[{"width":700,"height":700,"url":"https:\/\/bolting.eu\/wp-content\/uploads\/2024\/05\/Kop-de-gas-Super-Beak-1.jpg","type":"image\/jpeg"}],"twitter_card":"summary_large_image","twitter_misc":{"Availability":"In stock"},"schema":{"@context":"https:\/\/schema.org","@graph":[{"@type":["WebPage","ItemPage"],"@id":"https:\/\/bolting.eu\/en\/shop\/kop-de-gas-super-beaks\/","url":"https:\/\/bolting.eu\/en\/shop\/kop-de-gas-super-beaks\/","name":"Kop de Gas Super Beaks - Felshaken & Hook | bolting.eu","isPartOf":{"@id":"https:\/\/bolting.eu\/en\/#website"},"primaryImageOfPage":{"@id":"https:\/\/bolting.eu\/en\/shop\/kop-de-gas-super-beaks\/#primaryimage"},"image":{"@id":"https:\/\/bolting.eu\/en\/shop\/kop-de-gas-super-beaks\/#primaryimage"},"thumbnailUrl":"https:\/\/bolting.eu\/wp-content\/uploads\/2024\/05\/Kop-de-gas-Super-Beak-1.jpg","datePublished":"2024-05-27T12:13:30+00:00","dateModified":"2026-03-19T10:31:26+00:00","description":"Kop de Gas Super Beak Felshaken beim Kletter Hardwareprofi kaufen \u2705 Trusted Shop \u2705 versandkostenfrei* \u2705 14 Tage R\u00fcckgaberecht \u2705 Co2 neutraler Versand","breadcrumb":{"@id":"https:\/\/bolting.eu\/en\/shop\/kop-de-gas-super-beaks\/#breadcrumb"},"inLanguage":"en-US","potentialAction":[{"@type":"ReadAction","target":["https:\/\/bolting.eu\/en\/shop\/kop-de-gas-super-beaks\/"]}]},{"@type":"ImageObject","inLanguage":"en-US","@id":"https:\/\/bolting.eu\/en\/shop\/kop-de-gas-super-beaks\/#primaryimage","url":"https:\/\/bolting.eu\/wp-content\/uploads\/2024\/05\/Kop-de-gas-Super-Beak-1.jpg","contentUrl":"https:\/\/bolting.eu\/wp-content\/uploads\/2024\/05\/Kop-de-gas-Super-Beak-1.jpg","width":700,"height":700,"caption":"Zwei rote Kop de Gas Super Beak Pecker Felshaken mit buntem bolting.eu Logo."},{"@type":"BreadcrumbList","@id":"https:\/\/bolting.eu\/en\/shop\/kop-de-gas-super-beaks\/#breadcrumb","itemListElement":[{"@type":"ListItem","position":1,"name":"Shop","item":"https:\/\/bolting.eu\/en\/shop\/"},{"@type":"ListItem","position":2,"name":"bolting products","item":"https:\/\/bolting.eu\/en\/produkt-kategorie\/bolting-products\/"},{"@type":"ListItem","position":3,"name":"piton - Normal hook","item":"https:\/\/bolting.eu\/en\/produkt-kategorie\/piton-normal-hook\/"},{"@type":"ListItem","position":4,"name":"Kop de Gas Super Beaks"}]},{"@type":"WebSite","@id":"https:\/\/bolting.eu\/en\/#website","url":"https:\/\/bolting.eu\/en\/","name":"bolting.eu","description":"we make climbs happen","publisher":{"@id":"https:\/\/bolting.eu\/en\/#organization"},"potentialAction":[{"@type":"SearchAction","target":{"@type":"EntryPoint","urlTemplate":"https:\/\/bolting.eu\/en\/?s={search_term_string}"},"query-input":{"@type":"PropertyValueSpecification","valueRequired":true,"valueName":"search_term_string"}}],"inLanguage":"en-US"},{"@type":["Organization","Place","SportingGoodsStore"],"@id":"https:\/\/bolting.eu\/en\/#organization","name":"bolting.eu","url":"https:\/\/bolting.eu\/en\/","logo":{"@id":"https:\/\/bolting.eu\/en\/shop\/kop-de-gas-super-beaks\/#local-main-organization-logo"},"image":{"@id":"https:\/\/bolting.eu\/en\/shop\/kop-de-gas-super-beaks\/#local-main-organization-logo"},"sameAs":["https:\/\/www.facebook.com\/bolting.eu","https:\/\/www.instagram.com\/bolting.eu\/"],"address":{"@id":"https:\/\/bolting.eu\/en\/shop\/kop-de-gas-super-beaks\/#local-main-place-address"},"geo":{"@type":"GeoCoordinates","latitude":"47.264176340396226","longitude":"11.380109057672346"},"telephone":["+43 699 19083372"],"openingHoursSpecification":[{"@type":"OpeningHoursSpecification","dayOfWeek":["Monday","Wednesday","Friday"],"opens":"14:00","closes":"18:00"},{"@type":"OpeningHoursSpecification","dayOfWeek":["Tuesday","Thursday","Saturday","Sunday"],"opens":"00:00","closes":"00:00"}],"email":"office@bolting.eu","vatID":"ATU59999728","priceRange":"$$","currenciesAccepted":"Euro"},{"@type":"PostalAddress","@id":"https:\/\/bolting.eu\/en\/shop\/kop-de-gas-super-beaks\/#local-main-place-address","streetAddress":"Fischnalerstra\u00dfe 4","addressLocality":"Innsbruck","postalCode":"6020","addressRegion":"Tirol","addressCountry":"AT"},{"@type":"ImageObject","inLanguage":"en-US","@id":"https:\/\/bolting.eu\/en\/shop\/kop-de-gas-super-beaks\/#local-main-organization-logo","url":"https:\/\/bolting.eu\/wp-content\/uploads\/2019\/09\/bolting-logo.png","contentUrl":"https:\/\/bolting.eu\/wp-content\/uploads\/2019\/09\/bolting-logo.png","width":400,"height":211,"caption":"bolting.eu"}]},"og_video":"https:\/\/www.youtube.com\/embed\/aRMRW0GfP1Y","og_video_type":"text\/html","og_video_duration":"454","og_video_width":"480","og_video_height":"270","ya_ovs_adult":"false","ya_ovs_upload_date":"2024-05-27T12:13:30+00:00","ya_ovs_allow_embed":"true","og_availability":"instock","product_availability":"instock","product_condition":"new","geo.placename":"Innsbruck","geo.position":{"lat":"47.264176340396226","long":"11.380109057672346"},"geo.region":"Austria"},"_links":{"self":[{"href":"https:\/\/bolting.eu\/en\/wp-json\/wp\/v2\/product\/19729","targetHints":{"allow":["GET"]}}],"collection":[{"href":"https:\/\/bolting.eu\/en\/wp-json\/wp\/v2\/product"}],"about":[{"href":"https:\/\/bolting.eu\/en\/wp-json\/wp\/v2\/types\/product"}],"replies":[{"embeddable":true,"href":"https:\/\/bolting.eu\/en\/wp-json\/wp\/v2\/comments?post=19729"}],"wp:featuredmedia":[{"embeddable":true,"href":"https:\/\/bolting.eu\/en\/wp-json\/wp\/v2\/media\/19824"}],"wp:attachment":[{"href":"https:\/\/bolting.eu\/en\/wp-json\/wp\/v2\/media?parent=19729"}],"wp:term":[{"taxonomy":"product_brand","embeddable":true,"href":"https:\/\/bolting.eu\/en\/wp-json\/wp\/v2\/product_brand?post=19729"},{"taxonomy":"product_cat","embeddable":true,"href":"https:\/\/bolting.eu\/en\/wp-json\/wp\/v2\/product_cat?post=19729"},{"taxonomy":"product_tag","embeddable":true,"href":"https:\/\/bolting.eu\/en\/wp-json\/wp\/v2\/product_tag?post=19729"}],"curies":[{"name":"wp","href":"https:\/\/api.w.org\/{rel}","templated":true}]}}