{"id":19493,"date":"2024-05-15T10:53:46","date_gmt":"2024-05-15T08:53:46","guid":{"rendered":"https:\/\/bolting.eu\/?post_type=product&#038;p=19493"},"modified":"2025-12-30T13:13:29","modified_gmt":"2025-12-30T12:13:29","slug":"kletterfuehrer-bosnien-herzegovina","status":"publish","type":"product","link":"https:\/\/bolting.eu\/en\/shop\/kletterfuehrer-bosnien-herzegovina\/","title":{"rendered":"Kletterf\u00fchrer Bosnien Herzegovina"},"content":{"rendered":"<p>Haltet euch fest! Denn der neue Kletterf\u00fchrer \u00fcber Bosnien und Herzegovina ist ein monumentales Werk geworden. Er er\u00f6ffnet der Klettercommunity eine neue Dimension f\u00fcr einen Roadtrip im S\u00fcdosten Europas!<\/p>\n<p>Hier sp\u00fcrt man den authentischen Duft des Balkan in den l\u00e4ndlichen Gebieten. Dabei erlebt man sowohl unber\u00fchrte Landschaften als auch gastfreundliche Menschen. Und oben drauf? Extrem tolle Klettergebiete, enormes Potential zum <a href=\"https:\/\/bolting.eu\/kletterroute-einbohren\/\">Kletterrouten einbohren<\/a> und jede Menge kleiner Abenteuer.<\/p>\n<p>Auf ganzen 568 Seiten er\u00f6ffnen uns Igor Vukic und David Lemmerer eine neue Kletterdestination. Es warten ca. 1.500 Routen in 45 Gebieten auf Euch. 123 Mehrseill\u00e4ngen und zwei Bouldergebiete inklusive.<\/p>\n<p>Viele Gebiete sind brandneu. Ihr klippt hier also bestens mit <a href=\"https:\/\/bolting.eu\/produkt-kategorie\/einbohrartikel\/klebehaken-buehlerhaken\/\">Klebehaken<\/a> und <a href=\"https:\/\/bolting.eu\/produkt-kategorie\/einbohrartikel\/bohrhaken\/\">Bohrhaken<\/a> ausgestattete Routen die absolut safe sind.<\/p>\n<p>Wer einmal etwas wirklich Neues kennen lernen m\u00f6chte, ist hier goldrichtig!<\/p>\n<h2>Eigenschaften Kletterf\u00fchrer Bosnien Herzegovina<\/h2>\n<ul>\n<li>2. Auflage 2023<\/li>\n<li>568 Seiten<\/li>\n<li>Englisch und Bosnisch<\/li>\n<li>Format: 21 x 15 cm<\/li>\n<li>4 Regionen<\/li>\n<li>45 Gebiete<\/li>\n<li>ca. 1500 Routen<\/li>\n<li>123 Mehrseill\u00e4ngen<\/li>\n<li>2 Bouldergebiete mit 130 Bouldern<\/li>\n<\/ul>\n<h3>Video<\/h3>\n<p>Das folgende Video zum Klettern in Bosien und Herzegovina spricht f\u00fcr sich selbst. Denn es ist zum einen ein Abbild der sportlichen M\u00f6glichkeiten. Zum anderen zeigt es abe die Sch\u00f6nheit der LAndschaft, den vielen freien Raum und die Gastfreundschaft dieser Destination.<\/p>\n<p><iframe loading=\"lazy\" title=\"We found it  \ud83c\udde7\ud83c\udde6\" width=\"1020\" height=\"574\" src=\"https:\/\/www.youtube.com\/embed\/U5JLTVkC9HA?feature=oembed\" frameborder=\"0\" allow=\"accelerometer; autoplay; clipboard-write; encrypted-media; gyroscope; picture-in-picture; web-share\" referrerpolicy=\"strict-origin-when-cross-origin\" allowfullscreen><\/iframe><\/p>\n<p>&nbsp;<\/p>\n<h3>Drill &amp; Chil Festival<\/h3>\n<p>Ihr wollt das erste mal nach Bosnien zum Klettern? Dann ist das &#8220;<a href=\"http:\/\/drillandchillfestival.com\" target=\"_blank\" rel=\"noopener\">Drill &amp; Chill Festival<\/a>&#8221; eine super Option.<\/p>\n<p>Es findet j\u00e4hrlich im September im &#8220;Tijesno Canyon&#8221; im Norden Bosniens statt. Das Event richtet sich dabei an Kletterer, Erschlie\u00dfer und Highliner. Das get together der Community wird umrahmt von Events, Musik und gem\u00fctlicher Atmosph\u00e4re. Wir von bolting.eu beteiligen uns z.B. mit einem <a href=\"https:\/\/bolting.eu\/academy\/einbohr-workshop\/\">Einbohr Workshop<\/a> f\u00fcr die Locals.<\/p>\n<p>&nbsp;<\/p>\n","protected":false},"excerpt":{"rendered":"<p>Tolles Guidebook f\u00fcr alle, die den Balkan kletternd kennen lernen wollen.<\/p>\n<p>4 Regionen, 45 Massive mit ca. 1.500 Routen sowie 123 Mehrseill\u00e4ngen und 2 Bouldergebieten.<\/p>\n<p>Versandkostenfrei bis 2kg in <img decoding=\"async\" class=\"emoji\" role=\"img\" draggable=\"false\" src=\"https:\/\/s.w.org\/images\/core\/emoji\/14.0.0\/svg\/1f1e6-1f1f9.svg\" alt=\"\ud83c\udde6\ud83c\uddf9\" \/> ab \u20ac 100,- und <img decoding=\"async\" class=\"emoji\" role=\"img\" draggable=\"false\" src=\"https:\/\/s.w.org\/images\/core\/emoji\/14.0.0\/svg\/1f1e9-1f1ea.svg\" alt=\"\ud83c\udde9\ud83c\uddea\" \/> ab \u20ac 200,-!<\/p>\n","protected":false},"featured_media":19506,"comment_status":"closed","ping_status":"closed","template":"","meta":[],"product_brand":[],"product_cat":[29,10898],"product_tag":[],"class_list":{"0":"post-19493","1":"product","2":"type-product","3":"status-publish","4":"has-post-thumbnail","6":"product_cat-kletterausruestung","7":"product_cat-kletterfuehrer","9":"first","10":"instock","11":"taxable","12":"shipping-taxable","13":"purchasable","14":"product-type-simple"},"yoast_head":"<!-- This site is optimized with the Yoast SEO Premium plugin v26.9 (Yoast SEO v26.9) - https:\/\/yoast.com\/product\/yoast-seo-premium-wordpress\/ -->\n<title>Kletterf\u00fchrer Bosnien Herzegovina - 2. Aufl. 2023 | bolting.eu<\/title>\n<meta name=\"description\" content=\"Kletterf\u00fchrer Bosnien Herzegovina beim Kletterprofi aus Innsbruck - Tirol kaufen \u2705 kostenloser Versand* \u2705 14 Tage R\u00fcckgaberecht \u2705 Co2 neutraler Versand\" \/>\n<meta name=\"robots\" content=\"index, follow, max-snippet:-1, max-image-preview:large, max-video-preview:-1\" \/>\n<link rel=\"canonical\" href=\"https:\/\/bolting.eu\/en\/shop\/kletterfuehrer-bosnien-herzegovina\/\" \/>\n<meta property=\"og:locale\" content=\"en_US\" \/>\n<meta property=\"og:type\" content=\"article\" \/>\n<meta property=\"og:title\" content=\"Kletterf\u00fchrer Bosnien Herzegovina\" \/>\n<meta property=\"og:description\" content=\"Kletterf\u00fchrer Bosnien Herzegovina beim Kletterprofi aus Innsbruck - Tirol kaufen \u2705 kostenloser Versand* \u2705 14 Tage R\u00fcckgaberecht \u2705 Co2 neutraler Versand\" \/>\n<meta property=\"og:url\" content=\"https:\/\/bolting.eu\/en\/shop\/kletterfuehrer-bosnien-herzegovina\/\" \/>\n<meta property=\"og:site_name\" content=\"bolting.eu\" \/>\n<meta property=\"article:publisher\" content=\"https:\/\/www.facebook.com\/bolting.eu\" \/>\n<meta property=\"article:modified_time\" content=\"2025-12-30T12:13:29+00:00\" \/>\n<meta property=\"og:image\" content=\"https:\/\/bolting.eu\/wp-content\/uploads\/2024\/05\/Rock-Climbing-Bosnia-and-Herzegovina-2.jpg\" \/>\n\t<meta property=\"og:image:width\" content=\"700\" \/>\n\t<meta property=\"og:image:height\" content=\"700\" \/>\n\t<meta property=\"og:image:type\" content=\"image\/jpeg\" \/>\n<meta name=\"twitter:card\" content=\"summary_large_image\" \/>\n<meta name=\"twitter:label1\" content=\"Price\" \/>\n\t<meta name=\"twitter:data1\" content=\"&euro;&nbsp;42,90\" \/>\n\t<meta name=\"twitter:label2\" content=\"Availability\" \/>\n\t<meta name=\"twitter:data2\" content=\"In stock\" \/>\n<script type=\"application\/ld+json\" class=\"yoast-schema-graph\">{\"@context\":\"https:\/\/schema.org\",\"@graph\":[{\"@type\":[\"WebPage\",\"ItemPage\"],\"@id\":\"https:\/\/bolting.eu\/en\/shop\/kletterfuehrer-bosnien-herzegovina\/\",\"url\":\"https:\/\/bolting.eu\/en\/shop\/kletterfuehrer-bosnien-herzegovina\/\",\"name\":\"Kletterf\u00fchrer Bosnien Herzegovina - 2. Aufl. 2023 | bolting.eu\",\"isPartOf\":{\"@id\":\"https:\/\/bolting.eu\/en\/#website\"},\"primaryImageOfPage\":{\"@id\":\"https:\/\/bolting.eu\/en\/shop\/kletterfuehrer-bosnien-herzegovina\/#primaryimage\"},\"image\":{\"@id\":\"https:\/\/bolting.eu\/en\/shop\/kletterfuehrer-bosnien-herzegovina\/#primaryimage\"},\"thumbnailUrl\":\"https:\/\/bolting.eu\/wp-content\/uploads\/2024\/05\/Rock-Climbing-Bosnia-and-Herzegovina-2.jpg\",\"datePublished\":\"2024-05-15T08:53:46+00:00\",\"dateModified\":\"2025-12-30T12:13:29+00:00\",\"description\":\"Kletterf\u00fchrer Bosnien Herzegovina beim Kletterprofi aus Innsbruck - Tirol kaufen \u2705 kostenloser Versand* \u2705 14 Tage R\u00fcckgaberecht \u2705 Co2 neutraler Versand\",\"breadcrumb\":{\"@id\":\"https:\/\/bolting.eu\/en\/shop\/kletterfuehrer-bosnien-herzegovina\/#breadcrumb\"},\"inLanguage\":\"en-US\",\"potentialAction\":[{\"@type\":\"ReadAction\",\"target\":[\"https:\/\/bolting.eu\/en\/shop\/kletterfuehrer-bosnien-herzegovina\/\"]}]},{\"@type\":\"ImageObject\",\"inLanguage\":\"en-US\",\"@id\":\"https:\/\/bolting.eu\/en\/shop\/kletterfuehrer-bosnien-herzegovina\/#primaryimage\",\"url\":\"https:\/\/bolting.eu\/wp-content\/uploads\/2024\/05\/Rock-Climbing-Bosnia-and-Herzegovina-2.jpg\",\"contentUrl\":\"https:\/\/bolting.eu\/wp-content\/uploads\/2024\/05\/Rock-Climbing-Bosnia-and-Herzegovina-2.jpg\",\"width\":700,\"height\":700,\"caption\":\"Cover des Kletterf\u00fchrer Bosnien Herzegovina mit rotem Rechteck, Titel und Kletterbild.\"},{\"@type\":\"BreadcrumbList\",\"@id\":\"https:\/\/bolting.eu\/en\/shop\/kletterfuehrer-bosnien-herzegovina\/#breadcrumb\",\"itemListElement\":[{\"@type\":\"ListItem\",\"position\":1,\"name\":\"Shop\",\"item\":\"https:\/\/bolting.eu\/en\/shop\/\"},{\"@type\":\"ListItem\",\"position\":2,\"name\":\"climbing equipment\",\"item\":\"https:\/\/bolting.eu\/en\/produkt-kategorie\/climbing-equipment\/\"},{\"@type\":\"ListItem\",\"position\":3,\"name\":\"Kletterf\u00fchrer\",\"item\":\"https:\/\/bolting.eu\/produkt-kategorie\/kletterausruestung\/kletterfuehrer\/\"},{\"@type\":\"ListItem\",\"position\":4,\"name\":\"Kletterf\u00fchrer Bosnien Herzegovina\"}]},{\"@type\":\"WebSite\",\"@id\":\"https:\/\/bolting.eu\/en\/#website\",\"url\":\"https:\/\/bolting.eu\/en\/\",\"name\":\"bolting.eu\",\"description\":\"we make climbs happen\",\"publisher\":{\"@id\":\"https:\/\/bolting.eu\/en\/#organization\"},\"potentialAction\":[{\"@type\":\"SearchAction\",\"target\":{\"@type\":\"EntryPoint\",\"urlTemplate\":\"https:\/\/bolting.eu\/en\/?s={search_term_string}\"},\"query-input\":{\"@type\":\"PropertyValueSpecification\",\"valueRequired\":true,\"valueName\":\"search_term_string\"}}],\"inLanguage\":\"en-US\"},{\"@type\":[\"Organization\",\"Place\",\"SportingGoodsStore\"],\"@id\":\"https:\/\/bolting.eu\/en\/#organization\",\"name\":\"bolting.eu\",\"url\":\"https:\/\/bolting.eu\/en\/\",\"logo\":{\"@id\":\"https:\/\/bolting.eu\/en\/shop\/kletterfuehrer-bosnien-herzegovina\/#local-main-organization-logo\"},\"image\":{\"@id\":\"https:\/\/bolting.eu\/en\/shop\/kletterfuehrer-bosnien-herzegovina\/#local-main-organization-logo\"},\"sameAs\":[\"https:\/\/www.facebook.com\/bolting.eu\",\"https:\/\/www.instagram.com\/bolting.eu\/\"],\"address\":{\"@id\":\"https:\/\/bolting.eu\/en\/shop\/kletterfuehrer-bosnien-herzegovina\/#local-main-place-address\"},\"geo\":{\"@type\":\"GeoCoordinates\",\"latitude\":\"47.264176340396226\",\"longitude\":\"11.380109057672346\"},\"telephone\":[\"+43 699 19083372\"],\"openingHoursSpecification\":[{\"@type\":\"OpeningHoursSpecification\",\"dayOfWeek\":[\"Monday\",\"Wednesday\",\"Friday\"],\"opens\":\"14:00\",\"closes\":\"18:00\"},{\"@type\":\"OpeningHoursSpecification\",\"dayOfWeek\":[\"Tuesday\",\"Thursday\",\"Saturday\",\"Sunday\"],\"opens\":\"00:00\",\"closes\":\"00:00\"}],\"email\":\"office@bolting.eu\",\"vatID\":\"ATU59999728\",\"priceRange\":\"$$\",\"currenciesAccepted\":\"Euro\"},{\"@type\":\"PostalAddress\",\"@id\":\"https:\/\/bolting.eu\/en\/shop\/kletterfuehrer-bosnien-herzegovina\/#local-main-place-address\",\"streetAddress\":\"Fischnalerstra\u00dfe 4\",\"addressLocality\":\"Innsbruck\",\"postalCode\":\"6020\",\"addressRegion\":\"Tirol\",\"addressCountry\":\"AT\"},{\"@type\":\"ImageObject\",\"inLanguage\":\"en-US\",\"@id\":\"https:\/\/bolting.eu\/en\/shop\/kletterfuehrer-bosnien-herzegovina\/#local-main-organization-logo\",\"url\":\"https:\/\/bolting.eu\/wp-content\/uploads\/2019\/09\/bolting-logo.png\",\"contentUrl\":\"https:\/\/bolting.eu\/wp-content\/uploads\/2019\/09\/bolting-logo.png\",\"width\":400,\"height\":211,\"caption\":\"bolting.eu\"}]}<\/script>\n<meta property=\"og:video\" content=\"https:\/\/www.youtube.com\/embed\/U5JLTVkC9HA\" \/>\n<meta property=\"og:video:type\" content=\"text\/html\" \/>\n<meta property=\"og:video:duration\" content=\"139\" \/>\n<meta property=\"og:video:width\" content=\"480\" \/>\n<meta property=\"og:video:height\" content=\"270\" \/>\n<meta property=\"ya:ovs:adult\" content=\"false\" \/>\n<meta property=\"ya:ovs:upload_date\" content=\"2024-05-15T08:53:46+00:00\" \/>\n<meta property=\"ya:ovs:allow_embed\" content=\"true\" \/>\n<meta property=\"product:price:amount\" content=\"42.90\" \/>\n<meta property=\"product:price:currency\" content=\"EUR\" \/>\n<meta property=\"og:availability\" content=\"instock\" \/>\n<meta property=\"product:availability\" content=\"instock\" \/>\n<meta property=\"product:retailer_item_id\" content=\"GB-BOS-Herz\" \/>\n<meta property=\"product:condition\" content=\"new\" \/>\n<meta name=\"geo.placename\" content=\"Innsbruck\" \/>\n<meta name=\"geo.position\" content=\"47.264176340396226;11.380109057672346\" \/>\n<meta name=\"geo.region\" content=\"Austria\" \/>\n<!-- \/ Yoast SEO Premium plugin. -->","yoast_head_json":{"title":"Kletterf\u00fchrer Bosnien Herzegovina - 2. Aufl. 2023 | bolting.eu","description":"Kletterf\u00fchrer Bosnien Herzegovina beim Kletterprofi aus Innsbruck - Tirol kaufen \u2705 kostenloser Versand* \u2705 14 Tage R\u00fcckgaberecht \u2705 Co2 neutraler Versand","robots":{"index":"index","follow":"follow","max-snippet":"max-snippet:-1","max-image-preview":"max-image-preview:large","max-video-preview":"max-video-preview:-1"},"canonical":"https:\/\/bolting.eu\/en\/shop\/kletterfuehrer-bosnien-herzegovina\/","og_locale":"en_US","og_type":"article","og_title":"Kletterf\u00fchrer Bosnien Herzegovina","og_description":"Kletterf\u00fchrer Bosnien Herzegovina beim Kletterprofi aus Innsbruck - Tirol kaufen \u2705 kostenloser Versand* \u2705 14 Tage R\u00fcckgaberecht \u2705 Co2 neutraler Versand","og_url":"https:\/\/bolting.eu\/en\/shop\/kletterfuehrer-bosnien-herzegovina\/","og_site_name":"bolting.eu","article_publisher":"https:\/\/www.facebook.com\/bolting.eu","article_modified_time":"2025-12-30T12:13:29+00:00","og_image":[{"width":700,"height":700,"url":"https:\/\/bolting.eu\/wp-content\/uploads\/2024\/05\/Rock-Climbing-Bosnia-and-Herzegovina-2.jpg","type":"image\/jpeg"}],"twitter_card":"summary_large_image","twitter_misc":{"Price":"&euro;&nbsp;42,90","Availability":"In stock"},"schema":{"@context":"https:\/\/schema.org","@graph":[{"@type":["WebPage","ItemPage"],"@id":"https:\/\/bolting.eu\/en\/shop\/kletterfuehrer-bosnien-herzegovina\/","url":"https:\/\/bolting.eu\/en\/shop\/kletterfuehrer-bosnien-herzegovina\/","name":"Kletterf\u00fchrer Bosnien Herzegovina - 2. Aufl. 2023 | bolting.eu","isPartOf":{"@id":"https:\/\/bolting.eu\/en\/#website"},"primaryImageOfPage":{"@id":"https:\/\/bolting.eu\/en\/shop\/kletterfuehrer-bosnien-herzegovina\/#primaryimage"},"image":{"@id":"https:\/\/bolting.eu\/en\/shop\/kletterfuehrer-bosnien-herzegovina\/#primaryimage"},"thumbnailUrl":"https:\/\/bolting.eu\/wp-content\/uploads\/2024\/05\/Rock-Climbing-Bosnia-and-Herzegovina-2.jpg","datePublished":"2024-05-15T08:53:46+00:00","dateModified":"2025-12-30T12:13:29+00:00","description":"Kletterf\u00fchrer Bosnien Herzegovina beim Kletterprofi aus Innsbruck - Tirol kaufen \u2705 kostenloser Versand* \u2705 14 Tage R\u00fcckgaberecht \u2705 Co2 neutraler Versand","breadcrumb":{"@id":"https:\/\/bolting.eu\/en\/shop\/kletterfuehrer-bosnien-herzegovina\/#breadcrumb"},"inLanguage":"en-US","potentialAction":[{"@type":"ReadAction","target":["https:\/\/bolting.eu\/en\/shop\/kletterfuehrer-bosnien-herzegovina\/"]}]},{"@type":"ImageObject","inLanguage":"en-US","@id":"https:\/\/bolting.eu\/en\/shop\/kletterfuehrer-bosnien-herzegovina\/#primaryimage","url":"https:\/\/bolting.eu\/wp-content\/uploads\/2024\/05\/Rock-Climbing-Bosnia-and-Herzegovina-2.jpg","contentUrl":"https:\/\/bolting.eu\/wp-content\/uploads\/2024\/05\/Rock-Climbing-Bosnia-and-Herzegovina-2.jpg","width":700,"height":700,"caption":"Cover des Kletterf\u00fchrer Bosnien Herzegovina mit rotem Rechteck, Titel und Kletterbild."},{"@type":"BreadcrumbList","@id":"https:\/\/bolting.eu\/en\/shop\/kletterfuehrer-bosnien-herzegovina\/#breadcrumb","itemListElement":[{"@type":"ListItem","position":1,"name":"Shop","item":"https:\/\/bolting.eu\/en\/shop\/"},{"@type":"ListItem","position":2,"name":"climbing equipment","item":"https:\/\/bolting.eu\/en\/produkt-kategorie\/climbing-equipment\/"},{"@type":"ListItem","position":3,"name":"Kletterf\u00fchrer","item":"https:\/\/bolting.eu\/produkt-kategorie\/kletterausruestung\/kletterfuehrer\/"},{"@type":"ListItem","position":4,"name":"Kletterf\u00fchrer Bosnien Herzegovina"}]},{"@type":"WebSite","@id":"https:\/\/bolting.eu\/en\/#website","url":"https:\/\/bolting.eu\/en\/","name":"bolting.eu","description":"we make climbs happen","publisher":{"@id":"https:\/\/bolting.eu\/en\/#organization"},"potentialAction":[{"@type":"SearchAction","target":{"@type":"EntryPoint","urlTemplate":"https:\/\/bolting.eu\/en\/?s={search_term_string}"},"query-input":{"@type":"PropertyValueSpecification","valueRequired":true,"valueName":"search_term_string"}}],"inLanguage":"en-US"},{"@type":["Organization","Place","SportingGoodsStore"],"@id":"https:\/\/bolting.eu\/en\/#organization","name":"bolting.eu","url":"https:\/\/bolting.eu\/en\/","logo":{"@id":"https:\/\/bolting.eu\/en\/shop\/kletterfuehrer-bosnien-herzegovina\/#local-main-organization-logo"},"image":{"@id":"https:\/\/bolting.eu\/en\/shop\/kletterfuehrer-bosnien-herzegovina\/#local-main-organization-logo"},"sameAs":["https:\/\/www.facebook.com\/bolting.eu","https:\/\/www.instagram.com\/bolting.eu\/"],"address":{"@id":"https:\/\/bolting.eu\/en\/shop\/kletterfuehrer-bosnien-herzegovina\/#local-main-place-address"},"geo":{"@type":"GeoCoordinates","latitude":"47.264176340396226","longitude":"11.380109057672346"},"telephone":["+43 699 19083372"],"openingHoursSpecification":[{"@type":"OpeningHoursSpecification","dayOfWeek":["Monday","Wednesday","Friday"],"opens":"14:00","closes":"18:00"},{"@type":"OpeningHoursSpecification","dayOfWeek":["Tuesday","Thursday","Saturday","Sunday"],"opens":"00:00","closes":"00:00"}],"email":"office@bolting.eu","vatID":"ATU59999728","priceRange":"$$","currenciesAccepted":"Euro"},{"@type":"PostalAddress","@id":"https:\/\/bolting.eu\/en\/shop\/kletterfuehrer-bosnien-herzegovina\/#local-main-place-address","streetAddress":"Fischnalerstra\u00dfe 4","addressLocality":"Innsbruck","postalCode":"6020","addressRegion":"Tirol","addressCountry":"AT"},{"@type":"ImageObject","inLanguage":"en-US","@id":"https:\/\/bolting.eu\/en\/shop\/kletterfuehrer-bosnien-herzegovina\/#local-main-organization-logo","url":"https:\/\/bolting.eu\/wp-content\/uploads\/2019\/09\/bolting-logo.png","contentUrl":"https:\/\/bolting.eu\/wp-content\/uploads\/2019\/09\/bolting-logo.png","width":400,"height":211,"caption":"bolting.eu"}]},"og_video":"https:\/\/www.youtube.com\/embed\/U5JLTVkC9HA","og_video_type":"text\/html","og_video_duration":"139","og_video_width":"480","og_video_height":"270","ya_ovs_adult":"false","ya_ovs_upload_date":"2024-05-15T08:53:46+00:00","ya_ovs_allow_embed":"true","product_price_amount":"42.90","product_price_currency":"EUR","og_availability":"instock","product_availability":"instock","product_retailer_item_id":"GB-BOS-Herz","product_condition":"new","geo.placename":"Innsbruck","geo.position":{"lat":"47.264176340396226","long":"11.380109057672346"},"geo.region":"Austria"},"_links":{"self":[{"href":"https:\/\/bolting.eu\/en\/wp-json\/wp\/v2\/product\/19493","targetHints":{"allow":["GET"]}}],"collection":[{"href":"https:\/\/bolting.eu\/en\/wp-json\/wp\/v2\/product"}],"about":[{"href":"https:\/\/bolting.eu\/en\/wp-json\/wp\/v2\/types\/product"}],"replies":[{"embeddable":true,"href":"https:\/\/bolting.eu\/en\/wp-json\/wp\/v2\/comments?post=19493"}],"wp:featuredmedia":[{"embeddable":true,"href":"https:\/\/bolting.eu\/en\/wp-json\/wp\/v2\/media\/19506"}],"wp:attachment":[{"href":"https:\/\/bolting.eu\/en\/wp-json\/wp\/v2\/media?parent=19493"}],"wp:term":[{"taxonomy":"product_brand","embeddable":true,"href":"https:\/\/bolting.eu\/en\/wp-json\/wp\/v2\/product_brand?post=19493"},{"taxonomy":"product_cat","embeddable":true,"href":"https:\/\/bolting.eu\/en\/wp-json\/wp\/v2\/product_cat?post=19493"},{"taxonomy":"product_tag","embeddable":true,"href":"https:\/\/bolting.eu\/en\/wp-json\/wp\/v2\/product_tag?post=19493"}],"curies":[{"name":"wp","href":"https:\/\/api.w.org\/{rel}","templated":true}]}}