{"id":19261,"date":"2024-04-11T13:14:45","date_gmt":"2024-04-11T11:14:45","guid":{"rendered":"https:\/\/bolting.eu\/?post_type=product&#038;p=19261"},"modified":"2026-02-04T10:55:36","modified_gmt":"2026-02-04T09:55:36","slug":"climbing-technoogy-quick-roll","status":"publish","type":"product","link":"https:\/\/bolting.eu\/en\/shop\/climbing-technoogy-quick-roll\/","title":{"rendered":"Climbing Technoogy Quick Roll"},"content":{"rendered":"<p>Die Quick Roll von Climbing Technoogy ist eine besondere Steigklemme. Denn sie hat seitlich eine kleine <a href=\"https:\/\/bolting.eu\/produkt-kategorie\/kletterausruestung\/seilrollen\/\">Seilrolle<\/a> montiert.<\/p>\n<p>Das erleichtert den Aufsteig am Seil ganz enorm.<\/p>\n<p>Erstens mit einem selbstbremsenden <a href=\"https:\/\/bolting.eu\/produkt-kategorie\/kletterausruestung\/abseilgeraete\/\">Abseilger\u00e4ten<\/a>. Wie z.B. einem <a href=\"https:\/\/bolting.eu\/shop\/petzl-id-s\/\">ID S<\/a> oder einem <a href=\"https:\/\/bolting.eu\/shop\/petzl-rig\/\">Rig<\/a>. Zweitens mit einem Halbautomat. Wie z.B. einem <a href=\"https:\/\/bolting.eu\/shop\/petzl-grigri-2\/\">GriGri<\/a>, <a href=\"https:\/\/bolting.eu\/shop\/camp-matik\/\">Matik<\/a> oder <a href=\"https:\/\/bolting.eu\/shop\/beal-birdie\/\">Birdie<\/a>.<\/p>\n<p>Denn in der Seilrolle kann man das auslaufende Seil ohne Reibungsverluste umlenken.<\/p>\n<p>Das macht dieses Produkt bei vielen Anwendungen sehr beliebt. Wie z.B. beim <a href=\"https:\/\/bolting.eu\/kletterroute-einbohren\/\">Kletterroute einbohren<\/a> oder beim Industrieklettern.<\/p>\n<h2>Eigenschaften Quick Roll<\/h2>\n<ul>\n<li>Hersteller: <a href=\"https:\/\/bolting.eu\/produkt-kategorie\/climbing-technology\/\">Climbing Technology<\/a><\/li>\n<li>Material: eloxiertes Aluminium (Rahmen) bzw. Chromstahl (Seilnocken) und Kunststoff (Griff)<\/li>\n<li>Gewicht: 255 Gramm<\/li>\n<li>Dimension: ca. 189mm x 93mm<\/li>\n<li><strong>Arbeitslast: 140 kg<\/strong><\/li>\n<li>EN Norm 567: 2013 \u00d8 8-13mm<\/li>\n<li>EN 12841:2006-B \u00d810 \u2013 13mm<\/li>\n<li>CE 033<\/li>\n<li>rechte Hand: Farbe orange<\/li>\n<li>linke Hand: Farbe titan<\/li>\n<li>spezielle Steigklemme mit kleiner Seilrolle<\/li>\n<li>erleichtert den Seilaufstieg mit Halbautomaten<\/li>\n<li>Griff ergonomisch beschichtet<\/li>\n<li>Klemmnocke aus Edelstahl<\/li>\n<li>Klemmnocke mit einer Hand \u00f6ffen- und schlie\u00dfbar<\/li>\n<li>zwei \u00d6sen auf der Unterseite f\u00fcr Karabiner bzw. Rapidglied f\u00fcr Trittleiter<\/li>\n<li>Achtung! Seilrolle ist keine PSA &#8211; darf nicht f\u00fcr das Heben \/ Ablassen von Material oder Personen<\/li>\n<li><a href=\"https:\/\/www.climbingtechnology.com\/wp-content\/uploads\/2017\/09\/IST12-ROLAMCTS1-S2_rev-0_12-21.pdf\">Bedienungsanleitung<\/a><\/li>\n<\/ul>\n<h3>Produktvideo<\/h3>\n<p>F\u00fcr die Quick Roll Steigklemme hat CT ein sehr gutes Produktvideo gestaltet. Es informiert \u00fcbersichtlich zu den Details.<\/p>\n<p><iframe loading=\"lazy\" title=\"Video tutorial CT_Professional_Ascenders\" width=\"1020\" height=\"574\" src=\"https:\/\/www.youtube.com\/embed\/kSXl8NsJEcY?start=173&#038;feature=oembed\" frameborder=\"0\" allow=\"accelerometer; autoplay; clipboard-write; encrypted-media; gyroscope; picture-in-picture; web-share\" referrerpolicy=\"strict-origin-when-cross-origin\" allowfullscreen><\/iframe><\/p>\n<h3>Funktionsprinzip<\/h3>\n<p>Diese Steigklemme ist f\u00fcr den Seilaufstieg gedacht. Hierbei verringert die Seilrolle die Reibungsverluste beimEinziehen des &#8220;Bremsseils&#8221;. D.h. des aus dem Sicherungsger\u00e4t bzw. Abseilger\u00e4t auslaufenden Seiles.<\/p>\n<p>Dieses wird zuerst nach oben in die Seilrolle gef\u00fchrt. Die frei Hand kann nun daran ziehen, wenn man in der Trittleiter nach oben dr\u00fcckt.<\/p>\n<p>Das folgende Bild zeigt wie es geht.<\/p>\n<p><a href=\"https:\/\/bolting.eu\/wp-content\/uploads\/2024\/04\/Quick-Roll2.jpg\"><img loading=\"lazy\" decoding=\"async\" class=\"alignnone wp-image-21380 size-large\" src=\"https:\/\/bolting.eu\/wp-content\/uploads\/2024\/04\/Quick-Roll2-559x800.jpg\" alt=\"Grafik zur Verwendung der Climbing Technology Quick Roll Steigklemme.\" width=\"559\" height=\"800\" srcset=\"https:\/\/bolting.eu\/wp-content\/uploads\/2024\/04\/Quick-Roll2-559x800.jpg 559w, https:\/\/bolting.eu\/wp-content\/uploads\/2024\/04\/Quick-Roll2-280x400.jpg 280w, https:\/\/bolting.eu\/wp-content\/uploads\/2024\/04\/Quick-Roll2-510x729.jpg 510w, https:\/\/bolting.eu\/wp-content\/uploads\/2024\/04\/Quick-Roll2-100x143.jpg 100w, https:\/\/bolting.eu\/wp-content\/uploads\/2024\/04\/Quick-Roll2.jpg 716w\" sizes=\"auto, (max-width: 559px) 100vw, 559px\" \/><\/a><\/p>\n<h3>CT Quick Roll = leicht unter Spannung zu \u00f6ffnen<\/h3>\n<p>Diese Steigklemme hat einen patentierten \u00d6ffnungsmechanismus.<\/p>\n<p>Er kann unter Spannung leicht bet\u00e4tigt werden. Viele Anwender sch\u00e4tzen diese Eigenschaft. Denn es entf\u00e4llt das nervige &#8220;Entlasten&#8221;, m\u00f6chte man die Klemme aufmachen.<\/p>\n<p><a href=\"https:\/\/bolting.eu\/wp-content\/uploads\/2024\/04\/Quick-Roll1.jpg\"><img loading=\"lazy\" decoding=\"async\" class=\"alignnone wp-image-21381 size-medium\" src=\"https:\/\/bolting.eu\/wp-content\/uploads\/2024\/04\/Quick-Roll1-800x400.jpg\" alt=\"Grafik zur Verwendung der Climbing Technology Quick Roll Steigklemme mit drei Bildern.\" width=\"800\" height=\"400\" srcset=\"https:\/\/bolting.eu\/wp-content\/uploads\/2024\/04\/Quick-Roll1-800x400.jpg 800w, https:\/\/bolting.eu\/wp-content\/uploads\/2024\/04\/Quick-Roll1-768x384.jpg 768w, https:\/\/bolting.eu\/wp-content\/uploads\/2024\/04\/Quick-Roll1-510x255.jpg 510w, https:\/\/bolting.eu\/wp-content\/uploads\/2024\/04\/Quick-Roll1-100x50.jpg 100w, https:\/\/bolting.eu\/wp-content\/uploads\/2024\/04\/Quick-Roll1.jpg 1200w\" sizes=\"auto, (max-width: 800px) 100vw, 800px\" \/><\/a><\/p>\n","protected":false},"excerpt":{"rendered":"<p>Steigklemme mit Seilrolle zum leichteren Aufstieg am Seil.<\/p>\n<p>Ideal in Kombination mit selbstbremsenden Abseilger\u00e4t oder Halbautomet wie GriGri.<\/p>\n<p>Versandkostenfrei bis 2kg in <img decoding=\"async\" class=\"emoji\" role=\"img\" draggable=\"false\" src=\"https:\/\/s.w.org\/images\/core\/emoji\/14.0.0\/svg\/1f1e6-1f1f9.svg\" alt=\"\ud83c\udde6\ud83c\uddf9\" \/> ab \u20ac 100,- und <img decoding=\"async\" class=\"emoji\" role=\"img\" draggable=\"false\" src=\"https:\/\/s.w.org\/images\/core\/emoji\/14.0.0\/svg\/1f1e9-1f1ea.svg\" alt=\"\ud83c\udde9\ud83c\uddea\" \/> ab \u20ac 200,-!<\/p>\n","protected":false},"featured_media":21376,"comment_status":"closed","ping_status":"closed","template":"","meta":[],"product_brand":[],"product_cat":[3660,4662,29],"product_tag":[],"class_list":{"0":"post-19261","1":"product","2":"type-product","3":"status-publish","4":"has-post-thumbnail","6":"product_cat-steigklemmen-seilklemmen","7":"product_cat-climbing-technology","8":"product_cat-kletterausruestung","10":"first","11":"instock","12":"sale","13":"taxable","14":"shipping-taxable","15":"purchasable","16":"product-type-variable"},"yoast_head":"<!-- This site is optimized with the Yoast SEO Premium plugin v26.9 (Yoast SEO v26.9) - https:\/\/yoast.com\/product\/yoast-seo-premium-wordpress\/ -->\n<title>Climbing Technoogy Quick Roll Steigklemme mit Seilrolle | bolting.eu<\/title>\n<meta name=\"description\" content=\"Climbing Technology Quick Roll Steigklemme mit Seilrolle beim Kletterprofi kaufen \u2705 kostenloser Versand* \u2705 14 Tage R\u00fcckgaberecht \u2705 Co2 neutraler Versand\" \/>\n<meta name=\"robots\" content=\"index, follow, max-snippet:-1, max-image-preview:large, max-video-preview:-1\" \/>\n<link rel=\"canonical\" href=\"https:\/\/bolting.eu\/en\/shop\/climbing-technoogy-quick-roll\/\" \/>\n<meta property=\"og:locale\" content=\"en_US\" \/>\n<meta property=\"og:type\" content=\"article\" \/>\n<meta property=\"og:title\" content=\"Climbing Technoogy Quick Roll\" \/>\n<meta property=\"og:description\" content=\"Climbing Technology Quick Roll Steigklemme mit Seilrolle beim Kletterprofi kaufen \u2705 kostenloser Versand* \u2705 14 Tage R\u00fcckgaberecht \u2705 Co2 neutraler Versand\" \/>\n<meta property=\"og:url\" content=\"https:\/\/bolting.eu\/en\/shop\/climbing-technoogy-quick-roll\/\" \/>\n<meta property=\"og:site_name\" content=\"bolting.eu\" \/>\n<meta property=\"article:publisher\" content=\"https:\/\/www.facebook.com\/bolting.eu\" \/>\n<meta property=\"article:modified_time\" content=\"2026-02-04T09:55:36+00:00\" \/>\n<meta property=\"og:image\" content=\"https:\/\/bolting.eu\/wp-content\/uploads\/2024\/04\/Quick-Roll3.jpg\" \/>\n\t<meta property=\"og:image:width\" content=\"700\" \/>\n\t<meta property=\"og:image:height\" content=\"700\" \/>\n\t<meta property=\"og:image:type\" content=\"image\/jpeg\" \/>\n<meta name=\"twitter:card\" content=\"summary_large_image\" \/>\n<meta name=\"twitter:label1\" content=\"Availability\" \/>\n\t<meta name=\"twitter:data1\" content=\"In stock\" \/>\n<script type=\"application\/ld+json\" class=\"yoast-schema-graph\">{\"@context\":\"https:\/\/schema.org\",\"@graph\":[{\"@type\":[\"WebPage\",\"ItemPage\"],\"@id\":\"https:\/\/bolting.eu\/en\/shop\/climbing-technoogy-quick-roll\/\",\"url\":\"https:\/\/bolting.eu\/en\/shop\/climbing-technoogy-quick-roll\/\",\"name\":\"Climbing Technoogy Quick Roll Steigklemme mit Seilrolle | bolting.eu\",\"isPartOf\":{\"@id\":\"https:\/\/bolting.eu\/en\/#website\"},\"primaryImageOfPage\":{\"@id\":\"https:\/\/bolting.eu\/en\/shop\/climbing-technoogy-quick-roll\/#primaryimage\"},\"image\":{\"@id\":\"https:\/\/bolting.eu\/en\/shop\/climbing-technoogy-quick-roll\/#primaryimage\"},\"thumbnailUrl\":\"https:\/\/bolting.eu\/wp-content\/uploads\/2024\/04\/Quick-Roll3.jpg\",\"datePublished\":\"2024-04-11T11:14:45+00:00\",\"dateModified\":\"2026-02-04T09:55:36+00:00\",\"description\":\"Climbing Technology Quick Roll Steigklemme mit Seilrolle beim Kletterprofi kaufen \u2705 kostenloser Versand* \u2705 14 Tage R\u00fcckgaberecht \u2705 Co2 neutraler Versand\",\"breadcrumb\":{\"@id\":\"https:\/\/bolting.eu\/en\/shop\/climbing-technoogy-quick-roll\/#breadcrumb\"},\"inLanguage\":\"en-US\",\"potentialAction\":[{\"@type\":\"ReadAction\",\"target\":[\"https:\/\/bolting.eu\/en\/shop\/climbing-technoogy-quick-roll\/\"]}]},{\"@type\":\"ImageObject\",\"inLanguage\":\"en-US\",\"@id\":\"https:\/\/bolting.eu\/en\/shop\/climbing-technoogy-quick-roll\/#primaryimage\",\"url\":\"https:\/\/bolting.eu\/wp-content\/uploads\/2024\/04\/Quick-Roll3.jpg\",\"contentUrl\":\"https:\/\/bolting.eu\/wp-content\/uploads\/2024\/04\/Quick-Roll3.jpg\",\"width\":700,\"height\":700,\"caption\":\"Orange Climbing Technology Quick Roll Steigklemme mit schwarzem Griff und Seilrolle von der Seite\"},{\"@type\":\"BreadcrumbList\",\"@id\":\"https:\/\/bolting.eu\/en\/shop\/climbing-technoogy-quick-roll\/#breadcrumb\",\"itemListElement\":[{\"@type\":\"ListItem\",\"position\":1,\"name\":\"Shop\",\"item\":\"https:\/\/bolting.eu\/en\/shop\/\"},{\"@type\":\"ListItem\",\"position\":2,\"name\":\"climbing equipment\",\"item\":\"https:\/\/bolting.eu\/en\/produkt-kategorie\/climbing-equipment\/\"},{\"@type\":\"ListItem\",\"position\":3,\"name\":\"Steigklemmen - Seilklemmen\",\"item\":\"https:\/\/bolting.eu\/produkt-kategorie\/kletterausruestung\/steigklemmen-seilklemmen\/\"},{\"@type\":\"ListItem\",\"position\":4,\"name\":\"Climbing Technoogy Quick Roll\"}]},{\"@type\":\"WebSite\",\"@id\":\"https:\/\/bolting.eu\/en\/#website\",\"url\":\"https:\/\/bolting.eu\/en\/\",\"name\":\"bolting.eu\",\"description\":\"we make climbs happen\",\"publisher\":{\"@id\":\"https:\/\/bolting.eu\/en\/#organization\"},\"potentialAction\":[{\"@type\":\"SearchAction\",\"target\":{\"@type\":\"EntryPoint\",\"urlTemplate\":\"https:\/\/bolting.eu\/en\/?s={search_term_string}\"},\"query-input\":{\"@type\":\"PropertyValueSpecification\",\"valueRequired\":true,\"valueName\":\"search_term_string\"}}],\"inLanguage\":\"en-US\"},{\"@type\":[\"Organization\",\"Place\",\"SportingGoodsStore\"],\"@id\":\"https:\/\/bolting.eu\/en\/#organization\",\"name\":\"bolting.eu\",\"url\":\"https:\/\/bolting.eu\/en\/\",\"logo\":{\"@id\":\"https:\/\/bolting.eu\/en\/shop\/climbing-technoogy-quick-roll\/#local-main-organization-logo\"},\"image\":{\"@id\":\"https:\/\/bolting.eu\/en\/shop\/climbing-technoogy-quick-roll\/#local-main-organization-logo\"},\"sameAs\":[\"https:\/\/www.facebook.com\/bolting.eu\",\"https:\/\/www.instagram.com\/bolting.eu\/\"],\"address\":{\"@id\":\"https:\/\/bolting.eu\/en\/shop\/climbing-technoogy-quick-roll\/#local-main-place-address\"},\"geo\":{\"@type\":\"GeoCoordinates\",\"latitude\":\"47.264176340396226\",\"longitude\":\"11.380109057672346\"},\"telephone\":[\"+43 699 19083372\"],\"openingHoursSpecification\":[{\"@type\":\"OpeningHoursSpecification\",\"dayOfWeek\":[\"Monday\",\"Wednesday\",\"Friday\"],\"opens\":\"14:00\",\"closes\":\"18:00\"},{\"@type\":\"OpeningHoursSpecification\",\"dayOfWeek\":[\"Tuesday\",\"Thursday\",\"Saturday\",\"Sunday\"],\"opens\":\"00:00\",\"closes\":\"00:00\"}],\"email\":\"office@bolting.eu\",\"vatID\":\"ATU59999728\",\"priceRange\":\"$$\",\"currenciesAccepted\":\"Euro\"},{\"@type\":\"PostalAddress\",\"@id\":\"https:\/\/bolting.eu\/en\/shop\/climbing-technoogy-quick-roll\/#local-main-place-address\",\"streetAddress\":\"Fischnalerstra\u00dfe 4\",\"addressLocality\":\"Innsbruck\",\"postalCode\":\"6020\",\"addressRegion\":\"Tirol\",\"addressCountry\":\"AT\"},{\"@type\":\"ImageObject\",\"inLanguage\":\"en-US\",\"@id\":\"https:\/\/bolting.eu\/en\/shop\/climbing-technoogy-quick-roll\/#local-main-organization-logo\",\"url\":\"https:\/\/bolting.eu\/wp-content\/uploads\/2019\/09\/bolting-logo.png\",\"contentUrl\":\"https:\/\/bolting.eu\/wp-content\/uploads\/2019\/09\/bolting-logo.png\",\"width\":400,\"height\":211,\"caption\":\"bolting.eu\"}]}<\/script>\n<meta property=\"og:video\" content=\"https:\/\/www.youtube.com\/embed\/kSXl8NsJEcY\" \/>\n<meta property=\"og:video:type\" content=\"text\/html\" \/>\n<meta property=\"og:video:duration\" content=\"348\" \/>\n<meta property=\"og:video:width\" content=\"480\" \/>\n<meta property=\"og:video:height\" content=\"270\" \/>\n<meta property=\"ya:ovs:adult\" content=\"false\" \/>\n<meta property=\"ya:ovs:upload_date\" content=\"2024-04-11T11:14:45+00:00\" \/>\n<meta property=\"ya:ovs:allow_embed\" content=\"true\" \/>\n<meta property=\"og:availability\" content=\"instock\" \/>\n<meta property=\"product:availability\" content=\"instock\" \/>\n<meta property=\"product:condition\" content=\"new\" \/>\n<meta name=\"geo.placename\" content=\"Innsbruck\" \/>\n<meta name=\"geo.position\" content=\"47.264176340396226;11.380109057672346\" \/>\n<meta name=\"geo.region\" content=\"Austria\" \/>\n<!-- \/ Yoast SEO Premium plugin. -->","yoast_head_json":{"title":"Climbing Technoogy Quick Roll Steigklemme mit Seilrolle | bolting.eu","description":"Climbing Technology Quick Roll Steigklemme mit Seilrolle beim Kletterprofi kaufen \u2705 kostenloser Versand* \u2705 14 Tage R\u00fcckgaberecht \u2705 Co2 neutraler Versand","robots":{"index":"index","follow":"follow","max-snippet":"max-snippet:-1","max-image-preview":"max-image-preview:large","max-video-preview":"max-video-preview:-1"},"canonical":"https:\/\/bolting.eu\/en\/shop\/climbing-technoogy-quick-roll\/","og_locale":"en_US","og_type":"article","og_title":"Climbing Technoogy Quick Roll","og_description":"Climbing Technology Quick Roll Steigklemme mit Seilrolle beim Kletterprofi kaufen \u2705 kostenloser Versand* \u2705 14 Tage R\u00fcckgaberecht \u2705 Co2 neutraler Versand","og_url":"https:\/\/bolting.eu\/en\/shop\/climbing-technoogy-quick-roll\/","og_site_name":"bolting.eu","article_publisher":"https:\/\/www.facebook.com\/bolting.eu","article_modified_time":"2026-02-04T09:55:36+00:00","og_image":[{"width":700,"height":700,"url":"https:\/\/bolting.eu\/wp-content\/uploads\/2024\/04\/Quick-Roll3.jpg","type":"image\/jpeg"}],"twitter_card":"summary_large_image","twitter_misc":{"Availability":"In stock"},"schema":{"@context":"https:\/\/schema.org","@graph":[{"@type":["WebPage","ItemPage"],"@id":"https:\/\/bolting.eu\/en\/shop\/climbing-technoogy-quick-roll\/","url":"https:\/\/bolting.eu\/en\/shop\/climbing-technoogy-quick-roll\/","name":"Climbing Technoogy Quick Roll Steigklemme mit Seilrolle | bolting.eu","isPartOf":{"@id":"https:\/\/bolting.eu\/en\/#website"},"primaryImageOfPage":{"@id":"https:\/\/bolting.eu\/en\/shop\/climbing-technoogy-quick-roll\/#primaryimage"},"image":{"@id":"https:\/\/bolting.eu\/en\/shop\/climbing-technoogy-quick-roll\/#primaryimage"},"thumbnailUrl":"https:\/\/bolting.eu\/wp-content\/uploads\/2024\/04\/Quick-Roll3.jpg","datePublished":"2024-04-11T11:14:45+00:00","dateModified":"2026-02-04T09:55:36+00:00","description":"Climbing Technology Quick Roll Steigklemme mit Seilrolle beim Kletterprofi kaufen \u2705 kostenloser Versand* \u2705 14 Tage R\u00fcckgaberecht \u2705 Co2 neutraler Versand","breadcrumb":{"@id":"https:\/\/bolting.eu\/en\/shop\/climbing-technoogy-quick-roll\/#breadcrumb"},"inLanguage":"en-US","potentialAction":[{"@type":"ReadAction","target":["https:\/\/bolting.eu\/en\/shop\/climbing-technoogy-quick-roll\/"]}]},{"@type":"ImageObject","inLanguage":"en-US","@id":"https:\/\/bolting.eu\/en\/shop\/climbing-technoogy-quick-roll\/#primaryimage","url":"https:\/\/bolting.eu\/wp-content\/uploads\/2024\/04\/Quick-Roll3.jpg","contentUrl":"https:\/\/bolting.eu\/wp-content\/uploads\/2024\/04\/Quick-Roll3.jpg","width":700,"height":700,"caption":"Orange Climbing Technology Quick Roll Steigklemme mit schwarzem Griff und Seilrolle von der Seite"},{"@type":"BreadcrumbList","@id":"https:\/\/bolting.eu\/en\/shop\/climbing-technoogy-quick-roll\/#breadcrumb","itemListElement":[{"@type":"ListItem","position":1,"name":"Shop","item":"https:\/\/bolting.eu\/en\/shop\/"},{"@type":"ListItem","position":2,"name":"climbing equipment","item":"https:\/\/bolting.eu\/en\/produkt-kategorie\/climbing-equipment\/"},{"@type":"ListItem","position":3,"name":"Steigklemmen - Seilklemmen","item":"https:\/\/bolting.eu\/produkt-kategorie\/kletterausruestung\/steigklemmen-seilklemmen\/"},{"@type":"ListItem","position":4,"name":"Climbing Technoogy Quick Roll"}]},{"@type":"WebSite","@id":"https:\/\/bolting.eu\/en\/#website","url":"https:\/\/bolting.eu\/en\/","name":"bolting.eu","description":"we make climbs happen","publisher":{"@id":"https:\/\/bolting.eu\/en\/#organization"},"potentialAction":[{"@type":"SearchAction","target":{"@type":"EntryPoint","urlTemplate":"https:\/\/bolting.eu\/en\/?s={search_term_string}"},"query-input":{"@type":"PropertyValueSpecification","valueRequired":true,"valueName":"search_term_string"}}],"inLanguage":"en-US"},{"@type":["Organization","Place","SportingGoodsStore"],"@id":"https:\/\/bolting.eu\/en\/#organization","name":"bolting.eu","url":"https:\/\/bolting.eu\/en\/","logo":{"@id":"https:\/\/bolting.eu\/en\/shop\/climbing-technoogy-quick-roll\/#local-main-organization-logo"},"image":{"@id":"https:\/\/bolting.eu\/en\/shop\/climbing-technoogy-quick-roll\/#local-main-organization-logo"},"sameAs":["https:\/\/www.facebook.com\/bolting.eu","https:\/\/www.instagram.com\/bolting.eu\/"],"address":{"@id":"https:\/\/bolting.eu\/en\/shop\/climbing-technoogy-quick-roll\/#local-main-place-address"},"geo":{"@type":"GeoCoordinates","latitude":"47.264176340396226","longitude":"11.380109057672346"},"telephone":["+43 699 19083372"],"openingHoursSpecification":[{"@type":"OpeningHoursSpecification","dayOfWeek":["Monday","Wednesday","Friday"],"opens":"14:00","closes":"18:00"},{"@type":"OpeningHoursSpecification","dayOfWeek":["Tuesday","Thursday","Saturday","Sunday"],"opens":"00:00","closes":"00:00"}],"email":"office@bolting.eu","vatID":"ATU59999728","priceRange":"$$","currenciesAccepted":"Euro"},{"@type":"PostalAddress","@id":"https:\/\/bolting.eu\/en\/shop\/climbing-technoogy-quick-roll\/#local-main-place-address","streetAddress":"Fischnalerstra\u00dfe 4","addressLocality":"Innsbruck","postalCode":"6020","addressRegion":"Tirol","addressCountry":"AT"},{"@type":"ImageObject","inLanguage":"en-US","@id":"https:\/\/bolting.eu\/en\/shop\/climbing-technoogy-quick-roll\/#local-main-organization-logo","url":"https:\/\/bolting.eu\/wp-content\/uploads\/2019\/09\/bolting-logo.png","contentUrl":"https:\/\/bolting.eu\/wp-content\/uploads\/2019\/09\/bolting-logo.png","width":400,"height":211,"caption":"bolting.eu"}]},"og_video":"https:\/\/www.youtube.com\/embed\/kSXl8NsJEcY","og_video_type":"text\/html","og_video_duration":"348","og_video_width":"480","og_video_height":"270","ya_ovs_adult":"false","ya_ovs_upload_date":"2024-04-11T11:14:45+00:00","ya_ovs_allow_embed":"true","og_availability":"instock","product_availability":"instock","product_condition":"new","geo.placename":"Innsbruck","geo.position":{"lat":"47.264176340396226","long":"11.380109057672346"},"geo.region":"Austria"},"_links":{"self":[{"href":"https:\/\/bolting.eu\/en\/wp-json\/wp\/v2\/product\/19261","targetHints":{"allow":["GET"]}}],"collection":[{"href":"https:\/\/bolting.eu\/en\/wp-json\/wp\/v2\/product"}],"about":[{"href":"https:\/\/bolting.eu\/en\/wp-json\/wp\/v2\/types\/product"}],"replies":[{"embeddable":true,"href":"https:\/\/bolting.eu\/en\/wp-json\/wp\/v2\/comments?post=19261"}],"wp:featuredmedia":[{"embeddable":true,"href":"https:\/\/bolting.eu\/en\/wp-json\/wp\/v2\/media\/21376"}],"wp:attachment":[{"href":"https:\/\/bolting.eu\/en\/wp-json\/wp\/v2\/media?parent=19261"}],"wp:term":[{"taxonomy":"product_brand","embeddable":true,"href":"https:\/\/bolting.eu\/en\/wp-json\/wp\/v2\/product_brand?post=19261"},{"taxonomy":"product_cat","embeddable":true,"href":"https:\/\/bolting.eu\/en\/wp-json\/wp\/v2\/product_cat?post=19261"},{"taxonomy":"product_tag","embeddable":true,"href":"https:\/\/bolting.eu\/en\/wp-json\/wp\/v2\/product_tag?post=19261"}],"curies":[{"name":"wp","href":"https:\/\/api.w.org\/{rel}","templated":true}]}}