{"id":19054,"date":"2024-03-20T11:30:50","date_gmt":"2024-03-20T10:30:50","guid":{"rendered":"https:\/\/bolting.eu\/?post_type=product&#038;p=19054"},"modified":"2024-03-21T15:24:55","modified_gmt":"2024-03-21T14:24:55","slug":"petzl-noctilight","status":"publish","type":"product","link":"https:\/\/bolting.eu\/en\/shop\/petzl-noctilight\/","title":{"rendered":"Petzl Noctilight"},"content":{"rendered":"<p>Die Petzl Noctiligt ist eine praktische Stirnlampen Transportbox.<\/p>\n<p>Sie sch\u00fctzt zum einen die Lampen vor Abrieb im <a href=\"https:\/\/bolting.eu\/produkt-kategorie\/kletterausruestung\/kletterrucksack\/\">Kletterrucksack<\/a>. Weiters vor\u00a0Bruch von Teilen und N\u00e4sse. Und zum anderen fungiert sie als &#8220;Laterne&#8221; durch eine spezielle Kunststoff Kuppel. Denn diese streut das Licht in alle Seiten ab. Man kann sie einfach hinstellen, im Zelt aufh\u00e4ngen, oder am <a href=\"https:\/\/bolting.eu\/produkt-kategorie\/kletterausruestung\/klettergurte\/\">Klettergurt<\/a> befestigen.<\/p>\n<p>Wir empfehlen diese Produkt Option vor allem f\u00fcr Alpinisten. Denn die weiteren Features sind ideal f\u00fcr Biwaks und N\u00e4chte drau\u00dfen.<\/p>\n<h2>Eigenschaften Noctilight<\/h2>\n<ul>\n<li>Hersteller <a href=\"https:\/\/bolting.eu\/produkt-kategorie\/petzl\/\">Petzl<\/a><\/li>\n<li>Material: Kunststoff, Polyamid, Alu<\/li>\n<li>Gewicht: 85 Gramm<\/li>\n<li>CE zertifiziert<\/li>\n<li>lichtdurchl\u00e4ssige Kuppel<\/li>\n<li>streut das Licht<\/li>\n<li>f\u00fcr viele Modelle: TIKKID, TIKKINA, TIKKA, TIKKA CORE, ACTIK, ACTIK CORE, SWIFT RL, ARIA 1 RGB und ARIA 2 RGB<\/li>\n<li>mit 3\/4 Rei\u00dfverschluss<\/li>\n<li>elastisches Band mit Haken zum Aufh\u00e4ngen<\/li>\n<li>kann auch einfach hin gestellt werden<\/li>\n<li>G\u00fcrtelbefestigung mit kleiner Schlaufe<\/li>\n<\/ul>\n<h3>Lampe + Schutzetui = Laterne<\/h3>\n<p>Das Besondere an diesem Produkt ist die lichtdurchl\u00e4ssige Kuppel. Der Kunststoff dort ist ganz speziell. Denn er &#8220;streut&#8221; das Licht.<\/p>\n<p>Legt man eine eingeschaltete Lampe ins die Noctilight, so wird sie dadurch zur &#8220;Laterne&#8221;. Das funktioniert am besten im &#8220;Economy&#8221; Modus. D.h. der kleinsten der drei Leuchtstufen vieler Modelle.<\/p>\n<p>Einfach auf den Tisch stellen z.B.. Schon wird die Umgebung ordentlich beleuchtet.<\/p>\n<p><a href=\"https:\/\/bolting.eu\/wp-content\/uploads\/2024\/03\/Petzl-Noctilight-1.jpg\"><img loading=\"lazy\" decoding=\"async\" class=\"alignnone wp-image-19060 size-medium\" src=\"https:\/\/bolting.eu\/wp-content\/uploads\/2024\/03\/Petzl-Noctilight-1-400x400.jpg\" alt=\"Petzl Noctilight Schutzetui mit eingeschalteter Lampe darin leuchtet als Laterne vor dunklem Hintergrund.\" width=\"400\" height=\"400\" srcset=\"https:\/\/bolting.eu\/wp-content\/uploads\/2024\/03\/Petzl-Noctilight-1-400x400.jpg 400w, https:\/\/bolting.eu\/wp-content\/uploads\/2024\/03\/Petzl-Noctilight-1-280x280.jpg 280w, https:\/\/bolting.eu\/wp-content\/uploads\/2024\/03\/Petzl-Noctilight-1-247x247.jpg 247w, https:\/\/bolting.eu\/wp-content\/uploads\/2024\/03\/Petzl-Noctilight-1-510x510.jpg 510w, https:\/\/bolting.eu\/wp-content\/uploads\/2024\/03\/Petzl-Noctilight-1-100x100.jpg 100w, https:\/\/bolting.eu\/wp-content\/uploads\/2024\/03\/Petzl-Noctilight-1.jpg 700w\" sizes=\"auto, (max-width: 400px) 100vw, 400px\" \/><\/a><\/p>\n<h3>Ideal zum Aufh\u00e4ngen<\/h3>\n<p>Petzl zeigt mit der Noctilight wieder einmal klar. Man denk die Dinge hier fertig.<\/p>\n<p>Denn die Schutzbox k\u00f6nnt ihr perfekt aufh\u00e4ngen. Daf\u00fcr sorgt die elastische Schnur mit einem Plastikhaken.<\/p>\n<p>Somit ist sie z.B. ideal f\u00fcr ein Zelt.<\/p>\n<p><a href=\"https:\/\/bolting.eu\/wp-content\/uploads\/2024\/03\/Petzl-Noctilight-4.jpg\"><img loading=\"lazy\" decoding=\"async\" class=\"alignnone wp-image-19057 size-medium\" src=\"https:\/\/bolting.eu\/wp-content\/uploads\/2024\/03\/Petzl-Noctilight-4-400x400.jpg\" alt=\"Petzl Noctilight Schutzbox mit eingeschalteter LAmpe darin aufgeh\u00e4ngt als Laterne vor dunklem Hintergrund.\" width=\"400\" height=\"400\" srcset=\"https:\/\/bolting.eu\/wp-content\/uploads\/2024\/03\/Petzl-Noctilight-4-400x400.jpg 400w, https:\/\/bolting.eu\/wp-content\/uploads\/2024\/03\/Petzl-Noctilight-4-280x280.jpg 280w, https:\/\/bolting.eu\/wp-content\/uploads\/2024\/03\/Petzl-Noctilight-4-247x247.jpg 247w, https:\/\/bolting.eu\/wp-content\/uploads\/2024\/03\/Petzl-Noctilight-4-510x510.jpg 510w, https:\/\/bolting.eu\/wp-content\/uploads\/2024\/03\/Petzl-Noctilight-4-100x100.jpg 100w, https:\/\/bolting.eu\/wp-content\/uploads\/2024\/03\/Petzl-Noctilight-4.jpg 700w\" sizes=\"auto, (max-width: 400px) 100vw, 400px\" \/><\/a><\/p>\n<p>&nbsp;<\/p>\n<p>&nbsp;<\/p>\n<p>&nbsp;<\/p>\n<p>&nbsp;<\/p>\n","protected":false},"excerpt":{"rendered":"<p>Praktische Schutzh\u00fclle mit lichtdurchl\u00e4ssiger Kuppel. Macht aus Stirnlampen eine eine &#8220;Laterne&#8221;.<\/p>\n<p>Kann aufgeh\u00e4ngt oder am Klettergurt befestigt werden.<\/p>\n<p>Versandkostenfrei bis 2kg in <img decoding=\"async\" class=\"emoji\" role=\"img\" draggable=\"false\" src=\"https:\/\/s.w.org\/images\/core\/emoji\/14.0.0\/svg\/1f1e6-1f1f9.svg\" alt=\"\ud83c\udde6\ud83c\uddf9\" \/> ab \u20ac 100,- und <img decoding=\"async\" class=\"emoji\" role=\"img\" draggable=\"false\" src=\"https:\/\/s.w.org\/images\/core\/emoji\/14.0.0\/svg\/1f1e9-1f1ea.svg\" alt=\"\ud83c\udde9\ud83c\uddea\" \/> ab \u20ac 200,-!<\/p>\n","protected":false},"featured_media":19058,"comment_status":"closed","ping_status":"closed","template":"","meta":[],"product_brand":[],"product_cat":[14483,29,14093],"product_tag":[],"class_list":{"0":"post-19054","1":"product","2":"type-product","3":"status-publish","4":"has-post-thumbnail","6":"product_cat-petzl-stirnlampen","7":"product_cat-kletterausruestung","8":"product_cat-petzl","10":"first","11":"instock","12":"taxable","13":"shipping-taxable","14":"purchasable","15":"product-type-simple"},"yoast_head":"<!-- This site is optimized with the Yoast SEO Premium plugin v26.9 (Yoast SEO v26.9) - https:\/\/yoast.com\/product\/yoast-seo-premium-wordpress\/ -->\n<title>Petzl Noctilight Stirnlapmen Schutzetui | bolting.eu<\/title>\n<meta name=\"description\" content=\"Petzl Noctilight Schutzetui beim Kletterprofi aus Innsbruck - Tirol kaufen \u2705 kostenloser Versand* \u2705 14 Tage R\u00fcckgaberecht \u2705 Co2 neutraler Versand\" \/>\n<meta name=\"robots\" content=\"index, follow, max-snippet:-1, max-image-preview:large, max-video-preview:-1\" \/>\n<link rel=\"canonical\" href=\"https:\/\/bolting.eu\/en\/shop\/petzl-noctilight\/\" \/>\n<meta property=\"og:locale\" content=\"en_US\" \/>\n<meta property=\"og:type\" content=\"article\" \/>\n<meta property=\"og:title\" content=\"Petzl Noctilight\" \/>\n<meta property=\"og:description\" content=\"Petzl Noctilight Schutzetui beim Kletterprofi aus Innsbruck - Tirol kaufen \u2705 kostenloser Versand* \u2705 14 Tage R\u00fcckgaberecht \u2705 Co2 neutraler Versand\" \/>\n<meta property=\"og:url\" content=\"https:\/\/bolting.eu\/en\/shop\/petzl-noctilight\/\" \/>\n<meta property=\"og:site_name\" content=\"bolting.eu\" \/>\n<meta property=\"article:publisher\" content=\"https:\/\/www.facebook.com\/bolting.eu\" \/>\n<meta property=\"article:modified_time\" content=\"2024-03-21T14:24:55+00:00\" \/>\n<meta property=\"og:image\" content=\"https:\/\/bolting.eu\/wp-content\/uploads\/2024\/03\/Petzl-Noctilight-3.jpg\" \/>\n\t<meta property=\"og:image:width\" content=\"700\" \/>\n\t<meta property=\"og:image:height\" content=\"700\" \/>\n\t<meta property=\"og:image:type\" content=\"image\/jpeg\" \/>\n<meta name=\"twitter:card\" content=\"summary_large_image\" \/>\n<meta name=\"twitter:label1\" content=\"Price\" \/>\n\t<meta name=\"twitter:data1\" content=\"&euro;&nbsp;20,00\" \/>\n\t<meta name=\"twitter:label2\" content=\"Availability\" \/>\n\t<meta name=\"twitter:data2\" content=\"In stock\" \/>\n<script type=\"application\/ld+json\" class=\"yoast-schema-graph\">{\"@context\":\"https:\/\/schema.org\",\"@graph\":[{\"@type\":[\"WebPage\",\"ItemPage\"],\"@id\":\"https:\/\/bolting.eu\/en\/shop\/petzl-noctilight\/\",\"url\":\"https:\/\/bolting.eu\/en\/shop\/petzl-noctilight\/\",\"name\":\"Petzl Noctilight Stirnlapmen Schutzetui | bolting.eu\",\"isPartOf\":{\"@id\":\"https:\/\/bolting.eu\/en\/#website\"},\"primaryImageOfPage\":{\"@id\":\"https:\/\/bolting.eu\/en\/shop\/petzl-noctilight\/#primaryimage\"},\"image\":{\"@id\":\"https:\/\/bolting.eu\/en\/shop\/petzl-noctilight\/#primaryimage\"},\"thumbnailUrl\":\"https:\/\/bolting.eu\/wp-content\/uploads\/2024\/03\/Petzl-Noctilight-3.jpg\",\"datePublished\":\"2024-03-20T10:30:50+00:00\",\"dateModified\":\"2024-03-21T14:24:55+00:00\",\"description\":\"Petzl Noctilight Schutzetui beim Kletterprofi aus Innsbruck - Tirol kaufen \u2705 kostenloser Versand* \u2705 14 Tage R\u00fcckgaberecht \u2705 Co2 neutraler Versand\",\"breadcrumb\":{\"@id\":\"https:\/\/bolting.eu\/en\/shop\/petzl-noctilight\/#breadcrumb\"},\"inLanguage\":\"en-US\",\"potentialAction\":[{\"@type\":\"ReadAction\",\"target\":[\"https:\/\/bolting.eu\/en\/shop\/petzl-noctilight\/\"]}]},{\"@type\":\"ImageObject\",\"inLanguage\":\"en-US\",\"@id\":\"https:\/\/bolting.eu\/en\/shop\/petzl-noctilight\/#primaryimage\",\"url\":\"https:\/\/bolting.eu\/wp-content\/uploads\/2024\/03\/Petzl-Noctilight-3.jpg\",\"contentUrl\":\"https:\/\/bolting.eu\/wp-content\/uploads\/2024\/03\/Petzl-Noctilight-3.jpg\",\"width\":700,\"height\":700,\"caption\":\"Petzl Noctilight Stirnlampen Schutzetui mit lichtdurchl\u00e4ssiger Kuppel und rotem Boden.\"},{\"@type\":\"BreadcrumbList\",\"@id\":\"https:\/\/bolting.eu\/en\/shop\/petzl-noctilight\/#breadcrumb\",\"itemListElement\":[{\"@type\":\"ListItem\",\"position\":1,\"name\":\"Shop\",\"item\":\"https:\/\/bolting.eu\/en\/shop\/\"},{\"@type\":\"ListItem\",\"position\":2,\"name\":\"climbing equipment\",\"item\":\"https:\/\/bolting.eu\/en\/produkt-kategorie\/climbing-equipment\/\"},{\"@type\":\"ListItem\",\"position\":3,\"name\":\"Petzl Stirnlampen\",\"item\":\"https:\/\/bolting.eu\/produkt-kategorie\/kletterausruestung\/petzl-stirnlampen\/\"},{\"@type\":\"ListItem\",\"position\":4,\"name\":\"Petzl Noctilight\"}]},{\"@type\":\"WebSite\",\"@id\":\"https:\/\/bolting.eu\/en\/#website\",\"url\":\"https:\/\/bolting.eu\/en\/\",\"name\":\"bolting.eu\",\"description\":\"we make climbs happen\",\"publisher\":{\"@id\":\"https:\/\/bolting.eu\/en\/#organization\"},\"potentialAction\":[{\"@type\":\"SearchAction\",\"target\":{\"@type\":\"EntryPoint\",\"urlTemplate\":\"https:\/\/bolting.eu\/en\/?s={search_term_string}\"},\"query-input\":{\"@type\":\"PropertyValueSpecification\",\"valueRequired\":true,\"valueName\":\"search_term_string\"}}],\"inLanguage\":\"en-US\"},{\"@type\":[\"Organization\",\"Place\",\"SportingGoodsStore\"],\"@id\":\"https:\/\/bolting.eu\/en\/#organization\",\"name\":\"bolting.eu\",\"url\":\"https:\/\/bolting.eu\/en\/\",\"logo\":{\"@id\":\"https:\/\/bolting.eu\/en\/shop\/petzl-noctilight\/#local-main-organization-logo\"},\"image\":{\"@id\":\"https:\/\/bolting.eu\/en\/shop\/petzl-noctilight\/#local-main-organization-logo\"},\"sameAs\":[\"https:\/\/www.facebook.com\/bolting.eu\",\"https:\/\/www.instagram.com\/bolting.eu\/\"],\"address\":{\"@id\":\"https:\/\/bolting.eu\/en\/shop\/petzl-noctilight\/#local-main-place-address\"},\"geo\":{\"@type\":\"GeoCoordinates\",\"latitude\":\"47.264176340396226\",\"longitude\":\"11.380109057672346\"},\"telephone\":[\"+43 699 19083372\"],\"openingHoursSpecification\":[{\"@type\":\"OpeningHoursSpecification\",\"dayOfWeek\":[\"Monday\",\"Wednesday\",\"Friday\"],\"opens\":\"14:00\",\"closes\":\"18:00\"},{\"@type\":\"OpeningHoursSpecification\",\"dayOfWeek\":[\"Tuesday\",\"Thursday\",\"Saturday\",\"Sunday\"],\"opens\":\"00:00\",\"closes\":\"00:00\"}],\"email\":\"office@bolting.eu\",\"vatID\":\"ATU59999728\",\"priceRange\":\"$$\",\"currenciesAccepted\":\"Euro\"},{\"@type\":\"PostalAddress\",\"@id\":\"https:\/\/bolting.eu\/en\/shop\/petzl-noctilight\/#local-main-place-address\",\"streetAddress\":\"Fischnalerstra\u00dfe 4\",\"addressLocality\":\"Innsbruck\",\"postalCode\":\"6020\",\"addressRegion\":\"Tirol\",\"addressCountry\":\"AT\"},{\"@type\":\"ImageObject\",\"inLanguage\":\"en-US\",\"@id\":\"https:\/\/bolting.eu\/en\/shop\/petzl-noctilight\/#local-main-organization-logo\",\"url\":\"https:\/\/bolting.eu\/wp-content\/uploads\/2019\/09\/bolting-logo.png\",\"contentUrl\":\"https:\/\/bolting.eu\/wp-content\/uploads\/2019\/09\/bolting-logo.png\",\"width\":400,\"height\":211,\"caption\":\"bolting.eu\"}]}<\/script>\n<meta property=\"product:price:amount\" content=\"20.00\" \/>\n<meta property=\"product:price:currency\" content=\"EUR\" \/>\n<meta property=\"og:availability\" content=\"instock\" \/>\n<meta property=\"product:availability\" content=\"instock\" \/>\n<meta property=\"product:retailer_item_id\" content=\"E093DA00\" \/>\n<meta property=\"product:condition\" content=\"new\" \/>\n<meta name=\"geo.placename\" content=\"Innsbruck\" \/>\n<meta name=\"geo.position\" content=\"47.264176340396226;11.380109057672346\" \/>\n<meta name=\"geo.region\" content=\"Austria\" \/>\n<!-- \/ Yoast SEO Premium plugin. -->","yoast_head_json":{"title":"Petzl Noctilight Stirnlapmen Schutzetui | bolting.eu","description":"Petzl Noctilight Schutzetui beim Kletterprofi aus Innsbruck - Tirol kaufen \u2705 kostenloser Versand* \u2705 14 Tage R\u00fcckgaberecht \u2705 Co2 neutraler Versand","robots":{"index":"index","follow":"follow","max-snippet":"max-snippet:-1","max-image-preview":"max-image-preview:large","max-video-preview":"max-video-preview:-1"},"canonical":"https:\/\/bolting.eu\/en\/shop\/petzl-noctilight\/","og_locale":"en_US","og_type":"article","og_title":"Petzl Noctilight","og_description":"Petzl Noctilight Schutzetui beim Kletterprofi aus Innsbruck - Tirol kaufen \u2705 kostenloser Versand* \u2705 14 Tage R\u00fcckgaberecht \u2705 Co2 neutraler Versand","og_url":"https:\/\/bolting.eu\/en\/shop\/petzl-noctilight\/","og_site_name":"bolting.eu","article_publisher":"https:\/\/www.facebook.com\/bolting.eu","article_modified_time":"2024-03-21T14:24:55+00:00","og_image":[{"width":700,"height":700,"url":"https:\/\/bolting.eu\/wp-content\/uploads\/2024\/03\/Petzl-Noctilight-3.jpg","type":"image\/jpeg"}],"twitter_card":"summary_large_image","twitter_misc":{"Price":"&euro;&nbsp;20,00","Availability":"In stock"},"schema":{"@context":"https:\/\/schema.org","@graph":[{"@type":["WebPage","ItemPage"],"@id":"https:\/\/bolting.eu\/en\/shop\/petzl-noctilight\/","url":"https:\/\/bolting.eu\/en\/shop\/petzl-noctilight\/","name":"Petzl Noctilight Stirnlapmen Schutzetui | bolting.eu","isPartOf":{"@id":"https:\/\/bolting.eu\/en\/#website"},"primaryImageOfPage":{"@id":"https:\/\/bolting.eu\/en\/shop\/petzl-noctilight\/#primaryimage"},"image":{"@id":"https:\/\/bolting.eu\/en\/shop\/petzl-noctilight\/#primaryimage"},"thumbnailUrl":"https:\/\/bolting.eu\/wp-content\/uploads\/2024\/03\/Petzl-Noctilight-3.jpg","datePublished":"2024-03-20T10:30:50+00:00","dateModified":"2024-03-21T14:24:55+00:00","description":"Petzl Noctilight Schutzetui beim Kletterprofi aus Innsbruck - Tirol kaufen \u2705 kostenloser Versand* \u2705 14 Tage R\u00fcckgaberecht \u2705 Co2 neutraler Versand","breadcrumb":{"@id":"https:\/\/bolting.eu\/en\/shop\/petzl-noctilight\/#breadcrumb"},"inLanguage":"en-US","potentialAction":[{"@type":"ReadAction","target":["https:\/\/bolting.eu\/en\/shop\/petzl-noctilight\/"]}]},{"@type":"ImageObject","inLanguage":"en-US","@id":"https:\/\/bolting.eu\/en\/shop\/petzl-noctilight\/#primaryimage","url":"https:\/\/bolting.eu\/wp-content\/uploads\/2024\/03\/Petzl-Noctilight-3.jpg","contentUrl":"https:\/\/bolting.eu\/wp-content\/uploads\/2024\/03\/Petzl-Noctilight-3.jpg","width":700,"height":700,"caption":"Petzl Noctilight Stirnlampen Schutzetui mit lichtdurchl\u00e4ssiger Kuppel und rotem Boden."},{"@type":"BreadcrumbList","@id":"https:\/\/bolting.eu\/en\/shop\/petzl-noctilight\/#breadcrumb","itemListElement":[{"@type":"ListItem","position":1,"name":"Shop","item":"https:\/\/bolting.eu\/en\/shop\/"},{"@type":"ListItem","position":2,"name":"climbing equipment","item":"https:\/\/bolting.eu\/en\/produkt-kategorie\/climbing-equipment\/"},{"@type":"ListItem","position":3,"name":"Petzl Stirnlampen","item":"https:\/\/bolting.eu\/produkt-kategorie\/kletterausruestung\/petzl-stirnlampen\/"},{"@type":"ListItem","position":4,"name":"Petzl Noctilight"}]},{"@type":"WebSite","@id":"https:\/\/bolting.eu\/en\/#website","url":"https:\/\/bolting.eu\/en\/","name":"bolting.eu","description":"we make climbs happen","publisher":{"@id":"https:\/\/bolting.eu\/en\/#organization"},"potentialAction":[{"@type":"SearchAction","target":{"@type":"EntryPoint","urlTemplate":"https:\/\/bolting.eu\/en\/?s={search_term_string}"},"query-input":{"@type":"PropertyValueSpecification","valueRequired":true,"valueName":"search_term_string"}}],"inLanguage":"en-US"},{"@type":["Organization","Place","SportingGoodsStore"],"@id":"https:\/\/bolting.eu\/en\/#organization","name":"bolting.eu","url":"https:\/\/bolting.eu\/en\/","logo":{"@id":"https:\/\/bolting.eu\/en\/shop\/petzl-noctilight\/#local-main-organization-logo"},"image":{"@id":"https:\/\/bolting.eu\/en\/shop\/petzl-noctilight\/#local-main-organization-logo"},"sameAs":["https:\/\/www.facebook.com\/bolting.eu","https:\/\/www.instagram.com\/bolting.eu\/"],"address":{"@id":"https:\/\/bolting.eu\/en\/shop\/petzl-noctilight\/#local-main-place-address"},"geo":{"@type":"GeoCoordinates","latitude":"47.264176340396226","longitude":"11.380109057672346"},"telephone":["+43 699 19083372"],"openingHoursSpecification":[{"@type":"OpeningHoursSpecification","dayOfWeek":["Monday","Wednesday","Friday"],"opens":"14:00","closes":"18:00"},{"@type":"OpeningHoursSpecification","dayOfWeek":["Tuesday","Thursday","Saturday","Sunday"],"opens":"00:00","closes":"00:00"}],"email":"office@bolting.eu","vatID":"ATU59999728","priceRange":"$$","currenciesAccepted":"Euro"},{"@type":"PostalAddress","@id":"https:\/\/bolting.eu\/en\/shop\/petzl-noctilight\/#local-main-place-address","streetAddress":"Fischnalerstra\u00dfe 4","addressLocality":"Innsbruck","postalCode":"6020","addressRegion":"Tirol","addressCountry":"AT"},{"@type":"ImageObject","inLanguage":"en-US","@id":"https:\/\/bolting.eu\/en\/shop\/petzl-noctilight\/#local-main-organization-logo","url":"https:\/\/bolting.eu\/wp-content\/uploads\/2019\/09\/bolting-logo.png","contentUrl":"https:\/\/bolting.eu\/wp-content\/uploads\/2019\/09\/bolting-logo.png","width":400,"height":211,"caption":"bolting.eu"}]},"product_price_amount":"20.00","product_price_currency":"EUR","og_availability":"instock","product_availability":"instock","product_retailer_item_id":"E093DA00","product_condition":"new","geo.placename":"Innsbruck","geo.position":{"lat":"47.264176340396226","long":"11.380109057672346"},"geo.region":"Austria"},"_links":{"self":[{"href":"https:\/\/bolting.eu\/en\/wp-json\/wp\/v2\/product\/19054","targetHints":{"allow":["GET"]}}],"collection":[{"href":"https:\/\/bolting.eu\/en\/wp-json\/wp\/v2\/product"}],"about":[{"href":"https:\/\/bolting.eu\/en\/wp-json\/wp\/v2\/types\/product"}],"replies":[{"embeddable":true,"href":"https:\/\/bolting.eu\/en\/wp-json\/wp\/v2\/comments?post=19054"}],"wp:featuredmedia":[{"embeddable":true,"href":"https:\/\/bolting.eu\/en\/wp-json\/wp\/v2\/media\/19058"}],"wp:attachment":[{"href":"https:\/\/bolting.eu\/en\/wp-json\/wp\/v2\/media?parent=19054"}],"wp:term":[{"taxonomy":"product_brand","embeddable":true,"href":"https:\/\/bolting.eu\/en\/wp-json\/wp\/v2\/product_brand?post=19054"},{"taxonomy":"product_cat","embeddable":true,"href":"https:\/\/bolting.eu\/en\/wp-json\/wp\/v2\/product_cat?post=19054"},{"taxonomy":"product_tag","embeddable":true,"href":"https:\/\/bolting.eu\/en\/wp-json\/wp\/v2\/product_tag?post=19054"}],"curies":[{"name":"wp","href":"https:\/\/api.w.org\/{rel}","templated":true}]}}