{"id":19051,"date":"2024-03-20T10:05:27","date_gmt":"2024-03-20T09:05:27","guid":{"rendered":"https:\/\/bolting.eu\/?post_type=product&#038;p=19051"},"modified":"2024-03-21T15:28:52","modified_gmt":"2024-03-21T14:28:52","slug":"petzl-shell-l-stirnlampen-etui","status":"publish","type":"product","link":"https:\/\/bolting.eu\/en\/shop\/petzl-shell-l-stirnlampen-etui\/","title":{"rendered":"Petzl Shell L Stirnlampen Etui"},"content":{"rendered":"<p>Die Petzl Etui &#8220;Shell L&#8221; ist ein praktischer Schutz f\u00fcr Stirnlampen.<\/p>\n<p>Denn es ist recht klein und &#8220;eif\u00f6rmig&#8221; gebaut. Somit kann man seine Lampen immer gesch\u00fctzt verstauen.<\/p>\n<p>Die H\u00fclle besteht hierf\u00fcr aus hartem Kunststoff. Innen hat es ein d\u00fcnnes Fleece zum Schutz gegen Abrieb. Au\u00dfen ist es mit einem d\u00fcnnen Schaumstoff ummantelt. Das sch\u00fctzt vor Bruch von Kunststoffteilen. Wie z.B. bei &#8220;Einquetschen&#8221; im <a href=\"https:\/\/bolting.eu\/produkt-kategorie\/kletterausruestung\/kletterrucksack\/\">Kletterrucksack<\/a>.<\/p>\n<p>Ge\u00f6ffnet wird die Schutzh\u00fclle durch einen 3\/4 Rei\u00dfverschluss. Kurzum. Super praktisch!<\/p>\n<h2>Eigenschaften Petzl Etui Shell L<\/h2>\n<ul>\n<li>Material: Kunststoff, Polyamid, EVA Schaumstoff<\/li>\n<li>Gewicht: 41 Gramm<\/li>\n<li>Fleece auf Innenseite<\/li>\n<li>kleine Mesh Tasche innen f\u00fcr Batterien oder <a href=\"https:\/\/bolting.eu\/shop\/petzl-stirnlampen-akku\/\">Core Stirnlampen Akku<\/a><\/li>\n<li>harte Kunststoff H\u00fclle<\/li>\n<li>EVA Schaumstoff au\u00dfen<\/li>\n<li>Gummiband au\u00dfen mit \u00d6se f\u00fcr <a href=\"https:\/\/bolting.eu\/produkt-kategorie\/kletterausruestung\/kletterkarabiner\/materialkarabiner\/\">Materialkarabiner<\/a> bzw. Montage auf H\u00fcftgurt<\/li>\n<li>geeignet f\u00fcr diese Modelle: TIKKID, TIKKINA, TIKKA, TIKKA CORE, ACTIK, ACTIK CORE, ARIA 1 RGB und ARIA 2 RGB<\/li>\n<\/ul>\n<h3>Weshalb sollte ich meine Stirnlampe sch\u00fctzen?<\/h3>\n<p>In unseren Klettershop in Innsbruck empfehlen wir Kunden dieses Etui von <a href=\"https:\/\/bolting.eu\/produkt-kategorie\/petzl\/\">Petzl<\/a>. Darauf hin bekommen wir oft diese Gegenfrage: Wof\u00fcr sollte ich das denn brauchen?<\/p>\n<p>F\u00fcr uns ist das ein klarer Hinweis. K\u00e4ufer sind sich der gro\u00dfen Vorteile nicht bewusst.<\/p>\n<p>Erstens sch\u00fctzt die H\u00fclle die Lampe vor Abrieb. Besonders das Kunststoffglas vorne kann davon betroffen sein. Wenn man z.B. die Lampe einfach so in den Kletterrucksack &#8220;stopft&#8221;. Dann wird sie stark zerkratzt. Das Licht streut in diesem fall nicht mehr so gut.<\/p>\n<p>Zweitens k\u00f6nnen ohne Schutzh\u00fclle d\u00fcnne Kunststoffteile brechen. Wie z.B. rund um die Batteriefassung. Besonders wenn die Lampe gequestscht wird. Wie bei Lagerung in der Deckeltasche.<\/p>\n<p>Drittens sch\u00fctzt das Etui die Lampe sowohl vor N\u00e4sse als auch K\u00e4lte.<\/p>\n<p>Und viertens kann man die Lampe so leicht am <a href=\"https:\/\/bolting.eu\/produkt-kategorie\/kletterausruestung\/klettergurte\/\">Klettergurt<\/a> mitnehmen. Denn sie hat ja ein Band mit \u00d6se auf der Au\u00dfenseite.<\/p>\n","protected":false},"excerpt":{"rendered":"<p>Praktisches Etui f\u00fcr viele Petzl Stirnlampen Modelle.<\/p>\n<p>Sch\u00fctzt vor Abrieb, Bruch von Kunststoffteilen, N\u00e4sse und Kalte.<\/p>\n<p>Versandkostenfrei bis 2kg in <img decoding=\"async\" class=\"emoji\" role=\"img\" draggable=\"false\" src=\"https:\/\/s.w.org\/images\/core\/emoji\/14.0.0\/svg\/1f1e6-1f1f9.svg\" alt=\"\ud83c\udde6\ud83c\uddf9\" \/> ab \u20ac 100,- und <img decoding=\"async\" class=\"emoji\" role=\"img\" draggable=\"false\" src=\"https:\/\/s.w.org\/images\/core\/emoji\/14.0.0\/svg\/1f1e9-1f1ea.svg\" alt=\"\ud83c\udde9\ud83c\uddea\" \/> ab \u20ac 200,-!<\/p>\n","protected":false},"featured_media":19052,"comment_status":"closed","ping_status":"closed","template":"","meta":[],"product_brand":[],"product_cat":[29,14093,14483],"product_tag":[],"class_list":{"0":"post-19051","1":"product","2":"type-product","3":"status-publish","4":"has-post-thumbnail","6":"product_cat-kletterausruestung","7":"product_cat-petzl","8":"product_cat-petzl-stirnlampen","10":"first","11":"instock","12":"taxable","13":"shipping-taxable","14":"purchasable","15":"product-type-simple"},"yoast_head":"<!-- This site is optimized with the Yoast SEO Premium plugin v26.9 (Yoast SEO v26.9) - https:\/\/yoast.com\/product\/yoast-seo-premium-wordpress\/ -->\n<title>Petzl Shell L Stirnlampen Etui | bolting.eu<\/title>\n<meta name=\"description\" content=\"Petzl Etui SHEL L f\u00fcr Stirnlampen beim Kletterprofi aus Innsbruck - Tirol kaufen \u2705 kostenloser Versand* \u2705 14 Tage R\u00fcckgaberecht \u2705 Co2 neutraler Versand\" \/>\n<meta name=\"robots\" content=\"index, follow, max-snippet:-1, max-image-preview:large, max-video-preview:-1\" \/>\n<link rel=\"canonical\" href=\"https:\/\/bolting.eu\/en\/shop\/petzl-shell-l-stirnlampen-etui\/\" \/>\n<meta property=\"og:locale\" content=\"en_US\" \/>\n<meta property=\"og:type\" content=\"article\" \/>\n<meta property=\"og:title\" content=\"Petzl Shell L Stirnlampen Etui\" \/>\n<meta property=\"og:description\" content=\"Petzl Etui SHEL L f\u00fcr Stirnlampen beim Kletterprofi aus Innsbruck - Tirol kaufen \u2705 kostenloser Versand* \u2705 14 Tage R\u00fcckgaberecht \u2705 Co2 neutraler Versand\" \/>\n<meta property=\"og:url\" content=\"https:\/\/bolting.eu\/en\/shop\/petzl-shell-l-stirnlampen-etui\/\" \/>\n<meta property=\"og:site_name\" content=\"bolting.eu\" \/>\n<meta property=\"article:publisher\" content=\"https:\/\/www.facebook.com\/bolting.eu\" \/>\n<meta property=\"article:modified_time\" content=\"2024-03-21T14:28:52+00:00\" \/>\n<meta property=\"og:image\" content=\"https:\/\/bolting.eu\/wp-content\/uploads\/2024\/03\/Petzl-Shel-L-Etui.jpg\" \/>\n\t<meta property=\"og:image:width\" content=\"700\" \/>\n\t<meta property=\"og:image:height\" content=\"700\" \/>\n\t<meta property=\"og:image:type\" content=\"image\/jpeg\" \/>\n<meta name=\"twitter:card\" content=\"summary_large_image\" \/>\n<meta name=\"twitter:label1\" content=\"Price\" \/>\n\t<meta name=\"twitter:data1\" content=\"&euro;&nbsp;15,00\" \/>\n\t<meta name=\"twitter:label2\" content=\"Availability\" \/>\n\t<meta name=\"twitter:data2\" content=\"In stock\" \/>\n<script type=\"application\/ld+json\" class=\"yoast-schema-graph\">{\"@context\":\"https:\/\/schema.org\",\"@graph\":[{\"@type\":[\"WebPage\",\"ItemPage\"],\"@id\":\"https:\/\/bolting.eu\/en\/shop\/petzl-shell-l-stirnlampen-etui\/\",\"url\":\"https:\/\/bolting.eu\/en\/shop\/petzl-shell-l-stirnlampen-etui\/\",\"name\":\"Petzl Shell L Stirnlampen Etui | bolting.eu\",\"isPartOf\":{\"@id\":\"https:\/\/bolting.eu\/en\/#website\"},\"primaryImageOfPage\":{\"@id\":\"https:\/\/bolting.eu\/en\/shop\/petzl-shell-l-stirnlampen-etui\/#primaryimage\"},\"image\":{\"@id\":\"https:\/\/bolting.eu\/en\/shop\/petzl-shell-l-stirnlampen-etui\/#primaryimage\"},\"thumbnailUrl\":\"https:\/\/bolting.eu\/wp-content\/uploads\/2024\/03\/Petzl-Shel-L-Etui.jpg\",\"datePublished\":\"2024-03-20T09:05:27+00:00\",\"dateModified\":\"2024-03-21T14:28:52+00:00\",\"description\":\"Petzl Etui SHEL L f\u00fcr Stirnlampen beim Kletterprofi aus Innsbruck - Tirol kaufen \u2705 kostenloser Versand* \u2705 14 Tage R\u00fcckgaberecht \u2705 Co2 neutraler Versand\",\"breadcrumb\":{\"@id\":\"https:\/\/bolting.eu\/en\/shop\/petzl-shell-l-stirnlampen-etui\/#breadcrumb\"},\"inLanguage\":\"en-US\",\"potentialAction\":[{\"@type\":\"ReadAction\",\"target\":[\"https:\/\/bolting.eu\/en\/shop\/petzl-shell-l-stirnlampen-etui\/\"]}]},{\"@type\":\"ImageObject\",\"inLanguage\":\"en-US\",\"@id\":\"https:\/\/bolting.eu\/en\/shop\/petzl-shell-l-stirnlampen-etui\/#primaryimage\",\"url\":\"https:\/\/bolting.eu\/wp-content\/uploads\/2024\/03\/Petzl-Shel-L-Etui.jpg\",\"contentUrl\":\"https:\/\/bolting.eu\/wp-content\/uploads\/2024\/03\/Petzl-Shel-L-Etui.jpg\",\"width\":700,\"height\":700,\"caption\":\"Graues Petz Etui f\u00fcr Stirnlampen mit Rei\u00dfverschluss und Logo in wei\u00df.\"},{\"@type\":\"BreadcrumbList\",\"@id\":\"https:\/\/bolting.eu\/en\/shop\/petzl-shell-l-stirnlampen-etui\/#breadcrumb\",\"itemListElement\":[{\"@type\":\"ListItem\",\"position\":1,\"name\":\"Shop\",\"item\":\"https:\/\/bolting.eu\/en\/shop\/\"},{\"@type\":\"ListItem\",\"position\":2,\"name\":\"climbing equipment\",\"item\":\"https:\/\/bolting.eu\/en\/produkt-kategorie\/climbing-equipment\/\"},{\"@type\":\"ListItem\",\"position\":3,\"name\":\"Petzl Stirnlampen\",\"item\":\"https:\/\/bolting.eu\/produkt-kategorie\/kletterausruestung\/petzl-stirnlampen\/\"},{\"@type\":\"ListItem\",\"position\":4,\"name\":\"Petzl Shell L Stirnlampen Etui\"}]},{\"@type\":\"WebSite\",\"@id\":\"https:\/\/bolting.eu\/en\/#website\",\"url\":\"https:\/\/bolting.eu\/en\/\",\"name\":\"bolting.eu\",\"description\":\"we make climbs happen\",\"publisher\":{\"@id\":\"https:\/\/bolting.eu\/en\/#organization\"},\"potentialAction\":[{\"@type\":\"SearchAction\",\"target\":{\"@type\":\"EntryPoint\",\"urlTemplate\":\"https:\/\/bolting.eu\/en\/?s={search_term_string}\"},\"query-input\":{\"@type\":\"PropertyValueSpecification\",\"valueRequired\":true,\"valueName\":\"search_term_string\"}}],\"inLanguage\":\"en-US\"},{\"@type\":[\"Organization\",\"Place\",\"SportingGoodsStore\"],\"@id\":\"https:\/\/bolting.eu\/en\/#organization\",\"name\":\"bolting.eu\",\"url\":\"https:\/\/bolting.eu\/en\/\",\"logo\":{\"@id\":\"https:\/\/bolting.eu\/en\/shop\/petzl-shell-l-stirnlampen-etui\/#local-main-organization-logo\"},\"image\":{\"@id\":\"https:\/\/bolting.eu\/en\/shop\/petzl-shell-l-stirnlampen-etui\/#local-main-organization-logo\"},\"sameAs\":[\"https:\/\/www.facebook.com\/bolting.eu\",\"https:\/\/www.instagram.com\/bolting.eu\/\"],\"address\":{\"@id\":\"https:\/\/bolting.eu\/en\/shop\/petzl-shell-l-stirnlampen-etui\/#local-main-place-address\"},\"geo\":{\"@type\":\"GeoCoordinates\",\"latitude\":\"47.264176340396226\",\"longitude\":\"11.380109057672346\"},\"telephone\":[\"+43 699 19083372\"],\"openingHoursSpecification\":[{\"@type\":\"OpeningHoursSpecification\",\"dayOfWeek\":[\"Monday\",\"Wednesday\",\"Friday\"],\"opens\":\"14:00\",\"closes\":\"18:00\"},{\"@type\":\"OpeningHoursSpecification\",\"dayOfWeek\":[\"Tuesday\",\"Thursday\",\"Saturday\",\"Sunday\"],\"opens\":\"00:00\",\"closes\":\"00:00\"}],\"email\":\"office@bolting.eu\",\"vatID\":\"ATU59999728\",\"priceRange\":\"$$\",\"currenciesAccepted\":\"Euro\"},{\"@type\":\"PostalAddress\",\"@id\":\"https:\/\/bolting.eu\/en\/shop\/petzl-shell-l-stirnlampen-etui\/#local-main-place-address\",\"streetAddress\":\"Fischnalerstra\u00dfe 4\",\"addressLocality\":\"Innsbruck\",\"postalCode\":\"6020\",\"addressRegion\":\"Tirol\",\"addressCountry\":\"AT\"},{\"@type\":\"ImageObject\",\"inLanguage\":\"en-US\",\"@id\":\"https:\/\/bolting.eu\/en\/shop\/petzl-shell-l-stirnlampen-etui\/#local-main-organization-logo\",\"url\":\"https:\/\/bolting.eu\/wp-content\/uploads\/2019\/09\/bolting-logo.png\",\"contentUrl\":\"https:\/\/bolting.eu\/wp-content\/uploads\/2019\/09\/bolting-logo.png\",\"width\":400,\"height\":211,\"caption\":\"bolting.eu\"}]}<\/script>\n<meta property=\"product:price:amount\" content=\"15.00\" \/>\n<meta property=\"product:price:currency\" content=\"EUR\" \/>\n<meta property=\"og:availability\" content=\"instock\" \/>\n<meta property=\"product:availability\" content=\"instock\" \/>\n<meta property=\"product:retailer_item_id\" content=\"E93990\" \/>\n<meta property=\"product:condition\" content=\"new\" \/>\n<meta name=\"geo.placename\" content=\"Innsbruck\" \/>\n<meta name=\"geo.position\" content=\"47.264176340396226;11.380109057672346\" \/>\n<meta name=\"geo.region\" content=\"Austria\" \/>\n<!-- \/ Yoast SEO Premium plugin. -->","yoast_head_json":{"title":"Petzl Shell L Stirnlampen Etui | bolting.eu","description":"Petzl Etui SHEL L f\u00fcr Stirnlampen beim Kletterprofi aus Innsbruck - Tirol kaufen \u2705 kostenloser Versand* \u2705 14 Tage R\u00fcckgaberecht \u2705 Co2 neutraler Versand","robots":{"index":"index","follow":"follow","max-snippet":"max-snippet:-1","max-image-preview":"max-image-preview:large","max-video-preview":"max-video-preview:-1"},"canonical":"https:\/\/bolting.eu\/en\/shop\/petzl-shell-l-stirnlampen-etui\/","og_locale":"en_US","og_type":"article","og_title":"Petzl Shell L Stirnlampen Etui","og_description":"Petzl Etui SHEL L f\u00fcr Stirnlampen beim Kletterprofi aus Innsbruck - Tirol kaufen \u2705 kostenloser Versand* \u2705 14 Tage R\u00fcckgaberecht \u2705 Co2 neutraler Versand","og_url":"https:\/\/bolting.eu\/en\/shop\/petzl-shell-l-stirnlampen-etui\/","og_site_name":"bolting.eu","article_publisher":"https:\/\/www.facebook.com\/bolting.eu","article_modified_time":"2024-03-21T14:28:52+00:00","og_image":[{"width":700,"height":700,"url":"https:\/\/bolting.eu\/wp-content\/uploads\/2024\/03\/Petzl-Shel-L-Etui.jpg","type":"image\/jpeg"}],"twitter_card":"summary_large_image","twitter_misc":{"Price":"&euro;&nbsp;15,00","Availability":"In stock"},"schema":{"@context":"https:\/\/schema.org","@graph":[{"@type":["WebPage","ItemPage"],"@id":"https:\/\/bolting.eu\/en\/shop\/petzl-shell-l-stirnlampen-etui\/","url":"https:\/\/bolting.eu\/en\/shop\/petzl-shell-l-stirnlampen-etui\/","name":"Petzl Shell L Stirnlampen Etui | bolting.eu","isPartOf":{"@id":"https:\/\/bolting.eu\/en\/#website"},"primaryImageOfPage":{"@id":"https:\/\/bolting.eu\/en\/shop\/petzl-shell-l-stirnlampen-etui\/#primaryimage"},"image":{"@id":"https:\/\/bolting.eu\/en\/shop\/petzl-shell-l-stirnlampen-etui\/#primaryimage"},"thumbnailUrl":"https:\/\/bolting.eu\/wp-content\/uploads\/2024\/03\/Petzl-Shel-L-Etui.jpg","datePublished":"2024-03-20T09:05:27+00:00","dateModified":"2024-03-21T14:28:52+00:00","description":"Petzl Etui SHEL L f\u00fcr Stirnlampen beim Kletterprofi aus Innsbruck - Tirol kaufen \u2705 kostenloser Versand* \u2705 14 Tage R\u00fcckgaberecht \u2705 Co2 neutraler Versand","breadcrumb":{"@id":"https:\/\/bolting.eu\/en\/shop\/petzl-shell-l-stirnlampen-etui\/#breadcrumb"},"inLanguage":"en-US","potentialAction":[{"@type":"ReadAction","target":["https:\/\/bolting.eu\/en\/shop\/petzl-shell-l-stirnlampen-etui\/"]}]},{"@type":"ImageObject","inLanguage":"en-US","@id":"https:\/\/bolting.eu\/en\/shop\/petzl-shell-l-stirnlampen-etui\/#primaryimage","url":"https:\/\/bolting.eu\/wp-content\/uploads\/2024\/03\/Petzl-Shel-L-Etui.jpg","contentUrl":"https:\/\/bolting.eu\/wp-content\/uploads\/2024\/03\/Petzl-Shel-L-Etui.jpg","width":700,"height":700,"caption":"Graues Petz Etui f\u00fcr Stirnlampen mit Rei\u00dfverschluss und Logo in wei\u00df."},{"@type":"BreadcrumbList","@id":"https:\/\/bolting.eu\/en\/shop\/petzl-shell-l-stirnlampen-etui\/#breadcrumb","itemListElement":[{"@type":"ListItem","position":1,"name":"Shop","item":"https:\/\/bolting.eu\/en\/shop\/"},{"@type":"ListItem","position":2,"name":"climbing equipment","item":"https:\/\/bolting.eu\/en\/produkt-kategorie\/climbing-equipment\/"},{"@type":"ListItem","position":3,"name":"Petzl Stirnlampen","item":"https:\/\/bolting.eu\/produkt-kategorie\/kletterausruestung\/petzl-stirnlampen\/"},{"@type":"ListItem","position":4,"name":"Petzl Shell L Stirnlampen Etui"}]},{"@type":"WebSite","@id":"https:\/\/bolting.eu\/en\/#website","url":"https:\/\/bolting.eu\/en\/","name":"bolting.eu","description":"we make climbs happen","publisher":{"@id":"https:\/\/bolting.eu\/en\/#organization"},"potentialAction":[{"@type":"SearchAction","target":{"@type":"EntryPoint","urlTemplate":"https:\/\/bolting.eu\/en\/?s={search_term_string}"},"query-input":{"@type":"PropertyValueSpecification","valueRequired":true,"valueName":"search_term_string"}}],"inLanguage":"en-US"},{"@type":["Organization","Place","SportingGoodsStore"],"@id":"https:\/\/bolting.eu\/en\/#organization","name":"bolting.eu","url":"https:\/\/bolting.eu\/en\/","logo":{"@id":"https:\/\/bolting.eu\/en\/shop\/petzl-shell-l-stirnlampen-etui\/#local-main-organization-logo"},"image":{"@id":"https:\/\/bolting.eu\/en\/shop\/petzl-shell-l-stirnlampen-etui\/#local-main-organization-logo"},"sameAs":["https:\/\/www.facebook.com\/bolting.eu","https:\/\/www.instagram.com\/bolting.eu\/"],"address":{"@id":"https:\/\/bolting.eu\/en\/shop\/petzl-shell-l-stirnlampen-etui\/#local-main-place-address"},"geo":{"@type":"GeoCoordinates","latitude":"47.264176340396226","longitude":"11.380109057672346"},"telephone":["+43 699 19083372"],"openingHoursSpecification":[{"@type":"OpeningHoursSpecification","dayOfWeek":["Monday","Wednesday","Friday"],"opens":"14:00","closes":"18:00"},{"@type":"OpeningHoursSpecification","dayOfWeek":["Tuesday","Thursday","Saturday","Sunday"],"opens":"00:00","closes":"00:00"}],"email":"office@bolting.eu","vatID":"ATU59999728","priceRange":"$$","currenciesAccepted":"Euro"},{"@type":"PostalAddress","@id":"https:\/\/bolting.eu\/en\/shop\/petzl-shell-l-stirnlampen-etui\/#local-main-place-address","streetAddress":"Fischnalerstra\u00dfe 4","addressLocality":"Innsbruck","postalCode":"6020","addressRegion":"Tirol","addressCountry":"AT"},{"@type":"ImageObject","inLanguage":"en-US","@id":"https:\/\/bolting.eu\/en\/shop\/petzl-shell-l-stirnlampen-etui\/#local-main-organization-logo","url":"https:\/\/bolting.eu\/wp-content\/uploads\/2019\/09\/bolting-logo.png","contentUrl":"https:\/\/bolting.eu\/wp-content\/uploads\/2019\/09\/bolting-logo.png","width":400,"height":211,"caption":"bolting.eu"}]},"product_price_amount":"15.00","product_price_currency":"EUR","og_availability":"instock","product_availability":"instock","product_retailer_item_id":"E93990","product_condition":"new","geo.placename":"Innsbruck","geo.position":{"lat":"47.264176340396226","long":"11.380109057672346"},"geo.region":"Austria"},"_links":{"self":[{"href":"https:\/\/bolting.eu\/en\/wp-json\/wp\/v2\/product\/19051","targetHints":{"allow":["GET"]}}],"collection":[{"href":"https:\/\/bolting.eu\/en\/wp-json\/wp\/v2\/product"}],"about":[{"href":"https:\/\/bolting.eu\/en\/wp-json\/wp\/v2\/types\/product"}],"replies":[{"embeddable":true,"href":"https:\/\/bolting.eu\/en\/wp-json\/wp\/v2\/comments?post=19051"}],"wp:featuredmedia":[{"embeddable":true,"href":"https:\/\/bolting.eu\/en\/wp-json\/wp\/v2\/media\/19052"}],"wp:attachment":[{"href":"https:\/\/bolting.eu\/en\/wp-json\/wp\/v2\/media?parent=19051"}],"wp:term":[{"taxonomy":"product_brand","embeddable":true,"href":"https:\/\/bolting.eu\/en\/wp-json\/wp\/v2\/product_brand?post=19051"},{"taxonomy":"product_cat","embeddable":true,"href":"https:\/\/bolting.eu\/en\/wp-json\/wp\/v2\/product_cat?post=19051"},{"taxonomy":"product_tag","embeddable":true,"href":"https:\/\/bolting.eu\/en\/wp-json\/wp\/v2\/product_tag?post=19051"}],"curies":[{"name":"wp","href":"https:\/\/api.w.org\/{rel}","templated":true}]}}