{"id":18943,"date":"2024-03-13T13:08:15","date_gmt":"2024-03-13T12:08:15","guid":{"rendered":"https:\/\/bolting.eu\/?post_type=product&#038;p=18943"},"modified":"2024-03-13T13:08:16","modified_gmt":"2024-03-13T12:08:16","slug":"la-sportiva-travel-bag","status":"publish","type":"product","link":"https:\/\/bolting.eu\/en\/shop\/la-sportiva-travel-bag\/","title":{"rendered":"La Sportiva Travel Bag"},"content":{"rendered":"<p>Der La Sportiva Travel Bag ist ein klasse <strong>Kletter- und Reiserucksack<\/strong>. Hierf\u00fcr hat er zum einen <strong>Handgep\u00e4ck Gr\u00f6\u00dfe<\/strong>. Und zum anderen die richtigen Features f\u00fcr die <strong>Kletterhalle und das Sportklettern<\/strong>.<\/p>\n<p>Au\u00dfen besteht der <strong>45 Liter<\/strong> Bag aus einem glatten PVC Material. So kann er bestens verstaut werden. Es gibt keine l\u00e4stigen B\u00e4nder und Schnallen. Zudem ist dieses Material sehr robust und langlebig. Zwei Mesh Taschen sind zum &#8220;Ausl\u00fcften&#8221; der Kletterschuhe gedacht.<\/p>\n<p>Das R\u00fcckenteil hat einen 3\/4 Rundum RV. Damit hat man sofort Zugriff auf den gesamten Inhalt.<\/p>\n<p>Im Innenbereich gibt es viele Befestigungsm\u00f6glichkeiten und Taschen. Hier kann man Expressen, Schuhe, Sicherungsger\u00e4te, Bekleidung usw. perfekt verstauen.<\/p>\n<p>Ein Laptop Fach unter der R\u00fcckenpolsterung runden diesen Bag sehr gut ab.<\/p>\n<p>Kurzum. Wer Sportklettern liebt und viel reist, der ist hier richtig!<\/p>\n<h2>Eigenschaften Travel Bag<\/h2>\n<ul>\n<li>Hersteller: La Sportiva<\/li>\n<li>Material: Polyamid, PVC, Schaumstoff<\/li>\n<li>Gewicht: 1.000 Gramm<\/li>\n<li>Volumen: 45 Liter<\/li>\n<li>glatter PVC Au\u00dfenstoff<\/li>\n<li>2 Mesh Taschen au\u00dfen f\u00fcr Kletterschuhe<\/li>\n<li>langes flaches Laptop Fach unter der R\u00fccken Polsterung<\/li>\n<li>3\/4 RV \u00d6ffnung im R\u00fcckenteil<\/li>\n<li>erm\u00f6glicht Zugang zu gesamten Inhalt<\/li>\n<li>mehrere Bandschlingen zum Einh\u00e4ngen von Material<\/li>\n<li>gro\u00dfe Mesh Innentasche mit RV<\/li>\n<li>kleine Mesh Innentasche mit RV und Schl\u00fcssel Anh\u00e4nger<\/li>\n<li>zwei Mesh Pockets f\u00fcr Kletterschuhe innen<\/li>\n<li>2 Kompressionsriemen innen<\/li>\n<li>Befestigungsm\u00f6glichkeit f\u00fcr Seil am Top mit Alu Schnalle<\/li>\n<li>ideal f\u00fcr Flugreisen da Handgep\u00e4ck Gr\u00f6\u00dfe<\/li>\n<li><a href=\"https:\/\/www.austrian.com\/at\/de\/handgepaeck\" target=\"_blank\" rel=\"noopener\">Handgep\u00e4ck Bestimmungen Austrian Airlines<\/a><\/li>\n<\/ul>\n<h3>Produktvideo<\/h3>\n<p>Pro Kletterer Andy Gullsten stellt euch den Bag nochmals ausf\u00fchrlich vor.<\/p>\n<p><iframe loading=\"lazy\" title=\"What&#039;s In A Pro Climbers Travel Bag? | Climbing Daily Ep.1971\" width=\"1020\" height=\"574\" src=\"https:\/\/www.youtube.com\/embed\/1oYwrw6tnTY?feature=oembed\" frameborder=\"0\" allow=\"accelerometer; autoplay; clipboard-write; encrypted-media; gyroscope; picture-in-picture; web-share\" allowfullscreen><\/iframe><\/p>\n<h3>L\u00f6sung f\u00fcr Kletterschuhe<\/h3>\n<p>Der Travel Bag von La Sportiva l\u00f6st ein Problem sehr gut. Wohin mit den angeschwitzten Kletterschuhen?<\/p>\n<p>Hierf\u00fcr befinden sich au\u00dfen zwei kleine Mesh Taschen. Dort kommen die Schuhe nach dem Klettern rein. Sind sie getrocknet, k\u00f6nnen sie in den Innen Mesh Taschen verstaut werden. Echt gute L\u00f6sung!<\/p>\n<h3>Vielseitiges Innenleben<\/h3>\n<p>Was macht den Travel Bag von La Sportiva noch attraktiv? Das Innenleben!<\/p>\n<p>Denn hier kann man alles an Kletterausr\u00fcstung gut verstauen.<\/p>\n<p>Die Kletterschuhe in den zwei Mesh Taschen. Damit kugeln sie nicht mehr zwischen den anderen Dingen herum.<\/p>\n<p>Dann die gro\u00dfe Mesh Tasche mit RV. Hier k\u00f6nnen gr\u00f6\u00dfere Dinge wie z.B. der Klettergurt oder das Chalkbag rein. Auch sie fliegen somit nicht mehr durch die Gegend. In der kleinen Mesh Tasche mit RV passt dann z.B. das Klettertape, Liquid Chalk oder ein Nagel Knipser.<\/p>\n<p>Kleine Stecktaschen sind auch da. Hier k\u00f6nnen Boulderb\u00fcrsten oder Zahnb\u00fcrsten transportiert werden.<\/p>\n<p>Abschlie\u00dfend kann man an den eingen\u00e4hten Bandschlingen seine Hardware aufh\u00e4ngen. Wie z.B. Sicherungsger\u00e4t und Expressen.<\/p>\n<figure id=\"attachment_18949\" aria-describedby=\"caption-attachment-18949\" style=\"width: 400px\" class=\"wp-caption alignnone\"><a href=\"https:\/\/bolting.eu\/wp-content\/uploads\/2024\/03\/La-Sportiva-Travel-Bag-4.jpg\"><img loading=\"lazy\" decoding=\"async\" class=\"wp-image-18949 size-medium\" src=\"https:\/\/bolting.eu\/wp-content\/uploads\/2024\/03\/La-Sportiva-Travel-Bag-4-400x400.jpg\" alt=\"Innentasche eines La Sportiva Rucksacks mit Mesh Taschen.\" width=\"400\" height=\"400\" srcset=\"https:\/\/bolting.eu\/wp-content\/uploads\/2024\/03\/La-Sportiva-Travel-Bag-4-400x400.jpg 400w, https:\/\/bolting.eu\/wp-content\/uploads\/2024\/03\/La-Sportiva-Travel-Bag-4-280x280.jpg 280w, https:\/\/bolting.eu\/wp-content\/uploads\/2024\/03\/La-Sportiva-Travel-Bag-4-247x247.jpg 247w, https:\/\/bolting.eu\/wp-content\/uploads\/2024\/03\/La-Sportiva-Travel-Bag-4-510x510.jpg 510w, https:\/\/bolting.eu\/wp-content\/uploads\/2024\/03\/La-Sportiva-Travel-Bag-4-100x100.jpg 100w, https:\/\/bolting.eu\/wp-content\/uploads\/2024\/03\/La-Sportiva-Travel-Bag-4.jpg 700w\" sizes=\"auto, (max-width: 400px) 100vw, 400px\" \/><\/a><figcaption id=\"caption-attachment-18949\" class=\"wp-caption-text\">Hier hat alles seine Ordnung \ud83d\ude42<\/figcaption><\/figure>\n","protected":false},"excerpt":{"rendered":"<p>Vielseitiger 45 Liter Reise- und Sportkletter Rucksack. Hat sehr viele praktische Features.<\/p>\n<p>Ideal f\u00fcr Flugreisen da Handgep\u00e4ck Gr\u00f6\u00dfe.<\/p>\n<p>Versandkostenfrei bis 2kg in <img decoding=\"async\" class=\"emoji\" role=\"img\" draggable=\"false\" src=\"https:\/\/s.w.org\/images\/core\/emoji\/14.0.0\/svg\/1f1e6-1f1f9.svg\" alt=\"\ud83c\udde6\ud83c\uddf9\" \/> ab \u20ac 100,- und <img decoding=\"async\" class=\"emoji\" role=\"img\" draggable=\"false\" src=\"https:\/\/s.w.org\/images\/core\/emoji\/14.0.0\/svg\/1f1e9-1f1ea.svg\" alt=\"\ud83c\udde9\ud83c\uddea\" \/> ab \u20ac 200,-!<\/p>\n","protected":false},"featured_media":18952,"comment_status":"closed","ping_status":"closed","template":"","meta":[],"product_brand":[],"product_cat":[29,4809],"product_tag":[],"class_list":{"0":"post-18943","1":"product","2":"type-product","3":"status-publish","4":"has-post-thumbnail","6":"product_cat-kletterausruestung","7":"product_cat-kletterrucksack","9":"first","10":"instock","11":"taxable","12":"shipping-taxable","13":"purchasable","14":"product-type-simple"},"yoast_head":"<!-- This site is optimized with the Yoast SEO Premium plugin v26.9 (Yoast SEO v26.9) - https:\/\/yoast.com\/product\/yoast-seo-premium-wordpress\/ -->\n<title>La Sportiva Travel Bag - Reise &amp; Kletterrucksack | bolting.eu<\/title>\n<meta name=\"description\" content=\"La Sportiva Travel Bag beim Kletterprofi aus Innsbruck - Tirol kaufen \u2705 kostenloser Versand* \u2705 14 Tage R\u00fcckgaberecht \u2705 Co2 neutraler Versand\" \/>\n<meta name=\"robots\" content=\"index, follow, max-snippet:-1, max-image-preview:large, max-video-preview:-1\" \/>\n<link rel=\"canonical\" href=\"https:\/\/bolting.eu\/en\/shop\/la-sportiva-travel-bag\/\" \/>\n<meta property=\"og:locale\" content=\"en_US\" \/>\n<meta property=\"og:type\" content=\"article\" \/>\n<meta property=\"og:title\" content=\"La Sportiva Travel Bag\" \/>\n<meta property=\"og:description\" content=\"La Sportiva Travel Bag beim Kletterprofi aus Innsbruck - Tirol kaufen \u2705 kostenloser Versand* \u2705 14 Tage R\u00fcckgaberecht \u2705 Co2 neutraler Versand\" \/>\n<meta property=\"og:url\" content=\"https:\/\/bolting.eu\/en\/shop\/la-sportiva-travel-bag\/\" \/>\n<meta property=\"og:site_name\" content=\"bolting.eu\" \/>\n<meta property=\"article:publisher\" content=\"https:\/\/www.facebook.com\/bolting.eu\" \/>\n<meta property=\"article:modified_time\" content=\"2024-03-13T12:08:16+00:00\" \/>\n<meta property=\"og:image\" content=\"https:\/\/bolting.eu\/wp-content\/uploads\/2024\/03\/La-Sportiva-Travel-Bag-1.jpg\" \/>\n\t<meta property=\"og:image:width\" content=\"700\" \/>\n\t<meta property=\"og:image:height\" content=\"700\" \/>\n\t<meta property=\"og:image:type\" content=\"image\/jpeg\" \/>\n<meta name=\"twitter:card\" content=\"summary_large_image\" \/>\n<meta name=\"twitter:label1\" content=\"Price\" \/>\n\t<meta name=\"twitter:data1\" content=\"&euro;&nbsp;125,00\" \/>\n\t<meta name=\"twitter:label2\" content=\"Availability\" \/>\n\t<meta name=\"twitter:data2\" content=\"In stock\" \/>\n<script type=\"application\/ld+json\" class=\"yoast-schema-graph\">{\"@context\":\"https:\/\/schema.org\",\"@graph\":[{\"@type\":[\"WebPage\",\"ItemPage\"],\"@id\":\"https:\/\/bolting.eu\/en\/shop\/la-sportiva-travel-bag\/\",\"url\":\"https:\/\/bolting.eu\/en\/shop\/la-sportiva-travel-bag\/\",\"name\":\"La Sportiva Travel Bag - Reise & Kletterrucksack | bolting.eu\",\"isPartOf\":{\"@id\":\"https:\/\/bolting.eu\/en\/#website\"},\"primaryImageOfPage\":{\"@id\":\"https:\/\/bolting.eu\/en\/shop\/la-sportiva-travel-bag\/#primaryimage\"},\"image\":{\"@id\":\"https:\/\/bolting.eu\/en\/shop\/la-sportiva-travel-bag\/#primaryimage\"},\"thumbnailUrl\":\"https:\/\/bolting.eu\/wp-content\/uploads\/2024\/03\/La-Sportiva-Travel-Bag-1.jpg\",\"datePublished\":\"2024-03-13T12:08:15+00:00\",\"dateModified\":\"2024-03-13T12:08:16+00:00\",\"description\":\"La Sportiva Travel Bag beim Kletterprofi aus Innsbruck - Tirol kaufen \u2705 kostenloser Versand* \u2705 14 Tage R\u00fcckgaberecht \u2705 Co2 neutraler Versand\",\"breadcrumb\":{\"@id\":\"https:\/\/bolting.eu\/en\/shop\/la-sportiva-travel-bag\/#breadcrumb\"},\"inLanguage\":\"en-US\",\"potentialAction\":[{\"@type\":\"ReadAction\",\"target\":[\"https:\/\/bolting.eu\/en\/shop\/la-sportiva-travel-bag\/\"]}]},{\"@type\":\"ImageObject\",\"inLanguage\":\"en-US\",\"@id\":\"https:\/\/bolting.eu\/en\/shop\/la-sportiva-travel-bag\/#primaryimage\",\"url\":\"https:\/\/bolting.eu\/wp-content\/uploads\/2024\/03\/La-Sportiva-Travel-Bag-1.jpg\",\"contentUrl\":\"https:\/\/bolting.eu\/wp-content\/uploads\/2024\/03\/La-Sportiva-Travel-Bag-1.jpg\",\"width\":700,\"height\":700,\"caption\":\"Schwarze-gelb-roter La Sportiva Travel Bag von der Seite mit Logo.\"},{\"@type\":\"BreadcrumbList\",\"@id\":\"https:\/\/bolting.eu\/en\/shop\/la-sportiva-travel-bag\/#breadcrumb\",\"itemListElement\":[{\"@type\":\"ListItem\",\"position\":1,\"name\":\"Shop\",\"item\":\"https:\/\/bolting.eu\/en\/shop\/\"},{\"@type\":\"ListItem\",\"position\":2,\"name\":\"climbing equipment\",\"item\":\"https:\/\/bolting.eu\/en\/produkt-kategorie\/climbing-equipment\/\"},{\"@type\":\"ListItem\",\"position\":3,\"name\":\"Kletterrucksack\",\"item\":\"https:\/\/bolting.eu\/produkt-kategorie\/kletterausruestung\/kletterrucksack\/\"},{\"@type\":\"ListItem\",\"position\":4,\"name\":\"La Sportiva Travel Bag\"}]},{\"@type\":\"WebSite\",\"@id\":\"https:\/\/bolting.eu\/en\/#website\",\"url\":\"https:\/\/bolting.eu\/en\/\",\"name\":\"bolting.eu\",\"description\":\"we make climbs happen\",\"publisher\":{\"@id\":\"https:\/\/bolting.eu\/en\/#organization\"},\"potentialAction\":[{\"@type\":\"SearchAction\",\"target\":{\"@type\":\"EntryPoint\",\"urlTemplate\":\"https:\/\/bolting.eu\/en\/?s={search_term_string}\"},\"query-input\":{\"@type\":\"PropertyValueSpecification\",\"valueRequired\":true,\"valueName\":\"search_term_string\"}}],\"inLanguage\":\"en-US\"},{\"@type\":[\"Organization\",\"Place\",\"SportingGoodsStore\"],\"@id\":\"https:\/\/bolting.eu\/en\/#organization\",\"name\":\"bolting.eu\",\"url\":\"https:\/\/bolting.eu\/en\/\",\"logo\":{\"@id\":\"https:\/\/bolting.eu\/en\/shop\/la-sportiva-travel-bag\/#local-main-organization-logo\"},\"image\":{\"@id\":\"https:\/\/bolting.eu\/en\/shop\/la-sportiva-travel-bag\/#local-main-organization-logo\"},\"sameAs\":[\"https:\/\/www.facebook.com\/bolting.eu\",\"https:\/\/www.instagram.com\/bolting.eu\/\"],\"address\":{\"@id\":\"https:\/\/bolting.eu\/en\/shop\/la-sportiva-travel-bag\/#local-main-place-address\"},\"geo\":{\"@type\":\"GeoCoordinates\",\"latitude\":\"47.264176340396226\",\"longitude\":\"11.380109057672346\"},\"telephone\":[\"+43 699 19083372\"],\"openingHoursSpecification\":[{\"@type\":\"OpeningHoursSpecification\",\"dayOfWeek\":[\"Monday\",\"Wednesday\",\"Friday\"],\"opens\":\"14:00\",\"closes\":\"18:00\"},{\"@type\":\"OpeningHoursSpecification\",\"dayOfWeek\":[\"Tuesday\",\"Thursday\",\"Saturday\",\"Sunday\"],\"opens\":\"00:00\",\"closes\":\"00:00\"}],\"email\":\"office@bolting.eu\",\"vatID\":\"ATU59999728\",\"priceRange\":\"$$\",\"currenciesAccepted\":\"Euro\"},{\"@type\":\"PostalAddress\",\"@id\":\"https:\/\/bolting.eu\/en\/shop\/la-sportiva-travel-bag\/#local-main-place-address\",\"streetAddress\":\"Fischnalerstra\u00dfe 4\",\"addressLocality\":\"Innsbruck\",\"postalCode\":\"6020\",\"addressRegion\":\"Tirol\",\"addressCountry\":\"AT\"},{\"@type\":\"ImageObject\",\"inLanguage\":\"en-US\",\"@id\":\"https:\/\/bolting.eu\/en\/shop\/la-sportiva-travel-bag\/#local-main-organization-logo\",\"url\":\"https:\/\/bolting.eu\/wp-content\/uploads\/2019\/09\/bolting-logo.png\",\"contentUrl\":\"https:\/\/bolting.eu\/wp-content\/uploads\/2019\/09\/bolting-logo.png\",\"width\":400,\"height\":211,\"caption\":\"bolting.eu\"}]}<\/script>\n<meta property=\"og:video\" content=\"https:\/\/www.youtube.com\/embed\/1oYwrw6tnTY\" \/>\n<meta property=\"og:video:type\" content=\"text\/html\" \/>\n<meta property=\"og:video:duration\" content=\"224\" \/>\n<meta property=\"og:video:width\" content=\"480\" \/>\n<meta property=\"og:video:height\" content=\"270\" \/>\n<meta property=\"ya:ovs:adult\" content=\"false\" \/>\n<meta property=\"ya:ovs:upload_date\" content=\"2024-03-13T12:08:15+00:00\" \/>\n<meta property=\"ya:ovs:allow_embed\" content=\"true\" \/>\n<meta property=\"product:price:amount\" content=\"125.00\" \/>\n<meta property=\"product:price:currency\" content=\"EUR\" \/>\n<meta property=\"og:availability\" content=\"instock\" \/>\n<meta property=\"product:availability\" content=\"instock\" \/>\n<meta property=\"product:retailer_item_id\" content=\"59J999100\" \/>\n<meta property=\"product:condition\" content=\"new\" \/>\n<meta name=\"geo.placename\" content=\"Innsbruck\" \/>\n<meta name=\"geo.position\" content=\"47.264176340396226;11.380109057672346\" \/>\n<meta name=\"geo.region\" content=\"Austria\" \/>\n<!-- \/ Yoast SEO Premium plugin. -->","yoast_head_json":{"title":"La Sportiva Travel Bag - Reise & Kletterrucksack | bolting.eu","description":"La Sportiva Travel Bag beim Kletterprofi aus Innsbruck - Tirol kaufen \u2705 kostenloser Versand* \u2705 14 Tage R\u00fcckgaberecht \u2705 Co2 neutraler Versand","robots":{"index":"index","follow":"follow","max-snippet":"max-snippet:-1","max-image-preview":"max-image-preview:large","max-video-preview":"max-video-preview:-1"},"canonical":"https:\/\/bolting.eu\/en\/shop\/la-sportiva-travel-bag\/","og_locale":"en_US","og_type":"article","og_title":"La Sportiva Travel Bag","og_description":"La Sportiva Travel Bag beim Kletterprofi aus Innsbruck - Tirol kaufen \u2705 kostenloser Versand* \u2705 14 Tage R\u00fcckgaberecht \u2705 Co2 neutraler Versand","og_url":"https:\/\/bolting.eu\/en\/shop\/la-sportiva-travel-bag\/","og_site_name":"bolting.eu","article_publisher":"https:\/\/www.facebook.com\/bolting.eu","article_modified_time":"2024-03-13T12:08:16+00:00","og_image":[{"width":700,"height":700,"url":"https:\/\/bolting.eu\/wp-content\/uploads\/2024\/03\/La-Sportiva-Travel-Bag-1.jpg","type":"image\/jpeg"}],"twitter_card":"summary_large_image","twitter_misc":{"Price":"&euro;&nbsp;125,00","Availability":"In stock"},"schema":{"@context":"https:\/\/schema.org","@graph":[{"@type":["WebPage","ItemPage"],"@id":"https:\/\/bolting.eu\/en\/shop\/la-sportiva-travel-bag\/","url":"https:\/\/bolting.eu\/en\/shop\/la-sportiva-travel-bag\/","name":"La Sportiva Travel Bag - Reise & Kletterrucksack | bolting.eu","isPartOf":{"@id":"https:\/\/bolting.eu\/en\/#website"},"primaryImageOfPage":{"@id":"https:\/\/bolting.eu\/en\/shop\/la-sportiva-travel-bag\/#primaryimage"},"image":{"@id":"https:\/\/bolting.eu\/en\/shop\/la-sportiva-travel-bag\/#primaryimage"},"thumbnailUrl":"https:\/\/bolting.eu\/wp-content\/uploads\/2024\/03\/La-Sportiva-Travel-Bag-1.jpg","datePublished":"2024-03-13T12:08:15+00:00","dateModified":"2024-03-13T12:08:16+00:00","description":"La Sportiva Travel Bag beim Kletterprofi aus Innsbruck - Tirol kaufen \u2705 kostenloser Versand* \u2705 14 Tage R\u00fcckgaberecht \u2705 Co2 neutraler Versand","breadcrumb":{"@id":"https:\/\/bolting.eu\/en\/shop\/la-sportiva-travel-bag\/#breadcrumb"},"inLanguage":"en-US","potentialAction":[{"@type":"ReadAction","target":["https:\/\/bolting.eu\/en\/shop\/la-sportiva-travel-bag\/"]}]},{"@type":"ImageObject","inLanguage":"en-US","@id":"https:\/\/bolting.eu\/en\/shop\/la-sportiva-travel-bag\/#primaryimage","url":"https:\/\/bolting.eu\/wp-content\/uploads\/2024\/03\/La-Sportiva-Travel-Bag-1.jpg","contentUrl":"https:\/\/bolting.eu\/wp-content\/uploads\/2024\/03\/La-Sportiva-Travel-Bag-1.jpg","width":700,"height":700,"caption":"Schwarze-gelb-roter La Sportiva Travel Bag von der Seite mit Logo."},{"@type":"BreadcrumbList","@id":"https:\/\/bolting.eu\/en\/shop\/la-sportiva-travel-bag\/#breadcrumb","itemListElement":[{"@type":"ListItem","position":1,"name":"Shop","item":"https:\/\/bolting.eu\/en\/shop\/"},{"@type":"ListItem","position":2,"name":"climbing equipment","item":"https:\/\/bolting.eu\/en\/produkt-kategorie\/climbing-equipment\/"},{"@type":"ListItem","position":3,"name":"Kletterrucksack","item":"https:\/\/bolting.eu\/produkt-kategorie\/kletterausruestung\/kletterrucksack\/"},{"@type":"ListItem","position":4,"name":"La Sportiva Travel Bag"}]},{"@type":"WebSite","@id":"https:\/\/bolting.eu\/en\/#website","url":"https:\/\/bolting.eu\/en\/","name":"bolting.eu","description":"we make climbs happen","publisher":{"@id":"https:\/\/bolting.eu\/en\/#organization"},"potentialAction":[{"@type":"SearchAction","target":{"@type":"EntryPoint","urlTemplate":"https:\/\/bolting.eu\/en\/?s={search_term_string}"},"query-input":{"@type":"PropertyValueSpecification","valueRequired":true,"valueName":"search_term_string"}}],"inLanguage":"en-US"},{"@type":["Organization","Place","SportingGoodsStore"],"@id":"https:\/\/bolting.eu\/en\/#organization","name":"bolting.eu","url":"https:\/\/bolting.eu\/en\/","logo":{"@id":"https:\/\/bolting.eu\/en\/shop\/la-sportiva-travel-bag\/#local-main-organization-logo"},"image":{"@id":"https:\/\/bolting.eu\/en\/shop\/la-sportiva-travel-bag\/#local-main-organization-logo"},"sameAs":["https:\/\/www.facebook.com\/bolting.eu","https:\/\/www.instagram.com\/bolting.eu\/"],"address":{"@id":"https:\/\/bolting.eu\/en\/shop\/la-sportiva-travel-bag\/#local-main-place-address"},"geo":{"@type":"GeoCoordinates","latitude":"47.264176340396226","longitude":"11.380109057672346"},"telephone":["+43 699 19083372"],"openingHoursSpecification":[{"@type":"OpeningHoursSpecification","dayOfWeek":["Monday","Wednesday","Friday"],"opens":"14:00","closes":"18:00"},{"@type":"OpeningHoursSpecification","dayOfWeek":["Tuesday","Thursday","Saturday","Sunday"],"opens":"00:00","closes":"00:00"}],"email":"office@bolting.eu","vatID":"ATU59999728","priceRange":"$$","currenciesAccepted":"Euro"},{"@type":"PostalAddress","@id":"https:\/\/bolting.eu\/en\/shop\/la-sportiva-travel-bag\/#local-main-place-address","streetAddress":"Fischnalerstra\u00dfe 4","addressLocality":"Innsbruck","postalCode":"6020","addressRegion":"Tirol","addressCountry":"AT"},{"@type":"ImageObject","inLanguage":"en-US","@id":"https:\/\/bolting.eu\/en\/shop\/la-sportiva-travel-bag\/#local-main-organization-logo","url":"https:\/\/bolting.eu\/wp-content\/uploads\/2019\/09\/bolting-logo.png","contentUrl":"https:\/\/bolting.eu\/wp-content\/uploads\/2019\/09\/bolting-logo.png","width":400,"height":211,"caption":"bolting.eu"}]},"og_video":"https:\/\/www.youtube.com\/embed\/1oYwrw6tnTY","og_video_type":"text\/html","og_video_duration":"224","og_video_width":"480","og_video_height":"270","ya_ovs_adult":"false","ya_ovs_upload_date":"2024-03-13T12:08:15+00:00","ya_ovs_allow_embed":"true","product_price_amount":"125.00","product_price_currency":"EUR","og_availability":"instock","product_availability":"instock","product_retailer_item_id":"59J999100","product_condition":"new","geo.placename":"Innsbruck","geo.position":{"lat":"47.264176340396226","long":"11.380109057672346"},"geo.region":"Austria"},"_links":{"self":[{"href":"https:\/\/bolting.eu\/en\/wp-json\/wp\/v2\/product\/18943","targetHints":{"allow":["GET"]}}],"collection":[{"href":"https:\/\/bolting.eu\/en\/wp-json\/wp\/v2\/product"}],"about":[{"href":"https:\/\/bolting.eu\/en\/wp-json\/wp\/v2\/types\/product"}],"replies":[{"embeddable":true,"href":"https:\/\/bolting.eu\/en\/wp-json\/wp\/v2\/comments?post=18943"}],"wp:featuredmedia":[{"embeddable":true,"href":"https:\/\/bolting.eu\/en\/wp-json\/wp\/v2\/media\/18952"}],"wp:attachment":[{"href":"https:\/\/bolting.eu\/en\/wp-json\/wp\/v2\/media?parent=18943"}],"wp:term":[{"taxonomy":"product_brand","embeddable":true,"href":"https:\/\/bolting.eu\/en\/wp-json\/wp\/v2\/product_brand?post=18943"},{"taxonomy":"product_cat","embeddable":true,"href":"https:\/\/bolting.eu\/en\/wp-json\/wp\/v2\/product_cat?post=18943"},{"taxonomy":"product_tag","embeddable":true,"href":"https:\/\/bolting.eu\/en\/wp-json\/wp\/v2\/product_tag?post=18943"}],"curies":[{"name":"wp","href":"https:\/\/api.w.org\/{rel}","templated":true}]}}