{"id":18831,"date":"2024-03-06T13:03:35","date_gmt":"2024-03-06T12:03:35","guid":{"rendered":"https:\/\/bolting.eu\/?post_type=product&#038;p=18831"},"modified":"2026-01-04T14:51:59","modified_gmt":"2026-01-04T13:51:59","slug":"black-diamond-wall-hauler-70","status":"publish","type":"product","link":"https:\/\/bolting.eu\/en\/shop\/black-diamond-wall-hauler-70\/","title":{"rendered":"Black Diamond Wall Hauler 70"},"content":{"rendered":"<p>Der Wall Hauler 70 von Black Diamond ist f\u00fcr Big Walls gedacht. Darin hat ordentlich Big Wall Ausr\u00fcstung Platz.<\/p>\n<p>Dieses Modell ist das mittlere von drei Gr\u00f6\u00dfen. Es reiht sich zwischen dem <a href=\"https:\/\/bolting.eu\/shop\/black-diamond-wall-hauler-40\/\">40 Liter<\/a> und <a href=\"https:\/\/bolting.eu\/shop\/black-diamond-wall-hauler-140\/\">140 Liter Modell<\/a> ein.<\/p>\n<p>Durch das upgrade im Jahr 2023 hat der Bag einige verbesserte Features bekommen. Wie z.B. die weichere TPU Beschichtung, komfortablere Tragesystem und eine externe Tasche f\u00fcr Kleinteile.<\/p>\n<p>Dieses Modell ist ideal f\u00fcr k\u00fcrzere Big Walls. Wie z.B. &#8220;<a href=\"https:\/\/de.wikipedia.org\/wiki\/The_Nose\" target=\"_blank\" rel=\"noopener\">The Nose<\/a>&#8221; in 2 Tagen mit einem Biwak. Oder eine lange Alpenwand mit einem geplanten Biwak. Beispielsweise an der &#8220;Dru&#8221; in Chamonix.<\/p>\n<h2>Eigenschaften Wall Hauler 70<\/h2>\n<ul>\n<li>Hersteller: <a href=\"https:\/\/bolting.eu\/produkt-kategorie\/black-diamond\/\">Black Diamond<\/a><\/li>\n<li>Material: TPU (thermoplastisches Polyurethane), Alu, Polyamid<\/li>\n<li>Volumen: 70 Liter<\/li>\n<li>Gewicht: 2500 Gramm<\/li>\n<li>extrem abriebfest<\/li>\n<li>Roll-Top mit Klettverschluss<\/li>\n<li>Au\u00dfentasche mit Zip im Roll-Top<\/li>\n<li>Innentasche mit Zip<\/li>\n<li>S-f\u00f6rmige, gepolsterte Schultertr\u00e4ger (verstaubar)<\/li>\n<li>Brustschnalle<\/li>\n<li>gepolseterter H\u00fcftgurt (abnehmbar)<\/li>\n<li>verschieden lange Aufh\u00e4ngeschlaufen<\/li>\n<li>weiche Rundb\u00e4nder am Boden und Top um nicht an Felskanten h\u00e4ngen zu bleiben<\/li>\n<\/ul>\n<h3>Produktvideo<\/h3>\n<p>Im Folgenden stellt euch BD die Serie an neuen Bag selber vor.<\/p>\n<p><iframe loading=\"lazy\" title=\"Black Diamond Haulbags\u2014New For Spring 2023\" src=\"https:\/\/www.youtube.com\/embed\/SDl0P9ovSpY?feature=oembed\" width=\"1020\" height=\"574\" frameborder=\"0\" allowfullscreen=\"allowfullscreen\" data-mce-fragment=\"1\"><\/iframe><\/p>\n<h3><\/h3>\n<h3>Mittelgro\u00dfes Volumen<\/h3>\n<p>Black Diamond hat den Wall Hauler 70 aus guten Gr\u00fcnden genau so gro\u00df gemacht. Denn das ist ein ideales Volumen f\u00fcr Walls der Kategorie &#8220;Mittellang&#8221;.<\/p>\n<p>D.h. Routen mit 1-2 Biwaks. Ein Paradebeispiel daf\u00fcr w\u00e4re &#8220;The Nose&#8221; am El Capitan. Ein Biwak am Dolt Tower, eines im Camp 4, dann raus!<\/p>\n<p>In diesen Bag passt also sehr gut die etwas abgespeckte Ausr\u00fcstung f\u00fcr zwei Kletterer mit dieser Kletterdauer. Allen voran ca. 20 Liter Wasser, Schlafs\u00e4cke, Regenbekleidung und das Essen.<\/p>\n<p>Wer gut packt, hat auch noch Platz f\u00fcr einen gro\u00dfen 5er oder 6er <a href=\"https:\/\/bolting.eu\/shop\/black-diamond-camalots\/\">Camalot<\/a> \ud83d\ude42<\/p>\n<h3>TPU Material wurde deutlich &#8220;weicher&#8221;<\/h3>\n<p>Beim letzten Upgrade aller BD Modelle wurde das Au\u00dfenmaterial ver\u00e4ndert.<\/p>\n<p>Dabei hat man der TPU Beschichtung zum einen auf bessere Biegsamkeit geachtet. Und zum anderen auf mehr Bruchfestigkeit bei K\u00e4lte. Denn bei den alten Modellen entstanden unter 5\u00b0C leichter Einrisse.<\/p>\n<p>Insgesamt ist der Wall Hauler 70 also deutlich &#8220;weicher&#8221; als die Vorg\u00e4nger Modelle. Mit deutlich besserer Funktionalit\u00e4t.<\/p>\n","protected":false},"excerpt":{"rendered":"<p>Mittelgro\u00dfer Haulbag mit 70 Liter Volumen. Ideal f\u00fcr mittellange Walls mit 1-2 Biwaks.<\/p>\n<p>Hat alles was ein Bag dieser Dimension braucht.<\/p>\n<p>Versandkostenfrei bis 2kg in <img decoding=\"async\" class=\"emoji\" role=\"img\" draggable=\"false\" src=\"https:\/\/s.w.org\/images\/core\/emoji\/14.0.0\/svg\/1f1e6-1f1f9.svg\" alt=\"\ud83c\udde6\ud83c\uddf9\" \/> ab \u20ac 100,- und <img decoding=\"async\" class=\"emoji\" role=\"img\" draggable=\"false\" src=\"https:\/\/s.w.org\/images\/core\/emoji\/14.0.0\/svg\/1f1e9-1f1ea.svg\" alt=\"\ud83c\udde9\ud83c\uddea\" \/> ab \u20ac 200,-!<\/p>\n","protected":false},"featured_media":18834,"comment_status":"closed","ping_status":"closed","template":"","meta":[],"product_brand":[],"product_cat":[31,42,4658],"product_tag":[265,14508,14509,14510],"class_list":{"0":"post-18831","1":"product","2":"type-product","3":"status-publish","4":"has-post-thumbnail","6":"product_cat-big-wall-ausruestung","7":"product_cat-haulbag","8":"product_cat-black-diamond","9":"product_tag-big-wall-klettern","10":"product_tag-nose","11":"product_tag-salathe","12":"product_tag-zodiac","14":"first","15":"outofstock","16":"sale","17":"taxable","18":"shipping-taxable","19":"purchasable","20":"product-type-simple"},"yoast_head":"<!-- This site is optimized with the Yoast SEO Premium plugin v26.9 (Yoast SEO v26.9) - https:\/\/yoast.com\/product\/yoast-seo-premium-wordpress\/ -->\n<title>Black Diamond Wall Hauler 70 - Haulbag | bolting.eu<\/title>\n<meta name=\"description\" content=\"Black Diamond Wall Hauler 70 beim Kletterprofi aus Innsbruck Tirol kaufen \u2705 kostenloser Versand* \u2705 14 Tage R\u00fcckgaberecht \u2705 Co2 neutraler Versand\" \/>\n<meta name=\"robots\" content=\"index, follow, max-snippet:-1, max-image-preview:large, max-video-preview:-1\" \/>\n<link rel=\"canonical\" href=\"https:\/\/bolting.eu\/en\/shop\/black-diamond-wall-hauler-70\/\" \/>\n<meta property=\"og:locale\" content=\"en_US\" \/>\n<meta property=\"og:type\" content=\"article\" \/>\n<meta property=\"og:title\" content=\"Black Diamond Wall Hauler 70\" \/>\n<meta property=\"og:description\" content=\"Black Diamond Wall Hauler 70 beim Kletterprofi aus Innsbruck Tirol kaufen \u2705 kostenloser Versand* \u2705 14 Tage R\u00fcckgaberecht \u2705 Co2 neutraler Versand\" \/>\n<meta property=\"og:url\" content=\"https:\/\/bolting.eu\/en\/shop\/black-diamond-wall-hauler-70\/\" \/>\n<meta property=\"og:site_name\" content=\"bolting.eu\" \/>\n<meta property=\"article:publisher\" content=\"https:\/\/www.facebook.com\/bolting.eu\" \/>\n<meta property=\"article:modified_time\" content=\"2026-01-04T13:51:59+00:00\" \/>\n<meta property=\"og:image\" content=\"https:\/\/bolting.eu\/wp-content\/uploads\/2024\/03\/Wall-HAuler-70-1.jpg\" \/>\n\t<meta property=\"og:image:width\" content=\"700\" \/>\n\t<meta property=\"og:image:height\" content=\"700\" \/>\n\t<meta property=\"og:image:type\" content=\"image\/jpeg\" \/>\n<meta name=\"twitter:card\" content=\"summary_large_image\" \/>\n<meta name=\"twitter:label1\" content=\"Price\" \/>\n\t<meta name=\"twitter:data1\" content=\"&euro;&nbsp;180,00\" \/>\n\t<meta name=\"twitter:label2\" content=\"Availability\" \/>\n\t<meta name=\"twitter:data2\" content=\"Out of stock\" \/>\n<script type=\"application\/ld+json\" class=\"yoast-schema-graph\">{\"@context\":\"https:\/\/schema.org\",\"@graph\":[{\"@type\":[\"WebPage\",\"ItemPage\"],\"@id\":\"https:\/\/bolting.eu\/en\/shop\/black-diamond-wall-hauler-70\/\",\"url\":\"https:\/\/bolting.eu\/en\/shop\/black-diamond-wall-hauler-70\/\",\"name\":\"Black Diamond Wall Hauler 70 - Haulbag | bolting.eu\",\"isPartOf\":{\"@id\":\"https:\/\/bolting.eu\/en\/#website\"},\"primaryImageOfPage\":{\"@id\":\"https:\/\/bolting.eu\/en\/shop\/black-diamond-wall-hauler-70\/#primaryimage\"},\"image\":{\"@id\":\"https:\/\/bolting.eu\/en\/shop\/black-diamond-wall-hauler-70\/#primaryimage\"},\"thumbnailUrl\":\"https:\/\/bolting.eu\/wp-content\/uploads\/2024\/03\/Wall-HAuler-70-1.jpg\",\"datePublished\":\"2024-03-06T12:03:35+00:00\",\"dateModified\":\"2026-01-04T13:51:59+00:00\",\"description\":\"Black Diamond Wall Hauler 70 beim Kletterprofi aus Innsbruck Tirol kaufen \u2705 kostenloser Versand* \u2705 14 Tage R\u00fcckgaberecht \u2705 Co2 neutraler Versand\",\"breadcrumb\":{\"@id\":\"https:\/\/bolting.eu\/en\/shop\/black-diamond-wall-hauler-70\/#breadcrumb\"},\"inLanguage\":\"en-US\",\"potentialAction\":[{\"@type\":\"ReadAction\",\"target\":[\"https:\/\/bolting.eu\/en\/shop\/black-diamond-wall-hauler-70\/\"]}]},{\"@type\":\"ImageObject\",\"inLanguage\":\"en-US\",\"@id\":\"https:\/\/bolting.eu\/en\/shop\/black-diamond-wall-hauler-70\/#primaryimage\",\"url\":\"https:\/\/bolting.eu\/wp-content\/uploads\/2024\/03\/Wall-HAuler-70-1.jpg\",\"contentUrl\":\"https:\/\/bolting.eu\/wp-content\/uploads\/2024\/03\/Wall-HAuler-70-1.jpg\",\"width\":700,\"height\":700,\"caption\":\"Grau - schwarzer Black Diamond Wall Hauler 70 Haulbag mit orangen Aufh\u00e4ngeschlaufen und Marken Schriftzug.\"},{\"@type\":\"BreadcrumbList\",\"@id\":\"https:\/\/bolting.eu\/en\/shop\/black-diamond-wall-hauler-70\/#breadcrumb\",\"itemListElement\":[{\"@type\":\"ListItem\",\"position\":1,\"name\":\"Shop\",\"item\":\"https:\/\/bolting.eu\/en\/shop\/\"},{\"@type\":\"ListItem\",\"position\":2,\"name\":\"Big Wall gear\",\"item\":\"https:\/\/bolting.eu\/en\/produkt-kategorie\/big-wall-gear\/\"},{\"@type\":\"ListItem\",\"position\":3,\"name\":\"Haulbag\",\"item\":\"https:\/\/bolting.eu\/produkt-kategorie\/big-wall-ausruestung\/haulbag\/\"},{\"@type\":\"ListItem\",\"position\":4,\"name\":\"Black Diamond Wall Hauler 70\"}]},{\"@type\":\"WebSite\",\"@id\":\"https:\/\/bolting.eu\/en\/#website\",\"url\":\"https:\/\/bolting.eu\/en\/\",\"name\":\"bolting.eu\",\"description\":\"we make climbs happen\",\"publisher\":{\"@id\":\"https:\/\/bolting.eu\/en\/#organization\"},\"potentialAction\":[{\"@type\":\"SearchAction\",\"target\":{\"@type\":\"EntryPoint\",\"urlTemplate\":\"https:\/\/bolting.eu\/en\/?s={search_term_string}\"},\"query-input\":{\"@type\":\"PropertyValueSpecification\",\"valueRequired\":true,\"valueName\":\"search_term_string\"}}],\"inLanguage\":\"en-US\"},{\"@type\":[\"Organization\",\"Place\",\"SportingGoodsStore\"],\"@id\":\"https:\/\/bolting.eu\/en\/#organization\",\"name\":\"bolting.eu\",\"url\":\"https:\/\/bolting.eu\/en\/\",\"logo\":{\"@id\":\"https:\/\/bolting.eu\/en\/shop\/black-diamond-wall-hauler-70\/#local-main-organization-logo\"},\"image\":{\"@id\":\"https:\/\/bolting.eu\/en\/shop\/black-diamond-wall-hauler-70\/#local-main-organization-logo\"},\"sameAs\":[\"https:\/\/www.facebook.com\/bolting.eu\",\"https:\/\/www.instagram.com\/bolting.eu\/\"],\"address\":{\"@id\":\"https:\/\/bolting.eu\/en\/shop\/black-diamond-wall-hauler-70\/#local-main-place-address\"},\"geo\":{\"@type\":\"GeoCoordinates\",\"latitude\":\"47.264176340396226\",\"longitude\":\"11.380109057672346\"},\"telephone\":[\"+43 699 19083372\"],\"openingHoursSpecification\":[{\"@type\":\"OpeningHoursSpecification\",\"dayOfWeek\":[\"Monday\",\"Wednesday\",\"Friday\"],\"opens\":\"14:00\",\"closes\":\"18:00\"},{\"@type\":\"OpeningHoursSpecification\",\"dayOfWeek\":[\"Tuesday\",\"Thursday\",\"Saturday\",\"Sunday\"],\"opens\":\"00:00\",\"closes\":\"00:00\"}],\"email\":\"office@bolting.eu\",\"vatID\":\"ATU59999728\",\"priceRange\":\"$$\",\"currenciesAccepted\":\"Euro\"},{\"@type\":\"PostalAddress\",\"@id\":\"https:\/\/bolting.eu\/en\/shop\/black-diamond-wall-hauler-70\/#local-main-place-address\",\"streetAddress\":\"Fischnalerstra\u00dfe 4\",\"addressLocality\":\"Innsbruck\",\"postalCode\":\"6020\",\"addressRegion\":\"Tirol\",\"addressCountry\":\"AT\"},{\"@type\":\"ImageObject\",\"inLanguage\":\"en-US\",\"@id\":\"https:\/\/bolting.eu\/en\/shop\/black-diamond-wall-hauler-70\/#local-main-organization-logo\",\"url\":\"https:\/\/bolting.eu\/wp-content\/uploads\/2019\/09\/bolting-logo.png\",\"contentUrl\":\"https:\/\/bolting.eu\/wp-content\/uploads\/2019\/09\/bolting-logo.png\",\"width\":400,\"height\":211,\"caption\":\"bolting.eu\"}]}<\/script>\n<meta property=\"og:video\" content=\"https:\/\/www.youtube.com\/embed\/SDl0P9ovSpY\" \/>\n<meta property=\"og:video:type\" content=\"text\/html\" \/>\n<meta property=\"og:video:duration\" content=\"53\" \/>\n<meta property=\"og:video:width\" content=\"480\" \/>\n<meta property=\"og:video:height\" content=\"270\" \/>\n<meta property=\"ya:ovs:adult\" content=\"false\" \/>\n<meta property=\"ya:ovs:upload_date\" content=\"2024-03-06T12:03:35+00:00\" \/>\n<meta property=\"ya:ovs:allow_embed\" content=\"true\" \/>\n<meta property=\"product:price:amount\" content=\"180.00\" \/>\n<meta property=\"product:price:currency\" content=\"EUR\" \/>\n<meta property=\"og:availability\" content=\"out of stock\" \/>\n<meta property=\"product:availability\" content=\"out of stock\" \/>\n<meta property=\"product:retailer_item_id\" content=\"BD810008\" \/>\n<meta property=\"product:condition\" content=\"new\" \/>\n<meta name=\"geo.placename\" content=\"Innsbruck\" \/>\n<meta name=\"geo.position\" content=\"47.264176340396226;11.380109057672346\" \/>\n<meta name=\"geo.region\" content=\"Austria\" \/>\n<!-- \/ Yoast SEO Premium plugin. -->","yoast_head_json":{"title":"Black Diamond Wall Hauler 70 - Haulbag | bolting.eu","description":"Black Diamond Wall Hauler 70 beim Kletterprofi aus Innsbruck Tirol kaufen \u2705 kostenloser Versand* \u2705 14 Tage R\u00fcckgaberecht \u2705 Co2 neutraler Versand","robots":{"index":"index","follow":"follow","max-snippet":"max-snippet:-1","max-image-preview":"max-image-preview:large","max-video-preview":"max-video-preview:-1"},"canonical":"https:\/\/bolting.eu\/en\/shop\/black-diamond-wall-hauler-70\/","og_locale":"en_US","og_type":"article","og_title":"Black Diamond Wall Hauler 70","og_description":"Black Diamond Wall Hauler 70 beim Kletterprofi aus Innsbruck Tirol kaufen \u2705 kostenloser Versand* \u2705 14 Tage R\u00fcckgaberecht \u2705 Co2 neutraler Versand","og_url":"https:\/\/bolting.eu\/en\/shop\/black-diamond-wall-hauler-70\/","og_site_name":"bolting.eu","article_publisher":"https:\/\/www.facebook.com\/bolting.eu","article_modified_time":"2026-01-04T13:51:59+00:00","og_image":[{"width":700,"height":700,"url":"https:\/\/bolting.eu\/wp-content\/uploads\/2024\/03\/Wall-HAuler-70-1.jpg","type":"image\/jpeg"}],"twitter_card":"summary_large_image","twitter_misc":{"Price":"&euro;&nbsp;180,00","Availability":"Out of stock"},"schema":{"@context":"https:\/\/schema.org","@graph":[{"@type":["WebPage","ItemPage"],"@id":"https:\/\/bolting.eu\/en\/shop\/black-diamond-wall-hauler-70\/","url":"https:\/\/bolting.eu\/en\/shop\/black-diamond-wall-hauler-70\/","name":"Black Diamond Wall Hauler 70 - Haulbag | bolting.eu","isPartOf":{"@id":"https:\/\/bolting.eu\/en\/#website"},"primaryImageOfPage":{"@id":"https:\/\/bolting.eu\/en\/shop\/black-diamond-wall-hauler-70\/#primaryimage"},"image":{"@id":"https:\/\/bolting.eu\/en\/shop\/black-diamond-wall-hauler-70\/#primaryimage"},"thumbnailUrl":"https:\/\/bolting.eu\/wp-content\/uploads\/2024\/03\/Wall-HAuler-70-1.jpg","datePublished":"2024-03-06T12:03:35+00:00","dateModified":"2026-01-04T13:51:59+00:00","description":"Black Diamond Wall Hauler 70 beim Kletterprofi aus Innsbruck Tirol kaufen \u2705 kostenloser Versand* \u2705 14 Tage R\u00fcckgaberecht \u2705 Co2 neutraler Versand","breadcrumb":{"@id":"https:\/\/bolting.eu\/en\/shop\/black-diamond-wall-hauler-70\/#breadcrumb"},"inLanguage":"en-US","potentialAction":[{"@type":"ReadAction","target":["https:\/\/bolting.eu\/en\/shop\/black-diamond-wall-hauler-70\/"]}]},{"@type":"ImageObject","inLanguage":"en-US","@id":"https:\/\/bolting.eu\/en\/shop\/black-diamond-wall-hauler-70\/#primaryimage","url":"https:\/\/bolting.eu\/wp-content\/uploads\/2024\/03\/Wall-HAuler-70-1.jpg","contentUrl":"https:\/\/bolting.eu\/wp-content\/uploads\/2024\/03\/Wall-HAuler-70-1.jpg","width":700,"height":700,"caption":"Grau - schwarzer Black Diamond Wall Hauler 70 Haulbag mit orangen Aufh\u00e4ngeschlaufen und Marken Schriftzug."},{"@type":"BreadcrumbList","@id":"https:\/\/bolting.eu\/en\/shop\/black-diamond-wall-hauler-70\/#breadcrumb","itemListElement":[{"@type":"ListItem","position":1,"name":"Shop","item":"https:\/\/bolting.eu\/en\/shop\/"},{"@type":"ListItem","position":2,"name":"Big Wall gear","item":"https:\/\/bolting.eu\/en\/produkt-kategorie\/big-wall-gear\/"},{"@type":"ListItem","position":3,"name":"Haulbag","item":"https:\/\/bolting.eu\/produkt-kategorie\/big-wall-ausruestung\/haulbag\/"},{"@type":"ListItem","position":4,"name":"Black Diamond Wall Hauler 70"}]},{"@type":"WebSite","@id":"https:\/\/bolting.eu\/en\/#website","url":"https:\/\/bolting.eu\/en\/","name":"bolting.eu","description":"we make climbs happen","publisher":{"@id":"https:\/\/bolting.eu\/en\/#organization"},"potentialAction":[{"@type":"SearchAction","target":{"@type":"EntryPoint","urlTemplate":"https:\/\/bolting.eu\/en\/?s={search_term_string}"},"query-input":{"@type":"PropertyValueSpecification","valueRequired":true,"valueName":"search_term_string"}}],"inLanguage":"en-US"},{"@type":["Organization","Place","SportingGoodsStore"],"@id":"https:\/\/bolting.eu\/en\/#organization","name":"bolting.eu","url":"https:\/\/bolting.eu\/en\/","logo":{"@id":"https:\/\/bolting.eu\/en\/shop\/black-diamond-wall-hauler-70\/#local-main-organization-logo"},"image":{"@id":"https:\/\/bolting.eu\/en\/shop\/black-diamond-wall-hauler-70\/#local-main-organization-logo"},"sameAs":["https:\/\/www.facebook.com\/bolting.eu","https:\/\/www.instagram.com\/bolting.eu\/"],"address":{"@id":"https:\/\/bolting.eu\/en\/shop\/black-diamond-wall-hauler-70\/#local-main-place-address"},"geo":{"@type":"GeoCoordinates","latitude":"47.264176340396226","longitude":"11.380109057672346"},"telephone":["+43 699 19083372"],"openingHoursSpecification":[{"@type":"OpeningHoursSpecification","dayOfWeek":["Monday","Wednesday","Friday"],"opens":"14:00","closes":"18:00"},{"@type":"OpeningHoursSpecification","dayOfWeek":["Tuesday","Thursday","Saturday","Sunday"],"opens":"00:00","closes":"00:00"}],"email":"office@bolting.eu","vatID":"ATU59999728","priceRange":"$$","currenciesAccepted":"Euro"},{"@type":"PostalAddress","@id":"https:\/\/bolting.eu\/en\/shop\/black-diamond-wall-hauler-70\/#local-main-place-address","streetAddress":"Fischnalerstra\u00dfe 4","addressLocality":"Innsbruck","postalCode":"6020","addressRegion":"Tirol","addressCountry":"AT"},{"@type":"ImageObject","inLanguage":"en-US","@id":"https:\/\/bolting.eu\/en\/shop\/black-diamond-wall-hauler-70\/#local-main-organization-logo","url":"https:\/\/bolting.eu\/wp-content\/uploads\/2019\/09\/bolting-logo.png","contentUrl":"https:\/\/bolting.eu\/wp-content\/uploads\/2019\/09\/bolting-logo.png","width":400,"height":211,"caption":"bolting.eu"}]},"og_video":"https:\/\/www.youtube.com\/embed\/SDl0P9ovSpY","og_video_type":"text\/html","og_video_duration":"53","og_video_width":"480","og_video_height":"270","ya_ovs_adult":"false","ya_ovs_upload_date":"2024-03-06T12:03:35+00:00","ya_ovs_allow_embed":"true","product_price_amount":"180.00","product_price_currency":"EUR","og_availability":"out of stock","product_availability":"out of stock","product_retailer_item_id":"BD810008","product_condition":"new","geo.placename":"Innsbruck","geo.position":{"lat":"47.264176340396226","long":"11.380109057672346"},"geo.region":"Austria"},"_links":{"self":[{"href":"https:\/\/bolting.eu\/en\/wp-json\/wp\/v2\/product\/18831","targetHints":{"allow":["GET"]}}],"collection":[{"href":"https:\/\/bolting.eu\/en\/wp-json\/wp\/v2\/product"}],"about":[{"href":"https:\/\/bolting.eu\/en\/wp-json\/wp\/v2\/types\/product"}],"replies":[{"embeddable":true,"href":"https:\/\/bolting.eu\/en\/wp-json\/wp\/v2\/comments?post=18831"}],"wp:featuredmedia":[{"embeddable":true,"href":"https:\/\/bolting.eu\/en\/wp-json\/wp\/v2\/media\/18834"}],"wp:attachment":[{"href":"https:\/\/bolting.eu\/en\/wp-json\/wp\/v2\/media?parent=18831"}],"wp:term":[{"taxonomy":"product_brand","embeddable":true,"href":"https:\/\/bolting.eu\/en\/wp-json\/wp\/v2\/product_brand?post=18831"},{"taxonomy":"product_cat","embeddable":true,"href":"https:\/\/bolting.eu\/en\/wp-json\/wp\/v2\/product_cat?post=18831"},{"taxonomy":"product_tag","embeddable":true,"href":"https:\/\/bolting.eu\/en\/wp-json\/wp\/v2\/product_tag?post=18831"}],"curies":[{"name":"wp","href":"https:\/\/api.w.org\/{rel}","templated":true}]}}