{"id":1879,"date":"2020-03-09T23:14:01","date_gmt":"2020-03-09T22:14:01","guid":{"rendered":"https:\/\/bolting.eu\/?post_type=product&#038;p=1879"},"modified":"2025-07-28T10:30:42","modified_gmt":"2025-07-28T08:30:42","slug":"trittleiter-klettern-foot-loop-climbing-technology","status":"publish","type":"product","link":"https:\/\/bolting.eu\/en\/shop\/trittleiter-klettern-foot-loop-climbing-technology\/","title":{"rendered":"Trittleiter Klettern &#8211; Foot Loop Climbing Technology"},"content":{"rendered":"<p>Die Trittleiter Klettern Foot Loop von Climbing Technology ist ein Top Seller bei bolting.eu. Denn sie wird von Kletterern und Erschlie\u00dfern sowie in der H\u00f6hlenforschung eingesetzt. Weiters in vielen Bereichen der H\u00f6henarbeiten. Zudem darf der &#8220;Aider&#8221; in keiner Big Wall Ausr\u00fcstung fehlen.<\/p>\n<p>Das Produkt besticht erstens mit seiner Funktionali\u00e4t. Die Schnalle unterhalb der Karabineraufh\u00e4ngung kann super leicht verstellt werden. Wenn die Hand im Karabiner ist, kann die Schnalle mit dem Daumen ganz leicht verdreht werden. So kann die unbelastete Schlinge rasch verstellt werden!<\/p>\n<p>Zweitens ist die Trittschlaufe der Leiter aus abriebfestem Material. Das sorgt f\u00fcr eine lange Lebensdauer. Mit 85 Gramm ist sie drittens ein echtes Leichtgewicht.<\/p>\n<p>Und viertens kann man mit einer verstellbaren Schlaufe die Stufe fest am Fu\u00df verankern. So rutscht man mit seinem Schuhwerk nicht aus der Schlaufe heraus.<\/p>\n<h3>Eigenschaften Trittleiter Klettern &#8211; Foot Loop Climbing Technology<\/h3>\n<ul>\n<li>Material: Polyamid<\/li>\n<li>L\u00e4nge: von 20cm bis max. 125cm<\/li>\n<li>Limit Arbeitslast: 150kg &#8211; <strong>keine PSA<\/strong><\/li>\n<li>Stahl Schnalle zum leichten verstellen der L\u00e4nge<\/li>\n<li>verst\u00e4rkte Trittschlaufe<\/li>\n<li>verstellbare Schlaufe zum festen Fixieren am Fu\u00df<\/li>\n<li>Gewicht: 85 Gramm<\/li>\n<\/ul>\n<p>Ideal in Kombination mit der Steigklemme Quick up <a href=\"https:\/\/bolting.eu\/climbing-technology\/\">Climbing Technology<\/a>!<\/p>\n<h3>Einsatzbereiche Trittleiter Klettern &#8211; Foot Loop Climbing Technology<\/h3>\n<p>Diese Trittschlinge hat sich seit Jahren am Markt Bew\u00e4hrt. Folglich wird sie gern ein unterschiedlichen Bereichen eingesetzt.<\/p>\n<ul>\n<li><a href=\"https:\/\/bolting.eu\/consulting-errichtung\/klettergarten-errichtung\/\">Klettergarten Errichtung<\/a><\/li>\n<li><a href=\"https:\/\/bolting.eu\/consulting-errichtung\/klettergarten-sanierung\/\">Sanierung Kletterg\u00e4rten<\/a><\/li>\n<li>H\u00f6henarbeiten<\/li>\n<li>Verbauen von <a href=\"https:\/\/bolting.eu\/produkt-kategorie\/klettersteigbau-klettersteigmaterial\/\">Klettersteigmaterialien<\/a><\/li>\n<li>H\u00f6hlenforschung \/ Speleologie<\/li>\n<li>Forstwirtschaft bzw. Baumpflege<\/li>\n<li>Bergrettung<\/li>\n<\/ul>\n<h3>Praxis Tipp bolting.eu<\/h3>\n<p><a href=\"https:\/\/bolting.eu\/wp-content\/uploads\/2020\/03\/Jumar-Set-links.jpg\"><img loading=\"lazy\" decoding=\"async\" class=\"alignleft wp-image-1882 size-medium\" src=\"https:\/\/bolting.eu\/wp-content\/uploads\/2020\/03\/Jumar-Set-links-400x400.jpg\" alt=\"DAs Bild zeigt ein Jumar Set von bolting.eu. Links eine grau-orange Steigklemme, in der Mitte ein Rapidglied, rechts eine Klettern - Foot Loop Climbing Technology.\" width=\"400\" height=\"400\" srcset=\"https:\/\/bolting.eu\/wp-content\/uploads\/2020\/03\/Jumar-Set-links-400x400.jpg 400w, https:\/\/bolting.eu\/wp-content\/uploads\/2020\/03\/Jumar-Set-links-100x100.jpg 100w, https:\/\/bolting.eu\/wp-content\/uploads\/2020\/03\/Jumar-Set-links-510x510.jpg 510w, https:\/\/bolting.eu\/wp-content\/uploads\/2020\/03\/Jumar-Set-links-280x280.jpg 280w, https:\/\/bolting.eu\/wp-content\/uploads\/2020\/03\/Jumar-Set-links-300x300.jpg 300w, https:\/\/bolting.eu\/wp-content\/uploads\/2020\/03\/Jumar-Set-links-600x600.jpg 600w, https:\/\/bolting.eu\/wp-content\/uploads\/2020\/03\/Jumar-Set-links.jpg 700w\" sizes=\"auto, (max-width: 400px) 100vw, 400px\" \/><\/a>Wer viel an Seilen aufsteigt, kann sich die Trittleiter Klettern &#8211; Foot Loop Climbing Technology direkt mit einem 4mm <a href=\"https:\/\/bolting.eu\/produkt-kategorie\/schraubglied-rapidglied\/\">Rapid Glied<\/a> einh\u00e4ngen. Das spart gegen\u00fcber einem Karabiner einerseits enorm an Gewicht. Andererseits verbindet es die Trittleiter fix ohne dass am Verbindungsmittel etwas h\u00e4ngen bleiben kann bzw. sich etwas ein- oder aush\u00e4ngen kann. Die fixe Installation der Trittleiter ist daher eine gro\u00dfe Erleichterung.<\/p>\n<p>Wer Bedarf an dieser Kombination hat sollte unser Jumar Set in Betracht ziehen! F\u00fcr Big Wall Ratten haben wir das Jumar Set plus mit einem Set Jumars, dem Rapidglied und der Klettern &#8211; Foot Loop Climbing Technology<\/p>\n<p>Link Tipp: <a href=\"https:\/\/www.climbingtechnology.com\" target=\"_blank\" rel=\"noopener noreferrer\">zum Hersteller<\/a><\/p>\n","protected":false},"excerpt":{"rendered":"<ul>\n<li>Material: Polyamid<\/li>\n<li>L\u00e4nge: von 20cm bis max. 125cm<\/li>\n<li>Limit Arbeitslast: 150kg &#8211; <strong>keine PSA<\/strong><\/li>\n<li>Stahl Schnalle zum leichten verstellen der L\u00e4nge<\/li>\n<li>verst\u00e4rkte Trittschlaufe<\/li>\n<li>verstellbare Schlaufe zum festen Fixieren am Fu\u00df<\/li>\n<li>Gewicht: 85 Gramm<\/li>\n<\/ul>\n","protected":false},"featured_media":1881,"comment_status":"closed","ping_status":"closed","template":"","meta":[],"product_brand":[],"product_cat":[31,4662,14056],"product_tag":[265,2228,504],"class_list":{"0":"post-1879","1":"product","2":"type-product","3":"status-publish","4":"has-post-thumbnail","6":"product_cat-big-wall-ausruestung","7":"product_cat-climbing-technology","8":"product_cat-seil-auf-abstieg","9":"product_tag-big-wall-klettern","10":"product_tag-hoehenarbeiten","11":"product_tag-hoehlenforschung","13":"first","14":"instock","15":"taxable","16":"shipping-taxable","17":"purchasable","18":"product-type-simple"},"yoast_head":"<!-- This site is optimized with the Yoast SEO Premium plugin v26.9 (Yoast SEO v26.9) - https:\/\/yoast.com\/product\/yoast-seo-premium-wordpress\/ -->\n<title>Trittleiter Klettern - Foot Loop Climbing Technology | bolting.eu<\/title>\n<meta name=\"description\" content=\"Hier findet ihr die Trittleiter Klettern - Foot Loop Climbing Technology. Eine super funktionelle Trittleiter f\u00fcr H\u00f6henarbeiten, Bergretteung und Bigwall.\" \/>\n<meta name=\"robots\" content=\"index, follow, max-snippet:-1, max-image-preview:large, max-video-preview:-1\" \/>\n<link rel=\"canonical\" href=\"https:\/\/bolting.eu\/en\/shop\/trittleiter-klettern-foot-loop-climbing-technology\/\" \/>\n<meta property=\"og:locale\" content=\"en_US\" \/>\n<meta property=\"og:type\" content=\"article\" \/>\n<meta property=\"og:title\" content=\"Trittleiter Klettern - Foot Loop Climbing Technology\" \/>\n<meta property=\"og:description\" content=\"Hier findet ihr die Trittleiter Klettern - Foot Loop Climbing Technology. Eine super funktionelle Trittleiter f\u00fcr H\u00f6henarbeiten, Bergretteung und Bigwall.\" \/>\n<meta property=\"og:url\" content=\"https:\/\/bolting.eu\/en\/shop\/trittleiter-klettern-foot-loop-climbing-technology\/\" \/>\n<meta property=\"og:site_name\" content=\"bolting.eu\" \/>\n<meta property=\"article:publisher\" content=\"https:\/\/www.facebook.com\/bolting.eu\" \/>\n<meta property=\"article:modified_time\" content=\"2025-07-28T08:30:42+00:00\" \/>\n<meta property=\"og:image\" content=\"https:\/\/bolting.eu\/wp-content\/uploads\/2020\/03\/Trittleiter-Klettern-Foot-Loop-Climbing-Technology.jpg\" \/>\n\t<meta property=\"og:image:width\" content=\"700\" \/>\n\t<meta property=\"og:image:height\" content=\"700\" \/>\n\t<meta property=\"og:image:type\" content=\"image\/jpeg\" \/>\n<meta name=\"twitter:card\" content=\"summary_large_image\" \/>\n<meta name=\"twitter:label1\" content=\"Price\" \/>\n\t<meta name=\"twitter:data1\" content=\"&euro;&nbsp;29,90\" \/>\n\t<meta name=\"twitter:label2\" content=\"Availability\" \/>\n\t<meta name=\"twitter:data2\" content=\"In stock\" \/>\n<script type=\"application\/ld+json\" class=\"yoast-schema-graph\">{\"@context\":\"https:\/\/schema.org\",\"@graph\":[{\"@type\":[\"WebPage\",\"ItemPage\"],\"@id\":\"https:\/\/bolting.eu\/en\/shop\/trittleiter-klettern-foot-loop-climbing-technology\/\",\"url\":\"https:\/\/bolting.eu\/en\/shop\/trittleiter-klettern-foot-loop-climbing-technology\/\",\"name\":\"Trittleiter Klettern - Foot Loop Climbing Technology | bolting.eu\",\"isPartOf\":{\"@id\":\"https:\/\/bolting.eu\/en\/#website\"},\"primaryImageOfPage\":{\"@id\":\"https:\/\/bolting.eu\/en\/shop\/trittleiter-klettern-foot-loop-climbing-technology\/#primaryimage\"},\"image\":{\"@id\":\"https:\/\/bolting.eu\/en\/shop\/trittleiter-klettern-foot-loop-climbing-technology\/#primaryimage\"},\"thumbnailUrl\":\"https:\/\/bolting.eu\/wp-content\/uploads\/2020\/03\/Trittleiter-Klettern-Foot-Loop-Climbing-Technology.jpg\",\"datePublished\":\"2020-03-09T22:14:01+00:00\",\"dateModified\":\"2025-07-28T08:30:42+00:00\",\"description\":\"Hier findet ihr die Trittleiter Klettern - Foot Loop Climbing Technology. Eine super funktionelle Trittleiter f\u00fcr H\u00f6henarbeiten, Bergretteung und Bigwall.\",\"breadcrumb\":{\"@id\":\"https:\/\/bolting.eu\/en\/shop\/trittleiter-klettern-foot-loop-climbing-technology\/#breadcrumb\"},\"inLanguage\":\"en-US\",\"potentialAction\":[{\"@type\":\"ReadAction\",\"target\":[\"https:\/\/bolting.eu\/en\/shop\/trittleiter-klettern-foot-loop-climbing-technology\/\"]}]},{\"@type\":\"ImageObject\",\"inLanguage\":\"en-US\",\"@id\":\"https:\/\/bolting.eu\/en\/shop\/trittleiter-klettern-foot-loop-climbing-technology\/#primaryimage\",\"url\":\"https:\/\/bolting.eu\/wp-content\/uploads\/2020\/03\/Trittleiter-Klettern-Foot-Loop-Climbing-Technology.jpg\",\"contentUrl\":\"https:\/\/bolting.eu\/wp-content\/uploads\/2020\/03\/Trittleiter-Klettern-Foot-Loop-Climbing-Technology.jpg\",\"width\":700,\"height\":700,\"caption\":\"Das Bild zeigt die schwarze Trittleiter Klettern - Foot Loop von Climbing Technology. Sie ist vertikal aufgelegt dargestellt. Oben die Fixierschnalle, unten die Trittschlaufe.\"},{\"@type\":\"BreadcrumbList\",\"@id\":\"https:\/\/bolting.eu\/en\/shop\/trittleiter-klettern-foot-loop-climbing-technology\/#breadcrumb\",\"itemListElement\":[{\"@type\":\"ListItem\",\"position\":1,\"name\":\"Shop\",\"item\":\"https:\/\/bolting.eu\/en\/shop\/\"},{\"@type\":\"ListItem\",\"position\":2,\"name\":\"bolting products\",\"item\":\"https:\/\/bolting.eu\/en\/produkt-kategorie\/bolting-products\/\"},{\"@type\":\"ListItem\",\"position\":3,\"name\":\"Seil Auf-Abstieg\",\"item\":\"https:\/\/bolting.eu\/produkt-kategorie\/einbohrartikel\/seil-auf-abstieg\/\"},{\"@type\":\"ListItem\",\"position\":4,\"name\":\"Trittleiter Klettern &#8211; Foot Loop Climbing Technology\"}]},{\"@type\":\"WebSite\",\"@id\":\"https:\/\/bolting.eu\/en\/#website\",\"url\":\"https:\/\/bolting.eu\/en\/\",\"name\":\"bolting.eu\",\"description\":\"we make climbs happen\",\"publisher\":{\"@id\":\"https:\/\/bolting.eu\/en\/#organization\"},\"potentialAction\":[{\"@type\":\"SearchAction\",\"target\":{\"@type\":\"EntryPoint\",\"urlTemplate\":\"https:\/\/bolting.eu\/en\/?s={search_term_string}\"},\"query-input\":{\"@type\":\"PropertyValueSpecification\",\"valueRequired\":true,\"valueName\":\"search_term_string\"}}],\"inLanguage\":\"en-US\"},{\"@type\":[\"Organization\",\"Place\",\"SportingGoodsStore\"],\"@id\":\"https:\/\/bolting.eu\/en\/#organization\",\"name\":\"bolting.eu\",\"url\":\"https:\/\/bolting.eu\/en\/\",\"logo\":{\"@id\":\"https:\/\/bolting.eu\/en\/shop\/trittleiter-klettern-foot-loop-climbing-technology\/#local-main-organization-logo\"},\"image\":{\"@id\":\"https:\/\/bolting.eu\/en\/shop\/trittleiter-klettern-foot-loop-climbing-technology\/#local-main-organization-logo\"},\"sameAs\":[\"https:\/\/www.facebook.com\/bolting.eu\",\"https:\/\/www.instagram.com\/bolting.eu\/\"],\"address\":{\"@id\":\"https:\/\/bolting.eu\/en\/shop\/trittleiter-klettern-foot-loop-climbing-technology\/#local-main-place-address\"},\"geo\":{\"@type\":\"GeoCoordinates\",\"latitude\":\"47.264176340396226\",\"longitude\":\"11.380109057672346\"},\"telephone\":[\"+43 699 19083372\"],\"openingHoursSpecification\":[{\"@type\":\"OpeningHoursSpecification\",\"dayOfWeek\":[\"Monday\",\"Wednesday\",\"Friday\"],\"opens\":\"14:00\",\"closes\":\"18:00\"},{\"@type\":\"OpeningHoursSpecification\",\"dayOfWeek\":[\"Tuesday\",\"Thursday\",\"Saturday\",\"Sunday\"],\"opens\":\"00:00\",\"closes\":\"00:00\"}],\"email\":\"office@bolting.eu\",\"vatID\":\"ATU59999728\",\"priceRange\":\"$$\",\"currenciesAccepted\":\"Euro\"},{\"@type\":\"PostalAddress\",\"@id\":\"https:\/\/bolting.eu\/en\/shop\/trittleiter-klettern-foot-loop-climbing-technology\/#local-main-place-address\",\"streetAddress\":\"Fischnalerstra\u00dfe 4\",\"addressLocality\":\"Innsbruck\",\"postalCode\":\"6020\",\"addressRegion\":\"Tirol\",\"addressCountry\":\"AT\"},{\"@type\":\"ImageObject\",\"inLanguage\":\"en-US\",\"@id\":\"https:\/\/bolting.eu\/en\/shop\/trittleiter-klettern-foot-loop-climbing-technology\/#local-main-organization-logo\",\"url\":\"https:\/\/bolting.eu\/wp-content\/uploads\/2019\/09\/bolting-logo.png\",\"contentUrl\":\"https:\/\/bolting.eu\/wp-content\/uploads\/2019\/09\/bolting-logo.png\",\"width\":400,\"height\":211,\"caption\":\"bolting.eu\"}]}<\/script>\n<meta property=\"product:price:amount\" content=\"29.90\" \/>\n<meta property=\"product:price:currency\" content=\"EUR\" \/>\n<meta property=\"og:availability\" content=\"instock\" \/>\n<meta property=\"product:availability\" content=\"instock\" \/>\n<meta property=\"product:retailer_item_id\" content=\"7W124\" \/>\n<meta property=\"product:condition\" content=\"new\" \/>\n<meta name=\"geo.placename\" content=\"Innsbruck\" \/>\n<meta name=\"geo.position\" content=\"47.264176340396226;11.380109057672346\" \/>\n<meta name=\"geo.region\" content=\"Austria\" \/>\n<!-- \/ Yoast SEO Premium plugin. -->","yoast_head_json":{"title":"Trittleiter Klettern - Foot Loop Climbing Technology | bolting.eu","description":"Hier findet ihr die Trittleiter Klettern - Foot Loop Climbing Technology. Eine super funktionelle Trittleiter f\u00fcr H\u00f6henarbeiten, Bergretteung und Bigwall.","robots":{"index":"index","follow":"follow","max-snippet":"max-snippet:-1","max-image-preview":"max-image-preview:large","max-video-preview":"max-video-preview:-1"},"canonical":"https:\/\/bolting.eu\/en\/shop\/trittleiter-klettern-foot-loop-climbing-technology\/","og_locale":"en_US","og_type":"article","og_title":"Trittleiter Klettern - Foot Loop Climbing Technology","og_description":"Hier findet ihr die Trittleiter Klettern - Foot Loop Climbing Technology. Eine super funktionelle Trittleiter f\u00fcr H\u00f6henarbeiten, Bergretteung und Bigwall.","og_url":"https:\/\/bolting.eu\/en\/shop\/trittleiter-klettern-foot-loop-climbing-technology\/","og_site_name":"bolting.eu","article_publisher":"https:\/\/www.facebook.com\/bolting.eu","article_modified_time":"2025-07-28T08:30:42+00:00","og_image":[{"width":700,"height":700,"url":"https:\/\/bolting.eu\/wp-content\/uploads\/2020\/03\/Trittleiter-Klettern-Foot-Loop-Climbing-Technology.jpg","type":"image\/jpeg"}],"twitter_card":"summary_large_image","twitter_misc":{"Price":"&euro;&nbsp;29,90","Availability":"In stock"},"schema":{"@context":"https:\/\/schema.org","@graph":[{"@type":["WebPage","ItemPage"],"@id":"https:\/\/bolting.eu\/en\/shop\/trittleiter-klettern-foot-loop-climbing-technology\/","url":"https:\/\/bolting.eu\/en\/shop\/trittleiter-klettern-foot-loop-climbing-technology\/","name":"Trittleiter Klettern - Foot Loop Climbing Technology | bolting.eu","isPartOf":{"@id":"https:\/\/bolting.eu\/en\/#website"},"primaryImageOfPage":{"@id":"https:\/\/bolting.eu\/en\/shop\/trittleiter-klettern-foot-loop-climbing-technology\/#primaryimage"},"image":{"@id":"https:\/\/bolting.eu\/en\/shop\/trittleiter-klettern-foot-loop-climbing-technology\/#primaryimage"},"thumbnailUrl":"https:\/\/bolting.eu\/wp-content\/uploads\/2020\/03\/Trittleiter-Klettern-Foot-Loop-Climbing-Technology.jpg","datePublished":"2020-03-09T22:14:01+00:00","dateModified":"2025-07-28T08:30:42+00:00","description":"Hier findet ihr die Trittleiter Klettern - Foot Loop Climbing Technology. Eine super funktionelle Trittleiter f\u00fcr H\u00f6henarbeiten, Bergretteung und Bigwall.","breadcrumb":{"@id":"https:\/\/bolting.eu\/en\/shop\/trittleiter-klettern-foot-loop-climbing-technology\/#breadcrumb"},"inLanguage":"en-US","potentialAction":[{"@type":"ReadAction","target":["https:\/\/bolting.eu\/en\/shop\/trittleiter-klettern-foot-loop-climbing-technology\/"]}]},{"@type":"ImageObject","inLanguage":"en-US","@id":"https:\/\/bolting.eu\/en\/shop\/trittleiter-klettern-foot-loop-climbing-technology\/#primaryimage","url":"https:\/\/bolting.eu\/wp-content\/uploads\/2020\/03\/Trittleiter-Klettern-Foot-Loop-Climbing-Technology.jpg","contentUrl":"https:\/\/bolting.eu\/wp-content\/uploads\/2020\/03\/Trittleiter-Klettern-Foot-Loop-Climbing-Technology.jpg","width":700,"height":700,"caption":"Das Bild zeigt die schwarze Trittleiter Klettern - Foot Loop von Climbing Technology. Sie ist vertikal aufgelegt dargestellt. Oben die Fixierschnalle, unten die Trittschlaufe."},{"@type":"BreadcrumbList","@id":"https:\/\/bolting.eu\/en\/shop\/trittleiter-klettern-foot-loop-climbing-technology\/#breadcrumb","itemListElement":[{"@type":"ListItem","position":1,"name":"Shop","item":"https:\/\/bolting.eu\/en\/shop\/"},{"@type":"ListItem","position":2,"name":"bolting products","item":"https:\/\/bolting.eu\/en\/produkt-kategorie\/bolting-products\/"},{"@type":"ListItem","position":3,"name":"Seil Auf-Abstieg","item":"https:\/\/bolting.eu\/produkt-kategorie\/einbohrartikel\/seil-auf-abstieg\/"},{"@type":"ListItem","position":4,"name":"Trittleiter Klettern &#8211; Foot Loop Climbing Technology"}]},{"@type":"WebSite","@id":"https:\/\/bolting.eu\/en\/#website","url":"https:\/\/bolting.eu\/en\/","name":"bolting.eu","description":"we make climbs happen","publisher":{"@id":"https:\/\/bolting.eu\/en\/#organization"},"potentialAction":[{"@type":"SearchAction","target":{"@type":"EntryPoint","urlTemplate":"https:\/\/bolting.eu\/en\/?s={search_term_string}"},"query-input":{"@type":"PropertyValueSpecification","valueRequired":true,"valueName":"search_term_string"}}],"inLanguage":"en-US"},{"@type":["Organization","Place","SportingGoodsStore"],"@id":"https:\/\/bolting.eu\/en\/#organization","name":"bolting.eu","url":"https:\/\/bolting.eu\/en\/","logo":{"@id":"https:\/\/bolting.eu\/en\/shop\/trittleiter-klettern-foot-loop-climbing-technology\/#local-main-organization-logo"},"image":{"@id":"https:\/\/bolting.eu\/en\/shop\/trittleiter-klettern-foot-loop-climbing-technology\/#local-main-organization-logo"},"sameAs":["https:\/\/www.facebook.com\/bolting.eu","https:\/\/www.instagram.com\/bolting.eu\/"],"address":{"@id":"https:\/\/bolting.eu\/en\/shop\/trittleiter-klettern-foot-loop-climbing-technology\/#local-main-place-address"},"geo":{"@type":"GeoCoordinates","latitude":"47.264176340396226","longitude":"11.380109057672346"},"telephone":["+43 699 19083372"],"openingHoursSpecification":[{"@type":"OpeningHoursSpecification","dayOfWeek":["Monday","Wednesday","Friday"],"opens":"14:00","closes":"18:00"},{"@type":"OpeningHoursSpecification","dayOfWeek":["Tuesday","Thursday","Saturday","Sunday"],"opens":"00:00","closes":"00:00"}],"email":"office@bolting.eu","vatID":"ATU59999728","priceRange":"$$","currenciesAccepted":"Euro"},{"@type":"PostalAddress","@id":"https:\/\/bolting.eu\/en\/shop\/trittleiter-klettern-foot-loop-climbing-technology\/#local-main-place-address","streetAddress":"Fischnalerstra\u00dfe 4","addressLocality":"Innsbruck","postalCode":"6020","addressRegion":"Tirol","addressCountry":"AT"},{"@type":"ImageObject","inLanguage":"en-US","@id":"https:\/\/bolting.eu\/en\/shop\/trittleiter-klettern-foot-loop-climbing-technology\/#local-main-organization-logo","url":"https:\/\/bolting.eu\/wp-content\/uploads\/2019\/09\/bolting-logo.png","contentUrl":"https:\/\/bolting.eu\/wp-content\/uploads\/2019\/09\/bolting-logo.png","width":400,"height":211,"caption":"bolting.eu"}]},"product_price_amount":"29.90","product_price_currency":"EUR","og_availability":"instock","product_availability":"instock","product_retailer_item_id":"7W124","product_condition":"new","geo.placename":"Innsbruck","geo.position":{"lat":"47.264176340396226","long":"11.380109057672346"},"geo.region":"Austria"},"_links":{"self":[{"href":"https:\/\/bolting.eu\/en\/wp-json\/wp\/v2\/product\/1879","targetHints":{"allow":["GET"]}}],"collection":[{"href":"https:\/\/bolting.eu\/en\/wp-json\/wp\/v2\/product"}],"about":[{"href":"https:\/\/bolting.eu\/en\/wp-json\/wp\/v2\/types\/product"}],"replies":[{"embeddable":true,"href":"https:\/\/bolting.eu\/en\/wp-json\/wp\/v2\/comments?post=1879"}],"wp:featuredmedia":[{"embeddable":true,"href":"https:\/\/bolting.eu\/en\/wp-json\/wp\/v2\/media\/1881"}],"wp:attachment":[{"href":"https:\/\/bolting.eu\/en\/wp-json\/wp\/v2\/media?parent=1879"}],"wp:term":[{"taxonomy":"product_brand","embeddable":true,"href":"https:\/\/bolting.eu\/en\/wp-json\/wp\/v2\/product_brand?post=1879"},{"taxonomy":"product_cat","embeddable":true,"href":"https:\/\/bolting.eu\/en\/wp-json\/wp\/v2\/product_cat?post=1879"},{"taxonomy":"product_tag","embeddable":true,"href":"https:\/\/bolting.eu\/en\/wp-json\/wp\/v2\/product_tag?post=1879"}],"curies":[{"name":"wp","href":"https:\/\/api.w.org\/{rel}","templated":true}]}}