{"id":18725,"date":"2024-03-01T12:57:22","date_gmt":"2024-03-01T11:57:22","guid":{"rendered":"https:\/\/bolting.eu\/?post_type=product&#038;p=18725"},"modified":"2026-01-14T16:48:16","modified_gmt":"2026-01-14T15:48:16","slug":"petzl-rescucender","status":"publish","type":"product","link":"https:\/\/bolting.eu\/en\/shop\/petzl-rescucender\/","title":{"rendered":"Petzl Rescucender"},"content":{"rendered":"<p>Der Petzl Recucender ist eine einfache <a href=\"https:\/\/bolting.eu\/produkt-kategorie\/kletterausruestung\/steigklemmen-seilklemmen\/\">Seilklemme<\/a>.<\/p>\n<p>Sie wird zum einen als Zugsystem oder R\u00fccklaufsperre bei Flaschenz\u00fcgen verwendet. Und zum anderen als behelfsm\u00e4\u00dfige Aufstiegshilfe.<\/p>\n<p>Die Klemme wird durch das Aufklappen des Klemmnockens ge\u00f6ffnet. So kann ganz einfach das Seil eingelegt werden. Eine Sicherheitsperre verhindert dann nach dem Schlie\u00dfen das unabsichtliche \u00d6ffnen.<\/p>\n<p>Diese Klemme ist ein richtiges Universal &#8211; Arbeitstier. Auch durch die gro\u00dfe Verbindungs\u00f6se. Denn diese erm\u00f6glicht ein Drehen des Karabiners. Abschlie\u00dfend k\u00f6nnen Seile von 9,5 &#8211; 13mm verwendet werden. Das macht sie so unglaublich flexibel.<\/p>\n<p>Fazit. Wer eine Universalklemme f\u00fcr H\u00f6henarbeiten und Bergsport sucht, findet hier eine sehr gute Option.<\/p>\n<h2>Eigenschaften Petzl Rescucender<\/h2>\n<ul>\n<li>Material: Alu, Edelstahl, Polyamid<\/li>\n<li>Gewicht: 260 Gramm<\/li>\n<li>Normen: EN 567<\/li>\n<li>f\u00fcr Seile 9,5 &#8211; 13mm<\/li>\n<li>sehr ergonomisch und universell<\/li>\n<li>kann \u00fcberall am Seil eingeh\u00e4ngt werden<\/li>\n<li>rot markierte Sicherheitssperre gegen unabsichtliches \u00d6ffnen<\/li>\n<li>gro\u00dfe Verbindungs\u00f6se &#8211; Karabiner drehbar<\/li>\n<li>R\u00fcckholfeder sorgt f\u00fcr verl\u00e4ssliches Klemmen und lange Lebensdauer<\/li>\n<li>ideal f\u00fcr Flaschenz\u00fcge und als behelfsm\u00e4\u00dfige Aufstiegshilfe<\/li>\n<li>Klemmnocken mit Rillen &#8211; keinen Z\u00e4hnen &#8211; sehr seilschonend<\/li>\n<li>nicht zur Selbstsicherung am Fixseil verwenden!<\/li>\n<li><a href=\"https:\/\/bolting.eu\/produkt-kategorie\/kletterausruestung\/kletterhandschuhe\/\">Kletterhandschuhe<\/a> empfohlen<\/li>\n<li><a href=\"https:\/\/www.petzl.com\/sfc\/servlet.shepherd\/version\/download\/0686800000Y3M04AAF\" target=\"_blank\" rel=\"noopener\">Bedienungsanleitung<\/a><\/li>\n<\/ul>\n<h3>Produktvideo<\/h3>\n<p>Im folgenden Video wird dieses Produkt nochmals n\u00e4her vorgestellt.<\/p>\n<p><iframe loading=\"lazy\" title=\"Petzl Rescucender - TreeStuff.com 360 View\" width=\"1020\" height=\"574\" src=\"https:\/\/www.youtube.com\/embed\/YDt8P9m49_I?feature=oembed\" frameborder=\"0\" allow=\"accelerometer; autoplay; clipboard-write; encrypted-media; gyroscope; picture-in-picture; web-share\" referrerpolicy=\"strict-origin-when-cross-origin\" allowfullscreen><\/iframe><\/p>\n<p>&nbsp;<\/p>\n<h3>Verwendungszwecke<\/h3>\n<p>F\u00fcr diese Seilklemme gibt es zwei haupts\u00e4chliche Anwenndungsgebiete.<\/p>\n<p>Zum einen die Verwendung als Klemme bei einem Flaschenzug. Und zum anderen als behelfsm\u00e4\u00dfige Aufstiegshilfe bzw. zur Fixierung am Arbeitsplatz.<\/p>\n<p>Unser Tipp: bei letzterer Anwendung immer einen Knoten unter die Klemme machen zur Sicherheit!<\/p>\n<figure id=\"attachment_18762\" aria-describedby=\"caption-attachment-18762\" style=\"width: 800px\" class=\"wp-caption alignnone\"><a href=\"https:\/\/bolting.eu\/wp-content\/uploads\/2024\/03\/Rescucender-2.jpg\"><img loading=\"lazy\" decoding=\"async\" class=\"wp-image-18762 size-medium\" src=\"https:\/\/bolting.eu\/wp-content\/uploads\/2024\/03\/Rescucender-2-800x400.jpg\" alt=\"Grafik mit zwei Bildern zur Anwendung der Petzl Seilklemme Recucender.\" width=\"800\" height=\"400\" srcset=\"https:\/\/bolting.eu\/wp-content\/uploads\/2024\/03\/Rescucender-2-800x400.jpg 800w, https:\/\/bolting.eu\/wp-content\/uploads\/2024\/03\/Rescucender-2-768x384.jpg 768w, https:\/\/bolting.eu\/wp-content\/uploads\/2024\/03\/Rescucender-2-510x255.jpg 510w, https:\/\/bolting.eu\/wp-content\/uploads\/2024\/03\/Rescucender-2-100x50.jpg 100w, https:\/\/bolting.eu\/wp-content\/uploads\/2024\/03\/Rescucender-2.jpg 1200w\" sizes=\"auto, (max-width: 800px) 100vw, 800px\" \/><\/a><figcaption id=\"caption-attachment-18762\" class=\"wp-caption-text\">Die Verwendung erfolgt haupts\u00e4chlich bei Flaschenz\u00fcgen und beim Seilaufstieg.<\/figcaption><\/figure>\n<h3>Nicht zur Selbstsicherung am Fixseil verwenden!<\/h3>\n<p>Diese Seilklemme ist dazu gedacht, kontrolliert belastet zu werden. Ein Blick in die Bedienungsanleitung macht das deutlich. D.h. nur ein sachtes &#8220;Hineinsetzen&#8221; bzw. nach unten Ziehen garantieren ein sicheres Blockieren.<\/p>\n<p>Ein dynamisches &#8220;Hineinfallen&#8221; ist gef\u00e4hrlich. Der Hersteller weist unmissverst\u00e4ndlich auf dieses Risiko hin. Deshalb darf man diese Seilklemme in keinem Fall zur Selbstsicherung am Fixseil verwenden!<\/p>\n<figure id=\"attachment_18761\" aria-describedby=\"caption-attachment-18761\" style=\"width: 800px\" class=\"wp-caption alignnone\"><a href=\"https:\/\/bolting.eu\/wp-content\/uploads\/2024\/03\/Rescucender-3.jpg\"><img loading=\"lazy\" decoding=\"async\" class=\"wp-image-18761 size-medium\" src=\"https:\/\/bolting.eu\/wp-content\/uploads\/2024\/03\/Rescucender-3-800x400.jpg\" alt=\"Grafik mit vier Bildern zur richtigen und falschen Verwendung der Petzl Rescucender Seilklemme.\" width=\"800\" height=\"400\" srcset=\"https:\/\/bolting.eu\/wp-content\/uploads\/2024\/03\/Rescucender-3-800x400.jpg 800w, https:\/\/bolting.eu\/wp-content\/uploads\/2024\/03\/Rescucender-3-768x384.jpg 768w, https:\/\/bolting.eu\/wp-content\/uploads\/2024\/03\/Rescucender-3-510x255.jpg 510w, https:\/\/bolting.eu\/wp-content\/uploads\/2024\/03\/Rescucender-3-100x50.jpg 100w, https:\/\/bolting.eu\/wp-content\/uploads\/2024\/03\/Rescucender-3.jpg 1200w\" sizes=\"auto, (max-width: 800px) 100vw, 800px\" \/><\/a><figcaption id=\"caption-attachment-18761\" class=\"wp-caption-text\">Nur kontrolliertes Belasten f\u00fchrt zu einer sicheren Funktion!<\/figcaption><\/figure>\n<p>&nbsp;<\/p>\n<h3>Seil richtig in Rescucender einlegen<\/h3>\n<p>1.) Dr\u00fccke den Sicherheitsverschluss auf beiden Seiten. Nun schiebe den Klemmnocken zuerst nach oben und dann ziehe ihn zu dir hin<\/p>\n<p>2.) dr\u00fccke den Klemmnocken nochmals weiter nach oben. Er bleibt dort dann von alleine stehen. Nun lege das Seil ein.<\/p>\n<p>3.) Schiebe den Nocken wieder nach unten. Dann dr\u00fccke ihn ganz &#8220;hinein&#8221; und ziehe ihn in die Ausgangsposition. ACHTUNG: es darf keine rote Farbe am Sicherheitsverschluss sichtbar sein.<\/p>\n<p><a href=\"https:\/\/bolting.eu\/wp-content\/uploads\/2024\/03\/Rescucender-1.jpg\"><img loading=\"lazy\" decoding=\"async\" class=\"alignnone size-full wp-image-18763\" src=\"https:\/\/bolting.eu\/wp-content\/uploads\/2024\/03\/Rescucender-1.jpg\" alt=\"Grafik zum richtigen Einlegen des Seils in den Petzl Recucender.\" width=\"1200\" height=\"600\" srcset=\"https:\/\/bolting.eu\/wp-content\/uploads\/2024\/03\/Rescucender-1.jpg 1200w, https:\/\/bolting.eu\/wp-content\/uploads\/2024\/03\/Rescucender-1-800x400.jpg 800w, https:\/\/bolting.eu\/wp-content\/uploads\/2024\/03\/Rescucender-1-768x384.jpg 768w, https:\/\/bolting.eu\/wp-content\/uploads\/2024\/03\/Rescucender-1-510x255.jpg 510w, https:\/\/bolting.eu\/wp-content\/uploads\/2024\/03\/Rescucender-1-100x50.jpg 100w\" sizes=\"auto, (max-width: 1200px) 100vw, 1200px\" \/><\/a><\/p>\n","protected":false},"excerpt":{"rendered":"<p>Universelle Seilklemme mit Sicherheitsverschluss.<\/p>\n<p>Ideal als R\u00fccklaufsperre bei Flaschenz\u00fcgen und f\u00fcr den Seilaufstieg.<\/p>\n<p>Versandkostenfrei bis 2kg in <img decoding=\"async\" class=\"emoji\" role=\"img\" draggable=\"false\" src=\"https:\/\/s.w.org\/images\/core\/emoji\/14.0.0\/svg\/1f1e6-1f1f9.svg\" alt=\"\ud83c\udde6\ud83c\uddf9\" \/> ab \u20ac 100,- und <img decoding=\"async\" class=\"emoji\" role=\"img\" draggable=\"false\" src=\"https:\/\/s.w.org\/images\/core\/emoji\/14.0.0\/svg\/1f1e9-1f1ea.svg\" alt=\"\ud83c\udde9\ud83c\uddea\" \/> ab \u20ac 200,-!<\/p>\n","protected":false},"featured_media":18764,"comment_status":"closed","ping_status":"closed","template":"","meta":[],"product_brand":[],"product_cat":[29,3660,14093],"product_tag":[],"class_list":{"0":"post-18725","1":"product","2":"type-product","3":"status-publish","4":"has-post-thumbnail","6":"product_cat-kletterausruestung","7":"product_cat-steigklemmen-seilklemmen","8":"product_cat-petzl","10":"first","11":"instock","12":"sale","13":"taxable","14":"shipping-taxable","15":"purchasable","16":"product-type-simple"},"yoast_head":"<!-- This site is optimized with the Yoast SEO Premium plugin v26.9 (Yoast SEO v26.9) - https:\/\/yoast.com\/product\/yoast-seo-premium-wordpress\/ -->\n<title>Petzl Rescucender - universelle Seilklemme | bolting.eu<\/title>\n<meta name=\"description\" content=\"Petzl Rescucender beim Kletter Hardwareprofi aus Innsbruck - Tirol kaufen \u2705 kostenloser Versand* \u2705 14 Tage R\u00fcckgaberecht \u2705 Co2 neutraler Versand\" \/>\n<meta name=\"robots\" content=\"index, follow, max-snippet:-1, max-image-preview:large, max-video-preview:-1\" \/>\n<link rel=\"canonical\" href=\"https:\/\/bolting.eu\/en\/shop\/petzl-rescucender\/\" \/>\n<meta property=\"og:locale\" content=\"en_US\" \/>\n<meta property=\"og:type\" content=\"article\" \/>\n<meta property=\"og:title\" content=\"Petzl Rescucender\" \/>\n<meta property=\"og:description\" content=\"Petzl Rescucender beim Kletter Hardwareprofi aus Innsbruck - Tirol kaufen \u2705 kostenloser Versand* \u2705 14 Tage R\u00fcckgaberecht \u2705 Co2 neutraler Versand\" \/>\n<meta property=\"og:url\" content=\"https:\/\/bolting.eu\/en\/shop\/petzl-rescucender\/\" \/>\n<meta property=\"og:site_name\" content=\"bolting.eu\" \/>\n<meta property=\"article:publisher\" content=\"https:\/\/www.facebook.com\/bolting.eu\" \/>\n<meta property=\"article:modified_time\" content=\"2026-01-14T15:48:16+00:00\" \/>\n<meta property=\"og:image\" content=\"https:\/\/bolting.eu\/wp-content\/uploads\/2024\/03\/Rescucender-6.jpg\" \/>\n\t<meta property=\"og:image:width\" content=\"700\" \/>\n\t<meta property=\"og:image:height\" content=\"700\" \/>\n\t<meta property=\"og:image:type\" content=\"image\/jpeg\" \/>\n<meta name=\"twitter:card\" content=\"summary_large_image\" \/>\n<meta name=\"twitter:label1\" content=\"Price\" \/>\n\t<meta name=\"twitter:data1\" content=\"&euro;&nbsp;104,00\" \/>\n\t<meta name=\"twitter:label2\" content=\"Availability\" \/>\n\t<meta name=\"twitter:data2\" content=\"In stock\" \/>\n<script type=\"application\/ld+json\" class=\"yoast-schema-graph\">{\"@context\":\"https:\/\/schema.org\",\"@graph\":[{\"@type\":[\"WebPage\",\"ItemPage\"],\"@id\":\"https:\/\/bolting.eu\/en\/shop\/petzl-rescucender\/\",\"url\":\"https:\/\/bolting.eu\/en\/shop\/petzl-rescucender\/\",\"name\":\"Petzl Rescucender - universelle Seilklemme | bolting.eu\",\"isPartOf\":{\"@id\":\"https:\/\/bolting.eu\/en\/#website\"},\"primaryImageOfPage\":{\"@id\":\"https:\/\/bolting.eu\/en\/shop\/petzl-rescucender\/#primaryimage\"},\"image\":{\"@id\":\"https:\/\/bolting.eu\/en\/shop\/petzl-rescucender\/#primaryimage\"},\"thumbnailUrl\":\"https:\/\/bolting.eu\/wp-content\/uploads\/2024\/03\/Rescucender-6.jpg\",\"datePublished\":\"2024-03-01T11:57:22+00:00\",\"dateModified\":\"2026-01-14T15:48:16+00:00\",\"description\":\"Petzl Rescucender beim Kletter Hardwareprofi aus Innsbruck - Tirol kaufen \u2705 kostenloser Versand* \u2705 14 Tage R\u00fcckgaberecht \u2705 Co2 neutraler Versand\",\"breadcrumb\":{\"@id\":\"https:\/\/bolting.eu\/en\/shop\/petzl-rescucender\/#breadcrumb\"},\"inLanguage\":\"en-US\",\"potentialAction\":[{\"@type\":\"ReadAction\",\"target\":[\"https:\/\/bolting.eu\/en\/shop\/petzl-rescucender\/\"]}]},{\"@type\":\"ImageObject\",\"inLanguage\":\"en-US\",\"@id\":\"https:\/\/bolting.eu\/en\/shop\/petzl-rescucender\/#primaryimage\",\"url\":\"https:\/\/bolting.eu\/wp-content\/uploads\/2024\/03\/Rescucender-6.jpg\",\"contentUrl\":\"https:\/\/bolting.eu\/wp-content\/uploads\/2024\/03\/Rescucender-6.jpg\",\"width\":700,\"height\":700,\"caption\":\"H\u00e4nde beim Einh\u00e4ngen einer Petzl Seilklemme in ein schwarzes Seil.\"},{\"@type\":\"BreadcrumbList\",\"@id\":\"https:\/\/bolting.eu\/en\/shop\/petzl-rescucender\/#breadcrumb\",\"itemListElement\":[{\"@type\":\"ListItem\",\"position\":1,\"name\":\"Shop\",\"item\":\"https:\/\/bolting.eu\/en\/shop\/\"},{\"@type\":\"ListItem\",\"position\":2,\"name\":\"climbing equipment\",\"item\":\"https:\/\/bolting.eu\/en\/produkt-kategorie\/climbing-equipment\/\"},{\"@type\":\"ListItem\",\"position\":3,\"name\":\"Steigklemmen - Seilklemmen\",\"item\":\"https:\/\/bolting.eu\/produkt-kategorie\/kletterausruestung\/steigklemmen-seilklemmen\/\"},{\"@type\":\"ListItem\",\"position\":4,\"name\":\"Petzl Rescucender\"}]},{\"@type\":\"WebSite\",\"@id\":\"https:\/\/bolting.eu\/en\/#website\",\"url\":\"https:\/\/bolting.eu\/en\/\",\"name\":\"bolting.eu\",\"description\":\"we make climbs happen\",\"publisher\":{\"@id\":\"https:\/\/bolting.eu\/en\/#organization\"},\"potentialAction\":[{\"@type\":\"SearchAction\",\"target\":{\"@type\":\"EntryPoint\",\"urlTemplate\":\"https:\/\/bolting.eu\/en\/?s={search_term_string}\"},\"query-input\":{\"@type\":\"PropertyValueSpecification\",\"valueRequired\":true,\"valueName\":\"search_term_string\"}}],\"inLanguage\":\"en-US\"},{\"@type\":[\"Organization\",\"Place\",\"SportingGoodsStore\"],\"@id\":\"https:\/\/bolting.eu\/en\/#organization\",\"name\":\"bolting.eu\",\"url\":\"https:\/\/bolting.eu\/en\/\",\"logo\":{\"@id\":\"https:\/\/bolting.eu\/en\/shop\/petzl-rescucender\/#local-main-organization-logo\"},\"image\":{\"@id\":\"https:\/\/bolting.eu\/en\/shop\/petzl-rescucender\/#local-main-organization-logo\"},\"sameAs\":[\"https:\/\/www.facebook.com\/bolting.eu\",\"https:\/\/www.instagram.com\/bolting.eu\/\"],\"address\":{\"@id\":\"https:\/\/bolting.eu\/en\/shop\/petzl-rescucender\/#local-main-place-address\"},\"geo\":{\"@type\":\"GeoCoordinates\",\"latitude\":\"47.264176340396226\",\"longitude\":\"11.380109057672346\"},\"telephone\":[\"+43 699 19083372\"],\"openingHoursSpecification\":[{\"@type\":\"OpeningHoursSpecification\",\"dayOfWeek\":[\"Monday\",\"Wednesday\",\"Friday\"],\"opens\":\"14:00\",\"closes\":\"18:00\"},{\"@type\":\"OpeningHoursSpecification\",\"dayOfWeek\":[\"Tuesday\",\"Thursday\",\"Saturday\",\"Sunday\"],\"opens\":\"00:00\",\"closes\":\"00:00\"}],\"email\":\"office@bolting.eu\",\"vatID\":\"ATU59999728\",\"priceRange\":\"$$\",\"currenciesAccepted\":\"Euro\"},{\"@type\":\"PostalAddress\",\"@id\":\"https:\/\/bolting.eu\/en\/shop\/petzl-rescucender\/#local-main-place-address\",\"streetAddress\":\"Fischnalerstra\u00dfe 4\",\"addressLocality\":\"Innsbruck\",\"postalCode\":\"6020\",\"addressRegion\":\"Tirol\",\"addressCountry\":\"AT\"},{\"@type\":\"ImageObject\",\"inLanguage\":\"en-US\",\"@id\":\"https:\/\/bolting.eu\/en\/shop\/petzl-rescucender\/#local-main-organization-logo\",\"url\":\"https:\/\/bolting.eu\/wp-content\/uploads\/2019\/09\/bolting-logo.png\",\"contentUrl\":\"https:\/\/bolting.eu\/wp-content\/uploads\/2019\/09\/bolting-logo.png\",\"width\":400,\"height\":211,\"caption\":\"bolting.eu\"}]}<\/script>\n<meta property=\"og:video\" content=\"https:\/\/www.youtube.com\/embed\/YDt8P9m49_I\" \/>\n<meta property=\"og:video:type\" content=\"text\/html\" \/>\n<meta property=\"og:video:duration\" content=\"59\" \/>\n<meta property=\"og:video:width\" content=\"480\" \/>\n<meta property=\"og:video:height\" content=\"270\" \/>\n<meta property=\"ya:ovs:adult\" content=\"false\" \/>\n<meta property=\"ya:ovs:upload_date\" content=\"2024-03-01T11:57:22+00:00\" \/>\n<meta property=\"ya:ovs:allow_embed\" content=\"true\" \/>\n<meta property=\"product:price:amount\" content=\"104.00\" \/>\n<meta property=\"product:price:currency\" content=\"EUR\" \/>\n<meta property=\"og:availability\" content=\"instock\" \/>\n<meta property=\"product:availability\" content=\"instock\" \/>\n<meta property=\"product:retailer_item_id\" content=\"B50A\" \/>\n<meta property=\"product:condition\" content=\"new\" \/>\n<meta name=\"geo.placename\" content=\"Innsbruck\" \/>\n<meta name=\"geo.position\" content=\"47.264176340396226;11.380109057672346\" \/>\n<meta name=\"geo.region\" content=\"Austria\" \/>\n<!-- \/ Yoast SEO Premium plugin. -->","yoast_head_json":{"title":"Petzl Rescucender - universelle Seilklemme | bolting.eu","description":"Petzl Rescucender beim Kletter Hardwareprofi aus Innsbruck - Tirol kaufen \u2705 kostenloser Versand* \u2705 14 Tage R\u00fcckgaberecht \u2705 Co2 neutraler Versand","robots":{"index":"index","follow":"follow","max-snippet":"max-snippet:-1","max-image-preview":"max-image-preview:large","max-video-preview":"max-video-preview:-1"},"canonical":"https:\/\/bolting.eu\/en\/shop\/petzl-rescucender\/","og_locale":"en_US","og_type":"article","og_title":"Petzl Rescucender","og_description":"Petzl Rescucender beim Kletter Hardwareprofi aus Innsbruck - Tirol kaufen \u2705 kostenloser Versand* \u2705 14 Tage R\u00fcckgaberecht \u2705 Co2 neutraler Versand","og_url":"https:\/\/bolting.eu\/en\/shop\/petzl-rescucender\/","og_site_name":"bolting.eu","article_publisher":"https:\/\/www.facebook.com\/bolting.eu","article_modified_time":"2026-01-14T15:48:16+00:00","og_image":[{"width":700,"height":700,"url":"https:\/\/bolting.eu\/wp-content\/uploads\/2024\/03\/Rescucender-6.jpg","type":"image\/jpeg"}],"twitter_card":"summary_large_image","twitter_misc":{"Price":"&euro;&nbsp;104,00","Availability":"In stock"},"schema":{"@context":"https:\/\/schema.org","@graph":[{"@type":["WebPage","ItemPage"],"@id":"https:\/\/bolting.eu\/en\/shop\/petzl-rescucender\/","url":"https:\/\/bolting.eu\/en\/shop\/petzl-rescucender\/","name":"Petzl Rescucender - universelle Seilklemme | bolting.eu","isPartOf":{"@id":"https:\/\/bolting.eu\/en\/#website"},"primaryImageOfPage":{"@id":"https:\/\/bolting.eu\/en\/shop\/petzl-rescucender\/#primaryimage"},"image":{"@id":"https:\/\/bolting.eu\/en\/shop\/petzl-rescucender\/#primaryimage"},"thumbnailUrl":"https:\/\/bolting.eu\/wp-content\/uploads\/2024\/03\/Rescucender-6.jpg","datePublished":"2024-03-01T11:57:22+00:00","dateModified":"2026-01-14T15:48:16+00:00","description":"Petzl Rescucender beim Kletter Hardwareprofi aus Innsbruck - Tirol kaufen \u2705 kostenloser Versand* \u2705 14 Tage R\u00fcckgaberecht \u2705 Co2 neutraler Versand","breadcrumb":{"@id":"https:\/\/bolting.eu\/en\/shop\/petzl-rescucender\/#breadcrumb"},"inLanguage":"en-US","potentialAction":[{"@type":"ReadAction","target":["https:\/\/bolting.eu\/en\/shop\/petzl-rescucender\/"]}]},{"@type":"ImageObject","inLanguage":"en-US","@id":"https:\/\/bolting.eu\/en\/shop\/petzl-rescucender\/#primaryimage","url":"https:\/\/bolting.eu\/wp-content\/uploads\/2024\/03\/Rescucender-6.jpg","contentUrl":"https:\/\/bolting.eu\/wp-content\/uploads\/2024\/03\/Rescucender-6.jpg","width":700,"height":700,"caption":"H\u00e4nde beim Einh\u00e4ngen einer Petzl Seilklemme in ein schwarzes Seil."},{"@type":"BreadcrumbList","@id":"https:\/\/bolting.eu\/en\/shop\/petzl-rescucender\/#breadcrumb","itemListElement":[{"@type":"ListItem","position":1,"name":"Shop","item":"https:\/\/bolting.eu\/en\/shop\/"},{"@type":"ListItem","position":2,"name":"climbing equipment","item":"https:\/\/bolting.eu\/en\/produkt-kategorie\/climbing-equipment\/"},{"@type":"ListItem","position":3,"name":"Steigklemmen - Seilklemmen","item":"https:\/\/bolting.eu\/produkt-kategorie\/kletterausruestung\/steigklemmen-seilklemmen\/"},{"@type":"ListItem","position":4,"name":"Petzl Rescucender"}]},{"@type":"WebSite","@id":"https:\/\/bolting.eu\/en\/#website","url":"https:\/\/bolting.eu\/en\/","name":"bolting.eu","description":"we make climbs happen","publisher":{"@id":"https:\/\/bolting.eu\/en\/#organization"},"potentialAction":[{"@type":"SearchAction","target":{"@type":"EntryPoint","urlTemplate":"https:\/\/bolting.eu\/en\/?s={search_term_string}"},"query-input":{"@type":"PropertyValueSpecification","valueRequired":true,"valueName":"search_term_string"}}],"inLanguage":"en-US"},{"@type":["Organization","Place","SportingGoodsStore"],"@id":"https:\/\/bolting.eu\/en\/#organization","name":"bolting.eu","url":"https:\/\/bolting.eu\/en\/","logo":{"@id":"https:\/\/bolting.eu\/en\/shop\/petzl-rescucender\/#local-main-organization-logo"},"image":{"@id":"https:\/\/bolting.eu\/en\/shop\/petzl-rescucender\/#local-main-organization-logo"},"sameAs":["https:\/\/www.facebook.com\/bolting.eu","https:\/\/www.instagram.com\/bolting.eu\/"],"address":{"@id":"https:\/\/bolting.eu\/en\/shop\/petzl-rescucender\/#local-main-place-address"},"geo":{"@type":"GeoCoordinates","latitude":"47.264176340396226","longitude":"11.380109057672346"},"telephone":["+43 699 19083372"],"openingHoursSpecification":[{"@type":"OpeningHoursSpecification","dayOfWeek":["Monday","Wednesday","Friday"],"opens":"14:00","closes":"18:00"},{"@type":"OpeningHoursSpecification","dayOfWeek":["Tuesday","Thursday","Saturday","Sunday"],"opens":"00:00","closes":"00:00"}],"email":"office@bolting.eu","vatID":"ATU59999728","priceRange":"$$","currenciesAccepted":"Euro"},{"@type":"PostalAddress","@id":"https:\/\/bolting.eu\/en\/shop\/petzl-rescucender\/#local-main-place-address","streetAddress":"Fischnalerstra\u00dfe 4","addressLocality":"Innsbruck","postalCode":"6020","addressRegion":"Tirol","addressCountry":"AT"},{"@type":"ImageObject","inLanguage":"en-US","@id":"https:\/\/bolting.eu\/en\/shop\/petzl-rescucender\/#local-main-organization-logo","url":"https:\/\/bolting.eu\/wp-content\/uploads\/2019\/09\/bolting-logo.png","contentUrl":"https:\/\/bolting.eu\/wp-content\/uploads\/2019\/09\/bolting-logo.png","width":400,"height":211,"caption":"bolting.eu"}]},"og_video":"https:\/\/www.youtube.com\/embed\/YDt8P9m49_I","og_video_type":"text\/html","og_video_duration":"59","og_video_width":"480","og_video_height":"270","ya_ovs_adult":"false","ya_ovs_upload_date":"2024-03-01T11:57:22+00:00","ya_ovs_allow_embed":"true","product_price_amount":"104.00","product_price_currency":"EUR","og_availability":"instock","product_availability":"instock","product_retailer_item_id":"B50A","product_condition":"new","geo.placename":"Innsbruck","geo.position":{"lat":"47.264176340396226","long":"11.380109057672346"},"geo.region":"Austria"},"_links":{"self":[{"href":"https:\/\/bolting.eu\/en\/wp-json\/wp\/v2\/product\/18725","targetHints":{"allow":["GET"]}}],"collection":[{"href":"https:\/\/bolting.eu\/en\/wp-json\/wp\/v2\/product"}],"about":[{"href":"https:\/\/bolting.eu\/en\/wp-json\/wp\/v2\/types\/product"}],"replies":[{"embeddable":true,"href":"https:\/\/bolting.eu\/en\/wp-json\/wp\/v2\/comments?post=18725"}],"wp:featuredmedia":[{"embeddable":true,"href":"https:\/\/bolting.eu\/en\/wp-json\/wp\/v2\/media\/18764"}],"wp:attachment":[{"href":"https:\/\/bolting.eu\/en\/wp-json\/wp\/v2\/media?parent=18725"}],"wp:term":[{"taxonomy":"product_brand","embeddable":true,"href":"https:\/\/bolting.eu\/en\/wp-json\/wp\/v2\/product_brand?post=18725"},{"taxonomy":"product_cat","embeddable":true,"href":"https:\/\/bolting.eu\/en\/wp-json\/wp\/v2\/product_cat?post=18725"},{"taxonomy":"product_tag","embeddable":true,"href":"https:\/\/bolting.eu\/en\/wp-json\/wp\/v2\/product_tag?post=18725"}],"curies":[{"name":"wp","href":"https:\/\/api.w.org\/{rel}","templated":true}]}}