{"id":18694,"date":"2024-02-21T12:23:09","date_gmt":"2024-02-21T11:23:09","guid":{"rendered":"https:\/\/bolting.eu\/?post_type=product&#038;p=18694"},"modified":"2024-11-08T16:42:03","modified_gmt":"2024-11-08T15:42:03","slug":"basic-1-hilfe-set-waterproof","status":"publish","type":"product","link":"https:\/\/bolting.eu\/en\/shop\/basic-1-hilfe-set-waterproof\/","title":{"rendered":"Basic 1. Hilfe Set waterproof"},"content":{"rendered":"<p>Hier findet ihr ein Basic 1. Hilfe Set von Tatonka. Es ist in einer spritzwasserfesten H\u00fclle mit wasserdichtem Rollverschluss verpackt.<\/p>\n<p>Dieses Set enth\u00e4lt alles Notwendige f\u00fcr eine Tagestour bzw. Erstversorgung f\u00fcr eine Person.<\/p>\n<p>Zum einen enth\u00e4lt dieser Kit eine Rettungsdecke, Einmalhandschuhe, Pflaster und Verb\u00e4nde. Zum anderen aber auch eine Checkliste und einen Spickzettel f\u00fcr die Erstversorgung.<\/p>\n<p>Unserer Meinung nach ein ideales Set f\u00fcr Bergtouren, Hochtouren oder das Eisklettern.<\/p>\n<p>Kann alternativ durch Schlaufe mit Karabiner am <a href=\"https:\/\/bolting.eu\/produkt-kategorie\/kletterausruestung\/klettergurte\/\">Klettergurt<\/a> befestigt werden.<\/p>\n<h2>Eigenschaften Basic 1. Hilfe Set<\/h2>\n<ul>\n<li>Hersteller: Tatonka<\/li>\n<li>Gewicht: 200 Gramm<\/li>\n<li>Packma\u00df: 20 x 12,5 x 5 cm<\/li>\n<li>f\u00fcr Tagestouren bzw. Versorgung einer Person<\/li>\n<li>ideal f\u00fcr Bergtouren, Hochtouren und <a href=\"https:\/\/bolting.eu\/eisklettern\/\">Eiskletter<\/a> Tag<\/li>\n<li>wasserdichter Rollverschluss<\/li>\n<li>Schlaufen auf R\u00fcckseite f\u00fcr Anbringung an G\u00fcrtel oder Aufh\u00e4ngen mit Karabiner oder <a href=\"https:\/\/bolting.eu\/produkt-kategorie\/kletterausruestung\/reepschnur\/\">Reepschnur<\/a><\/li>\n<li>H\u00fclle spritzwasserfest<\/li>\n<li>2x Wundverb\u00e4nde 10 x 6 cm, steril<\/li>\n<li>1x Verbandp\u00e4ckchen mittel, Kompresse nichthaftend<\/li>\n<li>5x Pflasterstrip 7,2 x 2,5 cm<\/li>\n<li>1x Leukoplast\u00ae Rollenpflaster 5 m \u00d7 1,25 cm<\/li>\n<li>1 Paar Vinyl-Handschuhe<\/li>\n<li>1x Rettungsdecke 160 x 210 cm<\/li>\n<li>1x Erste-Hilfe-Outdoor-Spickzettel<\/li>\n<li>1x Checkliste<\/li>\n<\/ul>\n","protected":false},"excerpt":{"rendered":"<p>Basic 1. Hilfe Set in spritzwasserfester H\u00fclle und wasserfestem Rollverschluss.<\/p>\n<p>Ideal f\u00fcr Tagestour und Versorgung einer Person. 200 Gramm und 20 x 12,5 x 5cm Packma\u00df.<\/p>\n<p>Versandkostenfrei bis 2kg in <img decoding=\"async\" class=\"emoji\" role=\"img\" draggable=\"false\" src=\"https:\/\/s.w.org\/images\/core\/emoji\/14.0.0\/svg\/1f1e6-1f1f9.svg\" alt=\"\ud83c\udde6\ud83c\uddf9\" \/> ab \u20ac 100,- und <img decoding=\"async\" class=\"emoji\" role=\"img\" draggable=\"false\" src=\"https:\/\/s.w.org\/images\/core\/emoji\/14.0.0\/svg\/1f1e9-1f1ea.svg\" alt=\"\ud83c\udde9\ud83c\uddea\" \/> ab \u20ac 200,-!<\/p>\n","protected":false},"featured_media":18696,"comment_status":"closed","ping_status":"closed","template":"","meta":[],"product_brand":[],"product_cat":[14705,29,5061],"product_tag":[],"class_list":{"0":"post-18694","1":"product","2":"type-product","3":"status-publish","4":"has-post-thumbnail","6":"product_cat-woerthersee-extrem","7":"product_cat-kletterausruestung","8":"product_cat-kletterzubehoer","10":"first","11":"instock","12":"taxable","13":"shipping-taxable","14":"purchasable","15":"product-type-simple"},"yoast_head":"<!-- This site is optimized with the Yoast SEO Premium plugin v26.9 (Yoast SEO v26.9) - https:\/\/yoast.com\/product\/yoast-seo-premium-wordpress\/ -->\n<title>Basic 1. Hilfe Set waterproof - f\u00fcr Tagestouren | bolting.eu<\/title>\n<meta name=\"description\" content=\"Basic 1. Hilfe Set waterproof beim Kletterprofi aus Innsbruck kaufen \u2705 kostenloser Versand* \u2705 14 Tage R\u00fcckgaberecht \u2705 Co2 neutraler Versand\" \/>\n<meta name=\"robots\" content=\"index, follow, max-snippet:-1, max-image-preview:large, max-video-preview:-1\" \/>\n<link rel=\"canonical\" href=\"https:\/\/bolting.eu\/en\/shop\/basic-1-hilfe-set-waterproof\/\" \/>\n<meta property=\"og:locale\" content=\"en_US\" \/>\n<meta property=\"og:type\" content=\"article\" \/>\n<meta property=\"og:title\" content=\"Basic 1. Hilfe Set waterproof\" \/>\n<meta property=\"og:description\" content=\"Basic 1. Hilfe Set waterproof beim Kletterprofi aus Innsbruck kaufen \u2705 kostenloser Versand* \u2705 14 Tage R\u00fcckgaberecht \u2705 Co2 neutraler Versand\" \/>\n<meta property=\"og:url\" content=\"https:\/\/bolting.eu\/en\/shop\/basic-1-hilfe-set-waterproof\/\" \/>\n<meta property=\"og:site_name\" content=\"bolting.eu\" \/>\n<meta property=\"article:publisher\" content=\"https:\/\/www.facebook.com\/bolting.eu\" \/>\n<meta property=\"article:modified_time\" content=\"2024-11-08T15:42:03+00:00\" \/>\n<meta property=\"og:image\" content=\"https:\/\/bolting.eu\/wp-content\/uploads\/2024\/02\/Basic-1.-Hilfe-Set-1.jpg\" \/>\n\t<meta property=\"og:image:width\" content=\"700\" \/>\n\t<meta property=\"og:image:height\" content=\"700\" \/>\n\t<meta property=\"og:image:type\" content=\"image\/jpeg\" \/>\n<meta name=\"twitter:card\" content=\"summary_large_image\" \/>\n<meta name=\"twitter:label1\" content=\"Price\" \/>\n\t<meta name=\"twitter:data1\" content=\"&euro;&nbsp;42,00\" \/>\n\t<meta name=\"twitter:label2\" content=\"Availability\" \/>\n\t<meta name=\"twitter:data2\" content=\"In stock\" \/>\n<script type=\"application\/ld+json\" class=\"yoast-schema-graph\">{\"@context\":\"https:\/\/schema.org\",\"@graph\":[{\"@type\":[\"WebPage\",\"ItemPage\"],\"@id\":\"https:\/\/bolting.eu\/en\/shop\/basic-1-hilfe-set-waterproof\/\",\"url\":\"https:\/\/bolting.eu\/en\/shop\/basic-1-hilfe-set-waterproof\/\",\"name\":\"Basic 1. Hilfe Set waterproof - f\u00fcr Tagestouren | bolting.eu\",\"isPartOf\":{\"@id\":\"https:\/\/bolting.eu\/en\/#website\"},\"primaryImageOfPage\":{\"@id\":\"https:\/\/bolting.eu\/en\/shop\/basic-1-hilfe-set-waterproof\/#primaryimage\"},\"image\":{\"@id\":\"https:\/\/bolting.eu\/en\/shop\/basic-1-hilfe-set-waterproof\/#primaryimage\"},\"thumbnailUrl\":\"https:\/\/bolting.eu\/wp-content\/uploads\/2024\/02\/Basic-1.-Hilfe-Set-1.jpg\",\"datePublished\":\"2024-02-21T11:23:09+00:00\",\"dateModified\":\"2024-11-08T15:42:03+00:00\",\"description\":\"Basic 1. Hilfe Set waterproof beim Kletterprofi aus Innsbruck kaufen \u2705 kostenloser Versand* \u2705 14 Tage R\u00fcckgaberecht \u2705 Co2 neutraler Versand\",\"breadcrumb\":{\"@id\":\"https:\/\/bolting.eu\/en\/shop\/basic-1-hilfe-set-waterproof\/#breadcrumb\"},\"inLanguage\":\"en-US\",\"potentialAction\":[{\"@type\":\"ReadAction\",\"target\":[\"https:\/\/bolting.eu\/en\/shop\/basic-1-hilfe-set-waterproof\/\"]}]},{\"@type\":\"ImageObject\",\"inLanguage\":\"en-US\",\"@id\":\"https:\/\/bolting.eu\/en\/shop\/basic-1-hilfe-set-waterproof\/#primaryimage\",\"url\":\"https:\/\/bolting.eu\/wp-content\/uploads\/2024\/02\/Basic-1.-Hilfe-Set-1.jpg\",\"contentUrl\":\"https:\/\/bolting.eu\/wp-content\/uploads\/2024\/02\/Basic-1.-Hilfe-Set-1.jpg\",\"width\":700,\"height\":700,\"caption\":\"Roter Beutel eines Basic 1. Hilfe Set mit wei\u00dfem Kreuz in gr\u00fcnem Quadrat und Tatonka Schriftzug.\"},{\"@type\":\"BreadcrumbList\",\"@id\":\"https:\/\/bolting.eu\/en\/shop\/basic-1-hilfe-set-waterproof\/#breadcrumb\",\"itemListElement\":[{\"@type\":\"ListItem\",\"position\":1,\"name\":\"Shop\",\"item\":\"https:\/\/bolting.eu\/en\/shop\/\"},{\"@type\":\"ListItem\",\"position\":2,\"name\":\"climbing equipment\",\"item\":\"https:\/\/bolting.eu\/en\/produkt-kategorie\/climbing-equipment\/\"},{\"@type\":\"ListItem\",\"position\":3,\"name\":\"Climbing accessories\",\"item\":\"https:\/\/bolting.eu\/en\/produkt-kategorie\/climbing-accessories\/\"},{\"@type\":\"ListItem\",\"position\":4,\"name\":\"Basic 1. Hilfe Set waterproof\"}]},{\"@type\":\"WebSite\",\"@id\":\"https:\/\/bolting.eu\/en\/#website\",\"url\":\"https:\/\/bolting.eu\/en\/\",\"name\":\"bolting.eu\",\"description\":\"we make climbs happen\",\"publisher\":{\"@id\":\"https:\/\/bolting.eu\/en\/#organization\"},\"potentialAction\":[{\"@type\":\"SearchAction\",\"target\":{\"@type\":\"EntryPoint\",\"urlTemplate\":\"https:\/\/bolting.eu\/en\/?s={search_term_string}\"},\"query-input\":{\"@type\":\"PropertyValueSpecification\",\"valueRequired\":true,\"valueName\":\"search_term_string\"}}],\"inLanguage\":\"en-US\"},{\"@type\":[\"Organization\",\"Place\",\"SportingGoodsStore\"],\"@id\":\"https:\/\/bolting.eu\/en\/#organization\",\"name\":\"bolting.eu\",\"url\":\"https:\/\/bolting.eu\/en\/\",\"logo\":{\"@id\":\"https:\/\/bolting.eu\/en\/shop\/basic-1-hilfe-set-waterproof\/#local-main-organization-logo\"},\"image\":{\"@id\":\"https:\/\/bolting.eu\/en\/shop\/basic-1-hilfe-set-waterproof\/#local-main-organization-logo\"},\"sameAs\":[\"https:\/\/www.facebook.com\/bolting.eu\",\"https:\/\/www.instagram.com\/bolting.eu\/\"],\"address\":{\"@id\":\"https:\/\/bolting.eu\/en\/shop\/basic-1-hilfe-set-waterproof\/#local-main-place-address\"},\"geo\":{\"@type\":\"GeoCoordinates\",\"latitude\":\"47.264176340396226\",\"longitude\":\"11.380109057672346\"},\"telephone\":[\"+43 699 19083372\"],\"openingHoursSpecification\":[{\"@type\":\"OpeningHoursSpecification\",\"dayOfWeek\":[\"Monday\",\"Wednesday\",\"Friday\"],\"opens\":\"14:00\",\"closes\":\"18:00\"},{\"@type\":\"OpeningHoursSpecification\",\"dayOfWeek\":[\"Tuesday\",\"Thursday\",\"Saturday\",\"Sunday\"],\"opens\":\"00:00\",\"closes\":\"00:00\"}],\"email\":\"office@bolting.eu\",\"vatID\":\"ATU59999728\",\"priceRange\":\"$$\",\"currenciesAccepted\":\"Euro\"},{\"@type\":\"PostalAddress\",\"@id\":\"https:\/\/bolting.eu\/en\/shop\/basic-1-hilfe-set-waterproof\/#local-main-place-address\",\"streetAddress\":\"Fischnalerstra\u00dfe 4\",\"addressLocality\":\"Innsbruck\",\"postalCode\":\"6020\",\"addressRegion\":\"Tirol\",\"addressCountry\":\"AT\"},{\"@type\":\"ImageObject\",\"inLanguage\":\"en-US\",\"@id\":\"https:\/\/bolting.eu\/en\/shop\/basic-1-hilfe-set-waterproof\/#local-main-organization-logo\",\"url\":\"https:\/\/bolting.eu\/wp-content\/uploads\/2019\/09\/bolting-logo.png\",\"contentUrl\":\"https:\/\/bolting.eu\/wp-content\/uploads\/2019\/09\/bolting-logo.png\",\"width\":400,\"height\":211,\"caption\":\"bolting.eu\"}]}<\/script>\n<meta property=\"product:price:amount\" content=\"42.00\" \/>\n<meta property=\"product:price:currency\" content=\"EUR\" \/>\n<meta property=\"og:availability\" content=\"instock\" \/>\n<meta property=\"product:availability\" content=\"instock\" \/>\n<meta property=\"product:retailer_item_id\" content=\"2710\" \/>\n<meta property=\"product:condition\" content=\"new\" \/>\n<meta name=\"geo.placename\" content=\"Innsbruck\" \/>\n<meta name=\"geo.position\" content=\"47.264176340396226;11.380109057672346\" \/>\n<meta name=\"geo.region\" content=\"Austria\" \/>\n<!-- \/ Yoast SEO Premium plugin. -->","yoast_head_json":{"title":"Basic 1. Hilfe Set waterproof - f\u00fcr Tagestouren | bolting.eu","description":"Basic 1. Hilfe Set waterproof beim Kletterprofi aus Innsbruck kaufen \u2705 kostenloser Versand* \u2705 14 Tage R\u00fcckgaberecht \u2705 Co2 neutraler Versand","robots":{"index":"index","follow":"follow","max-snippet":"max-snippet:-1","max-image-preview":"max-image-preview:large","max-video-preview":"max-video-preview:-1"},"canonical":"https:\/\/bolting.eu\/en\/shop\/basic-1-hilfe-set-waterproof\/","og_locale":"en_US","og_type":"article","og_title":"Basic 1. Hilfe Set waterproof","og_description":"Basic 1. Hilfe Set waterproof beim Kletterprofi aus Innsbruck kaufen \u2705 kostenloser Versand* \u2705 14 Tage R\u00fcckgaberecht \u2705 Co2 neutraler Versand","og_url":"https:\/\/bolting.eu\/en\/shop\/basic-1-hilfe-set-waterproof\/","og_site_name":"bolting.eu","article_publisher":"https:\/\/www.facebook.com\/bolting.eu","article_modified_time":"2024-11-08T15:42:03+00:00","og_image":[{"width":700,"height":700,"url":"https:\/\/bolting.eu\/wp-content\/uploads\/2024\/02\/Basic-1.-Hilfe-Set-1.jpg","type":"image\/jpeg"}],"twitter_card":"summary_large_image","twitter_misc":{"Price":"&euro;&nbsp;42,00","Availability":"In stock"},"schema":{"@context":"https:\/\/schema.org","@graph":[{"@type":["WebPage","ItemPage"],"@id":"https:\/\/bolting.eu\/en\/shop\/basic-1-hilfe-set-waterproof\/","url":"https:\/\/bolting.eu\/en\/shop\/basic-1-hilfe-set-waterproof\/","name":"Basic 1. Hilfe Set waterproof - f\u00fcr Tagestouren | bolting.eu","isPartOf":{"@id":"https:\/\/bolting.eu\/en\/#website"},"primaryImageOfPage":{"@id":"https:\/\/bolting.eu\/en\/shop\/basic-1-hilfe-set-waterproof\/#primaryimage"},"image":{"@id":"https:\/\/bolting.eu\/en\/shop\/basic-1-hilfe-set-waterproof\/#primaryimage"},"thumbnailUrl":"https:\/\/bolting.eu\/wp-content\/uploads\/2024\/02\/Basic-1.-Hilfe-Set-1.jpg","datePublished":"2024-02-21T11:23:09+00:00","dateModified":"2024-11-08T15:42:03+00:00","description":"Basic 1. Hilfe Set waterproof beim Kletterprofi aus Innsbruck kaufen \u2705 kostenloser Versand* \u2705 14 Tage R\u00fcckgaberecht \u2705 Co2 neutraler Versand","breadcrumb":{"@id":"https:\/\/bolting.eu\/en\/shop\/basic-1-hilfe-set-waterproof\/#breadcrumb"},"inLanguage":"en-US","potentialAction":[{"@type":"ReadAction","target":["https:\/\/bolting.eu\/en\/shop\/basic-1-hilfe-set-waterproof\/"]}]},{"@type":"ImageObject","inLanguage":"en-US","@id":"https:\/\/bolting.eu\/en\/shop\/basic-1-hilfe-set-waterproof\/#primaryimage","url":"https:\/\/bolting.eu\/wp-content\/uploads\/2024\/02\/Basic-1.-Hilfe-Set-1.jpg","contentUrl":"https:\/\/bolting.eu\/wp-content\/uploads\/2024\/02\/Basic-1.-Hilfe-Set-1.jpg","width":700,"height":700,"caption":"Roter Beutel eines Basic 1. Hilfe Set mit wei\u00dfem Kreuz in gr\u00fcnem Quadrat und Tatonka Schriftzug."},{"@type":"BreadcrumbList","@id":"https:\/\/bolting.eu\/en\/shop\/basic-1-hilfe-set-waterproof\/#breadcrumb","itemListElement":[{"@type":"ListItem","position":1,"name":"Shop","item":"https:\/\/bolting.eu\/en\/shop\/"},{"@type":"ListItem","position":2,"name":"climbing equipment","item":"https:\/\/bolting.eu\/en\/produkt-kategorie\/climbing-equipment\/"},{"@type":"ListItem","position":3,"name":"Climbing accessories","item":"https:\/\/bolting.eu\/en\/produkt-kategorie\/climbing-accessories\/"},{"@type":"ListItem","position":4,"name":"Basic 1. Hilfe Set waterproof"}]},{"@type":"WebSite","@id":"https:\/\/bolting.eu\/en\/#website","url":"https:\/\/bolting.eu\/en\/","name":"bolting.eu","description":"we make climbs happen","publisher":{"@id":"https:\/\/bolting.eu\/en\/#organization"},"potentialAction":[{"@type":"SearchAction","target":{"@type":"EntryPoint","urlTemplate":"https:\/\/bolting.eu\/en\/?s={search_term_string}"},"query-input":{"@type":"PropertyValueSpecification","valueRequired":true,"valueName":"search_term_string"}}],"inLanguage":"en-US"},{"@type":["Organization","Place","SportingGoodsStore"],"@id":"https:\/\/bolting.eu\/en\/#organization","name":"bolting.eu","url":"https:\/\/bolting.eu\/en\/","logo":{"@id":"https:\/\/bolting.eu\/en\/shop\/basic-1-hilfe-set-waterproof\/#local-main-organization-logo"},"image":{"@id":"https:\/\/bolting.eu\/en\/shop\/basic-1-hilfe-set-waterproof\/#local-main-organization-logo"},"sameAs":["https:\/\/www.facebook.com\/bolting.eu","https:\/\/www.instagram.com\/bolting.eu\/"],"address":{"@id":"https:\/\/bolting.eu\/en\/shop\/basic-1-hilfe-set-waterproof\/#local-main-place-address"},"geo":{"@type":"GeoCoordinates","latitude":"47.264176340396226","longitude":"11.380109057672346"},"telephone":["+43 699 19083372"],"openingHoursSpecification":[{"@type":"OpeningHoursSpecification","dayOfWeek":["Monday","Wednesday","Friday"],"opens":"14:00","closes":"18:00"},{"@type":"OpeningHoursSpecification","dayOfWeek":["Tuesday","Thursday","Saturday","Sunday"],"opens":"00:00","closes":"00:00"}],"email":"office@bolting.eu","vatID":"ATU59999728","priceRange":"$$","currenciesAccepted":"Euro"},{"@type":"PostalAddress","@id":"https:\/\/bolting.eu\/en\/shop\/basic-1-hilfe-set-waterproof\/#local-main-place-address","streetAddress":"Fischnalerstra\u00dfe 4","addressLocality":"Innsbruck","postalCode":"6020","addressRegion":"Tirol","addressCountry":"AT"},{"@type":"ImageObject","inLanguage":"en-US","@id":"https:\/\/bolting.eu\/en\/shop\/basic-1-hilfe-set-waterproof\/#local-main-organization-logo","url":"https:\/\/bolting.eu\/wp-content\/uploads\/2019\/09\/bolting-logo.png","contentUrl":"https:\/\/bolting.eu\/wp-content\/uploads\/2019\/09\/bolting-logo.png","width":400,"height":211,"caption":"bolting.eu"}]},"product_price_amount":"42.00","product_price_currency":"EUR","og_availability":"instock","product_availability":"instock","product_retailer_item_id":"2710","product_condition":"new","geo.placename":"Innsbruck","geo.position":{"lat":"47.264176340396226","long":"11.380109057672346"},"geo.region":"Austria"},"_links":{"self":[{"href":"https:\/\/bolting.eu\/en\/wp-json\/wp\/v2\/product\/18694","targetHints":{"allow":["GET"]}}],"collection":[{"href":"https:\/\/bolting.eu\/en\/wp-json\/wp\/v2\/product"}],"about":[{"href":"https:\/\/bolting.eu\/en\/wp-json\/wp\/v2\/types\/product"}],"replies":[{"embeddable":true,"href":"https:\/\/bolting.eu\/en\/wp-json\/wp\/v2\/comments?post=18694"}],"wp:featuredmedia":[{"embeddable":true,"href":"https:\/\/bolting.eu\/en\/wp-json\/wp\/v2\/media\/18696"}],"wp:attachment":[{"href":"https:\/\/bolting.eu\/en\/wp-json\/wp\/v2\/media?parent=18694"}],"wp:term":[{"taxonomy":"product_brand","embeddable":true,"href":"https:\/\/bolting.eu\/en\/wp-json\/wp\/v2\/product_brand?post=18694"},{"taxonomy":"product_cat","embeddable":true,"href":"https:\/\/bolting.eu\/en\/wp-json\/wp\/v2\/product_cat?post=18694"},{"taxonomy":"product_tag","embeddable":true,"href":"https:\/\/bolting.eu\/en\/wp-json\/wp\/v2\/product_tag?post=18694"}],"curies":[{"name":"wp","href":"https:\/\/api.w.org\/{rel}","templated":true}]}}