{"id":18634,"date":"2024-02-16T10:38:11","date_gmt":"2024-02-16T09:38:11","guid":{"rendered":"https:\/\/bolting.eu\/?post_type=product&#038;p=18634"},"modified":"2024-12-20T10:36:47","modified_gmt":"2024-12-20T09:36:47","slug":"petzl-stirnlampen-akku","status":"publish","type":"product","link":"https:\/\/bolting.eu\/en\/shop\/petzl-stirnlampen-akku\/","title":{"rendered":"Petzl Stirnlampen Akku"},"content":{"rendered":"<p>Der Petzl Stirnlampe Akku hei\u00dft &#8220;CORE&#8221;. Er ist eine super verl\u00e4ssliche Energiequelle auf Basis von &#8220;Lithium Ionen&#8221; Speichern.<\/p>\n<p>Er kann f\u00fcr alle Petzl Lampen mit Hybrid Technologie (siehe unten!) verwenden werden. Wie z.B. die beliebte <a href=\"https:\/\/bolting.eu\/shop\/petzl-tikka-stirnlampe\/\">Tikka<\/a>, <a href=\"https:\/\/bolting.eu\/shop\/petzl-actik-core-stirnlampe\/\">Actik Core<\/a>, usw&#8230;<\/p>\n<p>Er wird dabei einfach anstatt 3 Stk. AAA Batterien in das Batteriefach gesteckt. Das macht dann Sinn, wenn man seine Lampe regelm\u00e4\u00dfig bis sehr oft verwendet.<\/p>\n<p>Der kleine Akku wird mit einem mitgelieferten USB &#8211; Micro USB Kabel geladen. Die 1250 mAh wieder auf 100% zu bekommen dauert dabei ca. 3,5 Stunden.<\/p>\n<p>Dieses Produkt ist eine nachhaltige \u00f6kologische L\u00f6sung. Denn im Laufe eines Lebenszyklus ersetzt es ca. 900 St\u00fcck AAA Batterien.<\/p>\n<h2>Eigenschaften Core Akku<\/h2>\n<ul>\n<li>Stirnlampen Akku f\u00fcr alle Petzl Hybrid Modelle<\/li>\n<li>Lithium -Ionen Akku<\/li>\n<li>1250 mAh<\/li>\n<li>ersetzt im Laufe eines Akku Lebenszyklus ca. 900 AAA Batterien<\/li>\n<li>Ladekabel USB &#8211; Micro USB im Lieferumfang<\/li>\n<li>Ladestandanzeige am Akku (rot = wird geladen; gr\u00fcn = ist voll geladen)<\/li>\n<li>Wasserdichtheit: IPX4 = wetterfest<\/li>\n<li>sehr gute Leistung auch bei k\u00e4lteren Temperaturen<\/li>\n<li>f\u00fcr diese Modelle geeignet: TIKKID, <a href=\"https:\/\/bolting.eu\/shop\/petzl-tikkina\/\">TIKKINA<\/a>, TIKKA, TIKKA CORE, ACTIK, ACTIK CORE, ARIA 1 RGB, ARIA 2 RGB, IKO CORE und IKO<\/li>\n<\/ul>\n<h3>Produktvideo<\/h3>\n<p><iframe loading=\"lazy\" title=\"Petzl Stirnlampen \u00fcberzeugen mit dem &quot;HYBRID CONCEPT&quot;\" width=\"1020\" height=\"574\" src=\"https:\/\/www.youtube.com\/embed\/AuNd7mOzmHE?feature=oembed\" frameborder=\"0\" allow=\"accelerometer; autoplay; clipboard-write; encrypted-media; gyroscope; picture-in-picture; web-share\" allowfullscreen><\/iframe><\/p>\n<h3>Petzl Stirnlampen Akku einlegen<\/h3>\n<p>Um euren Core anstatt 3 Stk. AAA zu verwenden, m\u00fcsst ihr zuerst die &#8220;alten&#8221; Batterien entfernen.<\/p>\n<p>Dann ganz einfach den Quader in der richtigen Position einlegen. Siehe Bild anbei.<\/p>\n<p>Das &#8220;+&#8221; ist links oben, das &#8220;-&#8221; rechts unten.<\/p>\n<p><a href=\"https:\/\/bolting.eu\/wp-content\/uploads\/2024\/02\/Petzl-Stirnlampen-Akku-1.jpg\"><img loading=\"lazy\" decoding=\"async\" class=\"alignnone size-full wp-image-18640\" src=\"https:\/\/bolting.eu\/wp-content\/uploads\/2024\/02\/Petzl-Stirnlampen-Akku-1.jpg\" alt=\"Grafik zum richtigen Einlegen eines Petzl Stirnlampen Akkus.\" width=\"588\" height=\"390\" srcset=\"https:\/\/bolting.eu\/wp-content\/uploads\/2024\/02\/Petzl-Stirnlampen-Akku-1.jpg 588w, https:\/\/bolting.eu\/wp-content\/uploads\/2024\/02\/Petzl-Stirnlampen-Akku-1-510x338.jpg 510w, https:\/\/bolting.eu\/wp-content\/uploads\/2024\/02\/Petzl-Stirnlampen-Akku-1-100x66.jpg 100w\" sizes=\"auto, (max-width: 588px) 100vw, 588px\" \/><\/a><\/p>\n<h3>Wann machen Batterien mehr Sinn als ein Akku?<\/h3>\n<p>Wer seine Lampe <strong>nur sporadisch verwendet<\/strong>, der ist <strong>mit Batterien besser dran<\/strong>. Denn diese bringen ihre Leistung auch, wenn sie l\u00e4nger nicht verwendet werden.<\/p>\n<p>Alle Stirnlampen Akkus &#8211; auch jene von Petzl &#8211; verlieren hingegen &#8220;schleichend&#8221; an Leistung, wenn sie lange ungebraucht sind. D.h. ein voll geladener Core bringt z.B. nur mehr einen Teil seiner maximalen Leistung, wenn er mehrere Monate nicht gen\u00fctzt wird.<\/p>\n<p>Weiters machen Batterien dann Sinn, wenn man extrem lange unterwegs ist. Wie z.B. bei einer Mehrtagestour, ohne die M\u00f6glichkeit eines Aufladens.<\/p>\n<p>Unser Tipp. Immer drei St\u00fcck Reserve Batterien einpacken, dann kann nichts schief gehen!<\/p>\n<h3>Wie wird aufgeladen?<\/h3>\n<p>Ladet die Core Stirnlampen Akkus von Petzl am besten direkt in der Stirnlampe. D.h. einfach das Batteriefach aufklappen, Akku stecken lassen, und dann das Micro USB Kabel anstecken.<\/p>\n<p>Die Ladestandanzeige informiert euch \u00fcber den aktuellen Status.<\/p>\n<p>Rot = wird geladen<\/p>\n<p>Gr\u00fcn = ist voll geladen<\/p>\n<p><a href=\"https:\/\/bolting.eu\/wp-content\/uploads\/2024\/02\/Petzl-Stirnlampen-Akku-2.jpg\"><img loading=\"lazy\" decoding=\"async\" class=\"alignnone size-full wp-image-18639\" src=\"https:\/\/bolting.eu\/wp-content\/uploads\/2024\/02\/Petzl-Stirnlampen-Akku-2.jpg\" alt=\"Grafik zum richtigen Aufladen eines Petzl Stirnlampen Akkus mit USB Kabel.\" width=\"700\" height=\"700\" srcset=\"https:\/\/bolting.eu\/wp-content\/uploads\/2024\/02\/Petzl-Stirnlampen-Akku-2.jpg 700w, https:\/\/bolting.eu\/wp-content\/uploads\/2024\/02\/Petzl-Stirnlampen-Akku-2-400x400.jpg 400w, https:\/\/bolting.eu\/wp-content\/uploads\/2024\/02\/Petzl-Stirnlampen-Akku-2-280x280.jpg 280w, https:\/\/bolting.eu\/wp-content\/uploads\/2024\/02\/Petzl-Stirnlampen-Akku-2-247x247.jpg 247w, https:\/\/bolting.eu\/wp-content\/uploads\/2024\/02\/Petzl-Stirnlampen-Akku-2-510x510.jpg 510w, https:\/\/bolting.eu\/wp-content\/uploads\/2024\/02\/Petzl-Stirnlampen-Akku-2-100x100.jpg 100w\" sizes=\"auto, (max-width: 700px) 100vw, 700px\" \/><\/a><\/p>\n<h3>Wo kann aufgeladen werden?<\/h3>\n<p>Es k\u00f6nnen alle Standard USB 5V CE\/UL Anschl\u00fcsse verwendet werden. Wie z.B. von Power Bank, Laptop, Solar Panel. Achtet einfach auf das USB Symbol!<\/p>\n<p><a href=\"https:\/\/bolting.eu\/wp-content\/uploads\/2024\/02\/Petzl-Stirnlampen-Akku-6.jpg\"><img loading=\"lazy\" decoding=\"async\" class=\"alignnone size-full wp-image-18641\" src=\"https:\/\/bolting.eu\/wp-content\/uploads\/2024\/02\/Petzl-Stirnlampen-Akku-6.jpg\" alt=\"Grafik zur Verwendung von USB Ports zum Aufladen der Petzl Core Akkus.\" width=\"700\" height=\"700\" srcset=\"https:\/\/bolting.eu\/wp-content\/uploads\/2024\/02\/Petzl-Stirnlampen-Akku-6.jpg 700w, https:\/\/bolting.eu\/wp-content\/uploads\/2024\/02\/Petzl-Stirnlampen-Akku-6-400x400.jpg 400w, https:\/\/bolting.eu\/wp-content\/uploads\/2024\/02\/Petzl-Stirnlampen-Akku-6-280x280.jpg 280w, https:\/\/bolting.eu\/wp-content\/uploads\/2024\/02\/Petzl-Stirnlampen-Akku-6-247x247.jpg 247w, https:\/\/bolting.eu\/wp-content\/uploads\/2024\/02\/Petzl-Stirnlampen-Akku-6-510x510.jpg 510w, https:\/\/bolting.eu\/wp-content\/uploads\/2024\/02\/Petzl-Stirnlampen-Akku-6-100x100.jpg 100w\" sizes=\"auto, (max-width: 700px) 100vw, 700px\" \/><\/a><\/p>\n","protected":false},"excerpt":{"rendered":"<p>Akku auf Lithium-Ionen Basis mit 1250 mAh Leistung. Kann einfach anstatt 3 Stk. AAA Batterien in viele Petzl Stirnlampen gesteckt werden. Ideal bei regelm\u00e4\u00dfigen Gebrauch seiner Lampe.<\/p>\n<p>Wird mit mitgeliefertem USB &#8211; Micro USB Kabel geladen.<\/p>\n<p>Versandkostenfrei bis 2kg in <img decoding=\"async\" class=\"emoji\" role=\"img\" draggable=\"false\" src=\"https:\/\/s.w.org\/images\/core\/emoji\/14.0.0\/svg\/1f1e6-1f1f9.svg\" alt=\"\ud83c\udde6\ud83c\uddf9\" \/> ab \u20ac 100,- und <img decoding=\"async\" class=\"emoji\" role=\"img\" draggable=\"false\" src=\"https:\/\/s.w.org\/images\/core\/emoji\/14.0.0\/svg\/1f1e9-1f1ea.svg\" alt=\"\ud83c\udde9\ud83c\uddea\" \/> ab \u20ac 200,-!<\/p>\n","protected":false},"featured_media":18637,"comment_status":"closed","ping_status":"closed","template":"","meta":[],"product_brand":[],"product_cat":[14483,29,14093],"product_tag":[],"class_list":{"0":"post-18634","1":"product","2":"type-product","3":"status-publish","4":"has-post-thumbnail","6":"product_cat-petzl-stirnlampen","7":"product_cat-kletterausruestung","8":"product_cat-petzl","10":"first","11":"instock","12":"taxable","13":"shipping-taxable","14":"purchasable","15":"product-type-simple"},"yoast_head":"<!-- This site is optimized with the Yoast SEO Premium plugin v26.9 (Yoast SEO v26.9) - https:\/\/yoast.com\/product\/yoast-seo-premium-wordpress\/ -->\n<title>Petzl Stirnlampen Akku Core | bolting.eu<\/title>\n<meta name=\"description\" content=\"Petzl Stirnlampen Akku Core beim Kletterprofi aus Innsbruck kaufen \u2705 kostenloser Versand* \u2705 14 Tage R\u00fcckgaberecht \u2705 Co2 neutraler Versand\" \/>\n<meta name=\"robots\" content=\"index, follow, max-snippet:-1, max-image-preview:large, max-video-preview:-1\" \/>\n<link rel=\"canonical\" href=\"https:\/\/bolting.eu\/en\/shop\/petzl-stirnlampen-akku\/\" \/>\n<meta property=\"og:locale\" content=\"en_US\" \/>\n<meta property=\"og:type\" content=\"article\" \/>\n<meta property=\"og:title\" content=\"Petzl Stirnlampen Akku\" \/>\n<meta property=\"og:description\" content=\"Petzl Stirnlampen Akku Core beim Kletterprofi aus Innsbruck kaufen \u2705 kostenloser Versand* \u2705 14 Tage R\u00fcckgaberecht \u2705 Co2 neutraler Versand\" \/>\n<meta property=\"og:url\" content=\"https:\/\/bolting.eu\/en\/shop\/petzl-stirnlampen-akku\/\" \/>\n<meta property=\"og:site_name\" content=\"bolting.eu\" \/>\n<meta property=\"article:publisher\" content=\"https:\/\/www.facebook.com\/bolting.eu\" \/>\n<meta property=\"article:modified_time\" content=\"2024-12-20T09:36:47+00:00\" \/>\n<meta property=\"og:image\" content=\"https:\/\/bolting.eu\/wp-content\/uploads\/2024\/02\/Petzl-Stirnlampen-Akku-4.jpg\" \/>\n\t<meta property=\"og:image:width\" content=\"700\" \/>\n\t<meta property=\"og:image:height\" content=\"700\" \/>\n\t<meta property=\"og:image:type\" content=\"image\/jpeg\" \/>\n<meta name=\"twitter:card\" content=\"summary_large_image\" \/>\n<meta name=\"twitter:label1\" content=\"Price\" \/>\n\t<meta name=\"twitter:data1\" content=\"&euro;&nbsp;30,00\" \/>\n\t<meta name=\"twitter:label2\" content=\"Availability\" \/>\n\t<meta name=\"twitter:data2\" content=\"In stock\" \/>\n<script type=\"application\/ld+json\" class=\"yoast-schema-graph\">{\"@context\":\"https:\/\/schema.org\",\"@graph\":[{\"@type\":[\"WebPage\",\"ItemPage\"],\"@id\":\"https:\/\/bolting.eu\/en\/shop\/petzl-stirnlampen-akku\/\",\"url\":\"https:\/\/bolting.eu\/en\/shop\/petzl-stirnlampen-akku\/\",\"name\":\"Petzl Stirnlampen Akku Core | bolting.eu\",\"isPartOf\":{\"@id\":\"https:\/\/bolting.eu\/en\/#website\"},\"primaryImageOfPage\":{\"@id\":\"https:\/\/bolting.eu\/en\/shop\/petzl-stirnlampen-akku\/#primaryimage\"},\"image\":{\"@id\":\"https:\/\/bolting.eu\/en\/shop\/petzl-stirnlampen-akku\/#primaryimage\"},\"thumbnailUrl\":\"https:\/\/bolting.eu\/wp-content\/uploads\/2024\/02\/Petzl-Stirnlampen-Akku-4.jpg\",\"datePublished\":\"2024-02-16T09:38:11+00:00\",\"dateModified\":\"2024-12-20T09:36:47+00:00\",\"description\":\"Petzl Stirnlampen Akku Core beim Kletterprofi aus Innsbruck kaufen \u2705 kostenloser Versand* \u2705 14 Tage R\u00fcckgaberecht \u2705 Co2 neutraler Versand\",\"breadcrumb\":{\"@id\":\"https:\/\/bolting.eu\/en\/shop\/petzl-stirnlampen-akku\/#breadcrumb\"},\"inLanguage\":\"en-US\",\"potentialAction\":[{\"@type\":\"ReadAction\",\"target\":[\"https:\/\/bolting.eu\/en\/shop\/petzl-stirnlampen-akku\/\"]}]},{\"@type\":\"ImageObject\",\"inLanguage\":\"en-US\",\"@id\":\"https:\/\/bolting.eu\/en\/shop\/petzl-stirnlampen-akku\/#primaryimage\",\"url\":\"https:\/\/bolting.eu\/wp-content\/uploads\/2024\/02\/Petzl-Stirnlampen-Akku-4.jpg\",\"contentUrl\":\"https:\/\/bolting.eu\/wp-content\/uploads\/2024\/02\/Petzl-Stirnlampen-Akku-4.jpg\",\"width\":700,\"height\":700,\"caption\":\"Petzl Stirnlampen Akku von der Seite mit allen Produktdetails wie +, -, Markenname und \\\"Core\\\" Schriftzug.\"},{\"@type\":\"BreadcrumbList\",\"@id\":\"https:\/\/bolting.eu\/en\/shop\/petzl-stirnlampen-akku\/#breadcrumb\",\"itemListElement\":[{\"@type\":\"ListItem\",\"position\":1,\"name\":\"Shop\",\"item\":\"https:\/\/bolting.eu\/en\/shop\/\"},{\"@type\":\"ListItem\",\"position\":2,\"name\":\"climbing equipment\",\"item\":\"https:\/\/bolting.eu\/en\/produkt-kategorie\/climbing-equipment\/\"},{\"@type\":\"ListItem\",\"position\":3,\"name\":\"Petzl Stirnlampen\",\"item\":\"https:\/\/bolting.eu\/produkt-kategorie\/kletterausruestung\/petzl-stirnlampen\/\"},{\"@type\":\"ListItem\",\"position\":4,\"name\":\"Petzl Stirnlampen Akku\"}]},{\"@type\":\"WebSite\",\"@id\":\"https:\/\/bolting.eu\/en\/#website\",\"url\":\"https:\/\/bolting.eu\/en\/\",\"name\":\"bolting.eu\",\"description\":\"we make climbs happen\",\"publisher\":{\"@id\":\"https:\/\/bolting.eu\/en\/#organization\"},\"potentialAction\":[{\"@type\":\"SearchAction\",\"target\":{\"@type\":\"EntryPoint\",\"urlTemplate\":\"https:\/\/bolting.eu\/en\/?s={search_term_string}\"},\"query-input\":{\"@type\":\"PropertyValueSpecification\",\"valueRequired\":true,\"valueName\":\"search_term_string\"}}],\"inLanguage\":\"en-US\"},{\"@type\":[\"Organization\",\"Place\",\"SportingGoodsStore\"],\"@id\":\"https:\/\/bolting.eu\/en\/#organization\",\"name\":\"bolting.eu\",\"url\":\"https:\/\/bolting.eu\/en\/\",\"logo\":{\"@id\":\"https:\/\/bolting.eu\/en\/shop\/petzl-stirnlampen-akku\/#local-main-organization-logo\"},\"image\":{\"@id\":\"https:\/\/bolting.eu\/en\/shop\/petzl-stirnlampen-akku\/#local-main-organization-logo\"},\"sameAs\":[\"https:\/\/www.facebook.com\/bolting.eu\",\"https:\/\/www.instagram.com\/bolting.eu\/\"],\"address\":{\"@id\":\"https:\/\/bolting.eu\/en\/shop\/petzl-stirnlampen-akku\/#local-main-place-address\"},\"geo\":{\"@type\":\"GeoCoordinates\",\"latitude\":\"47.264176340396226\",\"longitude\":\"11.380109057672346\"},\"telephone\":[\"+43 699 19083372\"],\"openingHoursSpecification\":[{\"@type\":\"OpeningHoursSpecification\",\"dayOfWeek\":[\"Monday\",\"Wednesday\",\"Friday\"],\"opens\":\"14:00\",\"closes\":\"18:00\"},{\"@type\":\"OpeningHoursSpecification\",\"dayOfWeek\":[\"Tuesday\",\"Thursday\",\"Saturday\",\"Sunday\"],\"opens\":\"00:00\",\"closes\":\"00:00\"}],\"email\":\"office@bolting.eu\",\"vatID\":\"ATU59999728\",\"priceRange\":\"$$\",\"currenciesAccepted\":\"Euro\"},{\"@type\":\"PostalAddress\",\"@id\":\"https:\/\/bolting.eu\/en\/shop\/petzl-stirnlampen-akku\/#local-main-place-address\",\"streetAddress\":\"Fischnalerstra\u00dfe 4\",\"addressLocality\":\"Innsbruck\",\"postalCode\":\"6020\",\"addressRegion\":\"Tirol\",\"addressCountry\":\"AT\"},{\"@type\":\"ImageObject\",\"inLanguage\":\"en-US\",\"@id\":\"https:\/\/bolting.eu\/en\/shop\/petzl-stirnlampen-akku\/#local-main-organization-logo\",\"url\":\"https:\/\/bolting.eu\/wp-content\/uploads\/2019\/09\/bolting-logo.png\",\"contentUrl\":\"https:\/\/bolting.eu\/wp-content\/uploads\/2019\/09\/bolting-logo.png\",\"width\":400,\"height\":211,\"caption\":\"bolting.eu\"}]}<\/script>\n<meta property=\"og:video\" content=\"https:\/\/www.youtube.com\/embed\/AuNd7mOzmHE\" \/>\n<meta property=\"og:video:type\" content=\"text\/html\" \/>\n<meta property=\"og:video:duration\" content=\"63\" \/>\n<meta property=\"og:video:width\" content=\"480\" \/>\n<meta property=\"og:video:height\" content=\"270\" \/>\n<meta property=\"ya:ovs:adult\" content=\"false\" \/>\n<meta property=\"ya:ovs:upload_date\" content=\"2024-02-16T09:38:11+00:00\" \/>\n<meta property=\"ya:ovs:allow_embed\" content=\"true\" \/>\n<meta property=\"product:price:amount\" content=\"30.00\" \/>\n<meta property=\"product:price:currency\" content=\"EUR\" \/>\n<meta property=\"og:availability\" content=\"instock\" \/>\n<meta property=\"product:availability\" content=\"instock\" \/>\n<meta property=\"product:retailer_item_id\" content=\"E99ACA\" \/>\n<meta property=\"product:condition\" content=\"new\" \/>\n<meta name=\"geo.placename\" content=\"Innsbruck\" \/>\n<meta name=\"geo.position\" content=\"47.264176340396226;11.380109057672346\" \/>\n<meta name=\"geo.region\" content=\"Austria\" \/>\n<!-- \/ Yoast SEO Premium plugin. -->","yoast_head_json":{"title":"Petzl Stirnlampen Akku Core | bolting.eu","description":"Petzl Stirnlampen Akku Core beim Kletterprofi aus Innsbruck kaufen \u2705 kostenloser Versand* \u2705 14 Tage R\u00fcckgaberecht \u2705 Co2 neutraler Versand","robots":{"index":"index","follow":"follow","max-snippet":"max-snippet:-1","max-image-preview":"max-image-preview:large","max-video-preview":"max-video-preview:-1"},"canonical":"https:\/\/bolting.eu\/en\/shop\/petzl-stirnlampen-akku\/","og_locale":"en_US","og_type":"article","og_title":"Petzl Stirnlampen Akku","og_description":"Petzl Stirnlampen Akku Core beim Kletterprofi aus Innsbruck kaufen \u2705 kostenloser Versand* \u2705 14 Tage R\u00fcckgaberecht \u2705 Co2 neutraler Versand","og_url":"https:\/\/bolting.eu\/en\/shop\/petzl-stirnlampen-akku\/","og_site_name":"bolting.eu","article_publisher":"https:\/\/www.facebook.com\/bolting.eu","article_modified_time":"2024-12-20T09:36:47+00:00","og_image":[{"width":700,"height":700,"url":"https:\/\/bolting.eu\/wp-content\/uploads\/2024\/02\/Petzl-Stirnlampen-Akku-4.jpg","type":"image\/jpeg"}],"twitter_card":"summary_large_image","twitter_misc":{"Price":"&euro;&nbsp;30,00","Availability":"In stock"},"schema":{"@context":"https:\/\/schema.org","@graph":[{"@type":["WebPage","ItemPage"],"@id":"https:\/\/bolting.eu\/en\/shop\/petzl-stirnlampen-akku\/","url":"https:\/\/bolting.eu\/en\/shop\/petzl-stirnlampen-akku\/","name":"Petzl Stirnlampen Akku Core | bolting.eu","isPartOf":{"@id":"https:\/\/bolting.eu\/en\/#website"},"primaryImageOfPage":{"@id":"https:\/\/bolting.eu\/en\/shop\/petzl-stirnlampen-akku\/#primaryimage"},"image":{"@id":"https:\/\/bolting.eu\/en\/shop\/petzl-stirnlampen-akku\/#primaryimage"},"thumbnailUrl":"https:\/\/bolting.eu\/wp-content\/uploads\/2024\/02\/Petzl-Stirnlampen-Akku-4.jpg","datePublished":"2024-02-16T09:38:11+00:00","dateModified":"2024-12-20T09:36:47+00:00","description":"Petzl Stirnlampen Akku Core beim Kletterprofi aus Innsbruck kaufen \u2705 kostenloser Versand* \u2705 14 Tage R\u00fcckgaberecht \u2705 Co2 neutraler Versand","breadcrumb":{"@id":"https:\/\/bolting.eu\/en\/shop\/petzl-stirnlampen-akku\/#breadcrumb"},"inLanguage":"en-US","potentialAction":[{"@type":"ReadAction","target":["https:\/\/bolting.eu\/en\/shop\/petzl-stirnlampen-akku\/"]}]},{"@type":"ImageObject","inLanguage":"en-US","@id":"https:\/\/bolting.eu\/en\/shop\/petzl-stirnlampen-akku\/#primaryimage","url":"https:\/\/bolting.eu\/wp-content\/uploads\/2024\/02\/Petzl-Stirnlampen-Akku-4.jpg","contentUrl":"https:\/\/bolting.eu\/wp-content\/uploads\/2024\/02\/Petzl-Stirnlampen-Akku-4.jpg","width":700,"height":700,"caption":"Petzl Stirnlampen Akku von der Seite mit allen Produktdetails wie +, -, Markenname und \"Core\" Schriftzug."},{"@type":"BreadcrumbList","@id":"https:\/\/bolting.eu\/en\/shop\/petzl-stirnlampen-akku\/#breadcrumb","itemListElement":[{"@type":"ListItem","position":1,"name":"Shop","item":"https:\/\/bolting.eu\/en\/shop\/"},{"@type":"ListItem","position":2,"name":"climbing equipment","item":"https:\/\/bolting.eu\/en\/produkt-kategorie\/climbing-equipment\/"},{"@type":"ListItem","position":3,"name":"Petzl Stirnlampen","item":"https:\/\/bolting.eu\/produkt-kategorie\/kletterausruestung\/petzl-stirnlampen\/"},{"@type":"ListItem","position":4,"name":"Petzl Stirnlampen Akku"}]},{"@type":"WebSite","@id":"https:\/\/bolting.eu\/en\/#website","url":"https:\/\/bolting.eu\/en\/","name":"bolting.eu","description":"we make climbs happen","publisher":{"@id":"https:\/\/bolting.eu\/en\/#organization"},"potentialAction":[{"@type":"SearchAction","target":{"@type":"EntryPoint","urlTemplate":"https:\/\/bolting.eu\/en\/?s={search_term_string}"},"query-input":{"@type":"PropertyValueSpecification","valueRequired":true,"valueName":"search_term_string"}}],"inLanguage":"en-US"},{"@type":["Organization","Place","SportingGoodsStore"],"@id":"https:\/\/bolting.eu\/en\/#organization","name":"bolting.eu","url":"https:\/\/bolting.eu\/en\/","logo":{"@id":"https:\/\/bolting.eu\/en\/shop\/petzl-stirnlampen-akku\/#local-main-organization-logo"},"image":{"@id":"https:\/\/bolting.eu\/en\/shop\/petzl-stirnlampen-akku\/#local-main-organization-logo"},"sameAs":["https:\/\/www.facebook.com\/bolting.eu","https:\/\/www.instagram.com\/bolting.eu\/"],"address":{"@id":"https:\/\/bolting.eu\/en\/shop\/petzl-stirnlampen-akku\/#local-main-place-address"},"geo":{"@type":"GeoCoordinates","latitude":"47.264176340396226","longitude":"11.380109057672346"},"telephone":["+43 699 19083372"],"openingHoursSpecification":[{"@type":"OpeningHoursSpecification","dayOfWeek":["Monday","Wednesday","Friday"],"opens":"14:00","closes":"18:00"},{"@type":"OpeningHoursSpecification","dayOfWeek":["Tuesday","Thursday","Saturday","Sunday"],"opens":"00:00","closes":"00:00"}],"email":"office@bolting.eu","vatID":"ATU59999728","priceRange":"$$","currenciesAccepted":"Euro"},{"@type":"PostalAddress","@id":"https:\/\/bolting.eu\/en\/shop\/petzl-stirnlampen-akku\/#local-main-place-address","streetAddress":"Fischnalerstra\u00dfe 4","addressLocality":"Innsbruck","postalCode":"6020","addressRegion":"Tirol","addressCountry":"AT"},{"@type":"ImageObject","inLanguage":"en-US","@id":"https:\/\/bolting.eu\/en\/shop\/petzl-stirnlampen-akku\/#local-main-organization-logo","url":"https:\/\/bolting.eu\/wp-content\/uploads\/2019\/09\/bolting-logo.png","contentUrl":"https:\/\/bolting.eu\/wp-content\/uploads\/2019\/09\/bolting-logo.png","width":400,"height":211,"caption":"bolting.eu"}]},"og_video":"https:\/\/www.youtube.com\/embed\/AuNd7mOzmHE","og_video_type":"text\/html","og_video_duration":"63","og_video_width":"480","og_video_height":"270","ya_ovs_adult":"false","ya_ovs_upload_date":"2024-02-16T09:38:11+00:00","ya_ovs_allow_embed":"true","product_price_amount":"30.00","product_price_currency":"EUR","og_availability":"instock","product_availability":"instock","product_retailer_item_id":"E99ACA","product_condition":"new","geo.placename":"Innsbruck","geo.position":{"lat":"47.264176340396226","long":"11.380109057672346"},"geo.region":"Austria"},"_links":{"self":[{"href":"https:\/\/bolting.eu\/en\/wp-json\/wp\/v2\/product\/18634","targetHints":{"allow":["GET"]}}],"collection":[{"href":"https:\/\/bolting.eu\/en\/wp-json\/wp\/v2\/product"}],"about":[{"href":"https:\/\/bolting.eu\/en\/wp-json\/wp\/v2\/types\/product"}],"replies":[{"embeddable":true,"href":"https:\/\/bolting.eu\/en\/wp-json\/wp\/v2\/comments?post=18634"}],"wp:featuredmedia":[{"embeddable":true,"href":"https:\/\/bolting.eu\/en\/wp-json\/wp\/v2\/media\/18637"}],"wp:attachment":[{"href":"https:\/\/bolting.eu\/en\/wp-json\/wp\/v2\/media?parent=18634"}],"wp:term":[{"taxonomy":"product_brand","embeddable":true,"href":"https:\/\/bolting.eu\/en\/wp-json\/wp\/v2\/product_brand?post=18634"},{"taxonomy":"product_cat","embeddable":true,"href":"https:\/\/bolting.eu\/en\/wp-json\/wp\/v2\/product_cat?post=18634"},{"taxonomy":"product_tag","embeddable":true,"href":"https:\/\/bolting.eu\/en\/wp-json\/wp\/v2\/product_tag?post=18634"}],"curies":[{"name":"wp","href":"https:\/\/api.w.org\/{rel}","templated":true}]}}