{"id":18499,"date":"2024-01-26T10:11:38","date_gmt":"2024-01-26T09:11:38","guid":{"rendered":"https:\/\/bolting.eu\/?post_type=product&#038;p=18499"},"modified":"2024-01-26T10:11:39","modified_gmt":"2024-01-26T09:11:39","slug":"black-diamond-speed-zip-24","status":"publish","type":"product","link":"https:\/\/bolting.eu\/en\/shop\/black-diamond-speed-zip-24\/","title":{"rendered":"Black Diamond Speed Zip 24"},"content":{"rendered":"<p>Der Black Diamond Speed Zip 24 basiert auf dem gleichnamigen Rucksack Modell.<\/p>\n<p>Sie ist allerdings mit einem Rei\u00dfverschluss anstatt Deckeltasche ausgestattet. Das erm\u00f6glicht ein rascheres \u00d6ffnen und besseren Zugang zum Inhalt.<\/p>\n<p>Dieser Rucksack richtet sich an engagierte Alpinisten. Denn alles an diesem Modell ist auf deren Bed\u00fcrfnisse ausgerichtet. Zum einen leicht und simpel im Design. Zum anderen extrem widerstandsf\u00e4hig und funktionell. Wie z.B. die <a href=\"https:\/\/bolting.eu\/produkt-kategorie\/bergsteiger-ausruestung\/steigeisen\/\">Steigeisen<\/a> Fixierung au\u00dfen am Bag.<\/p>\n<p>M\u00f6glich macht dies ein ultrastarkes Gewebe. Das X-rip 210d Ripstop Nylon. Dieses wurde zus\u00e4tzlich beschichtet. Somit ist es noch abriebfester und langlebige.<\/p>\n<p>Fazit. Ein spezialisiertes Modell f\u00fcr Alpinisten die flott unterwegs sein wollen.<\/p>\n<h2>Eigenschaften Speed Zip 24<\/h2>\n<ul>\n<li>Hersteller: <a href=\"https:\/\/bolting.eu\/produkt-kategorie\/black-diamond\/\">Black Diamond<\/a><\/li>\n<li>Material: \u201eX-Rip\u201c 210d Ripstop Nylon mit UTS Beschichtung<\/li>\n<li>Gewicht: 550 Gramm<\/li>\n<li>Volumen: 24 Liter<\/li>\n<li>leichter Alpin- und Expeditionsrucksack f\u00fcr schnelle Begehungen<\/li>\n<li>RV Verschluss f\u00fcr raschen Zugang und vollen Zugriff<\/li>\n<li>wasserfestes RV Fach am Deckel<\/li>\n<li>verstaubare <a href=\"https:\/\/bolting.eu\/produkt-kategorie\/kletterausruestung\/kletterseil\/\">Kletterseil<\/a> Befestigung<\/li>\n<li>H\u00fcftgurt und R\u00fcckenpolsterung \u201eBivy Pad\u201c abnehmbar<\/li>\n<li>PickPockets <a href=\"https:\/\/bolting.eu\/produkt-kategorie\/bergsteiger-ausruestung\/eispickel\/\">Eispickel<\/a> Halterung<\/li>\n<li>Steigeisenhalterung au\u00dfen<\/li>\n<li>zwei interne RV F\u00e4cher f\u00fcr <a href=\"https:\/\/bolting.eu\/produkt-kategorie\/kletterausruestung\/kletterzubehoer\/\">Kletterzubeh\u00f6r<\/a> \/ Handy \/ Topo<\/li>\n<li>gepolsterte Schultertr\u00e4ger<\/li>\n<li>h\u00f6henverstellbare Brustschnalle<\/li>\n<li>verstellbares H\u00fcftband mit Clips<\/li>\n<li>4 Kompresionsriemen<\/li>\n<li>feuchtigkeitsableitende R\u00fcckenpolsterung<\/li>\n<li>Regenh\u00fclle optional erh\u00e4ltlich<\/li>\n<li><a href=\"https:\/\/blackdiamond-web.cdn.prismic.io\/blackdiamond-web\/6d8f3af6-b0ca-44ab-8b9f-e29fc170a163_S20_EquipmentCleaning_17x11_all+lang.pdf\" target=\"_blank\" rel=\"noopener\">Bedienungsanleitung \/ Pflegehinweise<\/a><\/li>\n<\/ul>\n<h3>Produktvideo<\/h3>\n<p>Im Folgenden stellt euch BD die Speed Linie selber nochmal vor. Ihr k\u00f6nnt dort sehr gut erkennen, was as Zip 24 Modell zu einem so tollen Produkt f\u00fcr Alpinisten macht.<\/p>\n<p><iframe loading=\"lazy\" title=\"Speed Packs\" width=\"1020\" height=\"574\" src=\"https:\/\/www.youtube.com\/embed\/HFbjOpcnFAU?feature=oembed\" frameborder=\"0\" allow=\"accelerometer; autoplay; clipboard-write; encrypted-media; gyroscope; picture-in-picture; web-share\" allowfullscreen><\/iframe><\/p>\n<h3>Was wir sehr gut finden<\/h3>\n<p>Dieses Modell ist ein sogenannter &#8220;Top Loader&#8221;. D.h. der Zugang funktioniert von &#8220;oben&#8221; mit einem Rei\u00dfverschluss. Dieser reicht ca. um 2\/3 des Bags.<\/p>\n<p>Somit erh\u00e4lt man sehr schnell vollen Zugang zum Inhalt. Egal ob Daunenjacke, Gore-Shell oder Handschuhe. Wichtiges kann ganz oben rein und ist dann schnell zur Hand.<\/p>\n<p>Folglich ist die Speed Zip 24 Variante f\u00fcr uns eher was f\u00fcr Kletterer. Bergsteiger werden eher auf die normale Version mit Deckeltasche zur\u00fcck greifen.<\/p>\n<h3>Wenige &#8211; aber die richtigen Features<\/h3>\n<p>Dieser Black Diamond Rucksack ist sehr minimalistisch. Er hat wenige, aber daf\u00fcr genau die richtigen Features.<\/p>\n<p>Diese Ausgewogenheit sorgt f\u00fcr das geringe Gewicht mit nur 550 Gramm. Daf\u00fcr bekommt man alles, was man bei schweren langen Alpinrouten braucht.<\/p>\n<p>Vern\u00fcnftig Platz. Eine Au\u00dfentasche f\u00fcr Energieriegel, Topo und Stirnlampe. Zwei Innentaschen f\u00fcr essentielles Kletterzubeh\u00f6r wie Klettertape, Feuerzeug, Funkger\u00e4t \/ Handy.<\/p>\n<p>Au\u00dfen bieten der Speed Zip 24 von Black Diamond mit 4 Kompressionsriemen, Steigeisen- und Pickelhalterung alle Basics.<\/p>\n<p>Gut integriert sich abschlie\u00dfend die Seilhalterung. Sie kann man im Innenbereich verstauen. Alternativ kann sie aber auch nach au\u00dfen gest\u00fclpt werden. Dann k\u00f6nnt ihr das Seil quasi &#8220;oben drauf&#8221; montieren.<\/p>\n","protected":false},"excerpt":{"rendered":"<p>Leichter und extrem widerstandsf\u00e4higer 24 Liter Rucksack f\u00fcr engagierte Alpinisten.<\/p>\n<p>Simpel und leicht, aber gleichzeitig hoch funktionell und langlebig.<\/p>\n<p>Versandkostenfrei bis 2kg in <img decoding=\"async\" class=\"emoji\" role=\"img\" draggable=\"false\" src=\"https:\/\/s.w.org\/images\/core\/emoji\/14.0.0\/svg\/1f1e6-1f1f9.svg\" alt=\"\ud83c\udde6\ud83c\uddf9\" \/> ab \u20ac 100,- und <img decoding=\"async\" class=\"emoji\" role=\"img\" draggable=\"false\" src=\"https:\/\/s.w.org\/images\/core\/emoji\/14.0.0\/svg\/1f1e9-1f1ea.svg\" alt=\"\ud83c\udde9\ud83c\uddea\" \/> ab \u20ac 200,-!<\/p>\n","protected":false},"featured_media":18501,"comment_status":"closed","ping_status":"closed","template":"","meta":[],"product_brand":[],"product_cat":[29,4658,4809],"product_tag":[],"class_list":{"0":"post-18499","1":"product","2":"type-product","3":"status-publish","4":"has-post-thumbnail","6":"product_cat-kletterausruestung","7":"product_cat-black-diamond","8":"product_cat-kletterrucksack","10":"first","11":"instock","12":"sale","13":"taxable","14":"shipping-taxable","15":"purchasable","16":"product-type-simple"},"yoast_head":"<!-- This site is optimized with the Yoast SEO Premium plugin v26.9 (Yoast SEO v26.9) - https:\/\/yoast.com\/product\/yoast-seo-premium-wordpress\/ -->\n<title>Black Diamond Speed Zip 24 - Alpinrucksack | bolting.eu<\/title>\n<meta name=\"description\" content=\"Black Diamond Speed Zip 24 beim Kletterprofi aus Innsbruck kaufen \u2705 kostenloser Versand* \u2705 14 Tage R\u00fcckgaberecht \u2705 Co2 neutraler Versand\" \/>\n<meta name=\"robots\" content=\"index, follow, max-snippet:-1, max-image-preview:large, max-video-preview:-1\" \/>\n<link rel=\"canonical\" href=\"https:\/\/bolting.eu\/en\/shop\/black-diamond-speed-zip-24\/\" \/>\n<meta property=\"og:locale\" content=\"en_US\" \/>\n<meta property=\"og:type\" content=\"article\" \/>\n<meta property=\"og:title\" content=\"Black Diamond Speed Zip 24\" \/>\n<meta property=\"og:description\" content=\"Black Diamond Speed Zip 24 beim Kletterprofi aus Innsbruck kaufen \u2705 kostenloser Versand* \u2705 14 Tage R\u00fcckgaberecht \u2705 Co2 neutraler Versand\" \/>\n<meta property=\"og:url\" content=\"https:\/\/bolting.eu\/en\/shop\/black-diamond-speed-zip-24\/\" \/>\n<meta property=\"og:site_name\" content=\"bolting.eu\" \/>\n<meta property=\"article:publisher\" content=\"https:\/\/www.facebook.com\/bolting.eu\" \/>\n<meta property=\"article:modified_time\" content=\"2024-01-26T09:11:39+00:00\" \/>\n<meta property=\"og:image\" content=\"https:\/\/bolting.eu\/wp-content\/uploads\/2024\/01\/Black-Diamond-Speeed-Zip-24-3.jpg\" \/>\n\t<meta property=\"og:image:width\" content=\"700\" \/>\n\t<meta property=\"og:image:height\" content=\"700\" \/>\n\t<meta property=\"og:image:type\" content=\"image\/jpeg\" \/>\n<meta name=\"twitter:card\" content=\"summary_large_image\" \/>\n<meta name=\"twitter:label1\" content=\"Price\" \/>\n\t<meta name=\"twitter:data1\" content=\"&euro;&nbsp;117,00\" \/>\n\t<meta name=\"twitter:label2\" content=\"Availability\" \/>\n\t<meta name=\"twitter:data2\" content=\"In stock\" \/>\n<script type=\"application\/ld+json\" class=\"yoast-schema-graph\">{\"@context\":\"https:\/\/schema.org\",\"@graph\":[{\"@type\":[\"WebPage\",\"ItemPage\"],\"@id\":\"https:\/\/bolting.eu\/en\/shop\/black-diamond-speed-zip-24\/\",\"url\":\"https:\/\/bolting.eu\/en\/shop\/black-diamond-speed-zip-24\/\",\"name\":\"Black Diamond Speed Zip 24 - Alpinrucksack | bolting.eu\",\"isPartOf\":{\"@id\":\"https:\/\/bolting.eu\/en\/#website\"},\"primaryImageOfPage\":{\"@id\":\"https:\/\/bolting.eu\/en\/shop\/black-diamond-speed-zip-24\/#primaryimage\"},\"image\":{\"@id\":\"https:\/\/bolting.eu\/en\/shop\/black-diamond-speed-zip-24\/#primaryimage\"},\"thumbnailUrl\":\"https:\/\/bolting.eu\/wp-content\/uploads\/2024\/01\/Black-Diamond-Speeed-Zip-24-3.jpg\",\"datePublished\":\"2024-01-26T09:11:38+00:00\",\"dateModified\":\"2024-01-26T09:11:39+00:00\",\"description\":\"Black Diamond Speed Zip 24 beim Kletterprofi aus Innsbruck kaufen \u2705 kostenloser Versand* \u2705 14 Tage R\u00fcckgaberecht \u2705 Co2 neutraler Versand\",\"breadcrumb\":{\"@id\":\"https:\/\/bolting.eu\/en\/shop\/black-diamond-speed-zip-24\/#breadcrumb\"},\"inLanguage\":\"en-US\",\"potentialAction\":[{\"@type\":\"ReadAction\",\"target\":[\"https:\/\/bolting.eu\/en\/shop\/black-diamond-speed-zip-24\/\"]}]},{\"@type\":\"ImageObject\",\"inLanguage\":\"en-US\",\"@id\":\"https:\/\/bolting.eu\/en\/shop\/black-diamond-speed-zip-24\/#primaryimage\",\"url\":\"https:\/\/bolting.eu\/wp-content\/uploads\/2024\/01\/Black-Diamond-Speeed-Zip-24-3.jpg\",\"contentUrl\":\"https:\/\/bolting.eu\/wp-content\/uploads\/2024\/01\/Black-Diamond-Speeed-Zip-24-3.jpg\",\"width\":700,\"height\":700,\"caption\":\"Schwarzer Black Diamond Speed Zip 24 Kletterrucksack von der Seite.\"},{\"@type\":\"BreadcrumbList\",\"@id\":\"https:\/\/bolting.eu\/en\/shop\/black-diamond-speed-zip-24\/#breadcrumb\",\"itemListElement\":[{\"@type\":\"ListItem\",\"position\":1,\"name\":\"Shop\",\"item\":\"https:\/\/bolting.eu\/en\/shop\/\"},{\"@type\":\"ListItem\",\"position\":2,\"name\":\"climbing equipment\",\"item\":\"https:\/\/bolting.eu\/en\/produkt-kategorie\/climbing-equipment\/\"},{\"@type\":\"ListItem\",\"position\":3,\"name\":\"Kletterrucksack\",\"item\":\"https:\/\/bolting.eu\/produkt-kategorie\/kletterausruestung\/kletterrucksack\/\"},{\"@type\":\"ListItem\",\"position\":4,\"name\":\"Black Diamond Speed Zip 24\"}]},{\"@type\":\"WebSite\",\"@id\":\"https:\/\/bolting.eu\/en\/#website\",\"url\":\"https:\/\/bolting.eu\/en\/\",\"name\":\"bolting.eu\",\"description\":\"we make climbs happen\",\"publisher\":{\"@id\":\"https:\/\/bolting.eu\/en\/#organization\"},\"potentialAction\":[{\"@type\":\"SearchAction\",\"target\":{\"@type\":\"EntryPoint\",\"urlTemplate\":\"https:\/\/bolting.eu\/en\/?s={search_term_string}\"},\"query-input\":{\"@type\":\"PropertyValueSpecification\",\"valueRequired\":true,\"valueName\":\"search_term_string\"}}],\"inLanguage\":\"en-US\"},{\"@type\":[\"Organization\",\"Place\",\"SportingGoodsStore\"],\"@id\":\"https:\/\/bolting.eu\/en\/#organization\",\"name\":\"bolting.eu\",\"url\":\"https:\/\/bolting.eu\/en\/\",\"logo\":{\"@id\":\"https:\/\/bolting.eu\/en\/shop\/black-diamond-speed-zip-24\/#local-main-organization-logo\"},\"image\":{\"@id\":\"https:\/\/bolting.eu\/en\/shop\/black-diamond-speed-zip-24\/#local-main-organization-logo\"},\"sameAs\":[\"https:\/\/www.facebook.com\/bolting.eu\",\"https:\/\/www.instagram.com\/bolting.eu\/\"],\"address\":{\"@id\":\"https:\/\/bolting.eu\/en\/shop\/black-diamond-speed-zip-24\/#local-main-place-address\"},\"geo\":{\"@type\":\"GeoCoordinates\",\"latitude\":\"47.264176340396226\",\"longitude\":\"11.380109057672346\"},\"telephone\":[\"+43 699 19083372\"],\"openingHoursSpecification\":[{\"@type\":\"OpeningHoursSpecification\",\"dayOfWeek\":[\"Monday\",\"Wednesday\",\"Friday\"],\"opens\":\"14:00\",\"closes\":\"18:00\"},{\"@type\":\"OpeningHoursSpecification\",\"dayOfWeek\":[\"Tuesday\",\"Thursday\",\"Saturday\",\"Sunday\"],\"opens\":\"00:00\",\"closes\":\"00:00\"}],\"email\":\"office@bolting.eu\",\"vatID\":\"ATU59999728\",\"priceRange\":\"$$\",\"currenciesAccepted\":\"Euro\"},{\"@type\":\"PostalAddress\",\"@id\":\"https:\/\/bolting.eu\/en\/shop\/black-diamond-speed-zip-24\/#local-main-place-address\",\"streetAddress\":\"Fischnalerstra\u00dfe 4\",\"addressLocality\":\"Innsbruck\",\"postalCode\":\"6020\",\"addressRegion\":\"Tirol\",\"addressCountry\":\"AT\"},{\"@type\":\"ImageObject\",\"inLanguage\":\"en-US\",\"@id\":\"https:\/\/bolting.eu\/en\/shop\/black-diamond-speed-zip-24\/#local-main-organization-logo\",\"url\":\"https:\/\/bolting.eu\/wp-content\/uploads\/2019\/09\/bolting-logo.png\",\"contentUrl\":\"https:\/\/bolting.eu\/wp-content\/uploads\/2019\/09\/bolting-logo.png\",\"width\":400,\"height\":211,\"caption\":\"bolting.eu\"}]}<\/script>\n<meta property=\"og:video\" content=\"https:\/\/www.youtube.com\/embed\/HFbjOpcnFAU\" \/>\n<meta property=\"og:video:type\" content=\"text\/html\" \/>\n<meta property=\"og:video:duration\" content=\"85\" \/>\n<meta property=\"og:video:width\" content=\"480\" \/>\n<meta property=\"og:video:height\" content=\"270\" \/>\n<meta property=\"ya:ovs:adult\" content=\"false\" \/>\n<meta property=\"ya:ovs:upload_date\" content=\"2024-01-26T09:11:38+00:00\" \/>\n<meta property=\"ya:ovs:allow_embed\" content=\"true\" \/>\n<meta property=\"product:price:amount\" content=\"117.00\" \/>\n<meta property=\"product:price:currency\" content=\"EUR\" \/>\n<meta property=\"og:availability\" content=\"instock\" \/>\n<meta property=\"product:availability\" content=\"instock\" \/>\n<meta property=\"product:condition\" content=\"new\" \/>\n<meta name=\"geo.placename\" content=\"Innsbruck\" \/>\n<meta name=\"geo.position\" content=\"47.264176340396226;11.380109057672346\" \/>\n<meta name=\"geo.region\" content=\"Austria\" \/>\n<!-- \/ Yoast SEO Premium plugin. -->","yoast_head_json":{"title":"Black Diamond Speed Zip 24 - Alpinrucksack | bolting.eu","description":"Black Diamond Speed Zip 24 beim Kletterprofi aus Innsbruck kaufen \u2705 kostenloser Versand* \u2705 14 Tage R\u00fcckgaberecht \u2705 Co2 neutraler Versand","robots":{"index":"index","follow":"follow","max-snippet":"max-snippet:-1","max-image-preview":"max-image-preview:large","max-video-preview":"max-video-preview:-1"},"canonical":"https:\/\/bolting.eu\/en\/shop\/black-diamond-speed-zip-24\/","og_locale":"en_US","og_type":"article","og_title":"Black Diamond Speed Zip 24","og_description":"Black Diamond Speed Zip 24 beim Kletterprofi aus Innsbruck kaufen \u2705 kostenloser Versand* \u2705 14 Tage R\u00fcckgaberecht \u2705 Co2 neutraler Versand","og_url":"https:\/\/bolting.eu\/en\/shop\/black-diamond-speed-zip-24\/","og_site_name":"bolting.eu","article_publisher":"https:\/\/www.facebook.com\/bolting.eu","article_modified_time":"2024-01-26T09:11:39+00:00","og_image":[{"width":700,"height":700,"url":"https:\/\/bolting.eu\/wp-content\/uploads\/2024\/01\/Black-Diamond-Speeed-Zip-24-3.jpg","type":"image\/jpeg"}],"twitter_card":"summary_large_image","twitter_misc":{"Price":"&euro;&nbsp;117,00","Availability":"In stock"},"schema":{"@context":"https:\/\/schema.org","@graph":[{"@type":["WebPage","ItemPage"],"@id":"https:\/\/bolting.eu\/en\/shop\/black-diamond-speed-zip-24\/","url":"https:\/\/bolting.eu\/en\/shop\/black-diamond-speed-zip-24\/","name":"Black Diamond Speed Zip 24 - Alpinrucksack | bolting.eu","isPartOf":{"@id":"https:\/\/bolting.eu\/en\/#website"},"primaryImageOfPage":{"@id":"https:\/\/bolting.eu\/en\/shop\/black-diamond-speed-zip-24\/#primaryimage"},"image":{"@id":"https:\/\/bolting.eu\/en\/shop\/black-diamond-speed-zip-24\/#primaryimage"},"thumbnailUrl":"https:\/\/bolting.eu\/wp-content\/uploads\/2024\/01\/Black-Diamond-Speeed-Zip-24-3.jpg","datePublished":"2024-01-26T09:11:38+00:00","dateModified":"2024-01-26T09:11:39+00:00","description":"Black Diamond Speed Zip 24 beim Kletterprofi aus Innsbruck kaufen \u2705 kostenloser Versand* \u2705 14 Tage R\u00fcckgaberecht \u2705 Co2 neutraler Versand","breadcrumb":{"@id":"https:\/\/bolting.eu\/en\/shop\/black-diamond-speed-zip-24\/#breadcrumb"},"inLanguage":"en-US","potentialAction":[{"@type":"ReadAction","target":["https:\/\/bolting.eu\/en\/shop\/black-diamond-speed-zip-24\/"]}]},{"@type":"ImageObject","inLanguage":"en-US","@id":"https:\/\/bolting.eu\/en\/shop\/black-diamond-speed-zip-24\/#primaryimage","url":"https:\/\/bolting.eu\/wp-content\/uploads\/2024\/01\/Black-Diamond-Speeed-Zip-24-3.jpg","contentUrl":"https:\/\/bolting.eu\/wp-content\/uploads\/2024\/01\/Black-Diamond-Speeed-Zip-24-3.jpg","width":700,"height":700,"caption":"Schwarzer Black Diamond Speed Zip 24 Kletterrucksack von der Seite."},{"@type":"BreadcrumbList","@id":"https:\/\/bolting.eu\/en\/shop\/black-diamond-speed-zip-24\/#breadcrumb","itemListElement":[{"@type":"ListItem","position":1,"name":"Shop","item":"https:\/\/bolting.eu\/en\/shop\/"},{"@type":"ListItem","position":2,"name":"climbing equipment","item":"https:\/\/bolting.eu\/en\/produkt-kategorie\/climbing-equipment\/"},{"@type":"ListItem","position":3,"name":"Kletterrucksack","item":"https:\/\/bolting.eu\/produkt-kategorie\/kletterausruestung\/kletterrucksack\/"},{"@type":"ListItem","position":4,"name":"Black Diamond Speed Zip 24"}]},{"@type":"WebSite","@id":"https:\/\/bolting.eu\/en\/#website","url":"https:\/\/bolting.eu\/en\/","name":"bolting.eu","description":"we make climbs happen","publisher":{"@id":"https:\/\/bolting.eu\/en\/#organization"},"potentialAction":[{"@type":"SearchAction","target":{"@type":"EntryPoint","urlTemplate":"https:\/\/bolting.eu\/en\/?s={search_term_string}"},"query-input":{"@type":"PropertyValueSpecification","valueRequired":true,"valueName":"search_term_string"}}],"inLanguage":"en-US"},{"@type":["Organization","Place","SportingGoodsStore"],"@id":"https:\/\/bolting.eu\/en\/#organization","name":"bolting.eu","url":"https:\/\/bolting.eu\/en\/","logo":{"@id":"https:\/\/bolting.eu\/en\/shop\/black-diamond-speed-zip-24\/#local-main-organization-logo"},"image":{"@id":"https:\/\/bolting.eu\/en\/shop\/black-diamond-speed-zip-24\/#local-main-organization-logo"},"sameAs":["https:\/\/www.facebook.com\/bolting.eu","https:\/\/www.instagram.com\/bolting.eu\/"],"address":{"@id":"https:\/\/bolting.eu\/en\/shop\/black-diamond-speed-zip-24\/#local-main-place-address"},"geo":{"@type":"GeoCoordinates","latitude":"47.264176340396226","longitude":"11.380109057672346"},"telephone":["+43 699 19083372"],"openingHoursSpecification":[{"@type":"OpeningHoursSpecification","dayOfWeek":["Monday","Wednesday","Friday"],"opens":"14:00","closes":"18:00"},{"@type":"OpeningHoursSpecification","dayOfWeek":["Tuesday","Thursday","Saturday","Sunday"],"opens":"00:00","closes":"00:00"}],"email":"office@bolting.eu","vatID":"ATU59999728","priceRange":"$$","currenciesAccepted":"Euro"},{"@type":"PostalAddress","@id":"https:\/\/bolting.eu\/en\/shop\/black-diamond-speed-zip-24\/#local-main-place-address","streetAddress":"Fischnalerstra\u00dfe 4","addressLocality":"Innsbruck","postalCode":"6020","addressRegion":"Tirol","addressCountry":"AT"},{"@type":"ImageObject","inLanguage":"en-US","@id":"https:\/\/bolting.eu\/en\/shop\/black-diamond-speed-zip-24\/#local-main-organization-logo","url":"https:\/\/bolting.eu\/wp-content\/uploads\/2019\/09\/bolting-logo.png","contentUrl":"https:\/\/bolting.eu\/wp-content\/uploads\/2019\/09\/bolting-logo.png","width":400,"height":211,"caption":"bolting.eu"}]},"og_video":"https:\/\/www.youtube.com\/embed\/HFbjOpcnFAU","og_video_type":"text\/html","og_video_duration":"85","og_video_width":"480","og_video_height":"270","ya_ovs_adult":"false","ya_ovs_upload_date":"2024-01-26T09:11:38+00:00","ya_ovs_allow_embed":"true","product_price_amount":"117.00","product_price_currency":"EUR","og_availability":"instock","product_availability":"instock","product_condition":"new","geo.placename":"Innsbruck","geo.position":{"lat":"47.264176340396226","long":"11.380109057672346"},"geo.region":"Austria"},"_links":{"self":[{"href":"https:\/\/bolting.eu\/en\/wp-json\/wp\/v2\/product\/18499","targetHints":{"allow":["GET"]}}],"collection":[{"href":"https:\/\/bolting.eu\/en\/wp-json\/wp\/v2\/product"}],"about":[{"href":"https:\/\/bolting.eu\/en\/wp-json\/wp\/v2\/types\/product"}],"replies":[{"embeddable":true,"href":"https:\/\/bolting.eu\/en\/wp-json\/wp\/v2\/comments?post=18499"}],"wp:featuredmedia":[{"embeddable":true,"href":"https:\/\/bolting.eu\/en\/wp-json\/wp\/v2\/media\/18501"}],"wp:attachment":[{"href":"https:\/\/bolting.eu\/en\/wp-json\/wp\/v2\/media?parent=18499"}],"wp:term":[{"taxonomy":"product_brand","embeddable":true,"href":"https:\/\/bolting.eu\/en\/wp-json\/wp\/v2\/product_brand?post=18499"},{"taxonomy":"product_cat","embeddable":true,"href":"https:\/\/bolting.eu\/en\/wp-json\/wp\/v2\/product_cat?post=18499"},{"taxonomy":"product_tag","embeddable":true,"href":"https:\/\/bolting.eu\/en\/wp-json\/wp\/v2\/product_tag?post=18499"}],"curies":[{"name":"wp","href":"https:\/\/api.w.org\/{rel}","templated":true}]}}