{"id":18486,"date":"2024-01-25T14:56:34","date_gmt":"2024-01-25T13:56:34","guid":{"rendered":"https:\/\/bolting.eu\/?post_type=product&#038;p=18486"},"modified":"2026-03-18T10:23:19","modified_gmt":"2026-03-18T09:23:19","slug":"black-diamond-blitz-20","status":"publish","type":"product","link":"https:\/\/bolting.eu\/en\/shop\/black-diamond-blitz-20\/","title":{"rendered":"Black Diamond Blitz 20"},"content":{"rendered":"<p>Der Black Diamond Blitz 20 ist ein Modell aus der gleichnamigen Rucksack Serie.<\/p>\n<p>Sie kennzeichnet sich zum einen durch das geringe Gewicht aus. Und zum anderen durch die Reduktion auf die wichtigsten Features. Somit hat auch dieses Modell alles was man braucht. Aber bewusst auch nicht mehr.<\/p>\n<p>Dieses 20 Liter Modell ist f\u00fcr lange Alpinrouten und schnelle Bergtouren konzipiert.<\/p>\n<p>Erstens wiegt es nur 390 Gramm. Zweitens hat es widerstandsf\u00e4higes 100d Nylon Au\u00dfengewebe. Drittens verf\u00fcgt es \u00fcber Pick-Pockets zum Verstauen der <a href=\"https:\/\/bolting.eu\/produkt-kategorie\/bergsteiger-ausruestung\/eispickel\/\">Eispickel<\/a>. Viertens hat der Bag einen innovativen Deckel mit RV und dient als Seilhalterung.<\/p>\n<p>Kurzum. Ihr seid extrem leicht und schnell unterwegs? Dann seid ihr hier richtig!<\/p>\n<h2>Eigenschaften Blitz 20<\/h2>\n<ul>\n<li>Hersteller: <a href=\"https:\/\/bolting.eu\/produkt-kategorie\/black-diamond\/\">Black Diamond<\/a><\/li>\n<li>Material: Basisgewebe &#8220;Mini Rip&#8221; 100d Nylon und 200d PE Verst\u00e4rkungen<\/li>\n<li>Gewicht: 390 Gramm<\/li>\n<li>Volumen: 20 Liter<\/li>\n<li>ultraleichter Rucksack f\u00fcr schnelle Begehungen<\/li>\n<li>Verschluss einh\u00e4ndig bedienbar<\/li>\n<li>wasserfestes RV Fach am Deckel<\/li>\n<li>H\u00fcftgurt und R\u00fcckenpolsterung &#8220;Bivy Pad&#8221; abnehmbar<\/li>\n<li>Deckel mit rotem Riemen ist die <a href=\"https:\/\/bolting.eu\/produkt-kategorie\/kletterausruestung\/kletterseil\/\">Kletterseil<\/a> Halterung<\/li>\n<li>PickPockets Eispickel Halterung<\/li>\n<li>Halterung f\u00fcr ein Trinksystem<\/li>\n<li>internes RV Fach f\u00fcr <a href=\"https:\/\/bolting.eu\/produkt-kategorie\/kletterausruestung\/kletterzubehoer\/\">Kletterzubeh\u00f6r<\/a> \/ Handy \/ Topo<\/li>\n<li>gepolsterte Schultertr\u00e4ger<\/li>\n<li>h\u00f6henverstellbare Brustschnalle<\/li>\n<li>verstellbares H\u00fcftband mit Clips<\/li>\n<li><a href=\"https:\/\/blackdiamond-web.cdn.prismic.io\/blackdiamond-web\/6d8f3af6-b0ca-44ab-8b9f-e29fc170a163_S20_EquipmentCleaning_17x11_all+lang.pdf\" target=\"_blank\" rel=\"noopener\">Bedienungsanleitung \/ Pflegehinweise<\/a><\/li>\n<\/ul>\n<h3>&#8220;Mini Rip&#8221; 100d Nylon<\/h3>\n<p>Das leichte Grundger\u00fcst des Blitz 20 bildet der extrem widerstandsf\u00e4hige Ripstop Nylon.<\/p>\n<p>Dieser Stoff bietet ein exzellentes Verh\u00e4ltnis zwischen Gewicht und Belastbarkeit. D.h. das Gewebe ist zwar einerseits extrem leicht. Bietet aber andererseits eine erstaunliche Robustheit.<\/p>\n<p>Das betrifft sowohl die Eigenschaft Druck auszuhalten wenn der Bag &#8220;vollgestopft&#8221; wird. Als auch die Abriebfestigkeit, wenn man ihn am Fels &#8220;entlangschrappt&#8221;.<\/p>\n<figure id=\"attachment_18489\" aria-describedby=\"caption-attachment-18489\" style=\"width: 400px\" class=\"wp-caption alignnone\"><a href=\"https:\/\/bolting.eu\/wp-content\/uploads\/2024\/01\/Black-Diamond-Blitz-20-3.jpg\"><img loading=\"lazy\" decoding=\"async\" class=\"wp-image-18489 size-medium\" src=\"https:\/\/bolting.eu\/wp-content\/uploads\/2024\/01\/Black-Diamond-Blitz-20-3-400x400.jpg\" alt=\"Blitz 20 Aufdruck auf weiss-grauem Ripstop Nylon eines Black Diamond Rucksackes.\" width=\"400\" height=\"400\" srcset=\"https:\/\/bolting.eu\/wp-content\/uploads\/2024\/01\/Black-Diamond-Blitz-20-3-400x400.jpg 400w, https:\/\/bolting.eu\/wp-content\/uploads\/2024\/01\/Black-Diamond-Blitz-20-3-280x280.jpg 280w, https:\/\/bolting.eu\/wp-content\/uploads\/2024\/01\/Black-Diamond-Blitz-20-3-247x247.jpg 247w, https:\/\/bolting.eu\/wp-content\/uploads\/2024\/01\/Black-Diamond-Blitz-20-3-510x510.jpg 510w, https:\/\/bolting.eu\/wp-content\/uploads\/2024\/01\/Black-Diamond-Blitz-20-3-100x100.jpg 100w, https:\/\/bolting.eu\/wp-content\/uploads\/2024\/01\/Black-Diamond-Blitz-20-3.jpg 700w\" sizes=\"auto, (max-width: 400px) 100vw, 400px\" \/><\/a><figcaption id=\"caption-attachment-18489\" class=\"wp-caption-text\">Der robuste Ripstop Nylon bildet das Grundger\u00fcst dieses Bags.<\/figcaption><\/figure>\n","protected":false},"excerpt":{"rendered":"<p>Minimalistischer Kletter- und Bergrucksack. Wiegt nur 390 Gramm bei 20 Liter Volumen. Dank &#8220;Mini Rip&#8221; Gewebe sehr widerstandsf\u00e4hig.<\/p>\n<p>Ideal f\u00fcr schnelle Begehungen oder schwere Routen.<\/p>\n<p>Versandkostenfrei bis 2kg in <img decoding=\"async\" class=\"emoji\" role=\"img\" draggable=\"false\" src=\"https:\/\/s.w.org\/images\/core\/emoji\/14.0.0\/svg\/1f1e6-1f1f9.svg\" alt=\"\ud83c\udde6\ud83c\uddf9\" \/> ab \u20ac 100,- und <img decoding=\"async\" class=\"emoji\" role=\"img\" draggable=\"false\" src=\"https:\/\/s.w.org\/images\/core\/emoji\/14.0.0\/svg\/1f1e9-1f1ea.svg\" alt=\"\ud83c\udde9\ud83c\uddea\" \/> ab \u20ac 200,-!<\/p>\n","protected":false},"featured_media":18491,"comment_status":"closed","ping_status":"closed","template":"","meta":[],"product_brand":[],"product_cat":[15018,15030,4809],"product_tag":[],"class_list":{"0":"post-18486","1":"product","2":"type-product","3":"status-publish","4":"has-post-thumbnail","6":"product_cat-black-diamond-en","7":"product_cat-climbing-equipment","8":"product_cat-kletterrucksack","10":"first","11":"outofstock","12":"sale","13":"taxable","14":"shipping-taxable","15":"purchasable","16":"product-type-simple"},"yoast_head":"<!-- This site is optimized with the Yoast SEO Premium plugin v26.9 (Yoast SEO v26.9) - https:\/\/yoast.com\/product\/yoast-seo-premium-wordpress\/ -->\n<title>Black Diamond Blitz 20 Kletterrucksack g\u00fcnstig online kaufen | bolting.eu<\/title>\n<meta name=\"description\" content=\"Black Diamond Blitz 20 Rucksack beim Kletterprofi aus Innsbruck kaufen \u2705 kostenloser Versand* \u2705 14 Tage R\u00fcckgaberecht \u2705 Co2 neutraler Versand\" \/>\n<meta name=\"robots\" content=\"index, follow, max-snippet:-1, max-image-preview:large, max-video-preview:-1\" \/>\n<link rel=\"canonical\" href=\"https:\/\/bolting.eu\/en\/shop\/black-diamond-blitz-20\/\" \/>\n<meta property=\"og:locale\" content=\"en_US\" \/>\n<meta property=\"og:type\" content=\"article\" \/>\n<meta property=\"og:title\" content=\"Black Diamond Blitz 20\" \/>\n<meta property=\"og:description\" content=\"Black Diamond Blitz 20 Rucksack beim Kletterprofi aus Innsbruck kaufen \u2705 kostenloser Versand* \u2705 14 Tage R\u00fcckgaberecht \u2705 Co2 neutraler Versand\" \/>\n<meta property=\"og:url\" content=\"https:\/\/bolting.eu\/en\/shop\/black-diamond-blitz-20\/\" \/>\n<meta property=\"og:site_name\" content=\"bolting.eu\" \/>\n<meta property=\"article:publisher\" content=\"https:\/\/www.facebook.com\/bolting.eu\" \/>\n<meta property=\"article:modified_time\" content=\"2026-03-18T09:23:19+00:00\" \/>\n<meta property=\"og:image\" content=\"https:\/\/bolting.eu\/wp-content\/uploads\/2024\/01\/Black-Diamond-Blitz-20-1.jpg\" \/>\n\t<meta property=\"og:image:width\" content=\"700\" \/>\n\t<meta property=\"og:image:height\" content=\"700\" \/>\n\t<meta property=\"og:image:type\" content=\"image\/jpeg\" \/>\n<meta name=\"twitter:card\" content=\"summary_large_image\" \/>\n<meta name=\"twitter:label1\" content=\"Price\" \/>\n\t<meta name=\"twitter:data1\" content=\"&euro;&nbsp;85,00\" \/>\n\t<meta name=\"twitter:label2\" content=\"Availability\" \/>\n\t<meta name=\"twitter:data2\" content=\"Out of stock\" \/>\n<script type=\"application\/ld+json\" class=\"yoast-schema-graph\">{\"@context\":\"https:\/\/schema.org\",\"@graph\":[{\"@type\":[\"WebPage\",\"ItemPage\"],\"@id\":\"https:\/\/bolting.eu\/en\/shop\/black-diamond-blitz-20\/\",\"url\":\"https:\/\/bolting.eu\/en\/shop\/black-diamond-blitz-20\/\",\"name\":\"Black Diamond Blitz 20 Kletterrucksack g\u00fcnstig online kaufen | bolting.eu\",\"isPartOf\":{\"@id\":\"https:\/\/bolting.eu\/en\/#website\"},\"primaryImageOfPage\":{\"@id\":\"https:\/\/bolting.eu\/en\/shop\/black-diamond-blitz-20\/#primaryimage\"},\"image\":{\"@id\":\"https:\/\/bolting.eu\/en\/shop\/black-diamond-blitz-20\/#primaryimage\"},\"thumbnailUrl\":\"https:\/\/bolting.eu\/wp-content\/uploads\/2024\/01\/Black-Diamond-Blitz-20-1.jpg\",\"datePublished\":\"2024-01-25T13:56:34+00:00\",\"dateModified\":\"2026-03-18T09:23:19+00:00\",\"description\":\"Black Diamond Blitz 20 Rucksack beim Kletterprofi aus Innsbruck kaufen \u2705 kostenloser Versand* \u2705 14 Tage R\u00fcckgaberecht \u2705 Co2 neutraler Versand\",\"breadcrumb\":{\"@id\":\"https:\/\/bolting.eu\/en\/shop\/black-diamond-blitz-20\/#breadcrumb\"},\"inLanguage\":\"en-US\",\"potentialAction\":[{\"@type\":\"ReadAction\",\"target\":[\"https:\/\/bolting.eu\/en\/shop\/black-diamond-blitz-20\/\"]}]},{\"@type\":\"ImageObject\",\"inLanguage\":\"en-US\",\"@id\":\"https:\/\/bolting.eu\/en\/shop\/black-diamond-blitz-20\/#primaryimage\",\"url\":\"https:\/\/bolting.eu\/wp-content\/uploads\/2024\/01\/Black-Diamond-Blitz-20-1.jpg\",\"contentUrl\":\"https:\/\/bolting.eu\/wp-content\/uploads\/2024\/01\/Black-Diamond-Blitz-20-1.jpg\",\"width\":700,\"height\":700,\"caption\":\"Vorderseite des weiss-grauen Blitz 20 Rucksacks von Black Diamond mit schwarzen Schulterriemen.\"},{\"@type\":\"BreadcrumbList\",\"@id\":\"https:\/\/bolting.eu\/en\/shop\/black-diamond-blitz-20\/#breadcrumb\",\"itemListElement\":[{\"@type\":\"ListItem\",\"position\":1,\"name\":\"Shop\",\"item\":\"https:\/\/bolting.eu\/en\/shop\/\"},{\"@type\":\"ListItem\",\"position\":2,\"name\":\"climbing equipment\",\"item\":\"https:\/\/bolting.eu\/en\/produkt-kategorie\/climbing-equipment\/\"},{\"@type\":\"ListItem\",\"position\":3,\"name\":\"Kletterrucksack\",\"item\":\"https:\/\/bolting.eu\/produkt-kategorie\/kletterausruestung\/kletterrucksack\/\"},{\"@type\":\"ListItem\",\"position\":4,\"name\":\"Black Diamond Blitz 20\"}]},{\"@type\":\"WebSite\",\"@id\":\"https:\/\/bolting.eu\/en\/#website\",\"url\":\"https:\/\/bolting.eu\/en\/\",\"name\":\"bolting.eu\",\"description\":\"we make climbs happen\",\"publisher\":{\"@id\":\"https:\/\/bolting.eu\/en\/#organization\"},\"potentialAction\":[{\"@type\":\"SearchAction\",\"target\":{\"@type\":\"EntryPoint\",\"urlTemplate\":\"https:\/\/bolting.eu\/en\/?s={search_term_string}\"},\"query-input\":{\"@type\":\"PropertyValueSpecification\",\"valueRequired\":true,\"valueName\":\"search_term_string\"}}],\"inLanguage\":\"en-US\"},{\"@type\":[\"Organization\",\"Place\",\"SportingGoodsStore\"],\"@id\":\"https:\/\/bolting.eu\/en\/#organization\",\"name\":\"bolting.eu\",\"url\":\"https:\/\/bolting.eu\/en\/\",\"logo\":{\"@id\":\"https:\/\/bolting.eu\/en\/shop\/black-diamond-blitz-20\/#local-main-organization-logo\"},\"image\":{\"@id\":\"https:\/\/bolting.eu\/en\/shop\/black-diamond-blitz-20\/#local-main-organization-logo\"},\"sameAs\":[\"https:\/\/www.facebook.com\/bolting.eu\",\"https:\/\/www.instagram.com\/bolting.eu\/\"],\"address\":{\"@id\":\"https:\/\/bolting.eu\/en\/shop\/black-diamond-blitz-20\/#local-main-place-address\"},\"geo\":{\"@type\":\"GeoCoordinates\",\"latitude\":\"47.264176340396226\",\"longitude\":\"11.380109057672346\"},\"telephone\":[\"+43 699 19083372\"],\"openingHoursSpecification\":[{\"@type\":\"OpeningHoursSpecification\",\"dayOfWeek\":[\"Monday\",\"Wednesday\",\"Friday\"],\"opens\":\"14:00\",\"closes\":\"18:00\"},{\"@type\":\"OpeningHoursSpecification\",\"dayOfWeek\":[\"Tuesday\",\"Thursday\",\"Saturday\",\"Sunday\"],\"opens\":\"00:00\",\"closes\":\"00:00\"}],\"email\":\"office@bolting.eu\",\"vatID\":\"ATU59999728\",\"priceRange\":\"$$\",\"currenciesAccepted\":\"Euro\"},{\"@type\":\"PostalAddress\",\"@id\":\"https:\/\/bolting.eu\/en\/shop\/black-diamond-blitz-20\/#local-main-place-address\",\"streetAddress\":\"Fischnalerstra\u00dfe 4\",\"addressLocality\":\"Innsbruck\",\"postalCode\":\"6020\",\"addressRegion\":\"Tirol\",\"addressCountry\":\"AT\"},{\"@type\":\"ImageObject\",\"inLanguage\":\"en-US\",\"@id\":\"https:\/\/bolting.eu\/en\/shop\/black-diamond-blitz-20\/#local-main-organization-logo\",\"url\":\"https:\/\/bolting.eu\/wp-content\/uploads\/2019\/09\/bolting-logo.png\",\"contentUrl\":\"https:\/\/bolting.eu\/wp-content\/uploads\/2019\/09\/bolting-logo.png\",\"width\":400,\"height\":211,\"caption\":\"bolting.eu\"}]}<\/script>\n<meta property=\"product:price:amount\" content=\"85.00\" \/>\n<meta property=\"product:price:currency\" content=\"EUR\" \/>\n<meta property=\"og:availability\" content=\"out of stock\" \/>\n<meta property=\"product:availability\" content=\"out of stock\" \/>\n<meta property=\"product:retailer_item_id\" content=\"BD6812461000\" \/>\n<meta property=\"product:condition\" content=\"new\" \/>\n<meta name=\"geo.placename\" content=\"Innsbruck\" \/>\n<meta name=\"geo.position\" content=\"47.264176340396226;11.380109057672346\" \/>\n<meta name=\"geo.region\" content=\"Austria\" \/>\n<!-- \/ Yoast SEO Premium plugin. -->","yoast_head_json":{"title":"Black Diamond Blitz 20 Kletterrucksack g\u00fcnstig online kaufen | bolting.eu","description":"Black Diamond Blitz 20 Rucksack beim Kletterprofi aus Innsbruck kaufen \u2705 kostenloser Versand* \u2705 14 Tage R\u00fcckgaberecht \u2705 Co2 neutraler Versand","robots":{"index":"index","follow":"follow","max-snippet":"max-snippet:-1","max-image-preview":"max-image-preview:large","max-video-preview":"max-video-preview:-1"},"canonical":"https:\/\/bolting.eu\/en\/shop\/black-diamond-blitz-20\/","og_locale":"en_US","og_type":"article","og_title":"Black Diamond Blitz 20","og_description":"Black Diamond Blitz 20 Rucksack beim Kletterprofi aus Innsbruck kaufen \u2705 kostenloser Versand* \u2705 14 Tage R\u00fcckgaberecht \u2705 Co2 neutraler Versand","og_url":"https:\/\/bolting.eu\/en\/shop\/black-diamond-blitz-20\/","og_site_name":"bolting.eu","article_publisher":"https:\/\/www.facebook.com\/bolting.eu","article_modified_time":"2026-03-18T09:23:19+00:00","og_image":[{"width":700,"height":700,"url":"https:\/\/bolting.eu\/wp-content\/uploads\/2024\/01\/Black-Diamond-Blitz-20-1.jpg","type":"image\/jpeg"}],"twitter_card":"summary_large_image","twitter_misc":{"Price":"&euro;&nbsp;85,00","Availability":"Out of stock"},"schema":{"@context":"https:\/\/schema.org","@graph":[{"@type":["WebPage","ItemPage"],"@id":"https:\/\/bolting.eu\/en\/shop\/black-diamond-blitz-20\/","url":"https:\/\/bolting.eu\/en\/shop\/black-diamond-blitz-20\/","name":"Black Diamond Blitz 20 Kletterrucksack g\u00fcnstig online kaufen | bolting.eu","isPartOf":{"@id":"https:\/\/bolting.eu\/en\/#website"},"primaryImageOfPage":{"@id":"https:\/\/bolting.eu\/en\/shop\/black-diamond-blitz-20\/#primaryimage"},"image":{"@id":"https:\/\/bolting.eu\/en\/shop\/black-diamond-blitz-20\/#primaryimage"},"thumbnailUrl":"https:\/\/bolting.eu\/wp-content\/uploads\/2024\/01\/Black-Diamond-Blitz-20-1.jpg","datePublished":"2024-01-25T13:56:34+00:00","dateModified":"2026-03-18T09:23:19+00:00","description":"Black Diamond Blitz 20 Rucksack beim Kletterprofi aus Innsbruck kaufen \u2705 kostenloser Versand* \u2705 14 Tage R\u00fcckgaberecht \u2705 Co2 neutraler Versand","breadcrumb":{"@id":"https:\/\/bolting.eu\/en\/shop\/black-diamond-blitz-20\/#breadcrumb"},"inLanguage":"en-US","potentialAction":[{"@type":"ReadAction","target":["https:\/\/bolting.eu\/en\/shop\/black-diamond-blitz-20\/"]}]},{"@type":"ImageObject","inLanguage":"en-US","@id":"https:\/\/bolting.eu\/en\/shop\/black-diamond-blitz-20\/#primaryimage","url":"https:\/\/bolting.eu\/wp-content\/uploads\/2024\/01\/Black-Diamond-Blitz-20-1.jpg","contentUrl":"https:\/\/bolting.eu\/wp-content\/uploads\/2024\/01\/Black-Diamond-Blitz-20-1.jpg","width":700,"height":700,"caption":"Vorderseite des weiss-grauen Blitz 20 Rucksacks von Black Diamond mit schwarzen Schulterriemen."},{"@type":"BreadcrumbList","@id":"https:\/\/bolting.eu\/en\/shop\/black-diamond-blitz-20\/#breadcrumb","itemListElement":[{"@type":"ListItem","position":1,"name":"Shop","item":"https:\/\/bolting.eu\/en\/shop\/"},{"@type":"ListItem","position":2,"name":"climbing equipment","item":"https:\/\/bolting.eu\/en\/produkt-kategorie\/climbing-equipment\/"},{"@type":"ListItem","position":3,"name":"Kletterrucksack","item":"https:\/\/bolting.eu\/produkt-kategorie\/kletterausruestung\/kletterrucksack\/"},{"@type":"ListItem","position":4,"name":"Black Diamond Blitz 20"}]},{"@type":"WebSite","@id":"https:\/\/bolting.eu\/en\/#website","url":"https:\/\/bolting.eu\/en\/","name":"bolting.eu","description":"we make climbs happen","publisher":{"@id":"https:\/\/bolting.eu\/en\/#organization"},"potentialAction":[{"@type":"SearchAction","target":{"@type":"EntryPoint","urlTemplate":"https:\/\/bolting.eu\/en\/?s={search_term_string}"},"query-input":{"@type":"PropertyValueSpecification","valueRequired":true,"valueName":"search_term_string"}}],"inLanguage":"en-US"},{"@type":["Organization","Place","SportingGoodsStore"],"@id":"https:\/\/bolting.eu\/en\/#organization","name":"bolting.eu","url":"https:\/\/bolting.eu\/en\/","logo":{"@id":"https:\/\/bolting.eu\/en\/shop\/black-diamond-blitz-20\/#local-main-organization-logo"},"image":{"@id":"https:\/\/bolting.eu\/en\/shop\/black-diamond-blitz-20\/#local-main-organization-logo"},"sameAs":["https:\/\/www.facebook.com\/bolting.eu","https:\/\/www.instagram.com\/bolting.eu\/"],"address":{"@id":"https:\/\/bolting.eu\/en\/shop\/black-diamond-blitz-20\/#local-main-place-address"},"geo":{"@type":"GeoCoordinates","latitude":"47.264176340396226","longitude":"11.380109057672346"},"telephone":["+43 699 19083372"],"openingHoursSpecification":[{"@type":"OpeningHoursSpecification","dayOfWeek":["Monday","Wednesday","Friday"],"opens":"14:00","closes":"18:00"},{"@type":"OpeningHoursSpecification","dayOfWeek":["Tuesday","Thursday","Saturday","Sunday"],"opens":"00:00","closes":"00:00"}],"email":"office@bolting.eu","vatID":"ATU59999728","priceRange":"$$","currenciesAccepted":"Euro"},{"@type":"PostalAddress","@id":"https:\/\/bolting.eu\/en\/shop\/black-diamond-blitz-20\/#local-main-place-address","streetAddress":"Fischnalerstra\u00dfe 4","addressLocality":"Innsbruck","postalCode":"6020","addressRegion":"Tirol","addressCountry":"AT"},{"@type":"ImageObject","inLanguage":"en-US","@id":"https:\/\/bolting.eu\/en\/shop\/black-diamond-blitz-20\/#local-main-organization-logo","url":"https:\/\/bolting.eu\/wp-content\/uploads\/2019\/09\/bolting-logo.png","contentUrl":"https:\/\/bolting.eu\/wp-content\/uploads\/2019\/09\/bolting-logo.png","width":400,"height":211,"caption":"bolting.eu"}]},"product_price_amount":"85.00","product_price_currency":"EUR","og_availability":"out of stock","product_availability":"out of stock","product_retailer_item_id":"BD6812461000","product_condition":"new","geo.placename":"Innsbruck","geo.position":{"lat":"47.264176340396226","long":"11.380109057672346"},"geo.region":"Austria"},"_links":{"self":[{"href":"https:\/\/bolting.eu\/en\/wp-json\/wp\/v2\/product\/18486","targetHints":{"allow":["GET"]}}],"collection":[{"href":"https:\/\/bolting.eu\/en\/wp-json\/wp\/v2\/product"}],"about":[{"href":"https:\/\/bolting.eu\/en\/wp-json\/wp\/v2\/types\/product"}],"replies":[{"embeddable":true,"href":"https:\/\/bolting.eu\/en\/wp-json\/wp\/v2\/comments?post=18486"}],"wp:featuredmedia":[{"embeddable":true,"href":"https:\/\/bolting.eu\/en\/wp-json\/wp\/v2\/media\/18491"}],"wp:attachment":[{"href":"https:\/\/bolting.eu\/en\/wp-json\/wp\/v2\/media?parent=18486"}],"wp:term":[{"taxonomy":"product_brand","embeddable":true,"href":"https:\/\/bolting.eu\/en\/wp-json\/wp\/v2\/product_brand?post=18486"},{"taxonomy":"product_cat","embeddable":true,"href":"https:\/\/bolting.eu\/en\/wp-json\/wp\/v2\/product_cat?post=18486"},{"taxonomy":"product_tag","embeddable":true,"href":"https:\/\/bolting.eu\/en\/wp-json\/wp\/v2\/product_tag?post=18486"}],"curies":[{"name":"wp","href":"https:\/\/api.w.org\/{rel}","templated":true}]}}