{"id":18461,"date":"2024-01-25T10:50:06","date_gmt":"2024-01-25T09:50:06","guid":{"rendered":"https:\/\/bolting.eu\/?post_type=product&#038;p=18461"},"modified":"2025-03-07T15:58:49","modified_gmt":"2025-03-07T14:58:49","slug":"camp-tricam-dyneema-set","status":"publish","type":"product","link":"https:\/\/bolting.eu\/en\/shop\/camp-tricam-dyneema-set\/","title":{"rendered":"Camp Tricam Dyneema Set"},"content":{"rendered":"<p>Das Tricam Dyneema Set von Camp ist die hochwertige Weiterentwicklung des klassischen <a href=\"https:\/\/bolting.eu\/shop\/camp-tricam-set\/\">6er Sets<\/a>.<\/p>\n<p>Der Hauptunterschied ist &#8211; nomen est omen &#8211; die Dyneema <a href=\"https:\/\/bolting.eu\/produkt-kategorie\/kletterausruestung\/bandschlinge\/\">Bandschlinge<\/a>. Denn diese hat gegen\u00fcber dem Polyamid Band der klassischen Version zwei gro\u00dfe Vorteile.<\/p>\n<p>Erstens beh\u00e4lt Dyneema bei N\u00e4sse die volle Bruchlast. Das kann bei harten St\u00fcrzen entscheidend sein. Und zweitens friert Dyneema nicht. Somit ist diese Variante oft die Wahl von Alpinisten.<\/p>\n<h2>Eigenschaften Tricam Dyneema Set<\/h2>\n<ul>\n<li>Hersteller: <a href=\"https:\/\/bolting.eu\/produkt-kategorie\/camp-cassin\/\">Camp<\/a><\/li>\n<li>Material: Alu, Polyamid<\/li>\n<li>Gewicht: 168 Gramm<\/li>\n<li>Set aus 4 Gr\u00f6\u00dfen: 0.5, 1.0, 1.5, 2.0<\/li>\n<li>mit 22cm langer Dyneema Bandschlinge bzw. 11 &#8211; 15mm Breite<\/li>\n<li>funktionieren nach dem \u201epassiven\u201c Klemm Prinzip<\/li>\n<li>entwickeln auch &#8220;aktive&#8221; Klemmkraft wenn richtig gelegt<\/li>\n<li>Gr\u00f6\u00dfen farblich markiert<\/li>\n<li>auch erh\u00e4ltlich mit Polyamid Schlinge im 6er Set und als Evo Variante (kann quer in Riss gelegt werden!)<\/li>\n<li>ideal als zus\u00e4tzliche Placements neben Friends<\/li>\n<li>k\u00f6nnen auch in nasse und vereiste Risse gelegt werden<\/li>\n<li><a href=\"https:\/\/de.wikipedia.org\/wiki\/Tricam\" target=\"_blank\" rel=\"noopener\">Wikipedia Beitrag<\/a><\/li>\n<\/ul>\n<h3>Gr\u00f6\u00dfentabelle<\/h3>\n<p>Im Folgenden k\u00f6nnt ihr alle Ma\u00dfe f\u00fcr dieses Produkt aus der Tabelle entnehmen. Die Dyneema Modelle sind ganz unten angef\u00fchrt.<\/p>\n<p>&nbsp;<\/p>\n<p><a href=\"https:\/\/bolting.eu\/wp-content\/uploads\/2024\/01\/Camp-Tricam-Groessentabelle-1.jpg\"><img loading=\"lazy\" decoding=\"async\" class=\"alignnone wp-image-18451\" src=\"https:\/\/bolting.eu\/wp-content\/uploads\/2024\/01\/Camp-Tricam-Groessentabelle-1.jpg\" alt=\"Tabelle mit allen Gr\u00f6\u00dfen und Produktdaten der Camp Tricams.\" width=\"800\" height=\"509\" srcset=\"https:\/\/bolting.eu\/wp-content\/uploads\/2024\/01\/Camp-Tricam-Groessentabelle-1.jpg 1024w, https:\/\/bolting.eu\/wp-content\/uploads\/2024\/01\/Camp-Tricam-Groessentabelle-1-628x400.jpg 628w, https:\/\/bolting.eu\/wp-content\/uploads\/2024\/01\/Camp-Tricam-Groessentabelle-1-768x489.jpg 768w, https:\/\/bolting.eu\/wp-content\/uploads\/2024\/01\/Camp-Tricam-Groessentabelle-1-510x325.jpg 510w, https:\/\/bolting.eu\/wp-content\/uploads\/2024\/01\/Camp-Tricam-Groessentabelle-1-100x64.jpg 100w\" sizes=\"auto, (max-width: 800px) 100vw, 800px\" \/><\/a><\/p>\n<h3>Bestandteile<\/h3>\n<p>Im Folgenden zeigen wir euch die wenigen Bestandteile. Das ist wichtig, um sp\u00e4ter die Funktionsweise der &#8220;aktiven&#8221; Klemmkraft erkl\u00e4ren zu k\u00f6nnen.<\/p>\n<p>Beachtet folglich die &#8220;Achse&#8221; der Tricams Dyneema. Sie ist entscheidend daf\u00fcr, wie der Klemmkeil sp\u00e4ter wirkt.<\/p>\n<p><a href=\"https:\/\/bolting.eu\/wp-content\/uploads\/2024\/01\/Bestandteile-Tricam-Dyneema.jpg\"><img loading=\"lazy\" decoding=\"async\" class=\"alignnone wp-image-18462 size-medium\" src=\"https:\/\/bolting.eu\/wp-content\/uploads\/2024\/01\/Bestandteile-Tricam-Dyneema-800x400.jpg\" alt=\"Grafik mit Bestandteilen des Camp Tricam Dyneema Klemmkeils mit Beschriftung der Komponenten.\" width=\"800\" height=\"400\" srcset=\"https:\/\/bolting.eu\/wp-content\/uploads\/2024\/01\/Bestandteile-Tricam-Dyneema-800x400.jpg 800w, https:\/\/bolting.eu\/wp-content\/uploads\/2024\/01\/Bestandteile-Tricam-Dyneema-768x384.jpg 768w, https:\/\/bolting.eu\/wp-content\/uploads\/2024\/01\/Bestandteile-Tricam-Dyneema-510x255.jpg 510w, https:\/\/bolting.eu\/wp-content\/uploads\/2024\/01\/Bestandteile-Tricam-Dyneema-100x50.jpg 100w, https:\/\/bolting.eu\/wp-content\/uploads\/2024\/01\/Bestandteile-Tricam-Dyneema.jpg 1200w\" sizes=\"auto, (max-width: 800px) 100vw, 800px\" \/><\/a><\/p>\n<h3>So k\u00f6nnen die Klemmkeile gelegt werden<\/h3>\n<p>Im Grunde bestehen zwei M\u00f6glichkeiten die Tricams Dyneema zu legen.<\/p>\n<p>Erstens wie klassische Klemmkeile in vertikalen Rissen. Dabei liegt die Achse &#8220;unten&#8221;. Folglich klemmt der Keil dann &#8220;passiv.&#8221;<\/p>\n<p>Zweitens k\u00f6nnen diese speziellen Keile aber auch &#8220;aktiv&#8221; klemmen. Das macht in parallelen Rissen bzw. horizontalen Rissen Sinn. Dabei ist die Achse &#8220;oberhalb&#8221; bzw. am hinteren Rissende.<\/p>\n<p>Dann zeichnet diese Camp Produkte eben Folgendes aus. Sie haben die F\u00e4higkeit auch in nassen und sogar vereisten Rissen &#8220;aktiv&#8221; zu klemmen.<\/p>\n<figure id=\"attachment_18463\" aria-describedby=\"caption-attachment-18463\" style=\"width: 800px\" class=\"wp-caption alignnone\"><a href=\"https:\/\/bolting.eu\/wp-content\/uploads\/2024\/01\/Placements-Tricams-Dyneema-1.jpg\"><img loading=\"lazy\" decoding=\"async\" class=\"wp-image-18463 size-medium\" src=\"https:\/\/bolting.eu\/wp-content\/uploads\/2024\/01\/Placements-Tricams-Dyneema-1-800x400.jpg\" alt=\"Grafik mit vier M\u00f6glichkeiten einen Camp Tricam Dyneema zu legen.\" width=\"800\" height=\"400\" srcset=\"https:\/\/bolting.eu\/wp-content\/uploads\/2024\/01\/Placements-Tricams-Dyneema-1-800x400.jpg 800w, https:\/\/bolting.eu\/wp-content\/uploads\/2024\/01\/Placements-Tricams-Dyneema-1-768x384.jpg 768w, https:\/\/bolting.eu\/wp-content\/uploads\/2024\/01\/Placements-Tricams-Dyneema-1-510x255.jpg 510w, https:\/\/bolting.eu\/wp-content\/uploads\/2024\/01\/Placements-Tricams-Dyneema-1-100x50.jpg 100w, https:\/\/bolting.eu\/wp-content\/uploads\/2024\/01\/Placements-Tricams-Dyneema-1.jpg 1200w\" sizes=\"auto, (max-width: 800px) 100vw, 800px\" \/><\/a><figcaption id=\"caption-attachment-18463\" class=\"wp-caption-text\">So kann man die Keile legen.<\/figcaption><\/figure>\n<h3>Aktive Klemmkraft der Tricams Dyneema<\/h3>\n<p>Im Folgenden erkl\u00e4ren wir euch vereinfacht das Prinzip hinter dem &#8220;aktiven&#8221; klemmen.<\/p>\n<p>Ganz wichtig. Nur wenn man das Prinzip versteht, kann man diese Eigenschaft auch nutzen. Achtet also folglich immer auf die Lage der Achse!<\/p>\n<figure id=\"attachment_18464\" aria-describedby=\"caption-attachment-18464\" style=\"width: 800px\" class=\"wp-caption alignnone\"><a href=\"https:\/\/bolting.eu\/wp-content\/uploads\/2024\/01\/Klemmwirkung-Tricam-Dyneema.jpg\"><img loading=\"lazy\" decoding=\"async\" class=\"wp-image-18464 size-medium\" src=\"https:\/\/bolting.eu\/wp-content\/uploads\/2024\/01\/Klemmwirkung-Tricam-Dyneema-800x400.jpg\" alt=\"Grafik zur Erkl\u00e4rung der aktiven Klemmkraft von Camp Tricams Dyneema.\" width=\"800\" height=\"400\" srcset=\"https:\/\/bolting.eu\/wp-content\/uploads\/2024\/01\/Klemmwirkung-Tricam-Dyneema-800x400.jpg 800w, https:\/\/bolting.eu\/wp-content\/uploads\/2024\/01\/Klemmwirkung-Tricam-Dyneema-768x384.jpg 768w, https:\/\/bolting.eu\/wp-content\/uploads\/2024\/01\/Klemmwirkung-Tricam-Dyneema-510x255.jpg 510w, https:\/\/bolting.eu\/wp-content\/uploads\/2024\/01\/Klemmwirkung-Tricam-Dyneema-100x50.jpg 100w, https:\/\/bolting.eu\/wp-content\/uploads\/2024\/01\/Klemmwirkung-Tricam-Dyneema.jpg 1200w\" sizes=\"auto, (max-width: 800px) 100vw, 800px\" \/><\/a><figcaption id=\"caption-attachment-18464\" class=\"wp-caption-text\">Das Prinzip der &#8220;aktiven&#8221; Klemmkraft ist der Hauptunterschied zu klassischen Klemmkeilen!<\/figcaption><\/figure>\n","protected":false},"excerpt":{"rendered":"<p>Set mit vier spezielle Klemmkeilen in Gr\u00f6\u00dfen 0.5, 1.0. 1.5 und 2.0. Entwickeln &#8220;passive&#8221; aber auch &#8220;aktive&#8221; Klemmwirkung.<\/p>\n<p>Ideal als Erg\u00e4nzung zu Friends, wenn Risse nass oder vereist sind. Mit hochwertigen Dyneema Schlingen.<\/p>\n<p>Versandkostenfrei bis 2kg in <img decoding=\"async\" class=\"emoji\" role=\"img\" draggable=\"false\" src=\"https:\/\/s.w.org\/images\/core\/emoji\/14.0.0\/svg\/1f1e6-1f1f9.svg\" alt=\"\ud83c\udde6\ud83c\uddf9\" \/> ab \u20ac 100,- und <img decoding=\"async\" class=\"emoji\" role=\"img\" draggable=\"false\" src=\"https:\/\/s.w.org\/images\/core\/emoji\/14.0.0\/svg\/1f1e9-1f1ea.svg\" alt=\"\ud83c\udde9\ud83c\uddea\" \/> ab \u20ac 200,-!<\/p>\n","protected":false},"featured_media":18465,"comment_status":"closed","ping_status":"closed","template":"","meta":[],"product_brand":[],"product_cat":[3712,4653],"product_tag":[],"class_list":{"0":"post-18461","1":"product","2":"type-product","3":"status-publish","4":"has-post-thumbnail","6":"product_cat-klemmkeile","7":"product_cat-camp-cassin","9":"first","10":"instock","11":"sale","12":"taxable","13":"shipping-taxable","14":"purchasable","15":"product-type-simple"},"yoast_head":"<!-- This site is optimized with the Yoast SEO Premium plugin v26.9 (Yoast SEO v26.9) - https:\/\/yoast.com\/product\/yoast-seo-premium-wordpress\/ -->\n<title>Camp Tricam Dyneema Set - Klemmkeile mit 4 Gr\u00f6\u00dfen | bolting.eu<\/title>\n<meta name=\"description\" content=\"Camp TRICAM DYNEEMA beim Kletter Hardware Profi aus Innsbruck kaufen \u2705 kostenloser Versand* \u2705 14 Tage R\u00fcckgaberecht \u2705 Co2 neutraler Versand\" \/>\n<meta name=\"robots\" content=\"index, follow, max-snippet:-1, max-image-preview:large, max-video-preview:-1\" \/>\n<link rel=\"canonical\" href=\"https:\/\/bolting.eu\/en\/shop\/camp-tricam-dyneema-set\/\" \/>\n<meta property=\"og:locale\" content=\"en_US\" \/>\n<meta property=\"og:type\" content=\"article\" \/>\n<meta property=\"og:title\" content=\"Camp Tricam Dyneema Set\" \/>\n<meta property=\"og:description\" content=\"Camp TRICAM DYNEEMA beim Kletter Hardware Profi aus Innsbruck kaufen \u2705 kostenloser Versand* \u2705 14 Tage R\u00fcckgaberecht \u2705 Co2 neutraler Versand\" \/>\n<meta property=\"og:url\" content=\"https:\/\/bolting.eu\/en\/shop\/camp-tricam-dyneema-set\/\" \/>\n<meta property=\"og:site_name\" content=\"bolting.eu\" \/>\n<meta property=\"article:publisher\" content=\"https:\/\/www.facebook.com\/bolting.eu\" \/>\n<meta property=\"article:modified_time\" content=\"2025-03-07T14:58:49+00:00\" \/>\n<meta property=\"og:image\" content=\"https:\/\/bolting.eu\/wp-content\/uploads\/2024\/01\/Camp-Tricam-Dyneema-1.jpg\" \/>\n\t<meta property=\"og:image:width\" content=\"700\" \/>\n\t<meta property=\"og:image:height\" content=\"700\" \/>\n\t<meta property=\"og:image:type\" content=\"image\/jpeg\" \/>\n<meta name=\"twitter:card\" content=\"summary_large_image\" \/>\n<meta name=\"twitter:label1\" content=\"Price\" \/>\n\t<meta name=\"twitter:data1\" content=\"&euro;&nbsp;99,75\" \/>\n\t<meta name=\"twitter:label2\" content=\"Availability\" \/>\n\t<meta name=\"twitter:data2\" content=\"In stock\" \/>\n<script type=\"application\/ld+json\" class=\"yoast-schema-graph\">{\"@context\":\"https:\/\/schema.org\",\"@graph\":[{\"@type\":[\"WebPage\",\"ItemPage\"],\"@id\":\"https:\/\/bolting.eu\/en\/shop\/camp-tricam-dyneema-set\/\",\"url\":\"https:\/\/bolting.eu\/en\/shop\/camp-tricam-dyneema-set\/\",\"name\":\"Camp Tricam Dyneema Set - Klemmkeile mit 4 Gr\u00f6\u00dfen | bolting.eu\",\"isPartOf\":{\"@id\":\"https:\/\/bolting.eu\/en\/#website\"},\"primaryImageOfPage\":{\"@id\":\"https:\/\/bolting.eu\/en\/shop\/camp-tricam-dyneema-set\/#primaryimage\"},\"image\":{\"@id\":\"https:\/\/bolting.eu\/en\/shop\/camp-tricam-dyneema-set\/#primaryimage\"},\"thumbnailUrl\":\"https:\/\/bolting.eu\/wp-content\/uploads\/2024\/01\/Camp-Tricam-Dyneema-1.jpg\",\"datePublished\":\"2024-01-25T09:50:06+00:00\",\"dateModified\":\"2025-03-07T14:58:49+00:00\",\"description\":\"Camp TRICAM DYNEEMA beim Kletter Hardware Profi aus Innsbruck kaufen \u2705 kostenloser Versand* \u2705 14 Tage R\u00fcckgaberecht \u2705 Co2 neutraler Versand\",\"breadcrumb\":{\"@id\":\"https:\/\/bolting.eu\/en\/shop\/camp-tricam-dyneema-set\/#breadcrumb\"},\"inLanguage\":\"en-US\",\"potentialAction\":[{\"@type\":\"ReadAction\",\"target\":[\"https:\/\/bolting.eu\/en\/shop\/camp-tricam-dyneema-set\/\"]}]},{\"@type\":\"ImageObject\",\"inLanguage\":\"en-US\",\"@id\":\"https:\/\/bolting.eu\/en\/shop\/camp-tricam-dyneema-set\/#primaryimage\",\"url\":\"https:\/\/bolting.eu\/wp-content\/uploads\/2024\/01\/Camp-Tricam-Dyneema-1.jpg\",\"contentUrl\":\"https:\/\/bolting.eu\/wp-content\/uploads\/2024\/01\/Camp-Tricam-Dyneema-1.jpg\",\"width\":700,\"height\":700},{\"@type\":\"BreadcrumbList\",\"@id\":\"https:\/\/bolting.eu\/en\/shop\/camp-tricam-dyneema-set\/#breadcrumb\",\"itemListElement\":[{\"@type\":\"ListItem\",\"position\":1,\"name\":\"Shop\",\"item\":\"https:\/\/bolting.eu\/en\/shop\/\"},{\"@type\":\"ListItem\",\"position\":2,\"name\":\"Klemmkeile\",\"item\":\"https:\/\/bolting.eu\/produkt-kategorie\/klemmkeile\/\"},{\"@type\":\"ListItem\",\"position\":3,\"name\":\"Camp Tricam Dyneema Set\"}]},{\"@type\":\"WebSite\",\"@id\":\"https:\/\/bolting.eu\/en\/#website\",\"url\":\"https:\/\/bolting.eu\/en\/\",\"name\":\"bolting.eu\",\"description\":\"we make climbs happen\",\"publisher\":{\"@id\":\"https:\/\/bolting.eu\/en\/#organization\"},\"potentialAction\":[{\"@type\":\"SearchAction\",\"target\":{\"@type\":\"EntryPoint\",\"urlTemplate\":\"https:\/\/bolting.eu\/en\/?s={search_term_string}\"},\"query-input\":{\"@type\":\"PropertyValueSpecification\",\"valueRequired\":true,\"valueName\":\"search_term_string\"}}],\"inLanguage\":\"en-US\"},{\"@type\":[\"Organization\",\"Place\",\"SportingGoodsStore\"],\"@id\":\"https:\/\/bolting.eu\/en\/#organization\",\"name\":\"bolting.eu\",\"url\":\"https:\/\/bolting.eu\/en\/\",\"logo\":{\"@id\":\"https:\/\/bolting.eu\/en\/shop\/camp-tricam-dyneema-set\/#local-main-organization-logo\"},\"image\":{\"@id\":\"https:\/\/bolting.eu\/en\/shop\/camp-tricam-dyneema-set\/#local-main-organization-logo\"},\"sameAs\":[\"https:\/\/www.facebook.com\/bolting.eu\",\"https:\/\/www.instagram.com\/bolting.eu\/\"],\"address\":{\"@id\":\"https:\/\/bolting.eu\/en\/shop\/camp-tricam-dyneema-set\/#local-main-place-address\"},\"geo\":{\"@type\":\"GeoCoordinates\",\"latitude\":\"47.264176340396226\",\"longitude\":\"11.380109057672346\"},\"telephone\":[\"+43 699 19083372\"],\"openingHoursSpecification\":[{\"@type\":\"OpeningHoursSpecification\",\"dayOfWeek\":[\"Monday\",\"Wednesday\",\"Friday\"],\"opens\":\"14:00\",\"closes\":\"18:00\"},{\"@type\":\"OpeningHoursSpecification\",\"dayOfWeek\":[\"Tuesday\",\"Thursday\",\"Saturday\",\"Sunday\"],\"opens\":\"00:00\",\"closes\":\"00:00\"}],\"email\":\"office@bolting.eu\",\"vatID\":\"ATU59999728\",\"priceRange\":\"$$\",\"currenciesAccepted\":\"Euro\"},{\"@type\":\"PostalAddress\",\"@id\":\"https:\/\/bolting.eu\/en\/shop\/camp-tricam-dyneema-set\/#local-main-place-address\",\"streetAddress\":\"Fischnalerstra\u00dfe 4\",\"addressLocality\":\"Innsbruck\",\"postalCode\":\"6020\",\"addressRegion\":\"Tirol\",\"addressCountry\":\"AT\"},{\"@type\":\"ImageObject\",\"inLanguage\":\"en-US\",\"@id\":\"https:\/\/bolting.eu\/en\/shop\/camp-tricam-dyneema-set\/#local-main-organization-logo\",\"url\":\"https:\/\/bolting.eu\/wp-content\/uploads\/2019\/09\/bolting-logo.png\",\"contentUrl\":\"https:\/\/bolting.eu\/wp-content\/uploads\/2019\/09\/bolting-logo.png\",\"width\":400,\"height\":211,\"caption\":\"bolting.eu\"}]}<\/script>\n<meta property=\"product:price:amount\" content=\"99.75\" \/>\n<meta property=\"product:price:currency\" content=\"EUR\" \/>\n<meta property=\"og:availability\" content=\"instock\" \/>\n<meta property=\"product:availability\" content=\"instock\" \/>\n<meta property=\"product:retailer_item_id\" content=\"0975\" \/>\n<meta property=\"product:condition\" content=\"new\" \/>\n<meta name=\"geo.placename\" content=\"Innsbruck\" \/>\n<meta name=\"geo.position\" content=\"47.264176340396226;11.380109057672346\" \/>\n<meta name=\"geo.region\" content=\"Austria\" \/>\n<!-- \/ Yoast SEO Premium plugin. -->","yoast_head_json":{"title":"Camp Tricam Dyneema Set - Klemmkeile mit 4 Gr\u00f6\u00dfen | bolting.eu","description":"Camp TRICAM DYNEEMA beim Kletter Hardware Profi aus Innsbruck kaufen \u2705 kostenloser Versand* \u2705 14 Tage R\u00fcckgaberecht \u2705 Co2 neutraler Versand","robots":{"index":"index","follow":"follow","max-snippet":"max-snippet:-1","max-image-preview":"max-image-preview:large","max-video-preview":"max-video-preview:-1"},"canonical":"https:\/\/bolting.eu\/en\/shop\/camp-tricam-dyneema-set\/","og_locale":"en_US","og_type":"article","og_title":"Camp Tricam Dyneema Set","og_description":"Camp TRICAM DYNEEMA beim Kletter Hardware Profi aus Innsbruck kaufen \u2705 kostenloser Versand* \u2705 14 Tage R\u00fcckgaberecht \u2705 Co2 neutraler Versand","og_url":"https:\/\/bolting.eu\/en\/shop\/camp-tricam-dyneema-set\/","og_site_name":"bolting.eu","article_publisher":"https:\/\/www.facebook.com\/bolting.eu","article_modified_time":"2025-03-07T14:58:49+00:00","og_image":[{"width":700,"height":700,"url":"https:\/\/bolting.eu\/wp-content\/uploads\/2024\/01\/Camp-Tricam-Dyneema-1.jpg","type":"image\/jpeg"}],"twitter_card":"summary_large_image","twitter_misc":{"Price":"&euro;&nbsp;99,75","Availability":"In stock"},"schema":{"@context":"https:\/\/schema.org","@graph":[{"@type":["WebPage","ItemPage"],"@id":"https:\/\/bolting.eu\/en\/shop\/camp-tricam-dyneema-set\/","url":"https:\/\/bolting.eu\/en\/shop\/camp-tricam-dyneema-set\/","name":"Camp Tricam Dyneema Set - Klemmkeile mit 4 Gr\u00f6\u00dfen | bolting.eu","isPartOf":{"@id":"https:\/\/bolting.eu\/en\/#website"},"primaryImageOfPage":{"@id":"https:\/\/bolting.eu\/en\/shop\/camp-tricam-dyneema-set\/#primaryimage"},"image":{"@id":"https:\/\/bolting.eu\/en\/shop\/camp-tricam-dyneema-set\/#primaryimage"},"thumbnailUrl":"https:\/\/bolting.eu\/wp-content\/uploads\/2024\/01\/Camp-Tricam-Dyneema-1.jpg","datePublished":"2024-01-25T09:50:06+00:00","dateModified":"2025-03-07T14:58:49+00:00","description":"Camp TRICAM DYNEEMA beim Kletter Hardware Profi aus Innsbruck kaufen \u2705 kostenloser Versand* \u2705 14 Tage R\u00fcckgaberecht \u2705 Co2 neutraler Versand","breadcrumb":{"@id":"https:\/\/bolting.eu\/en\/shop\/camp-tricam-dyneema-set\/#breadcrumb"},"inLanguage":"en-US","potentialAction":[{"@type":"ReadAction","target":["https:\/\/bolting.eu\/en\/shop\/camp-tricam-dyneema-set\/"]}]},{"@type":"ImageObject","inLanguage":"en-US","@id":"https:\/\/bolting.eu\/en\/shop\/camp-tricam-dyneema-set\/#primaryimage","url":"https:\/\/bolting.eu\/wp-content\/uploads\/2024\/01\/Camp-Tricam-Dyneema-1.jpg","contentUrl":"https:\/\/bolting.eu\/wp-content\/uploads\/2024\/01\/Camp-Tricam-Dyneema-1.jpg","width":700,"height":700},{"@type":"BreadcrumbList","@id":"https:\/\/bolting.eu\/en\/shop\/camp-tricam-dyneema-set\/#breadcrumb","itemListElement":[{"@type":"ListItem","position":1,"name":"Shop","item":"https:\/\/bolting.eu\/en\/shop\/"},{"@type":"ListItem","position":2,"name":"Klemmkeile","item":"https:\/\/bolting.eu\/produkt-kategorie\/klemmkeile\/"},{"@type":"ListItem","position":3,"name":"Camp Tricam Dyneema Set"}]},{"@type":"WebSite","@id":"https:\/\/bolting.eu\/en\/#website","url":"https:\/\/bolting.eu\/en\/","name":"bolting.eu","description":"we make climbs happen","publisher":{"@id":"https:\/\/bolting.eu\/en\/#organization"},"potentialAction":[{"@type":"SearchAction","target":{"@type":"EntryPoint","urlTemplate":"https:\/\/bolting.eu\/en\/?s={search_term_string}"},"query-input":{"@type":"PropertyValueSpecification","valueRequired":true,"valueName":"search_term_string"}}],"inLanguage":"en-US"},{"@type":["Organization","Place","SportingGoodsStore"],"@id":"https:\/\/bolting.eu\/en\/#organization","name":"bolting.eu","url":"https:\/\/bolting.eu\/en\/","logo":{"@id":"https:\/\/bolting.eu\/en\/shop\/camp-tricam-dyneema-set\/#local-main-organization-logo"},"image":{"@id":"https:\/\/bolting.eu\/en\/shop\/camp-tricam-dyneema-set\/#local-main-organization-logo"},"sameAs":["https:\/\/www.facebook.com\/bolting.eu","https:\/\/www.instagram.com\/bolting.eu\/"],"address":{"@id":"https:\/\/bolting.eu\/en\/shop\/camp-tricam-dyneema-set\/#local-main-place-address"},"geo":{"@type":"GeoCoordinates","latitude":"47.264176340396226","longitude":"11.380109057672346"},"telephone":["+43 699 19083372"],"openingHoursSpecification":[{"@type":"OpeningHoursSpecification","dayOfWeek":["Monday","Wednesday","Friday"],"opens":"14:00","closes":"18:00"},{"@type":"OpeningHoursSpecification","dayOfWeek":["Tuesday","Thursday","Saturday","Sunday"],"opens":"00:00","closes":"00:00"}],"email":"office@bolting.eu","vatID":"ATU59999728","priceRange":"$$","currenciesAccepted":"Euro"},{"@type":"PostalAddress","@id":"https:\/\/bolting.eu\/en\/shop\/camp-tricam-dyneema-set\/#local-main-place-address","streetAddress":"Fischnalerstra\u00dfe 4","addressLocality":"Innsbruck","postalCode":"6020","addressRegion":"Tirol","addressCountry":"AT"},{"@type":"ImageObject","inLanguage":"en-US","@id":"https:\/\/bolting.eu\/en\/shop\/camp-tricam-dyneema-set\/#local-main-organization-logo","url":"https:\/\/bolting.eu\/wp-content\/uploads\/2019\/09\/bolting-logo.png","contentUrl":"https:\/\/bolting.eu\/wp-content\/uploads\/2019\/09\/bolting-logo.png","width":400,"height":211,"caption":"bolting.eu"}]},"product_price_amount":"99.75","product_price_currency":"EUR","og_availability":"instock","product_availability":"instock","product_retailer_item_id":"0975","product_condition":"new","geo.placename":"Innsbruck","geo.position":{"lat":"47.264176340396226","long":"11.380109057672346"},"geo.region":"Austria"},"_links":{"self":[{"href":"https:\/\/bolting.eu\/en\/wp-json\/wp\/v2\/product\/18461","targetHints":{"allow":["GET"]}}],"collection":[{"href":"https:\/\/bolting.eu\/en\/wp-json\/wp\/v2\/product"}],"about":[{"href":"https:\/\/bolting.eu\/en\/wp-json\/wp\/v2\/types\/product"}],"replies":[{"embeddable":true,"href":"https:\/\/bolting.eu\/en\/wp-json\/wp\/v2\/comments?post=18461"}],"wp:featuredmedia":[{"embeddable":true,"href":"https:\/\/bolting.eu\/en\/wp-json\/wp\/v2\/media\/18465"}],"wp:attachment":[{"href":"https:\/\/bolting.eu\/en\/wp-json\/wp\/v2\/media?parent=18461"}],"wp:term":[{"taxonomy":"product_brand","embeddable":true,"href":"https:\/\/bolting.eu\/en\/wp-json\/wp\/v2\/product_brand?post=18461"},{"taxonomy":"product_cat","embeddable":true,"href":"https:\/\/bolting.eu\/en\/wp-json\/wp\/v2\/product_cat?post=18461"},{"taxonomy":"product_tag","embeddable":true,"href":"https:\/\/bolting.eu\/en\/wp-json\/wp\/v2\/product_tag?post=18461"}],"curies":[{"name":"wp","href":"https:\/\/api.w.org\/{rel}","templated":true}]}}