{"id":18449,"date":"2024-01-25T09:38:40","date_gmt":"2024-01-25T08:38:40","guid":{"rendered":"https:\/\/bolting.eu\/?post_type=product&#038;p=18449"},"modified":"2025-03-19T16:35:43","modified_gmt":"2025-03-19T15:35:43","slug":"camp-tricam-set","status":"publish","type":"product","link":"https:\/\/bolting.eu\/en\/shop\/camp-tricam-set\/","title":{"rendered":"Camp Tricam Set"},"content":{"rendered":"<p>Das Camp Tricam Set ist ein Muss f\u00fcr alle Alpinisten und Dolomiten Liebhaber. Denn diese speziellen <a href=\"https:\/\/bolting.eu\/produkt-kategorie\/klemmkeile\/\">Klemmkeile<\/a> lassen sich dort besonders gut verwenden.<\/p>\n<p>Dank der <a href=\"https:\/\/bolting.eu\/produkt-kategorie\/kletterausruestung\/bandschlinge\/\">Bandschlinge<\/a> k\u00f6nnen sie zum einen in horizontale Risse gelegt werden. Und zum anderen lassen sich die Metallk\u00f6pfe oft gut in die typischen Dolomit L\u00f6cher legen.<\/p>\n<p>Alpinsten wiederum sch\u00e4tzen die Sicherheit bei vereisten oder nassen Bedingungen.<\/p>\n<p>Dieses Set hat sechs verschiedene Gr\u00f6\u00dfen. Damit hat man auch einige extra Placement M\u00f6glichkeit, wenn euch die Friends ausgehen.<\/p>\n<h2>Eigenschaften Tricam Set<\/h2>\n<ul>\n<li>Hersteller: <a href=\"https:\/\/bolting.eu\/produkt-kategorie\/camp-cassin\/\">Camp<\/a><\/li>\n<li>Material: Alu, Polyamid<\/li>\n<li>Gewicht: 209 Gramm<\/li>\n<li>Set aus 6 Gr\u00f6\u00dfen: 0.125, 0.25, 0.5, 1.0, 1.5, 2.0<\/li>\n<li>mit 23cm langer Polyamid Bandschlinge bzw. 11-15mm Breite<\/li>\n<li>funktionieren nach dem \u201epassiven\u201c Klemm Prinzip<\/li>\n<li>entwickeln auch &#8220;aktive&#8221; Klemmkraft wenn richtig gelegt<\/li>\n<li>Gr\u00f6\u00dfen farblich markiert<\/li>\n<li>auch erh\u00e4ltlich mit <a href=\"https:\/\/bolting.eu\/shop\/camp-tricam-dyneema-set\/\">Dyneema Schlinge im 4er Set<\/a> und als Evo Variante (kann quer in Riss gelegt werden!)<\/li>\n<li>ideal als zus\u00e4tzliche Placements neben Friends<\/li>\n<li>k\u00f6nnen auch in nasse und vereiste Risse gelegt werden<\/li>\n<li><a href=\"https:\/\/de.wikipedia.org\/wiki\/Tricam\" target=\"_blank\" rel=\"noopener\">Wikipedia Beitrag<\/a><\/li>\n<\/ul>\n<p><a href=\"https:\/\/bolting.eu\/wp-content\/uploads\/2024\/01\/Bestandteile-Tricam2.jpg\"><img loading=\"lazy\" decoding=\"async\" class=\"alignnone size-full wp-image-18455\" src=\"https:\/\/bolting.eu\/wp-content\/uploads\/2024\/01\/Bestandteile-Tricam2.jpg\" alt=\"Grafik mit Bestandteilen des Camp Tricam Klemmkeils mit Beschriftung der Komponenten.\" width=\"1200\" height=\"600\" srcset=\"https:\/\/bolting.eu\/wp-content\/uploads\/2024\/01\/Bestandteile-Tricam2.jpg 1200w, https:\/\/bolting.eu\/wp-content\/uploads\/2024\/01\/Bestandteile-Tricam2-800x400.jpg 800w, https:\/\/bolting.eu\/wp-content\/uploads\/2024\/01\/Bestandteile-Tricam2-768x384.jpg 768w, https:\/\/bolting.eu\/wp-content\/uploads\/2024\/01\/Bestandteile-Tricam2-510x255.jpg 510w, https:\/\/bolting.eu\/wp-content\/uploads\/2024\/01\/Bestandteile-Tricam2-100x50.jpg 100w\" sizes=\"auto, (max-width: 1200px) 100vw, 1200px\" \/><\/a><\/p>\n<h3>Erkl\u00e4rungsvideo<\/h3>\n<p>Im Folgenden Video erf\u00e4hrt ihr praktiche Details zum Legen bzw. der Funktionsweise.<\/p>\n<p><iframe loading=\"lazy\" title=\"Placing Tricams\" width=\"1020\" height=\"574\" src=\"https:\/\/www.youtube.com\/embed\/fy_tPDLPu2c?feature=oembed\" frameborder=\"0\" allow=\"accelerometer; autoplay; clipboard-write; encrypted-media; gyroscope; picture-in-picture; web-share\" referrerpolicy=\"strict-origin-when-cross-origin\" allowfullscreen><\/iframe><\/p>\n<p>&nbsp;<\/p>\n<h3>Gr\u00f6\u00dfentabelle<\/h3>\n<p>Im Folgenden findet ihr eine Gr\u00f6\u00dfentabelle f\u00fcr alle Camp Tricam Modelle. Hier findet ihr auch die Gr\u00f6\u00dfen dieses Sets &#8211; 0.125 bis 2.0<\/p>\n<p><a href=\"https:\/\/bolting.eu\/wp-content\/uploads\/2024\/01\/Camp-Tricam-Groessentabelle-1.jpg\"><img loading=\"lazy\" decoding=\"async\" class=\"alignnone wp-image-18451\" src=\"https:\/\/bolting.eu\/wp-content\/uploads\/2024\/01\/Camp-Tricam-Groessentabelle-1.jpg\" alt=\"Tabelle mit allen Gr\u00f6\u00dfen und Produktdaten der Camp Tricams.\" width=\"800\" height=\"509\" srcset=\"https:\/\/bolting.eu\/wp-content\/uploads\/2024\/01\/Camp-Tricam-Groessentabelle-1.jpg 1024w, https:\/\/bolting.eu\/wp-content\/uploads\/2024\/01\/Camp-Tricam-Groessentabelle-1-628x400.jpg 628w, https:\/\/bolting.eu\/wp-content\/uploads\/2024\/01\/Camp-Tricam-Groessentabelle-1-768x489.jpg 768w, https:\/\/bolting.eu\/wp-content\/uploads\/2024\/01\/Camp-Tricam-Groessentabelle-1-510x325.jpg 510w, https:\/\/bolting.eu\/wp-content\/uploads\/2024\/01\/Camp-Tricam-Groessentabelle-1-100x64.jpg 100w\" sizes=\"auto, (max-width: 800px) 100vw, 800px\" \/><\/a><\/p>\n<h3><\/h3>\n<h3>Wieso Tricams verwenden?<\/h3>\n<p>Diese Art von Klemmkeil ist einmal in Erg\u00e4nzung zu aktiv klemmenden <a href=\"https:\/\/bolting.eu\/produkt-kategorie\/kletterausruestung\/klemmgeraete-friends\/\">Friends<\/a> gedacht.<\/p>\n<p>Denn die Keile mit der markanten Kopf-Nase Form sind in diesen Situationen deutlich besser.<\/p>\n<p>Erstens wenn Risse vereist sind. Hier halten Friends n\u00e4mlich gar nicht. Zweitens in nassen Rissen. Auch hier sind klassische Klemmger\u00e4te fehleranf\u00e4llig.<br \/>\nDrittens &#8220;wandern&#8221; diese Modelle nicht in parallelen Rissen.<br \/>\nUnd viertens sind diese Keile in Summe sowohl deutlich g\u00fcnstiger als auch leichter.<\/p>\n<p>Zum anderen bieten die Tricams auch noch Vorteile gegen\u00fcber klassischen Klemmkeilen. Denn sie k\u00f6nnen mit der Achse nach oben bzw. an den hinteren Rissrand gelegt werden. Das sorgt bei Belastung f\u00fcr ein &#8220;aktives&#8221; Klemmen.<\/p>\n<p>Eine Eigenschaft, welche normale &#8220;Nuts&#8221; nicht besitzen!<\/p>\n<p><a href=\"https:\/\/bolting.eu\/wp-content\/uploads\/2024\/01\/Klemmwirkung-Tricam.jpg\"><img loading=\"lazy\" decoding=\"async\" class=\"alignnone size-full wp-image-18459\" src=\"https:\/\/bolting.eu\/wp-content\/uploads\/2024\/01\/Klemmwirkung-Tricam.jpg\" alt=\"Grafik zur Erkl\u00e4rung der aktiven Klemmkraft von Camp Tricams.\" width=\"1200\" height=\"600\" srcset=\"https:\/\/bolting.eu\/wp-content\/uploads\/2024\/01\/Klemmwirkung-Tricam.jpg 1200w, https:\/\/bolting.eu\/wp-content\/uploads\/2024\/01\/Klemmwirkung-Tricam-800x400.jpg 800w, https:\/\/bolting.eu\/wp-content\/uploads\/2024\/01\/Klemmwirkung-Tricam-768x384.jpg 768w, https:\/\/bolting.eu\/wp-content\/uploads\/2024\/01\/Klemmwirkung-Tricam-510x255.jpg 510w, https:\/\/bolting.eu\/wp-content\/uploads\/2024\/01\/Klemmwirkung-Tricam-100x50.jpg 100w\" sizes=\"auto, (max-width: 1200px) 100vw, 1200px\" \/><\/a><\/p>\n<h3>Wie k\u00f6nnen sie gelegt werden?<\/h3>\n<p>Im Folgenden einige Beispiel f\u00fcr das Legen dieser Klemmkeile.<\/p>\n<p>Es sind viele Kombinationen denkbar. Wichtig dabei ist das Prinzip dahinter zu verstehen.<\/p>\n<p>Zum einen k\u00f6nnen sie n\u00e4mlich in vertikalen Placements wie normale Klemmkeile gelegt werden. Die<\/p>\n<p>Die Achse mit der aufgen\u00e4hten Bandschlinge muss an der richtigen Stelle sein.<\/p>\n<p>D.h. bei Placements nach unten muss die Achse der Tricams &#8220;oberhalb&#8221; sein. Bei Placements in horizontalen Rissen innen.<\/p>\n<p><a href=\"https:\/\/bolting.eu\/wp-content\/uploads\/2024\/01\/Placements-Tricams-1.jpg\"><img loading=\"lazy\" decoding=\"async\" class=\"alignnone wp-image-18450 size-medium\" src=\"https:\/\/bolting.eu\/wp-content\/uploads\/2024\/01\/Placements-Tricams-1-800x400.jpg\" alt=\"Grafik mit vier M\u00f6glichkeiten einen Camp Tricam zu legen.\" width=\"800\" height=\"400\" srcset=\"https:\/\/bolting.eu\/wp-content\/uploads\/2024\/01\/Placements-Tricams-1-800x400.jpg 800w, https:\/\/bolting.eu\/wp-content\/uploads\/2024\/01\/Placements-Tricams-1-768x384.jpg 768w, https:\/\/bolting.eu\/wp-content\/uploads\/2024\/01\/Placements-Tricams-1-510x255.jpg 510w, https:\/\/bolting.eu\/wp-content\/uploads\/2024\/01\/Placements-Tricams-1-100x50.jpg 100w, https:\/\/bolting.eu\/wp-content\/uploads\/2024\/01\/Placements-Tricams-1.jpg 1200w\" sizes=\"auto, (max-width: 800px) 100vw, 800px\" \/><\/a><\/p>\n<p>&nbsp;<\/p>\n","protected":false},"excerpt":{"rendered":"<p>Spezielle Klemmkeile mit markanten Kopf mit Nase. Set aus 6 St\u00fcck in Gr\u00f6\u00dfen 0.125, 0.25, 0.5, 1.0, 1.5 und 2.0.<\/p>\n<p>Ideal f\u00fcr nasse und vereiste Risse sowie in den Dolomiten. Entwickeln entgegen klassischen Modellen auch &#8220;aktive&#8221; Klemmkraft.<\/p>\n<p>Versandkostenfrei bis 2kg in <img decoding=\"async\" class=\"emoji\" role=\"img\" draggable=\"false\" src=\"https:\/\/s.w.org\/images\/core\/emoji\/14.0.0\/svg\/1f1e6-1f1f9.svg\" alt=\"\ud83c\udde6\ud83c\uddf9\" \/> ab \u20ac 100,- und <img decoding=\"async\" class=\"emoji\" role=\"img\" draggable=\"false\" src=\"https:\/\/s.w.org\/images\/core\/emoji\/14.0.0\/svg\/1f1e9-1f1ea.svg\" alt=\"\ud83c\udde9\ud83c\uddea\" \/> ab \u20ac 200,-!<\/p>\n<p>&nbsp;<\/p>\n","protected":false},"featured_media":18457,"comment_status":"closed","ping_status":"closed","template":"","meta":[],"product_brand":[],"product_cat":[29,3712,4653],"product_tag":[],"class_list":{"0":"post-18449","1":"product","2":"type-product","3":"status-publish","4":"has-post-thumbnail","6":"product_cat-kletterausruestung","7":"product_cat-klemmkeile","8":"product_cat-camp-cassin","10":"first","11":"instock","12":"sale","13":"taxable","14":"shipping-taxable","15":"purchasable","16":"product-type-simple"},"yoast_head":"<!-- This site is optimized with the Yoast SEO Premium plugin v26.9 (Yoast SEO v26.9) - https:\/\/yoast.com\/product\/yoast-seo-premium-wordpress\/ -->\n<title>Camp Tricam Set - 6 Stk. universelle Klemmkeile | bolting.eu<\/title>\n<meta name=\"description\" content=\"Camp Tricam Set beim Kletter Hardware Profi aus Innsbruck kaufen \u2705 kostenloser Versand* \u2705 14 Tage R\u00fcckgaberecht \u2705 Co2 neutraler Versand\" \/>\n<meta name=\"robots\" content=\"index, follow, max-snippet:-1, max-image-preview:large, max-video-preview:-1\" \/>\n<link rel=\"canonical\" href=\"https:\/\/bolting.eu\/en\/shop\/camp-tricam-set\/\" \/>\n<meta property=\"og:locale\" content=\"en_US\" \/>\n<meta property=\"og:type\" content=\"article\" \/>\n<meta property=\"og:title\" content=\"Camp Tricam Set\" \/>\n<meta property=\"og:description\" content=\"Camp Tricam Set beim Kletter Hardware Profi aus Innsbruck kaufen \u2705 kostenloser Versand* \u2705 14 Tage R\u00fcckgaberecht \u2705 Co2 neutraler Versand\" \/>\n<meta property=\"og:url\" content=\"https:\/\/bolting.eu\/en\/shop\/camp-tricam-set\/\" \/>\n<meta property=\"og:site_name\" content=\"bolting.eu\" \/>\n<meta property=\"article:publisher\" content=\"https:\/\/www.facebook.com\/bolting.eu\" \/>\n<meta property=\"article:modified_time\" content=\"2025-03-19T15:35:43+00:00\" \/>\n<meta property=\"og:image\" content=\"https:\/\/bolting.eu\/wp-content\/uploads\/2024\/01\/Camp-Tricam-Set-2.jpg\" \/>\n\t<meta property=\"og:image:width\" content=\"700\" \/>\n\t<meta property=\"og:image:height\" content=\"700\" \/>\n\t<meta property=\"og:image:type\" content=\"image\/jpeg\" \/>\n<meta name=\"twitter:card\" content=\"summary_large_image\" \/>\n<meta name=\"twitter:label1\" content=\"Price\" \/>\n\t<meta name=\"twitter:data1\" content=\"&euro;&nbsp;117,00\" \/>\n\t<meta name=\"twitter:label2\" content=\"Availability\" \/>\n\t<meta name=\"twitter:data2\" content=\"In stock\" \/>\n<script type=\"application\/ld+json\" class=\"yoast-schema-graph\">{\"@context\":\"https:\/\/schema.org\",\"@graph\":[{\"@type\":[\"WebPage\",\"ItemPage\"],\"@id\":\"https:\/\/bolting.eu\/en\/shop\/camp-tricam-set\/\",\"url\":\"https:\/\/bolting.eu\/en\/shop\/camp-tricam-set\/\",\"name\":\"Camp Tricam Set - 6 Stk. universelle Klemmkeile | bolting.eu\",\"isPartOf\":{\"@id\":\"https:\/\/bolting.eu\/en\/#website\"},\"primaryImageOfPage\":{\"@id\":\"https:\/\/bolting.eu\/en\/shop\/camp-tricam-set\/#primaryimage\"},\"image\":{\"@id\":\"https:\/\/bolting.eu\/en\/shop\/camp-tricam-set\/#primaryimage\"},\"thumbnailUrl\":\"https:\/\/bolting.eu\/wp-content\/uploads\/2024\/01\/Camp-Tricam-Set-2.jpg\",\"datePublished\":\"2024-01-25T08:38:40+00:00\",\"dateModified\":\"2025-03-19T15:35:43+00:00\",\"description\":\"Camp Tricam Set beim Kletter Hardware Profi aus Innsbruck kaufen \u2705 kostenloser Versand* \u2705 14 Tage R\u00fcckgaberecht \u2705 Co2 neutraler Versand\",\"breadcrumb\":{\"@id\":\"https:\/\/bolting.eu\/en\/shop\/camp-tricam-set\/#breadcrumb\"},\"inLanguage\":\"en-US\",\"potentialAction\":[{\"@type\":\"ReadAction\",\"target\":[\"https:\/\/bolting.eu\/en\/shop\/camp-tricam-set\/\"]}]},{\"@type\":\"ImageObject\",\"inLanguage\":\"en-US\",\"@id\":\"https:\/\/bolting.eu\/en\/shop\/camp-tricam-set\/#primaryimage\",\"url\":\"https:\/\/bolting.eu\/wp-content\/uploads\/2024\/01\/Camp-Tricam-Set-2.jpg\",\"contentUrl\":\"https:\/\/bolting.eu\/wp-content\/uploads\/2024\/01\/Camp-Tricam-Set-2.jpg\",\"width\":700,\"height\":700,\"caption\":\"Schwarzer Karton mit sechs verschiedenf\u00e4rbigen Camp Tricam Klemmkeilen mit Bandschlinge und Alu Kopf.\"},{\"@type\":\"BreadcrumbList\",\"@id\":\"https:\/\/bolting.eu\/en\/shop\/camp-tricam-set\/#breadcrumb\",\"itemListElement\":[{\"@type\":\"ListItem\",\"position\":1,\"name\":\"Shop\",\"item\":\"https:\/\/bolting.eu\/en\/shop\/\"},{\"@type\":\"ListItem\",\"position\":2,\"name\":\"Klemmkeile\",\"item\":\"https:\/\/bolting.eu\/produkt-kategorie\/klemmkeile\/\"},{\"@type\":\"ListItem\",\"position\":3,\"name\":\"Camp Tricam Set\"}]},{\"@type\":\"WebSite\",\"@id\":\"https:\/\/bolting.eu\/en\/#website\",\"url\":\"https:\/\/bolting.eu\/en\/\",\"name\":\"bolting.eu\",\"description\":\"we make climbs happen\",\"publisher\":{\"@id\":\"https:\/\/bolting.eu\/en\/#organization\"},\"potentialAction\":[{\"@type\":\"SearchAction\",\"target\":{\"@type\":\"EntryPoint\",\"urlTemplate\":\"https:\/\/bolting.eu\/en\/?s={search_term_string}\"},\"query-input\":{\"@type\":\"PropertyValueSpecification\",\"valueRequired\":true,\"valueName\":\"search_term_string\"}}],\"inLanguage\":\"en-US\"},{\"@type\":[\"Organization\",\"Place\",\"SportingGoodsStore\"],\"@id\":\"https:\/\/bolting.eu\/en\/#organization\",\"name\":\"bolting.eu\",\"url\":\"https:\/\/bolting.eu\/en\/\",\"logo\":{\"@id\":\"https:\/\/bolting.eu\/en\/shop\/camp-tricam-set\/#local-main-organization-logo\"},\"image\":{\"@id\":\"https:\/\/bolting.eu\/en\/shop\/camp-tricam-set\/#local-main-organization-logo\"},\"sameAs\":[\"https:\/\/www.facebook.com\/bolting.eu\",\"https:\/\/www.instagram.com\/bolting.eu\/\"],\"address\":{\"@id\":\"https:\/\/bolting.eu\/en\/shop\/camp-tricam-set\/#local-main-place-address\"},\"geo\":{\"@type\":\"GeoCoordinates\",\"latitude\":\"47.264176340396226\",\"longitude\":\"11.380109057672346\"},\"telephone\":[\"+43 699 19083372\"],\"openingHoursSpecification\":[{\"@type\":\"OpeningHoursSpecification\",\"dayOfWeek\":[\"Monday\",\"Wednesday\",\"Friday\"],\"opens\":\"14:00\",\"closes\":\"18:00\"},{\"@type\":\"OpeningHoursSpecification\",\"dayOfWeek\":[\"Tuesday\",\"Thursday\",\"Saturday\",\"Sunday\"],\"opens\":\"00:00\",\"closes\":\"00:00\"}],\"email\":\"office@bolting.eu\",\"vatID\":\"ATU59999728\",\"priceRange\":\"$$\",\"currenciesAccepted\":\"Euro\"},{\"@type\":\"PostalAddress\",\"@id\":\"https:\/\/bolting.eu\/en\/shop\/camp-tricam-set\/#local-main-place-address\",\"streetAddress\":\"Fischnalerstra\u00dfe 4\",\"addressLocality\":\"Innsbruck\",\"postalCode\":\"6020\",\"addressRegion\":\"Tirol\",\"addressCountry\":\"AT\"},{\"@type\":\"ImageObject\",\"inLanguage\":\"en-US\",\"@id\":\"https:\/\/bolting.eu\/en\/shop\/camp-tricam-set\/#local-main-organization-logo\",\"url\":\"https:\/\/bolting.eu\/wp-content\/uploads\/2019\/09\/bolting-logo.png\",\"contentUrl\":\"https:\/\/bolting.eu\/wp-content\/uploads\/2019\/09\/bolting-logo.png\",\"width\":400,\"height\":211,\"caption\":\"bolting.eu\"}]}<\/script>\n<meta property=\"og:video\" content=\"https:\/\/www.youtube.com\/embed\/fy_tPDLPu2c\" \/>\n<meta property=\"og:video:type\" content=\"text\/html\" \/>\n<meta property=\"og:video:duration\" content=\"238\" \/>\n<meta property=\"og:video:width\" content=\"480\" \/>\n<meta property=\"og:video:height\" content=\"270\" \/>\n<meta property=\"ya:ovs:adult\" content=\"false\" \/>\n<meta property=\"ya:ovs:upload_date\" content=\"2024-01-25T08:38:40+00:00\" \/>\n<meta property=\"ya:ovs:allow_embed\" content=\"true\" \/>\n<meta property=\"product:price:amount\" content=\"117.00\" \/>\n<meta property=\"product:price:currency\" content=\"EUR\" \/>\n<meta property=\"og:availability\" content=\"instock\" \/>\n<meta property=\"product:availability\" content=\"instock\" \/>\n<meta property=\"product:retailer_item_id\" content=\"0974\" \/>\n<meta property=\"product:condition\" content=\"new\" \/>\n<meta name=\"geo.placename\" content=\"Innsbruck\" \/>\n<meta name=\"geo.position\" content=\"47.264176340396226;11.380109057672346\" \/>\n<meta name=\"geo.region\" content=\"Austria\" \/>\n<!-- \/ Yoast SEO Premium plugin. -->","yoast_head_json":{"title":"Camp Tricam Set - 6 Stk. universelle Klemmkeile | bolting.eu","description":"Camp Tricam Set beim Kletter Hardware Profi aus Innsbruck kaufen \u2705 kostenloser Versand* \u2705 14 Tage R\u00fcckgaberecht \u2705 Co2 neutraler Versand","robots":{"index":"index","follow":"follow","max-snippet":"max-snippet:-1","max-image-preview":"max-image-preview:large","max-video-preview":"max-video-preview:-1"},"canonical":"https:\/\/bolting.eu\/en\/shop\/camp-tricam-set\/","og_locale":"en_US","og_type":"article","og_title":"Camp Tricam Set","og_description":"Camp Tricam Set beim Kletter Hardware Profi aus Innsbruck kaufen \u2705 kostenloser Versand* \u2705 14 Tage R\u00fcckgaberecht \u2705 Co2 neutraler Versand","og_url":"https:\/\/bolting.eu\/en\/shop\/camp-tricam-set\/","og_site_name":"bolting.eu","article_publisher":"https:\/\/www.facebook.com\/bolting.eu","article_modified_time":"2025-03-19T15:35:43+00:00","og_image":[{"width":700,"height":700,"url":"https:\/\/bolting.eu\/wp-content\/uploads\/2024\/01\/Camp-Tricam-Set-2.jpg","type":"image\/jpeg"}],"twitter_card":"summary_large_image","twitter_misc":{"Price":"&euro;&nbsp;117,00","Availability":"In stock"},"schema":{"@context":"https:\/\/schema.org","@graph":[{"@type":["WebPage","ItemPage"],"@id":"https:\/\/bolting.eu\/en\/shop\/camp-tricam-set\/","url":"https:\/\/bolting.eu\/en\/shop\/camp-tricam-set\/","name":"Camp Tricam Set - 6 Stk. universelle Klemmkeile | bolting.eu","isPartOf":{"@id":"https:\/\/bolting.eu\/en\/#website"},"primaryImageOfPage":{"@id":"https:\/\/bolting.eu\/en\/shop\/camp-tricam-set\/#primaryimage"},"image":{"@id":"https:\/\/bolting.eu\/en\/shop\/camp-tricam-set\/#primaryimage"},"thumbnailUrl":"https:\/\/bolting.eu\/wp-content\/uploads\/2024\/01\/Camp-Tricam-Set-2.jpg","datePublished":"2024-01-25T08:38:40+00:00","dateModified":"2025-03-19T15:35:43+00:00","description":"Camp Tricam Set beim Kletter Hardware Profi aus Innsbruck kaufen \u2705 kostenloser Versand* \u2705 14 Tage R\u00fcckgaberecht \u2705 Co2 neutraler Versand","breadcrumb":{"@id":"https:\/\/bolting.eu\/en\/shop\/camp-tricam-set\/#breadcrumb"},"inLanguage":"en-US","potentialAction":[{"@type":"ReadAction","target":["https:\/\/bolting.eu\/en\/shop\/camp-tricam-set\/"]}]},{"@type":"ImageObject","inLanguage":"en-US","@id":"https:\/\/bolting.eu\/en\/shop\/camp-tricam-set\/#primaryimage","url":"https:\/\/bolting.eu\/wp-content\/uploads\/2024\/01\/Camp-Tricam-Set-2.jpg","contentUrl":"https:\/\/bolting.eu\/wp-content\/uploads\/2024\/01\/Camp-Tricam-Set-2.jpg","width":700,"height":700,"caption":"Schwarzer Karton mit sechs verschiedenf\u00e4rbigen Camp Tricam Klemmkeilen mit Bandschlinge und Alu Kopf."},{"@type":"BreadcrumbList","@id":"https:\/\/bolting.eu\/en\/shop\/camp-tricam-set\/#breadcrumb","itemListElement":[{"@type":"ListItem","position":1,"name":"Shop","item":"https:\/\/bolting.eu\/en\/shop\/"},{"@type":"ListItem","position":2,"name":"Klemmkeile","item":"https:\/\/bolting.eu\/produkt-kategorie\/klemmkeile\/"},{"@type":"ListItem","position":3,"name":"Camp Tricam Set"}]},{"@type":"WebSite","@id":"https:\/\/bolting.eu\/en\/#website","url":"https:\/\/bolting.eu\/en\/","name":"bolting.eu","description":"we make climbs happen","publisher":{"@id":"https:\/\/bolting.eu\/en\/#organization"},"potentialAction":[{"@type":"SearchAction","target":{"@type":"EntryPoint","urlTemplate":"https:\/\/bolting.eu\/en\/?s={search_term_string}"},"query-input":{"@type":"PropertyValueSpecification","valueRequired":true,"valueName":"search_term_string"}}],"inLanguage":"en-US"},{"@type":["Organization","Place","SportingGoodsStore"],"@id":"https:\/\/bolting.eu\/en\/#organization","name":"bolting.eu","url":"https:\/\/bolting.eu\/en\/","logo":{"@id":"https:\/\/bolting.eu\/en\/shop\/camp-tricam-set\/#local-main-organization-logo"},"image":{"@id":"https:\/\/bolting.eu\/en\/shop\/camp-tricam-set\/#local-main-organization-logo"},"sameAs":["https:\/\/www.facebook.com\/bolting.eu","https:\/\/www.instagram.com\/bolting.eu\/"],"address":{"@id":"https:\/\/bolting.eu\/en\/shop\/camp-tricam-set\/#local-main-place-address"},"geo":{"@type":"GeoCoordinates","latitude":"47.264176340396226","longitude":"11.380109057672346"},"telephone":["+43 699 19083372"],"openingHoursSpecification":[{"@type":"OpeningHoursSpecification","dayOfWeek":["Monday","Wednesday","Friday"],"opens":"14:00","closes":"18:00"},{"@type":"OpeningHoursSpecification","dayOfWeek":["Tuesday","Thursday","Saturday","Sunday"],"opens":"00:00","closes":"00:00"}],"email":"office@bolting.eu","vatID":"ATU59999728","priceRange":"$$","currenciesAccepted":"Euro"},{"@type":"PostalAddress","@id":"https:\/\/bolting.eu\/en\/shop\/camp-tricam-set\/#local-main-place-address","streetAddress":"Fischnalerstra\u00dfe 4","addressLocality":"Innsbruck","postalCode":"6020","addressRegion":"Tirol","addressCountry":"AT"},{"@type":"ImageObject","inLanguage":"en-US","@id":"https:\/\/bolting.eu\/en\/shop\/camp-tricam-set\/#local-main-organization-logo","url":"https:\/\/bolting.eu\/wp-content\/uploads\/2019\/09\/bolting-logo.png","contentUrl":"https:\/\/bolting.eu\/wp-content\/uploads\/2019\/09\/bolting-logo.png","width":400,"height":211,"caption":"bolting.eu"}]},"og_video":"https:\/\/www.youtube.com\/embed\/fy_tPDLPu2c","og_video_type":"text\/html","og_video_duration":"238","og_video_width":"480","og_video_height":"270","ya_ovs_adult":"false","ya_ovs_upload_date":"2024-01-25T08:38:40+00:00","ya_ovs_allow_embed":"true","product_price_amount":"117.00","product_price_currency":"EUR","og_availability":"instock","product_availability":"instock","product_retailer_item_id":"0974","product_condition":"new","geo.placename":"Innsbruck","geo.position":{"lat":"47.264176340396226","long":"11.380109057672346"},"geo.region":"Austria"},"_links":{"self":[{"href":"https:\/\/bolting.eu\/en\/wp-json\/wp\/v2\/product\/18449","targetHints":{"allow":["GET"]}}],"collection":[{"href":"https:\/\/bolting.eu\/en\/wp-json\/wp\/v2\/product"}],"about":[{"href":"https:\/\/bolting.eu\/en\/wp-json\/wp\/v2\/types\/product"}],"replies":[{"embeddable":true,"href":"https:\/\/bolting.eu\/en\/wp-json\/wp\/v2\/comments?post=18449"}],"wp:featuredmedia":[{"embeddable":true,"href":"https:\/\/bolting.eu\/en\/wp-json\/wp\/v2\/media\/18457"}],"wp:attachment":[{"href":"https:\/\/bolting.eu\/en\/wp-json\/wp\/v2\/media?parent=18449"}],"wp:term":[{"taxonomy":"product_brand","embeddable":true,"href":"https:\/\/bolting.eu\/en\/wp-json\/wp\/v2\/product_brand?post=18449"},{"taxonomy":"product_cat","embeddable":true,"href":"https:\/\/bolting.eu\/en\/wp-json\/wp\/v2\/product_cat?post=18449"},{"taxonomy":"product_tag","embeddable":true,"href":"https:\/\/bolting.eu\/en\/wp-json\/wp\/v2\/product_tag?post=18449"}],"curies":[{"name":"wp","href":"https:\/\/api.w.org\/{rel}","templated":true}]}}