{"id":18419,"date":"2024-01-24T10:30:49","date_gmt":"2024-01-24T09:30:49","guid":{"rendered":"https:\/\/bolting.eu\/?post_type=product&#038;p=18419"},"modified":"2026-02-26T13:41:24","modified_gmt":"2026-02-26T12:41:24","slug":"black-diamond-pure-gold-chalk","status":"publish","type":"product","link":"https:\/\/bolting.eu\/en\/shop\/black-diamond-pure-gold-chalk\/","title":{"rendered":"Black Diamond Pure Gold Chalk"},"content":{"rendered":"<p>Das Black Diamond Pure Gold Chalk ist ein k\u00fcnstliches Trocknungsmittel. Dieses hat den Namen &#8220;Upsalite&#8221;. Dabei handelt es sich um ein extrem saugf\u00e4higes Magnesium Derivat. Es kann bis zu 30% mehr Wasser aufnehmen als normales <a href=\"https:\/\/bolting.eu\/produkt-kategorie\/kletterausruestung\/chalk-klettern\/\">Chalk zum Klettern<\/a>. Diese10 Gramm Packung kannst du entweder deinem eigenen Magnesium als &#8220;Booster&#8221; untermischen. Das Verh\u00e4ltnis 1:10 wird dabei empfohlen. Oder du verwendest es pur f\u00fcr deine entscheidende Go\u00b4s.<\/p>\r\n<h2>Eigenschaften Pure Gold Chalk<\/h2>\r\n<ul>\r\n<li>Hersteller: Black Diamond<\/li>\r\n<li>Inhalt: 10 Gramm<\/li>\r\n<li>spezieller &#8220;Booster&#8221;<\/li>\r\n<li>ideal f\u00fcr alle, die an Fingern &#8211; H\u00e4nden besonders stark schwitzen<\/li>\r\n<li>reines &#8220;<a href=\"https:\/\/en.wikipedia.org\/wiki\/Mesoporous_magnesium_carbonate\">Upsalite<\/a>&#8220;<\/li>\r\n<li>nimmt 30% mehr Wasser auf als normales Chalk<\/li>\r\n<li>hilft Chalk dabei, mehr Handschwei\u00df auf zu nehmen<\/li>\r\n<li>wissenschaftlich entwickelt<\/li>\r\n<li>zum Mischen mit deinem Lieblingschalk 1:10<\/li>\r\n<li>kann auch pur verwendet werden<\/li>\r\n<li>Made in Germany<\/li>\r\n<\/ul>\r\n<h3>Produktvideo<\/h3>\r\n<p><iframe loading=\"lazy\" title=\"Black Diamond Chalk: Pure Gold\" width=\"1020\" height=\"574\" src=\"https:\/\/www.youtube.com\/embed\/Y8YCXb8CVn0?feature=oembed\" frameborder=\"0\" allow=\"accelerometer; autoplay; clipboard-write; encrypted-media; gyroscope; picture-in-picture; web-share\" referrerpolicy=\"strict-origin-when-cross-origin\" allowfullscreen><\/iframe><\/p>\r\n<p>&nbsp;<\/p>\r\n<h3>Richtiges Mischverh\u00e4ltnis<\/h3>\r\n<p>Die ganze 10 Gram Packung ist ideal, um es in ein gro\u00dfes <a href=\"https:\/\/bolting.eu\/produkt-kategorie\/kletterausruestung\/chalkbag\/chalkbag-bouldern\/\">Boulder Chalkbag<\/a> zu geben. Die halbe PAckung (5 Gramm) ist ideal, um sie in ein kleines Kletter <a href=\"https:\/\/bolting.eu\/produkt-kategorie\/kletterausruestung\/chalkbag\/\">Chalkbag<\/a> zu geben.<\/p>\r\n<h3><strong>FAQ\u00b4s<\/strong><\/h3>\r\n\r\n<div class=\"schema-faq wp-block-yoast-faq-block\">\r\n<div id=\"faq-question-1706087038916\" class=\"schema-faq-section\"><strong class=\"schema-faq-question\">Was ist Black Diamond Pure Gold Chalk?<\/strong>\r\n<p class=\"schema-faq-answer\">Bei diesem Produkt zum Klettern handelt es sich um ein ganz spezielles Magnesium Carbonat Derivat. Dieses wird k\u00fcnstlich hergestellt. Die wissenschaftliche Bezeichnung lautet &#8220;<strong>Mesoporous Magnesium Carbonate<\/strong>&#8220;. Der Markenname f\u00fcr kommerzielle Anwendungen ist aber &#8220;Upsalite&#8221;. Dieser Stoff hat eine k\u00fcnstlich vergr\u00f6\u00dferte Oberfl\u00e4che. Somit nimmt er bis zu 30% mehr Schwei\u00df auf als normales Kletterchalk.<\/p>\r\n<\/div>\r\n<div id=\"faq-question-1706087288745\" class=\"schema-faq-section\"><strong class=\"schema-faq-question\">Wie wirkt Upsalite Chalk?<\/strong>\r\n<p class=\"schema-faq-answer\">Die enorm vergr\u00f6\u00dferte Oberfl\u00e4che erlaubt die Absorbtion von deutlich mehr Schwei\u00df. Etwa 30% mehr Wasser kann aufgenommern werden. Die zahllosen Poren saugen die Wasser Molek\u00fcle einfach auf und binden sie. Dadurch hat man &#8220;trockener&#8221; H\u00e4nde beim Klettern.<\/p>\r\n<\/div>\r\n<div id=\"faq-question-1706087397032\" class=\"schema-faq-section\"><strong class=\"schema-faq-question\">Wie wird Pure Gold Chalk angewandt?<\/strong>\r\n<p class=\"schema-faq-answer\">Dieser Booster wird in der Regel im Verh\u00e4ltnis 1:10 mit normalem Magnesium gemischt. D.h. einfach die 10 Gramm Packung in ein Boulder Chalkbag geben und sehr gut durchmischen. F\u00fcr ein kleines Chalkbag die halbe Packung verwenden (5 Gramm). Alternativ kann das Pulver aber auch pur auf die H\u00e4nde aufgebracht werden. Dann als sehr d\u00fcnnen Film f\u00fcr schwere Go\u00b4s aufbringen.<\/p>\r\n<\/div>\r\n<div id=\"faq-question-1706087520736\" class=\"schema-faq-section\"><strong class=\"schema-faq-question\">Ist Upsalite gesundheitssch\u00e4dlich?<\/strong>\r\n<p class=\"schema-faq-answer\">Dieser Stoff wird aus Magnesium Carbonat hergestellt. Er ist v\u00f6llig unbedenklich. Sowohl auf der Haut als auch f\u00fcr die Atemwege besteht keinerlei gesundheitliche Gefahr.<\/p>\r\n<\/div>\r\n<\/div>\r\n","protected":false},"excerpt":{"rendered":"<p>K\u00fcnstliches Magnesium Derivat mit enormer Saugkraft. Nimmt 30% mehr Wasser auf als normales Chalk. Wir in der Regel 1:10 in beliebiges Kletterchalk gemischt. Kann auch pur verwendet werden. Versandkostenfrei bis 2kg in <img decoding=\"async\" class=\"emoji\" role=\"img\" draggable=\"false\" src=\"https:\/\/s.w.org\/images\/core\/emoji\/14.0.0\/svg\/1f1e6-1f1f9.svg\" alt=\"\ud83c\udde6\ud83c\uddf9\" \/> ab \u20ac 100,- und <img decoding=\"async\" class=\"emoji\" role=\"img\" draggable=\"false\" src=\"https:\/\/s.w.org\/images\/core\/emoji\/14.0.0\/svg\/1f1e9-1f1ea.svg\" alt=\"\ud83c\udde9\ud83c\uddea\" \/> ab \u20ac 200,-!<\/p>\n","protected":false},"featured_media":18423,"comment_status":"closed","ping_status":"closed","template":"","meta":[],"product_brand":[],"product_cat":[5007,5284,6357,29,4658],"product_tag":[],"class_list":{"0":"post-18419","1":"product","2":"type-product","3":"status-publish","4":"has-post-thumbnail","6":"product_cat-chalk-klettern","7":"product_cat-boulder-ausruestung","8":"product_cat-boulder-zubehoer","9":"product_cat-kletterausruestung","10":"product_cat-black-diamond","12":"first","13":"outofstock","14":"taxable","15":"shipping-taxable","16":"purchasable","17":"product-type-simple"},"yoast_head":"<!-- This site is optimized with the Yoast SEO Premium plugin v26.9 (Yoast SEO v26.9) - https:\/\/yoast.com\/product\/yoast-seo-premium-wordpress\/ -->\n<title>Black Diamond Pure Gold Chalk | bolting.eu<\/title>\n<meta name=\"description\" content=\"Black Diamond Pure Gold Chalk beim Kletterprofi aus Innsbruck kaufen \u2705 kostenloser Versand* \u2705 14 Tage R\u00fcckgaberecht \u2705 Co2 neutraler Versand\" \/>\n<meta name=\"robots\" content=\"index, follow, max-snippet:-1, max-image-preview:large, max-video-preview:-1\" \/>\n<link rel=\"canonical\" href=\"https:\/\/bolting.eu\/en\/shop\/black-diamond-pure-gold-chalk\/\" \/>\n<meta property=\"og:locale\" content=\"en_US\" \/>\n<meta property=\"og:type\" content=\"article\" \/>\n<meta property=\"og:title\" content=\"Black Diamond Pure Gold Chalk\" \/>\n<meta property=\"og:description\" content=\"Black Diamond Pure Gold Chalk beim Kletterprofi aus Innsbruck kaufen \u2705 kostenloser Versand* \u2705 14 Tage R\u00fcckgaberecht \u2705 Co2 neutraler Versand\" \/>\n<meta property=\"og:url\" content=\"https:\/\/bolting.eu\/en\/shop\/black-diamond-pure-gold-chalk\/\" \/>\n<meta property=\"og:site_name\" content=\"bolting.eu\" \/>\n<meta property=\"article:publisher\" content=\"https:\/\/www.facebook.com\/bolting.eu\" \/>\n<meta property=\"article:modified_time\" content=\"2026-02-26T12:41:24+00:00\" \/>\n<meta property=\"og:image\" content=\"https:\/\/bolting.eu\/wp-content\/uploads\/2024\/01\/Pure-Gold-Chalk-1.jpg\" \/>\n\t<meta property=\"og:image:width\" content=\"700\" \/>\n\t<meta property=\"og:image:height\" content=\"700\" \/>\n\t<meta property=\"og:image:type\" content=\"image\/jpeg\" \/>\n<meta name=\"twitter:card\" content=\"summary_large_image\" \/>\n<meta name=\"twitter:label1\" content=\"Price\" \/>\n\t<meta name=\"twitter:data1\" content=\"&euro;&nbsp;8,00\" \/>\n\t<meta name=\"twitter:label2\" content=\"Availability\" \/>\n\t<meta name=\"twitter:data2\" content=\"Out of stock\" \/>\n<script type=\"application\/ld+json\" class=\"yoast-schema-graph\">{\"@context\":\"https:\/\/schema.org\",\"@graph\":[{\"@type\":[\"WebPage\",\"ItemPage\",\"FAQPage\"],\"@id\":\"https:\/\/bolting.eu\/en\/shop\/black-diamond-pure-gold-chalk\/\",\"url\":\"https:\/\/bolting.eu\/en\/shop\/black-diamond-pure-gold-chalk\/\",\"name\":\"Black Diamond Pure Gold Chalk | bolting.eu\",\"isPartOf\":{\"@id\":\"https:\/\/bolting.eu\/en\/#website\"},\"primaryImageOfPage\":{\"@id\":\"https:\/\/bolting.eu\/en\/shop\/black-diamond-pure-gold-chalk\/#primaryimage\"},\"image\":{\"@id\":\"https:\/\/bolting.eu\/en\/shop\/black-diamond-pure-gold-chalk\/#primaryimage\"},\"thumbnailUrl\":\"https:\/\/bolting.eu\/wp-content\/uploads\/2024\/01\/Pure-Gold-Chalk-1.jpg\",\"datePublished\":\"2024-01-24T09:30:49+00:00\",\"dateModified\":\"2026-02-26T12:41:24+00:00\",\"description\":\"Black Diamond Pure Gold Chalk beim Kletterprofi aus Innsbruck kaufen \u2705 kostenloser Versand* \u2705 14 Tage R\u00fcckgaberecht \u2705 Co2 neutraler Versand\",\"breadcrumb\":{\"@id\":\"https:\/\/bolting.eu\/en\/shop\/black-diamond-pure-gold-chalk\/#breadcrumb\"},\"mainEntity\":[{\"@id\":\"https:\/\/bolting.eu\/en\/shop\/black-diamond-pure-gold-chalk\/#faq-question-1706087038916\"},{\"@id\":\"https:\/\/bolting.eu\/en\/shop\/black-diamond-pure-gold-chalk\/#faq-question-1706087288745\"},{\"@id\":\"https:\/\/bolting.eu\/en\/shop\/black-diamond-pure-gold-chalk\/#faq-question-1706087397032\"},{\"@id\":\"https:\/\/bolting.eu\/en\/shop\/black-diamond-pure-gold-chalk\/#faq-question-1706087520736\"}],\"inLanguage\":\"en-US\",\"potentialAction\":[{\"@type\":\"ReadAction\",\"target\":[\"https:\/\/bolting.eu\/en\/shop\/black-diamond-pure-gold-chalk\/\"]}]},{\"@type\":\"ImageObject\",\"inLanguage\":\"en-US\",\"@id\":\"https:\/\/bolting.eu\/en\/shop\/black-diamond-pure-gold-chalk\/#primaryimage\",\"url\":\"https:\/\/bolting.eu\/wp-content\/uploads\/2024\/01\/Pure-Gold-Chalk-1.jpg\",\"contentUrl\":\"https:\/\/bolting.eu\/wp-content\/uploads\/2024\/01\/Pure-Gold-Chalk-1.jpg\",\"width\":700,\"height\":700,\"caption\":\"Schwarz-goldene 10 Gramm Packung Black Diamond Pure Gold Chalk aufrecht im Bild.\"},{\"@type\":\"BreadcrumbList\",\"@id\":\"https:\/\/bolting.eu\/en\/shop\/black-diamond-pure-gold-chalk\/#breadcrumb\",\"itemListElement\":[{\"@type\":\"ListItem\",\"position\":1,\"name\":\"Shop\",\"item\":\"https:\/\/bolting.eu\/en\/shop\/\"},{\"@type\":\"ListItem\",\"position\":2,\"name\":\"climbing equipment\",\"item\":\"https:\/\/bolting.eu\/en\/produkt-kategorie\/climbing-equipment\/\"},{\"@type\":\"ListItem\",\"position\":3,\"name\":\"Chalk Klettern\",\"item\":\"https:\/\/bolting.eu\/produkt-kategorie\/kletterausruestung\/chalk-klettern\/\"},{\"@type\":\"ListItem\",\"position\":4,\"name\":\"Black Diamond Pure Gold Chalk\"}]},{\"@type\":\"WebSite\",\"@id\":\"https:\/\/bolting.eu\/en\/#website\",\"url\":\"https:\/\/bolting.eu\/en\/\",\"name\":\"bolting.eu\",\"description\":\"we make climbs happen\",\"publisher\":{\"@id\":\"https:\/\/bolting.eu\/en\/#organization\"},\"potentialAction\":[{\"@type\":\"SearchAction\",\"target\":{\"@type\":\"EntryPoint\",\"urlTemplate\":\"https:\/\/bolting.eu\/en\/?s={search_term_string}\"},\"query-input\":{\"@type\":\"PropertyValueSpecification\",\"valueRequired\":true,\"valueName\":\"search_term_string\"}}],\"inLanguage\":\"en-US\"},{\"@type\":[\"Organization\",\"Place\",\"SportingGoodsStore\"],\"@id\":\"https:\/\/bolting.eu\/en\/#organization\",\"name\":\"bolting.eu\",\"url\":\"https:\/\/bolting.eu\/en\/\",\"logo\":{\"@id\":\"https:\/\/bolting.eu\/en\/shop\/black-diamond-pure-gold-chalk\/#local-main-organization-logo\"},\"image\":{\"@id\":\"https:\/\/bolting.eu\/en\/shop\/black-diamond-pure-gold-chalk\/#local-main-organization-logo\"},\"sameAs\":[\"https:\/\/www.facebook.com\/bolting.eu\",\"https:\/\/www.instagram.com\/bolting.eu\/\"],\"address\":{\"@id\":\"https:\/\/bolting.eu\/en\/shop\/black-diamond-pure-gold-chalk\/#local-main-place-address\"},\"geo\":{\"@type\":\"GeoCoordinates\",\"latitude\":\"47.264176340396226\",\"longitude\":\"11.380109057672346\"},\"telephone\":[\"+43 699 19083372\"],\"openingHoursSpecification\":[{\"@type\":\"OpeningHoursSpecification\",\"dayOfWeek\":[\"Monday\",\"Wednesday\",\"Friday\"],\"opens\":\"14:00\",\"closes\":\"18:00\"},{\"@type\":\"OpeningHoursSpecification\",\"dayOfWeek\":[\"Tuesday\",\"Thursday\",\"Saturday\",\"Sunday\"],\"opens\":\"00:00\",\"closes\":\"00:00\"}],\"email\":\"office@bolting.eu\",\"vatID\":\"ATU59999728\",\"priceRange\":\"$$\",\"currenciesAccepted\":\"Euro\"},{\"@type\":\"Question\",\"@id\":\"https:\/\/bolting.eu\/en\/shop\/black-diamond-pure-gold-chalk\/#faq-question-1706087038916\",\"position\":1,\"url\":\"https:\/\/bolting.eu\/en\/shop\/black-diamond-pure-gold-chalk\/#faq-question-1706087038916\",\"name\":\"Was ist Black Diamond Pure Gold Chalk?\",\"answerCount\":1,\"acceptedAnswer\":{\"@type\":\"Answer\",\"text\":\"Bei diesem Produkt zum Klettern handelt es sich um ein ganz spezielles Magnesium Carbonat Derivat. Dieses wird k\u00fcnstlich hergestellt. Die wissenschaftliche Bezeichnung lautet \\\"<strong>Mesoporous Magnesium Carbonate<\/strong>\\\". Der Markenname f\u00fcr kommerzielle Anwendungen ist aber \\\"Upsalite\\\".<br\/>Dieser Stoff hat eine k\u00fcnstlich vergr\u00f6\u00dferte Oberfl\u00e4che. Somit nimmt er bis zu 30% mehr Schwei\u00df auf als normales Kletterchalk.\",\"inLanguage\":\"en-US\"},\"inLanguage\":\"en-US\"},{\"@type\":\"Question\",\"@id\":\"https:\/\/bolting.eu\/en\/shop\/black-diamond-pure-gold-chalk\/#faq-question-1706087288745\",\"position\":2,\"url\":\"https:\/\/bolting.eu\/en\/shop\/black-diamond-pure-gold-chalk\/#faq-question-1706087288745\",\"name\":\"Wie wirkt Upsalite Chalk?\",\"answerCount\":1,\"acceptedAnswer\":{\"@type\":\"Answer\",\"text\":\"Die enorm vergr\u00f6\u00dferte Oberfl\u00e4che erlaubt die Absorbtion von deutlich mehr Schwei\u00df. Etwa 30% mehr Wasser kann aufgenommern werden.<br\/>Die zahllosen Poren saugen die Wasser Molek\u00fcle einfach auf und binden sie. Dadurch hat man \\\"trockener\\\" H\u00e4nde beim Klettern.\",\"inLanguage\":\"en-US\"},\"inLanguage\":\"en-US\"},{\"@type\":\"Question\",\"@id\":\"https:\/\/bolting.eu\/en\/shop\/black-diamond-pure-gold-chalk\/#faq-question-1706087397032\",\"position\":3,\"url\":\"https:\/\/bolting.eu\/en\/shop\/black-diamond-pure-gold-chalk\/#faq-question-1706087397032\",\"name\":\"Wie wird Pure Gold Chalk angewandt?\",\"answerCount\":1,\"acceptedAnswer\":{\"@type\":\"Answer\",\"text\":\"Dieser Booster wird in der Regel im Verh\u00e4ltnis 1:10 mit normalem Magnesium gemischt. D.h. einfach in eine gro\u00dfe Kletterchalk Packung geben und sehr gut durchmischen.<br\/>Alternativ kann das Pulver aber auch pur auf die H\u00e4nde aufgebracht werden. Dann als sehr d\u00fcnnen Film f\u00fcr schwere Go\u00b4s aufbringen.\",\"inLanguage\":\"en-US\"},\"inLanguage\":\"en-US\"},{\"@type\":\"Question\",\"@id\":\"https:\/\/bolting.eu\/en\/shop\/black-diamond-pure-gold-chalk\/#faq-question-1706087520736\",\"position\":4,\"url\":\"https:\/\/bolting.eu\/en\/shop\/black-diamond-pure-gold-chalk\/#faq-question-1706087520736\",\"name\":\"Ist Upsalite gesundheitssch\u00e4dlich?\",\"answerCount\":1,\"acceptedAnswer\":{\"@type\":\"Answer\",\"text\":\"Dieser Stoff wird aus Magnesium Carbonat hergestellt. Er ist v\u00f6llig unbedenklich. Sowohl auf der Haut als auch f\u00fcr die Atemwege besteht keinerlei gesundheitliche Gefahr.\",\"inLanguage\":\"en-US\"},\"inLanguage\":\"en-US\"},{\"@type\":\"PostalAddress\",\"@id\":\"https:\/\/bolting.eu\/en\/shop\/black-diamond-pure-gold-chalk\/#local-main-place-address\",\"streetAddress\":\"Fischnalerstra\u00dfe 4\",\"addressLocality\":\"Innsbruck\",\"postalCode\":\"6020\",\"addressRegion\":\"Tirol\",\"addressCountry\":\"AT\"},{\"@type\":\"ImageObject\",\"inLanguage\":\"en-US\",\"@id\":\"https:\/\/bolting.eu\/en\/shop\/black-diamond-pure-gold-chalk\/#local-main-organization-logo\",\"url\":\"https:\/\/bolting.eu\/wp-content\/uploads\/2019\/09\/bolting-logo.png\",\"contentUrl\":\"https:\/\/bolting.eu\/wp-content\/uploads\/2019\/09\/bolting-logo.png\",\"width\":400,\"height\":211,\"caption\":\"bolting.eu\"}]}<\/script>\n<meta property=\"og:video\" content=\"https:\/\/www.youtube.com\/embed\/Y8YCXb8CVn0\" \/>\n<meta property=\"og:video:type\" content=\"text\/html\" \/>\n<meta property=\"og:video:duration\" content=\"89\" \/>\n<meta property=\"og:video:width\" content=\"480\" \/>\n<meta property=\"og:video:height\" content=\"270\" \/>\n<meta property=\"ya:ovs:adult\" content=\"false\" \/>\n<meta property=\"ya:ovs:upload_date\" content=\"2024-01-24T09:30:49+00:00\" \/>\n<meta property=\"ya:ovs:allow_embed\" content=\"true\" \/>\n<meta property=\"product:price:amount\" content=\"8.00\" \/>\n<meta property=\"product:price:currency\" content=\"EUR\" \/>\n<meta property=\"og:availability\" content=\"out of stock\" \/>\n<meta property=\"product:availability\" content=\"out of stock\" \/>\n<meta property=\"product:retailer_item_id\" content=\"BD5504860000ALL1\" \/>\n<meta property=\"product:condition\" content=\"new\" \/>\n<meta name=\"geo.placename\" content=\"Innsbruck\" \/>\n<meta name=\"geo.position\" content=\"47.264176340396226;11.380109057672346\" \/>\n<meta name=\"geo.region\" content=\"Austria\" \/>\n<!-- \/ Yoast SEO Premium plugin. -->","yoast_head_json":{"title":"Black Diamond Pure Gold Chalk | bolting.eu","description":"Black Diamond Pure Gold Chalk beim Kletterprofi aus Innsbruck kaufen \u2705 kostenloser Versand* \u2705 14 Tage R\u00fcckgaberecht \u2705 Co2 neutraler Versand","robots":{"index":"index","follow":"follow","max-snippet":"max-snippet:-1","max-image-preview":"max-image-preview:large","max-video-preview":"max-video-preview:-1"},"canonical":"https:\/\/bolting.eu\/en\/shop\/black-diamond-pure-gold-chalk\/","og_locale":"en_US","og_type":"article","og_title":"Black Diamond Pure Gold Chalk","og_description":"Black Diamond Pure Gold Chalk beim Kletterprofi aus Innsbruck kaufen \u2705 kostenloser Versand* \u2705 14 Tage R\u00fcckgaberecht \u2705 Co2 neutraler Versand","og_url":"https:\/\/bolting.eu\/en\/shop\/black-diamond-pure-gold-chalk\/","og_site_name":"bolting.eu","article_publisher":"https:\/\/www.facebook.com\/bolting.eu","article_modified_time":"2026-02-26T12:41:24+00:00","og_image":[{"width":700,"height":700,"url":"https:\/\/bolting.eu\/wp-content\/uploads\/2024\/01\/Pure-Gold-Chalk-1.jpg","type":"image\/jpeg"}],"twitter_card":"summary_large_image","twitter_misc":{"Price":"&euro;&nbsp;8,00","Availability":"Out of stock"},"schema":{"@context":"https:\/\/schema.org","@graph":[{"@type":["WebPage","ItemPage","FAQPage"],"@id":"https:\/\/bolting.eu\/en\/shop\/black-diamond-pure-gold-chalk\/","url":"https:\/\/bolting.eu\/en\/shop\/black-diamond-pure-gold-chalk\/","name":"Black Diamond Pure Gold Chalk | bolting.eu","isPartOf":{"@id":"https:\/\/bolting.eu\/en\/#website"},"primaryImageOfPage":{"@id":"https:\/\/bolting.eu\/en\/shop\/black-diamond-pure-gold-chalk\/#primaryimage"},"image":{"@id":"https:\/\/bolting.eu\/en\/shop\/black-diamond-pure-gold-chalk\/#primaryimage"},"thumbnailUrl":"https:\/\/bolting.eu\/wp-content\/uploads\/2024\/01\/Pure-Gold-Chalk-1.jpg","datePublished":"2024-01-24T09:30:49+00:00","dateModified":"2026-02-26T12:41:24+00:00","description":"Black Diamond Pure Gold Chalk beim Kletterprofi aus Innsbruck kaufen \u2705 kostenloser Versand* \u2705 14 Tage R\u00fcckgaberecht \u2705 Co2 neutraler Versand","breadcrumb":{"@id":"https:\/\/bolting.eu\/en\/shop\/black-diamond-pure-gold-chalk\/#breadcrumb"},"mainEntity":[{"@id":"https:\/\/bolting.eu\/en\/shop\/black-diamond-pure-gold-chalk\/#faq-question-1706087038916"},{"@id":"https:\/\/bolting.eu\/en\/shop\/black-diamond-pure-gold-chalk\/#faq-question-1706087288745"},{"@id":"https:\/\/bolting.eu\/en\/shop\/black-diamond-pure-gold-chalk\/#faq-question-1706087397032"},{"@id":"https:\/\/bolting.eu\/en\/shop\/black-diamond-pure-gold-chalk\/#faq-question-1706087520736"}],"inLanguage":"en-US","potentialAction":[{"@type":"ReadAction","target":["https:\/\/bolting.eu\/en\/shop\/black-diamond-pure-gold-chalk\/"]}]},{"@type":"ImageObject","inLanguage":"en-US","@id":"https:\/\/bolting.eu\/en\/shop\/black-diamond-pure-gold-chalk\/#primaryimage","url":"https:\/\/bolting.eu\/wp-content\/uploads\/2024\/01\/Pure-Gold-Chalk-1.jpg","contentUrl":"https:\/\/bolting.eu\/wp-content\/uploads\/2024\/01\/Pure-Gold-Chalk-1.jpg","width":700,"height":700,"caption":"Schwarz-goldene 10 Gramm Packung Black Diamond Pure Gold Chalk aufrecht im Bild."},{"@type":"BreadcrumbList","@id":"https:\/\/bolting.eu\/en\/shop\/black-diamond-pure-gold-chalk\/#breadcrumb","itemListElement":[{"@type":"ListItem","position":1,"name":"Shop","item":"https:\/\/bolting.eu\/en\/shop\/"},{"@type":"ListItem","position":2,"name":"climbing equipment","item":"https:\/\/bolting.eu\/en\/produkt-kategorie\/climbing-equipment\/"},{"@type":"ListItem","position":3,"name":"Chalk Klettern","item":"https:\/\/bolting.eu\/produkt-kategorie\/kletterausruestung\/chalk-klettern\/"},{"@type":"ListItem","position":4,"name":"Black Diamond Pure Gold Chalk"}]},{"@type":"WebSite","@id":"https:\/\/bolting.eu\/en\/#website","url":"https:\/\/bolting.eu\/en\/","name":"bolting.eu","description":"we make climbs happen","publisher":{"@id":"https:\/\/bolting.eu\/en\/#organization"},"potentialAction":[{"@type":"SearchAction","target":{"@type":"EntryPoint","urlTemplate":"https:\/\/bolting.eu\/en\/?s={search_term_string}"},"query-input":{"@type":"PropertyValueSpecification","valueRequired":true,"valueName":"search_term_string"}}],"inLanguage":"en-US"},{"@type":["Organization","Place","SportingGoodsStore"],"@id":"https:\/\/bolting.eu\/en\/#organization","name":"bolting.eu","url":"https:\/\/bolting.eu\/en\/","logo":{"@id":"https:\/\/bolting.eu\/en\/shop\/black-diamond-pure-gold-chalk\/#local-main-organization-logo"},"image":{"@id":"https:\/\/bolting.eu\/en\/shop\/black-diamond-pure-gold-chalk\/#local-main-organization-logo"},"sameAs":["https:\/\/www.facebook.com\/bolting.eu","https:\/\/www.instagram.com\/bolting.eu\/"],"address":{"@id":"https:\/\/bolting.eu\/en\/shop\/black-diamond-pure-gold-chalk\/#local-main-place-address"},"geo":{"@type":"GeoCoordinates","latitude":"47.264176340396226","longitude":"11.380109057672346"},"telephone":["+43 699 19083372"],"openingHoursSpecification":[{"@type":"OpeningHoursSpecification","dayOfWeek":["Monday","Wednesday","Friday"],"opens":"14:00","closes":"18:00"},{"@type":"OpeningHoursSpecification","dayOfWeek":["Tuesday","Thursday","Saturday","Sunday"],"opens":"00:00","closes":"00:00"}],"email":"office@bolting.eu","vatID":"ATU59999728","priceRange":"$$","currenciesAccepted":"Euro"},{"@type":"Question","@id":"https:\/\/bolting.eu\/en\/shop\/black-diamond-pure-gold-chalk\/#faq-question-1706087038916","position":1,"url":"https:\/\/bolting.eu\/en\/shop\/black-diamond-pure-gold-chalk\/#faq-question-1706087038916","name":"Was ist Black Diamond Pure Gold Chalk?","answerCount":1,"acceptedAnswer":{"@type":"Answer","text":"Bei diesem Produkt zum Klettern handelt es sich um ein ganz spezielles Magnesium Carbonat Derivat. Dieses wird k\u00fcnstlich hergestellt. Die wissenschaftliche Bezeichnung lautet \"<strong>Mesoporous Magnesium Carbonate<\/strong>\". Der Markenname f\u00fcr kommerzielle Anwendungen ist aber \"Upsalite\".<br\/>Dieser Stoff hat eine k\u00fcnstlich vergr\u00f6\u00dferte Oberfl\u00e4che. Somit nimmt er bis zu 30% mehr Schwei\u00df auf als normales Kletterchalk.","inLanguage":"en-US"},"inLanguage":"en-US"},{"@type":"Question","@id":"https:\/\/bolting.eu\/en\/shop\/black-diamond-pure-gold-chalk\/#faq-question-1706087288745","position":2,"url":"https:\/\/bolting.eu\/en\/shop\/black-diamond-pure-gold-chalk\/#faq-question-1706087288745","name":"Wie wirkt Upsalite Chalk?","answerCount":1,"acceptedAnswer":{"@type":"Answer","text":"Die enorm vergr\u00f6\u00dferte Oberfl\u00e4che erlaubt die Absorbtion von deutlich mehr Schwei\u00df. Etwa 30% mehr Wasser kann aufgenommern werden.<br\/>Die zahllosen Poren saugen die Wasser Molek\u00fcle einfach auf und binden sie. Dadurch hat man \"trockener\" H\u00e4nde beim Klettern.","inLanguage":"en-US"},"inLanguage":"en-US"},{"@type":"Question","@id":"https:\/\/bolting.eu\/en\/shop\/black-diamond-pure-gold-chalk\/#faq-question-1706087397032","position":3,"url":"https:\/\/bolting.eu\/en\/shop\/black-diamond-pure-gold-chalk\/#faq-question-1706087397032","name":"Wie wird Pure Gold Chalk angewandt?","answerCount":1,"acceptedAnswer":{"@type":"Answer","text":"Dieser Booster wird in der Regel im Verh\u00e4ltnis 1:10 mit normalem Magnesium gemischt. D.h. einfach in eine gro\u00dfe Kletterchalk Packung geben und sehr gut durchmischen.<br\/>Alternativ kann das Pulver aber auch pur auf die H\u00e4nde aufgebracht werden. Dann als sehr d\u00fcnnen Film f\u00fcr schwere Go\u00b4s aufbringen.","inLanguage":"en-US"},"inLanguage":"en-US"},{"@type":"Question","@id":"https:\/\/bolting.eu\/en\/shop\/black-diamond-pure-gold-chalk\/#faq-question-1706087520736","position":4,"url":"https:\/\/bolting.eu\/en\/shop\/black-diamond-pure-gold-chalk\/#faq-question-1706087520736","name":"Ist Upsalite gesundheitssch\u00e4dlich?","answerCount":1,"acceptedAnswer":{"@type":"Answer","text":"Dieser Stoff wird aus Magnesium Carbonat hergestellt. Er ist v\u00f6llig unbedenklich. Sowohl auf der Haut als auch f\u00fcr die Atemwege besteht keinerlei gesundheitliche Gefahr.","inLanguage":"en-US"},"inLanguage":"en-US"},{"@type":"PostalAddress","@id":"https:\/\/bolting.eu\/en\/shop\/black-diamond-pure-gold-chalk\/#local-main-place-address","streetAddress":"Fischnalerstra\u00dfe 4","addressLocality":"Innsbruck","postalCode":"6020","addressRegion":"Tirol","addressCountry":"AT"},{"@type":"ImageObject","inLanguage":"en-US","@id":"https:\/\/bolting.eu\/en\/shop\/black-diamond-pure-gold-chalk\/#local-main-organization-logo","url":"https:\/\/bolting.eu\/wp-content\/uploads\/2019\/09\/bolting-logo.png","contentUrl":"https:\/\/bolting.eu\/wp-content\/uploads\/2019\/09\/bolting-logo.png","width":400,"height":211,"caption":"bolting.eu"}]},"og_video":"https:\/\/www.youtube.com\/embed\/Y8YCXb8CVn0","og_video_type":"text\/html","og_video_duration":"89","og_video_width":"480","og_video_height":"270","ya_ovs_adult":"false","ya_ovs_upload_date":"2024-01-24T09:30:49+00:00","ya_ovs_allow_embed":"true","product_price_amount":"8.00","product_price_currency":"EUR","og_availability":"out of stock","product_availability":"out of stock","product_retailer_item_id":"BD5504860000ALL1","product_condition":"new","geo.placename":"Innsbruck","geo.position":{"lat":"47.264176340396226","long":"11.380109057672346"},"geo.region":"Austria"},"_links":{"self":[{"href":"https:\/\/bolting.eu\/en\/wp-json\/wp\/v2\/product\/18419","targetHints":{"allow":["GET"]}}],"collection":[{"href":"https:\/\/bolting.eu\/en\/wp-json\/wp\/v2\/product"}],"about":[{"href":"https:\/\/bolting.eu\/en\/wp-json\/wp\/v2\/types\/product"}],"replies":[{"embeddable":true,"href":"https:\/\/bolting.eu\/en\/wp-json\/wp\/v2\/comments?post=18419"}],"wp:featuredmedia":[{"embeddable":true,"href":"https:\/\/bolting.eu\/en\/wp-json\/wp\/v2\/media\/18423"}],"wp:attachment":[{"href":"https:\/\/bolting.eu\/en\/wp-json\/wp\/v2\/media?parent=18419"}],"wp:term":[{"taxonomy":"product_brand","embeddable":true,"href":"https:\/\/bolting.eu\/en\/wp-json\/wp\/v2\/product_brand?post=18419"},{"taxonomy":"product_cat","embeddable":true,"href":"https:\/\/bolting.eu\/en\/wp-json\/wp\/v2\/product_cat?post=18419"},{"taxonomy":"product_tag","embeddable":true,"href":"https:\/\/bolting.eu\/en\/wp-json\/wp\/v2\/product_tag?post=18419"}],"curies":[{"name":"wp","href":"https:\/\/api.w.org\/{rel}","templated":true}]}}