{"id":18394,"date":"2024-01-23T14:02:54","date_gmt":"2024-01-23T13:02:54","guid":{"rendered":"https:\/\/bolting.eu\/?post_type=product&#038;p=18394"},"modified":"2025-12-17T16:18:16","modified_gmt":"2025-12-17T15:18:16","slug":"petzl-verso","status":"publish","type":"product","link":"https:\/\/bolting.eu\/en\/shop\/petzl-verso\/","title":{"rendered":"Petzl Verso"},"content":{"rendered":"<p>Das Petzl Verso ist ein vielseitiges Sicherungs- und <a href=\"https:\/\/bolting.eu\/produkt-kategorie\/kletterausruestung\/abseilgeraete\/\">Abseilger\u00e4t<\/a>.<\/p>\n<p>Denn es kann sowohl f\u00fcr Einfachseile als auch Halbseile verwendet werden. Die zertifizierten Durchmesser liegen bei 8,5-1mm bei Einfachseilen. Und von 7,1 &#8211; 9,2mm bei Halbseilen.<\/p>\n<p>Bei diesem klassischen Doppel &#8211; Tuber kann man wenig falsch machen. Denn die Verwendung ist mit Piktogrammen am Produkt sehr gut erkl\u00e4rt.<\/p>\n<p>Wer hier das &#8220;Bremshandprinzip&#8221; richtig anwendet, kann perfekt dynamisch sichern. Darin liegt auch der Hauptvorteil gegen\u00fcber den Autotubern.<\/p>\n<h3>Eigenschaften Verso<\/h3>\n<ul>\n<li>Hersteller: <a href=\"https:\/\/bolting.eu\/produkt-kategorie\/petzl\/\">Petzl<\/a><\/li>\n<li>Material: Alu<\/li>\n<li>Gewicht: 55 Gramm<\/li>\n<li>Normen: EN 15151<\/li>\n<li>Farben: grau und gr\u00fcn<\/li>\n<li>vielseitiges und leichtes Sicherungs- und Abseilger\u00e4t<\/li>\n<li>zu verwenden mit einem oder zwei Seilstr\u00e4ngen<\/li>\n<li>Einfachseile von 8,5 \u2013 11mm<\/li>\n<li>Halbseile 7,1 \u2013 9,2mm<\/li>\n<li>Doppelseile 6,9 \u2013 9,2mm<\/li>\n<li>ideal f\u00fcr dynamisches Sichern<\/li>\n<li>bremshandseitige Rillen f\u00fcr mehr Bremskraft<\/li>\n<li>Piktrogramme aufgedruckt &#8211; sehr klare Handhabung<\/li>\n<li>empfohlener Karabiner: <a href=\"https:\/\/bolting.eu\/shop\/petzl-attache\/\">Attache<\/a>, <a href=\"https:\/\/bolting.eu\/shop\/petzl-william-ball-lock\/\">William Ball Lock<\/a><\/li>\n<li><a href=\"https:\/\/www.petzl.com\/sfc\/servlet.shepherd\/version\/download\/0681r00000BHDpNAAX\" target=\"_blank\" rel=\"noopener\">Gebrauchsanleitung<\/a><\/li>\n<\/ul>\n<h3>Produktvideo<\/h3>\n<p>Im folgenden Video k\u00f6nnt ihr euch die Features des Verso gleich nochmals anschauen.<\/p>\n<p><iframe loading=\"lazy\" title=\"New Petzl Verso 2019 belay device\" width=\"1020\" height=\"574\" src=\"https:\/\/www.youtube.com\/embed\/zdxekQrR-UM?feature=oembed\" frameborder=\"0\" allow=\"accelerometer; autoplay; clipboard-write; encrypted-media; gyroscope; picture-in-picture; web-share\" referrerpolicy=\"strict-origin-when-cross-origin\" allowfullscreen><\/iframe><\/p>\n<h3>F\u00fcr wen macht dieses Produkt Sinn?<\/h3>\n<p>Dieses Sicherungs- und Abseilger\u00e4t macht erstens f\u00fcr alle Sinn, die beim Sportklettern dynamisch sichern wollen. Hier l\u00e4sst sich das Seil perfekt &#8220;dynamisch&#8221; einstecken um den St\u00fcrzenden noch weicher fallen zu lassen.<\/p>\n<p>Zweitens f\u00fcr alle, die viel mit Doppelseilen \/ Halbseilen abseilen. Hier hat das Verso einige ideale Features, wie z.B. die verst\u00e4rkten Rillen.<\/p>\n<p>F\u00fcr alle die auch viel Mehrseill\u00e4ngen klettern, empfehlen wir das <a href=\"https:\/\/bolting.eu\/shop\/petzl-reverso\/\">Reverso<\/a>. Damit kann man n\u00e4mlich auch perfekt bis zu zwei Nachsteiger gleichzeitig sichern.<\/p>\n<h3>Piktogramme am Verso<\/h3>\n<p>Die aufgedruckten Piktogramme erleichtern bei diesem Ger\u00e4t die Handhabung ganz enorm.<\/p>\n<p>Denn man sieht einerseits sofort wie das Seil einzulegen ist. Und andererseits wo der Kletterer bzw. die Bremshand sein muss.<\/p>\n<p>Dies macht dieses Sicherungsger\u00e4t ideal f\u00fcr Kletterkurse. Denn Fehlerquellen werden damit weitestgehend vermieden.<\/p>\n<figure id=\"attachment_18399\" aria-describedby=\"caption-attachment-18399\" style=\"width: 800px\" class=\"wp-caption alignnone\"><a href=\"https:\/\/bolting.eu\/wp-content\/uploads\/2024\/01\/Petzl-Verso-grau-4.jpg\"><img loading=\"lazy\" decoding=\"async\" class=\"size-full wp-image-18399\" src=\"https:\/\/bolting.eu\/wp-content\/uploads\/2024\/01\/Petzl-Verso-grau-4.jpg\" alt=\"Graues Petzl Verso mit Piktogrammen aufgedruckt bzw. gelasert.\" width=\"800\" height=\"574\" srcset=\"https:\/\/bolting.eu\/wp-content\/uploads\/2024\/01\/Petzl-Verso-grau-4.jpg 800w, https:\/\/bolting.eu\/wp-content\/uploads\/2024\/01\/Petzl-Verso-grau-4-557x400.jpg 557w, https:\/\/bolting.eu\/wp-content\/uploads\/2024\/01\/Petzl-Verso-grau-4-768x551.jpg 768w, https:\/\/bolting.eu\/wp-content\/uploads\/2024\/01\/Petzl-Verso-grau-4-510x366.jpg 510w, https:\/\/bolting.eu\/wp-content\/uploads\/2024\/01\/Petzl-Verso-grau-4-100x72.jpg 100w\" sizes=\"auto, (max-width: 800px) 100vw, 800px\" \/><\/a><figcaption id=\"caption-attachment-18399\" class=\"wp-caption-text\">Die Piktogramme am Ger\u00e4t helfen bei der sicheren Handhabung.<\/figcaption><\/figure>\n<h3>Unterschied zu \u00e4lteren Modellen<\/h3>\n<p>Dieses Verso Modell stellt Petzl seit 2019 unver\u00e4ndert her. Noch \u00e4ltere Modelle sind leicht anders gebaut. Dadurch sind sie nicht mit einem so breiten Seil Durchmesser Spektrum verwendbar.<\/p>\n<p>Weiters hat die neueste Generation bessere Rillen f\u00fcr mehr Bremswirkung.<\/p>\n","protected":false},"excerpt":{"rendered":"<p>Kleines, leichtes Sicherungs- und Abseilger\u00e4t f\u00fcr\u00b4s Sportklettern und kurze Mehrseill\u00e4ngen Routen.<\/p>\n<p>F\u00fcr Einfachseile, Halb- und Zwillingsseile.<\/p>\n<p>Versandkostenfrei bis 2kg in <img decoding=\"async\" class=\"emoji\" role=\"img\" draggable=\"false\" src=\"https:\/\/s.w.org\/images\/core\/emoji\/14.0.0\/svg\/1f1e6-1f1f9.svg\" alt=\"\ud83c\udde6\ud83c\uddf9\" \/> ab \u20ac 100,- und <img decoding=\"async\" class=\"emoji\" role=\"img\" draggable=\"false\" src=\"https:\/\/s.w.org\/images\/core\/emoji\/14.0.0\/svg\/1f1e9-1f1ea.svg\" alt=\"\ud83c\udde9\ud83c\uddea\" \/> ab \u20ac 200,-!<\/p>\n","protected":false},"featured_media":18402,"comment_status":"closed","ping_status":"closed","template":"","meta":[],"product_brand":[],"product_cat":[3711,14093,14447,29],"product_tag":[],"class_list":{"0":"post-18394","1":"product","2":"type-product","3":"status-publish","4":"has-post-thumbnail","6":"product_cat-sicherungsgeraete-klettern","7":"product_cat-petzl","8":"product_cat-abseilgeraete","9":"product_cat-kletterausruestung","11":"first","12":"instock","13":"taxable","14":"shipping-taxable","15":"purchasable","16":"product-type-variable"},"yoast_head":"<!-- This site is optimized with the Yoast SEO Premium plugin v26.9 (Yoast SEO v26.9) - https:\/\/yoast.com\/product\/yoast-seo-premium-wordpress\/ -->\n<title>Petzl Verso - Sicherungs- &amp; Abseilger\u00e4t g\u00fcnstig online kaufen | bolting.eu<\/title>\n<meta name=\"description\" content=\"Petzl VERSO Abseil &amp; Sicherungsger\u00e4t beim Kletter Hardwareprofi in Innsbruck kaufen \u2705 kostenloser Versand* \u2705 14 Tage R\u00fcckgaberecht \u2705 Co2 neutraler Versand\" \/>\n<meta name=\"robots\" content=\"index, follow, max-snippet:-1, max-image-preview:large, max-video-preview:-1\" \/>\n<link rel=\"canonical\" href=\"https:\/\/bolting.eu\/en\/shop\/petzl-verso\/\" \/>\n<meta property=\"og:locale\" content=\"en_US\" \/>\n<meta property=\"og:type\" content=\"article\" \/>\n<meta property=\"og:title\" content=\"Petzl Verso\" \/>\n<meta property=\"og:description\" content=\"Petzl VERSO Abseil &amp; Sicherungsger\u00e4t beim Kletter Hardwareprofi in Innsbruck kaufen \u2705 kostenloser Versand* \u2705 14 Tage R\u00fcckgaberecht \u2705 Co2 neutraler Versand\" \/>\n<meta property=\"og:url\" content=\"https:\/\/bolting.eu\/en\/shop\/petzl-verso\/\" \/>\n<meta property=\"og:site_name\" content=\"bolting.eu\" \/>\n<meta property=\"article:publisher\" content=\"https:\/\/www.facebook.com\/bolting.eu\" \/>\n<meta property=\"article:modified_time\" content=\"2025-12-17T15:18:16+00:00\" \/>\n<meta property=\"og:image\" content=\"https:\/\/bolting.eu\/wp-content\/uploads\/2024\/01\/Petzl-Verso-gruen-1.jpg\" \/>\n\t<meta property=\"og:image:width\" content=\"700\" \/>\n\t<meta property=\"og:image:height\" content=\"700\" \/>\n\t<meta property=\"og:image:type\" content=\"image\/jpeg\" \/>\n<meta name=\"twitter:card\" content=\"summary_large_image\" \/>\n<meta name=\"twitter:label1\" content=\"Availability\" \/>\n\t<meta name=\"twitter:data1\" content=\"In stock\" \/>\n<script type=\"application\/ld+json\" class=\"yoast-schema-graph\">{\"@context\":\"https:\/\/schema.org\",\"@graph\":[{\"@type\":[\"WebPage\",\"ItemPage\"],\"@id\":\"https:\/\/bolting.eu\/en\/shop\/petzl-verso\/\",\"url\":\"https:\/\/bolting.eu\/en\/shop\/petzl-verso\/\",\"name\":\"Petzl Verso - Sicherungs- & Abseilger\u00e4t g\u00fcnstig online kaufen | bolting.eu\",\"isPartOf\":{\"@id\":\"https:\/\/bolting.eu\/en\/#website\"},\"primaryImageOfPage\":{\"@id\":\"https:\/\/bolting.eu\/en\/shop\/petzl-verso\/#primaryimage\"},\"image\":{\"@id\":\"https:\/\/bolting.eu\/en\/shop\/petzl-verso\/#primaryimage\"},\"thumbnailUrl\":\"https:\/\/bolting.eu\/wp-content\/uploads\/2024\/01\/Petzl-Verso-gruen-1.jpg\",\"datePublished\":\"2024-01-23T13:02:54+00:00\",\"dateModified\":\"2025-12-17T15:18:16+00:00\",\"description\":\"Petzl VERSO Abseil & Sicherungsger\u00e4t beim Kletter Hardwareprofi in Innsbruck kaufen \u2705 kostenloser Versand* \u2705 14 Tage R\u00fcckgaberecht \u2705 Co2 neutraler Versand\",\"breadcrumb\":{\"@id\":\"https:\/\/bolting.eu\/en\/shop\/petzl-verso\/#breadcrumb\"},\"inLanguage\":\"en-US\",\"potentialAction\":[{\"@type\":\"ReadAction\",\"target\":[\"https:\/\/bolting.eu\/en\/shop\/petzl-verso\/\"]}]},{\"@type\":\"ImageObject\",\"inLanguage\":\"en-US\",\"@id\":\"https:\/\/bolting.eu\/en\/shop\/petzl-verso\/#primaryimage\",\"url\":\"https:\/\/bolting.eu\/wp-content\/uploads\/2024\/01\/Petzl-Verso-gruen-1.jpg\",\"contentUrl\":\"https:\/\/bolting.eu\/wp-content\/uploads\/2024\/01\/Petzl-Verso-gruen-1.jpg\",\"width\":700,\"height\":700,\"caption\":\"Gr\u00fcneses Petzl Verso Sicherungsger\u00e4t von der Seite auf wei\u00dfem Hintergrund.\"},{\"@type\":\"BreadcrumbList\",\"@id\":\"https:\/\/bolting.eu\/en\/shop\/petzl-verso\/#breadcrumb\",\"itemListElement\":[{\"@type\":\"ListItem\",\"position\":1,\"name\":\"Shop\",\"item\":\"https:\/\/bolting.eu\/en\/shop\/\"},{\"@type\":\"ListItem\",\"position\":2,\"name\":\"climbing equipment\",\"item\":\"https:\/\/bolting.eu\/en\/produkt-kategorie\/climbing-equipment\/\"},{\"@type\":\"ListItem\",\"position\":3,\"name\":\"Sicherungsger\u00e4te Klettern\",\"item\":\"https:\/\/bolting.eu\/produkt-kategorie\/kletterausruestung\/sicherungsgeraete-klettern\/\"},{\"@type\":\"ListItem\",\"position\":4,\"name\":\"Petzl Verso\"}]},{\"@type\":\"WebSite\",\"@id\":\"https:\/\/bolting.eu\/en\/#website\",\"url\":\"https:\/\/bolting.eu\/en\/\",\"name\":\"bolting.eu\",\"description\":\"we make climbs happen\",\"publisher\":{\"@id\":\"https:\/\/bolting.eu\/en\/#organization\"},\"potentialAction\":[{\"@type\":\"SearchAction\",\"target\":{\"@type\":\"EntryPoint\",\"urlTemplate\":\"https:\/\/bolting.eu\/en\/?s={search_term_string}\"},\"query-input\":{\"@type\":\"PropertyValueSpecification\",\"valueRequired\":true,\"valueName\":\"search_term_string\"}}],\"inLanguage\":\"en-US\"},{\"@type\":[\"Organization\",\"Place\",\"SportingGoodsStore\"],\"@id\":\"https:\/\/bolting.eu\/en\/#organization\",\"name\":\"bolting.eu\",\"url\":\"https:\/\/bolting.eu\/en\/\",\"logo\":{\"@id\":\"https:\/\/bolting.eu\/en\/shop\/petzl-verso\/#local-main-organization-logo\"},\"image\":{\"@id\":\"https:\/\/bolting.eu\/en\/shop\/petzl-verso\/#local-main-organization-logo\"},\"sameAs\":[\"https:\/\/www.facebook.com\/bolting.eu\",\"https:\/\/www.instagram.com\/bolting.eu\/\"],\"address\":{\"@id\":\"https:\/\/bolting.eu\/en\/shop\/petzl-verso\/#local-main-place-address\"},\"geo\":{\"@type\":\"GeoCoordinates\",\"latitude\":\"47.264176340396226\",\"longitude\":\"11.380109057672346\"},\"telephone\":[\"+43 699 19083372\"],\"openingHoursSpecification\":[{\"@type\":\"OpeningHoursSpecification\",\"dayOfWeek\":[\"Monday\",\"Wednesday\",\"Friday\"],\"opens\":\"14:00\",\"closes\":\"18:00\"},{\"@type\":\"OpeningHoursSpecification\",\"dayOfWeek\":[\"Tuesday\",\"Thursday\",\"Saturday\",\"Sunday\"],\"opens\":\"00:00\",\"closes\":\"00:00\"}],\"email\":\"office@bolting.eu\",\"vatID\":\"ATU59999728\",\"priceRange\":\"$$\",\"currenciesAccepted\":\"Euro\"},{\"@type\":\"PostalAddress\",\"@id\":\"https:\/\/bolting.eu\/en\/shop\/petzl-verso\/#local-main-place-address\",\"streetAddress\":\"Fischnalerstra\u00dfe 4\",\"addressLocality\":\"Innsbruck\",\"postalCode\":\"6020\",\"addressRegion\":\"Tirol\",\"addressCountry\":\"AT\"},{\"@type\":\"ImageObject\",\"inLanguage\":\"en-US\",\"@id\":\"https:\/\/bolting.eu\/en\/shop\/petzl-verso\/#local-main-organization-logo\",\"url\":\"https:\/\/bolting.eu\/wp-content\/uploads\/2019\/09\/bolting-logo.png\",\"contentUrl\":\"https:\/\/bolting.eu\/wp-content\/uploads\/2019\/09\/bolting-logo.png\",\"width\":400,\"height\":211,\"caption\":\"bolting.eu\"}]}<\/script>\n<meta property=\"og:video\" content=\"https:\/\/www.youtube.com\/embed\/zdxekQrR-UM\" \/>\n<meta property=\"og:video:type\" content=\"text\/html\" \/>\n<meta property=\"og:video:duration\" content=\"84\" \/>\n<meta property=\"og:video:width\" content=\"480\" \/>\n<meta property=\"og:video:height\" content=\"270\" \/>\n<meta property=\"ya:ovs:adult\" content=\"false\" \/>\n<meta property=\"ya:ovs:upload_date\" content=\"2024-01-23T13:02:54+00:00\" \/>\n<meta property=\"ya:ovs:allow_embed\" content=\"true\" \/>\n<meta property=\"og:availability\" content=\"instock\" \/>\n<meta property=\"product:availability\" content=\"instock\" \/>\n<meta property=\"product:condition\" content=\"new\" \/>\n<meta name=\"geo.placename\" content=\"Innsbruck\" \/>\n<meta name=\"geo.position\" content=\"47.264176340396226;11.380109057672346\" \/>\n<meta name=\"geo.region\" content=\"Austria\" \/>\n<!-- \/ Yoast SEO Premium plugin. -->","yoast_head_json":{"title":"Petzl Verso - Sicherungs- & Abseilger\u00e4t g\u00fcnstig online kaufen | bolting.eu","description":"Petzl VERSO Abseil & Sicherungsger\u00e4t beim Kletter Hardwareprofi in Innsbruck kaufen \u2705 kostenloser Versand* \u2705 14 Tage R\u00fcckgaberecht \u2705 Co2 neutraler Versand","robots":{"index":"index","follow":"follow","max-snippet":"max-snippet:-1","max-image-preview":"max-image-preview:large","max-video-preview":"max-video-preview:-1"},"canonical":"https:\/\/bolting.eu\/en\/shop\/petzl-verso\/","og_locale":"en_US","og_type":"article","og_title":"Petzl Verso","og_description":"Petzl VERSO Abseil & Sicherungsger\u00e4t beim Kletter Hardwareprofi in Innsbruck kaufen \u2705 kostenloser Versand* \u2705 14 Tage R\u00fcckgaberecht \u2705 Co2 neutraler Versand","og_url":"https:\/\/bolting.eu\/en\/shop\/petzl-verso\/","og_site_name":"bolting.eu","article_publisher":"https:\/\/www.facebook.com\/bolting.eu","article_modified_time":"2025-12-17T15:18:16+00:00","og_image":[{"width":700,"height":700,"url":"https:\/\/bolting.eu\/wp-content\/uploads\/2024\/01\/Petzl-Verso-gruen-1.jpg","type":"image\/jpeg"}],"twitter_card":"summary_large_image","twitter_misc":{"Availability":"In stock"},"schema":{"@context":"https:\/\/schema.org","@graph":[{"@type":["WebPage","ItemPage"],"@id":"https:\/\/bolting.eu\/en\/shop\/petzl-verso\/","url":"https:\/\/bolting.eu\/en\/shop\/petzl-verso\/","name":"Petzl Verso - Sicherungs- & Abseilger\u00e4t g\u00fcnstig online kaufen | bolting.eu","isPartOf":{"@id":"https:\/\/bolting.eu\/en\/#website"},"primaryImageOfPage":{"@id":"https:\/\/bolting.eu\/en\/shop\/petzl-verso\/#primaryimage"},"image":{"@id":"https:\/\/bolting.eu\/en\/shop\/petzl-verso\/#primaryimage"},"thumbnailUrl":"https:\/\/bolting.eu\/wp-content\/uploads\/2024\/01\/Petzl-Verso-gruen-1.jpg","datePublished":"2024-01-23T13:02:54+00:00","dateModified":"2025-12-17T15:18:16+00:00","description":"Petzl VERSO Abseil & Sicherungsger\u00e4t beim Kletter Hardwareprofi in Innsbruck kaufen \u2705 kostenloser Versand* \u2705 14 Tage R\u00fcckgaberecht \u2705 Co2 neutraler Versand","breadcrumb":{"@id":"https:\/\/bolting.eu\/en\/shop\/petzl-verso\/#breadcrumb"},"inLanguage":"en-US","potentialAction":[{"@type":"ReadAction","target":["https:\/\/bolting.eu\/en\/shop\/petzl-verso\/"]}]},{"@type":"ImageObject","inLanguage":"en-US","@id":"https:\/\/bolting.eu\/en\/shop\/petzl-verso\/#primaryimage","url":"https:\/\/bolting.eu\/wp-content\/uploads\/2024\/01\/Petzl-Verso-gruen-1.jpg","contentUrl":"https:\/\/bolting.eu\/wp-content\/uploads\/2024\/01\/Petzl-Verso-gruen-1.jpg","width":700,"height":700,"caption":"Gr\u00fcneses Petzl Verso Sicherungsger\u00e4t von der Seite auf wei\u00dfem Hintergrund."},{"@type":"BreadcrumbList","@id":"https:\/\/bolting.eu\/en\/shop\/petzl-verso\/#breadcrumb","itemListElement":[{"@type":"ListItem","position":1,"name":"Shop","item":"https:\/\/bolting.eu\/en\/shop\/"},{"@type":"ListItem","position":2,"name":"climbing equipment","item":"https:\/\/bolting.eu\/en\/produkt-kategorie\/climbing-equipment\/"},{"@type":"ListItem","position":3,"name":"Sicherungsger\u00e4te Klettern","item":"https:\/\/bolting.eu\/produkt-kategorie\/kletterausruestung\/sicherungsgeraete-klettern\/"},{"@type":"ListItem","position":4,"name":"Petzl Verso"}]},{"@type":"WebSite","@id":"https:\/\/bolting.eu\/en\/#website","url":"https:\/\/bolting.eu\/en\/","name":"bolting.eu","description":"we make climbs happen","publisher":{"@id":"https:\/\/bolting.eu\/en\/#organization"},"potentialAction":[{"@type":"SearchAction","target":{"@type":"EntryPoint","urlTemplate":"https:\/\/bolting.eu\/en\/?s={search_term_string}"},"query-input":{"@type":"PropertyValueSpecification","valueRequired":true,"valueName":"search_term_string"}}],"inLanguage":"en-US"},{"@type":["Organization","Place","SportingGoodsStore"],"@id":"https:\/\/bolting.eu\/en\/#organization","name":"bolting.eu","url":"https:\/\/bolting.eu\/en\/","logo":{"@id":"https:\/\/bolting.eu\/en\/shop\/petzl-verso\/#local-main-organization-logo"},"image":{"@id":"https:\/\/bolting.eu\/en\/shop\/petzl-verso\/#local-main-organization-logo"},"sameAs":["https:\/\/www.facebook.com\/bolting.eu","https:\/\/www.instagram.com\/bolting.eu\/"],"address":{"@id":"https:\/\/bolting.eu\/en\/shop\/petzl-verso\/#local-main-place-address"},"geo":{"@type":"GeoCoordinates","latitude":"47.264176340396226","longitude":"11.380109057672346"},"telephone":["+43 699 19083372"],"openingHoursSpecification":[{"@type":"OpeningHoursSpecification","dayOfWeek":["Monday","Wednesday","Friday"],"opens":"14:00","closes":"18:00"},{"@type":"OpeningHoursSpecification","dayOfWeek":["Tuesday","Thursday","Saturday","Sunday"],"opens":"00:00","closes":"00:00"}],"email":"office@bolting.eu","vatID":"ATU59999728","priceRange":"$$","currenciesAccepted":"Euro"},{"@type":"PostalAddress","@id":"https:\/\/bolting.eu\/en\/shop\/petzl-verso\/#local-main-place-address","streetAddress":"Fischnalerstra\u00dfe 4","addressLocality":"Innsbruck","postalCode":"6020","addressRegion":"Tirol","addressCountry":"AT"},{"@type":"ImageObject","inLanguage":"en-US","@id":"https:\/\/bolting.eu\/en\/shop\/petzl-verso\/#local-main-organization-logo","url":"https:\/\/bolting.eu\/wp-content\/uploads\/2019\/09\/bolting-logo.png","contentUrl":"https:\/\/bolting.eu\/wp-content\/uploads\/2019\/09\/bolting-logo.png","width":400,"height":211,"caption":"bolting.eu"}]},"og_video":"https:\/\/www.youtube.com\/embed\/zdxekQrR-UM","og_video_type":"text\/html","og_video_duration":"84","og_video_width":"480","og_video_height":"270","ya_ovs_adult":"false","ya_ovs_upload_date":"2024-01-23T13:02:54+00:00","ya_ovs_allow_embed":"true","og_availability":"instock","product_availability":"instock","product_condition":"new","geo.placename":"Innsbruck","geo.position":{"lat":"47.264176340396226","long":"11.380109057672346"},"geo.region":"Austria"},"_links":{"self":[{"href":"https:\/\/bolting.eu\/en\/wp-json\/wp\/v2\/product\/18394","targetHints":{"allow":["GET"]}}],"collection":[{"href":"https:\/\/bolting.eu\/en\/wp-json\/wp\/v2\/product"}],"about":[{"href":"https:\/\/bolting.eu\/en\/wp-json\/wp\/v2\/types\/product"}],"replies":[{"embeddable":true,"href":"https:\/\/bolting.eu\/en\/wp-json\/wp\/v2\/comments?post=18394"}],"wp:featuredmedia":[{"embeddable":true,"href":"https:\/\/bolting.eu\/en\/wp-json\/wp\/v2\/media\/18402"}],"wp:attachment":[{"href":"https:\/\/bolting.eu\/en\/wp-json\/wp\/v2\/media?parent=18394"}],"wp:term":[{"taxonomy":"product_brand","embeddable":true,"href":"https:\/\/bolting.eu\/en\/wp-json\/wp\/v2\/product_brand?post=18394"},{"taxonomy":"product_cat","embeddable":true,"href":"https:\/\/bolting.eu\/en\/wp-json\/wp\/v2\/product_cat?post=18394"},{"taxonomy":"product_tag","embeddable":true,"href":"https:\/\/bolting.eu\/en\/wp-json\/wp\/v2\/product_tag?post=18394"}],"curies":[{"name":"wp","href":"https:\/\/api.w.org\/{rel}","templated":true}]}}