{"id":18389,"date":"2024-01-22T17:15:04","date_gmt":"2024-01-22T16:15:04","guid":{"rendered":"https:\/\/bolting.eu\/?post_type=product&#038;p=18389"},"modified":"2024-01-22T17:31:32","modified_gmt":"2024-01-22T16:31:32","slug":"wild-country-ropeman-2","status":"publish","type":"product","link":"https:\/\/bolting.eu\/en\/shop\/wild-country-ropeman-2\/","title":{"rendered":"Wild Country Ropeman 2"},"content":{"rendered":"<p>Der Wild Country Ropeman 2 ist eine kleine, sehr leichte Seilklemme.<\/p>\n<p>Er ist die logische Weiterentwicklung des <a href=\"https:\/\/bolting.eu\/shop\/wild-country-ropeman-1\/\">1-er Modells<\/a>. Denn diese Variante hat erstens einen abriebfesteren Klemmnocken aus Edelstahl.<\/p>\n<p>Und zweitens ist die Klemme f\u00fcr Einfachseile von 8-13mm geeignet. Folglich kann er auch bei Klettertouren mit d\u00fcnnen Einfachseilen verwendet werden.<\/p>\n<p>Fazit. Die universellere Variante des &#8220;Seilmannes&#8221; mit h\u00f6herwertigerer Ausf\u00fchrung und mehr Seil Optionen.<\/p>\n<h2>Eigenschaften Ropeman 2<\/h2>\n<ul>\n<li>Hersteller: <a href=\"https:\/\/bolting.eu\/produkt-kategorie\/wild-country\/\">Wild Country<\/a><\/li>\n<li>Material: Alu, Stahldraht<\/li>\n<li>Gewicht: 92 Gramm<\/li>\n<li>Normen: EN 567 \u2013 UIAA 126<\/li>\n<li>ultraleichte Seilklemme mit Edelstahl Klemmnocken<\/li>\n<li>f\u00fcr Seildurchmesser: 8 &#8211; 13mm<\/li>\n<li>f\u00fcr Seilaufstieg, Spaltenbergung, Flaschenz\u00fcge<\/li>\n<li>empfohlener Karabiner \/ Bandschlinge zum Einh\u00e4ngen der Verbindung zum Klettergurt: <a href=\"https:\/\/bolting.eu\/shop\/petzl-ok-ball-lock\/\">Petzl OK Ball Lock<\/a> und <a href=\"https:\/\/bolting.eu\/shop\/petzl-bandschlinge-stanneau\/\">60cm St\u00b4Anneau<\/a><\/li>\n<li>empfohlener Karabiner f\u00fcr die Drahtseilschlaufe: <a href=\"https:\/\/bolting.eu\/shop\/petzl-smd-wall-schnappkarabiner\/\">Petzl SM\u00b4D Wall<\/a><\/li>\n<li>f\u00fcr Spaltenbergung: <a href=\"https:\/\/bolting.eu\/shop\/beal-dyneema-rundschlinge-120cm\/\">120cm Bandschlinge<\/a><\/li>\n<li><a href=\"https:\/\/www.wildcountry.com\/media\/pdf\/c6\/4f\/46\/22aa012b-bfb3-49ab-9902-c15422706ce6.pdf\">Bedienungsanleitung<\/a><\/li>\n<\/ul>\n<h3>Unterschied zum 1-er Modell<\/h3>\n<p>Der Ropeman 2 wei\u00dft ein paar signifikante Unterschiede zur 1-er Version auf.<\/p>\n<p>Erstens ist dieses Modell f\u00fcr Kletterseile von 8 &#8211; 13mm zugelassen. Zweitens besteht der Klemmnocken aus abriebfesten Edelstahl. Und drittens befinden sich darauf scharfe Z\u00e4hne anstatt eckiger Kanten.<\/p>\n<p>Alles in allem gibt das mehr Flexibilit\u00e4t bei der Anwendung und eine h\u00f6here Lebensdauer.<\/p>\n<p>Im folgenden Video werden die Unterschiede nochmals ausf\u00fchrlich behandelt.<\/p>\n<p><iframe loading=\"lazy\" title=\"Ropeman 1 Vs  Ropeman 2 for Saddlehunting\" width=\"1020\" height=\"574\" src=\"https:\/\/www.youtube.com\/embed\/0DtTAk72bIg?feature=oembed\" frameborder=\"0\" allow=\"accelerometer; autoplay; clipboard-write; encrypted-media; gyroscope; picture-in-picture; web-share\" allowfullscreen><\/iframe><\/p>\n<h3>\u00a0Ideal f\u00fcr d\u00fcnnere Seile<\/h3>\n<p>Der Ropeman 2 von Wild Country ist die Weiterentwicklung der Originalversion. Die neuere Variante hat sich dabei in Richtung der modernen Einfachseile orientiert.<\/p>\n<p>Denn man kann schon Seile ab 8mm verwenden. Um das zu erm\u00f6glichen, wurde auch der Klemmnocken angepasst. D.h. hier wurde auf Edelstahl und scharfe Z\u00e4hne umgestellt.<\/p>\n","protected":false},"excerpt":{"rendered":"<p>Kleine, leichte Seilklemme f\u00fcr Einfachseile 8 \u2013 13mm mit Edelstahl Klemmnocken.<\/p>\n<p>Ideal f\u00fcr Notf\u00e4lle, behelfsm\u00e4\u00dfige Flaschenz\u00fcge und Spalten Selbstbergung.<\/p>\n<p>Versandkostenfrei bis 2kg in <img decoding=\"async\" class=\"emoji\" role=\"img\" draggable=\"false\" src=\"https:\/\/s.w.org\/images\/core\/emoji\/14.0.0\/svg\/1f1e6-1f1f9.svg\" alt=\"\ud83c\udde6\ud83c\uddf9\" \/> ab \u20ac 100,- und <img decoding=\"async\" class=\"emoji\" role=\"img\" draggable=\"false\" src=\"https:\/\/s.w.org\/images\/core\/emoji\/14.0.0\/svg\/1f1e9-1f1ea.svg\" alt=\"\ud83c\udde9\ud83c\uddea\" \/> ab \u20ac 200,-!<\/p>\n","protected":false},"featured_media":18393,"comment_status":"closed","ping_status":"closed","template":"","meta":[],"product_brand":[],"product_cat":[11051,13938,29,3660,4656],"product_tag":[],"class_list":{"0":"post-18389","1":"product","2":"type-product","3":"status-publish","4":"has-post-thumbnail","6":"product_cat-spaltenbergung","7":"product_cat-bergsteiger-ausruestung","8":"product_cat-kletterausruestung","9":"product_cat-steigklemmen-seilklemmen","10":"product_cat-wild-country","12":"first","13":"instock","14":"sale","15":"taxable","16":"shipping-taxable","17":"purchasable","18":"product-type-simple"},"yoast_head":"<!-- This site is optimized with the Yoast SEO Premium plugin v26.9 (Yoast SEO v26.9) - https:\/\/yoast.com\/product\/yoast-seo-premium-wordpress\/ -->\n<title>Wild Country Ropeman 2 - Seilkemme online kaufen | bolting.eu<\/title>\n<meta name=\"description\" content=\"Wild Country Ropeman 2 beim Kletter Hardwareprofi aus Innsbruck kaufen \u2705 kostenloser Versand* \u2705 14 Tage R\u00fcckgaberecht \u2705 Co2 neutraler Versand\" \/>\n<meta name=\"robots\" content=\"index, follow, max-snippet:-1, max-image-preview:large, max-video-preview:-1\" \/>\n<link rel=\"canonical\" href=\"https:\/\/bolting.eu\/en\/shop\/wild-country-ropeman-2\/\" \/>\n<meta property=\"og:locale\" content=\"en_US\" \/>\n<meta property=\"og:type\" content=\"article\" \/>\n<meta property=\"og:title\" content=\"Wild Country Ropeman 2\" \/>\n<meta property=\"og:description\" content=\"Wild Country Ropeman 2 beim Kletter Hardwareprofi aus Innsbruck kaufen \u2705 kostenloser Versand* \u2705 14 Tage R\u00fcckgaberecht \u2705 Co2 neutraler Versand\" \/>\n<meta property=\"og:url\" content=\"https:\/\/bolting.eu\/en\/shop\/wild-country-ropeman-2\/\" \/>\n<meta property=\"og:site_name\" content=\"bolting.eu\" \/>\n<meta property=\"article:publisher\" content=\"https:\/\/www.facebook.com\/bolting.eu\" \/>\n<meta property=\"article:modified_time\" content=\"2024-01-22T16:31:32+00:00\" \/>\n<meta property=\"og:image\" content=\"https:\/\/bolting.eu\/wp-content\/uploads\/2024\/01\/Wild-Country-Ropeman-2-black-1.jpg\" \/>\n\t<meta property=\"og:image:width\" content=\"700\" \/>\n\t<meta property=\"og:image:height\" content=\"700\" \/>\n\t<meta property=\"og:image:type\" content=\"image\/jpeg\" \/>\n<meta name=\"twitter:card\" content=\"summary_large_image\" \/>\n<meta name=\"twitter:label1\" content=\"Price\" \/>\n\t<meta name=\"twitter:data1\" content=\"&euro;&nbsp;70,00\" \/>\n\t<meta name=\"twitter:label2\" content=\"Availability\" \/>\n\t<meta name=\"twitter:data2\" content=\"In stock\" \/>\n<script type=\"application\/ld+json\" class=\"yoast-schema-graph\">{\"@context\":\"https:\/\/schema.org\",\"@graph\":[{\"@type\":[\"WebPage\",\"ItemPage\"],\"@id\":\"https:\/\/bolting.eu\/en\/shop\/wild-country-ropeman-2\/\",\"url\":\"https:\/\/bolting.eu\/en\/shop\/wild-country-ropeman-2\/\",\"name\":\"Wild Country Ropeman 2 - Seilkemme online kaufen | bolting.eu\",\"isPartOf\":{\"@id\":\"https:\/\/bolting.eu\/en\/#website\"},\"primaryImageOfPage\":{\"@id\":\"https:\/\/bolting.eu\/en\/shop\/wild-country-ropeman-2\/#primaryimage\"},\"image\":{\"@id\":\"https:\/\/bolting.eu\/en\/shop\/wild-country-ropeman-2\/#primaryimage\"},\"thumbnailUrl\":\"https:\/\/bolting.eu\/wp-content\/uploads\/2024\/01\/Wild-Country-Ropeman-2-black-1.jpg\",\"datePublished\":\"2024-01-22T16:15:04+00:00\",\"dateModified\":\"2024-01-22T16:31:32+00:00\",\"description\":\"Wild Country Ropeman 2 beim Kletter Hardwareprofi aus Innsbruck kaufen \u2705 kostenloser Versand* \u2705 14 Tage R\u00fcckgaberecht \u2705 Co2 neutraler Versand\",\"breadcrumb\":{\"@id\":\"https:\/\/bolting.eu\/en\/shop\/wild-country-ropeman-2\/#breadcrumb\"},\"inLanguage\":\"en-US\",\"potentialAction\":[{\"@type\":\"ReadAction\",\"target\":[\"https:\/\/bolting.eu\/en\/shop\/wild-country-ropeman-2\/\"]}]},{\"@type\":\"ImageObject\",\"inLanguage\":\"en-US\",\"@id\":\"https:\/\/bolting.eu\/en\/shop\/wild-country-ropeman-2\/#primaryimage\",\"url\":\"https:\/\/bolting.eu\/wp-content\/uploads\/2024\/01\/Wild-Country-Ropeman-2-black-1.jpg\",\"contentUrl\":\"https:\/\/bolting.eu\/wp-content\/uploads\/2024\/01\/Wild-Country-Ropeman-2-black-1.jpg\",\"width\":700,\"height\":700,\"caption\":\"Schwarze Wild Country Ropeman 2 Seilklemme mit Drahtschlinge auf wei\u00dfem Quadrat.\"},{\"@type\":\"BreadcrumbList\",\"@id\":\"https:\/\/bolting.eu\/en\/shop\/wild-country-ropeman-2\/#breadcrumb\",\"itemListElement\":[{\"@type\":\"ListItem\",\"position\":1,\"name\":\"Shop\",\"item\":\"https:\/\/bolting.eu\/en\/shop\/\"},{\"@type\":\"ListItem\",\"position\":2,\"name\":\"climbing equipment\",\"item\":\"https:\/\/bolting.eu\/en\/produkt-kategorie\/climbing-equipment\/\"},{\"@type\":\"ListItem\",\"position\":3,\"name\":\"Steigklemmen - Seilklemmen\",\"item\":\"https:\/\/bolting.eu\/produkt-kategorie\/kletterausruestung\/steigklemmen-seilklemmen\/\"},{\"@type\":\"ListItem\",\"position\":4,\"name\":\"Wild Country Ropeman 2\"}]},{\"@type\":\"WebSite\",\"@id\":\"https:\/\/bolting.eu\/en\/#website\",\"url\":\"https:\/\/bolting.eu\/en\/\",\"name\":\"bolting.eu\",\"description\":\"we make climbs happen\",\"publisher\":{\"@id\":\"https:\/\/bolting.eu\/en\/#organization\"},\"potentialAction\":[{\"@type\":\"SearchAction\",\"target\":{\"@type\":\"EntryPoint\",\"urlTemplate\":\"https:\/\/bolting.eu\/en\/?s={search_term_string}\"},\"query-input\":{\"@type\":\"PropertyValueSpecification\",\"valueRequired\":true,\"valueName\":\"search_term_string\"}}],\"inLanguage\":\"en-US\"},{\"@type\":[\"Organization\",\"Place\",\"SportingGoodsStore\"],\"@id\":\"https:\/\/bolting.eu\/en\/#organization\",\"name\":\"bolting.eu\",\"url\":\"https:\/\/bolting.eu\/en\/\",\"logo\":{\"@id\":\"https:\/\/bolting.eu\/en\/shop\/wild-country-ropeman-2\/#local-main-organization-logo\"},\"image\":{\"@id\":\"https:\/\/bolting.eu\/en\/shop\/wild-country-ropeman-2\/#local-main-organization-logo\"},\"sameAs\":[\"https:\/\/www.facebook.com\/bolting.eu\",\"https:\/\/www.instagram.com\/bolting.eu\/\"],\"address\":{\"@id\":\"https:\/\/bolting.eu\/en\/shop\/wild-country-ropeman-2\/#local-main-place-address\"},\"geo\":{\"@type\":\"GeoCoordinates\",\"latitude\":\"47.264176340396226\",\"longitude\":\"11.380109057672346\"},\"telephone\":[\"+43 699 19083372\"],\"openingHoursSpecification\":[{\"@type\":\"OpeningHoursSpecification\",\"dayOfWeek\":[\"Monday\",\"Wednesday\",\"Friday\"],\"opens\":\"14:00\",\"closes\":\"18:00\"},{\"@type\":\"OpeningHoursSpecification\",\"dayOfWeek\":[\"Tuesday\",\"Thursday\",\"Saturday\",\"Sunday\"],\"opens\":\"00:00\",\"closes\":\"00:00\"}],\"email\":\"office@bolting.eu\",\"vatID\":\"ATU59999728\",\"priceRange\":\"$$\",\"currenciesAccepted\":\"Euro\"},{\"@type\":\"PostalAddress\",\"@id\":\"https:\/\/bolting.eu\/en\/shop\/wild-country-ropeman-2\/#local-main-place-address\",\"streetAddress\":\"Fischnalerstra\u00dfe 4\",\"addressLocality\":\"Innsbruck\",\"postalCode\":\"6020\",\"addressRegion\":\"Tirol\",\"addressCountry\":\"AT\"},{\"@type\":\"ImageObject\",\"inLanguage\":\"en-US\",\"@id\":\"https:\/\/bolting.eu\/en\/shop\/wild-country-ropeman-2\/#local-main-organization-logo\",\"url\":\"https:\/\/bolting.eu\/wp-content\/uploads\/2019\/09\/bolting-logo.png\",\"contentUrl\":\"https:\/\/bolting.eu\/wp-content\/uploads\/2019\/09\/bolting-logo.png\",\"width\":400,\"height\":211,\"caption\":\"bolting.eu\"}]}<\/script>\n<meta property=\"og:video\" content=\"https:\/\/www.youtube.com\/embed\/0DtTAk72bIg\" \/>\n<meta property=\"og:video:type\" content=\"text\/html\" \/>\n<meta property=\"og:video:duration\" content=\"506\" \/>\n<meta property=\"og:video:width\" content=\"480\" \/>\n<meta property=\"og:video:height\" content=\"270\" \/>\n<meta property=\"ya:ovs:adult\" content=\"false\" \/>\n<meta property=\"ya:ovs:upload_date\" content=\"2024-01-22T16:15:04+00:00\" \/>\n<meta property=\"ya:ovs:allow_embed\" content=\"true\" \/>\n<meta property=\"product:price:amount\" content=\"70.00\" \/>\n<meta property=\"product:price:currency\" content=\"EUR\" \/>\n<meta property=\"og:availability\" content=\"instock\" \/>\n<meta property=\"product:availability\" content=\"instock\" \/>\n<meta property=\"product:retailer_item_id\" content=\"40-Rope2\" \/>\n<meta property=\"product:condition\" content=\"new\" \/>\n<meta name=\"geo.placename\" content=\"Innsbruck\" \/>\n<meta name=\"geo.position\" content=\"47.264176340396226;11.380109057672346\" \/>\n<meta name=\"geo.region\" content=\"Austria\" \/>\n<!-- \/ Yoast SEO Premium plugin. -->","yoast_head_json":{"title":"Wild Country Ropeman 2 - Seilkemme online kaufen | bolting.eu","description":"Wild Country Ropeman 2 beim Kletter Hardwareprofi aus Innsbruck kaufen \u2705 kostenloser Versand* \u2705 14 Tage R\u00fcckgaberecht \u2705 Co2 neutraler Versand","robots":{"index":"index","follow":"follow","max-snippet":"max-snippet:-1","max-image-preview":"max-image-preview:large","max-video-preview":"max-video-preview:-1"},"canonical":"https:\/\/bolting.eu\/en\/shop\/wild-country-ropeman-2\/","og_locale":"en_US","og_type":"article","og_title":"Wild Country Ropeman 2","og_description":"Wild Country Ropeman 2 beim Kletter Hardwareprofi aus Innsbruck kaufen \u2705 kostenloser Versand* \u2705 14 Tage R\u00fcckgaberecht \u2705 Co2 neutraler Versand","og_url":"https:\/\/bolting.eu\/en\/shop\/wild-country-ropeman-2\/","og_site_name":"bolting.eu","article_publisher":"https:\/\/www.facebook.com\/bolting.eu","article_modified_time":"2024-01-22T16:31:32+00:00","og_image":[{"width":700,"height":700,"url":"https:\/\/bolting.eu\/wp-content\/uploads\/2024\/01\/Wild-Country-Ropeman-2-black-1.jpg","type":"image\/jpeg"}],"twitter_card":"summary_large_image","twitter_misc":{"Price":"&euro;&nbsp;70,00","Availability":"In stock"},"schema":{"@context":"https:\/\/schema.org","@graph":[{"@type":["WebPage","ItemPage"],"@id":"https:\/\/bolting.eu\/en\/shop\/wild-country-ropeman-2\/","url":"https:\/\/bolting.eu\/en\/shop\/wild-country-ropeman-2\/","name":"Wild Country Ropeman 2 - Seilkemme online kaufen | bolting.eu","isPartOf":{"@id":"https:\/\/bolting.eu\/en\/#website"},"primaryImageOfPage":{"@id":"https:\/\/bolting.eu\/en\/shop\/wild-country-ropeman-2\/#primaryimage"},"image":{"@id":"https:\/\/bolting.eu\/en\/shop\/wild-country-ropeman-2\/#primaryimage"},"thumbnailUrl":"https:\/\/bolting.eu\/wp-content\/uploads\/2024\/01\/Wild-Country-Ropeman-2-black-1.jpg","datePublished":"2024-01-22T16:15:04+00:00","dateModified":"2024-01-22T16:31:32+00:00","description":"Wild Country Ropeman 2 beim Kletter Hardwareprofi aus Innsbruck kaufen \u2705 kostenloser Versand* \u2705 14 Tage R\u00fcckgaberecht \u2705 Co2 neutraler Versand","breadcrumb":{"@id":"https:\/\/bolting.eu\/en\/shop\/wild-country-ropeman-2\/#breadcrumb"},"inLanguage":"en-US","potentialAction":[{"@type":"ReadAction","target":["https:\/\/bolting.eu\/en\/shop\/wild-country-ropeman-2\/"]}]},{"@type":"ImageObject","inLanguage":"en-US","@id":"https:\/\/bolting.eu\/en\/shop\/wild-country-ropeman-2\/#primaryimage","url":"https:\/\/bolting.eu\/wp-content\/uploads\/2024\/01\/Wild-Country-Ropeman-2-black-1.jpg","contentUrl":"https:\/\/bolting.eu\/wp-content\/uploads\/2024\/01\/Wild-Country-Ropeman-2-black-1.jpg","width":700,"height":700,"caption":"Schwarze Wild Country Ropeman 2 Seilklemme mit Drahtschlinge auf wei\u00dfem Quadrat."},{"@type":"BreadcrumbList","@id":"https:\/\/bolting.eu\/en\/shop\/wild-country-ropeman-2\/#breadcrumb","itemListElement":[{"@type":"ListItem","position":1,"name":"Shop","item":"https:\/\/bolting.eu\/en\/shop\/"},{"@type":"ListItem","position":2,"name":"climbing equipment","item":"https:\/\/bolting.eu\/en\/produkt-kategorie\/climbing-equipment\/"},{"@type":"ListItem","position":3,"name":"Steigklemmen - Seilklemmen","item":"https:\/\/bolting.eu\/produkt-kategorie\/kletterausruestung\/steigklemmen-seilklemmen\/"},{"@type":"ListItem","position":4,"name":"Wild Country Ropeman 2"}]},{"@type":"WebSite","@id":"https:\/\/bolting.eu\/en\/#website","url":"https:\/\/bolting.eu\/en\/","name":"bolting.eu","description":"we make climbs happen","publisher":{"@id":"https:\/\/bolting.eu\/en\/#organization"},"potentialAction":[{"@type":"SearchAction","target":{"@type":"EntryPoint","urlTemplate":"https:\/\/bolting.eu\/en\/?s={search_term_string}"},"query-input":{"@type":"PropertyValueSpecification","valueRequired":true,"valueName":"search_term_string"}}],"inLanguage":"en-US"},{"@type":["Organization","Place","SportingGoodsStore"],"@id":"https:\/\/bolting.eu\/en\/#organization","name":"bolting.eu","url":"https:\/\/bolting.eu\/en\/","logo":{"@id":"https:\/\/bolting.eu\/en\/shop\/wild-country-ropeman-2\/#local-main-organization-logo"},"image":{"@id":"https:\/\/bolting.eu\/en\/shop\/wild-country-ropeman-2\/#local-main-organization-logo"},"sameAs":["https:\/\/www.facebook.com\/bolting.eu","https:\/\/www.instagram.com\/bolting.eu\/"],"address":{"@id":"https:\/\/bolting.eu\/en\/shop\/wild-country-ropeman-2\/#local-main-place-address"},"geo":{"@type":"GeoCoordinates","latitude":"47.264176340396226","longitude":"11.380109057672346"},"telephone":["+43 699 19083372"],"openingHoursSpecification":[{"@type":"OpeningHoursSpecification","dayOfWeek":["Monday","Wednesday","Friday"],"opens":"14:00","closes":"18:00"},{"@type":"OpeningHoursSpecification","dayOfWeek":["Tuesday","Thursday","Saturday","Sunday"],"opens":"00:00","closes":"00:00"}],"email":"office@bolting.eu","vatID":"ATU59999728","priceRange":"$$","currenciesAccepted":"Euro"},{"@type":"PostalAddress","@id":"https:\/\/bolting.eu\/en\/shop\/wild-country-ropeman-2\/#local-main-place-address","streetAddress":"Fischnalerstra\u00dfe 4","addressLocality":"Innsbruck","postalCode":"6020","addressRegion":"Tirol","addressCountry":"AT"},{"@type":"ImageObject","inLanguage":"en-US","@id":"https:\/\/bolting.eu\/en\/shop\/wild-country-ropeman-2\/#local-main-organization-logo","url":"https:\/\/bolting.eu\/wp-content\/uploads\/2019\/09\/bolting-logo.png","contentUrl":"https:\/\/bolting.eu\/wp-content\/uploads\/2019\/09\/bolting-logo.png","width":400,"height":211,"caption":"bolting.eu"}]},"og_video":"https:\/\/www.youtube.com\/embed\/0DtTAk72bIg","og_video_type":"text\/html","og_video_duration":"506","og_video_width":"480","og_video_height":"270","ya_ovs_adult":"false","ya_ovs_upload_date":"2024-01-22T16:15:04+00:00","ya_ovs_allow_embed":"true","product_price_amount":"70.00","product_price_currency":"EUR","og_availability":"instock","product_availability":"instock","product_retailer_item_id":"40-Rope2","product_condition":"new","geo.placename":"Innsbruck","geo.position":{"lat":"47.264176340396226","long":"11.380109057672346"},"geo.region":"Austria"},"_links":{"self":[{"href":"https:\/\/bolting.eu\/en\/wp-json\/wp\/v2\/product\/18389","targetHints":{"allow":["GET"]}}],"collection":[{"href":"https:\/\/bolting.eu\/en\/wp-json\/wp\/v2\/product"}],"about":[{"href":"https:\/\/bolting.eu\/en\/wp-json\/wp\/v2\/types\/product"}],"replies":[{"embeddable":true,"href":"https:\/\/bolting.eu\/en\/wp-json\/wp\/v2\/comments?post=18389"}],"wp:featuredmedia":[{"embeddable":true,"href":"https:\/\/bolting.eu\/en\/wp-json\/wp\/v2\/media\/18393"}],"wp:attachment":[{"href":"https:\/\/bolting.eu\/en\/wp-json\/wp\/v2\/media?parent=18389"}],"wp:term":[{"taxonomy":"product_brand","embeddable":true,"href":"https:\/\/bolting.eu\/en\/wp-json\/wp\/v2\/product_brand?post=18389"},{"taxonomy":"product_cat","embeddable":true,"href":"https:\/\/bolting.eu\/en\/wp-json\/wp\/v2\/product_cat?post=18389"},{"taxonomy":"product_tag","embeddable":true,"href":"https:\/\/bolting.eu\/en\/wp-json\/wp\/v2\/product_tag?post=18389"}],"curies":[{"name":"wp","href":"https:\/\/api.w.org\/{rel}","templated":true}]}}