{"id":18384,"date":"2024-01-22T16:10:21","date_gmt":"2024-01-22T15:10:21","guid":{"rendered":"https:\/\/bolting.eu\/?post_type=product&#038;p=18384"},"modified":"2024-05-15T14:15:36","modified_gmt":"2024-05-15T12:15:36","slug":"wild-country-ropeman-1","status":"publish","type":"product","link":"https:\/\/bolting.eu\/en\/shop\/wild-country-ropeman-1\/","title":{"rendered":"Wild Country Ropeman 1"},"content":{"rendered":"<p>Der Wild County Ropeman 1 ist eine ultraleichte <a href=\"https:\/\/bolting.eu\/produkt-kategorie\/kletterausruestung\/steigklemmen-seilklemmen\/\">Steigklemme<\/a>. Er kann f\u00fcr Kletterseile von <strong>10mm<\/strong> <strong>-13mm<\/strong> verwendet werden.<\/p>\n<p>Dieses Modell ist der originale &#8220;Seilmann. Er wird seit 1994 produziert. Heute ist er jene Variante, die eben f\u00fcr die dickeren Seile verwendet wird. Sie ist 2023 noch kleiner und leichter geworden.<\/p>\n<p>F\u00fcr d\u00fcnnere Seile (<strong>ab 8mm aufw\u00e4rts<\/strong>) k\u00f6nnt ihr das 2er Modell bestellen.<\/p>\n<h3>Eigenschaften Ropeman1<\/h3>\n<ul>\n<li>Hersteller: <a href=\"https:\/\/bolting.eu\/produkt-kategorie\/wild-country\/\">Wild Country<\/a><\/li>\n<li>Material: Alu, Stahldraht<\/li>\n<li>Gewicht: 62 Gramm<\/li>\n<li>Normen: EN 567 &#8211; UIAA 126<\/li>\n<li>f\u00fcr Seildurchmesser: 10 &#8211; 13mm<\/li>\n<li>ultraleichte Seilklemme<\/li>\n<li>f\u00fcr Seilaufstieg, Spaltenbergung, Flaschenz\u00fcge<\/li>\n<li>empfohlener Karabiner \/ Bandschlinge zum Einh\u00e4ngen der Verbindung zum Klettergurt: <a href=\"https:\/\/bolting.eu\/shop\/petzl-ok-ball-lock\/\">Petzl OK Ball Lock<\/a> und <a href=\"https:\/\/bolting.eu\/shop\/petzl-bandschlinge-stanneau\/\">60cm St\u00b4Anneau<\/a><\/li>\n<li>empfohlener Karabiner f\u00fcr die Drahtseilschlaufe: <a href=\"https:\/\/bolting.eu\/shop\/petzl-smd-wall-schnappkarabiner\/\">Petzl SM\u00b4D Wall<\/a><\/li>\n<li>f\u00fcr Spaltenbergung: <a href=\"https:\/\/bolting.eu\/shop\/beal-dyneema-rundschlinge-120cm\/\">120cm Bandschlinge<\/a><\/li>\n<li><a href=\"https:\/\/www.wildcountry.com\/media\/pdf\/c6\/4f\/46\/22aa012b-bfb3-49ab-9902-c15422706ce6.pdf\">Bedienungsanleitung<\/a><\/li>\n<\/ul>\n<h3>Produktvideo zur Verwendung<\/h3>\n<p>Im Folgenden erkl\u00e4rt euch Wild Country selbst die Verwendung des Ropeman 1. Das geschieht anhand des Aufstiegs am Seil mit zwei Klemmen bzw. <a href=\"https:\/\/bolting.eu\/produkt-kategorie\/kletterausruestung\/bandschlinge\/\">Bandschlingen<\/a>.<\/p>\n<p><iframe loading=\"lazy\" title=\"Wild Country Ropeman &#039;How To&#039; series - 1 - Ascending a Rope with a Ropeman.\" width=\"1020\" height=\"574\" src=\"https:\/\/www.youtube.com\/embed\/Cd7ES8PvfqY?feature=oembed\" frameborder=\"0\" allow=\"accelerometer; autoplay; clipboard-write; encrypted-media; gyroscope; picture-in-picture; web-share\" referrerpolicy=\"strict-origin-when-cross-origin\" allowfullscreen><\/iframe><\/p>\n<h3>Leicht &amp; klein f\u00fcr Notf\u00e4lle<\/h3>\n<p>Diese Seilklemme ist extrem leicht und klein. Somit kann man sie immer und \u00fcberall mitnehmen.<\/p>\n<p>Das macht den Ropeman1 besonders interessant f\u00fcr alle Notsituationen. Durch die Seildurchmesser von 10 &#8211; 13mm wird dies sehr wahrscheinlich eine dieser Anwendungen betreffen.<\/p>\n<p>Erstens die Spaltenbergung. Hier kann die Klemme ideal f\u00fcr die Selbstrettung verwendet werden.<\/p>\n<p>Zweitens f\u00fcr die H\u00f6henarbeit. Denn hier werden eher dickere Seildurchmesser verwendet.<\/p>\n<p>Und drittens Rettungsorganisationen. Auch hier werden meist dickere Seile verwendet. Somit ist dieses Modell ideal.<\/p>\n<h3>Ovale Karabiner ideal!<\/h3>\n<p>In die Karabiner\u00f6se des Ropeman 1 von Wild Country passen bevorzugt ovale <a href=\"https:\/\/bolting.eu\/produkt-kategorie\/kletterausruestung\/kletterkarabiner\/\">Karabiner<\/a>. Denn diese haben einen symmetrischen Scheitel.<\/p>\n<p>Somit kommt die Seilklemme genau in der Mitte zu Liegen. Zudem richtet sich der Karabiner ideal in Belastungsrichtung aus.<\/p>\n<p>Als Verbindung zum Klettergurt eignet sich am besten eine 60cm Bandschlinge.<\/p>\n","protected":false},"excerpt":{"rendered":"<p>Kleine, ultraleichte Seilklemme f\u00fcr Einfachseile 10 &#8211; 13mm.<\/p>\n<p>Ideal f\u00fcr Notf\u00e4lle, behelfsm\u00e4\u00dfige Flaschenz\u00fcge und Spalten Selbstbergung.<\/p>\n<p>Versandkostenfrei bis 2kg in <img decoding=\"async\" class=\"emoji\" role=\"img\" draggable=\"false\" src=\"https:\/\/s.w.org\/images\/core\/emoji\/14.0.0\/svg\/1f1e6-1f1f9.svg\" alt=\"\ud83c\udde6\ud83c\uddf9\" \/> ab \u20ac 100,- und <img decoding=\"async\" class=\"emoji\" role=\"img\" draggable=\"false\" src=\"https:\/\/s.w.org\/images\/core\/emoji\/14.0.0\/svg\/1f1e9-1f1ea.svg\" alt=\"\ud83c\udde9\ud83c\uddea\" \/> ab \u20ac 200,-!<\/p>\n","protected":false},"featured_media":18387,"comment_status":"closed","ping_status":"closed","template":"","meta":[],"product_brand":[],"product_cat":[11051,13938,29,3660,4656],"product_tag":[],"class_list":{"0":"post-18384","1":"product","2":"type-product","3":"status-publish","4":"has-post-thumbnail","6":"product_cat-spaltenbergung","7":"product_cat-bergsteiger-ausruestung","8":"product_cat-kletterausruestung","9":"product_cat-steigklemmen-seilklemmen","10":"product_cat-wild-country","12":"first","13":"instock","14":"sale","15":"taxable","16":"shipping-taxable","17":"purchasable","18":"product-type-simple"},"yoast_head":"<!-- This site is optimized with the Yoast SEO Premium plugin v26.9 (Yoast SEO v26.9) - https:\/\/yoast.com\/product\/yoast-seo-premium-wordpress\/ -->\n<title>Wild Country Ropeman 1 - ultraleichte Seilklemme online kaufen | bolting.eu<\/title>\n<meta name=\"description\" content=\"Wild Country Ropeman 1 beim Kletter Hardwareprofi aus Innsbruck kaufen \u2705 kostenloser Versand* \u2705 14 Tage R\u00fcckgaberecht \u2705 Co2 neutraler Versand\" \/>\n<meta name=\"robots\" content=\"index, follow, max-snippet:-1, max-image-preview:large, max-video-preview:-1\" \/>\n<link rel=\"canonical\" href=\"https:\/\/bolting.eu\/en\/shop\/wild-country-ropeman-1\/\" \/>\n<meta property=\"og:locale\" content=\"en_US\" \/>\n<meta property=\"og:type\" content=\"article\" \/>\n<meta property=\"og:title\" content=\"Wild Country Ropeman 1\" \/>\n<meta property=\"og:description\" content=\"Wild Country Ropeman 1 beim Kletter Hardwareprofi aus Innsbruck kaufen \u2705 kostenloser Versand* \u2705 14 Tage R\u00fcckgaberecht \u2705 Co2 neutraler Versand\" \/>\n<meta property=\"og:url\" content=\"https:\/\/bolting.eu\/en\/shop\/wild-country-ropeman-1\/\" \/>\n<meta property=\"og:site_name\" content=\"bolting.eu\" \/>\n<meta property=\"article:publisher\" content=\"https:\/\/www.facebook.com\/bolting.eu\" \/>\n<meta property=\"article:modified_time\" content=\"2024-05-15T12:15:36+00:00\" \/>\n<meta property=\"og:image\" content=\"https:\/\/bolting.eu\/wp-content\/uploads\/2024\/01\/Wild-Country-Ropeman-1-orange.jpg\" \/>\n\t<meta property=\"og:image:width\" content=\"700\" \/>\n\t<meta property=\"og:image:height\" content=\"700\" \/>\n\t<meta property=\"og:image:type\" content=\"image\/jpeg\" \/>\n<meta name=\"twitter:card\" content=\"summary_large_image\" \/>\n<meta name=\"twitter:label1\" content=\"Price\" \/>\n\t<meta name=\"twitter:data1\" content=\"&euro;&nbsp;65,00\" \/>\n\t<meta name=\"twitter:label2\" content=\"Availability\" \/>\n\t<meta name=\"twitter:data2\" content=\"In stock\" \/>\n<script type=\"application\/ld+json\" class=\"yoast-schema-graph\">{\"@context\":\"https:\/\/schema.org\",\"@graph\":[{\"@type\":[\"WebPage\",\"ItemPage\"],\"@id\":\"https:\/\/bolting.eu\/en\/shop\/wild-country-ropeman-1\/\",\"url\":\"https:\/\/bolting.eu\/en\/shop\/wild-country-ropeman-1\/\",\"name\":\"Wild Country Ropeman 1 - ultraleichte Seilklemme online kaufen | bolting.eu\",\"isPartOf\":{\"@id\":\"https:\/\/bolting.eu\/en\/#website\"},\"primaryImageOfPage\":{\"@id\":\"https:\/\/bolting.eu\/en\/shop\/wild-country-ropeman-1\/#primaryimage\"},\"image\":{\"@id\":\"https:\/\/bolting.eu\/en\/shop\/wild-country-ropeman-1\/#primaryimage\"},\"thumbnailUrl\":\"https:\/\/bolting.eu\/wp-content\/uploads\/2024\/01\/Wild-Country-Ropeman-1-orange.jpg\",\"datePublished\":\"2024-01-22T15:10:21+00:00\",\"dateModified\":\"2024-05-15T12:15:36+00:00\",\"description\":\"Wild Country Ropeman 1 beim Kletter Hardwareprofi aus Innsbruck kaufen \u2705 kostenloser Versand* \u2705 14 Tage R\u00fcckgaberecht \u2705 Co2 neutraler Versand\",\"breadcrumb\":{\"@id\":\"https:\/\/bolting.eu\/en\/shop\/wild-country-ropeman-1\/#breadcrumb\"},\"inLanguage\":\"en-US\",\"potentialAction\":[{\"@type\":\"ReadAction\",\"target\":[\"https:\/\/bolting.eu\/en\/shop\/wild-country-ropeman-1\/\"]}]},{\"@type\":\"ImageObject\",\"inLanguage\":\"en-US\",\"@id\":\"https:\/\/bolting.eu\/en\/shop\/wild-country-ropeman-1\/#primaryimage\",\"url\":\"https:\/\/bolting.eu\/wp-content\/uploads\/2024\/01\/Wild-Country-Ropeman-1-orange.jpg\",\"contentUrl\":\"https:\/\/bolting.eu\/wp-content\/uploads\/2024\/01\/Wild-Country-Ropeman-1-orange.jpg\",\"width\":700,\"height\":700,\"caption\":\"Oranger Wild Country Ropeman 1 auf wei\u00dfem Quadrat.\"},{\"@type\":\"BreadcrumbList\",\"@id\":\"https:\/\/bolting.eu\/en\/shop\/wild-country-ropeman-1\/#breadcrumb\",\"itemListElement\":[{\"@type\":\"ListItem\",\"position\":1,\"name\":\"Shop\",\"item\":\"https:\/\/bolting.eu\/en\/shop\/\"},{\"@type\":\"ListItem\",\"position\":2,\"name\":\"climbing equipment\",\"item\":\"https:\/\/bolting.eu\/en\/produkt-kategorie\/climbing-equipment\/\"},{\"@type\":\"ListItem\",\"position\":3,\"name\":\"Steigklemmen - Seilklemmen\",\"item\":\"https:\/\/bolting.eu\/produkt-kategorie\/kletterausruestung\/steigklemmen-seilklemmen\/\"},{\"@type\":\"ListItem\",\"position\":4,\"name\":\"Wild Country Ropeman 1\"}]},{\"@type\":\"WebSite\",\"@id\":\"https:\/\/bolting.eu\/en\/#website\",\"url\":\"https:\/\/bolting.eu\/en\/\",\"name\":\"bolting.eu\",\"description\":\"we make climbs happen\",\"publisher\":{\"@id\":\"https:\/\/bolting.eu\/en\/#organization\"},\"potentialAction\":[{\"@type\":\"SearchAction\",\"target\":{\"@type\":\"EntryPoint\",\"urlTemplate\":\"https:\/\/bolting.eu\/en\/?s={search_term_string}\"},\"query-input\":{\"@type\":\"PropertyValueSpecification\",\"valueRequired\":true,\"valueName\":\"search_term_string\"}}],\"inLanguage\":\"en-US\"},{\"@type\":[\"Organization\",\"Place\",\"SportingGoodsStore\"],\"@id\":\"https:\/\/bolting.eu\/en\/#organization\",\"name\":\"bolting.eu\",\"url\":\"https:\/\/bolting.eu\/en\/\",\"logo\":{\"@id\":\"https:\/\/bolting.eu\/en\/shop\/wild-country-ropeman-1\/#local-main-organization-logo\"},\"image\":{\"@id\":\"https:\/\/bolting.eu\/en\/shop\/wild-country-ropeman-1\/#local-main-organization-logo\"},\"sameAs\":[\"https:\/\/www.facebook.com\/bolting.eu\",\"https:\/\/www.instagram.com\/bolting.eu\/\"],\"address\":{\"@id\":\"https:\/\/bolting.eu\/en\/shop\/wild-country-ropeman-1\/#local-main-place-address\"},\"geo\":{\"@type\":\"GeoCoordinates\",\"latitude\":\"47.264176340396226\",\"longitude\":\"11.380109057672346\"},\"telephone\":[\"+43 699 19083372\"],\"openingHoursSpecification\":[{\"@type\":\"OpeningHoursSpecification\",\"dayOfWeek\":[\"Monday\",\"Wednesday\",\"Friday\"],\"opens\":\"14:00\",\"closes\":\"18:00\"},{\"@type\":\"OpeningHoursSpecification\",\"dayOfWeek\":[\"Tuesday\",\"Thursday\",\"Saturday\",\"Sunday\"],\"opens\":\"00:00\",\"closes\":\"00:00\"}],\"email\":\"office@bolting.eu\",\"vatID\":\"ATU59999728\",\"priceRange\":\"$$\",\"currenciesAccepted\":\"Euro\"},{\"@type\":\"PostalAddress\",\"@id\":\"https:\/\/bolting.eu\/en\/shop\/wild-country-ropeman-1\/#local-main-place-address\",\"streetAddress\":\"Fischnalerstra\u00dfe 4\",\"addressLocality\":\"Innsbruck\",\"postalCode\":\"6020\",\"addressRegion\":\"Tirol\",\"addressCountry\":\"AT\"},{\"@type\":\"ImageObject\",\"inLanguage\":\"en-US\",\"@id\":\"https:\/\/bolting.eu\/en\/shop\/wild-country-ropeman-1\/#local-main-organization-logo\",\"url\":\"https:\/\/bolting.eu\/wp-content\/uploads\/2019\/09\/bolting-logo.png\",\"contentUrl\":\"https:\/\/bolting.eu\/wp-content\/uploads\/2019\/09\/bolting-logo.png\",\"width\":400,\"height\":211,\"caption\":\"bolting.eu\"}]}<\/script>\n<meta property=\"og:video\" content=\"https:\/\/www.youtube.com\/embed\/Cd7ES8PvfqY\" \/>\n<meta property=\"og:video:type\" content=\"text\/html\" \/>\n<meta property=\"og:video:duration\" content=\"417\" \/>\n<meta property=\"og:video:width\" content=\"480\" \/>\n<meta property=\"og:video:height\" content=\"270\" \/>\n<meta property=\"ya:ovs:adult\" content=\"false\" \/>\n<meta property=\"ya:ovs:upload_date\" content=\"2024-01-22T15:10:21+00:00\" \/>\n<meta property=\"ya:ovs:allow_embed\" content=\"true\" \/>\n<meta property=\"product:price:amount\" content=\"65.00\" \/>\n<meta property=\"product:price:currency\" content=\"EUR\" \/>\n<meta property=\"og:availability\" content=\"instock\" \/>\n<meta property=\"product:availability\" content=\"instock\" \/>\n<meta property=\"product:retailer_item_id\" content=\"40-Rope1\" \/>\n<meta property=\"product:condition\" content=\"new\" \/>\n<meta name=\"geo.placename\" content=\"Innsbruck\" \/>\n<meta name=\"geo.position\" content=\"47.264176340396226;11.380109057672346\" \/>\n<meta name=\"geo.region\" content=\"Austria\" \/>\n<!-- \/ Yoast SEO Premium plugin. -->","yoast_head_json":{"title":"Wild Country Ropeman 1 - ultraleichte Seilklemme online kaufen | bolting.eu","description":"Wild Country Ropeman 1 beim Kletter Hardwareprofi aus Innsbruck kaufen \u2705 kostenloser Versand* \u2705 14 Tage R\u00fcckgaberecht \u2705 Co2 neutraler Versand","robots":{"index":"index","follow":"follow","max-snippet":"max-snippet:-1","max-image-preview":"max-image-preview:large","max-video-preview":"max-video-preview:-1"},"canonical":"https:\/\/bolting.eu\/en\/shop\/wild-country-ropeman-1\/","og_locale":"en_US","og_type":"article","og_title":"Wild Country Ropeman 1","og_description":"Wild Country Ropeman 1 beim Kletter Hardwareprofi aus Innsbruck kaufen \u2705 kostenloser Versand* \u2705 14 Tage R\u00fcckgaberecht \u2705 Co2 neutraler Versand","og_url":"https:\/\/bolting.eu\/en\/shop\/wild-country-ropeman-1\/","og_site_name":"bolting.eu","article_publisher":"https:\/\/www.facebook.com\/bolting.eu","article_modified_time":"2024-05-15T12:15:36+00:00","og_image":[{"width":700,"height":700,"url":"https:\/\/bolting.eu\/wp-content\/uploads\/2024\/01\/Wild-Country-Ropeman-1-orange.jpg","type":"image\/jpeg"}],"twitter_card":"summary_large_image","twitter_misc":{"Price":"&euro;&nbsp;65,00","Availability":"In stock"},"schema":{"@context":"https:\/\/schema.org","@graph":[{"@type":["WebPage","ItemPage"],"@id":"https:\/\/bolting.eu\/en\/shop\/wild-country-ropeman-1\/","url":"https:\/\/bolting.eu\/en\/shop\/wild-country-ropeman-1\/","name":"Wild Country Ropeman 1 - ultraleichte Seilklemme online kaufen | bolting.eu","isPartOf":{"@id":"https:\/\/bolting.eu\/en\/#website"},"primaryImageOfPage":{"@id":"https:\/\/bolting.eu\/en\/shop\/wild-country-ropeman-1\/#primaryimage"},"image":{"@id":"https:\/\/bolting.eu\/en\/shop\/wild-country-ropeman-1\/#primaryimage"},"thumbnailUrl":"https:\/\/bolting.eu\/wp-content\/uploads\/2024\/01\/Wild-Country-Ropeman-1-orange.jpg","datePublished":"2024-01-22T15:10:21+00:00","dateModified":"2024-05-15T12:15:36+00:00","description":"Wild Country Ropeman 1 beim Kletter Hardwareprofi aus Innsbruck kaufen \u2705 kostenloser Versand* \u2705 14 Tage R\u00fcckgaberecht \u2705 Co2 neutraler Versand","breadcrumb":{"@id":"https:\/\/bolting.eu\/en\/shop\/wild-country-ropeman-1\/#breadcrumb"},"inLanguage":"en-US","potentialAction":[{"@type":"ReadAction","target":["https:\/\/bolting.eu\/en\/shop\/wild-country-ropeman-1\/"]}]},{"@type":"ImageObject","inLanguage":"en-US","@id":"https:\/\/bolting.eu\/en\/shop\/wild-country-ropeman-1\/#primaryimage","url":"https:\/\/bolting.eu\/wp-content\/uploads\/2024\/01\/Wild-Country-Ropeman-1-orange.jpg","contentUrl":"https:\/\/bolting.eu\/wp-content\/uploads\/2024\/01\/Wild-Country-Ropeman-1-orange.jpg","width":700,"height":700,"caption":"Oranger Wild Country Ropeman 1 auf wei\u00dfem Quadrat."},{"@type":"BreadcrumbList","@id":"https:\/\/bolting.eu\/en\/shop\/wild-country-ropeman-1\/#breadcrumb","itemListElement":[{"@type":"ListItem","position":1,"name":"Shop","item":"https:\/\/bolting.eu\/en\/shop\/"},{"@type":"ListItem","position":2,"name":"climbing equipment","item":"https:\/\/bolting.eu\/en\/produkt-kategorie\/climbing-equipment\/"},{"@type":"ListItem","position":3,"name":"Steigklemmen - Seilklemmen","item":"https:\/\/bolting.eu\/produkt-kategorie\/kletterausruestung\/steigklemmen-seilklemmen\/"},{"@type":"ListItem","position":4,"name":"Wild Country Ropeman 1"}]},{"@type":"WebSite","@id":"https:\/\/bolting.eu\/en\/#website","url":"https:\/\/bolting.eu\/en\/","name":"bolting.eu","description":"we make climbs happen","publisher":{"@id":"https:\/\/bolting.eu\/en\/#organization"},"potentialAction":[{"@type":"SearchAction","target":{"@type":"EntryPoint","urlTemplate":"https:\/\/bolting.eu\/en\/?s={search_term_string}"},"query-input":{"@type":"PropertyValueSpecification","valueRequired":true,"valueName":"search_term_string"}}],"inLanguage":"en-US"},{"@type":["Organization","Place","SportingGoodsStore"],"@id":"https:\/\/bolting.eu\/en\/#organization","name":"bolting.eu","url":"https:\/\/bolting.eu\/en\/","logo":{"@id":"https:\/\/bolting.eu\/en\/shop\/wild-country-ropeman-1\/#local-main-organization-logo"},"image":{"@id":"https:\/\/bolting.eu\/en\/shop\/wild-country-ropeman-1\/#local-main-organization-logo"},"sameAs":["https:\/\/www.facebook.com\/bolting.eu","https:\/\/www.instagram.com\/bolting.eu\/"],"address":{"@id":"https:\/\/bolting.eu\/en\/shop\/wild-country-ropeman-1\/#local-main-place-address"},"geo":{"@type":"GeoCoordinates","latitude":"47.264176340396226","longitude":"11.380109057672346"},"telephone":["+43 699 19083372"],"openingHoursSpecification":[{"@type":"OpeningHoursSpecification","dayOfWeek":["Monday","Wednesday","Friday"],"opens":"14:00","closes":"18:00"},{"@type":"OpeningHoursSpecification","dayOfWeek":["Tuesday","Thursday","Saturday","Sunday"],"opens":"00:00","closes":"00:00"}],"email":"office@bolting.eu","vatID":"ATU59999728","priceRange":"$$","currenciesAccepted":"Euro"},{"@type":"PostalAddress","@id":"https:\/\/bolting.eu\/en\/shop\/wild-country-ropeman-1\/#local-main-place-address","streetAddress":"Fischnalerstra\u00dfe 4","addressLocality":"Innsbruck","postalCode":"6020","addressRegion":"Tirol","addressCountry":"AT"},{"@type":"ImageObject","inLanguage":"en-US","@id":"https:\/\/bolting.eu\/en\/shop\/wild-country-ropeman-1\/#local-main-organization-logo","url":"https:\/\/bolting.eu\/wp-content\/uploads\/2019\/09\/bolting-logo.png","contentUrl":"https:\/\/bolting.eu\/wp-content\/uploads\/2019\/09\/bolting-logo.png","width":400,"height":211,"caption":"bolting.eu"}]},"og_video":"https:\/\/www.youtube.com\/embed\/Cd7ES8PvfqY","og_video_type":"text\/html","og_video_duration":"417","og_video_width":"480","og_video_height":"270","ya_ovs_adult":"false","ya_ovs_upload_date":"2024-01-22T15:10:21+00:00","ya_ovs_allow_embed":"true","product_price_amount":"65.00","product_price_currency":"EUR","og_availability":"instock","product_availability":"instock","product_retailer_item_id":"40-Rope1","product_condition":"new","geo.placename":"Innsbruck","geo.position":{"lat":"47.264176340396226","long":"11.380109057672346"},"geo.region":"Austria"},"_links":{"self":[{"href":"https:\/\/bolting.eu\/en\/wp-json\/wp\/v2\/product\/18384","targetHints":{"allow":["GET"]}}],"collection":[{"href":"https:\/\/bolting.eu\/en\/wp-json\/wp\/v2\/product"}],"about":[{"href":"https:\/\/bolting.eu\/en\/wp-json\/wp\/v2\/types\/product"}],"replies":[{"embeddable":true,"href":"https:\/\/bolting.eu\/en\/wp-json\/wp\/v2\/comments?post=18384"}],"wp:featuredmedia":[{"embeddable":true,"href":"https:\/\/bolting.eu\/en\/wp-json\/wp\/v2\/media\/18387"}],"wp:attachment":[{"href":"https:\/\/bolting.eu\/en\/wp-json\/wp\/v2\/media?parent=18384"}],"wp:term":[{"taxonomy":"product_brand","embeddable":true,"href":"https:\/\/bolting.eu\/en\/wp-json\/wp\/v2\/product_brand?post=18384"},{"taxonomy":"product_cat","embeddable":true,"href":"https:\/\/bolting.eu\/en\/wp-json\/wp\/v2\/product_cat?post=18384"},{"taxonomy":"product_tag","embeddable":true,"href":"https:\/\/bolting.eu\/en\/wp-json\/wp\/v2\/product_tag?post=18384"}],"curies":[{"name":"wp","href":"https:\/\/api.w.org\/{rel}","templated":true}]}}