{"id":18299,"date":"2024-01-17T10:33:53","date_gmt":"2024-01-17T09:33:53","guid":{"rendered":"https:\/\/bolting.eu\/?post_type=product&#038;p=18299"},"modified":"2025-03-18T15:48:51","modified_gmt":"2025-03-18T14:48:51","slug":"austrialpin-pirum","status":"publish","type":"product","link":"https:\/\/bolting.eu\/en\/shop\/austrialpin-pirum\/","title":{"rendered":"Austrialpin Pirum"},"content":{"rendered":"<p>Der Austrialpin Pirum ist ein sehr gro\u00dfer HMS Karabiner.<\/p>\n<p>Folglich eignet er sich sehr gut f\u00fcr einige Anwendungen. Wie z.B. als Zentralkarabiner oder f\u00fcr <a href=\"https:\/\/bolting.eu\/produkt-kategorie\/kletterausruestung\/seilrollen\/\">Seilrollen<\/a> mit Prusik als R\u00fccklaufsperre. Auch dickere <a href=\"https:\/\/bolting.eu\/produkt-kategorie\/kletterausruestung\/kletterseil\/\">Kletterseile<\/a> k\u00f6nnen damit noch super bedient werden.<\/p>\n<p>Seine Schnapper\u00f6ffnung ist mit 28mm zudem sehr gro\u00df.<\/p>\n<p>Dies erm\u00f6glicht einerseits das Einh\u00e4ngen gro\u00dfer Ausr\u00fcstungsgegenst\u00e4nde. Wie z.B. diverse gro\u00dfe <a href=\"https:\/\/bolting.eu\/produkt-kategorie\/kletterausruestung\/abseilgeraete\/\">Abseilger\u00e4te<\/a>, Schwerlastschlingen usw&#8230; Und andererseits das Anbringen an sehr gro\u00dfen \u00d6sen.<\/p>\n<p>Dieses Modell ist mit zwei Verschlussarten verf\u00fcgbar. Als GI Schraubkarabiner und als 3-Wege Twist Lock.<\/p>\n<p>Fazit. Ideal f\u00fcr alle, die einen gro\u00dfen HMS Karabiner mit weiter Schnapper\u00f6ffnung brauchen.<\/p>\n<h2>Eigenschaften Pirum Karabiner<\/h2>\n<ul>\n<li>Hersteller: <a href=\"https:\/\/bolting.eu\/produkt-kategorie\/austrialpin\/\">Austrialpin<\/a><\/li>\n<li>Material: Aluminium eloxiert<\/li>\n<li>Farbe: grau und azurblau<\/li>\n<li><a href=\"https:\/\/bolting.eu\/en-12275-norm\/\">EN Norm 12275<\/a>, <a href=\"https:\/\/bolting.eu\/en-362-norm\/\">EN 362<\/a> bzw. UIAA 121<\/li>\n<li>Verschluss: 3-Wege und 2-Wege Twist-Lock sowie Schrauber<\/li>\n<li>Bruchlasten 30kN l\u00e4ngs \/ 10kN offen \/ 10 kN Querachse<\/li>\n<li>Gr\u00f6\u00dfe 128 x 76mm<\/li>\n<li>Schnapper\u00f6ffnung: 28mm<\/li>\n<li>Gewicht: 101 Gramm<\/li>\n<li>Individueller Seriennummer am R\u00fccken<\/li>\n<li>anatomisch geformter R\u00fccken f\u00fcr hohe Bruchlast<\/li>\n<li>100% Made in Austria<\/li>\n<li><a href=\"https:\/\/www.austrialpin.at\/fileadmin\/anleitungen\/AA_instruction-manual_carabiner-slings.pdf\" target=\"_blank\" rel=\"noopener\">Bedienungsanleitung<\/a><\/li>\n<\/ul>\n<h3>Sehr gro\u00dfer HMS Karabiner<\/h3>\n<p>Der Pirum von Austrialpin ist der gr\u00f6\u00dfte HMS Karabiner des \u00f6sterreichischen Herstellers.<\/p>\n<p>Dieses Modell hat sowohl einen breiteren &#8220;unteren&#8221; Scheitel als auch Schnapper\u00f6ffnung. Auch L\u00e4nge und Breite sind gr\u00f6\u00dfer als alle anderen Verbindungsmittel aus dem Stubaital.<\/p>\n<p>Somit ergeben sich auch klare Anwendungen f\u00fcr dieses Produkt.<\/p>\n<p>Er ist ein idealer Zentralkarabiner, in welchem gleich mehrere andere Verbindungsmittel und ein <a href=\"https:\/\/bolting.eu\/produkt-kategorie\/kletterausruestung\/sicherungsgeraete-klettern\/\">Sicherungsger\u00e4t<\/a> Platz haben. D.h. ein toller Karabiner f\u00fcr einen Standplatz.<\/p>\n<p>Weiters sch\u00e4tzen H\u00f6henarbeiter dieses Modell. Denn es kann in sehr gro\u00dfe Objekte eingeh\u00e4ngt werden. Man denke nur an <a href=\"https:\/\/bolting.eu\/shop\/kong-aro-bull-schwerlastschlinge\/\">Schwerlastschlingen<\/a>.<\/p>\n<p>Abschlie\u00dfend ist dieses Produkt auch ideal f\u00fcr sehr dicke Seile. Man kann z.B. auch noch mit einem 13 oder 14mm Seil einen Halbmastwurf machen.<\/p>\n<h3>Schrauber Variante<\/h3>\n<p>Die Schrauber Variante des Pirum hat den sogenannten GI Verschluss. Das ist ein roter Ring, der optisch einen offenen Schnapper sofort erkennbar macht.<\/p>\n<p>Schrauber kommen in der Regel bei folgenden Anwendungen zum Einsatz.<\/p>\n<p>Erstens wenn der Karabiner nur ab und umgeh\u00e4ngt wird. D.h. lange an einem Ort fix eingeh\u00e4ngt bleibt. Wie z.B. als zentraler Fixpunkt f\u00fcr Seile bei H\u00f6henarbeiten.<\/p>\n<p>Zweitens wenn er mit Handschuhen bedient werden soll. Denn hier haben Schrauber klare Vorteile gegen\u00fcber Twist-Lock Modellen.<\/p>\n<p><a href=\"https:\/\/bolting.eu\/wp-content\/uploads\/2024\/01\/Austrialpin-Pirum-2.jpg\"><img loading=\"lazy\" decoding=\"async\" class=\"alignnone wp-image-18306 size-medium\" src=\"https:\/\/bolting.eu\/wp-content\/uploads\/2024\/01\/Austrialpin-Pirum-2-400x400.jpg\" alt=\"T\u00fcrkiser Austrialpin Pirum Schraubkarabiner mit goldener Messingrolle am Schnapper von der Seite.\" width=\"400\" height=\"400\" srcset=\"https:\/\/bolting.eu\/wp-content\/uploads\/2024\/01\/Austrialpin-Pirum-2-400x400.jpg 400w, https:\/\/bolting.eu\/wp-content\/uploads\/2024\/01\/Austrialpin-Pirum-2-280x280.jpg 280w, https:\/\/bolting.eu\/wp-content\/uploads\/2024\/01\/Austrialpin-Pirum-2-247x247.jpg 247w, https:\/\/bolting.eu\/wp-content\/uploads\/2024\/01\/Austrialpin-Pirum-2-510x510.jpg 510w, https:\/\/bolting.eu\/wp-content\/uploads\/2024\/01\/Austrialpin-Pirum-2-100x100.jpg 100w, https:\/\/bolting.eu\/wp-content\/uploads\/2024\/01\/Austrialpin-Pirum-2.jpg 700w\" sizes=\"auto, (max-width: 400px) 100vw, 400px\" \/><\/a><\/p>\n<h3>Pirum 3-Wege Twist Lock Variante<\/h3>\n<p>Diese Variante kommt meist zum Einsatz, wenn Kletterer oder Objekte sicher eingeh\u00e4ngt werden m\u00fcssen. Dabei soll der Twist Lock aber ein sehr schnelles Ein- und Aush\u00e4ngen erm\u00f6glichen.<\/p>\n<p>Wie z.B. beim Standplatzbau oder beim Anseilen am Gletscher.<\/p>\n<p><a href=\"https:\/\/bolting.eu\/wp-content\/uploads\/2024\/01\/Austrialpin-Pirum-5.jpg\"><img loading=\"lazy\" decoding=\"async\" class=\"alignnone wp-image-18303 size-medium\" src=\"https:\/\/bolting.eu\/wp-content\/uploads\/2024\/01\/Austrialpin-Pirum-5-400x400.jpg\" alt=\"Grauer Austrialpin HMS Karabiner mit Twist Lock Verschluss von der Seite.\" width=\"400\" height=\"400\" srcset=\"https:\/\/bolting.eu\/wp-content\/uploads\/2024\/01\/Austrialpin-Pirum-5-400x400.jpg 400w, https:\/\/bolting.eu\/wp-content\/uploads\/2024\/01\/Austrialpin-Pirum-5-280x280.jpg 280w, https:\/\/bolting.eu\/wp-content\/uploads\/2024\/01\/Austrialpin-Pirum-5-247x247.jpg 247w, https:\/\/bolting.eu\/wp-content\/uploads\/2024\/01\/Austrialpin-Pirum-5-510x510.jpg 510w, https:\/\/bolting.eu\/wp-content\/uploads\/2024\/01\/Austrialpin-Pirum-5-100x100.jpg 100w, https:\/\/bolting.eu\/wp-content\/uploads\/2024\/01\/Austrialpin-Pirum-5.jpg 700w\" sizes=\"auto, (max-width: 400px) 100vw, 400px\" \/><\/a><\/p>\n<p>&nbsp;<\/p>\n<h3>2-Wege Twist Lock Variante<\/h3>\n<p>DiesesModell ist f\u00fcr repetitive Arbeiten oder st\u00e4ndiges Fixieren gedacht. Das kann z.B. bei H\u00f6henarbeiten der Fall sein bzw. bei der Verwendung von Cow Tails.<\/p>\n<p>Der 2-Wege Verschluss verk\u00fcrzt die \u00d6ffnungszeiten und ist auch leichter zu bedienen. Wenn redundant gesichert wird ist er eine effiziente Wahl.<\/p>\n<p><a href=\"https:\/\/bolting.eu\/wp-content\/uploads\/2024\/01\/Austrialpin-Pirum-4.jpg\"><img loading=\"lazy\" decoding=\"async\" class=\"alignnone wp-image-18304 size-medium\" src=\"https:\/\/bolting.eu\/wp-content\/uploads\/2024\/01\/Austrialpin-Pirum-4-400x400.jpg\" alt=\"Grauer Austrialpin HMS Karabiner mit Twist Lock Verschluss von der Seite.\" width=\"400\" height=\"400\" srcset=\"https:\/\/bolting.eu\/wp-content\/uploads\/2024\/01\/Austrialpin-Pirum-4-400x400.jpg 400w, https:\/\/bolting.eu\/wp-content\/uploads\/2024\/01\/Austrialpin-Pirum-4-280x280.jpg 280w, https:\/\/bolting.eu\/wp-content\/uploads\/2024\/01\/Austrialpin-Pirum-4-247x247.jpg 247w, https:\/\/bolting.eu\/wp-content\/uploads\/2024\/01\/Austrialpin-Pirum-4-510x510.jpg 510w, https:\/\/bolting.eu\/wp-content\/uploads\/2024\/01\/Austrialpin-Pirum-4-100x100.jpg 100w, https:\/\/bolting.eu\/wp-content\/uploads\/2024\/01\/Austrialpin-Pirum-4.jpg 700w\" sizes=\"auto, (max-width: 400px) 100vw, 400px\" \/><\/a><\/p>\n","protected":false},"excerpt":{"rendered":"<p>Sehr gro\u00dfer HMS Karabiner mit breitem Scheitel und 28mm Schnapper\u00f6ffnung.<\/p>\n<p>Ideal zum Einh\u00e4ngen gro\u00dfer bzw. mehrerer Ausr\u00fctungsgegenst\u00e4nde.<\/p>\n<p>Versandkostenfrei bis 2kg in <img decoding=\"async\" class=\"emoji\" role=\"img\" draggable=\"false\" src=\"https:\/\/s.w.org\/images\/core\/emoji\/14.0.0\/svg\/1f1e6-1f1f9.svg\" alt=\"\ud83c\udde6\ud83c\uddf9\" \/> ab \u20ac 100,- und <img decoding=\"async\" class=\"emoji\" role=\"img\" draggable=\"false\" src=\"https:\/\/s.w.org\/images\/core\/emoji\/14.0.0\/svg\/1f1e9-1f1ea.svg\" alt=\"\ud83c\udde9\ud83c\uddea\" \/> ab \u20ac 200,-!<\/p>\n","protected":false},"featured_media":18307,"comment_status":"closed","ping_status":"closed","template":"","meta":[],"product_brand":[],"product_cat":[4649,13358,29,44],"product_tag":[],"class_list":{"0":"post-18299","1":"product","2":"type-product","3":"status-publish","4":"has-post-thumbnail","6":"product_cat-austrialpin","7":"product_cat-hms-karabiner","8":"product_cat-kletterausruestung","9":"product_cat-kletterkarabiner","11":"first","12":"instock","13":"sale","14":"taxable","15":"shipping-taxable","16":"purchasable","17":"product-type-variable"},"yoast_head":"<!-- This site is optimized with the Yoast SEO Premium plugin v26.9 (Yoast SEO v26.9) - https:\/\/yoast.com\/product\/yoast-seo-premium-wordpress\/ -->\n<title>Austrialpin Pirum Karabiner g\u00fcnstig online kaufen| bolting.eu<\/title>\n<meta name=\"description\" content=\"Austrialpin Pirum Karabiner beim Kletter Hardware Profi aus Innsbruck kaufen \u2705 kostenloser Versand* \u2705 14 Tage R\u00fcckgaberecht \u2705 Co2 neutraler Versand\" \/>\n<meta name=\"robots\" content=\"index, follow, max-snippet:-1, max-image-preview:large, max-video-preview:-1\" \/>\n<link rel=\"canonical\" href=\"https:\/\/bolting.eu\/en\/shop\/austrialpin-pirum\/\" \/>\n<meta property=\"og:locale\" content=\"en_US\" \/>\n<meta property=\"og:type\" content=\"article\" \/>\n<meta property=\"og:title\" content=\"Austrialpin Pirum\" \/>\n<meta property=\"og:description\" content=\"Austrialpin Pirum Karabiner beim Kletter Hardware Profi aus Innsbruck kaufen \u2705 kostenloser Versand* \u2705 14 Tage R\u00fcckgaberecht \u2705 Co2 neutraler Versand\" \/>\n<meta property=\"og:url\" content=\"https:\/\/bolting.eu\/en\/shop\/austrialpin-pirum\/\" \/>\n<meta property=\"og:site_name\" content=\"bolting.eu\" \/>\n<meta property=\"article:publisher\" content=\"https:\/\/www.facebook.com\/bolting.eu\" \/>\n<meta property=\"article:modified_time\" content=\"2025-03-18T14:48:51+00:00\" \/>\n<meta property=\"og:image\" content=\"https:\/\/bolting.eu\/wp-content\/uploads\/2024\/01\/Austrialpin-Pirum-1.jpg\" \/>\n\t<meta property=\"og:image:width\" content=\"700\" \/>\n\t<meta property=\"og:image:height\" content=\"700\" \/>\n\t<meta property=\"og:image:type\" content=\"image\/jpeg\" \/>\n<meta name=\"twitter:card\" content=\"summary_large_image\" \/>\n<meta name=\"twitter:label1\" content=\"Availability\" \/>\n\t<meta name=\"twitter:data1\" content=\"In stock\" \/>\n<script type=\"application\/ld+json\" class=\"yoast-schema-graph\">{\"@context\":\"https:\/\/schema.org\",\"@graph\":[{\"@type\":[\"WebPage\",\"ItemPage\"],\"@id\":\"https:\/\/bolting.eu\/en\/shop\/austrialpin-pirum\/\",\"url\":\"https:\/\/bolting.eu\/en\/shop\/austrialpin-pirum\/\",\"name\":\"Austrialpin Pirum Karabiner g\u00fcnstig online kaufen| bolting.eu\",\"isPartOf\":{\"@id\":\"https:\/\/bolting.eu\/en\/#website\"},\"primaryImageOfPage\":{\"@id\":\"https:\/\/bolting.eu\/en\/shop\/austrialpin-pirum\/#primaryimage\"},\"image\":{\"@id\":\"https:\/\/bolting.eu\/en\/shop\/austrialpin-pirum\/#primaryimage\"},\"thumbnailUrl\":\"https:\/\/bolting.eu\/wp-content\/uploads\/2024\/01\/Austrialpin-Pirum-1.jpg\",\"datePublished\":\"2024-01-17T09:33:53+00:00\",\"dateModified\":\"2025-03-18T14:48:51+00:00\",\"description\":\"Austrialpin Pirum Karabiner beim Kletter Hardware Profi aus Innsbruck kaufen \u2705 kostenloser Versand* \u2705 14 Tage R\u00fcckgaberecht \u2705 Co2 neutraler Versand\",\"breadcrumb\":{\"@id\":\"https:\/\/bolting.eu\/en\/shop\/austrialpin-pirum\/#breadcrumb\"},\"inLanguage\":\"en-US\",\"potentialAction\":[{\"@type\":\"ReadAction\",\"target\":[\"https:\/\/bolting.eu\/en\/shop\/austrialpin-pirum\/\"]}]},{\"@type\":\"ImageObject\",\"inLanguage\":\"en-US\",\"@id\":\"https:\/\/bolting.eu\/en\/shop\/austrialpin-pirum\/#primaryimage\",\"url\":\"https:\/\/bolting.eu\/wp-content\/uploads\/2024\/01\/Austrialpin-Pirum-1.jpg\",\"contentUrl\":\"https:\/\/bolting.eu\/wp-content\/uploads\/2024\/01\/Austrialpin-Pirum-1.jpg\",\"width\":700,\"height\":700,\"caption\":\"T\u00fcrkiser Austrialpin Pirum Schraubkarabiner mit goldener Messingrolle am Schnapper von der Seite.\"},{\"@type\":\"BreadcrumbList\",\"@id\":\"https:\/\/bolting.eu\/en\/shop\/austrialpin-pirum\/#breadcrumb\",\"itemListElement\":[{\"@type\":\"ListItem\",\"position\":1,\"name\":\"Shop\",\"item\":\"https:\/\/bolting.eu\/en\/shop\/\"},{\"@type\":\"ListItem\",\"position\":2,\"name\":\"climbing equipment\",\"item\":\"https:\/\/bolting.eu\/en\/produkt-kategorie\/climbing-equipment\/\"},{\"@type\":\"ListItem\",\"position\":3,\"name\":\"Climbing carabiner\",\"item\":\"https:\/\/bolting.eu\/en\/produkt-kategorie\/climbing-carabiner\/\"},{\"@type\":\"ListItem\",\"position\":4,\"name\":\"HMS Karabiner\",\"item\":\"https:\/\/bolting.eu\/produkt-kategorie\/kletterausruestung\/kletterkarabiner\/hms-karabiner\/\"},{\"@type\":\"ListItem\",\"position\":5,\"name\":\"Austrialpin Pirum\"}]},{\"@type\":\"WebSite\",\"@id\":\"https:\/\/bolting.eu\/en\/#website\",\"url\":\"https:\/\/bolting.eu\/en\/\",\"name\":\"bolting.eu\",\"description\":\"we make climbs happen\",\"publisher\":{\"@id\":\"https:\/\/bolting.eu\/en\/#organization\"},\"potentialAction\":[{\"@type\":\"SearchAction\",\"target\":{\"@type\":\"EntryPoint\",\"urlTemplate\":\"https:\/\/bolting.eu\/en\/?s={search_term_string}\"},\"query-input\":{\"@type\":\"PropertyValueSpecification\",\"valueRequired\":true,\"valueName\":\"search_term_string\"}}],\"inLanguage\":\"en-US\"},{\"@type\":[\"Organization\",\"Place\",\"SportingGoodsStore\"],\"@id\":\"https:\/\/bolting.eu\/en\/#organization\",\"name\":\"bolting.eu\",\"url\":\"https:\/\/bolting.eu\/en\/\",\"logo\":{\"@id\":\"https:\/\/bolting.eu\/en\/shop\/austrialpin-pirum\/#local-main-organization-logo\"},\"image\":{\"@id\":\"https:\/\/bolting.eu\/en\/shop\/austrialpin-pirum\/#local-main-organization-logo\"},\"sameAs\":[\"https:\/\/www.facebook.com\/bolting.eu\",\"https:\/\/www.instagram.com\/bolting.eu\/\"],\"address\":{\"@id\":\"https:\/\/bolting.eu\/en\/shop\/austrialpin-pirum\/#local-main-place-address\"},\"geo\":{\"@type\":\"GeoCoordinates\",\"latitude\":\"47.264176340396226\",\"longitude\":\"11.380109057672346\"},\"telephone\":[\"+43 699 19083372\"],\"openingHoursSpecification\":[{\"@type\":\"OpeningHoursSpecification\",\"dayOfWeek\":[\"Monday\",\"Wednesday\",\"Friday\"],\"opens\":\"14:00\",\"closes\":\"18:00\"},{\"@type\":\"OpeningHoursSpecification\",\"dayOfWeek\":[\"Tuesday\",\"Thursday\",\"Saturday\",\"Sunday\"],\"opens\":\"00:00\",\"closes\":\"00:00\"}],\"email\":\"office@bolting.eu\",\"vatID\":\"ATU59999728\",\"priceRange\":\"$$\",\"currenciesAccepted\":\"Euro\"},{\"@type\":\"PostalAddress\",\"@id\":\"https:\/\/bolting.eu\/en\/shop\/austrialpin-pirum\/#local-main-place-address\",\"streetAddress\":\"Fischnalerstra\u00dfe 4\",\"addressLocality\":\"Innsbruck\",\"postalCode\":\"6020\",\"addressRegion\":\"Tirol\",\"addressCountry\":\"AT\"},{\"@type\":\"ImageObject\",\"inLanguage\":\"en-US\",\"@id\":\"https:\/\/bolting.eu\/en\/shop\/austrialpin-pirum\/#local-main-organization-logo\",\"url\":\"https:\/\/bolting.eu\/wp-content\/uploads\/2019\/09\/bolting-logo.png\",\"contentUrl\":\"https:\/\/bolting.eu\/wp-content\/uploads\/2019\/09\/bolting-logo.png\",\"width\":400,\"height\":211,\"caption\":\"bolting.eu\"}]}<\/script>\n<meta property=\"og:availability\" content=\"instock\" \/>\n<meta property=\"product:availability\" content=\"instock\" \/>\n<meta property=\"product:condition\" content=\"new\" \/>\n<meta name=\"geo.placename\" content=\"Innsbruck\" \/>\n<meta name=\"geo.position\" content=\"47.264176340396226;11.380109057672346\" \/>\n<meta name=\"geo.region\" content=\"Austria\" \/>\n<!-- \/ Yoast SEO Premium plugin. -->","yoast_head_json":{"title":"Austrialpin Pirum Karabiner g\u00fcnstig online kaufen| bolting.eu","description":"Austrialpin Pirum Karabiner beim Kletter Hardware Profi aus Innsbruck kaufen \u2705 kostenloser Versand* \u2705 14 Tage R\u00fcckgaberecht \u2705 Co2 neutraler Versand","robots":{"index":"index","follow":"follow","max-snippet":"max-snippet:-1","max-image-preview":"max-image-preview:large","max-video-preview":"max-video-preview:-1"},"canonical":"https:\/\/bolting.eu\/en\/shop\/austrialpin-pirum\/","og_locale":"en_US","og_type":"article","og_title":"Austrialpin Pirum","og_description":"Austrialpin Pirum Karabiner beim Kletter Hardware Profi aus Innsbruck kaufen \u2705 kostenloser Versand* \u2705 14 Tage R\u00fcckgaberecht \u2705 Co2 neutraler Versand","og_url":"https:\/\/bolting.eu\/en\/shop\/austrialpin-pirum\/","og_site_name":"bolting.eu","article_publisher":"https:\/\/www.facebook.com\/bolting.eu","article_modified_time":"2025-03-18T14:48:51+00:00","og_image":[{"width":700,"height":700,"url":"https:\/\/bolting.eu\/wp-content\/uploads\/2024\/01\/Austrialpin-Pirum-1.jpg","type":"image\/jpeg"}],"twitter_card":"summary_large_image","twitter_misc":{"Availability":"In stock"},"schema":{"@context":"https:\/\/schema.org","@graph":[{"@type":["WebPage","ItemPage"],"@id":"https:\/\/bolting.eu\/en\/shop\/austrialpin-pirum\/","url":"https:\/\/bolting.eu\/en\/shop\/austrialpin-pirum\/","name":"Austrialpin Pirum Karabiner g\u00fcnstig online kaufen| bolting.eu","isPartOf":{"@id":"https:\/\/bolting.eu\/en\/#website"},"primaryImageOfPage":{"@id":"https:\/\/bolting.eu\/en\/shop\/austrialpin-pirum\/#primaryimage"},"image":{"@id":"https:\/\/bolting.eu\/en\/shop\/austrialpin-pirum\/#primaryimage"},"thumbnailUrl":"https:\/\/bolting.eu\/wp-content\/uploads\/2024\/01\/Austrialpin-Pirum-1.jpg","datePublished":"2024-01-17T09:33:53+00:00","dateModified":"2025-03-18T14:48:51+00:00","description":"Austrialpin Pirum Karabiner beim Kletter Hardware Profi aus Innsbruck kaufen \u2705 kostenloser Versand* \u2705 14 Tage R\u00fcckgaberecht \u2705 Co2 neutraler Versand","breadcrumb":{"@id":"https:\/\/bolting.eu\/en\/shop\/austrialpin-pirum\/#breadcrumb"},"inLanguage":"en-US","potentialAction":[{"@type":"ReadAction","target":["https:\/\/bolting.eu\/en\/shop\/austrialpin-pirum\/"]}]},{"@type":"ImageObject","inLanguage":"en-US","@id":"https:\/\/bolting.eu\/en\/shop\/austrialpin-pirum\/#primaryimage","url":"https:\/\/bolting.eu\/wp-content\/uploads\/2024\/01\/Austrialpin-Pirum-1.jpg","contentUrl":"https:\/\/bolting.eu\/wp-content\/uploads\/2024\/01\/Austrialpin-Pirum-1.jpg","width":700,"height":700,"caption":"T\u00fcrkiser Austrialpin Pirum Schraubkarabiner mit goldener Messingrolle am Schnapper von der Seite."},{"@type":"BreadcrumbList","@id":"https:\/\/bolting.eu\/en\/shop\/austrialpin-pirum\/#breadcrumb","itemListElement":[{"@type":"ListItem","position":1,"name":"Shop","item":"https:\/\/bolting.eu\/en\/shop\/"},{"@type":"ListItem","position":2,"name":"climbing equipment","item":"https:\/\/bolting.eu\/en\/produkt-kategorie\/climbing-equipment\/"},{"@type":"ListItem","position":3,"name":"Climbing carabiner","item":"https:\/\/bolting.eu\/en\/produkt-kategorie\/climbing-carabiner\/"},{"@type":"ListItem","position":4,"name":"HMS Karabiner","item":"https:\/\/bolting.eu\/produkt-kategorie\/kletterausruestung\/kletterkarabiner\/hms-karabiner\/"},{"@type":"ListItem","position":5,"name":"Austrialpin Pirum"}]},{"@type":"WebSite","@id":"https:\/\/bolting.eu\/en\/#website","url":"https:\/\/bolting.eu\/en\/","name":"bolting.eu","description":"we make climbs happen","publisher":{"@id":"https:\/\/bolting.eu\/en\/#organization"},"potentialAction":[{"@type":"SearchAction","target":{"@type":"EntryPoint","urlTemplate":"https:\/\/bolting.eu\/en\/?s={search_term_string}"},"query-input":{"@type":"PropertyValueSpecification","valueRequired":true,"valueName":"search_term_string"}}],"inLanguage":"en-US"},{"@type":["Organization","Place","SportingGoodsStore"],"@id":"https:\/\/bolting.eu\/en\/#organization","name":"bolting.eu","url":"https:\/\/bolting.eu\/en\/","logo":{"@id":"https:\/\/bolting.eu\/en\/shop\/austrialpin-pirum\/#local-main-organization-logo"},"image":{"@id":"https:\/\/bolting.eu\/en\/shop\/austrialpin-pirum\/#local-main-organization-logo"},"sameAs":["https:\/\/www.facebook.com\/bolting.eu","https:\/\/www.instagram.com\/bolting.eu\/"],"address":{"@id":"https:\/\/bolting.eu\/en\/shop\/austrialpin-pirum\/#local-main-place-address"},"geo":{"@type":"GeoCoordinates","latitude":"47.264176340396226","longitude":"11.380109057672346"},"telephone":["+43 699 19083372"],"openingHoursSpecification":[{"@type":"OpeningHoursSpecification","dayOfWeek":["Monday","Wednesday","Friday"],"opens":"14:00","closes":"18:00"},{"@type":"OpeningHoursSpecification","dayOfWeek":["Tuesday","Thursday","Saturday","Sunday"],"opens":"00:00","closes":"00:00"}],"email":"office@bolting.eu","vatID":"ATU59999728","priceRange":"$$","currenciesAccepted":"Euro"},{"@type":"PostalAddress","@id":"https:\/\/bolting.eu\/en\/shop\/austrialpin-pirum\/#local-main-place-address","streetAddress":"Fischnalerstra\u00dfe 4","addressLocality":"Innsbruck","postalCode":"6020","addressRegion":"Tirol","addressCountry":"AT"},{"@type":"ImageObject","inLanguage":"en-US","@id":"https:\/\/bolting.eu\/en\/shop\/austrialpin-pirum\/#local-main-organization-logo","url":"https:\/\/bolting.eu\/wp-content\/uploads\/2019\/09\/bolting-logo.png","contentUrl":"https:\/\/bolting.eu\/wp-content\/uploads\/2019\/09\/bolting-logo.png","width":400,"height":211,"caption":"bolting.eu"}]},"og_availability":"instock","product_availability":"instock","product_condition":"new","geo.placename":"Innsbruck","geo.position":{"lat":"47.264176340396226","long":"11.380109057672346"},"geo.region":"Austria"},"_links":{"self":[{"href":"https:\/\/bolting.eu\/en\/wp-json\/wp\/v2\/product\/18299","targetHints":{"allow":["GET"]}}],"collection":[{"href":"https:\/\/bolting.eu\/en\/wp-json\/wp\/v2\/product"}],"about":[{"href":"https:\/\/bolting.eu\/en\/wp-json\/wp\/v2\/types\/product"}],"replies":[{"embeddable":true,"href":"https:\/\/bolting.eu\/en\/wp-json\/wp\/v2\/comments?post=18299"}],"wp:featuredmedia":[{"embeddable":true,"href":"https:\/\/bolting.eu\/en\/wp-json\/wp\/v2\/media\/18307"}],"wp:attachment":[{"href":"https:\/\/bolting.eu\/en\/wp-json\/wp\/v2\/media?parent=18299"}],"wp:term":[{"taxonomy":"product_brand","embeddable":true,"href":"https:\/\/bolting.eu\/en\/wp-json\/wp\/v2\/product_brand?post=18299"},{"taxonomy":"product_cat","embeddable":true,"href":"https:\/\/bolting.eu\/en\/wp-json\/wp\/v2\/product_cat?post=18299"},{"taxonomy":"product_tag","embeddable":true,"href":"https:\/\/bolting.eu\/en\/wp-json\/wp\/v2\/product_tag?post=18299"}],"curies":[{"name":"wp","href":"https:\/\/api.w.org\/{rel}","templated":true}]}}