{"id":18285,"date":"2024-01-16T15:06:20","date_gmt":"2024-01-16T14:06:20","guid":{"rendered":"https:\/\/bolting.eu\/?post_type=product&#038;p=18285"},"modified":"2026-04-30T13:55:47","modified_gmt":"2026-04-30T11:55:47","slug":"petzl-ok-triact-lock","status":"publish","type":"product","link":"https:\/\/bolting.eu\/en\/shop\/petzl-ok-triact-lock\/","title":{"rendered":"Petzl OK Triact Lock"},"content":{"rendered":"<p>Der Petzl OK Triact Lock ist ein ovalf\u00f6rmiger Alukarabiner. Er ist einerseits ideal f\u00fcr das Einh\u00e4ngen von <a href=\"https:\/\/bolting.eu\/produkt-kategorie\/kletterausruestung\/seilrollen\/\">Seilrollen<\/a>, <a href=\"https:\/\/bolting.eu\/produkt-kategorie\/kletterausruestung\/steigklemme\/\">Seilklemmen<\/a> und <a href=\"https:\/\/bolting.eu\/produkt-kategorie\/kletterausruestung\/abseilgeraete\/\">Abseilger\u00e4ten<\/a>. Andererseits beim Industrieklettern zum Fixieren von Verbindungsmitteln und <a href=\"https:\/\/bolting.eu\/produkt-kategorie\/industriekletter-ausruestung\/bandfalldaempfer\/\">Bandfalld\u00e4mpfern<\/a>.<\/p>\n<p>Denn durch seine Form richtet sich unter Belastung alles sch\u00f6n in Kraftrichtung aus.<\/p>\n<p>Der 3-Wege Twist Lock Verschluss bietet eine gro\u00dfe Sicherheit gegen ungewolltes \u00d6ffnen. Zudem schlie\u00dft er automatisch. D.h. man kann nicht vergessen, ihn zu zu machen.<\/p>\n<p>Kurzum. Ein Karabiner f\u00fcr viele unterschiedliche alpine Anwendungen und die <a href=\"https:\/\/bolting.eu\/produkt-kategorie\/industriekletter-ausruestung\/\">Industriekletter Ausr\u00fcstung<\/a> mit hoher Sicherheitsreserve.<\/p>\n<h2>Eigenschaften OK Triact Lock<\/h2>\n<ul>\n<li>Hersteller:\u00a0<a href=\"https:\/\/bolting.eu\/produkt-kategorie\/petzl\/\">Petzl<\/a><\/li>\n<li>Material: Aluminium eloxiert<\/li>\n<li>Farbe: grau oder schwarz<\/li>\n<li><a href=\"https:\/\/bolting.eu\/en-362-norm\/\">EN Norm 362<\/a><\/li>\n<li>Verschluss: Triact-Lock (3-Wege Twist Lock)<\/li>\n<li>Bruchlasten 25kN l\u00e4ngs \/ 8kN offen \/ 7 kN Querachse<\/li>\n<li>Gr\u00f6\u00dfe 110 x 62mm<\/li>\n<li>Schnapper\u00f6ffnung: 22mm<\/li>\n<li>Gewicht: 75 Gramm<\/li>\n<li>Kantenfreie Innenseite<\/li>\n<li>Keylock Schnapper &#8211; kein &#8220;H\u00e4ngenbleiben&#8221; beim Einh\u00e4ngen<\/li>\n<li>Made in France<\/li>\n<li>Zubeh\u00f6r: <a href=\"https:\/\/bolting.eu\/shop\/petzl-captiv\/\">Captiv<\/a> Positionierungsb\u00fcgel<\/li>\n<li><a href=\"https:\/\/www.petzl.com\/sfc\/servlet.shepherd\/version\/download\/06868000001FM8PAAW\" target=\"_blank\" rel=\"noopener\">Gebrauchsanleitung<\/a><\/li>\n<\/ul>\n<h3>Vorteile des Twist-Lock Systems<\/h3>\n<p>Der OK in der Triact Lock Variante ist ein 3-Wege Twist Lock. D.h. man muss drei unterschiedliche Mechanismen ausf\u00fchren. Nur so l\u00e4sst sich der Schnapper \u00f6ffnen.<\/p>\n<p>Anheben, drehen, dr\u00fccken. Danach schnappt das Verbindungsmittel automatisch zu.<\/p>\n<p>Folglich ist dieses Modell \u00fcberall ideal, wo man sehr viele gleiche Einh\u00e4ngevorg\u00e4nge hat. Wie z.B. beim Einh\u00e4ngen von Seilrollen oder Abseilger\u00e4ten. Das automatische Schlie\u00dfen verhindert ein zudem ein unbeabsichtigtes Offenlassen.<\/p>\n<h3>Ausrichtung in Belastungsrichtung<\/h3>\n<p>Einer der Hauptvorteile von ovalf\u00f6rmigen Karabinern ist das automatische Ausrichten. D.h. der OK Triact Lock wird automatisch in der Kraftrichtung ausgerichtet, wenn er belastet wird.<\/p>\n<p>Ein weiterer Grund f\u00fcr die Verwendung mit Seilrollen und Abseil- bzw. Sicherungsger\u00e4ten.<\/p>\n<p>Grund daf\u00fcr ist der ovale Schenkel. Hier kommen bei Belastung die Objekte eben selbst\u00e4ndig in ihre Endposition. Denn sie sind dann am tiefsten bzw. h\u00f6chsten Punkt des Karabiners.<\/p>\n<h3>Positionierungsb\u00fcgel Captiv<\/h3>\n<p>Mit dem <a href=\"https:\/\/bolting.eu\/shop\/petzl-captiv\/\">Captiv<\/a> kann man den den Petzl OK Karabiner mit Triactr Lock Verschluss direkt an einer \u00d6se, einem Bandfalld\u00e4mpfer oder <a href=\"https:\/\/bolting.eu\/produkt-kategorie\/industriekletter-ausruestung\/industrieklettergurt\/\">Industrieklettergurt<\/a> befestigen.<\/p>\n<p>Das macht z.B. bei einem fix angebrachten Abseilger\u00e4t wie dem<a href=\"https:\/\/bolting.eu\/shop\/petzl-rig\/\"> Rig<\/a> Sinn. Somit kann es niemals verloren gehen.<\/p>\n<p>Er ist optional erh\u00e4ltlich und kann selber leicht installiert werden. Das folgende Bild zeigt, wie das dann aussieht.<\/p>\n<figure id=\"attachment_18287\" aria-describedby=\"caption-attachment-18287\" style=\"width: 400px\" class=\"wp-caption alignnone\"><a href=\"https:\/\/bolting.eu\/wp-content\/uploads\/2024\/01\/Petzl-OK-Triact-Lock-4.jpg\"><img loading=\"lazy\" decoding=\"async\" class=\"wp-image-18287 size-medium\" src=\"https:\/\/bolting.eu\/wp-content\/uploads\/2024\/01\/Petzl-OK-Triact-Lock-4-400x400.jpg\" alt=\"Silberner Petzl OK Triact Lock Karabiner mit orangem Schnapper und CAptiv B\u00fcgel.\" width=\"400\" height=\"400\" srcset=\"https:\/\/bolting.eu\/wp-content\/uploads\/2024\/01\/Petzl-OK-Triact-Lock-4-400x400.jpg 400w, https:\/\/bolting.eu\/wp-content\/uploads\/2024\/01\/Petzl-OK-Triact-Lock-4-280x280.jpg 280w, https:\/\/bolting.eu\/wp-content\/uploads\/2024\/01\/Petzl-OK-Triact-Lock-4-247x247.jpg 247w, https:\/\/bolting.eu\/wp-content\/uploads\/2024\/01\/Petzl-OK-Triact-Lock-4-510x510.jpg 510w, https:\/\/bolting.eu\/wp-content\/uploads\/2024\/01\/Petzl-OK-Triact-Lock-4-100x100.jpg 100w, https:\/\/bolting.eu\/wp-content\/uploads\/2024\/01\/Petzl-OK-Triact-Lock-4.jpg 700w\" sizes=\"auto, (max-width: 400px) 100vw, 400px\" \/><\/a><figcaption id=\"caption-attachment-18287\" class=\"wp-caption-text\">Mit dem Captiv B\u00fcgel kann der Karabiner &#8220;verdrehsicher&#8221; bzw. &#8220;verlustsicher&#8221; gemacht werden.<\/figcaption><\/figure>\n","protected":false},"excerpt":{"rendered":"<p>Ovalf\u00f6rmiger Alukarabiner mit 3-Wege Twist Lock Verschluss.<\/p>\n<p>Ideal f\u00fcr Seilrollen, Seilklemmen und Abseil- und Sicherungsger\u00e4te. Schlie\u00dft automatisch.<\/p>\n<p>Versandkostenfrei bis 2kg in <img decoding=\"async\" class=\"emoji\" role=\"img\" draggable=\"false\" src=\"https:\/\/s.w.org\/images\/core\/emoji\/14.0.0\/svg\/1f1e6-1f1f9.svg\" alt=\"\ud83c\udde6\ud83c\uddf9\" \/> ab \u20ac 100,- und <img decoding=\"async\" class=\"emoji\" role=\"img\" draggable=\"false\" src=\"https:\/\/s.w.org\/images\/core\/emoji\/14.0.0\/svg\/1f1e9-1f1ea.svg\" alt=\"\ud83c\udde9\ud83c\uddea\" \/> ab \u20ac 200,-!<\/p>\n","protected":false},"featured_media":18286,"comment_status":"closed","ping_status":"closed","template":"","meta":[],"product_brand":[],"product_cat":[14513,15205,29,44,14093,13932,14749],"product_tag":[],"class_list":{"0":"post-18285","1":"product","2":"type-product","3":"status-publish","4":"has-post-thumbnail","6":"product_cat-industriekletter-ausruestung","7":"product_cat-karabiner-schwarz","8":"product_cat-kletterausruestung","9":"product_cat-kletterkarabiner","10":"product_cat-petzl","11":"product_cat-twist-lock-karabiner","12":"product_cat-verbindungselemente","14":"first","15":"instock","16":"taxable","17":"shipping-taxable","18":"purchasable","19":"product-type-variable"},"yoast_head":"<!-- This site is optimized with the Yoast SEO Premium plugin v26.9 (Yoast SEO v26.9) - https:\/\/yoast.com\/product\/yoast-seo-premium-wordpress\/ -->\n<title>Petzl OK Triact Lock Karabiner online kaufen | bolting.eu<\/title>\n<meta name=\"description\" content=\"OK Triact-Lock beim Kletter Hardware Profi aus Innsbruck kaufen \u2705 kostenloser Versand* \u2705 14 Tage R\u00fcckgaberecht \u2705 Co2 neutraler Versand\" \/>\n<meta name=\"robots\" content=\"index, follow, max-snippet:-1, max-image-preview:large, max-video-preview:-1\" \/>\n<link rel=\"canonical\" href=\"https:\/\/bolting.eu\/en\/shop\/petzl-ok-triact-lock\/\" \/>\n<meta property=\"og:locale\" content=\"en_US\" \/>\n<meta property=\"og:type\" content=\"article\" \/>\n<meta property=\"og:title\" content=\"Petzl OK Triact Lock\" \/>\n<meta property=\"og:description\" content=\"OK Triact-Lock beim Kletter Hardware Profi aus Innsbruck kaufen \u2705 kostenloser Versand* \u2705 14 Tage R\u00fcckgaberecht \u2705 Co2 neutraler Versand\" \/>\n<meta property=\"og:url\" content=\"https:\/\/bolting.eu\/en\/shop\/petzl-ok-triact-lock\/\" \/>\n<meta property=\"og:site_name\" content=\"bolting.eu\" \/>\n<meta property=\"article:publisher\" content=\"https:\/\/www.facebook.com\/bolting.eu\" \/>\n<meta property=\"article:modified_time\" content=\"2026-04-30T11:55:47+00:00\" \/>\n<meta property=\"og:image\" content=\"https:\/\/bolting.eu\/wp-content\/uploads\/2024\/01\/Petzl-OK-Triact-Lock-5.jpg\" \/>\n\t<meta property=\"og:image:width\" content=\"700\" \/>\n\t<meta property=\"og:image:height\" content=\"700\" \/>\n\t<meta property=\"og:image:type\" content=\"image\/jpeg\" \/>\n<meta name=\"twitter:card\" content=\"summary_large_image\" \/>\n<meta name=\"twitter:label1\" content=\"Availability\" \/>\n\t<meta name=\"twitter:data1\" content=\"In stock\" \/>\n<script type=\"application\/ld+json\" class=\"yoast-schema-graph\">{\"@context\":\"https:\/\/schema.org\",\"@graph\":[{\"@type\":[\"WebPage\",\"ItemPage\"],\"@id\":\"https:\/\/bolting.eu\/en\/shop\/petzl-ok-triact-lock\/\",\"url\":\"https:\/\/bolting.eu\/en\/shop\/petzl-ok-triact-lock\/\",\"name\":\"Petzl OK Triact Lock Karabiner online kaufen | bolting.eu\",\"isPartOf\":{\"@id\":\"https:\/\/bolting.eu\/en\/#website\"},\"primaryImageOfPage\":{\"@id\":\"https:\/\/bolting.eu\/en\/shop\/petzl-ok-triact-lock\/#primaryimage\"},\"image\":{\"@id\":\"https:\/\/bolting.eu\/en\/shop\/petzl-ok-triact-lock\/#primaryimage\"},\"thumbnailUrl\":\"https:\/\/bolting.eu\/wp-content\/uploads\/2024\/01\/Petzl-OK-Triact-Lock-5.jpg\",\"datePublished\":\"2024-01-16T14:06:20+00:00\",\"dateModified\":\"2026-04-30T11:55:47+00:00\",\"description\":\"OK Triact-Lock beim Kletter Hardware Profi aus Innsbruck kaufen \u2705 kostenloser Versand* \u2705 14 Tage R\u00fcckgaberecht \u2705 Co2 neutraler Versand\",\"breadcrumb\":{\"@id\":\"https:\/\/bolting.eu\/en\/shop\/petzl-ok-triact-lock\/#breadcrumb\"},\"inLanguage\":\"en-US\",\"potentialAction\":[{\"@type\":\"ReadAction\",\"target\":[\"https:\/\/bolting.eu\/en\/shop\/petzl-ok-triact-lock\/\"]}]},{\"@type\":\"ImageObject\",\"inLanguage\":\"en-US\",\"@id\":\"https:\/\/bolting.eu\/en\/shop\/petzl-ok-triact-lock\/#primaryimage\",\"url\":\"https:\/\/bolting.eu\/wp-content\/uploads\/2024\/01\/Petzl-OK-Triact-Lock-5.jpg\",\"contentUrl\":\"https:\/\/bolting.eu\/wp-content\/uploads\/2024\/01\/Petzl-OK-Triact-Lock-5.jpg\",\"width\":700,\"height\":700,\"caption\":\"Silberner Petzl OK Triact Lock Karabiner mit orangem Schnapper.\"},{\"@type\":\"BreadcrumbList\",\"@id\":\"https:\/\/bolting.eu\/en\/shop\/petzl-ok-triact-lock\/#breadcrumb\",\"itemListElement\":[{\"@type\":\"ListItem\",\"position\":1,\"name\":\"Shop\",\"item\":\"https:\/\/bolting.eu\/en\/shop\/\"},{\"@type\":\"ListItem\",\"position\":2,\"name\":\"climbing equipment\",\"item\":\"https:\/\/bolting.eu\/en\/produkt-kategorie\/climbing-equipment\/\"},{\"@type\":\"ListItem\",\"position\":3,\"name\":\"Climbing carabiner\",\"item\":\"https:\/\/bolting.eu\/en\/produkt-kategorie\/climbing-carabiner\/\"},{\"@type\":\"ListItem\",\"position\":4,\"name\":\"Petzl OK Triact Lock\"}]},{\"@type\":\"WebSite\",\"@id\":\"https:\/\/bolting.eu\/en\/#website\",\"url\":\"https:\/\/bolting.eu\/en\/\",\"name\":\"bolting.eu\",\"description\":\"we make climbs happen\",\"publisher\":{\"@id\":\"https:\/\/bolting.eu\/en\/#organization\"},\"potentialAction\":[{\"@type\":\"SearchAction\",\"target\":{\"@type\":\"EntryPoint\",\"urlTemplate\":\"https:\/\/bolting.eu\/en\/?s={search_term_string}\"},\"query-input\":{\"@type\":\"PropertyValueSpecification\",\"valueRequired\":true,\"valueName\":\"search_term_string\"}}],\"inLanguage\":\"en-US\"},{\"@type\":[\"Organization\",\"Place\",\"SportingGoodsStore\"],\"@id\":\"https:\/\/bolting.eu\/en\/#organization\",\"name\":\"bolting.eu\",\"url\":\"https:\/\/bolting.eu\/en\/\",\"logo\":{\"@id\":\"https:\/\/bolting.eu\/en\/shop\/petzl-ok-triact-lock\/#local-main-organization-logo\"},\"image\":{\"@id\":\"https:\/\/bolting.eu\/en\/shop\/petzl-ok-triact-lock\/#local-main-organization-logo\"},\"sameAs\":[\"https:\/\/www.facebook.com\/bolting.eu\",\"https:\/\/www.instagram.com\/bolting.eu\/\"],\"address\":{\"@id\":\"https:\/\/bolting.eu\/en\/shop\/petzl-ok-triact-lock\/#local-main-place-address\"},\"geo\":{\"@type\":\"GeoCoordinates\",\"latitude\":\"47.264176340396226\",\"longitude\":\"11.380109057672346\"},\"telephone\":[\"+43 699 19083372\"],\"openingHoursSpecification\":[{\"@type\":\"OpeningHoursSpecification\",\"dayOfWeek\":[\"Monday\",\"Wednesday\",\"Friday\"],\"opens\":\"14:00\",\"closes\":\"18:00\"},{\"@type\":\"OpeningHoursSpecification\",\"dayOfWeek\":[\"Tuesday\",\"Thursday\",\"Saturday\",\"Sunday\"],\"opens\":\"00:00\",\"closes\":\"00:00\"}],\"email\":\"office@bolting.eu\",\"vatID\":\"ATU59999728\",\"priceRange\":\"$$\",\"currenciesAccepted\":\"Euro\"},{\"@type\":\"PostalAddress\",\"@id\":\"https:\/\/bolting.eu\/en\/shop\/petzl-ok-triact-lock\/#local-main-place-address\",\"streetAddress\":\"Fischnalerstra\u00dfe 4\",\"addressLocality\":\"Innsbruck\",\"postalCode\":\"6020\",\"addressRegion\":\"Tirol\",\"addressCountry\":\"AT\"},{\"@type\":\"ImageObject\",\"inLanguage\":\"en-US\",\"@id\":\"https:\/\/bolting.eu\/en\/shop\/petzl-ok-triact-lock\/#local-main-organization-logo\",\"url\":\"https:\/\/bolting.eu\/wp-content\/uploads\/2019\/09\/bolting-logo.png\",\"contentUrl\":\"https:\/\/bolting.eu\/wp-content\/uploads\/2019\/09\/bolting-logo.png\",\"width\":400,\"height\":211,\"caption\":\"bolting.eu\"}]}<\/script>\n<meta property=\"og:availability\" content=\"instock\" \/>\n<meta property=\"product:availability\" content=\"instock\" \/>\n<meta property=\"product:condition\" content=\"new\" \/>\n<meta name=\"geo.placename\" content=\"Innsbruck\" \/>\n<meta name=\"geo.position\" content=\"47.264176340396226;11.380109057672346\" \/>\n<meta name=\"geo.region\" content=\"Austria\" \/>\n<!-- \/ Yoast SEO Premium plugin. -->","yoast_head_json":{"title":"Petzl OK Triact Lock Karabiner online kaufen | bolting.eu","description":"OK Triact-Lock beim Kletter Hardware Profi aus Innsbruck kaufen \u2705 kostenloser Versand* \u2705 14 Tage R\u00fcckgaberecht \u2705 Co2 neutraler Versand","robots":{"index":"index","follow":"follow","max-snippet":"max-snippet:-1","max-image-preview":"max-image-preview:large","max-video-preview":"max-video-preview:-1"},"canonical":"https:\/\/bolting.eu\/en\/shop\/petzl-ok-triact-lock\/","og_locale":"en_US","og_type":"article","og_title":"Petzl OK Triact Lock","og_description":"OK Triact-Lock beim Kletter Hardware Profi aus Innsbruck kaufen \u2705 kostenloser Versand* \u2705 14 Tage R\u00fcckgaberecht \u2705 Co2 neutraler Versand","og_url":"https:\/\/bolting.eu\/en\/shop\/petzl-ok-triact-lock\/","og_site_name":"bolting.eu","article_publisher":"https:\/\/www.facebook.com\/bolting.eu","article_modified_time":"2026-04-30T11:55:47+00:00","og_image":[{"width":700,"height":700,"url":"https:\/\/bolting.eu\/wp-content\/uploads\/2024\/01\/Petzl-OK-Triact-Lock-5.jpg","type":"image\/jpeg"}],"twitter_card":"summary_large_image","twitter_misc":{"Availability":"In stock"},"schema":{"@context":"https:\/\/schema.org","@graph":[{"@type":["WebPage","ItemPage"],"@id":"https:\/\/bolting.eu\/en\/shop\/petzl-ok-triact-lock\/","url":"https:\/\/bolting.eu\/en\/shop\/petzl-ok-triact-lock\/","name":"Petzl OK Triact Lock Karabiner online kaufen | bolting.eu","isPartOf":{"@id":"https:\/\/bolting.eu\/en\/#website"},"primaryImageOfPage":{"@id":"https:\/\/bolting.eu\/en\/shop\/petzl-ok-triact-lock\/#primaryimage"},"image":{"@id":"https:\/\/bolting.eu\/en\/shop\/petzl-ok-triact-lock\/#primaryimage"},"thumbnailUrl":"https:\/\/bolting.eu\/wp-content\/uploads\/2024\/01\/Petzl-OK-Triact-Lock-5.jpg","datePublished":"2024-01-16T14:06:20+00:00","dateModified":"2026-04-30T11:55:47+00:00","description":"OK Triact-Lock beim Kletter Hardware Profi aus Innsbruck kaufen \u2705 kostenloser Versand* \u2705 14 Tage R\u00fcckgaberecht \u2705 Co2 neutraler Versand","breadcrumb":{"@id":"https:\/\/bolting.eu\/en\/shop\/petzl-ok-triact-lock\/#breadcrumb"},"inLanguage":"en-US","potentialAction":[{"@type":"ReadAction","target":["https:\/\/bolting.eu\/en\/shop\/petzl-ok-triact-lock\/"]}]},{"@type":"ImageObject","inLanguage":"en-US","@id":"https:\/\/bolting.eu\/en\/shop\/petzl-ok-triact-lock\/#primaryimage","url":"https:\/\/bolting.eu\/wp-content\/uploads\/2024\/01\/Petzl-OK-Triact-Lock-5.jpg","contentUrl":"https:\/\/bolting.eu\/wp-content\/uploads\/2024\/01\/Petzl-OK-Triact-Lock-5.jpg","width":700,"height":700,"caption":"Silberner Petzl OK Triact Lock Karabiner mit orangem Schnapper."},{"@type":"BreadcrumbList","@id":"https:\/\/bolting.eu\/en\/shop\/petzl-ok-triact-lock\/#breadcrumb","itemListElement":[{"@type":"ListItem","position":1,"name":"Shop","item":"https:\/\/bolting.eu\/en\/shop\/"},{"@type":"ListItem","position":2,"name":"climbing equipment","item":"https:\/\/bolting.eu\/en\/produkt-kategorie\/climbing-equipment\/"},{"@type":"ListItem","position":3,"name":"Climbing carabiner","item":"https:\/\/bolting.eu\/en\/produkt-kategorie\/climbing-carabiner\/"},{"@type":"ListItem","position":4,"name":"Petzl OK Triact Lock"}]},{"@type":"WebSite","@id":"https:\/\/bolting.eu\/en\/#website","url":"https:\/\/bolting.eu\/en\/","name":"bolting.eu","description":"we make climbs happen","publisher":{"@id":"https:\/\/bolting.eu\/en\/#organization"},"potentialAction":[{"@type":"SearchAction","target":{"@type":"EntryPoint","urlTemplate":"https:\/\/bolting.eu\/en\/?s={search_term_string}"},"query-input":{"@type":"PropertyValueSpecification","valueRequired":true,"valueName":"search_term_string"}}],"inLanguage":"en-US"},{"@type":["Organization","Place","SportingGoodsStore"],"@id":"https:\/\/bolting.eu\/en\/#organization","name":"bolting.eu","url":"https:\/\/bolting.eu\/en\/","logo":{"@id":"https:\/\/bolting.eu\/en\/shop\/petzl-ok-triact-lock\/#local-main-organization-logo"},"image":{"@id":"https:\/\/bolting.eu\/en\/shop\/petzl-ok-triact-lock\/#local-main-organization-logo"},"sameAs":["https:\/\/www.facebook.com\/bolting.eu","https:\/\/www.instagram.com\/bolting.eu\/"],"address":{"@id":"https:\/\/bolting.eu\/en\/shop\/petzl-ok-triact-lock\/#local-main-place-address"},"geo":{"@type":"GeoCoordinates","latitude":"47.264176340396226","longitude":"11.380109057672346"},"telephone":["+43 699 19083372"],"openingHoursSpecification":[{"@type":"OpeningHoursSpecification","dayOfWeek":["Monday","Wednesday","Friday"],"opens":"14:00","closes":"18:00"},{"@type":"OpeningHoursSpecification","dayOfWeek":["Tuesday","Thursday","Saturday","Sunday"],"opens":"00:00","closes":"00:00"}],"email":"office@bolting.eu","vatID":"ATU59999728","priceRange":"$$","currenciesAccepted":"Euro"},{"@type":"PostalAddress","@id":"https:\/\/bolting.eu\/en\/shop\/petzl-ok-triact-lock\/#local-main-place-address","streetAddress":"Fischnalerstra\u00dfe 4","addressLocality":"Innsbruck","postalCode":"6020","addressRegion":"Tirol","addressCountry":"AT"},{"@type":"ImageObject","inLanguage":"en-US","@id":"https:\/\/bolting.eu\/en\/shop\/petzl-ok-triact-lock\/#local-main-organization-logo","url":"https:\/\/bolting.eu\/wp-content\/uploads\/2019\/09\/bolting-logo.png","contentUrl":"https:\/\/bolting.eu\/wp-content\/uploads\/2019\/09\/bolting-logo.png","width":400,"height":211,"caption":"bolting.eu"}]},"og_availability":"instock","product_availability":"instock","product_condition":"new","geo.placename":"Innsbruck","geo.position":{"lat":"47.264176340396226","long":"11.380109057672346"},"geo.region":"Austria"},"_links":{"self":[{"href":"https:\/\/bolting.eu\/en\/wp-json\/wp\/v2\/product\/18285","targetHints":{"allow":["GET"]}}],"collection":[{"href":"https:\/\/bolting.eu\/en\/wp-json\/wp\/v2\/product"}],"about":[{"href":"https:\/\/bolting.eu\/en\/wp-json\/wp\/v2\/types\/product"}],"replies":[{"embeddable":true,"href":"https:\/\/bolting.eu\/en\/wp-json\/wp\/v2\/comments?post=18285"}],"wp:featuredmedia":[{"embeddable":true,"href":"https:\/\/bolting.eu\/en\/wp-json\/wp\/v2\/media\/18286"}],"wp:attachment":[{"href":"https:\/\/bolting.eu\/en\/wp-json\/wp\/v2\/media?parent=18285"}],"wp:term":[{"taxonomy":"product_brand","embeddable":true,"href":"https:\/\/bolting.eu\/en\/wp-json\/wp\/v2\/product_brand?post=18285"},{"taxonomy":"product_cat","embeddable":true,"href":"https:\/\/bolting.eu\/en\/wp-json\/wp\/v2\/product_cat?post=18285"},{"taxonomy":"product_tag","embeddable":true,"href":"https:\/\/bolting.eu\/en\/wp-json\/wp\/v2\/product_tag?post=18285"}],"curies":[{"name":"wp","href":"https:\/\/api.w.org\/{rel}","templated":true}]}}