{"id":18252,"date":"2024-01-15T18:21:54","date_gmt":"2024-01-15T17:21:54","guid":{"rendered":"https:\/\/bolting.eu\/?post_type=product&#038;p=18252"},"modified":"2024-09-07T15:35:32","modified_gmt":"2024-09-07T13:35:32","slug":"blue-ice-addax","status":"publish","type":"product","link":"https:\/\/bolting.eu\/en\/shop\/blue-ice-addax\/","title":{"rendered":"Blue Ice Addax"},"content":{"rendered":"<p>Der Blue Ice Addax ist der leichteste Klettergurt der Welt. Mit nur 139 Gramm (Gr\u00f6\u00dfe S) ist er ein absolutes Ultraleichtgewicht.<\/p>\n<p>Erstaunlich ist dabei seine Funktionalit\u00e4t. Denn bei dem enorm geringen Materialeinsatz ist dennoch volle Einsatzbereitschaft und sogar ein ordentlicher Komfort herausgekommen.<\/p>\n<p>Der Gurt hat hierf\u00fcr erstens fixe Beinschlaufen mit EVA Schaum Polsterung. Zweitens ein H\u00fcftband mit Speed Schnalle und vier Materialschlaufen sowie zwei Eiskletter Slots. Dort k\u00f6nnen zus\u00e4tzliche Materialkarabiner f\u00fcr <a href=\"https:\/\/bolting.eu\/produkt-kategorie\/bergsteiger-ausruestung\/eisschrauben\/\">Eisschrauben<\/a> wie z.B. <a href=\"https:\/\/bolting.eu\/shop\/petzl-caritool-evo-eisschraubenhalter\/\">Petzl Caritool Evo<\/a> angebracht werden.<\/p>\n<p>Abgerundet wird dieser Gurt durch den &#8220;Magic Ring&#8221;. Eine durchg\u00e4ngige Dyneema Sicherungsschlaufe.<\/p>\n<h2>Eigenschaften Addax<\/h2>\n<ul>\n<li>Hersteller: <a href=\"https:\/\/bolting.eu\/produkt-kategorie\/blue-ice\/\">Blue Ice<\/a><\/li>\n<li>leichteste Klettergurt der Welt<\/li>\n<li>Gewicht: 139 Gramm (Gr. S)<\/li>\n<li>Gr\u00f6\u00dfen: S &#8211; M &#8211; L &#8211; XL<\/li>\n<li>Material: Alu, EVA Schaum, Dynema, Polyester<\/li>\n<li>fixe H\u00fcftschlaufen mit EVA Polsterung<\/li>\n<li>Speed Schnalle am H\u00fcftband<\/li>\n<li>vier Materialschlaufen f\u00fcr <a href=\"https:\/\/bolting.eu\/produkt-kategorie\/kletterausruestung\/expressschlingen\/\">Expressschlingen<\/a>,\u00a0 Karabiner, usw..<\/li>\n<li>zwei Slots f\u00fcr Materialkarabiner<\/li>\n<li>&#8220;Magic Ring&#8221; Sicherungsschlaufe<\/li>\n<li><a href=\"https:\/\/content.admin.blueice.com\/media\/images\/instruction-manuals\/100142-Harness-Instructions-weblow_2023-07-17-134153_kxfg.pdf\" target=\"_blank\" rel=\"noopener\">Bedienungsanleitung<\/a><\/li>\n<\/ul>\n<h3><strong>Gr\u00f6\u00dfentabelle<\/strong><\/h3>\n<p>Im Folgenden findet ihr eine Gr\u00f6\u00dfentabelle f\u00fcr den Addax. Ihr m\u00fcsst zwei Ma\u00dfe bei euch abmessen.<\/p>\n<p>Zum einen den <strong>H\u00fcftumfang<\/strong>. Und zum anderen den <strong>Oberschenkel Umfang<\/strong>.<\/p>\n<p><a href=\"https:\/\/bolting.eu\/wp-content\/uploads\/2024\/01\/Groessentabelle-Addax.jpg\"><img loading=\"lazy\" decoding=\"async\" class=\"alignnone size-full wp-image-18259\" src=\"https:\/\/bolting.eu\/wp-content\/uploads\/2024\/01\/Groessentabelle-Addax.jpg\" alt=\"Grafik mit Gr\u00f6\u00dfentabelle f\u00fcr den Blue Ice Addax Klettergurt auf schwarzem Hintergrund.\" width=\"1024\" height=\"182\" srcset=\"https:\/\/bolting.eu\/wp-content\/uploads\/2024\/01\/Groessentabelle-Addax.jpg 1024w, https:\/\/bolting.eu\/wp-content\/uploads\/2024\/01\/Groessentabelle-Addax-800x142.jpg 800w, https:\/\/bolting.eu\/wp-content\/uploads\/2024\/01\/Groessentabelle-Addax-768x137.jpg 768w, https:\/\/bolting.eu\/wp-content\/uploads\/2024\/01\/Groessentabelle-Addax-510x91.jpg 510w, https:\/\/bolting.eu\/wp-content\/uploads\/2024\/01\/Groessentabelle-Addax-100x18.jpg 100w\" sizes=\"auto, (max-width: 1024px) 100vw, 1024px\" \/><\/a><\/p>\n<h3><strong>Produktvideo<\/strong><\/h3>\n<p>Im Folgenden findet ihr ein Produktvideo zum Klettergurt von Blue Ice.<\/p>\n<p><iframe loading=\"lazy\" title=\"BLUE ICE ADDAX Harness - The world&#039;s lightest rock climbing harness\" width=\"1020\" height=\"574\" src=\"https:\/\/www.youtube.com\/embed\/nkLNrC84WnE?feature=oembed\" frameborder=\"0\" allow=\"accelerometer; autoplay; clipboard-write; encrypted-media; gyroscope; picture-in-picture; web-share\" allowfullscreen><\/iframe><\/p>\n<h3>Zielgruppen<\/h3>\n<p>Der Addax von Blue Ice richtet sich zum einen an <strong>stark Fortgeschrittene<\/strong>. Sie sollen durch das minimale Gewicht bei sehr viel Funktion bei ihren schweren und langen Routen unterst\u00fctzt werden.<\/p>\n<p>Zum anderen ist dieser Gurt etwas <strong>f\u00fcr all jene, denen geringstes Gewicht wichtig ist<\/strong>. Egal aus welchem Grund, ihr das m\u00f6chtet. Dieses Modell ist dann perfekt f\u00fcr euch. Ob H\u00f6henbergsteigen, Ski Alpinismus oder Hochtouren. Diesen Gurt merkt man so gut wie gar nicht wenn es ums Gewicht und Packma\u00df geht.<\/p>\n<h3>Blue Ice Addax = radikal leicht<\/h3>\n<p>Wie wird dieses geringe Gewicht bei diesem Modell erreicht?<\/p>\n<p>Erstens hat man das H\u00fcftband auf zwei tragende B\u00e4nder reduziert. Der &#8220;Raum&#8221; dazwischen, wird von leichtem Gewebe und EVA Schaum ausgef\u00fcllt.<\/p>\n<p>Zweitens spart die kleine Speed Schnalle wertvolle Gramm. Drittens die extrem d\u00fcnnen B\u00e4nder der Beinschlaufenaufh\u00e4ngung bzw. den Materialschlaufen.<\/p>\n<p>Viertens ist de &#8220;Magic Ring&#8221; aus d\u00fcnnem Dyneema Material. Durchlaufend und ohne N\u00e4hte.<\/p>\n<p>Kurzum. \u00dcberall hat Blue Ice hier Gewicht &#8220;weggezwackt&#8221;!<\/p>\n<figure id=\"attachment_18255\" aria-describedby=\"caption-attachment-18255\" style=\"width: 700px\" class=\"wp-caption alignnone\"><a href=\"https:\/\/bolting.eu\/wp-content\/uploads\/2024\/01\/Blue-Ice-Addax-2.jpg\"><img loading=\"lazy\" decoding=\"async\" class=\"wp-image-18255 size-full\" src=\"https:\/\/bolting.eu\/wp-content\/uploads\/2024\/01\/Blue-Ice-Addax-2.jpg\" alt=\"Blue Ice Klettergurt auf H\u00fcfte eines Kletterers mit Equipment.\" width=\"700\" height=\"700\" srcset=\"https:\/\/bolting.eu\/wp-content\/uploads\/2024\/01\/Blue-Ice-Addax-2.jpg 700w, https:\/\/bolting.eu\/wp-content\/uploads\/2024\/01\/Blue-Ice-Addax-2-400x400.jpg 400w, https:\/\/bolting.eu\/wp-content\/uploads\/2024\/01\/Blue-Ice-Addax-2-280x280.jpg 280w, https:\/\/bolting.eu\/wp-content\/uploads\/2024\/01\/Blue-Ice-Addax-2-247x247.jpg 247w, https:\/\/bolting.eu\/wp-content\/uploads\/2024\/01\/Blue-Ice-Addax-2-510x510.jpg 510w, https:\/\/bolting.eu\/wp-content\/uploads\/2024\/01\/Blue-Ice-Addax-2-100x100.jpg 100w\" sizes=\"auto, (max-width: 700px) 100vw, 700px\" \/><\/a><figcaption id=\"caption-attachment-18255\" class=\"wp-caption-text\">Dieses Modell ist der leichteste Gurt der Welt!<\/figcaption><\/figure>\n","protected":false},"excerpt":{"rendered":"<p>Der leichteste Klettergurt der Welt mit geringstem Packma\u00df. Ideal f\u00fcr stark Fortgeschrittene, &#8220;Speed Kletterer&#8221; und all jenen, die geringstes Gewicht sch\u00e4tzen.<\/p>\n<p>Mit 4 Materialschlaufen und zwei Eiskletter Slots.<\/p>\n<p>Versandkostenfrei bis 2kg in <img decoding=\"async\" class=\"emoji\" role=\"img\" draggable=\"false\" src=\"https:\/\/s.w.org\/images\/core\/emoji\/14.0.0\/svg\/1f1e6-1f1f9.svg\" alt=\"\ud83c\udde6\ud83c\uddf9\" \/> ab \u20ac 100,- und <img decoding=\"async\" class=\"emoji\" role=\"img\" draggable=\"false\" src=\"https:\/\/s.w.org\/images\/core\/emoji\/14.0.0\/svg\/1f1e9-1f1ea.svg\" alt=\"\ud83c\udde9\ud83c\uddea\" \/> ab \u20ac 200,-!<\/p>\n","protected":false},"featured_media":18254,"comment_status":"closed","ping_status":"closed","template":"","meta":[],"product_brand":[],"product_cat":[6359,29,14459],"product_tag":[],"class_list":{"0":"post-18252","1":"product","2":"type-product","3":"status-publish","4":"has-post-thumbnail","6":"product_cat-klettergurte","7":"product_cat-kletterausruestung","8":"product_cat-blue-ice","10":"first","11":"instock","12":"taxable","13":"shipping-taxable","14":"purchasable","15":"product-type-variable"},"yoast_head":"<!-- This site is optimized with the Yoast SEO Premium plugin v26.9 (Yoast SEO v26.9) - https:\/\/yoast.com\/product\/yoast-seo-premium-wordpress\/ -->\n<title>Blue Ice Addax - leichtester Klettergurt der Welt | bolting.eu<\/title>\n<meta name=\"description\" content=\"Blue Ice Addax Klettergurt beim Kletterprofi aus Innsbruck kaufen \u2705 kostenloser Versand* \u2705 14 Tage R\u00fcckgaberecht \u2705 Co2 neutraler Versand\" \/>\n<meta name=\"robots\" content=\"index, follow, max-snippet:-1, max-image-preview:large, max-video-preview:-1\" \/>\n<link rel=\"canonical\" href=\"https:\/\/bolting.eu\/en\/shop\/blue-ice-addax\/\" \/>\n<meta property=\"og:locale\" content=\"en_US\" \/>\n<meta property=\"og:type\" content=\"article\" \/>\n<meta property=\"og:title\" content=\"Blue Ice Addax\" \/>\n<meta property=\"og:description\" content=\"Blue Ice Addax Klettergurt beim Kletterprofi aus Innsbruck kaufen \u2705 kostenloser Versand* \u2705 14 Tage R\u00fcckgaberecht \u2705 Co2 neutraler Versand\" \/>\n<meta property=\"og:url\" content=\"https:\/\/bolting.eu\/en\/shop\/blue-ice-addax\/\" \/>\n<meta property=\"og:site_name\" content=\"bolting.eu\" \/>\n<meta property=\"article:publisher\" content=\"https:\/\/www.facebook.com\/bolting.eu\" \/>\n<meta property=\"article:modified_time\" content=\"2024-09-07T13:35:32+00:00\" \/>\n<meta property=\"og:image\" content=\"https:\/\/bolting.eu\/wp-content\/uploads\/2024\/01\/Blue-Ice-Addax-1.jpg\" \/>\n\t<meta property=\"og:image:width\" content=\"700\" \/>\n\t<meta property=\"og:image:height\" content=\"700\" \/>\n\t<meta property=\"og:image:type\" content=\"image\/jpeg\" \/>\n<meta name=\"twitter:card\" content=\"summary_large_image\" \/>\n<meta name=\"twitter:label1\" content=\"Availability\" \/>\n\t<meta name=\"twitter:data1\" content=\"In stock\" \/>\n<script type=\"application\/ld+json\" class=\"yoast-schema-graph\">{\"@context\":\"https:\/\/schema.org\",\"@graph\":[{\"@type\":[\"WebPage\",\"ItemPage\"],\"@id\":\"https:\/\/bolting.eu\/en\/shop\/blue-ice-addax\/\",\"url\":\"https:\/\/bolting.eu\/en\/shop\/blue-ice-addax\/\",\"name\":\"Blue Ice Addax - leichtester Klettergurt der Welt | bolting.eu\",\"isPartOf\":{\"@id\":\"https:\/\/bolting.eu\/en\/#website\"},\"primaryImageOfPage\":{\"@id\":\"https:\/\/bolting.eu\/en\/shop\/blue-ice-addax\/#primaryimage\"},\"image\":{\"@id\":\"https:\/\/bolting.eu\/en\/shop\/blue-ice-addax\/#primaryimage\"},\"thumbnailUrl\":\"https:\/\/bolting.eu\/wp-content\/uploads\/2024\/01\/Blue-Ice-Addax-1.jpg\",\"datePublished\":\"2024-01-15T17:21:54+00:00\",\"dateModified\":\"2024-09-07T13:35:32+00:00\",\"description\":\"Blue Ice Addax Klettergurt beim Kletterprofi aus Innsbruck kaufen \u2705 kostenloser Versand* \u2705 14 Tage R\u00fcckgaberecht \u2705 Co2 neutraler Versand\",\"breadcrumb\":{\"@id\":\"https:\/\/bolting.eu\/en\/shop\/blue-ice-addax\/#breadcrumb\"},\"inLanguage\":\"en-US\",\"potentialAction\":[{\"@type\":\"ReadAction\",\"target\":[\"https:\/\/bolting.eu\/en\/shop\/blue-ice-addax\/\"]}]},{\"@type\":\"ImageObject\",\"inLanguage\":\"en-US\",\"@id\":\"https:\/\/bolting.eu\/en\/shop\/blue-ice-addax\/#primaryimage\",\"url\":\"https:\/\/bolting.eu\/wp-content\/uploads\/2024\/01\/Blue-Ice-Addax-1.jpg\",\"contentUrl\":\"https:\/\/bolting.eu\/wp-content\/uploads\/2024\/01\/Blue-Ice-Addax-1.jpg\",\"width\":700,\"height\":700,\"caption\":\"Wei\u00df-blauer Blue Ice Addax Klettergurt von der Seite.\"},{\"@type\":\"BreadcrumbList\",\"@id\":\"https:\/\/bolting.eu\/en\/shop\/blue-ice-addax\/#breadcrumb\",\"itemListElement\":[{\"@type\":\"ListItem\",\"position\":1,\"name\":\"Shop\",\"item\":\"https:\/\/bolting.eu\/en\/shop\/\"},{\"@type\":\"ListItem\",\"position\":2,\"name\":\"climbing equipment\",\"item\":\"https:\/\/bolting.eu\/en\/produkt-kategorie\/climbing-equipment\/\"},{\"@type\":\"ListItem\",\"position\":3,\"name\":\"Klettergurte\",\"item\":\"https:\/\/bolting.eu\/produkt-kategorie\/kletterausruestung\/klettergurte\/\"},{\"@type\":\"ListItem\",\"position\":4,\"name\":\"Blue Ice Addax\"}]},{\"@type\":\"WebSite\",\"@id\":\"https:\/\/bolting.eu\/en\/#website\",\"url\":\"https:\/\/bolting.eu\/en\/\",\"name\":\"bolting.eu\",\"description\":\"we make climbs happen\",\"publisher\":{\"@id\":\"https:\/\/bolting.eu\/en\/#organization\"},\"potentialAction\":[{\"@type\":\"SearchAction\",\"target\":{\"@type\":\"EntryPoint\",\"urlTemplate\":\"https:\/\/bolting.eu\/en\/?s={search_term_string}\"},\"query-input\":{\"@type\":\"PropertyValueSpecification\",\"valueRequired\":true,\"valueName\":\"search_term_string\"}}],\"inLanguage\":\"en-US\"},{\"@type\":[\"Organization\",\"Place\",\"SportingGoodsStore\"],\"@id\":\"https:\/\/bolting.eu\/en\/#organization\",\"name\":\"bolting.eu\",\"url\":\"https:\/\/bolting.eu\/en\/\",\"logo\":{\"@id\":\"https:\/\/bolting.eu\/en\/shop\/blue-ice-addax\/#local-main-organization-logo\"},\"image\":{\"@id\":\"https:\/\/bolting.eu\/en\/shop\/blue-ice-addax\/#local-main-organization-logo\"},\"sameAs\":[\"https:\/\/www.facebook.com\/bolting.eu\",\"https:\/\/www.instagram.com\/bolting.eu\/\"],\"address\":{\"@id\":\"https:\/\/bolting.eu\/en\/shop\/blue-ice-addax\/#local-main-place-address\"},\"geo\":{\"@type\":\"GeoCoordinates\",\"latitude\":\"47.264176340396226\",\"longitude\":\"11.380109057672346\"},\"telephone\":[\"+43 699 19083372\"],\"openingHoursSpecification\":[{\"@type\":\"OpeningHoursSpecification\",\"dayOfWeek\":[\"Monday\",\"Wednesday\",\"Friday\"],\"opens\":\"14:00\",\"closes\":\"18:00\"},{\"@type\":\"OpeningHoursSpecification\",\"dayOfWeek\":[\"Tuesday\",\"Thursday\",\"Saturday\",\"Sunday\"],\"opens\":\"00:00\",\"closes\":\"00:00\"}],\"email\":\"office@bolting.eu\",\"vatID\":\"ATU59999728\",\"priceRange\":\"$$\",\"currenciesAccepted\":\"Euro\"},{\"@type\":\"PostalAddress\",\"@id\":\"https:\/\/bolting.eu\/en\/shop\/blue-ice-addax\/#local-main-place-address\",\"streetAddress\":\"Fischnalerstra\u00dfe 4\",\"addressLocality\":\"Innsbruck\",\"postalCode\":\"6020\",\"addressRegion\":\"Tirol\",\"addressCountry\":\"AT\"},{\"@type\":\"ImageObject\",\"inLanguage\":\"en-US\",\"@id\":\"https:\/\/bolting.eu\/en\/shop\/blue-ice-addax\/#local-main-organization-logo\",\"url\":\"https:\/\/bolting.eu\/wp-content\/uploads\/2019\/09\/bolting-logo.png\",\"contentUrl\":\"https:\/\/bolting.eu\/wp-content\/uploads\/2019\/09\/bolting-logo.png\",\"width\":400,\"height\":211,\"caption\":\"bolting.eu\"}]}<\/script>\n<meta property=\"og:video\" content=\"https:\/\/www.youtube.com\/embed\/nkLNrC84WnE\" \/>\n<meta property=\"og:video:type\" content=\"text\/html\" \/>\n<meta property=\"og:video:duration\" content=\"58\" \/>\n<meta property=\"og:video:width\" content=\"480\" \/>\n<meta property=\"og:video:height\" content=\"270\" \/>\n<meta property=\"ya:ovs:adult\" content=\"false\" \/>\n<meta property=\"ya:ovs:upload_date\" content=\"2024-01-15T17:21:54+00:00\" \/>\n<meta property=\"ya:ovs:allow_embed\" content=\"true\" \/>\n<meta property=\"og:availability\" content=\"instock\" \/>\n<meta property=\"product:availability\" content=\"instock\" \/>\n<meta property=\"product:condition\" content=\"new\" \/>\n<meta name=\"geo.placename\" content=\"Innsbruck\" \/>\n<meta name=\"geo.position\" content=\"47.264176340396226;11.380109057672346\" \/>\n<meta name=\"geo.region\" content=\"Austria\" \/>\n<!-- \/ Yoast SEO Premium plugin. -->","yoast_head_json":{"title":"Blue Ice Addax - leichtester Klettergurt der Welt | bolting.eu","description":"Blue Ice Addax Klettergurt beim Kletterprofi aus Innsbruck kaufen \u2705 kostenloser Versand* \u2705 14 Tage R\u00fcckgaberecht \u2705 Co2 neutraler Versand","robots":{"index":"index","follow":"follow","max-snippet":"max-snippet:-1","max-image-preview":"max-image-preview:large","max-video-preview":"max-video-preview:-1"},"canonical":"https:\/\/bolting.eu\/en\/shop\/blue-ice-addax\/","og_locale":"en_US","og_type":"article","og_title":"Blue Ice Addax","og_description":"Blue Ice Addax Klettergurt beim Kletterprofi aus Innsbruck kaufen \u2705 kostenloser Versand* \u2705 14 Tage R\u00fcckgaberecht \u2705 Co2 neutraler Versand","og_url":"https:\/\/bolting.eu\/en\/shop\/blue-ice-addax\/","og_site_name":"bolting.eu","article_publisher":"https:\/\/www.facebook.com\/bolting.eu","article_modified_time":"2024-09-07T13:35:32+00:00","og_image":[{"width":700,"height":700,"url":"https:\/\/bolting.eu\/wp-content\/uploads\/2024\/01\/Blue-Ice-Addax-1.jpg","type":"image\/jpeg"}],"twitter_card":"summary_large_image","twitter_misc":{"Availability":"In stock"},"schema":{"@context":"https:\/\/schema.org","@graph":[{"@type":["WebPage","ItemPage"],"@id":"https:\/\/bolting.eu\/en\/shop\/blue-ice-addax\/","url":"https:\/\/bolting.eu\/en\/shop\/blue-ice-addax\/","name":"Blue Ice Addax - leichtester Klettergurt der Welt | bolting.eu","isPartOf":{"@id":"https:\/\/bolting.eu\/en\/#website"},"primaryImageOfPage":{"@id":"https:\/\/bolting.eu\/en\/shop\/blue-ice-addax\/#primaryimage"},"image":{"@id":"https:\/\/bolting.eu\/en\/shop\/blue-ice-addax\/#primaryimage"},"thumbnailUrl":"https:\/\/bolting.eu\/wp-content\/uploads\/2024\/01\/Blue-Ice-Addax-1.jpg","datePublished":"2024-01-15T17:21:54+00:00","dateModified":"2024-09-07T13:35:32+00:00","description":"Blue Ice Addax Klettergurt beim Kletterprofi aus Innsbruck kaufen \u2705 kostenloser Versand* \u2705 14 Tage R\u00fcckgaberecht \u2705 Co2 neutraler Versand","breadcrumb":{"@id":"https:\/\/bolting.eu\/en\/shop\/blue-ice-addax\/#breadcrumb"},"inLanguage":"en-US","potentialAction":[{"@type":"ReadAction","target":["https:\/\/bolting.eu\/en\/shop\/blue-ice-addax\/"]}]},{"@type":"ImageObject","inLanguage":"en-US","@id":"https:\/\/bolting.eu\/en\/shop\/blue-ice-addax\/#primaryimage","url":"https:\/\/bolting.eu\/wp-content\/uploads\/2024\/01\/Blue-Ice-Addax-1.jpg","contentUrl":"https:\/\/bolting.eu\/wp-content\/uploads\/2024\/01\/Blue-Ice-Addax-1.jpg","width":700,"height":700,"caption":"Wei\u00df-blauer Blue Ice Addax Klettergurt von der Seite."},{"@type":"BreadcrumbList","@id":"https:\/\/bolting.eu\/en\/shop\/blue-ice-addax\/#breadcrumb","itemListElement":[{"@type":"ListItem","position":1,"name":"Shop","item":"https:\/\/bolting.eu\/en\/shop\/"},{"@type":"ListItem","position":2,"name":"climbing equipment","item":"https:\/\/bolting.eu\/en\/produkt-kategorie\/climbing-equipment\/"},{"@type":"ListItem","position":3,"name":"Klettergurte","item":"https:\/\/bolting.eu\/produkt-kategorie\/kletterausruestung\/klettergurte\/"},{"@type":"ListItem","position":4,"name":"Blue Ice Addax"}]},{"@type":"WebSite","@id":"https:\/\/bolting.eu\/en\/#website","url":"https:\/\/bolting.eu\/en\/","name":"bolting.eu","description":"we make climbs happen","publisher":{"@id":"https:\/\/bolting.eu\/en\/#organization"},"potentialAction":[{"@type":"SearchAction","target":{"@type":"EntryPoint","urlTemplate":"https:\/\/bolting.eu\/en\/?s={search_term_string}"},"query-input":{"@type":"PropertyValueSpecification","valueRequired":true,"valueName":"search_term_string"}}],"inLanguage":"en-US"},{"@type":["Organization","Place","SportingGoodsStore"],"@id":"https:\/\/bolting.eu\/en\/#organization","name":"bolting.eu","url":"https:\/\/bolting.eu\/en\/","logo":{"@id":"https:\/\/bolting.eu\/en\/shop\/blue-ice-addax\/#local-main-organization-logo"},"image":{"@id":"https:\/\/bolting.eu\/en\/shop\/blue-ice-addax\/#local-main-organization-logo"},"sameAs":["https:\/\/www.facebook.com\/bolting.eu","https:\/\/www.instagram.com\/bolting.eu\/"],"address":{"@id":"https:\/\/bolting.eu\/en\/shop\/blue-ice-addax\/#local-main-place-address"},"geo":{"@type":"GeoCoordinates","latitude":"47.264176340396226","longitude":"11.380109057672346"},"telephone":["+43 699 19083372"],"openingHoursSpecification":[{"@type":"OpeningHoursSpecification","dayOfWeek":["Monday","Wednesday","Friday"],"opens":"14:00","closes":"18:00"},{"@type":"OpeningHoursSpecification","dayOfWeek":["Tuesday","Thursday","Saturday","Sunday"],"opens":"00:00","closes":"00:00"}],"email":"office@bolting.eu","vatID":"ATU59999728","priceRange":"$$","currenciesAccepted":"Euro"},{"@type":"PostalAddress","@id":"https:\/\/bolting.eu\/en\/shop\/blue-ice-addax\/#local-main-place-address","streetAddress":"Fischnalerstra\u00dfe 4","addressLocality":"Innsbruck","postalCode":"6020","addressRegion":"Tirol","addressCountry":"AT"},{"@type":"ImageObject","inLanguage":"en-US","@id":"https:\/\/bolting.eu\/en\/shop\/blue-ice-addax\/#local-main-organization-logo","url":"https:\/\/bolting.eu\/wp-content\/uploads\/2019\/09\/bolting-logo.png","contentUrl":"https:\/\/bolting.eu\/wp-content\/uploads\/2019\/09\/bolting-logo.png","width":400,"height":211,"caption":"bolting.eu"}]},"og_video":"https:\/\/www.youtube.com\/embed\/nkLNrC84WnE","og_video_type":"text\/html","og_video_duration":"58","og_video_width":"480","og_video_height":"270","ya_ovs_adult":"false","ya_ovs_upload_date":"2024-01-15T17:21:54+00:00","ya_ovs_allow_embed":"true","og_availability":"instock","product_availability":"instock","product_condition":"new","geo.placename":"Innsbruck","geo.position":{"lat":"47.264176340396226","long":"11.380109057672346"},"geo.region":"Austria"},"_links":{"self":[{"href":"https:\/\/bolting.eu\/en\/wp-json\/wp\/v2\/product\/18252","targetHints":{"allow":["GET"]}}],"collection":[{"href":"https:\/\/bolting.eu\/en\/wp-json\/wp\/v2\/product"}],"about":[{"href":"https:\/\/bolting.eu\/en\/wp-json\/wp\/v2\/types\/product"}],"replies":[{"embeddable":true,"href":"https:\/\/bolting.eu\/en\/wp-json\/wp\/v2\/comments?post=18252"}],"wp:featuredmedia":[{"embeddable":true,"href":"https:\/\/bolting.eu\/en\/wp-json\/wp\/v2\/media\/18254"}],"wp:attachment":[{"href":"https:\/\/bolting.eu\/en\/wp-json\/wp\/v2\/media?parent=18252"}],"wp:term":[{"taxonomy":"product_brand","embeddable":true,"href":"https:\/\/bolting.eu\/en\/wp-json\/wp\/v2\/product_brand?post=18252"},{"taxonomy":"product_cat","embeddable":true,"href":"https:\/\/bolting.eu\/en\/wp-json\/wp\/v2\/product_cat?post=18252"},{"taxonomy":"product_tag","embeddable":true,"href":"https:\/\/bolting.eu\/en\/wp-json\/wp\/v2\/product_tag?post=18252"}],"curies":[{"name":"wp","href":"https:\/\/api.w.org\/{rel}","templated":true}]}}