{"id":18166,"date":"2024-01-08T12:05:16","date_gmt":"2024-01-08T11:05:16","guid":{"rendered":"https:\/\/bolting.eu\/?post_type=product&#038;p=18166"},"modified":"2025-04-11T10:07:40","modified_gmt":"2025-04-11T08:07:40","slug":"grivel-g20-plus-forged-points","status":"publish","type":"product","link":"https:\/\/bolting.eu\/en\/shop\/grivel-g20-plus-forged-points\/","title":{"rendered":"Grivel G20 Plus Forged Points"},"content":{"rendered":"<p>Die <a href=\"https:\/\/bolting.eu\/shop\/grivel-g20-plus\/\">G20 Plus<\/a> Forged Points sind zum Ersatz an den gleichnamigen\u00a0 Steigeisen gedacht.<\/p>\n<p>Sie bestehen aus hei\u00df geschmiedetem Stahl. Dadurch sind sie extrem widerstandsf\u00e4hig. Sowohl beim <a href=\"https:\/\/bolting.eu\/eisklettern\/\">Eisklettern<\/a> als auch Dry Tooling.<\/p>\n<p>Dieses Produkt enth\u00e4lt zwei Zacken. Einen f\u00fcr Rechts und einen f\u00fcr Links.<\/p>\n<h2>Eigenschaften G20 Plus Forged points<\/h2>\n<ul>\n<li>Hersteller: <a href=\"https:\/\/bolting.eu\/produkt-kategorie\/grivel\/\">Grivel<\/a><\/li>\n<li>Material: hei\u00df geschmiedeter Stahl<\/li>\n<li>f\u00fcr Grivel G20 Plus Steigeisen<\/li>\n<li>Gewicht:<\/li>\n<li>Lieferumfang: 1 Paar (1 x Rechts, 1 x Links)<\/li>\n<li>leicht selber zu montieren<\/li>\n<li>Achtung beim \u00d6ffnen &#8211; inkl. Schrauben \/ Muttern \/ Beilagscheiben<\/li>\n<\/ul>\n<h3>Wenn kein Nachschleifen mehr m\u00f6glich ist..<\/h3>\n<p>Wir sind ja Experte im <a href=\"https:\/\/bolting.eu\/schleifen-von-steigeisen\/\">Steigeisen schleifen<\/a>. Deswegen wissen wir selbst, das Frontzacken irgendwann nicht mehr gesch\u00e4rft werden k\u00f6nnen. Besonders, wenn die vordersten Zacken stark abgen\u00fctzt sind.<\/p>\n<p>Dann gibt es nur mehr die M\u00f6glichkeit, diese auszutauschen. Beim Modell G20 Plus muss man dies genau mit diesen Frontzacken machen.<\/p>\n<p>Wer das direkt bei uns machen will, kann unser Service des <a href=\"https:\/\/bolting.eu\/fitting-fuer-steigeisen\/\">Steigeisen Fittings<\/a> in Anspruch nehmen. Da k\u00fcmmern wir uns um den Tausch der zacken bzw. Stege, Riemen, B\u00fcgel, usw&#8230;<\/p>\n","protected":false},"excerpt":{"rendered":"<p>2 St\u00fcck Ersatz Frontzacken f\u00fcr das Grivel G20 Plus. Je 1 Stk. f\u00fcr rechtes und linkes Steigeisen.<\/p>\n<p>Leicht selber zu montieren.<\/p>\n<p>Versandkostenfrei bis 2kg in <img decoding=\"async\" class=\"emoji\" role=\"img\" draggable=\"false\" src=\"https:\/\/s.w.org\/images\/core\/emoji\/14.0.0\/svg\/1f1e6-1f1f9.svg\" alt=\"\ud83c\udde6\ud83c\uddf9\" \/> ab \u20ac 100,- und <img decoding=\"async\" class=\"emoji\" role=\"img\" draggable=\"false\" src=\"https:\/\/s.w.org\/images\/core\/emoji\/14.0.0\/svg\/1f1e9-1f1ea.svg\" alt=\"\ud83c\udde9\ud83c\uddea\" \/> ab \u20ac 200,-!<\/p>\n","protected":false},"featured_media":18167,"comment_status":"closed","ping_status":"closed","template":"","meta":[],"product_brand":[],"product_cat":[4667,13938,14356],"product_tag":[],"class_list":{"0":"post-18166","1":"product","2":"type-product","3":"status-publish","4":"has-post-thumbnail","6":"product_cat-grivel","7":"product_cat-bergsteiger-ausruestung","8":"product_cat-steigeisen-ersatzteile-zubehoer","10":"first","11":"instock","12":"taxable","13":"shipping-taxable","14":"purchasable","15":"product-type-simple"},"yoast_head":"<!-- This site is optimized with the Yoast SEO Premium plugin v26.9 (Yoast SEO v26.9) - https:\/\/yoast.com\/product\/yoast-seo-premium-wordpress\/ -->\n<title>Grivel G20 Plus Forged Points | bolting.eu<\/title>\n<meta name=\"description\" content=\"Grivel G20 Plus Forged Points beim Innsbrucker Kletter Hardwareprofi kaufen \u2705 kostenloser Versand* \u2705 14 Tage R\u00fcckgaberecht \u2705 Co2 neutraler Versand\" \/>\n<meta name=\"robots\" content=\"index, follow, max-snippet:-1, max-image-preview:large, max-video-preview:-1\" \/>\n<link rel=\"canonical\" href=\"https:\/\/bolting.eu\/en\/shop\/grivel-g20-plus-forged-points\/\" \/>\n<meta property=\"og:locale\" content=\"en_US\" \/>\n<meta property=\"og:type\" content=\"article\" \/>\n<meta property=\"og:title\" content=\"Grivel G20 Plus Forged Points\" \/>\n<meta property=\"og:description\" content=\"Grivel G20 Plus Forged Points beim Innsbrucker Kletter Hardwareprofi kaufen \u2705 kostenloser Versand* \u2705 14 Tage R\u00fcckgaberecht \u2705 Co2 neutraler Versand\" \/>\n<meta property=\"og:url\" content=\"https:\/\/bolting.eu\/en\/shop\/grivel-g20-plus-forged-points\/\" \/>\n<meta property=\"og:site_name\" content=\"bolting.eu\" \/>\n<meta property=\"article:publisher\" content=\"https:\/\/www.facebook.com\/bolting.eu\" \/>\n<meta property=\"article:modified_time\" content=\"2025-04-11T08:07:40+00:00\" \/>\n<meta property=\"og:image\" content=\"https:\/\/bolting.eu\/wp-content\/uploads\/2024\/01\/Grivel-G20-Plus-Forged-Points-1.jpg\" \/>\n\t<meta property=\"og:image:width\" content=\"700\" \/>\n\t<meta property=\"og:image:height\" content=\"700\" \/>\n\t<meta property=\"og:image:type\" content=\"image\/jpeg\" \/>\n<meta name=\"twitter:card\" content=\"summary_large_image\" \/>\n<meta name=\"twitter:label1\" content=\"Price\" \/>\n\t<meta name=\"twitter:data1\" content=\"&euro;&nbsp;55,30\" \/>\n\t<meta name=\"twitter:label2\" content=\"Availability\" \/>\n\t<meta name=\"twitter:data2\" content=\"In stock\" \/>\n<script type=\"application\/ld+json\" class=\"yoast-schema-graph\">{\"@context\":\"https:\/\/schema.org\",\"@graph\":[{\"@type\":[\"WebPage\",\"ItemPage\"],\"@id\":\"https:\/\/bolting.eu\/en\/shop\/grivel-g20-plus-forged-points\/\",\"url\":\"https:\/\/bolting.eu\/en\/shop\/grivel-g20-plus-forged-points\/\",\"name\":\"Grivel G20 Plus Forged Points | bolting.eu\",\"isPartOf\":{\"@id\":\"https:\/\/bolting.eu\/en\/#website\"},\"primaryImageOfPage\":{\"@id\":\"https:\/\/bolting.eu\/en\/shop\/grivel-g20-plus-forged-points\/#primaryimage\"},\"image\":{\"@id\":\"https:\/\/bolting.eu\/en\/shop\/grivel-g20-plus-forged-points\/#primaryimage\"},\"thumbnailUrl\":\"https:\/\/bolting.eu\/wp-content\/uploads\/2024\/01\/Grivel-G20-Plus-Forged-Points-1.jpg\",\"datePublished\":\"2024-01-08T11:05:16+00:00\",\"dateModified\":\"2025-04-11T08:07:40+00:00\",\"description\":\"Grivel G20 Plus Forged Points beim Innsbrucker Kletter Hardwareprofi kaufen \u2705 kostenloser Versand* \u2705 14 Tage R\u00fcckgaberecht \u2705 Co2 neutraler Versand\",\"breadcrumb\":{\"@id\":\"https:\/\/bolting.eu\/en\/shop\/grivel-g20-plus-forged-points\/#breadcrumb\"},\"inLanguage\":\"en-US\",\"potentialAction\":[{\"@type\":\"ReadAction\",\"target\":[\"https:\/\/bolting.eu\/en\/shop\/grivel-g20-plus-forged-points\/\"]}]},{\"@type\":\"ImageObject\",\"inLanguage\":\"en-US\",\"@id\":\"https:\/\/bolting.eu\/en\/shop\/grivel-g20-plus-forged-points\/#primaryimage\",\"url\":\"https:\/\/bolting.eu\/wp-content\/uploads\/2024\/01\/Grivel-G20-Plus-Forged-Points-1.jpg\",\"contentUrl\":\"https:\/\/bolting.eu\/wp-content\/uploads\/2024\/01\/Grivel-G20-Plus-Forged-Points-1.jpg\",\"width\":700,\"height\":700,\"caption\":\"Zwei St\u00fcck schwarze Grivel G20 Plus Forged Points Steigeisen Frontzacken von der Seite.\"},{\"@type\":\"BreadcrumbList\",\"@id\":\"https:\/\/bolting.eu\/en\/shop\/grivel-g20-plus-forged-points\/#breadcrumb\",\"itemListElement\":[{\"@type\":\"ListItem\",\"position\":1,\"name\":\"Shop\",\"item\":\"https:\/\/bolting.eu\/en\/shop\/\"},{\"@type\":\"ListItem\",\"position\":2,\"name\":\"Bergsteiger Ausr\u00fcstung\",\"item\":\"https:\/\/bolting.eu\/produkt-kategorie\/bergsteiger-ausruestung\/\"},{\"@type\":\"ListItem\",\"position\":3,\"name\":\"Steigeisen Ersatzteile - Zubeh\u00f6r\",\"item\":\"https:\/\/bolting.eu\/produkt-kategorie\/bergsteiger-ausruestung\/steigeisen-ersatzteile-zubehoer\/\"},{\"@type\":\"ListItem\",\"position\":4,\"name\":\"Grivel G20 Plus Forged Points\"}]},{\"@type\":\"WebSite\",\"@id\":\"https:\/\/bolting.eu\/en\/#website\",\"url\":\"https:\/\/bolting.eu\/en\/\",\"name\":\"bolting.eu\",\"description\":\"we make climbs happen\",\"publisher\":{\"@id\":\"https:\/\/bolting.eu\/en\/#organization\"},\"potentialAction\":[{\"@type\":\"SearchAction\",\"target\":{\"@type\":\"EntryPoint\",\"urlTemplate\":\"https:\/\/bolting.eu\/en\/?s={search_term_string}\"},\"query-input\":{\"@type\":\"PropertyValueSpecification\",\"valueRequired\":true,\"valueName\":\"search_term_string\"}}],\"inLanguage\":\"en-US\"},{\"@type\":[\"Organization\",\"Place\",\"SportingGoodsStore\"],\"@id\":\"https:\/\/bolting.eu\/en\/#organization\",\"name\":\"bolting.eu\",\"url\":\"https:\/\/bolting.eu\/en\/\",\"logo\":{\"@id\":\"https:\/\/bolting.eu\/en\/shop\/grivel-g20-plus-forged-points\/#local-main-organization-logo\"},\"image\":{\"@id\":\"https:\/\/bolting.eu\/en\/shop\/grivel-g20-plus-forged-points\/#local-main-organization-logo\"},\"sameAs\":[\"https:\/\/www.facebook.com\/bolting.eu\",\"https:\/\/www.instagram.com\/bolting.eu\/\"],\"address\":{\"@id\":\"https:\/\/bolting.eu\/en\/shop\/grivel-g20-plus-forged-points\/#local-main-place-address\"},\"geo\":{\"@type\":\"GeoCoordinates\",\"latitude\":\"47.264176340396226\",\"longitude\":\"11.380109057672346\"},\"telephone\":[\"+43 699 19083372\"],\"openingHoursSpecification\":[{\"@type\":\"OpeningHoursSpecification\",\"dayOfWeek\":[\"Monday\",\"Wednesday\",\"Friday\"],\"opens\":\"14:00\",\"closes\":\"18:00\"},{\"@type\":\"OpeningHoursSpecification\",\"dayOfWeek\":[\"Tuesday\",\"Thursday\",\"Saturday\",\"Sunday\"],\"opens\":\"00:00\",\"closes\":\"00:00\"}],\"email\":\"office@bolting.eu\",\"vatID\":\"ATU59999728\",\"priceRange\":\"$$\",\"currenciesAccepted\":\"Euro\"},{\"@type\":\"PostalAddress\",\"@id\":\"https:\/\/bolting.eu\/en\/shop\/grivel-g20-plus-forged-points\/#local-main-place-address\",\"streetAddress\":\"Fischnalerstra\u00dfe 4\",\"addressLocality\":\"Innsbruck\",\"postalCode\":\"6020\",\"addressRegion\":\"Tirol\",\"addressCountry\":\"AT\"},{\"@type\":\"ImageObject\",\"inLanguage\":\"en-US\",\"@id\":\"https:\/\/bolting.eu\/en\/shop\/grivel-g20-plus-forged-points\/#local-main-organization-logo\",\"url\":\"https:\/\/bolting.eu\/wp-content\/uploads\/2019\/09\/bolting-logo.png\",\"contentUrl\":\"https:\/\/bolting.eu\/wp-content\/uploads\/2019\/09\/bolting-logo.png\",\"width\":400,\"height\":211,\"caption\":\"bolting.eu\"}]}<\/script>\n<meta property=\"product:price:amount\" content=\"55.30\" \/>\n<meta property=\"product:price:currency\" content=\"EUR\" \/>\n<meta property=\"og:availability\" content=\"instock\" \/>\n<meta property=\"product:availability\" content=\"instock\" \/>\n<meta property=\"product:retailer_item_id\" content=\"RBG20+Point\" \/>\n<meta property=\"product:condition\" content=\"new\" \/>\n<meta name=\"geo.placename\" content=\"Innsbruck\" \/>\n<meta name=\"geo.position\" content=\"47.264176340396226;11.380109057672346\" \/>\n<meta name=\"geo.region\" content=\"Austria\" \/>\n<!-- \/ Yoast SEO Premium plugin. -->","yoast_head_json":{"title":"Grivel G20 Plus Forged Points | bolting.eu","description":"Grivel G20 Plus Forged Points beim Innsbrucker Kletter Hardwareprofi kaufen \u2705 kostenloser Versand* \u2705 14 Tage R\u00fcckgaberecht \u2705 Co2 neutraler Versand","robots":{"index":"index","follow":"follow","max-snippet":"max-snippet:-1","max-image-preview":"max-image-preview:large","max-video-preview":"max-video-preview:-1"},"canonical":"https:\/\/bolting.eu\/en\/shop\/grivel-g20-plus-forged-points\/","og_locale":"en_US","og_type":"article","og_title":"Grivel G20 Plus Forged Points","og_description":"Grivel G20 Plus Forged Points beim Innsbrucker Kletter Hardwareprofi kaufen \u2705 kostenloser Versand* \u2705 14 Tage R\u00fcckgaberecht \u2705 Co2 neutraler Versand","og_url":"https:\/\/bolting.eu\/en\/shop\/grivel-g20-plus-forged-points\/","og_site_name":"bolting.eu","article_publisher":"https:\/\/www.facebook.com\/bolting.eu","article_modified_time":"2025-04-11T08:07:40+00:00","og_image":[{"width":700,"height":700,"url":"https:\/\/bolting.eu\/wp-content\/uploads\/2024\/01\/Grivel-G20-Plus-Forged-Points-1.jpg","type":"image\/jpeg"}],"twitter_card":"summary_large_image","twitter_misc":{"Price":"&euro;&nbsp;55,30","Availability":"In stock"},"schema":{"@context":"https:\/\/schema.org","@graph":[{"@type":["WebPage","ItemPage"],"@id":"https:\/\/bolting.eu\/en\/shop\/grivel-g20-plus-forged-points\/","url":"https:\/\/bolting.eu\/en\/shop\/grivel-g20-plus-forged-points\/","name":"Grivel G20 Plus Forged Points | bolting.eu","isPartOf":{"@id":"https:\/\/bolting.eu\/en\/#website"},"primaryImageOfPage":{"@id":"https:\/\/bolting.eu\/en\/shop\/grivel-g20-plus-forged-points\/#primaryimage"},"image":{"@id":"https:\/\/bolting.eu\/en\/shop\/grivel-g20-plus-forged-points\/#primaryimage"},"thumbnailUrl":"https:\/\/bolting.eu\/wp-content\/uploads\/2024\/01\/Grivel-G20-Plus-Forged-Points-1.jpg","datePublished":"2024-01-08T11:05:16+00:00","dateModified":"2025-04-11T08:07:40+00:00","description":"Grivel G20 Plus Forged Points beim Innsbrucker Kletter Hardwareprofi kaufen \u2705 kostenloser Versand* \u2705 14 Tage R\u00fcckgaberecht \u2705 Co2 neutraler Versand","breadcrumb":{"@id":"https:\/\/bolting.eu\/en\/shop\/grivel-g20-plus-forged-points\/#breadcrumb"},"inLanguage":"en-US","potentialAction":[{"@type":"ReadAction","target":["https:\/\/bolting.eu\/en\/shop\/grivel-g20-plus-forged-points\/"]}]},{"@type":"ImageObject","inLanguage":"en-US","@id":"https:\/\/bolting.eu\/en\/shop\/grivel-g20-plus-forged-points\/#primaryimage","url":"https:\/\/bolting.eu\/wp-content\/uploads\/2024\/01\/Grivel-G20-Plus-Forged-Points-1.jpg","contentUrl":"https:\/\/bolting.eu\/wp-content\/uploads\/2024\/01\/Grivel-G20-Plus-Forged-Points-1.jpg","width":700,"height":700,"caption":"Zwei St\u00fcck schwarze Grivel G20 Plus Forged Points Steigeisen Frontzacken von der Seite."},{"@type":"BreadcrumbList","@id":"https:\/\/bolting.eu\/en\/shop\/grivel-g20-plus-forged-points\/#breadcrumb","itemListElement":[{"@type":"ListItem","position":1,"name":"Shop","item":"https:\/\/bolting.eu\/en\/shop\/"},{"@type":"ListItem","position":2,"name":"Bergsteiger Ausr\u00fcstung","item":"https:\/\/bolting.eu\/produkt-kategorie\/bergsteiger-ausruestung\/"},{"@type":"ListItem","position":3,"name":"Steigeisen Ersatzteile - Zubeh\u00f6r","item":"https:\/\/bolting.eu\/produkt-kategorie\/bergsteiger-ausruestung\/steigeisen-ersatzteile-zubehoer\/"},{"@type":"ListItem","position":4,"name":"Grivel G20 Plus Forged Points"}]},{"@type":"WebSite","@id":"https:\/\/bolting.eu\/en\/#website","url":"https:\/\/bolting.eu\/en\/","name":"bolting.eu","description":"we make climbs happen","publisher":{"@id":"https:\/\/bolting.eu\/en\/#organization"},"potentialAction":[{"@type":"SearchAction","target":{"@type":"EntryPoint","urlTemplate":"https:\/\/bolting.eu\/en\/?s={search_term_string}"},"query-input":{"@type":"PropertyValueSpecification","valueRequired":true,"valueName":"search_term_string"}}],"inLanguage":"en-US"},{"@type":["Organization","Place","SportingGoodsStore"],"@id":"https:\/\/bolting.eu\/en\/#organization","name":"bolting.eu","url":"https:\/\/bolting.eu\/en\/","logo":{"@id":"https:\/\/bolting.eu\/en\/shop\/grivel-g20-plus-forged-points\/#local-main-organization-logo"},"image":{"@id":"https:\/\/bolting.eu\/en\/shop\/grivel-g20-plus-forged-points\/#local-main-organization-logo"},"sameAs":["https:\/\/www.facebook.com\/bolting.eu","https:\/\/www.instagram.com\/bolting.eu\/"],"address":{"@id":"https:\/\/bolting.eu\/en\/shop\/grivel-g20-plus-forged-points\/#local-main-place-address"},"geo":{"@type":"GeoCoordinates","latitude":"47.264176340396226","longitude":"11.380109057672346"},"telephone":["+43 699 19083372"],"openingHoursSpecification":[{"@type":"OpeningHoursSpecification","dayOfWeek":["Monday","Wednesday","Friday"],"opens":"14:00","closes":"18:00"},{"@type":"OpeningHoursSpecification","dayOfWeek":["Tuesday","Thursday","Saturday","Sunday"],"opens":"00:00","closes":"00:00"}],"email":"office@bolting.eu","vatID":"ATU59999728","priceRange":"$$","currenciesAccepted":"Euro"},{"@type":"PostalAddress","@id":"https:\/\/bolting.eu\/en\/shop\/grivel-g20-plus-forged-points\/#local-main-place-address","streetAddress":"Fischnalerstra\u00dfe 4","addressLocality":"Innsbruck","postalCode":"6020","addressRegion":"Tirol","addressCountry":"AT"},{"@type":"ImageObject","inLanguage":"en-US","@id":"https:\/\/bolting.eu\/en\/shop\/grivel-g20-plus-forged-points\/#local-main-organization-logo","url":"https:\/\/bolting.eu\/wp-content\/uploads\/2019\/09\/bolting-logo.png","contentUrl":"https:\/\/bolting.eu\/wp-content\/uploads\/2019\/09\/bolting-logo.png","width":400,"height":211,"caption":"bolting.eu"}]},"product_price_amount":"55.30","product_price_currency":"EUR","og_availability":"instock","product_availability":"instock","product_retailer_item_id":"RBG20+Point","product_condition":"new","geo.placename":"Innsbruck","geo.position":{"lat":"47.264176340396226","long":"11.380109057672346"},"geo.region":"Austria"},"_links":{"self":[{"href":"https:\/\/bolting.eu\/en\/wp-json\/wp\/v2\/product\/18166","targetHints":{"allow":["GET"]}}],"collection":[{"href":"https:\/\/bolting.eu\/en\/wp-json\/wp\/v2\/product"}],"about":[{"href":"https:\/\/bolting.eu\/en\/wp-json\/wp\/v2\/types\/product"}],"replies":[{"embeddable":true,"href":"https:\/\/bolting.eu\/en\/wp-json\/wp\/v2\/comments?post=18166"}],"wp:featuredmedia":[{"embeddable":true,"href":"https:\/\/bolting.eu\/en\/wp-json\/wp\/v2\/media\/18167"}],"wp:attachment":[{"href":"https:\/\/bolting.eu\/en\/wp-json\/wp\/v2\/media?parent=18166"}],"wp:term":[{"taxonomy":"product_brand","embeddable":true,"href":"https:\/\/bolting.eu\/en\/wp-json\/wp\/v2\/product_brand?post=18166"},{"taxonomy":"product_cat","embeddable":true,"href":"https:\/\/bolting.eu\/en\/wp-json\/wp\/v2\/product_cat?post=18166"},{"taxonomy":"product_tag","embeddable":true,"href":"https:\/\/bolting.eu\/en\/wp-json\/wp\/v2\/product_tag?post=18166"}],"curies":[{"name":"wp","href":"https:\/\/api.w.org\/{rel}","templated":true}]}}