{"id":18136,"date":"2024-01-05T18:26:37","date_gmt":"2024-01-05T17:26:37","guid":{"rendered":"https:\/\/bolting.eu\/?post_type=product&#038;p=18136"},"modified":"2025-07-15T22:36:21","modified_gmt":"2025-07-15T20:36:21","slug":"grivel-flex-long-bar","status":"publish","type":"product","link":"https:\/\/bolting.eu\/en\/shop\/grivel-flex-long-bar\/","title":{"rendered":"Grivel Flex Long Bar"},"content":{"rendered":"<p>Der Grivel Flex Long Bar ist ein Ersatz Steigeisensteg. Er ist &#8211; wie der Name es sagt &#8211;\u00a0 biegsam. Somit ist er ideal f\u00fcr weichere Schuh Modelle.<\/p>\n<p>Denn hier biegt sich die Sohle meist stark durch. Mit steifen Steigeisenstegen ist das aber oft ein Problem. Mit dem Resultat, dass sich die Bindungen bzw. Riemen \u00f6ffnen k\u00f6nnen.<\/p>\n<p>Dieses Problem verhindert diese &#8220;flexible&#8221; Steg.<\/p>\n<p>Das vorliegende Standard Modell ist 19cm lang und f\u00fcr mittlere Schuhgr\u00f6\u00dfen ca. EU 38\/39 &#8211; EU 48\/49 gedacht.<\/p>\n<p>Es passt auf viele unterschiedliche Grivel Modelle. Wie z.B. das <a href=\"https:\/\/bolting.eu\/shop\/grivel-g14-steigeisen\/\">G14<\/a>.<\/p>\n<h2>Eigenschaften Flex Long Bar<\/h2>\n<ul>\n<li>Hersteller: <a href=\"https:\/\/bolting.eu\/produkt-kategorie\/grivel\/\">Grivel<\/a><\/li>\n<li>Material: biegsamer Stahl<\/li>\n<li>f\u00fcr Bergschuhe mit weicher Sohle<\/li>\n<li>Standard Modell mit L\u00e4nge 16cm<\/li>\n<li>f\u00fcr Schuhe ca. EU 38\/39 &#8211; EU 48\/49<\/li>\n<li>weitere L\u00e4ngen erh\u00e4ltlich: Flex Bar 16cm, Flex XL Bar 22cm<\/li>\n<\/ul>\n<h3>Welcher Steg wof\u00fcr?<\/h3>\n<p>Im Folgenden geben wir euch einen \u00dcberblick zu allen Grivel Steg Modellen.<\/p>\n<p>Sie soll euch helfen, sofort das richtige Produkt zu finden.<\/p>\n<table style=\"height: 497px;\" width=\"770\">\n<tbody>\n<tr>\n<td style=\"text-align: center;\" colspan=\"6\" width=\"857\"><strong>\u00dcbersicht Grivel Steigeisen Stege<\/strong><\/td>\n<\/tr>\n<tr>\n<td><\/td>\n<td><\/td>\n<td><\/td>\n<td><\/td>\n<td><\/td>\n<td><\/td>\n<\/tr>\n<tr>\n<td style=\"text-align: center;\"><strong>Modell<\/strong><\/td>\n<td style=\"text-align: center;\"><strong>Art. Nr.<\/strong><\/td>\n<td style=\"text-align: center;\"><strong>L\u00e4nge<\/strong><\/td>\n<td style=\"text-align: center;\"><strong>f\u00fcr Modelle<\/strong><\/td>\n<td style=\"text-align: center;\"><strong><span style=\"color: #d83131;\">Schuhgr\u00f6\u00dfen*<\/span><\/strong><\/td>\n<td style=\"text-align: center;\"><strong>Anmerkung<\/strong><\/td>\n<\/tr>\n<tr>\n<td style=\"text-align: center;\"><strong>Flex Bar<\/strong><\/td>\n<td style=\"text-align: center;\">RBFLEXB.16<\/td>\n<td style=\"text-align: center;\">160mm<\/td>\n<td style=\"text-align: center;\" rowspan=\"6\" width=\"161\">G1,\u00a0G10,\u00a0G10 WIDE,\u00a0G12,\u00a0AIR TECH,\u00a0AIR TECH LIGHT,\u00a0AIR TECH LIGHT WIDE,\u00a0AIR TECH HYBRID,\u00a0G14,\u00a0SKI TOUR,\u00a0SKI TOUR NEW MATIC,\u00a0SKI RACE,\u00a0HAUTE ROUTE<\/td>\n<td style=\"text-align: center;\" width=\"117\">ca. EU 35\/36 &#8211;<br \/>\nEU 45\/46<\/td>\n<td style=\"text-align: center;\" width=\"153\">weiche Bergschuhe mit biegsamer Schuhsohle!<\/td>\n<\/tr>\n<tr>\n<td style=\"text-align: center;\"><strong>Flex Long Bar<\/strong><\/td>\n<td style=\"text-align: center;\">RBFLEXB.19<\/td>\n<td style=\"text-align: center;\">190mm<\/td>\n<td style=\"text-align: center;\" width=\"117\">ca. EU 38\/39 &#8211;<br \/>\nEU 48\/49<\/td>\n<td style=\"text-align: center;\" width=\"153\"><\/td>\n<\/tr>\n<tr>\n<td style=\"text-align: center;\"><strong>Flex XL Bar<\/strong><\/td>\n<td style=\"text-align: center;\">RBFLEXB.22<\/td>\n<td style=\"text-align: center;\">220mm<\/td>\n<td style=\"text-align: center;\" width=\"117\">ca. EU 41\/42 &#8211;<br \/>\nEU 52\/52<\/td>\n<td style=\"text-align: center;\" width=\"153\"><\/td>\n<\/tr>\n<tr>\n<td style=\"text-align: center;\"><strong>Standard Valter Bar<\/strong><\/td>\n<td style=\"text-align: center;\">RBVALTB.16<\/td>\n<td style=\"text-align: center;\">160mm<\/td>\n<td style=\"text-align: center;\" width=\"117\">ca. EU 35\/36 &#8211;<br \/>\nEU 45\/46<\/td>\n<td style=\"text-align: center;\" width=\"153\">normale &#8220;harte&#8221; Standard Bergschuhe<\/td>\n<\/tr>\n<tr>\n<td style=\"text-align: center;\"><strong>Valter long Bar<\/strong><\/td>\n<td style=\"text-align: center;\">RBVALTB.19<\/td>\n<td style=\"text-align: center;\">190mm<\/td>\n<td style=\"text-align: center;\" width=\"117\">ca. EU 38\/39 &#8211;<br \/>\nEU 50\/51 Skitourenschuhe ab EU 45<\/td>\n<td style=\"text-align: center;\" width=\"153\"><\/td>\n<\/tr>\n<tr>\n<td style=\"text-align: center;\"><strong>Super Asymmetric Bar<\/strong><\/td>\n<td style=\"text-align: center;\">RBSASYB.16<\/td>\n<td style=\"text-align: center;\">160mm<\/td>\n<td style=\"text-align: center;\" width=\"117\">ca. EU 35\/36 &#8211;<br \/>\nEU 45\/46<\/td>\n<td style=\"text-align: center;\" width=\"153\">stark asymmetrische Schuhe<\/td>\n<\/tr>\n<tr>\n<td style=\"text-align: center;\"><strong>Twin Bar<\/strong><\/td>\n<td style=\"text-align: center;\">RBG20TWIN<\/td>\n<td style=\"text-align: center;\">150mm<\/td>\n<td style=\"text-align: center;\" width=\"161\">G20, G22, G20 +, G22 +<\/td>\n<td style=\"text-align: center;\" width=\"117\">ca. EU 37 &#8211; EU 48<\/td>\n<td style=\"text-align: center;\" width=\"153\"><\/td>\n<\/tr>\n<tr>\n<td style=\"text-align: center;\" colspan=\"6\"><span style=\"color: #d83131;\">* abh\u00e4ngig von Hersteller, Schuh Art wie z.B. Bergschuh mit \/ ohne Sohlenrand, Skischuh, Zugangsschuh\u2026<\/span><\/td>\n<\/tr>\n<\/tbody>\n<\/table>\n<p>&nbsp;<\/p>\n<h3><a href=\"https:\/\/bolting.eu\/fitting-fuer-steigeisen\/\">Steigeisen Fitting<\/a> im Klettershop Innsbruck<\/h3>\n<p>Wer sich bei der Montage neuer Steigeisenstege wie z.B. dem Twin Bar unsicher ist, kann unser Fitting Service in Anspruch nehmen.<\/p>\n<p>Das Umbauen bzw. Einbauen von Ersatzteilen z\u00e4hlt neben dem <a href=\"https:\/\/bolting.eu\/schleifen-von-steigeisen\/\">Steigeisen Schleifen<\/a> und <a href=\"https:\/\/bolting.eu\/eisschrauben-schleifen\/\">Eischrauben Schleifen<\/a> zu unseren absoluten St\u00e4rken.<\/p>\n<p>Wir haben vor allem alle Teile wie Antistollplatten, Riemen, B\u00fcgel, usw. immer lagend. Somit k\u00f6nnen wir unseren Kunden die Modelle perfekt umbauen!<\/p>\n<p>Einfach m Shop in Innsbruck abgeben oder mit euren Bergschuhen per Post an uns senden!<\/p>\n<p><a href=\"https:\/\/bolting.eu\/wp-content\/uploads\/2023\/01\/Steigeisen-Fitting.jpg\"><img loading=\"lazy\" decoding=\"async\" class=\"alignnone size-full wp-image-14795\" src=\"https:\/\/bolting.eu\/wp-content\/uploads\/2023\/01\/Steigeisen-Fitting.jpg\" alt=\"bolting.eu Mitarbeiter beim Steigeisenfitting in einer kleinen Werkstatt.\" width=\"600\" height=\"800\" srcset=\"https:\/\/bolting.eu\/wp-content\/uploads\/2023\/01\/Steigeisen-Fitting.jpg 600w, https:\/\/bolting.eu\/wp-content\/uploads\/2023\/01\/Steigeisen-Fitting-510x680.jpg 510w, https:\/\/bolting.eu\/wp-content\/uploads\/2023\/01\/Steigeisen-Fitting-300x400.jpg 300w\" sizes=\"auto, (max-width: 600px) 100vw, 600px\" \/><\/a><\/p>\n","protected":false},"excerpt":{"rendered":"<p>Biegsamer Steigeisensteg f\u00fcr viele Grivel Modelle.<\/p>\n<p>Sorgt f\u00fcr sicheren Halt der Steigeisen auf weichen Schuhen, die sich stark durchbiegen. F\u00fcr Gr\u00f6\u00dfen ca. EU 38\/39 &#8211; EU 48\/49.<\/p>\n<p>Versandkostenfrei bis 2kg in <img decoding=\"async\" class=\"emoji\" role=\"img\" draggable=\"false\" src=\"https:\/\/s.w.org\/images\/core\/emoji\/14.0.0\/svg\/1f1e6-1f1f9.svg\" alt=\"\ud83c\udde6\ud83c\uddf9\" \/> ab \u20ac 100,- und <img decoding=\"async\" class=\"emoji\" role=\"img\" draggable=\"false\" src=\"https:\/\/s.w.org\/images\/core\/emoji\/14.0.0\/svg\/1f1e9-1f1ea.svg\" alt=\"\ud83c\udde9\ud83c\uddea\" \/> ab \u20ac 200,-!<\/p>\n","protected":false},"featured_media":18137,"comment_status":"closed","ping_status":"closed","template":"","meta":[],"product_brand":[],"product_cat":[4667,13938,14356],"product_tag":[],"class_list":{"0":"post-18136","1":"product","2":"type-product","3":"status-publish","4":"has-post-thumbnail","6":"product_cat-grivel","7":"product_cat-bergsteiger-ausruestung","8":"product_cat-steigeisen-ersatzteile-zubehoer","10":"first","11":"instock","12":"taxable","13":"shipping-taxable","14":"purchasable","15":"product-type-simple"},"yoast_head":"<!-- This site is optimized with the Yoast SEO Premium plugin v26.9 (Yoast SEO v26.9) - https:\/\/yoast.com\/product\/yoast-seo-premium-wordpress\/ -->\n<title>Grivel Flex Long Bar - biegsamer Steigeisen Steg EU 42 - EU 47 | bolting.eu<\/title>\n<meta name=\"description\" content=\"Grivel Flex Long Bar Steigeisensteg beim Innsbrucker Kletter Hardwareprofi kaufen \u2705 kostenloser Versand* \u2705 14 Tage R\u00fcckgaberecht \u2705 Co2 neutraler Versand\" \/>\n<meta name=\"robots\" content=\"index, follow, max-snippet:-1, max-image-preview:large, max-video-preview:-1\" \/>\n<link rel=\"canonical\" href=\"https:\/\/bolting.eu\/en\/shop\/grivel-flex-long-bar\/\" \/>\n<meta property=\"og:locale\" content=\"en_US\" \/>\n<meta property=\"og:type\" content=\"article\" \/>\n<meta property=\"og:title\" content=\"Grivel Flex Long Bar\" \/>\n<meta property=\"og:description\" content=\"Grivel Flex Long Bar Steigeisensteg beim Innsbrucker Kletter Hardwareprofi kaufen \u2705 kostenloser Versand* \u2705 14 Tage R\u00fcckgaberecht \u2705 Co2 neutraler Versand\" \/>\n<meta property=\"og:url\" content=\"https:\/\/bolting.eu\/en\/shop\/grivel-flex-long-bar\/\" \/>\n<meta property=\"og:site_name\" content=\"bolting.eu\" \/>\n<meta property=\"article:publisher\" content=\"https:\/\/www.facebook.com\/bolting.eu\" \/>\n<meta property=\"article:modified_time\" content=\"2025-07-15T20:36:21+00:00\" \/>\n<meta property=\"og:image\" content=\"https:\/\/bolting.eu\/wp-content\/uploads\/2024\/01\/Grivel-Flex-Long-BAr-2.jpg\" \/>\n\t<meta property=\"og:image:width\" content=\"700\" \/>\n\t<meta property=\"og:image:height\" content=\"700\" \/>\n\t<meta property=\"og:image:type\" content=\"image\/jpeg\" \/>\n<meta name=\"twitter:card\" content=\"summary_large_image\" \/>\n<meta name=\"twitter:label1\" content=\"Price\" \/>\n\t<meta name=\"twitter:data1\" content=\"&euro;&nbsp;13,90\" \/>\n\t<meta name=\"twitter:label2\" content=\"Availability\" \/>\n\t<meta name=\"twitter:data2\" content=\"In stock\" \/>\n<script type=\"application\/ld+json\" class=\"yoast-schema-graph\">{\"@context\":\"https:\/\/schema.org\",\"@graph\":[{\"@type\":[\"WebPage\",\"ItemPage\"],\"@id\":\"https:\/\/bolting.eu\/en\/shop\/grivel-flex-long-bar\/\",\"url\":\"https:\/\/bolting.eu\/en\/shop\/grivel-flex-long-bar\/\",\"name\":\"Grivel Flex Long Bar - biegsamer Steigeisen Steg EU 42 - EU 47 | bolting.eu\",\"isPartOf\":{\"@id\":\"https:\/\/bolting.eu\/en\/#website\"},\"primaryImageOfPage\":{\"@id\":\"https:\/\/bolting.eu\/en\/shop\/grivel-flex-long-bar\/#primaryimage\"},\"image\":{\"@id\":\"https:\/\/bolting.eu\/en\/shop\/grivel-flex-long-bar\/#primaryimage\"},\"thumbnailUrl\":\"https:\/\/bolting.eu\/wp-content\/uploads\/2024\/01\/Grivel-Flex-Long-BAr-2.jpg\",\"datePublished\":\"2024-01-05T17:26:37+00:00\",\"dateModified\":\"2025-07-15T20:36:21+00:00\",\"description\":\"Grivel Flex Long Bar Steigeisensteg beim Innsbrucker Kletter Hardwareprofi kaufen \u2705 kostenloser Versand* \u2705 14 Tage R\u00fcckgaberecht \u2705 Co2 neutraler Versand\",\"breadcrumb\":{\"@id\":\"https:\/\/bolting.eu\/en\/shop\/grivel-flex-long-bar\/#breadcrumb\"},\"inLanguage\":\"en-US\",\"potentialAction\":[{\"@type\":\"ReadAction\",\"target\":[\"https:\/\/bolting.eu\/en\/shop\/grivel-flex-long-bar\/\"]}]},{\"@type\":\"ImageObject\",\"inLanguage\":\"en-US\",\"@id\":\"https:\/\/bolting.eu\/en\/shop\/grivel-flex-long-bar\/#primaryimage\",\"url\":\"https:\/\/bolting.eu\/wp-content\/uploads\/2024\/01\/Grivel-Flex-Long-BAr-2.jpg\",\"contentUrl\":\"https:\/\/bolting.eu\/wp-content\/uploads\/2024\/01\/Grivel-Flex-Long-BAr-2.jpg\",\"width\":700,\"height\":700,\"caption\":\"Ein paar silberne Grivel Flex Long Bar Steigeisenstege nebeneinander.\"},{\"@type\":\"BreadcrumbList\",\"@id\":\"https:\/\/bolting.eu\/en\/shop\/grivel-flex-long-bar\/#breadcrumb\",\"itemListElement\":[{\"@type\":\"ListItem\",\"position\":1,\"name\":\"Shop\",\"item\":\"https:\/\/bolting.eu\/en\/shop\/\"},{\"@type\":\"ListItem\",\"position\":2,\"name\":\"Bergsteiger Ausr\u00fcstung\",\"item\":\"https:\/\/bolting.eu\/produkt-kategorie\/bergsteiger-ausruestung\/\"},{\"@type\":\"ListItem\",\"position\":3,\"name\":\"Steigeisen Ersatzteile - Zubeh\u00f6r\",\"item\":\"https:\/\/bolting.eu\/produkt-kategorie\/bergsteiger-ausruestung\/steigeisen-ersatzteile-zubehoer\/\"},{\"@type\":\"ListItem\",\"position\":4,\"name\":\"Grivel Flex Long Bar\"}]},{\"@type\":\"WebSite\",\"@id\":\"https:\/\/bolting.eu\/en\/#website\",\"url\":\"https:\/\/bolting.eu\/en\/\",\"name\":\"bolting.eu\",\"description\":\"we make climbs happen\",\"publisher\":{\"@id\":\"https:\/\/bolting.eu\/en\/#organization\"},\"potentialAction\":[{\"@type\":\"SearchAction\",\"target\":{\"@type\":\"EntryPoint\",\"urlTemplate\":\"https:\/\/bolting.eu\/en\/?s={search_term_string}\"},\"query-input\":{\"@type\":\"PropertyValueSpecification\",\"valueRequired\":true,\"valueName\":\"search_term_string\"}}],\"inLanguage\":\"en-US\"},{\"@type\":[\"Organization\",\"Place\",\"SportingGoodsStore\"],\"@id\":\"https:\/\/bolting.eu\/en\/#organization\",\"name\":\"bolting.eu\",\"url\":\"https:\/\/bolting.eu\/en\/\",\"logo\":{\"@id\":\"https:\/\/bolting.eu\/en\/shop\/grivel-flex-long-bar\/#local-main-organization-logo\"},\"image\":{\"@id\":\"https:\/\/bolting.eu\/en\/shop\/grivel-flex-long-bar\/#local-main-organization-logo\"},\"sameAs\":[\"https:\/\/www.facebook.com\/bolting.eu\",\"https:\/\/www.instagram.com\/bolting.eu\/\"],\"address\":{\"@id\":\"https:\/\/bolting.eu\/en\/shop\/grivel-flex-long-bar\/#local-main-place-address\"},\"geo\":{\"@type\":\"GeoCoordinates\",\"latitude\":\"47.264176340396226\",\"longitude\":\"11.380109057672346\"},\"telephone\":[\"+43 699 19083372\"],\"openingHoursSpecification\":[{\"@type\":\"OpeningHoursSpecification\",\"dayOfWeek\":[\"Monday\",\"Wednesday\",\"Friday\"],\"opens\":\"14:00\",\"closes\":\"18:00\"},{\"@type\":\"OpeningHoursSpecification\",\"dayOfWeek\":[\"Tuesday\",\"Thursday\",\"Saturday\",\"Sunday\"],\"opens\":\"00:00\",\"closes\":\"00:00\"}],\"email\":\"office@bolting.eu\",\"vatID\":\"ATU59999728\",\"priceRange\":\"$$\",\"currenciesAccepted\":\"Euro\"},{\"@type\":\"PostalAddress\",\"@id\":\"https:\/\/bolting.eu\/en\/shop\/grivel-flex-long-bar\/#local-main-place-address\",\"streetAddress\":\"Fischnalerstra\u00dfe 4\",\"addressLocality\":\"Innsbruck\",\"postalCode\":\"6020\",\"addressRegion\":\"Tirol\",\"addressCountry\":\"AT\"},{\"@type\":\"ImageObject\",\"inLanguage\":\"en-US\",\"@id\":\"https:\/\/bolting.eu\/en\/shop\/grivel-flex-long-bar\/#local-main-organization-logo\",\"url\":\"https:\/\/bolting.eu\/wp-content\/uploads\/2019\/09\/bolting-logo.png\",\"contentUrl\":\"https:\/\/bolting.eu\/wp-content\/uploads\/2019\/09\/bolting-logo.png\",\"width\":400,\"height\":211,\"caption\":\"bolting.eu\"}]}<\/script>\n<meta property=\"product:price:amount\" content=\"13.90\" \/>\n<meta property=\"product:price:currency\" content=\"EUR\" \/>\n<meta property=\"og:availability\" content=\"instock\" \/>\n<meta property=\"product:availability\" content=\"instock\" \/>\n<meta property=\"product:retailer_item_id\" content=\"RBFLEXB.19\" \/>\n<meta property=\"product:condition\" content=\"new\" \/>\n<meta name=\"geo.placename\" content=\"Innsbruck\" \/>\n<meta name=\"geo.position\" content=\"47.264176340396226;11.380109057672346\" \/>\n<meta name=\"geo.region\" content=\"Austria\" \/>\n<!-- \/ Yoast SEO Premium plugin. -->","yoast_head_json":{"title":"Grivel Flex Long Bar - biegsamer Steigeisen Steg EU 42 - EU 47 | bolting.eu","description":"Grivel Flex Long Bar Steigeisensteg beim Innsbrucker Kletter Hardwareprofi kaufen \u2705 kostenloser Versand* \u2705 14 Tage R\u00fcckgaberecht \u2705 Co2 neutraler Versand","robots":{"index":"index","follow":"follow","max-snippet":"max-snippet:-1","max-image-preview":"max-image-preview:large","max-video-preview":"max-video-preview:-1"},"canonical":"https:\/\/bolting.eu\/en\/shop\/grivel-flex-long-bar\/","og_locale":"en_US","og_type":"article","og_title":"Grivel Flex Long Bar","og_description":"Grivel Flex Long Bar Steigeisensteg beim Innsbrucker Kletter Hardwareprofi kaufen \u2705 kostenloser Versand* \u2705 14 Tage R\u00fcckgaberecht \u2705 Co2 neutraler Versand","og_url":"https:\/\/bolting.eu\/en\/shop\/grivel-flex-long-bar\/","og_site_name":"bolting.eu","article_publisher":"https:\/\/www.facebook.com\/bolting.eu","article_modified_time":"2025-07-15T20:36:21+00:00","og_image":[{"width":700,"height":700,"url":"https:\/\/bolting.eu\/wp-content\/uploads\/2024\/01\/Grivel-Flex-Long-BAr-2.jpg","type":"image\/jpeg"}],"twitter_card":"summary_large_image","twitter_misc":{"Price":"&euro;&nbsp;13,90","Availability":"In stock"},"schema":{"@context":"https:\/\/schema.org","@graph":[{"@type":["WebPage","ItemPage"],"@id":"https:\/\/bolting.eu\/en\/shop\/grivel-flex-long-bar\/","url":"https:\/\/bolting.eu\/en\/shop\/grivel-flex-long-bar\/","name":"Grivel Flex Long Bar - biegsamer Steigeisen Steg EU 42 - EU 47 | bolting.eu","isPartOf":{"@id":"https:\/\/bolting.eu\/en\/#website"},"primaryImageOfPage":{"@id":"https:\/\/bolting.eu\/en\/shop\/grivel-flex-long-bar\/#primaryimage"},"image":{"@id":"https:\/\/bolting.eu\/en\/shop\/grivel-flex-long-bar\/#primaryimage"},"thumbnailUrl":"https:\/\/bolting.eu\/wp-content\/uploads\/2024\/01\/Grivel-Flex-Long-BAr-2.jpg","datePublished":"2024-01-05T17:26:37+00:00","dateModified":"2025-07-15T20:36:21+00:00","description":"Grivel Flex Long Bar Steigeisensteg beim Innsbrucker Kletter Hardwareprofi kaufen \u2705 kostenloser Versand* \u2705 14 Tage R\u00fcckgaberecht \u2705 Co2 neutraler Versand","breadcrumb":{"@id":"https:\/\/bolting.eu\/en\/shop\/grivel-flex-long-bar\/#breadcrumb"},"inLanguage":"en-US","potentialAction":[{"@type":"ReadAction","target":["https:\/\/bolting.eu\/en\/shop\/grivel-flex-long-bar\/"]}]},{"@type":"ImageObject","inLanguage":"en-US","@id":"https:\/\/bolting.eu\/en\/shop\/grivel-flex-long-bar\/#primaryimage","url":"https:\/\/bolting.eu\/wp-content\/uploads\/2024\/01\/Grivel-Flex-Long-BAr-2.jpg","contentUrl":"https:\/\/bolting.eu\/wp-content\/uploads\/2024\/01\/Grivel-Flex-Long-BAr-2.jpg","width":700,"height":700,"caption":"Ein paar silberne Grivel Flex Long Bar Steigeisenstege nebeneinander."},{"@type":"BreadcrumbList","@id":"https:\/\/bolting.eu\/en\/shop\/grivel-flex-long-bar\/#breadcrumb","itemListElement":[{"@type":"ListItem","position":1,"name":"Shop","item":"https:\/\/bolting.eu\/en\/shop\/"},{"@type":"ListItem","position":2,"name":"Bergsteiger Ausr\u00fcstung","item":"https:\/\/bolting.eu\/produkt-kategorie\/bergsteiger-ausruestung\/"},{"@type":"ListItem","position":3,"name":"Steigeisen Ersatzteile - Zubeh\u00f6r","item":"https:\/\/bolting.eu\/produkt-kategorie\/bergsteiger-ausruestung\/steigeisen-ersatzteile-zubehoer\/"},{"@type":"ListItem","position":4,"name":"Grivel Flex Long Bar"}]},{"@type":"WebSite","@id":"https:\/\/bolting.eu\/en\/#website","url":"https:\/\/bolting.eu\/en\/","name":"bolting.eu","description":"we make climbs happen","publisher":{"@id":"https:\/\/bolting.eu\/en\/#organization"},"potentialAction":[{"@type":"SearchAction","target":{"@type":"EntryPoint","urlTemplate":"https:\/\/bolting.eu\/en\/?s={search_term_string}"},"query-input":{"@type":"PropertyValueSpecification","valueRequired":true,"valueName":"search_term_string"}}],"inLanguage":"en-US"},{"@type":["Organization","Place","SportingGoodsStore"],"@id":"https:\/\/bolting.eu\/en\/#organization","name":"bolting.eu","url":"https:\/\/bolting.eu\/en\/","logo":{"@id":"https:\/\/bolting.eu\/en\/shop\/grivel-flex-long-bar\/#local-main-organization-logo"},"image":{"@id":"https:\/\/bolting.eu\/en\/shop\/grivel-flex-long-bar\/#local-main-organization-logo"},"sameAs":["https:\/\/www.facebook.com\/bolting.eu","https:\/\/www.instagram.com\/bolting.eu\/"],"address":{"@id":"https:\/\/bolting.eu\/en\/shop\/grivel-flex-long-bar\/#local-main-place-address"},"geo":{"@type":"GeoCoordinates","latitude":"47.264176340396226","longitude":"11.380109057672346"},"telephone":["+43 699 19083372"],"openingHoursSpecification":[{"@type":"OpeningHoursSpecification","dayOfWeek":["Monday","Wednesday","Friday"],"opens":"14:00","closes":"18:00"},{"@type":"OpeningHoursSpecification","dayOfWeek":["Tuesday","Thursday","Saturday","Sunday"],"opens":"00:00","closes":"00:00"}],"email":"office@bolting.eu","vatID":"ATU59999728","priceRange":"$$","currenciesAccepted":"Euro"},{"@type":"PostalAddress","@id":"https:\/\/bolting.eu\/en\/shop\/grivel-flex-long-bar\/#local-main-place-address","streetAddress":"Fischnalerstra\u00dfe 4","addressLocality":"Innsbruck","postalCode":"6020","addressRegion":"Tirol","addressCountry":"AT"},{"@type":"ImageObject","inLanguage":"en-US","@id":"https:\/\/bolting.eu\/en\/shop\/grivel-flex-long-bar\/#local-main-organization-logo","url":"https:\/\/bolting.eu\/wp-content\/uploads\/2019\/09\/bolting-logo.png","contentUrl":"https:\/\/bolting.eu\/wp-content\/uploads\/2019\/09\/bolting-logo.png","width":400,"height":211,"caption":"bolting.eu"}]},"product_price_amount":"13.90","product_price_currency":"EUR","og_availability":"instock","product_availability":"instock","product_retailer_item_id":"RBFLEXB.19","product_condition":"new","geo.placename":"Innsbruck","geo.position":{"lat":"47.264176340396226","long":"11.380109057672346"},"geo.region":"Austria"},"_links":{"self":[{"href":"https:\/\/bolting.eu\/en\/wp-json\/wp\/v2\/product\/18136","targetHints":{"allow":["GET"]}}],"collection":[{"href":"https:\/\/bolting.eu\/en\/wp-json\/wp\/v2\/product"}],"about":[{"href":"https:\/\/bolting.eu\/en\/wp-json\/wp\/v2\/types\/product"}],"replies":[{"embeddable":true,"href":"https:\/\/bolting.eu\/en\/wp-json\/wp\/v2\/comments?post=18136"}],"wp:featuredmedia":[{"embeddable":true,"href":"https:\/\/bolting.eu\/en\/wp-json\/wp\/v2\/media\/18137"}],"wp:attachment":[{"href":"https:\/\/bolting.eu\/en\/wp-json\/wp\/v2\/media?parent=18136"}],"wp:term":[{"taxonomy":"product_brand","embeddable":true,"href":"https:\/\/bolting.eu\/en\/wp-json\/wp\/v2\/product_brand?post=18136"},{"taxonomy":"product_cat","embeddable":true,"href":"https:\/\/bolting.eu\/en\/wp-json\/wp\/v2\/product_cat?post=18136"},{"taxonomy":"product_tag","embeddable":true,"href":"https:\/\/bolting.eu\/en\/wp-json\/wp\/v2\/product_tag?post=18136"}],"curies":[{"name":"wp","href":"https:\/\/api.w.org\/{rel}","templated":true}]}}