{"id":18114,"date":"2024-01-05T15:42:20","date_gmt":"2024-01-05T14:42:20","guid":{"rendered":"https:\/\/bolting.eu\/?post_type=product&#038;p=18114"},"modified":"2026-03-03T13:05:43","modified_gmt":"2026-03-03T12:05:43","slug":"grivel-g20-plus","status":"publish","type":"product","link":"https:\/\/bolting.eu\/en\/shop\/grivel-g20-plus\/","title":{"rendered":"Grivel G20 Plus"},"content":{"rendered":"<p>Das G20 Plus von Grivel ist ein absoluter Steigeisen Klassiker. Denn seit git 12 Jahren ist dieses Modell unumstritten eines DER Top Modelle zum schweren Eisklettern und f\u00fcr h\u00e4rteste Mixed Routen.<\/p>\n<p>Das liegt an einer Kombination mehreren Faktoren.<\/p>\n<p>Zum einen das extrem geringe Gewicht. Dieses Produkt wiegt gerade einmal 844 Gramm pro Paar.<\/p>\n<p>Dann an der Bauweise. Ein Asymmetrisch angeordneter Frontzacken geht direkt in den Mittelsteg \u00fcber.\u00a0 Dieser ist hei\u00df geschmiedet, was enorme Vorteile hinsichtlich Elastizit\u00e4t und Formgebung mit sich bringt.<\/p>\n<p>Insgesamt ein extrem pr\u00e4sizes und stabiles Modell f\u00fcr h\u00e4rteste Linien!<\/p>\n<p>Wird gerne mit dem <a href=\"https:\/\/bolting.eu\/shop\/grivel-tech-machine\/\">Tech Machine<\/a> <a href=\"https:\/\/bolting.eu\/produkt-kategorie\/bergsteiger-ausruestung\/eisgeraete\/\">Eisger\u00e4t<\/a> gekauft.<\/p>\n<h2>Eigenschaften G20 Plus<\/h2>\n<ul>\n<li>Hersteller: <a href=\"https:\/\/bolting.eu\/produkt-kategorie\/grivel\/\">Grivel<\/a><\/li>\n<li>Material: Stahl, hei\u00df geschmiedeter Stahl, Kunststoff<\/li>\n<li>modernes Steigeisen f\u00fcr schwerste EIs- und Mixed Klettereien<\/li>\n<li>Gewicht: 844 Gramm (Cramp-O-Matic EVO)<\/li>\n<li>Bindungssysteme: Cramp-O-Matic EVO = Kipphebel;<\/li>\n<li>Einsatzbereiche: <a href=\"https:\/\/bolting.eu\/eisklettern\/\">Eisklettern<\/a>, Dry Tooling, Mixed Klettern<\/li>\n<li>Normen: <a href=\"https:\/\/bolting.eu\/en-893-steigeisen-norm\/\">EN 893 \u2013 CE 153<\/a><\/li>\n<li>Schuhgr\u00f6\u00dfe: 37 \u2013 48<\/li>\n<li>inkl. Antistollen Platten am Fersenteil<\/li>\n<li>inkl. Inbus, Mini-Schraubenschl\u00fcssel f\u00fcr m\u00f6glichen Tausch Frontzacken<\/li>\n<li><a href=\"https:\/\/cdn.shopify.com\/s\/files\/1\/0030\/4044\/4451\/files\/IS_IceAxeGeneral_A.pdf?v=1623766895\" target=\"_blank\" rel=\"noopener\">allg. Produktinfo Grivel<\/a><\/li>\n<\/ul>\n<h3>Produktvideo<\/h3>\n<p>Im Folgenden stellt euch Grivel das Steigeisen selber nochmals vor.<\/p>\n<p><iframe loading=\"lazy\" title=\"grivel g20 crampon.mov\" width=\"1020\" height=\"574\" src=\"https:\/\/www.youtube.com\/embed\/_dnRzWtTh2k?feature=oembed\" frameborder=\"0\" allow=\"accelerometer; autoplay; clipboard-write; encrypted-media; gyroscope; picture-in-picture; web-share\" referrerpolicy=\"strict-origin-when-cross-origin\" allowfullscreen><\/iframe><\/p>\n<h3>G20 Plus = f\u00fcr schwierigste Routen<\/h3>\n<p>Dieses Modell ist f\u00fcr schwerste Routen gedacht. Denn es ist sowohl hinsichtlich Design und Gewicht als auch Pr\u00e4zession auf Performance ausgelegt.<\/p>\n<p>Der Druck endet im Monozacken. Dank des hei\u00df geschmiedeten Stahls kann dieser sowohl im Eis als auch Fels perfekt gesetzt werden. Die 844 Gramm sind gut 200 Gramm weniger als \u00fcblicher Eiskletter Modelle.<\/p>\n<p>\u00c4hnlich wie sehr leichte <a href=\"https:\/\/bolting.eu\/produkt-kategorie\/bergsteiger-ausruestung\/eisschrauben\/\">Eisschrauben<\/a> kann das ein wichtiger Faktor bei schweren Begehungen sein<\/p>\n<p>Kurzum. Ideal dort, wo jedes Gramm z\u00e4hlt!<\/p>\n<p><a href=\"https:\/\/bolting.eu\/wp-content\/uploads\/2024\/01\/Grivel-G20-Plus-6.jpg\"><img loading=\"lazy\" decoding=\"async\" class=\"alignnone size-full wp-image-18116\" src=\"https:\/\/bolting.eu\/wp-content\/uploads\/2024\/01\/Grivel-G20-Plus-6.jpg\" alt=\"Eiskletterer von der Seite in sehr steiler Eiss\u00e4ule mit Grivel G20 Plus Steigeisen.\" width=\"1024\" height=\"683\" srcset=\"https:\/\/bolting.eu\/wp-content\/uploads\/2024\/01\/Grivel-G20-Plus-6.jpg 1024w, https:\/\/bolting.eu\/wp-content\/uploads\/2024\/01\/Grivel-G20-Plus-6-600x400.jpg 600w, https:\/\/bolting.eu\/wp-content\/uploads\/2024\/01\/Grivel-G20-Plus-6-768x512.jpg 768w, https:\/\/bolting.eu\/wp-content\/uploads\/2024\/01\/Grivel-G20-Plus-6-510x340.jpg 510w, https:\/\/bolting.eu\/wp-content\/uploads\/2024\/01\/Grivel-G20-Plus-6-100x67.jpg 100w\" sizes=\"auto, (max-width: 1024px) 100vw, 1024px\" \/><\/a><\/p>\n<h3>Katana Frontzacken optional erh\u00e4ltlich<\/h3>\n<p>Du m\u00f6chtest einen noch h\u00e4rteren und abnutzfesteren Stahl bei den Frontzacken haben? Dann kannst du dir die Katana Points holen.<\/p>\n<p>Diese sind aus noch h\u00e4rterem Stahl gemacht und extra f\u00fcr Mixed Klettereien und\u00a0 das Drytoolen gedacht.<\/p>\n<p><a href=\"https:\/\/bolting.eu\/wp-content\/uploads\/2024\/01\/Grivel-G20-Plus-7-KAtana.jpg\"><img loading=\"lazy\" decoding=\"async\" class=\"alignnone size-full wp-image-18122\" src=\"https:\/\/bolting.eu\/wp-content\/uploads\/2024\/01\/Grivel-G20-Plus-7-KAtana.jpg\" alt=\"Bergschuh beim Eisklettern mit Katana Frontzacken auf dem Grivel G20 Plus Steigeisen.\" width=\"1024\" height=\"683\" srcset=\"https:\/\/bolting.eu\/wp-content\/uploads\/2024\/01\/Grivel-G20-Plus-7-KAtana.jpg 1024w, https:\/\/bolting.eu\/wp-content\/uploads\/2024\/01\/Grivel-G20-Plus-7-KAtana-600x400.jpg 600w, https:\/\/bolting.eu\/wp-content\/uploads\/2024\/01\/Grivel-G20-Plus-7-KAtana-768x512.jpg 768w, https:\/\/bolting.eu\/wp-content\/uploads\/2024\/01\/Grivel-G20-Plus-7-KAtana-510x340.jpg 510w, https:\/\/bolting.eu\/wp-content\/uploads\/2024\/01\/Grivel-G20-Plus-7-KAtana-100x67.jpg 100w\" sizes=\"auto, (max-width: 1024px) 100vw, 1024px\" \/><\/a><\/p>\n","protected":false},"excerpt":{"rendered":"<p>Extrem leichtes (844 Gramm \/ Paar!) und pr\u00e4zises Steigeisen mit Monopoint.<\/p>\n<p>F\u00fcr schwierigste Eisrouten und Mixed Linien bzw. Drytooling. Optional Katana Frontzacken erh\u00e4ltlich.<\/p>\n<p>Versandkostenfrei bis 2kg in <img decoding=\"async\" class=\"emoji\" role=\"img\" draggable=\"false\" src=\"https:\/\/s.w.org\/images\/core\/emoji\/14.0.0\/svg\/1f1e6-1f1f9.svg\" alt=\"\ud83c\udde6\ud83c\uddf9\" \/> ab \u20ac 100,- und <img decoding=\"async\" class=\"emoji\" role=\"img\" draggable=\"false\" src=\"https:\/\/s.w.org\/images\/core\/emoji\/14.0.0\/svg\/1f1e9-1f1ea.svg\" alt=\"\ud83c\udde9\ud83c\uddea\" \/> ab \u20ac 200,-!<\/p>\n","protected":false},"featured_media":18121,"comment_status":"closed","ping_status":"closed","template":"","meta":[],"product_brand":[],"product_cat":[13938,14288,4667],"product_tag":[],"class_list":{"0":"post-18114","1":"product","2":"type-product","3":"status-publish","4":"has-post-thumbnail","6":"product_cat-bergsteiger-ausruestung","7":"product_cat-steigeisen","8":"product_cat-grivel","10":"first","11":"instock","12":"sale","13":"taxable","14":"shipping-taxable","15":"purchasable","16":"product-type-simple"},"yoast_head":"<!-- This site is optimized with the Yoast SEO Premium plugin v26.9 (Yoast SEO v26.9) - https:\/\/yoast.com\/product\/yoast-seo-premium-wordpress\/ -->\n<title>Grivel G20 Plus zum extremen Eis- &amp; Mixed Klettern | bolting.eu<\/title>\n<meta name=\"description\" content=\"Grivel G20 Plus Steigeisen beim Innsbrucker Hardwareprofi kaufen \u2705 kostenloser Versand* \u2705 14 Tage R\u00fcckgaberecht \u2705 Co2 neutraler Versand\" \/>\n<meta name=\"robots\" content=\"index, follow, max-snippet:-1, max-image-preview:large, max-video-preview:-1\" \/>\n<link rel=\"canonical\" href=\"https:\/\/bolting.eu\/en\/shop\/grivel-g20-plus\/\" \/>\n<meta property=\"og:locale\" content=\"en_US\" \/>\n<meta property=\"og:type\" content=\"article\" \/>\n<meta property=\"og:title\" content=\"Grivel G20 Plus\" \/>\n<meta property=\"og:description\" content=\"Grivel G20 Plus Steigeisen beim Innsbrucker Hardwareprofi kaufen \u2705 kostenloser Versand* \u2705 14 Tage R\u00fcckgaberecht \u2705 Co2 neutraler Versand\" \/>\n<meta property=\"og:url\" content=\"https:\/\/bolting.eu\/en\/shop\/grivel-g20-plus\/\" \/>\n<meta property=\"og:site_name\" content=\"bolting.eu\" \/>\n<meta property=\"article:publisher\" content=\"https:\/\/www.facebook.com\/bolting.eu\" \/>\n<meta property=\"article:modified_time\" content=\"2026-03-03T12:05:43+00:00\" \/>\n<meta property=\"og:image\" content=\"https:\/\/bolting.eu\/wp-content\/uploads\/2024\/01\/Grivel-G20-Plus-1.jpg\" \/>\n\t<meta property=\"og:image:width\" content=\"700\" \/>\n\t<meta property=\"og:image:height\" content=\"700\" \/>\n\t<meta property=\"og:image:type\" content=\"image\/jpeg\" \/>\n<meta name=\"twitter:card\" content=\"summary_large_image\" \/>\n<meta name=\"twitter:label1\" content=\"Price\" \/>\n\t<meta name=\"twitter:data1\" content=\"&euro;&nbsp;209,90\" \/>\n\t<meta name=\"twitter:label2\" content=\"Availability\" \/>\n\t<meta name=\"twitter:data2\" content=\"In stock\" \/>\n<script type=\"application\/ld+json\" class=\"yoast-schema-graph\">{\"@context\":\"https:\/\/schema.org\",\"@graph\":[{\"@type\":[\"WebPage\",\"ItemPage\"],\"@id\":\"https:\/\/bolting.eu\/en\/shop\/grivel-g20-plus\/\",\"url\":\"https:\/\/bolting.eu\/en\/shop\/grivel-g20-plus\/\",\"name\":\"Grivel G20 Plus zum extremen Eis- & Mixed Klettern | bolting.eu\",\"isPartOf\":{\"@id\":\"https:\/\/bolting.eu\/en\/#website\"},\"primaryImageOfPage\":{\"@id\":\"https:\/\/bolting.eu\/en\/shop\/grivel-g20-plus\/#primaryimage\"},\"image\":{\"@id\":\"https:\/\/bolting.eu\/en\/shop\/grivel-g20-plus\/#primaryimage\"},\"thumbnailUrl\":\"https:\/\/bolting.eu\/wp-content\/uploads\/2024\/01\/Grivel-G20-Plus-1.jpg\",\"datePublished\":\"2024-01-05T14:42:20+00:00\",\"dateModified\":\"2026-03-03T12:05:43+00:00\",\"description\":\"Grivel G20 Plus Steigeisen beim Innsbrucker Hardwareprofi kaufen \u2705 kostenloser Versand* \u2705 14 Tage R\u00fcckgaberecht \u2705 Co2 neutraler Versand\",\"breadcrumb\":{\"@id\":\"https:\/\/bolting.eu\/en\/shop\/grivel-g20-plus\/#breadcrumb\"},\"inLanguage\":\"en-US\",\"potentialAction\":[{\"@type\":\"ReadAction\",\"target\":[\"https:\/\/bolting.eu\/en\/shop\/grivel-g20-plus\/\"]}]},{\"@type\":\"ImageObject\",\"inLanguage\":\"en-US\",\"@id\":\"https:\/\/bolting.eu\/en\/shop\/grivel-g20-plus\/#primaryimage\",\"url\":\"https:\/\/bolting.eu\/wp-content\/uploads\/2024\/01\/Grivel-G20-Plus-1.jpg\",\"contentUrl\":\"https:\/\/bolting.eu\/wp-content\/uploads\/2024\/01\/Grivel-G20-Plus-1.jpg\",\"width\":700,\"height\":700,\"caption\":\"Schwarz-gelbes Grivel G20 Plus Steigeisen von der Seite.\"},{\"@type\":\"BreadcrumbList\",\"@id\":\"https:\/\/bolting.eu\/en\/shop\/grivel-g20-plus\/#breadcrumb\",\"itemListElement\":[{\"@type\":\"ListItem\",\"position\":1,\"name\":\"Shop\",\"item\":\"https:\/\/bolting.eu\/en\/shop\/\"},{\"@type\":\"ListItem\",\"position\":2,\"name\":\"Bergsteiger Ausr\u00fcstung\",\"item\":\"https:\/\/bolting.eu\/produkt-kategorie\/bergsteiger-ausruestung\/\"},{\"@type\":\"ListItem\",\"position\":3,\"name\":\"Steigeisen\",\"item\":\"https:\/\/bolting.eu\/produkt-kategorie\/bergsteiger-ausruestung\/steigeisen\/\"},{\"@type\":\"ListItem\",\"position\":4,\"name\":\"Grivel G20 Plus\"}]},{\"@type\":\"WebSite\",\"@id\":\"https:\/\/bolting.eu\/en\/#website\",\"url\":\"https:\/\/bolting.eu\/en\/\",\"name\":\"bolting.eu\",\"description\":\"we make climbs happen\",\"publisher\":{\"@id\":\"https:\/\/bolting.eu\/en\/#organization\"},\"potentialAction\":[{\"@type\":\"SearchAction\",\"target\":{\"@type\":\"EntryPoint\",\"urlTemplate\":\"https:\/\/bolting.eu\/en\/?s={search_term_string}\"},\"query-input\":{\"@type\":\"PropertyValueSpecification\",\"valueRequired\":true,\"valueName\":\"search_term_string\"}}],\"inLanguage\":\"en-US\"},{\"@type\":[\"Organization\",\"Place\",\"SportingGoodsStore\"],\"@id\":\"https:\/\/bolting.eu\/en\/#organization\",\"name\":\"bolting.eu\",\"url\":\"https:\/\/bolting.eu\/en\/\",\"logo\":{\"@id\":\"https:\/\/bolting.eu\/en\/shop\/grivel-g20-plus\/#local-main-organization-logo\"},\"image\":{\"@id\":\"https:\/\/bolting.eu\/en\/shop\/grivel-g20-plus\/#local-main-organization-logo\"},\"sameAs\":[\"https:\/\/www.facebook.com\/bolting.eu\",\"https:\/\/www.instagram.com\/bolting.eu\/\"],\"address\":{\"@id\":\"https:\/\/bolting.eu\/en\/shop\/grivel-g20-plus\/#local-main-place-address\"},\"geo\":{\"@type\":\"GeoCoordinates\",\"latitude\":\"47.264176340396226\",\"longitude\":\"11.380109057672346\"},\"telephone\":[\"+43 699 19083372\"],\"openingHoursSpecification\":[{\"@type\":\"OpeningHoursSpecification\",\"dayOfWeek\":[\"Monday\",\"Wednesday\",\"Friday\"],\"opens\":\"14:00\",\"closes\":\"18:00\"},{\"@type\":\"OpeningHoursSpecification\",\"dayOfWeek\":[\"Tuesday\",\"Thursday\",\"Saturday\",\"Sunday\"],\"opens\":\"00:00\",\"closes\":\"00:00\"}],\"email\":\"office@bolting.eu\",\"vatID\":\"ATU59999728\",\"priceRange\":\"$$\",\"currenciesAccepted\":\"Euro\"},{\"@type\":\"PostalAddress\",\"@id\":\"https:\/\/bolting.eu\/en\/shop\/grivel-g20-plus\/#local-main-place-address\",\"streetAddress\":\"Fischnalerstra\u00dfe 4\",\"addressLocality\":\"Innsbruck\",\"postalCode\":\"6020\",\"addressRegion\":\"Tirol\",\"addressCountry\":\"AT\"},{\"@type\":\"ImageObject\",\"inLanguage\":\"en-US\",\"@id\":\"https:\/\/bolting.eu\/en\/shop\/grivel-g20-plus\/#local-main-organization-logo\",\"url\":\"https:\/\/bolting.eu\/wp-content\/uploads\/2019\/09\/bolting-logo.png\",\"contentUrl\":\"https:\/\/bolting.eu\/wp-content\/uploads\/2019\/09\/bolting-logo.png\",\"width\":400,\"height\":211,\"caption\":\"bolting.eu\"}]}<\/script>\n<meta property=\"og:video\" content=\"https:\/\/www.youtube.com\/embed\/_dnRzWtTh2k\" \/>\n<meta property=\"og:video:type\" content=\"text\/html\" \/>\n<meta property=\"og:video:duration\" content=\"243\" \/>\n<meta property=\"og:video:width\" content=\"480\" \/>\n<meta property=\"og:video:height\" content=\"270\" \/>\n<meta property=\"ya:ovs:adult\" content=\"false\" \/>\n<meta property=\"ya:ovs:upload_date\" content=\"2024-01-05T14:42:20+00:00\" \/>\n<meta property=\"ya:ovs:allow_embed\" content=\"true\" \/>\n<meta property=\"product:price:amount\" content=\"209.90\" \/>\n<meta property=\"product:price:currency\" content=\"EUR\" \/>\n<meta property=\"og:availability\" content=\"instock\" \/>\n<meta property=\"product:availability\" content=\"instock\" \/>\n<meta property=\"product:retailer_item_id\" content=\"RAG20P.COME\" \/>\n<meta property=\"product:condition\" content=\"new\" \/>\n<meta name=\"geo.placename\" content=\"Innsbruck\" \/>\n<meta name=\"geo.position\" content=\"47.264176340396226;11.380109057672346\" \/>\n<meta name=\"geo.region\" content=\"Austria\" \/>\n<!-- \/ Yoast SEO Premium plugin. -->","yoast_head_json":{"title":"Grivel G20 Plus zum extremen Eis- & Mixed Klettern | bolting.eu","description":"Grivel G20 Plus Steigeisen beim Innsbrucker Hardwareprofi kaufen \u2705 kostenloser Versand* \u2705 14 Tage R\u00fcckgaberecht \u2705 Co2 neutraler Versand","robots":{"index":"index","follow":"follow","max-snippet":"max-snippet:-1","max-image-preview":"max-image-preview:large","max-video-preview":"max-video-preview:-1"},"canonical":"https:\/\/bolting.eu\/en\/shop\/grivel-g20-plus\/","og_locale":"en_US","og_type":"article","og_title":"Grivel G20 Plus","og_description":"Grivel G20 Plus Steigeisen beim Innsbrucker Hardwareprofi kaufen \u2705 kostenloser Versand* \u2705 14 Tage R\u00fcckgaberecht \u2705 Co2 neutraler Versand","og_url":"https:\/\/bolting.eu\/en\/shop\/grivel-g20-plus\/","og_site_name":"bolting.eu","article_publisher":"https:\/\/www.facebook.com\/bolting.eu","article_modified_time":"2026-03-03T12:05:43+00:00","og_image":[{"width":700,"height":700,"url":"https:\/\/bolting.eu\/wp-content\/uploads\/2024\/01\/Grivel-G20-Plus-1.jpg","type":"image\/jpeg"}],"twitter_card":"summary_large_image","twitter_misc":{"Price":"&euro;&nbsp;209,90","Availability":"In stock"},"schema":{"@context":"https:\/\/schema.org","@graph":[{"@type":["WebPage","ItemPage"],"@id":"https:\/\/bolting.eu\/en\/shop\/grivel-g20-plus\/","url":"https:\/\/bolting.eu\/en\/shop\/grivel-g20-plus\/","name":"Grivel G20 Plus zum extremen Eis- & Mixed Klettern | bolting.eu","isPartOf":{"@id":"https:\/\/bolting.eu\/en\/#website"},"primaryImageOfPage":{"@id":"https:\/\/bolting.eu\/en\/shop\/grivel-g20-plus\/#primaryimage"},"image":{"@id":"https:\/\/bolting.eu\/en\/shop\/grivel-g20-plus\/#primaryimage"},"thumbnailUrl":"https:\/\/bolting.eu\/wp-content\/uploads\/2024\/01\/Grivel-G20-Plus-1.jpg","datePublished":"2024-01-05T14:42:20+00:00","dateModified":"2026-03-03T12:05:43+00:00","description":"Grivel G20 Plus Steigeisen beim Innsbrucker Hardwareprofi kaufen \u2705 kostenloser Versand* \u2705 14 Tage R\u00fcckgaberecht \u2705 Co2 neutraler Versand","breadcrumb":{"@id":"https:\/\/bolting.eu\/en\/shop\/grivel-g20-plus\/#breadcrumb"},"inLanguage":"en-US","potentialAction":[{"@type":"ReadAction","target":["https:\/\/bolting.eu\/en\/shop\/grivel-g20-plus\/"]}]},{"@type":"ImageObject","inLanguage":"en-US","@id":"https:\/\/bolting.eu\/en\/shop\/grivel-g20-plus\/#primaryimage","url":"https:\/\/bolting.eu\/wp-content\/uploads\/2024\/01\/Grivel-G20-Plus-1.jpg","contentUrl":"https:\/\/bolting.eu\/wp-content\/uploads\/2024\/01\/Grivel-G20-Plus-1.jpg","width":700,"height":700,"caption":"Schwarz-gelbes Grivel G20 Plus Steigeisen von der Seite."},{"@type":"BreadcrumbList","@id":"https:\/\/bolting.eu\/en\/shop\/grivel-g20-plus\/#breadcrumb","itemListElement":[{"@type":"ListItem","position":1,"name":"Shop","item":"https:\/\/bolting.eu\/en\/shop\/"},{"@type":"ListItem","position":2,"name":"Bergsteiger Ausr\u00fcstung","item":"https:\/\/bolting.eu\/produkt-kategorie\/bergsteiger-ausruestung\/"},{"@type":"ListItem","position":3,"name":"Steigeisen","item":"https:\/\/bolting.eu\/produkt-kategorie\/bergsteiger-ausruestung\/steigeisen\/"},{"@type":"ListItem","position":4,"name":"Grivel G20 Plus"}]},{"@type":"WebSite","@id":"https:\/\/bolting.eu\/en\/#website","url":"https:\/\/bolting.eu\/en\/","name":"bolting.eu","description":"we make climbs happen","publisher":{"@id":"https:\/\/bolting.eu\/en\/#organization"},"potentialAction":[{"@type":"SearchAction","target":{"@type":"EntryPoint","urlTemplate":"https:\/\/bolting.eu\/en\/?s={search_term_string}"},"query-input":{"@type":"PropertyValueSpecification","valueRequired":true,"valueName":"search_term_string"}}],"inLanguage":"en-US"},{"@type":["Organization","Place","SportingGoodsStore"],"@id":"https:\/\/bolting.eu\/en\/#organization","name":"bolting.eu","url":"https:\/\/bolting.eu\/en\/","logo":{"@id":"https:\/\/bolting.eu\/en\/shop\/grivel-g20-plus\/#local-main-organization-logo"},"image":{"@id":"https:\/\/bolting.eu\/en\/shop\/grivel-g20-plus\/#local-main-organization-logo"},"sameAs":["https:\/\/www.facebook.com\/bolting.eu","https:\/\/www.instagram.com\/bolting.eu\/"],"address":{"@id":"https:\/\/bolting.eu\/en\/shop\/grivel-g20-plus\/#local-main-place-address"},"geo":{"@type":"GeoCoordinates","latitude":"47.264176340396226","longitude":"11.380109057672346"},"telephone":["+43 699 19083372"],"openingHoursSpecification":[{"@type":"OpeningHoursSpecification","dayOfWeek":["Monday","Wednesday","Friday"],"opens":"14:00","closes":"18:00"},{"@type":"OpeningHoursSpecification","dayOfWeek":["Tuesday","Thursday","Saturday","Sunday"],"opens":"00:00","closes":"00:00"}],"email":"office@bolting.eu","vatID":"ATU59999728","priceRange":"$$","currenciesAccepted":"Euro"},{"@type":"PostalAddress","@id":"https:\/\/bolting.eu\/en\/shop\/grivel-g20-plus\/#local-main-place-address","streetAddress":"Fischnalerstra\u00dfe 4","addressLocality":"Innsbruck","postalCode":"6020","addressRegion":"Tirol","addressCountry":"AT"},{"@type":"ImageObject","inLanguage":"en-US","@id":"https:\/\/bolting.eu\/en\/shop\/grivel-g20-plus\/#local-main-organization-logo","url":"https:\/\/bolting.eu\/wp-content\/uploads\/2019\/09\/bolting-logo.png","contentUrl":"https:\/\/bolting.eu\/wp-content\/uploads\/2019\/09\/bolting-logo.png","width":400,"height":211,"caption":"bolting.eu"}]},"og_video":"https:\/\/www.youtube.com\/embed\/_dnRzWtTh2k","og_video_type":"text\/html","og_video_duration":"243","og_video_width":"480","og_video_height":"270","ya_ovs_adult":"false","ya_ovs_upload_date":"2024-01-05T14:42:20+00:00","ya_ovs_allow_embed":"true","product_price_amount":"209.90","product_price_currency":"EUR","og_availability":"instock","product_availability":"instock","product_retailer_item_id":"RAG20P.COME","product_condition":"new","geo.placename":"Innsbruck","geo.position":{"lat":"47.264176340396226","long":"11.380109057672346"},"geo.region":"Austria"},"_links":{"self":[{"href":"https:\/\/bolting.eu\/en\/wp-json\/wp\/v2\/product\/18114","targetHints":{"allow":["GET"]}}],"collection":[{"href":"https:\/\/bolting.eu\/en\/wp-json\/wp\/v2\/product"}],"about":[{"href":"https:\/\/bolting.eu\/en\/wp-json\/wp\/v2\/types\/product"}],"replies":[{"embeddable":true,"href":"https:\/\/bolting.eu\/en\/wp-json\/wp\/v2\/comments?post=18114"}],"wp:featuredmedia":[{"embeddable":true,"href":"https:\/\/bolting.eu\/en\/wp-json\/wp\/v2\/media\/18121"}],"wp:attachment":[{"href":"https:\/\/bolting.eu\/en\/wp-json\/wp\/v2\/media?parent=18114"}],"wp:term":[{"taxonomy":"product_brand","embeddable":true,"href":"https:\/\/bolting.eu\/en\/wp-json\/wp\/v2\/product_brand?post=18114"},{"taxonomy":"product_cat","embeddable":true,"href":"https:\/\/bolting.eu\/en\/wp-json\/wp\/v2\/product_cat?post=18114"},{"taxonomy":"product_tag","embeddable":true,"href":"https:\/\/bolting.eu\/en\/wp-json\/wp\/v2\/product_tag?post=18114"}],"curies":[{"name":"wp","href":"https:\/\/api.w.org\/{rel}","templated":true}]}}