{"id":18106,"date":"2024-01-05T15:11:02","date_gmt":"2024-01-05T14:11:02","guid":{"rendered":"https:\/\/bolting.eu\/?post_type=product&#038;p=18106"},"modified":"2024-01-05T15:11:03","modified_gmt":"2024-01-05T14:11:03","slug":"grivel-g22-plus","status":"publish","type":"product","link":"https:\/\/bolting.eu\/en\/shop\/grivel-g22-plus\/","title":{"rendered":"Grivel G22 Plus"},"content":{"rendered":"<p>Das G22 Plus von Grivel ist ein Steigeisen zum Eisklettern, Mixed Klettern und f\u00fcr lange Nordw\u00e4nde.<\/p>\n<p>Hierf\u00fcr hat das 12-Zack Modell zwei hei\u00df geschmiedete Frontzacken. Das erlaubt perfekten Stand in all diesen Gel\u00e4ndeformen.<\/p>\n<p>Einerseits erlaubt die Biegefestigkeit des Stahls einen perfekten &#8220;Grip&#8221; am Fels. Andererseits sorgt sie im Eis f\u00fcr eine &#8220;weiches&#8221; Eindringen.<\/p>\n<p>Die Verteilung der Zacken sorgt bei diesem Modell f\u00fcr eine erh\u00f6hte Stabilit\u00e4t in allen Kletterpositionen. Abschlie\u00dfend sorgt das ber\u00fchmte Grivel Antibott System f\u00fcr sicheres Gehen im Schnee.<\/p>\n<p>Wird gerne mit dem leichten <a href=\"https:\/\/bolting.eu\/shop\/grivel-north-machine-carbon\/\">North Machine Carbon<\/a> <a href=\"https:\/\/bolting.eu\/produkt-kategorie\/bergsteiger-ausruestung\/eisgeraete\/\">Eisger\u00e4t<\/a> kombiniert.<\/p>\n<h2>Eigenschaften G22 Plus<\/h2>\n<ul>\n<li>Hersteller: <a href=\"https:\/\/bolting.eu\/produkt-kategorie\/grivel\/\">Grivel<\/a><\/li>\n<li>Material: Stahl, hei\u00df geschmiedeter Stahl, Kunststoff<\/li>\n<li>modernes 12-Zack Steigeisen f\u00fcr Eis, Mixed Klettern und Nordw\u00e4nde<\/li>\n<li>Gewicht: 926 Gramm (Cramp-O-Matic EVO)<\/li>\n<li>Bindungssysteme: Cramp-O-Matic EVO = Kipphebel;<\/li>\n<li>Einsatzbereiche: <a href=\"https:\/\/bolting.eu\/eisklettern\/\">Eisklettern<\/a>, Mixed Klettern, Nordw\u00e4nde<\/li>\n<li>Normen: <a href=\"https:\/\/bolting.eu\/en-893-steigeisen-norm\/\">EN 893 \u2013 CE 153<\/a><\/li>\n<li>Schuhgr\u00f6\u00dfe: 38 \u2013 48<\/li>\n<li>inkl. Antistollen Platten<\/li>\n<li>inkl. Inbus, Mini-Schraubenschl\u00fcssel f\u00fcr Umbauten<\/li>\n<li><a href=\"https:\/\/cdn.shopify.com\/s\/files\/1\/0030\/4044\/4451\/files\/IS_IceAxeGeneral_A.pdf?v=1623766895\" target=\"_blank\" rel=\"noopener\">allg. Produktinfo Grivel<\/a><\/li>\n<\/ul>\n<h3>Produktvideo<\/h3>\n<p>Im Folgenden stellt euch Grivel das G22 Plus Steigeisen selber vor.<\/p>\n<p><iframe loading=\"lazy\" title=\"Grivel G22 Plus crampon\" width=\"1020\" height=\"574\" src=\"https:\/\/www.youtube.com\/embed\/ef3fH9GuDf4?feature=oembed\" frameborder=\"0\" allow=\"accelerometer; autoplay; clipboard-write; encrypted-media; gyroscope; picture-in-picture; web-share\" allowfullscreen><\/iframe><\/p>\n<h3>\u00a0Ideal f\u00fcr technische Nordw\u00e4nde<\/h3>\n<p>Viele Features pr\u00e4destinieren dieses Modell f\u00fcr technisches Mixed Klettern und Nordw\u00e4nde.<\/p>\n<p>Erstens das geringere Gewicht. Es liegt unter 1.000 Gramm \/ Paar!<\/p>\n<p>Zweitens die hei\u00df geschmiedeten Frontacken. Sie bieten im Fels und im Eis ideale Biegeeigenschaften.<\/p>\n<p>Drittens die 12-Zack Bauweise. Sie sorgt in allen Gel\u00e4ndeformen f\u00fcr idealen Halt!<\/p>\n<p>das Antistollen System. Es ist leicht und effektiv, was in allen verschneiten Passagen extrem hilfreich ist.<\/p>\n<figure id=\"attachment_18108\" aria-describedby=\"caption-attachment-18108\" style=\"width: 1024px\" class=\"wp-caption alignnone\"><a href=\"https:\/\/bolting.eu\/wp-content\/uploads\/2024\/01\/Grivel-G22-Plus-5.jpg\"><img loading=\"lazy\" decoding=\"async\" class=\"wp-image-18108 size-full\" src=\"https:\/\/bolting.eu\/wp-content\/uploads\/2024\/01\/Grivel-G22-Plus-5.jpg\" alt=\"Alpinist in verschneitem Gel\u00e4nde mit Berggipfeln und blauem Himmel.\" width=\"1024\" height=\"683\" srcset=\"https:\/\/bolting.eu\/wp-content\/uploads\/2024\/01\/Grivel-G22-Plus-5.jpg 1024w, https:\/\/bolting.eu\/wp-content\/uploads\/2024\/01\/Grivel-G22-Plus-5-600x400.jpg 600w, https:\/\/bolting.eu\/wp-content\/uploads\/2024\/01\/Grivel-G22-Plus-5-768x512.jpg 768w, https:\/\/bolting.eu\/wp-content\/uploads\/2024\/01\/Grivel-G22-Plus-5-510x340.jpg 510w, https:\/\/bolting.eu\/wp-content\/uploads\/2024\/01\/Grivel-G22-Plus-5-100x67.jpg 100w\" sizes=\"auto, (max-width: 1024px) 100vw, 1024px\" \/><\/a><figcaption id=\"caption-attachment-18108\" class=\"wp-caption-text\">Das G22 Plus ist ideal f\u00fcr kombinierte Nordw\u00e4nde!<\/figcaption><\/figure>\n","protected":false},"excerpt":{"rendered":"<p>Modernes 12-Zack Steigeisen aus Stahl mit hei\u00df geschmiedeten Frontalzacken und Antistollen Platten.<\/p>\n<p>Ideal f\u00fcr Eis- und Mixed Klettern sowie Nordw\u00e4nde. Sehr leicht!<\/p>\n<p>Versandkostenfrei bis 2kg in <img decoding=\"async\" class=\"emoji\" role=\"img\" draggable=\"false\" src=\"https:\/\/s.w.org\/images\/core\/emoji\/14.0.0\/svg\/1f1e6-1f1f9.svg\" alt=\"\ud83c\udde6\ud83c\uddf9\" \/> ab \u20ac 100,- und <img decoding=\"async\" class=\"emoji\" role=\"img\" draggable=\"false\" src=\"https:\/\/s.w.org\/images\/core\/emoji\/14.0.0\/svg\/1f1e9-1f1ea.svg\" alt=\"\ud83c\udde9\ud83c\uddea\" \/> ab \u20ac 200,-!<\/p>\n","protected":false},"featured_media":18112,"comment_status":"closed","ping_status":"closed","template":"","meta":[],"product_brand":[],"product_cat":[14288,4667,13938],"product_tag":[],"class_list":{"0":"post-18106","1":"product","2":"type-product","3":"status-publish","4":"has-post-thumbnail","6":"product_cat-steigeisen","7":"product_cat-grivel","8":"product_cat-bergsteiger-ausruestung","10":"first","11":"instock","12":"sale","13":"taxable","14":"shipping-taxable","15":"purchasable","16":"product-type-simple"},"yoast_head":"<!-- This site is optimized with the Yoast SEO Premium plugin v26.9 (Yoast SEO v26.9) - https:\/\/yoast.com\/product\/yoast-seo-premium-wordpress\/ -->\n<title>Grivel G22 Plus Eis &amp; Mixed Kletter Steigeisen | bolting.eu<\/title>\n<meta name=\"description\" content=\"Grivel G22 Plus Steigeisen beim Innsbrucker Hardwareprofi kaufen \u2705 kostenloser Versand* \u2705 14 Tage R\u00fcckgaberecht \u2705 Co2 neutraler Versand\" \/>\n<meta name=\"robots\" content=\"index, follow, max-snippet:-1, max-image-preview:large, max-video-preview:-1\" \/>\n<link rel=\"canonical\" href=\"https:\/\/bolting.eu\/en\/shop\/grivel-g22-plus\/\" \/>\n<meta property=\"og:locale\" content=\"en_US\" \/>\n<meta property=\"og:type\" content=\"article\" \/>\n<meta property=\"og:title\" content=\"Grivel G22 Plus\" \/>\n<meta property=\"og:description\" content=\"Grivel G22 Plus Steigeisen beim Innsbrucker Hardwareprofi kaufen \u2705 kostenloser Versand* \u2705 14 Tage R\u00fcckgaberecht \u2705 Co2 neutraler Versand\" \/>\n<meta property=\"og:url\" content=\"https:\/\/bolting.eu\/en\/shop\/grivel-g22-plus\/\" \/>\n<meta property=\"og:site_name\" content=\"bolting.eu\" \/>\n<meta property=\"article:publisher\" content=\"https:\/\/www.facebook.com\/bolting.eu\" \/>\n<meta property=\"article:modified_time\" content=\"2024-01-05T14:11:03+00:00\" \/>\n<meta property=\"og:image\" content=\"https:\/\/bolting.eu\/wp-content\/uploads\/2024\/01\/Grivel-G22-Plus-1.jpg\" \/>\n\t<meta property=\"og:image:width\" content=\"700\" \/>\n\t<meta property=\"og:image:height\" content=\"700\" \/>\n\t<meta property=\"og:image:type\" content=\"image\/jpeg\" \/>\n<meta name=\"twitter:card\" content=\"summary_large_image\" \/>\n<meta name=\"twitter:label1\" content=\"Price\" \/>\n\t<meta name=\"twitter:data1\" content=\"&euro;&nbsp;209,90\" \/>\n\t<meta name=\"twitter:label2\" content=\"Availability\" \/>\n\t<meta name=\"twitter:data2\" content=\"In stock\" \/>\n<script type=\"application\/ld+json\" class=\"yoast-schema-graph\">{\"@context\":\"https:\/\/schema.org\",\"@graph\":[{\"@type\":[\"WebPage\",\"ItemPage\"],\"@id\":\"https:\/\/bolting.eu\/en\/shop\/grivel-g22-plus\/\",\"url\":\"https:\/\/bolting.eu\/en\/shop\/grivel-g22-plus\/\",\"name\":\"Grivel G22 Plus Eis & Mixed Kletter Steigeisen | bolting.eu\",\"isPartOf\":{\"@id\":\"https:\/\/bolting.eu\/en\/#website\"},\"primaryImageOfPage\":{\"@id\":\"https:\/\/bolting.eu\/en\/shop\/grivel-g22-plus\/#primaryimage\"},\"image\":{\"@id\":\"https:\/\/bolting.eu\/en\/shop\/grivel-g22-plus\/#primaryimage\"},\"thumbnailUrl\":\"https:\/\/bolting.eu\/wp-content\/uploads\/2024\/01\/Grivel-G22-Plus-1.jpg\",\"datePublished\":\"2024-01-05T14:11:02+00:00\",\"dateModified\":\"2024-01-05T14:11:03+00:00\",\"description\":\"Grivel G22 Plus Steigeisen beim Innsbrucker Hardwareprofi kaufen \u2705 kostenloser Versand* \u2705 14 Tage R\u00fcckgaberecht \u2705 Co2 neutraler Versand\",\"breadcrumb\":{\"@id\":\"https:\/\/bolting.eu\/en\/shop\/grivel-g22-plus\/#breadcrumb\"},\"inLanguage\":\"en-US\",\"potentialAction\":[{\"@type\":\"ReadAction\",\"target\":[\"https:\/\/bolting.eu\/en\/shop\/grivel-g22-plus\/\"]}]},{\"@type\":\"ImageObject\",\"inLanguage\":\"en-US\",\"@id\":\"https:\/\/bolting.eu\/en\/shop\/grivel-g22-plus\/#primaryimage\",\"url\":\"https:\/\/bolting.eu\/wp-content\/uploads\/2024\/01\/Grivel-G22-Plus-1.jpg\",\"contentUrl\":\"https:\/\/bolting.eu\/wp-content\/uploads\/2024\/01\/Grivel-G22-Plus-1.jpg\",\"width\":700,\"height\":700,\"caption\":\"Schwarz - gelbes G22 Plus Steigeisen von Grivel von Seite aus betrachtet.\"},{\"@type\":\"BreadcrumbList\",\"@id\":\"https:\/\/bolting.eu\/en\/shop\/grivel-g22-plus\/#breadcrumb\",\"itemListElement\":[{\"@type\":\"ListItem\",\"position\":1,\"name\":\"Shop\",\"item\":\"https:\/\/bolting.eu\/en\/shop\/\"},{\"@type\":\"ListItem\",\"position\":2,\"name\":\"Bergsteiger Ausr\u00fcstung\",\"item\":\"https:\/\/bolting.eu\/produkt-kategorie\/bergsteiger-ausruestung\/\"},{\"@type\":\"ListItem\",\"position\":3,\"name\":\"Steigeisen\",\"item\":\"https:\/\/bolting.eu\/produkt-kategorie\/bergsteiger-ausruestung\/steigeisen\/\"},{\"@type\":\"ListItem\",\"position\":4,\"name\":\"Grivel G22 Plus\"}]},{\"@type\":\"WebSite\",\"@id\":\"https:\/\/bolting.eu\/en\/#website\",\"url\":\"https:\/\/bolting.eu\/en\/\",\"name\":\"bolting.eu\",\"description\":\"we make climbs happen\",\"publisher\":{\"@id\":\"https:\/\/bolting.eu\/en\/#organization\"},\"potentialAction\":[{\"@type\":\"SearchAction\",\"target\":{\"@type\":\"EntryPoint\",\"urlTemplate\":\"https:\/\/bolting.eu\/en\/?s={search_term_string}\"},\"query-input\":{\"@type\":\"PropertyValueSpecification\",\"valueRequired\":true,\"valueName\":\"search_term_string\"}}],\"inLanguage\":\"en-US\"},{\"@type\":[\"Organization\",\"Place\",\"SportingGoodsStore\"],\"@id\":\"https:\/\/bolting.eu\/en\/#organization\",\"name\":\"bolting.eu\",\"url\":\"https:\/\/bolting.eu\/en\/\",\"logo\":{\"@id\":\"https:\/\/bolting.eu\/en\/shop\/grivel-g22-plus\/#local-main-organization-logo\"},\"image\":{\"@id\":\"https:\/\/bolting.eu\/en\/shop\/grivel-g22-plus\/#local-main-organization-logo\"},\"sameAs\":[\"https:\/\/www.facebook.com\/bolting.eu\",\"https:\/\/www.instagram.com\/bolting.eu\/\"],\"address\":{\"@id\":\"https:\/\/bolting.eu\/en\/shop\/grivel-g22-plus\/#local-main-place-address\"},\"geo\":{\"@type\":\"GeoCoordinates\",\"latitude\":\"47.264176340396226\",\"longitude\":\"11.380109057672346\"},\"telephone\":[\"+43 699 19083372\"],\"openingHoursSpecification\":[{\"@type\":\"OpeningHoursSpecification\",\"dayOfWeek\":[\"Monday\",\"Wednesday\",\"Friday\"],\"opens\":\"14:00\",\"closes\":\"18:00\"},{\"@type\":\"OpeningHoursSpecification\",\"dayOfWeek\":[\"Tuesday\",\"Thursday\",\"Saturday\",\"Sunday\"],\"opens\":\"00:00\",\"closes\":\"00:00\"}],\"email\":\"office@bolting.eu\",\"vatID\":\"ATU59999728\",\"priceRange\":\"$$\",\"currenciesAccepted\":\"Euro\"},{\"@type\":\"PostalAddress\",\"@id\":\"https:\/\/bolting.eu\/en\/shop\/grivel-g22-plus\/#local-main-place-address\",\"streetAddress\":\"Fischnalerstra\u00dfe 4\",\"addressLocality\":\"Innsbruck\",\"postalCode\":\"6020\",\"addressRegion\":\"Tirol\",\"addressCountry\":\"AT\"},{\"@type\":\"ImageObject\",\"inLanguage\":\"en-US\",\"@id\":\"https:\/\/bolting.eu\/en\/shop\/grivel-g22-plus\/#local-main-organization-logo\",\"url\":\"https:\/\/bolting.eu\/wp-content\/uploads\/2019\/09\/bolting-logo.png\",\"contentUrl\":\"https:\/\/bolting.eu\/wp-content\/uploads\/2019\/09\/bolting-logo.png\",\"width\":400,\"height\":211,\"caption\":\"bolting.eu\"}]}<\/script>\n<meta property=\"og:video\" content=\"https:\/\/www.youtube.com\/embed\/ef3fH9GuDf4\" \/>\n<meta property=\"og:video:type\" content=\"text\/html\" \/>\n<meta property=\"og:video:duration\" content=\"54\" \/>\n<meta property=\"og:video:width\" content=\"480\" \/>\n<meta property=\"og:video:height\" content=\"270\" \/>\n<meta property=\"ya:ovs:adult\" content=\"false\" \/>\n<meta property=\"ya:ovs:upload_date\" content=\"2024-01-05T14:11:02+00:00\" \/>\n<meta property=\"ya:ovs:allow_embed\" content=\"true\" \/>\n<meta property=\"product:price:amount\" content=\"209.90\" \/>\n<meta property=\"product:price:currency\" content=\"EUR\" \/>\n<meta property=\"og:availability\" content=\"instock\" \/>\n<meta property=\"product:availability\" content=\"instock\" \/>\n<meta property=\"product:retailer_item_id\" content=\"RAG22P.COME\" \/>\n<meta property=\"product:condition\" content=\"new\" \/>\n<meta name=\"geo.placename\" content=\"Innsbruck\" \/>\n<meta name=\"geo.position\" content=\"47.264176340396226;11.380109057672346\" \/>\n<meta name=\"geo.region\" content=\"Austria\" \/>\n<!-- \/ Yoast SEO Premium plugin. -->","yoast_head_json":{"title":"Grivel G22 Plus Eis & Mixed Kletter Steigeisen | bolting.eu","description":"Grivel G22 Plus Steigeisen beim Innsbrucker Hardwareprofi kaufen \u2705 kostenloser Versand* \u2705 14 Tage R\u00fcckgaberecht \u2705 Co2 neutraler Versand","robots":{"index":"index","follow":"follow","max-snippet":"max-snippet:-1","max-image-preview":"max-image-preview:large","max-video-preview":"max-video-preview:-1"},"canonical":"https:\/\/bolting.eu\/en\/shop\/grivel-g22-plus\/","og_locale":"en_US","og_type":"article","og_title":"Grivel G22 Plus","og_description":"Grivel G22 Plus Steigeisen beim Innsbrucker Hardwareprofi kaufen \u2705 kostenloser Versand* \u2705 14 Tage R\u00fcckgaberecht \u2705 Co2 neutraler Versand","og_url":"https:\/\/bolting.eu\/en\/shop\/grivel-g22-plus\/","og_site_name":"bolting.eu","article_publisher":"https:\/\/www.facebook.com\/bolting.eu","article_modified_time":"2024-01-05T14:11:03+00:00","og_image":[{"width":700,"height":700,"url":"https:\/\/bolting.eu\/wp-content\/uploads\/2024\/01\/Grivel-G22-Plus-1.jpg","type":"image\/jpeg"}],"twitter_card":"summary_large_image","twitter_misc":{"Price":"&euro;&nbsp;209,90","Availability":"In stock"},"schema":{"@context":"https:\/\/schema.org","@graph":[{"@type":["WebPage","ItemPage"],"@id":"https:\/\/bolting.eu\/en\/shop\/grivel-g22-plus\/","url":"https:\/\/bolting.eu\/en\/shop\/grivel-g22-plus\/","name":"Grivel G22 Plus Eis & Mixed Kletter Steigeisen | bolting.eu","isPartOf":{"@id":"https:\/\/bolting.eu\/en\/#website"},"primaryImageOfPage":{"@id":"https:\/\/bolting.eu\/en\/shop\/grivel-g22-plus\/#primaryimage"},"image":{"@id":"https:\/\/bolting.eu\/en\/shop\/grivel-g22-plus\/#primaryimage"},"thumbnailUrl":"https:\/\/bolting.eu\/wp-content\/uploads\/2024\/01\/Grivel-G22-Plus-1.jpg","datePublished":"2024-01-05T14:11:02+00:00","dateModified":"2024-01-05T14:11:03+00:00","description":"Grivel G22 Plus Steigeisen beim Innsbrucker Hardwareprofi kaufen \u2705 kostenloser Versand* \u2705 14 Tage R\u00fcckgaberecht \u2705 Co2 neutraler Versand","breadcrumb":{"@id":"https:\/\/bolting.eu\/en\/shop\/grivel-g22-plus\/#breadcrumb"},"inLanguage":"en-US","potentialAction":[{"@type":"ReadAction","target":["https:\/\/bolting.eu\/en\/shop\/grivel-g22-plus\/"]}]},{"@type":"ImageObject","inLanguage":"en-US","@id":"https:\/\/bolting.eu\/en\/shop\/grivel-g22-plus\/#primaryimage","url":"https:\/\/bolting.eu\/wp-content\/uploads\/2024\/01\/Grivel-G22-Plus-1.jpg","contentUrl":"https:\/\/bolting.eu\/wp-content\/uploads\/2024\/01\/Grivel-G22-Plus-1.jpg","width":700,"height":700,"caption":"Schwarz - gelbes G22 Plus Steigeisen von Grivel von Seite aus betrachtet."},{"@type":"BreadcrumbList","@id":"https:\/\/bolting.eu\/en\/shop\/grivel-g22-plus\/#breadcrumb","itemListElement":[{"@type":"ListItem","position":1,"name":"Shop","item":"https:\/\/bolting.eu\/en\/shop\/"},{"@type":"ListItem","position":2,"name":"Bergsteiger Ausr\u00fcstung","item":"https:\/\/bolting.eu\/produkt-kategorie\/bergsteiger-ausruestung\/"},{"@type":"ListItem","position":3,"name":"Steigeisen","item":"https:\/\/bolting.eu\/produkt-kategorie\/bergsteiger-ausruestung\/steigeisen\/"},{"@type":"ListItem","position":4,"name":"Grivel G22 Plus"}]},{"@type":"WebSite","@id":"https:\/\/bolting.eu\/en\/#website","url":"https:\/\/bolting.eu\/en\/","name":"bolting.eu","description":"we make climbs happen","publisher":{"@id":"https:\/\/bolting.eu\/en\/#organization"},"potentialAction":[{"@type":"SearchAction","target":{"@type":"EntryPoint","urlTemplate":"https:\/\/bolting.eu\/en\/?s={search_term_string}"},"query-input":{"@type":"PropertyValueSpecification","valueRequired":true,"valueName":"search_term_string"}}],"inLanguage":"en-US"},{"@type":["Organization","Place","SportingGoodsStore"],"@id":"https:\/\/bolting.eu\/en\/#organization","name":"bolting.eu","url":"https:\/\/bolting.eu\/en\/","logo":{"@id":"https:\/\/bolting.eu\/en\/shop\/grivel-g22-plus\/#local-main-organization-logo"},"image":{"@id":"https:\/\/bolting.eu\/en\/shop\/grivel-g22-plus\/#local-main-organization-logo"},"sameAs":["https:\/\/www.facebook.com\/bolting.eu","https:\/\/www.instagram.com\/bolting.eu\/"],"address":{"@id":"https:\/\/bolting.eu\/en\/shop\/grivel-g22-plus\/#local-main-place-address"},"geo":{"@type":"GeoCoordinates","latitude":"47.264176340396226","longitude":"11.380109057672346"},"telephone":["+43 699 19083372"],"openingHoursSpecification":[{"@type":"OpeningHoursSpecification","dayOfWeek":["Monday","Wednesday","Friday"],"opens":"14:00","closes":"18:00"},{"@type":"OpeningHoursSpecification","dayOfWeek":["Tuesday","Thursday","Saturday","Sunday"],"opens":"00:00","closes":"00:00"}],"email":"office@bolting.eu","vatID":"ATU59999728","priceRange":"$$","currenciesAccepted":"Euro"},{"@type":"PostalAddress","@id":"https:\/\/bolting.eu\/en\/shop\/grivel-g22-plus\/#local-main-place-address","streetAddress":"Fischnalerstra\u00dfe 4","addressLocality":"Innsbruck","postalCode":"6020","addressRegion":"Tirol","addressCountry":"AT"},{"@type":"ImageObject","inLanguage":"en-US","@id":"https:\/\/bolting.eu\/en\/shop\/grivel-g22-plus\/#local-main-organization-logo","url":"https:\/\/bolting.eu\/wp-content\/uploads\/2019\/09\/bolting-logo.png","contentUrl":"https:\/\/bolting.eu\/wp-content\/uploads\/2019\/09\/bolting-logo.png","width":400,"height":211,"caption":"bolting.eu"}]},"og_video":"https:\/\/www.youtube.com\/embed\/ef3fH9GuDf4","og_video_type":"text\/html","og_video_duration":"54","og_video_width":"480","og_video_height":"270","ya_ovs_adult":"false","ya_ovs_upload_date":"2024-01-05T14:11:02+00:00","ya_ovs_allow_embed":"true","product_price_amount":"209.90","product_price_currency":"EUR","og_availability":"instock","product_availability":"instock","product_retailer_item_id":"RAG22P.COME","product_condition":"new","geo.placename":"Innsbruck","geo.position":{"lat":"47.264176340396226","long":"11.380109057672346"},"geo.region":"Austria"},"_links":{"self":[{"href":"https:\/\/bolting.eu\/en\/wp-json\/wp\/v2\/product\/18106","targetHints":{"allow":["GET"]}}],"collection":[{"href":"https:\/\/bolting.eu\/en\/wp-json\/wp\/v2\/product"}],"about":[{"href":"https:\/\/bolting.eu\/en\/wp-json\/wp\/v2\/types\/product"}],"replies":[{"embeddable":true,"href":"https:\/\/bolting.eu\/en\/wp-json\/wp\/v2\/comments?post=18106"}],"wp:featuredmedia":[{"embeddable":true,"href":"https:\/\/bolting.eu\/en\/wp-json\/wp\/v2\/media\/18112"}],"wp:attachment":[{"href":"https:\/\/bolting.eu\/en\/wp-json\/wp\/v2\/media?parent=18106"}],"wp:term":[{"taxonomy":"product_brand","embeddable":true,"href":"https:\/\/bolting.eu\/en\/wp-json\/wp\/v2\/product_brand?post=18106"},{"taxonomy":"product_cat","embeddable":true,"href":"https:\/\/bolting.eu\/en\/wp-json\/wp\/v2\/product_cat?post=18106"},{"taxonomy":"product_tag","embeddable":true,"href":"https:\/\/bolting.eu\/en\/wp-json\/wp\/v2\/product_tag?post=18106"}],"curies":[{"name":"wp","href":"https:\/\/api.w.org\/{rel}","templated":true}]}}