{"id":18012,"date":"2023-12-27T16:40:43","date_gmt":"2023-12-27T15:40:43","guid":{"rendered":"https:\/\/bolting.eu\/?post_type=product&#038;p=18012"},"modified":"2025-08-27T15:43:09","modified_gmt":"2025-08-27T13:43:09","slug":"kugelgelagerte-seilrolle-camp-tethys","status":"publish","type":"product","link":"https:\/\/bolting.eu\/en\/shop\/kugelgelagerte-seilrolle-camp-tethys\/","title":{"rendered":"Kugelgelagerte Seilrolle &#8211; Camp Tethys"},"content":{"rendered":"<p>Hier findest du die kugelgelagerte Seilrolle Camp Tethys. Ein simpler und leichter &#8220;Pulley&#8221; mit aufklappbarem Rahmen sowie 80% Effizienz der Messing Rolle.<\/p>\n<p>Mit einem Working Load Limit von 4 kN eignet sich dieses Produkt f\u00fcr zwei Anwendungsbereiche.<\/p>\n<p>Erstens die Spaltenbergung bzw. Flaschenz\u00fcge f\u00fcr die Partner-Unterst\u00fctzung. Und zweitens f\u00fcr das Heben oder Senken von leichten Lasten. Die gro\u00dfe \u00d6se fasst hierzu zwei <a href=\"https:\/\/bolting.eu\/produkt-kategorie\/kletterausruestung\/kletterkarabiner\/\">Karabiner<\/a>. Das erm\u00f6glicht auch komplexere Aufh\u00e4ngungen.<\/p>\n<p>Folglich ist dieses Modell ideal f\u00fcr Alpinisten und H\u00f6henarbeitern. Im &#8220;privaten&#8221; Bereich findet die Rolle vor allem Einsatz bei Flying Fox Seilrutschen oder &#8220;Tyrolean Traverses&#8221;.<\/p>\n<h2>Eigenschaften Camp Tethys<\/h2>\n<ul>\n<li>Hersteller: <a href=\"https:\/\/bolting.eu\/produkt-kategorie\/camp-cassin\/\">Camp<\/a><\/li>\n<li>Material: Alu, Messing, Stahl (Achse)<\/li>\n<li>Gewicht: 100 Gramm<\/li>\n<li>Effizienzgrad Kugellager: 80%<\/li>\n<li>Bruchlast: 24kN<\/li>\n<li>Working Load Limit (WLL): 4kN<\/li>\n<li>Normen: <a href=\"https:\/\/bolting.eu\/en-12278-norm-fuer-seilrollen\/\">EN 12278<\/a><\/li>\n<li>f\u00fcr Seile bis 13mm<\/li>\n<li>Rahmen aufklappbar<\/li>\n<li>gro\u00dfe \u00d6se f\u00fcr 2 Karabiner<\/li>\n<li>abgerundete Ecken um Prusikknoten verwenden zu k\u00f6nnen<\/li>\n<li>f\u00fcr Flaschenz\u00fcge, Tyrolean Traverses, Flying Foxes<\/li>\n<li>bei geplanten Flaschenz\u00fcgen empfohlen: <a href=\"https:\/\/bolting.eu\/shop\/petzl-tibloc\/\">Tibloc<\/a> oder <a href=\"https:\/\/bolting.eu\/shop\/petzl-basic-seilklemme\/\">Basic Seilklemme<\/a><\/li>\n<li>empfohlener Karabiner: <a href=\"https:\/\/bolting.eu\/shop\/petzl-ok-ball-lock\/\">Petzl OK Ball Lock<\/a>, <a href=\"https:\/\/bolting.eu\/shop\/austrialpin-ovalo-schraubkarabiner\/\">Austrialpin Ovalo Schrauber<\/a><\/li>\n<li>zum <a href=\"https:\/\/camp.it\" target=\"_blank\" rel=\"noopener\">Hersteller<\/a><\/li>\n<\/ul>\n<h3>Produktvideo<\/h3>\n<p>Im Folgenden stellt euch Camp die kugelgelagerte Seilrolle selbst ausf\u00fchrlich vor.<\/p>\n<p><iframe loading=\"lazy\" title=\"TETHYS - Compact and lightweight pulley with movable flanges\" width=\"1020\" height=\"574\" src=\"https:\/\/www.youtube.com\/embed\/UxfN_5vujxk?feature=oembed\" frameborder=\"0\" allow=\"accelerometer; autoplay; clipboard-write; encrypted-media; gyroscope; picture-in-picture; web-share\" referrerpolicy=\"strict-origin-when-cross-origin\" allowfullscreen><\/iframe><\/p>\n<h3>Leicht und vielseitig<\/h3>\n<p>Die kugelgelagerte Tethys Seilrolle von Camp hat gerade einmal 100 Gramm. D.h. sie ist extrem leicht.<\/p>\n<p>Somit kann sie \u00fcberall hin mit genommen werden.<\/p>\n<p>Deswegen wird sie auch gerne von Alpinisten verwendet. Denn sie kann sehr vielseitig eingesetzt werden. Klassiker sind die Spaltenbergung und Flaschenz\u00fcge f\u00fcr die Partnerunterst\u00fctzung. Wie z.B. bei schweren Kletterstellen.<\/p>\n<h3>Flaschenzug Set Up mit kugelgelagerter Seilrolle<\/h3>\n<p>Im Folgenden seht ihr das Set Up f\u00fcr einen einfachen Flaschenzug.<\/p>\n<p>Ihr braucht zwei dieser Pulley mit je einem Karabiner, sowie je eine einfache Seilklemme und <a href=\"https:\/\/bolting.eu\/shop\/beal-jammy-prusikschlinge\/\">Prusikschlinge<\/a>.<\/p>\n<p>Das Bild sollte selbsterkl\u00e4rend sein. Wer nur einen Pulley hat, muss den roten weglassen und das Kletterseil direkt durch den Karabiner f\u00fchren.<\/p>\n<p><a href=\"https:\/\/bolting.eu\/wp-content\/uploads\/2023\/12\/Camp-Tethys-kugelgelagerte-Seilrolle-3.jpg\"><img loading=\"lazy\" decoding=\"async\" class=\"alignnone size-full wp-image-18014\" src=\"https:\/\/bolting.eu\/wp-content\/uploads\/2023\/12\/Camp-Tethys-kugelgelagerte-Seilrolle-3.jpg\" alt=\"Flaschenzug mit einer roten Camp Tethys Seilrolle.\" width=\"700\" height=\"700\" srcset=\"https:\/\/bolting.eu\/wp-content\/uploads\/2023\/12\/Camp-Tethys-kugelgelagerte-Seilrolle-3.jpg 700w, https:\/\/bolting.eu\/wp-content\/uploads\/2023\/12\/Camp-Tethys-kugelgelagerte-Seilrolle-3-400x400.jpg 400w, https:\/\/bolting.eu\/wp-content\/uploads\/2023\/12\/Camp-Tethys-kugelgelagerte-Seilrolle-3-280x280.jpg 280w, https:\/\/bolting.eu\/wp-content\/uploads\/2023\/12\/Camp-Tethys-kugelgelagerte-Seilrolle-3-247x247.jpg 247w, https:\/\/bolting.eu\/wp-content\/uploads\/2023\/12\/Camp-Tethys-kugelgelagerte-Seilrolle-3-510x510.jpg 510w, https:\/\/bolting.eu\/wp-content\/uploads\/2023\/12\/Camp-Tethys-kugelgelagerte-Seilrolle-3-100x100.jpg 100w\" sizes=\"auto, (max-width: 700px) 100vw, 700px\" \/><\/a><\/p>\n","protected":false},"excerpt":{"rendered":"<p>Kleine, leichte Seilrolle mit aufklappbarem Rahmen.<\/p>\n<p>Ideal f\u00fcr Alpinisten, Flying Foxes oder Tyrolean Traverses.<\/p>\n<p>Versandkostenfrei bis 2kg in <img decoding=\"async\" class=\"emoji\" role=\"img\" draggable=\"false\" src=\"https:\/\/s.w.org\/images\/core\/emoji\/14.0.0\/svg\/1f1e6-1f1f9.svg\" alt=\"\ud83c\udde6\ud83c\uddf9\" \/> ab \u20ac 100,- und <img decoding=\"async\" class=\"emoji\" role=\"img\" draggable=\"false\" src=\"https:\/\/s.w.org\/images\/core\/emoji\/14.0.0\/svg\/1f1e9-1f1ea.svg\" alt=\"\ud83c\udde9\ud83c\uddea\" \/> ab \u20ac 200,-!<\/p>\n","protected":false},"featured_media":18016,"comment_status":"closed","ping_status":"closed","template":"","meta":[],"product_brand":[],"product_cat":[29,4586,4653],"product_tag":[],"class_list":{"0":"post-18012","1":"product","2":"type-product","3":"status-publish","4":"has-post-thumbnail","6":"product_cat-kletterausruestung","7":"product_cat-seilrollen","8":"product_cat-camp-cassin","10":"first","11":"instock","12":"sale","13":"taxable","14":"shipping-taxable","15":"purchasable","16":"product-type-simple"},"yoast_head":"<!-- This site is optimized with the Yoast SEO Premium plugin v26.9 (Yoast SEO v26.9) - https:\/\/yoast.com\/product\/yoast-seo-premium-wordpress\/ -->\n<title>Kugelgelagerte Seilrolle - Camp Tethys | bolting.eu<\/title>\n<meta name=\"description\" content=\"Kugelgelagerte Seilrolle Camp Tethys beim Innsbrucker Kletter Hardwareprofi kaufen \u2705 kostenloser Versand* \u2705 14 Tage R\u00fcckgaberecht \u2705 Co2 neutraler Versand\" \/>\n<meta name=\"robots\" content=\"index, follow, max-snippet:-1, max-image-preview:large, max-video-preview:-1\" \/>\n<link rel=\"canonical\" href=\"https:\/\/bolting.eu\/en\/shop\/kugelgelagerte-seilrolle-camp-tethys\/\" \/>\n<meta property=\"og:locale\" content=\"en_US\" \/>\n<meta property=\"og:type\" content=\"article\" \/>\n<meta property=\"og:title\" content=\"Kugelgelagerte Seilrolle - Camp Tethys\" \/>\n<meta property=\"og:description\" content=\"Kugelgelagerte Seilrolle Camp Tethys beim Innsbrucker Kletter Hardwareprofi kaufen \u2705 kostenloser Versand* \u2705 14 Tage R\u00fcckgaberecht \u2705 Co2 neutraler Versand\" \/>\n<meta property=\"og:url\" content=\"https:\/\/bolting.eu\/en\/shop\/kugelgelagerte-seilrolle-camp-tethys\/\" \/>\n<meta property=\"og:site_name\" content=\"bolting.eu\" \/>\n<meta property=\"article:publisher\" content=\"https:\/\/www.facebook.com\/bolting.eu\" \/>\n<meta property=\"article:modified_time\" content=\"2025-08-27T13:43:09+00:00\" \/>\n<meta property=\"og:image\" content=\"https:\/\/bolting.eu\/wp-content\/uploads\/2023\/12\/Camp-Tethys-kugelgelagerte-Seilrolle-1.jpg\" \/>\n\t<meta property=\"og:image:width\" content=\"700\" \/>\n\t<meta property=\"og:image:height\" content=\"700\" \/>\n\t<meta property=\"og:image:type\" content=\"image\/jpeg\" \/>\n<meta name=\"twitter:card\" content=\"summary_large_image\" \/>\n<meta name=\"twitter:label1\" content=\"Price\" \/>\n\t<meta name=\"twitter:data1\" content=\"&euro;&nbsp;33,50\" \/>\n\t<meta name=\"twitter:label2\" content=\"Availability\" \/>\n\t<meta name=\"twitter:data2\" content=\"In stock\" \/>\n<script type=\"application\/ld+json\" class=\"yoast-schema-graph\">{\"@context\":\"https:\/\/schema.org\",\"@graph\":[{\"@type\":[\"WebPage\",\"ItemPage\"],\"@id\":\"https:\/\/bolting.eu\/en\/shop\/kugelgelagerte-seilrolle-camp-tethys\/\",\"url\":\"https:\/\/bolting.eu\/en\/shop\/kugelgelagerte-seilrolle-camp-tethys\/\",\"name\":\"Kugelgelagerte Seilrolle - Camp Tethys | bolting.eu\",\"isPartOf\":{\"@id\":\"https:\/\/bolting.eu\/en\/#website\"},\"primaryImageOfPage\":{\"@id\":\"https:\/\/bolting.eu\/en\/shop\/kugelgelagerte-seilrolle-camp-tethys\/#primaryimage\"},\"image\":{\"@id\":\"https:\/\/bolting.eu\/en\/shop\/kugelgelagerte-seilrolle-camp-tethys\/#primaryimage\"},\"thumbnailUrl\":\"https:\/\/bolting.eu\/wp-content\/uploads\/2023\/12\/Camp-Tethys-kugelgelagerte-Seilrolle-1.jpg\",\"datePublished\":\"2023-12-27T15:40:43+00:00\",\"dateModified\":\"2025-08-27T13:43:09+00:00\",\"description\":\"Kugelgelagerte Seilrolle Camp Tethys beim Innsbrucker Kletter Hardwareprofi kaufen \u2705 kostenloser Versand* \u2705 14 Tage R\u00fcckgaberecht \u2705 Co2 neutraler Versand\",\"breadcrumb\":{\"@id\":\"https:\/\/bolting.eu\/en\/shop\/kugelgelagerte-seilrolle-camp-tethys\/#breadcrumb\"},\"inLanguage\":\"en-US\",\"potentialAction\":[{\"@type\":\"ReadAction\",\"target\":[\"https:\/\/bolting.eu\/en\/shop\/kugelgelagerte-seilrolle-camp-tethys\/\"]}]},{\"@type\":\"ImageObject\",\"inLanguage\":\"en-US\",\"@id\":\"https:\/\/bolting.eu\/en\/shop\/kugelgelagerte-seilrolle-camp-tethys\/#primaryimage\",\"url\":\"https:\/\/bolting.eu\/wp-content\/uploads\/2023\/12\/Camp-Tethys-kugelgelagerte-Seilrolle-1.jpg\",\"contentUrl\":\"https:\/\/bolting.eu\/wp-content\/uploads\/2023\/12\/Camp-Tethys-kugelgelagerte-Seilrolle-1.jpg\",\"width\":700,\"height\":700,\"caption\":\"Rote, kugelgelagerte Seilrolle Camp Tethys von der Seite.\"},{\"@type\":\"BreadcrumbList\",\"@id\":\"https:\/\/bolting.eu\/en\/shop\/kugelgelagerte-seilrolle-camp-tethys\/#breadcrumb\",\"itemListElement\":[{\"@type\":\"ListItem\",\"position\":1,\"name\":\"Shop\",\"item\":\"https:\/\/bolting.eu\/en\/shop\/\"},{\"@type\":\"ListItem\",\"position\":2,\"name\":\"climbing equipment\",\"item\":\"https:\/\/bolting.eu\/en\/produkt-kategorie\/climbing-equipment\/\"},{\"@type\":\"ListItem\",\"position\":3,\"name\":\"Seilrollen\",\"item\":\"https:\/\/bolting.eu\/produkt-kategorie\/kletterausruestung\/seilrollen\/\"},{\"@type\":\"ListItem\",\"position\":4,\"name\":\"Kugelgelagerte Seilrolle &#8211; Camp Tethys\"}]},{\"@type\":\"WebSite\",\"@id\":\"https:\/\/bolting.eu\/en\/#website\",\"url\":\"https:\/\/bolting.eu\/en\/\",\"name\":\"bolting.eu\",\"description\":\"we make climbs happen\",\"publisher\":{\"@id\":\"https:\/\/bolting.eu\/en\/#organization\"},\"potentialAction\":[{\"@type\":\"SearchAction\",\"target\":{\"@type\":\"EntryPoint\",\"urlTemplate\":\"https:\/\/bolting.eu\/en\/?s={search_term_string}\"},\"query-input\":{\"@type\":\"PropertyValueSpecification\",\"valueRequired\":true,\"valueName\":\"search_term_string\"}}],\"inLanguage\":\"en-US\"},{\"@type\":[\"Organization\",\"Place\",\"SportingGoodsStore\"],\"@id\":\"https:\/\/bolting.eu\/en\/#organization\",\"name\":\"bolting.eu\",\"url\":\"https:\/\/bolting.eu\/en\/\",\"logo\":{\"@id\":\"https:\/\/bolting.eu\/en\/shop\/kugelgelagerte-seilrolle-camp-tethys\/#local-main-organization-logo\"},\"image\":{\"@id\":\"https:\/\/bolting.eu\/en\/shop\/kugelgelagerte-seilrolle-camp-tethys\/#local-main-organization-logo\"},\"sameAs\":[\"https:\/\/www.facebook.com\/bolting.eu\",\"https:\/\/www.instagram.com\/bolting.eu\/\"],\"address\":{\"@id\":\"https:\/\/bolting.eu\/en\/shop\/kugelgelagerte-seilrolle-camp-tethys\/#local-main-place-address\"},\"geo\":{\"@type\":\"GeoCoordinates\",\"latitude\":\"47.264176340396226\",\"longitude\":\"11.380109057672346\"},\"telephone\":[\"+43 699 19083372\"],\"openingHoursSpecification\":[{\"@type\":\"OpeningHoursSpecification\",\"dayOfWeek\":[\"Monday\",\"Wednesday\",\"Friday\"],\"opens\":\"14:00\",\"closes\":\"18:00\"},{\"@type\":\"OpeningHoursSpecification\",\"dayOfWeek\":[\"Tuesday\",\"Thursday\",\"Saturday\",\"Sunday\"],\"opens\":\"00:00\",\"closes\":\"00:00\"}],\"email\":\"office@bolting.eu\",\"vatID\":\"ATU59999728\",\"priceRange\":\"$$\",\"currenciesAccepted\":\"Euro\"},{\"@type\":\"PostalAddress\",\"@id\":\"https:\/\/bolting.eu\/en\/shop\/kugelgelagerte-seilrolle-camp-tethys\/#local-main-place-address\",\"streetAddress\":\"Fischnalerstra\u00dfe 4\",\"addressLocality\":\"Innsbruck\",\"postalCode\":\"6020\",\"addressRegion\":\"Tirol\",\"addressCountry\":\"AT\"},{\"@type\":\"ImageObject\",\"inLanguage\":\"en-US\",\"@id\":\"https:\/\/bolting.eu\/en\/shop\/kugelgelagerte-seilrolle-camp-tethys\/#local-main-organization-logo\",\"url\":\"https:\/\/bolting.eu\/wp-content\/uploads\/2019\/09\/bolting-logo.png\",\"contentUrl\":\"https:\/\/bolting.eu\/wp-content\/uploads\/2019\/09\/bolting-logo.png\",\"width\":400,\"height\":211,\"caption\":\"bolting.eu\"}]}<\/script>\n<meta property=\"og:video\" content=\"https:\/\/www.youtube.com\/embed\/UxfN_5vujxk\" \/>\n<meta property=\"og:video:type\" content=\"text\/html\" \/>\n<meta property=\"og:video:duration\" content=\"74\" \/>\n<meta property=\"og:video:width\" content=\"480\" \/>\n<meta property=\"og:video:height\" content=\"270\" \/>\n<meta property=\"ya:ovs:adult\" content=\"false\" \/>\n<meta property=\"ya:ovs:upload_date\" content=\"2023-12-27T15:40:43+00:00\" \/>\n<meta property=\"ya:ovs:allow_embed\" content=\"true\" \/>\n<meta property=\"product:price:amount\" content=\"33.50\" \/>\n<meta property=\"product:price:currency\" content=\"EUR\" \/>\n<meta property=\"og:availability\" content=\"instock\" \/>\n<meta property=\"product:availability\" content=\"instock\" \/>\n<meta property=\"product:retailer_item_id\" content=\"2154\" \/>\n<meta property=\"product:condition\" content=\"new\" \/>\n<meta name=\"geo.placename\" content=\"Innsbruck\" \/>\n<meta name=\"geo.position\" content=\"47.264176340396226;11.380109057672346\" \/>\n<meta name=\"geo.region\" content=\"Austria\" \/>\n<!-- \/ Yoast SEO Premium plugin. -->","yoast_head_json":{"title":"Kugelgelagerte Seilrolle - Camp Tethys | bolting.eu","description":"Kugelgelagerte Seilrolle Camp Tethys beim Innsbrucker Kletter Hardwareprofi kaufen \u2705 kostenloser Versand* \u2705 14 Tage R\u00fcckgaberecht \u2705 Co2 neutraler Versand","robots":{"index":"index","follow":"follow","max-snippet":"max-snippet:-1","max-image-preview":"max-image-preview:large","max-video-preview":"max-video-preview:-1"},"canonical":"https:\/\/bolting.eu\/en\/shop\/kugelgelagerte-seilrolle-camp-tethys\/","og_locale":"en_US","og_type":"article","og_title":"Kugelgelagerte Seilrolle - Camp Tethys","og_description":"Kugelgelagerte Seilrolle Camp Tethys beim Innsbrucker Kletter Hardwareprofi kaufen \u2705 kostenloser Versand* \u2705 14 Tage R\u00fcckgaberecht \u2705 Co2 neutraler Versand","og_url":"https:\/\/bolting.eu\/en\/shop\/kugelgelagerte-seilrolle-camp-tethys\/","og_site_name":"bolting.eu","article_publisher":"https:\/\/www.facebook.com\/bolting.eu","article_modified_time":"2025-08-27T13:43:09+00:00","og_image":[{"width":700,"height":700,"url":"https:\/\/bolting.eu\/wp-content\/uploads\/2023\/12\/Camp-Tethys-kugelgelagerte-Seilrolle-1.jpg","type":"image\/jpeg"}],"twitter_card":"summary_large_image","twitter_misc":{"Price":"&euro;&nbsp;33,50","Availability":"In stock"},"schema":{"@context":"https:\/\/schema.org","@graph":[{"@type":["WebPage","ItemPage"],"@id":"https:\/\/bolting.eu\/en\/shop\/kugelgelagerte-seilrolle-camp-tethys\/","url":"https:\/\/bolting.eu\/en\/shop\/kugelgelagerte-seilrolle-camp-tethys\/","name":"Kugelgelagerte Seilrolle - Camp Tethys | bolting.eu","isPartOf":{"@id":"https:\/\/bolting.eu\/en\/#website"},"primaryImageOfPage":{"@id":"https:\/\/bolting.eu\/en\/shop\/kugelgelagerte-seilrolle-camp-tethys\/#primaryimage"},"image":{"@id":"https:\/\/bolting.eu\/en\/shop\/kugelgelagerte-seilrolle-camp-tethys\/#primaryimage"},"thumbnailUrl":"https:\/\/bolting.eu\/wp-content\/uploads\/2023\/12\/Camp-Tethys-kugelgelagerte-Seilrolle-1.jpg","datePublished":"2023-12-27T15:40:43+00:00","dateModified":"2025-08-27T13:43:09+00:00","description":"Kugelgelagerte Seilrolle Camp Tethys beim Innsbrucker Kletter Hardwareprofi kaufen \u2705 kostenloser Versand* \u2705 14 Tage R\u00fcckgaberecht \u2705 Co2 neutraler Versand","breadcrumb":{"@id":"https:\/\/bolting.eu\/en\/shop\/kugelgelagerte-seilrolle-camp-tethys\/#breadcrumb"},"inLanguage":"en-US","potentialAction":[{"@type":"ReadAction","target":["https:\/\/bolting.eu\/en\/shop\/kugelgelagerte-seilrolle-camp-tethys\/"]}]},{"@type":"ImageObject","inLanguage":"en-US","@id":"https:\/\/bolting.eu\/en\/shop\/kugelgelagerte-seilrolle-camp-tethys\/#primaryimage","url":"https:\/\/bolting.eu\/wp-content\/uploads\/2023\/12\/Camp-Tethys-kugelgelagerte-Seilrolle-1.jpg","contentUrl":"https:\/\/bolting.eu\/wp-content\/uploads\/2023\/12\/Camp-Tethys-kugelgelagerte-Seilrolle-1.jpg","width":700,"height":700,"caption":"Rote, kugelgelagerte Seilrolle Camp Tethys von der Seite."},{"@type":"BreadcrumbList","@id":"https:\/\/bolting.eu\/en\/shop\/kugelgelagerte-seilrolle-camp-tethys\/#breadcrumb","itemListElement":[{"@type":"ListItem","position":1,"name":"Shop","item":"https:\/\/bolting.eu\/en\/shop\/"},{"@type":"ListItem","position":2,"name":"climbing equipment","item":"https:\/\/bolting.eu\/en\/produkt-kategorie\/climbing-equipment\/"},{"@type":"ListItem","position":3,"name":"Seilrollen","item":"https:\/\/bolting.eu\/produkt-kategorie\/kletterausruestung\/seilrollen\/"},{"@type":"ListItem","position":4,"name":"Kugelgelagerte Seilrolle &#8211; Camp Tethys"}]},{"@type":"WebSite","@id":"https:\/\/bolting.eu\/en\/#website","url":"https:\/\/bolting.eu\/en\/","name":"bolting.eu","description":"we make climbs happen","publisher":{"@id":"https:\/\/bolting.eu\/en\/#organization"},"potentialAction":[{"@type":"SearchAction","target":{"@type":"EntryPoint","urlTemplate":"https:\/\/bolting.eu\/en\/?s={search_term_string}"},"query-input":{"@type":"PropertyValueSpecification","valueRequired":true,"valueName":"search_term_string"}}],"inLanguage":"en-US"},{"@type":["Organization","Place","SportingGoodsStore"],"@id":"https:\/\/bolting.eu\/en\/#organization","name":"bolting.eu","url":"https:\/\/bolting.eu\/en\/","logo":{"@id":"https:\/\/bolting.eu\/en\/shop\/kugelgelagerte-seilrolle-camp-tethys\/#local-main-organization-logo"},"image":{"@id":"https:\/\/bolting.eu\/en\/shop\/kugelgelagerte-seilrolle-camp-tethys\/#local-main-organization-logo"},"sameAs":["https:\/\/www.facebook.com\/bolting.eu","https:\/\/www.instagram.com\/bolting.eu\/"],"address":{"@id":"https:\/\/bolting.eu\/en\/shop\/kugelgelagerte-seilrolle-camp-tethys\/#local-main-place-address"},"geo":{"@type":"GeoCoordinates","latitude":"47.264176340396226","longitude":"11.380109057672346"},"telephone":["+43 699 19083372"],"openingHoursSpecification":[{"@type":"OpeningHoursSpecification","dayOfWeek":["Monday","Wednesday","Friday"],"opens":"14:00","closes":"18:00"},{"@type":"OpeningHoursSpecification","dayOfWeek":["Tuesday","Thursday","Saturday","Sunday"],"opens":"00:00","closes":"00:00"}],"email":"office@bolting.eu","vatID":"ATU59999728","priceRange":"$$","currenciesAccepted":"Euro"},{"@type":"PostalAddress","@id":"https:\/\/bolting.eu\/en\/shop\/kugelgelagerte-seilrolle-camp-tethys\/#local-main-place-address","streetAddress":"Fischnalerstra\u00dfe 4","addressLocality":"Innsbruck","postalCode":"6020","addressRegion":"Tirol","addressCountry":"AT"},{"@type":"ImageObject","inLanguage":"en-US","@id":"https:\/\/bolting.eu\/en\/shop\/kugelgelagerte-seilrolle-camp-tethys\/#local-main-organization-logo","url":"https:\/\/bolting.eu\/wp-content\/uploads\/2019\/09\/bolting-logo.png","contentUrl":"https:\/\/bolting.eu\/wp-content\/uploads\/2019\/09\/bolting-logo.png","width":400,"height":211,"caption":"bolting.eu"}]},"og_video":"https:\/\/www.youtube.com\/embed\/UxfN_5vujxk","og_video_type":"text\/html","og_video_duration":"74","og_video_width":"480","og_video_height":"270","ya_ovs_adult":"false","ya_ovs_upload_date":"2023-12-27T15:40:43+00:00","ya_ovs_allow_embed":"true","product_price_amount":"33.50","product_price_currency":"EUR","og_availability":"instock","product_availability":"instock","product_retailer_item_id":"2154","product_condition":"new","geo.placename":"Innsbruck","geo.position":{"lat":"47.264176340396226","long":"11.380109057672346"},"geo.region":"Austria"},"_links":{"self":[{"href":"https:\/\/bolting.eu\/en\/wp-json\/wp\/v2\/product\/18012","targetHints":{"allow":["GET"]}}],"collection":[{"href":"https:\/\/bolting.eu\/en\/wp-json\/wp\/v2\/product"}],"about":[{"href":"https:\/\/bolting.eu\/en\/wp-json\/wp\/v2\/types\/product"}],"replies":[{"embeddable":true,"href":"https:\/\/bolting.eu\/en\/wp-json\/wp\/v2\/comments?post=18012"}],"wp:featuredmedia":[{"embeddable":true,"href":"https:\/\/bolting.eu\/en\/wp-json\/wp\/v2\/media\/18016"}],"wp:attachment":[{"href":"https:\/\/bolting.eu\/en\/wp-json\/wp\/v2\/media?parent=18012"}],"wp:term":[{"taxonomy":"product_brand","embeddable":true,"href":"https:\/\/bolting.eu\/en\/wp-json\/wp\/v2\/product_brand?post=18012"},{"taxonomy":"product_cat","embeddable":true,"href":"https:\/\/bolting.eu\/en\/wp-json\/wp\/v2\/product_cat?post=18012"},{"taxonomy":"product_tag","embeddable":true,"href":"https:\/\/bolting.eu\/en\/wp-json\/wp\/v2\/product_tag?post=18012"}],"curies":[{"name":"wp","href":"https:\/\/api.w.org\/{rel}","templated":true}]}}