{"id":18004,"date":"2023-12-27T15:35:26","date_gmt":"2023-12-27T14:35:26","guid":{"rendered":"https:\/\/bolting.eu\/?post_type=product&#038;p=18004"},"modified":"2023-12-27T15:35:27","modified_gmt":"2023-12-27T14:35:27","slug":"kong-zip-evo-seilrolle-adventure-park","status":"publish","type":"product","link":"https:\/\/bolting.eu\/en\/shop\/kong-zip-evo-seilrolle-adventure-park\/","title":{"rendered":"Kong Zip Evo &#8211; Seilrolle Adventure Park"},"content":{"rendered":"<p>Die Kong Zip Evo ist eine spezielle <a href=\"https:\/\/bolting.eu\/produkt-kategorie\/kletterausruestung\/seilrollen\/\">Seilrolle<\/a> f\u00fcr Adventure Parks. Denn sie ist ein besonders sicheres Produkt.<\/p>\n<p>Kunden von Erlebnisparks k\u00f6nnen sie ohne jede Fehlerm\u00f6glichkeit ganz leicht in die Tragseile einh\u00e4ngen. Hierf\u00fcr hat sie einen fixen &#8220;Griff&#8221; mit einer Klemmfeder. Die \u00d6se erlaubt zudem die fixe Installation einer <a href=\"https:\/\/bolting.eu\/produkt-kategorie\/kletterausruestung\/bandschlinge\/\">Bandschlinge<\/a>.<\/p>\n<h3>Eigenschaften Zip Evo<\/h3>\n<ul>\n<li>Hersteller: <a href=\"https:\/\/bolting.eu\/produkt-kategorie\/kong\/\">Kong Italy<\/a><\/li>\n<li>Material: Alu, Edelstahl, Kunststoff (\u201eZip Cap\u201c Fingerschutz)<\/li>\n<li>Gewicht: 440 Gramm<\/li>\n<li>Bruchlast: 22kN<\/li>\n<li>Working Load Limit (WLL): 10kN<\/li>\n<li>Norm: EN 17109:20\/A, EN 12278:07<\/li>\n<li>f\u00fcr textile Seile und Drahtseile bis max. 13mm<\/li>\n<li>spezielle Flying Fox Seilrolle f\u00fcr Adventure Parks<\/li>\n<li>auch ideal f\u00fcr Doppelflaschenzug<\/li>\n<li>95% Effizienzgrad<\/li>\n<li>empfohlene Bandschlinge: <a href=\"https:\/\/bolting.eu\/shop\/bandschlinge-60cm\/\">Bandschlinge 60cm<\/a><\/li>\n<li><a href=\"https:\/\/www.kong.it\/upload\/files\/I_KONG_ZZV05597_rev.0_PAMIR_A3_v1.pdf?_gl=1*nf5la6*_up*MQ..*_ga*MTc0NDY1MTI1MC4xNzAzNjc3MDY1*_ga_2DEHVVX21K*MTcwMzY3NzA2NC4xLjEuMTcwMzY3NzA3NC4wLjAuMA..*_ga_DWQ39Z0LRB*MTcwMzY3NzA2NC4xLjEuMTcwMzY3NzA3NC4wLjAuMA..\" target=\"_blank\" rel=\"noopener\">Bedienungsanleitung<\/a><\/li>\n<\/ul>\n<h3>Produktvideo<\/h3>\n<p>Im Folgende k\u00f6nnt ihr sehen, wie diese Seilrolle f\u00fcr Adventureparks genau verwendet wird.<\/p>\n<p>Sie wird mit zwei Ankerstichen fix an den Verleihgurten angebracht. So kann sie ohne Fehlerm\u00f6glichkeit von den Kunden verwendet werden.<\/p>\n<p><iframe loading=\"lazy\" title=\"Kong Trolley Demo\" width=\"1020\" height=\"574\" src=\"https:\/\/www.youtube.com\/embed\/lcSzJM0EEpM?feature=oembed\" frameborder=\"0\" allow=\"accelerometer; autoplay; clipboard-write; encrypted-media; gyroscope; picture-in-picture; web-share\" allowfullscreen><\/iframe><\/p>\n<h3>\u00a0Erh\u00f6hter Fingerschutz durch &#8220;Zip Cap&#8221; Schutz<\/h3>\n<p>Diese Seilrolle ist f\u00fcr Adventure Parks geradezu perfekt. Denn sie verf\u00fcgt auch \u00fcber einen &#8220;zip cap&#8221; Schutz.<\/p>\n<p>Das ist ein optionaler Kunststoff Aufsatz (im Lieferumfang!), der das Einklemmen von Fingern verhindern kann.<\/p>\n<p>Er ist auf der &#8220;Oberseite&#8221; montiert und trennt die Seilrollen bzw. Drahtseil g\u00e4nzlich ab.<\/p>\n<figure id=\"attachment_18006\" aria-describedby=\"caption-attachment-18006\" style=\"width: 400px\" class=\"wp-caption alignnone\"><a href=\"https:\/\/bolting.eu\/wp-content\/uploads\/2023\/12\/Kong-Zip-Evo-Seilrolle-Adventure-Park-6.jpg\"><img loading=\"lazy\" decoding=\"async\" class=\"wp-image-18006 size-medium\" src=\"https:\/\/bolting.eu\/wp-content\/uploads\/2023\/12\/Kong-Zip-Evo-Seilrolle-Adventure-Park-6-400x400.jpg\" alt=\"Orange - schwarze Kong Zip Evo Seilrolle von der Seite.\" width=\"400\" height=\"400\" srcset=\"https:\/\/bolting.eu\/wp-content\/uploads\/2023\/12\/Kong-Zip-Evo-Seilrolle-Adventure-Park-6-400x400.jpg 400w, https:\/\/bolting.eu\/wp-content\/uploads\/2023\/12\/Kong-Zip-Evo-Seilrolle-Adventure-Park-6-280x280.jpg 280w, https:\/\/bolting.eu\/wp-content\/uploads\/2023\/12\/Kong-Zip-Evo-Seilrolle-Adventure-Park-6-247x247.jpg 247w, https:\/\/bolting.eu\/wp-content\/uploads\/2023\/12\/Kong-Zip-Evo-Seilrolle-Adventure-Park-6-510x510.jpg 510w, https:\/\/bolting.eu\/wp-content\/uploads\/2023\/12\/Kong-Zip-Evo-Seilrolle-Adventure-Park-6-100x100.jpg 100w, https:\/\/bolting.eu\/wp-content\/uploads\/2023\/12\/Kong-Zip-Evo-Seilrolle-Adventure-Park-6.jpg 700w\" sizes=\"auto, (max-width: 400px) 100vw, 400px\" \/><\/a><figcaption id=\"caption-attachment-18006\" class=\"wp-caption-text\">Der Kunststoffschutz verhindert das unabsichtliche Einklemmen der Finger.<\/figcaption><\/figure>\n","protected":false},"excerpt":{"rendered":"<p>Spezielle Seilrolle f\u00fcr Adventure Parks.<\/p>\n<p>Kann bei richtiger Installation fehlerfrei verwendet werden.<\/p>\n<p>Versandkostenfrei bis 2kg in <img decoding=\"async\" class=\"emoji\" role=\"img\" draggable=\"false\" src=\"https:\/\/s.w.org\/images\/core\/emoji\/14.0.0\/svg\/1f1e6-1f1f9.svg\" alt=\"\ud83c\udde6\ud83c\uddf9\" \/> ab \u20ac 100,- und <img decoding=\"async\" class=\"emoji\" role=\"img\" draggable=\"false\" src=\"https:\/\/s.w.org\/images\/core\/emoji\/14.0.0\/svg\/1f1e9-1f1ea.svg\" alt=\"\ud83c\udde9\ud83c\uddea\" \/> ab \u20ac 200,-!<\/p>\n","protected":false},"featured_media":18010,"comment_status":"closed","ping_status":"closed","template":"","meta":[],"product_brand":[],"product_cat":[29,4586,4651],"product_tag":[],"class_list":{"0":"post-18004","1":"product","2":"type-product","3":"status-publish","4":"has-post-thumbnail","6":"product_cat-kletterausruestung","7":"product_cat-seilrollen","8":"product_cat-kong","10":"first","11":"instock","12":"sale","13":"taxable","14":"shipping-taxable","15":"purchasable","16":"product-type-simple"},"yoast_head":"<!-- This site is optimized with the Yoast SEO Premium plugin v26.9 (Yoast SEO v26.9) - https:\/\/yoast.com\/product\/yoast-seo-premium-wordpress\/ -->\n<title>Kong Zip Evo - Seilrolle Adventure Park g\u00fcnstig online kaufen | bolting.eu<\/title>\n<meta name=\"description\" content=\"Kong Zip Evo - Seilrolle f\u00fcr Adventure Parks beim Innsbrucker Hardwareprofi kaufen \u2705 kostenloser Versand* \u2705 14 Tage R\u00fcckgaberecht \u2705 Co2 neutraler Versand\" \/>\n<meta name=\"robots\" content=\"index, follow, max-snippet:-1, max-image-preview:large, max-video-preview:-1\" \/>\n<link rel=\"canonical\" href=\"https:\/\/bolting.eu\/en\/shop\/kong-zip-evo-seilrolle-adventure-park\/\" \/>\n<meta property=\"og:locale\" content=\"en_US\" \/>\n<meta property=\"og:type\" content=\"article\" \/>\n<meta property=\"og:title\" content=\"Kong Zip Evo - Seilrolle Adventure Park\" \/>\n<meta property=\"og:description\" content=\"Kong Zip Evo - Seilrolle f\u00fcr Adventure Parks beim Innsbrucker Hardwareprofi kaufen \u2705 kostenloser Versand* \u2705 14 Tage R\u00fcckgaberecht \u2705 Co2 neutraler Versand\" \/>\n<meta property=\"og:url\" content=\"https:\/\/bolting.eu\/en\/shop\/kong-zip-evo-seilrolle-adventure-park\/\" \/>\n<meta property=\"og:site_name\" content=\"bolting.eu\" \/>\n<meta property=\"article:publisher\" content=\"https:\/\/www.facebook.com\/bolting.eu\" \/>\n<meta property=\"article:modified_time\" content=\"2023-12-27T14:35:27+00:00\" \/>\n<meta property=\"og:image\" content=\"https:\/\/bolting.eu\/wp-content\/uploads\/2023\/12\/Kong-Zip-Evo-Seilrolle-Adventure-Park-2.jpg\" \/>\n\t<meta property=\"og:image:width\" content=\"700\" \/>\n\t<meta property=\"og:image:height\" content=\"700\" \/>\n\t<meta property=\"og:image:type\" content=\"image\/jpeg\" \/>\n<meta name=\"twitter:card\" content=\"summary_large_image\" \/>\n<meta name=\"twitter:label1\" content=\"Price\" \/>\n\t<meta name=\"twitter:data1\" content=\"&euro;&nbsp;104,00\" \/>\n\t<meta name=\"twitter:label2\" content=\"Availability\" \/>\n\t<meta name=\"twitter:data2\" content=\"In stock\" \/>\n<script type=\"application\/ld+json\" class=\"yoast-schema-graph\">{\"@context\":\"https:\/\/schema.org\",\"@graph\":[{\"@type\":[\"WebPage\",\"ItemPage\"],\"@id\":\"https:\/\/bolting.eu\/en\/shop\/kong-zip-evo-seilrolle-adventure-park\/\",\"url\":\"https:\/\/bolting.eu\/en\/shop\/kong-zip-evo-seilrolle-adventure-park\/\",\"name\":\"Kong Zip Evo - Seilrolle Adventure Park g\u00fcnstig online kaufen | bolting.eu\",\"isPartOf\":{\"@id\":\"https:\/\/bolting.eu\/en\/#website\"},\"primaryImageOfPage\":{\"@id\":\"https:\/\/bolting.eu\/en\/shop\/kong-zip-evo-seilrolle-adventure-park\/#primaryimage\"},\"image\":{\"@id\":\"https:\/\/bolting.eu\/en\/shop\/kong-zip-evo-seilrolle-adventure-park\/#primaryimage\"},\"thumbnailUrl\":\"https:\/\/bolting.eu\/wp-content\/uploads\/2023\/12\/Kong-Zip-Evo-Seilrolle-Adventure-Park-2.jpg\",\"datePublished\":\"2023-12-27T14:35:26+00:00\",\"dateModified\":\"2023-12-27T14:35:27+00:00\",\"description\":\"Kong Zip Evo - Seilrolle f\u00fcr Adventure Parks beim Innsbrucker Hardwareprofi kaufen \u2705 kostenloser Versand* \u2705 14 Tage R\u00fcckgaberecht \u2705 Co2 neutraler Versand\",\"breadcrumb\":{\"@id\":\"https:\/\/bolting.eu\/en\/shop\/kong-zip-evo-seilrolle-adventure-park\/#breadcrumb\"},\"inLanguage\":\"en-US\",\"potentialAction\":[{\"@type\":\"ReadAction\",\"target\":[\"https:\/\/bolting.eu\/en\/shop\/kong-zip-evo-seilrolle-adventure-park\/\"]}]},{\"@type\":\"ImageObject\",\"inLanguage\":\"en-US\",\"@id\":\"https:\/\/bolting.eu\/en\/shop\/kong-zip-evo-seilrolle-adventure-park\/#primaryimage\",\"url\":\"https:\/\/bolting.eu\/wp-content\/uploads\/2023\/12\/Kong-Zip-Evo-Seilrolle-Adventure-Park-2.jpg\",\"contentUrl\":\"https:\/\/bolting.eu\/wp-content\/uploads\/2023\/12\/Kong-Zip-Evo-Seilrolle-Adventure-Park-2.jpg\",\"width\":700,\"height\":700,\"caption\":\"Orange-schwarze Kong Zip Evo Seilrolle f\u00fcr Adventure Parks mit schwarzem Fingerschutz.\"},{\"@type\":\"BreadcrumbList\",\"@id\":\"https:\/\/bolting.eu\/en\/shop\/kong-zip-evo-seilrolle-adventure-park\/#breadcrumb\",\"itemListElement\":[{\"@type\":\"ListItem\",\"position\":1,\"name\":\"Shop\",\"item\":\"https:\/\/bolting.eu\/en\/shop\/\"},{\"@type\":\"ListItem\",\"position\":2,\"name\":\"climbing equipment\",\"item\":\"https:\/\/bolting.eu\/en\/produkt-kategorie\/climbing-equipment\/\"},{\"@type\":\"ListItem\",\"position\":3,\"name\":\"Seilrollen\",\"item\":\"https:\/\/bolting.eu\/produkt-kategorie\/kletterausruestung\/seilrollen\/\"},{\"@type\":\"ListItem\",\"position\":4,\"name\":\"Kong Zip Evo &#8211; Seilrolle Adventure Park\"}]},{\"@type\":\"WebSite\",\"@id\":\"https:\/\/bolting.eu\/en\/#website\",\"url\":\"https:\/\/bolting.eu\/en\/\",\"name\":\"bolting.eu\",\"description\":\"we make climbs happen\",\"publisher\":{\"@id\":\"https:\/\/bolting.eu\/en\/#organization\"},\"potentialAction\":[{\"@type\":\"SearchAction\",\"target\":{\"@type\":\"EntryPoint\",\"urlTemplate\":\"https:\/\/bolting.eu\/en\/?s={search_term_string}\"},\"query-input\":{\"@type\":\"PropertyValueSpecification\",\"valueRequired\":true,\"valueName\":\"search_term_string\"}}],\"inLanguage\":\"en-US\"},{\"@type\":[\"Organization\",\"Place\",\"SportingGoodsStore\"],\"@id\":\"https:\/\/bolting.eu\/en\/#organization\",\"name\":\"bolting.eu\",\"url\":\"https:\/\/bolting.eu\/en\/\",\"logo\":{\"@id\":\"https:\/\/bolting.eu\/en\/shop\/kong-zip-evo-seilrolle-adventure-park\/#local-main-organization-logo\"},\"image\":{\"@id\":\"https:\/\/bolting.eu\/en\/shop\/kong-zip-evo-seilrolle-adventure-park\/#local-main-organization-logo\"},\"sameAs\":[\"https:\/\/www.facebook.com\/bolting.eu\",\"https:\/\/www.instagram.com\/bolting.eu\/\"],\"address\":{\"@id\":\"https:\/\/bolting.eu\/en\/shop\/kong-zip-evo-seilrolle-adventure-park\/#local-main-place-address\"},\"geo\":{\"@type\":\"GeoCoordinates\",\"latitude\":\"47.264176340396226\",\"longitude\":\"11.380109057672346\"},\"telephone\":[\"+43 699 19083372\"],\"openingHoursSpecification\":[{\"@type\":\"OpeningHoursSpecification\",\"dayOfWeek\":[\"Monday\",\"Wednesday\",\"Friday\"],\"opens\":\"14:00\",\"closes\":\"18:00\"},{\"@type\":\"OpeningHoursSpecification\",\"dayOfWeek\":[\"Tuesday\",\"Thursday\",\"Saturday\",\"Sunday\"],\"opens\":\"00:00\",\"closes\":\"00:00\"}],\"email\":\"office@bolting.eu\",\"vatID\":\"ATU59999728\",\"priceRange\":\"$$\",\"currenciesAccepted\":\"Euro\"},{\"@type\":\"PostalAddress\",\"@id\":\"https:\/\/bolting.eu\/en\/shop\/kong-zip-evo-seilrolle-adventure-park\/#local-main-place-address\",\"streetAddress\":\"Fischnalerstra\u00dfe 4\",\"addressLocality\":\"Innsbruck\",\"postalCode\":\"6020\",\"addressRegion\":\"Tirol\",\"addressCountry\":\"AT\"},{\"@type\":\"ImageObject\",\"inLanguage\":\"en-US\",\"@id\":\"https:\/\/bolting.eu\/en\/shop\/kong-zip-evo-seilrolle-adventure-park\/#local-main-organization-logo\",\"url\":\"https:\/\/bolting.eu\/wp-content\/uploads\/2019\/09\/bolting-logo.png\",\"contentUrl\":\"https:\/\/bolting.eu\/wp-content\/uploads\/2019\/09\/bolting-logo.png\",\"width\":400,\"height\":211,\"caption\":\"bolting.eu\"}]}<\/script>\n<meta property=\"og:video\" content=\"https:\/\/www.youtube.com\/embed\/lcSzJM0EEpM\" \/>\n<meta property=\"og:video:type\" content=\"text\/html\" \/>\n<meta property=\"og:video:duration\" content=\"41\" \/>\n<meta property=\"og:video:width\" content=\"480\" \/>\n<meta property=\"og:video:height\" content=\"270\" \/>\n<meta property=\"ya:ovs:adult\" content=\"false\" \/>\n<meta property=\"ya:ovs:upload_date\" content=\"2023-12-27T14:35:26+00:00\" \/>\n<meta property=\"ya:ovs:allow_embed\" content=\"true\" \/>\n<meta property=\"product:price:amount\" content=\"104.00\" \/>\n<meta property=\"product:price:currency\" content=\"EUR\" \/>\n<meta property=\"og:availability\" content=\"instock\" \/>\n<meta property=\"product:availability\" content=\"instock\" \/>\n<meta property=\"product:retailer_item_id\" content=\"826040400KK\" \/>\n<meta property=\"product:condition\" content=\"new\" \/>\n<meta name=\"geo.placename\" content=\"Innsbruck\" \/>\n<meta name=\"geo.position\" content=\"47.264176340396226;11.380109057672346\" \/>\n<meta name=\"geo.region\" content=\"Austria\" \/>\n<!-- \/ Yoast SEO Premium plugin. -->","yoast_head_json":{"title":"Kong Zip Evo - Seilrolle Adventure Park g\u00fcnstig online kaufen | bolting.eu","description":"Kong Zip Evo - Seilrolle f\u00fcr Adventure Parks beim Innsbrucker Hardwareprofi kaufen \u2705 kostenloser Versand* \u2705 14 Tage R\u00fcckgaberecht \u2705 Co2 neutraler Versand","robots":{"index":"index","follow":"follow","max-snippet":"max-snippet:-1","max-image-preview":"max-image-preview:large","max-video-preview":"max-video-preview:-1"},"canonical":"https:\/\/bolting.eu\/en\/shop\/kong-zip-evo-seilrolle-adventure-park\/","og_locale":"en_US","og_type":"article","og_title":"Kong Zip Evo - Seilrolle Adventure Park","og_description":"Kong Zip Evo - Seilrolle f\u00fcr Adventure Parks beim Innsbrucker Hardwareprofi kaufen \u2705 kostenloser Versand* \u2705 14 Tage R\u00fcckgaberecht \u2705 Co2 neutraler Versand","og_url":"https:\/\/bolting.eu\/en\/shop\/kong-zip-evo-seilrolle-adventure-park\/","og_site_name":"bolting.eu","article_publisher":"https:\/\/www.facebook.com\/bolting.eu","article_modified_time":"2023-12-27T14:35:27+00:00","og_image":[{"width":700,"height":700,"url":"https:\/\/bolting.eu\/wp-content\/uploads\/2023\/12\/Kong-Zip-Evo-Seilrolle-Adventure-Park-2.jpg","type":"image\/jpeg"}],"twitter_card":"summary_large_image","twitter_misc":{"Price":"&euro;&nbsp;104,00","Availability":"In stock"},"schema":{"@context":"https:\/\/schema.org","@graph":[{"@type":["WebPage","ItemPage"],"@id":"https:\/\/bolting.eu\/en\/shop\/kong-zip-evo-seilrolle-adventure-park\/","url":"https:\/\/bolting.eu\/en\/shop\/kong-zip-evo-seilrolle-adventure-park\/","name":"Kong Zip Evo - Seilrolle Adventure Park g\u00fcnstig online kaufen | bolting.eu","isPartOf":{"@id":"https:\/\/bolting.eu\/en\/#website"},"primaryImageOfPage":{"@id":"https:\/\/bolting.eu\/en\/shop\/kong-zip-evo-seilrolle-adventure-park\/#primaryimage"},"image":{"@id":"https:\/\/bolting.eu\/en\/shop\/kong-zip-evo-seilrolle-adventure-park\/#primaryimage"},"thumbnailUrl":"https:\/\/bolting.eu\/wp-content\/uploads\/2023\/12\/Kong-Zip-Evo-Seilrolle-Adventure-Park-2.jpg","datePublished":"2023-12-27T14:35:26+00:00","dateModified":"2023-12-27T14:35:27+00:00","description":"Kong Zip Evo - Seilrolle f\u00fcr Adventure Parks beim Innsbrucker Hardwareprofi kaufen \u2705 kostenloser Versand* \u2705 14 Tage R\u00fcckgaberecht \u2705 Co2 neutraler Versand","breadcrumb":{"@id":"https:\/\/bolting.eu\/en\/shop\/kong-zip-evo-seilrolle-adventure-park\/#breadcrumb"},"inLanguage":"en-US","potentialAction":[{"@type":"ReadAction","target":["https:\/\/bolting.eu\/en\/shop\/kong-zip-evo-seilrolle-adventure-park\/"]}]},{"@type":"ImageObject","inLanguage":"en-US","@id":"https:\/\/bolting.eu\/en\/shop\/kong-zip-evo-seilrolle-adventure-park\/#primaryimage","url":"https:\/\/bolting.eu\/wp-content\/uploads\/2023\/12\/Kong-Zip-Evo-Seilrolle-Adventure-Park-2.jpg","contentUrl":"https:\/\/bolting.eu\/wp-content\/uploads\/2023\/12\/Kong-Zip-Evo-Seilrolle-Adventure-Park-2.jpg","width":700,"height":700,"caption":"Orange-schwarze Kong Zip Evo Seilrolle f\u00fcr Adventure Parks mit schwarzem Fingerschutz."},{"@type":"BreadcrumbList","@id":"https:\/\/bolting.eu\/en\/shop\/kong-zip-evo-seilrolle-adventure-park\/#breadcrumb","itemListElement":[{"@type":"ListItem","position":1,"name":"Shop","item":"https:\/\/bolting.eu\/en\/shop\/"},{"@type":"ListItem","position":2,"name":"climbing equipment","item":"https:\/\/bolting.eu\/en\/produkt-kategorie\/climbing-equipment\/"},{"@type":"ListItem","position":3,"name":"Seilrollen","item":"https:\/\/bolting.eu\/produkt-kategorie\/kletterausruestung\/seilrollen\/"},{"@type":"ListItem","position":4,"name":"Kong Zip Evo &#8211; Seilrolle Adventure Park"}]},{"@type":"WebSite","@id":"https:\/\/bolting.eu\/en\/#website","url":"https:\/\/bolting.eu\/en\/","name":"bolting.eu","description":"we make climbs happen","publisher":{"@id":"https:\/\/bolting.eu\/en\/#organization"},"potentialAction":[{"@type":"SearchAction","target":{"@type":"EntryPoint","urlTemplate":"https:\/\/bolting.eu\/en\/?s={search_term_string}"},"query-input":{"@type":"PropertyValueSpecification","valueRequired":true,"valueName":"search_term_string"}}],"inLanguage":"en-US"},{"@type":["Organization","Place","SportingGoodsStore"],"@id":"https:\/\/bolting.eu\/en\/#organization","name":"bolting.eu","url":"https:\/\/bolting.eu\/en\/","logo":{"@id":"https:\/\/bolting.eu\/en\/shop\/kong-zip-evo-seilrolle-adventure-park\/#local-main-organization-logo"},"image":{"@id":"https:\/\/bolting.eu\/en\/shop\/kong-zip-evo-seilrolle-adventure-park\/#local-main-organization-logo"},"sameAs":["https:\/\/www.facebook.com\/bolting.eu","https:\/\/www.instagram.com\/bolting.eu\/"],"address":{"@id":"https:\/\/bolting.eu\/en\/shop\/kong-zip-evo-seilrolle-adventure-park\/#local-main-place-address"},"geo":{"@type":"GeoCoordinates","latitude":"47.264176340396226","longitude":"11.380109057672346"},"telephone":["+43 699 19083372"],"openingHoursSpecification":[{"@type":"OpeningHoursSpecification","dayOfWeek":["Monday","Wednesday","Friday"],"opens":"14:00","closes":"18:00"},{"@type":"OpeningHoursSpecification","dayOfWeek":["Tuesday","Thursday","Saturday","Sunday"],"opens":"00:00","closes":"00:00"}],"email":"office@bolting.eu","vatID":"ATU59999728","priceRange":"$$","currenciesAccepted":"Euro"},{"@type":"PostalAddress","@id":"https:\/\/bolting.eu\/en\/shop\/kong-zip-evo-seilrolle-adventure-park\/#local-main-place-address","streetAddress":"Fischnalerstra\u00dfe 4","addressLocality":"Innsbruck","postalCode":"6020","addressRegion":"Tirol","addressCountry":"AT"},{"@type":"ImageObject","inLanguage":"en-US","@id":"https:\/\/bolting.eu\/en\/shop\/kong-zip-evo-seilrolle-adventure-park\/#local-main-organization-logo","url":"https:\/\/bolting.eu\/wp-content\/uploads\/2019\/09\/bolting-logo.png","contentUrl":"https:\/\/bolting.eu\/wp-content\/uploads\/2019\/09\/bolting-logo.png","width":400,"height":211,"caption":"bolting.eu"}]},"og_video":"https:\/\/www.youtube.com\/embed\/lcSzJM0EEpM","og_video_type":"text\/html","og_video_duration":"41","og_video_width":"480","og_video_height":"270","ya_ovs_adult":"false","ya_ovs_upload_date":"2023-12-27T14:35:26+00:00","ya_ovs_allow_embed":"true","product_price_amount":"104.00","product_price_currency":"EUR","og_availability":"instock","product_availability":"instock","product_retailer_item_id":"826040400KK","product_condition":"new","geo.placename":"Innsbruck","geo.position":{"lat":"47.264176340396226","long":"11.380109057672346"},"geo.region":"Austria"},"_links":{"self":[{"href":"https:\/\/bolting.eu\/en\/wp-json\/wp\/v2\/product\/18004","targetHints":{"allow":["GET"]}}],"collection":[{"href":"https:\/\/bolting.eu\/en\/wp-json\/wp\/v2\/product"}],"about":[{"href":"https:\/\/bolting.eu\/en\/wp-json\/wp\/v2\/types\/product"}],"replies":[{"embeddable":true,"href":"https:\/\/bolting.eu\/en\/wp-json\/wp\/v2\/comments?post=18004"}],"wp:featuredmedia":[{"embeddable":true,"href":"https:\/\/bolting.eu\/en\/wp-json\/wp\/v2\/media\/18010"}],"wp:attachment":[{"href":"https:\/\/bolting.eu\/en\/wp-json\/wp\/v2\/media?parent=18004"}],"wp:term":[{"taxonomy":"product_brand","embeddable":true,"href":"https:\/\/bolting.eu\/en\/wp-json\/wp\/v2\/product_brand?post=18004"},{"taxonomy":"product_cat","embeddable":true,"href":"https:\/\/bolting.eu\/en\/wp-json\/wp\/v2\/product_cat?post=18004"},{"taxonomy":"product_tag","embeddable":true,"href":"https:\/\/bolting.eu\/en\/wp-json\/wp\/v2\/product_tag?post=18004"}],"curies":[{"name":"wp","href":"https:\/\/api.w.org\/{rel}","templated":true}]}}