{"id":17996,"date":"2023-12-27T13:35:04","date_gmt":"2023-12-27T12:35:04","guid":{"rendered":"https:\/\/bolting.eu\/?post_type=product&#038;p=17996"},"modified":"2025-03-10T16:13:21","modified_gmt":"2025-03-10T15:13:21","slug":"kong-pamir-fast-seilrolle-flying-fox","status":"publish","type":"product","link":"https:\/\/bolting.eu\/en\/shop\/kong-pamir-fast-seilrolle-flying-fox\/","title":{"rendered":"Kong Pamir Fast &#8211; Seilrolle Flying Fox"},"content":{"rendered":"<p>Die Pamir Fast von Kong ist eine spezielle Seilrolle f\u00fcr Flying Fox. Denn sie hat ein gro\u00dfes Alu Geh\u00e4use mit zwei Edelstahl Rollen. Die Rolle ist f\u00fcr textile Seile (<a href=\"https:\/\/bolting.eu\/shop\/halbstatisches-seil-pensum-105mm\/\">halbstatische Seile<\/a>) und Drahtseile bis 13mm geeignet.<\/p>\n<p>Mit diesem Produkt lassen sich Seilrutschen besonders gut ausstatten.<\/p>\n<p>Denn zum einen gleiten die Personen extrem gleichm\u00e4\u00dfig und ruhig. Die zwei hoch effizienten Kugellager sind ein Garant f\u00fcr diese enorme Laufruhe. Zum anderen verhindert ein optionales Kunststoffteil (&#8220;Zip Cap&#8221; = im Lieferumfang), dass Finger an der Oberseite zwischen Rolle und Seil gesteckt werden k\u00f6nnen. Ein \u00e4u\u00dferst effizienter Schutz!<\/p>\n<p>Abschlie\u00dfend erlaubt die Befestigungs\u00f6se die Installation von bis zu drei <a href=\"https:\/\/bolting.eu\/produkt-kategorie\/kletterausruestung\/kletterkarabiner\/\">Karabinern<\/a>. Die Hilfs\u00f6se fasst einen Karabiner.<\/p>\n<p>Nat\u00fcrlich kann man dieses Produkt auch f\u00fcr einen Doppelflaschenzug verwenden. Hierzu einfach den Schutz entfernen.<\/p>\n<h2>Eigenschaften Kong Pamir Fast<\/h2>\n<ul>\n<li>Hersteller: Kong Italy<\/li>\n<li>Material: Alu, Edelstahl, Kunststoff (&#8220;Zip Cap&#8221; Fingerschutz)<\/li>\n<li>Gewicht: 365 Gramm<\/li>\n<li>Bruchlast: 30kN<\/li>\n<li>Working Load Limit (WLL): 8kN<\/li>\n<li>Norm: EN 17109:20\/A, <a href=\"https:\/\/bolting.eu\/en-12278-norm-fuer-seilrollen\/\">EN 12278<\/a>:07<\/li>\n<li>f\u00fcr textile Seile und Drahtseile bis max. 13mm<\/li>\n<li>spezielle Flying Fox Seilrolle<\/li>\n<li>auch ideal f\u00fcr Doppelflaschenzug<\/li>\n<li>92% Effizienzgrad<\/li>\n<li>empfohlene Karabiner: <a href=\"https:\/\/bolting.eu\/shop\/petzl-ok-ball-lock\/\">Petzl OK Ball Lock<\/a><\/li>\n<li>empfohlene Bandschlinge: <a href=\"https:\/\/bolting.eu\/shop\/kong-aro-adventure-evo-klettersteig-rastschlinge\/\">Kong Aro Adventure<\/a><\/li>\n<li><a href=\"https:\/\/www.kong.it\/upload\/files\/I_KONG_ZZV05597_rev.0_PAMIR_A3_v1.pdf?_gl=1*nf5la6*_up*MQ..*_ga*MTc0NDY1MTI1MC4xNzAzNjc3MDY1*_ga_2DEHVVX21K*MTcwMzY3NzA2NC4xLjEuMTcwMzY3NzA3NC4wLjAuMA..*_ga_DWQ39Z0LRB*MTcwMzY3NzA2NC4xLjEuMTcwMzY3NzA3NC4wLjAuMA..\" target=\"_blank\" rel=\"noopener\">Bedienungsanleitung<\/a><\/li>\n<\/ul>\n<h3>Begriffserkl\u00e4rungen<\/h3>\n<p>Im Folgenden erkl\u00e4ren wir euch genau, wie welches Teil an der Pamir Fast hei\u00dft. Somit k\u00f6nnt ihr die weiterf\u00fchrenden Erkl\u00e4rungen sofort nachvollziehen.<\/p>\n<p><a href=\"https:\/\/bolting.eu\/wp-content\/uploads\/2023\/12\/Kong-Pamir-Flying-Fox-Seilrolle-4.jpg\"><img loading=\"lazy\" decoding=\"async\" class=\"alignnone wp-image-17997 size-medium\" src=\"https:\/\/bolting.eu\/wp-content\/uploads\/2023\/12\/Kong-Pamir-Flying-Fox-Seilrolle-4-583x400.jpg\" alt=\"Grafik zur Nomenklatur der BEstandteile der Kong Pamir Flying Fox Seilrolle\" width=\"583\" height=\"400\" srcset=\"https:\/\/bolting.eu\/wp-content\/uploads\/2023\/12\/Kong-Pamir-Flying-Fox-Seilrolle-4-583x400.jpg 583w, https:\/\/bolting.eu\/wp-content\/uploads\/2023\/12\/Kong-Pamir-Flying-Fox-Seilrolle-4-768x527.jpg 768w, https:\/\/bolting.eu\/wp-content\/uploads\/2023\/12\/Kong-Pamir-Flying-Fox-Seilrolle-4-510x350.jpg 510w, https:\/\/bolting.eu\/wp-content\/uploads\/2023\/12\/Kong-Pamir-Flying-Fox-Seilrolle-4-100x69.jpg 100w, https:\/\/bolting.eu\/wp-content\/uploads\/2023\/12\/Kong-Pamir-Flying-Fox-Seilrolle-4.jpg 1024w\" sizes=\"auto, (max-width: 583px) 100vw, 583px\" \/><\/a><\/p>\n<p><strong>A:<\/strong> Geh\u00e4use<\/p>\n<p><strong>B:<\/strong> Edelstahl Seilrolle<\/p>\n<p><strong>C:<\/strong> Stift &#8211; Achse der Seilrolle<\/p>\n<p><strong>D:<\/strong> Zip Cap &#8211; Kunststoff Schutz<\/p>\n<p><strong>E:<\/strong> gro\u00dfe Aufh\u00e4ngungs\u00f6se<\/p>\n<p><strong>F:<\/strong> kleine Hilfs\u00f6se<\/p>\n<h3>Installation Seilrolle f\u00fcr Flying Fox<\/h3>\n<p>Hierbei wird die Kong Pamir Fast mit der gro\u00dfen Aufh\u00e4ngungs\u00f6se nach unten auf das Seil gelegt. D.h. der &#8220;Zip Cap&#8221; Schutz <strong>(D)<\/strong> ist oben.<\/p>\n<p>In die gro\u00dfe \u00d6se <strong>(E)<\/strong> wird dann die zu transportierende Person eingeh\u00e4ngt. Unbedingt einen entsprechenden 3-Wege Twist Lock oder Ball Lock Karabiner mit passender <a href=\"https:\/\/bolting.eu\/produkt-kategorie\/kletterausruestung\/bandschlinge\/\">Bandschlinge<\/a> verwenden.<\/p>\n<p>Die &#8220;obere&#8221; Hilfs\u00f6se <strong>(F)<\/strong> kann f\u00fcr die Installation eines redundanden System verwendet werden. Sprich kann ein\u00a0 sicheres Verbindungsmittel an einem zweitem Seil (oberhalb befindlich und unbelastet) mitlaufen.<\/p>\n<h3><strong>Installation f\u00fcr Doppelflaschenzug<\/strong><\/h3>\n<p>Hierbei sollte der &#8220;Zip Cap&#8221; Schutz <strong>(D)<\/strong> als erstes entfernt werden. Dann wird die Rolle mit der\u00a0 Aufh\u00e4ngungs\u00f6se (D) nach oben hin fixiert.<\/p>\n<p>Beachtet dabei die resultierenden Kr\u00e4fte! Der Winkel darf nicht zu gro\u00df sein. Die Grafik anbei erl\u00e4utert das deutlich!<\/p>\n<p><a href=\"https:\/\/bolting.eu\/wp-content\/uploads\/2023\/12\/Kong-Pamir-Flying-Fox-Seilrolle-5.jpg\"><img loading=\"lazy\" decoding=\"async\" class=\"alignnone size-full wp-image-18001\" src=\"https:\/\/bolting.eu\/wp-content\/uploads\/2023\/12\/Kong-Pamir-Flying-Fox-Seilrolle-5.jpg\" alt=\"Grafik zur Erkl\u00e4rung resultierender Kr\u00e4fte bei einem Flaschenzug an Seilbr\u00fccke.\" width=\"1024\" height=\"358\" srcset=\"https:\/\/bolting.eu\/wp-content\/uploads\/2023\/12\/Kong-Pamir-Flying-Fox-Seilrolle-5.jpg 1024w, https:\/\/bolting.eu\/wp-content\/uploads\/2023\/12\/Kong-Pamir-Flying-Fox-Seilrolle-5-800x280.jpg 800w, https:\/\/bolting.eu\/wp-content\/uploads\/2023\/12\/Kong-Pamir-Flying-Fox-Seilrolle-5-768x269.jpg 768w, https:\/\/bolting.eu\/wp-content\/uploads\/2023\/12\/Kong-Pamir-Flying-Fox-Seilrolle-5-510x178.jpg 510w, https:\/\/bolting.eu\/wp-content\/uploads\/2023\/12\/Kong-Pamir-Flying-Fox-Seilrolle-5-100x35.jpg 100w\" sizes=\"auto, (max-width: 1024px) 100vw, 1024px\" \/><\/a><\/p>\n","protected":false},"excerpt":{"rendered":"<p>Spezielle Seilrolle f\u00fcr Flying Fox und Doppelflaschenzug.<\/p>\n<p>Geh\u00e4use aus Alu und Rollen aus Edelstahl.<\/p>\n<p>Versandkostenfrei bis 2kg in <img decoding=\"async\" class=\"emoji\" role=\"img\" draggable=\"false\" src=\"https:\/\/s.w.org\/images\/core\/emoji\/13.1.0\/svg\/1f1e6-1f1f9.svg\" alt=\"\ud83c\udde6\ud83c\uddf9\" \/> ab \u20ac 100,- und <img decoding=\"async\" class=\"emoji\" role=\"img\" draggable=\"false\" src=\"https:\/\/s.w.org\/images\/core\/emoji\/13.1.0\/svg\/1f1e9-1f1ea.svg\" alt=\"\ud83c\udde9\ud83c\uddea\" \/> ab \u20ac 200,-!<\/p>\n","protected":false},"featured_media":17999,"comment_status":"closed","ping_status":"closed","template":"","meta":[],"product_brand":[],"product_cat":[4586,4651,29],"product_tag":[],"class_list":{"0":"post-17996","1":"product","2":"type-product","3":"status-publish","4":"has-post-thumbnail","6":"product_cat-seilrollen","7":"product_cat-kong","8":"product_cat-kletterausruestung","10":"first","11":"instock","12":"sale","13":"taxable","14":"shipping-taxable","15":"purchasable","16":"product-type-simple"},"yoast_head":"<!-- This site is optimized with the Yoast SEO Premium plugin v26.9 (Yoast SEO v26.9) - https:\/\/yoast.com\/product\/yoast-seo-premium-wordpress\/ -->\n<title>Kong Pamir Fast - Seilrolle Flying Fox | bolting.eu<\/title>\n<meta name=\"description\" content=\"Kong Pamir - Flying Fox Seilrolle beim Kletter Hardwareprofi aus Innsbruck kaufen \u2705 kostenloser Versand* \u2705 14 Tage R\u00fcckgaberecht \u2705 Co2 neutraler Versand\" \/>\n<meta name=\"robots\" content=\"index, follow, max-snippet:-1, max-image-preview:large, max-video-preview:-1\" \/>\n<link rel=\"canonical\" href=\"https:\/\/bolting.eu\/en\/shop\/kong-pamir-fast-seilrolle-flying-fox\/\" \/>\n<meta property=\"og:locale\" content=\"en_US\" \/>\n<meta property=\"og:type\" content=\"article\" \/>\n<meta property=\"og:title\" content=\"Kong Pamir Fast - Seilrolle Flying Fox\" \/>\n<meta property=\"og:description\" content=\"Kong Pamir - Flying Fox Seilrolle beim Kletter Hardwareprofi aus Innsbruck kaufen \u2705 kostenloser Versand* \u2705 14 Tage R\u00fcckgaberecht \u2705 Co2 neutraler Versand\" \/>\n<meta property=\"og:url\" content=\"https:\/\/bolting.eu\/en\/shop\/kong-pamir-fast-seilrolle-flying-fox\/\" \/>\n<meta property=\"og:site_name\" content=\"bolting.eu\" \/>\n<meta property=\"article:publisher\" content=\"https:\/\/www.facebook.com\/bolting.eu\" \/>\n<meta property=\"article:modified_time\" content=\"2025-03-10T15:13:21+00:00\" \/>\n<meta property=\"og:image\" content=\"https:\/\/bolting.eu\/wp-content\/uploads\/2023\/12\/Kong-Pamir-Flying-Fox-Seilrolle-2.jpg\" \/>\n\t<meta property=\"og:image:width\" content=\"700\" \/>\n\t<meta property=\"og:image:height\" content=\"700\" \/>\n\t<meta property=\"og:image:type\" content=\"image\/jpeg\" \/>\n<meta name=\"twitter:card\" content=\"summary_large_image\" \/>\n<meta name=\"twitter:label1\" content=\"Price\" \/>\n\t<meta name=\"twitter:data1\" content=\"&euro;&nbsp;89,00\" \/>\n\t<meta name=\"twitter:label2\" content=\"Availability\" \/>\n\t<meta name=\"twitter:data2\" content=\"In stock\" \/>\n<script type=\"application\/ld+json\" class=\"yoast-schema-graph\">{\"@context\":\"https:\/\/schema.org\",\"@graph\":[{\"@type\":[\"WebPage\",\"ItemPage\"],\"@id\":\"https:\/\/bolting.eu\/en\/shop\/kong-pamir-fast-seilrolle-flying-fox\/\",\"url\":\"https:\/\/bolting.eu\/en\/shop\/kong-pamir-fast-seilrolle-flying-fox\/\",\"name\":\"Kong Pamir Fast - Seilrolle Flying Fox | bolting.eu\",\"isPartOf\":{\"@id\":\"https:\/\/bolting.eu\/en\/#website\"},\"primaryImageOfPage\":{\"@id\":\"https:\/\/bolting.eu\/en\/shop\/kong-pamir-fast-seilrolle-flying-fox\/#primaryimage\"},\"image\":{\"@id\":\"https:\/\/bolting.eu\/en\/shop\/kong-pamir-fast-seilrolle-flying-fox\/#primaryimage\"},\"thumbnailUrl\":\"https:\/\/bolting.eu\/wp-content\/uploads\/2023\/12\/Kong-Pamir-Flying-Fox-Seilrolle-2.jpg\",\"datePublished\":\"2023-12-27T12:35:04+00:00\",\"dateModified\":\"2025-03-10T15:13:21+00:00\",\"description\":\"Kong Pamir - Flying Fox Seilrolle beim Kletter Hardwareprofi aus Innsbruck kaufen \u2705 kostenloser Versand* \u2705 14 Tage R\u00fcckgaberecht \u2705 Co2 neutraler Versand\",\"breadcrumb\":{\"@id\":\"https:\/\/bolting.eu\/en\/shop\/kong-pamir-fast-seilrolle-flying-fox\/#breadcrumb\"},\"inLanguage\":\"en-US\",\"potentialAction\":[{\"@type\":\"ReadAction\",\"target\":[\"https:\/\/bolting.eu\/en\/shop\/kong-pamir-fast-seilrolle-flying-fox\/\"]}]},{\"@type\":\"ImageObject\",\"inLanguage\":\"en-US\",\"@id\":\"https:\/\/bolting.eu\/en\/shop\/kong-pamir-fast-seilrolle-flying-fox\/#primaryimage\",\"url\":\"https:\/\/bolting.eu\/wp-content\/uploads\/2023\/12\/Kong-Pamir-Flying-Fox-Seilrolle-2.jpg\",\"contentUrl\":\"https:\/\/bolting.eu\/wp-content\/uploads\/2023\/12\/Kong-Pamir-Flying-Fox-Seilrolle-2.jpg\",\"width\":700,\"height\":700,\"caption\":\"Blaue Kong Pamir Flying Fox Seilrolle aufrecht in wei\u00dfem Quadrat.\"},{\"@type\":\"BreadcrumbList\",\"@id\":\"https:\/\/bolting.eu\/en\/shop\/kong-pamir-fast-seilrolle-flying-fox\/#breadcrumb\",\"itemListElement\":[{\"@type\":\"ListItem\",\"position\":1,\"name\":\"Shop\",\"item\":\"https:\/\/bolting.eu\/en\/shop\/\"},{\"@type\":\"ListItem\",\"position\":2,\"name\":\"climbing equipment\",\"item\":\"https:\/\/bolting.eu\/en\/produkt-kategorie\/climbing-equipment\/\"},{\"@type\":\"ListItem\",\"position\":3,\"name\":\"Seilrollen\",\"item\":\"https:\/\/bolting.eu\/produkt-kategorie\/kletterausruestung\/seilrollen\/\"},{\"@type\":\"ListItem\",\"position\":4,\"name\":\"Kong Pamir Fast &#8211; Seilrolle Flying Fox\"}]},{\"@type\":\"WebSite\",\"@id\":\"https:\/\/bolting.eu\/en\/#website\",\"url\":\"https:\/\/bolting.eu\/en\/\",\"name\":\"bolting.eu\",\"description\":\"we make climbs happen\",\"publisher\":{\"@id\":\"https:\/\/bolting.eu\/en\/#organization\"},\"potentialAction\":[{\"@type\":\"SearchAction\",\"target\":{\"@type\":\"EntryPoint\",\"urlTemplate\":\"https:\/\/bolting.eu\/en\/?s={search_term_string}\"},\"query-input\":{\"@type\":\"PropertyValueSpecification\",\"valueRequired\":true,\"valueName\":\"search_term_string\"}}],\"inLanguage\":\"en-US\"},{\"@type\":[\"Organization\",\"Place\",\"SportingGoodsStore\"],\"@id\":\"https:\/\/bolting.eu\/en\/#organization\",\"name\":\"bolting.eu\",\"url\":\"https:\/\/bolting.eu\/en\/\",\"logo\":{\"@id\":\"https:\/\/bolting.eu\/en\/shop\/kong-pamir-fast-seilrolle-flying-fox\/#local-main-organization-logo\"},\"image\":{\"@id\":\"https:\/\/bolting.eu\/en\/shop\/kong-pamir-fast-seilrolle-flying-fox\/#local-main-organization-logo\"},\"sameAs\":[\"https:\/\/www.facebook.com\/bolting.eu\",\"https:\/\/www.instagram.com\/bolting.eu\/\"],\"address\":{\"@id\":\"https:\/\/bolting.eu\/en\/shop\/kong-pamir-fast-seilrolle-flying-fox\/#local-main-place-address\"},\"geo\":{\"@type\":\"GeoCoordinates\",\"latitude\":\"47.264176340396226\",\"longitude\":\"11.380109057672346\"},\"telephone\":[\"+43 699 19083372\"],\"openingHoursSpecification\":[{\"@type\":\"OpeningHoursSpecification\",\"dayOfWeek\":[\"Monday\",\"Wednesday\",\"Friday\"],\"opens\":\"14:00\",\"closes\":\"18:00\"},{\"@type\":\"OpeningHoursSpecification\",\"dayOfWeek\":[\"Tuesday\",\"Thursday\",\"Saturday\",\"Sunday\"],\"opens\":\"00:00\",\"closes\":\"00:00\"}],\"email\":\"office@bolting.eu\",\"vatID\":\"ATU59999728\",\"priceRange\":\"$$\",\"currenciesAccepted\":\"Euro\"},{\"@type\":\"PostalAddress\",\"@id\":\"https:\/\/bolting.eu\/en\/shop\/kong-pamir-fast-seilrolle-flying-fox\/#local-main-place-address\",\"streetAddress\":\"Fischnalerstra\u00dfe 4\",\"addressLocality\":\"Innsbruck\",\"postalCode\":\"6020\",\"addressRegion\":\"Tirol\",\"addressCountry\":\"AT\"},{\"@type\":\"ImageObject\",\"inLanguage\":\"en-US\",\"@id\":\"https:\/\/bolting.eu\/en\/shop\/kong-pamir-fast-seilrolle-flying-fox\/#local-main-organization-logo\",\"url\":\"https:\/\/bolting.eu\/wp-content\/uploads\/2019\/09\/bolting-logo.png\",\"contentUrl\":\"https:\/\/bolting.eu\/wp-content\/uploads\/2019\/09\/bolting-logo.png\",\"width\":400,\"height\":211,\"caption\":\"bolting.eu\"}]}<\/script>\n<meta property=\"product:price:amount\" content=\"89.00\" \/>\n<meta property=\"product:price:currency\" content=\"EUR\" \/>\n<meta property=\"og:availability\" content=\"instock\" \/>\n<meta property=\"product:availability\" content=\"instock\" \/>\n<meta property=\"product:retailer_item_id\" content=\"946004400KK\" \/>\n<meta property=\"product:condition\" content=\"new\" \/>\n<meta name=\"geo.placename\" content=\"Innsbruck\" \/>\n<meta name=\"geo.position\" content=\"47.264176340396226;11.380109057672346\" \/>\n<meta name=\"geo.region\" content=\"Austria\" \/>\n<!-- \/ Yoast SEO Premium plugin. -->","yoast_head_json":{"title":"Kong Pamir Fast - Seilrolle Flying Fox | bolting.eu","description":"Kong Pamir - Flying Fox Seilrolle beim Kletter Hardwareprofi aus Innsbruck kaufen \u2705 kostenloser Versand* \u2705 14 Tage R\u00fcckgaberecht \u2705 Co2 neutraler Versand","robots":{"index":"index","follow":"follow","max-snippet":"max-snippet:-1","max-image-preview":"max-image-preview:large","max-video-preview":"max-video-preview:-1"},"canonical":"https:\/\/bolting.eu\/en\/shop\/kong-pamir-fast-seilrolle-flying-fox\/","og_locale":"en_US","og_type":"article","og_title":"Kong Pamir Fast - Seilrolle Flying Fox","og_description":"Kong Pamir - Flying Fox Seilrolle beim Kletter Hardwareprofi aus Innsbruck kaufen \u2705 kostenloser Versand* \u2705 14 Tage R\u00fcckgaberecht \u2705 Co2 neutraler Versand","og_url":"https:\/\/bolting.eu\/en\/shop\/kong-pamir-fast-seilrolle-flying-fox\/","og_site_name":"bolting.eu","article_publisher":"https:\/\/www.facebook.com\/bolting.eu","article_modified_time":"2025-03-10T15:13:21+00:00","og_image":[{"width":700,"height":700,"url":"https:\/\/bolting.eu\/wp-content\/uploads\/2023\/12\/Kong-Pamir-Flying-Fox-Seilrolle-2.jpg","type":"image\/jpeg"}],"twitter_card":"summary_large_image","twitter_misc":{"Price":"&euro;&nbsp;89,00","Availability":"In stock"},"schema":{"@context":"https:\/\/schema.org","@graph":[{"@type":["WebPage","ItemPage"],"@id":"https:\/\/bolting.eu\/en\/shop\/kong-pamir-fast-seilrolle-flying-fox\/","url":"https:\/\/bolting.eu\/en\/shop\/kong-pamir-fast-seilrolle-flying-fox\/","name":"Kong Pamir Fast - Seilrolle Flying Fox | bolting.eu","isPartOf":{"@id":"https:\/\/bolting.eu\/en\/#website"},"primaryImageOfPage":{"@id":"https:\/\/bolting.eu\/en\/shop\/kong-pamir-fast-seilrolle-flying-fox\/#primaryimage"},"image":{"@id":"https:\/\/bolting.eu\/en\/shop\/kong-pamir-fast-seilrolle-flying-fox\/#primaryimage"},"thumbnailUrl":"https:\/\/bolting.eu\/wp-content\/uploads\/2023\/12\/Kong-Pamir-Flying-Fox-Seilrolle-2.jpg","datePublished":"2023-12-27T12:35:04+00:00","dateModified":"2025-03-10T15:13:21+00:00","description":"Kong Pamir - Flying Fox Seilrolle beim Kletter Hardwareprofi aus Innsbruck kaufen \u2705 kostenloser Versand* \u2705 14 Tage R\u00fcckgaberecht \u2705 Co2 neutraler Versand","breadcrumb":{"@id":"https:\/\/bolting.eu\/en\/shop\/kong-pamir-fast-seilrolle-flying-fox\/#breadcrumb"},"inLanguage":"en-US","potentialAction":[{"@type":"ReadAction","target":["https:\/\/bolting.eu\/en\/shop\/kong-pamir-fast-seilrolle-flying-fox\/"]}]},{"@type":"ImageObject","inLanguage":"en-US","@id":"https:\/\/bolting.eu\/en\/shop\/kong-pamir-fast-seilrolle-flying-fox\/#primaryimage","url":"https:\/\/bolting.eu\/wp-content\/uploads\/2023\/12\/Kong-Pamir-Flying-Fox-Seilrolle-2.jpg","contentUrl":"https:\/\/bolting.eu\/wp-content\/uploads\/2023\/12\/Kong-Pamir-Flying-Fox-Seilrolle-2.jpg","width":700,"height":700,"caption":"Blaue Kong Pamir Flying Fox Seilrolle aufrecht in wei\u00dfem Quadrat."},{"@type":"BreadcrumbList","@id":"https:\/\/bolting.eu\/en\/shop\/kong-pamir-fast-seilrolle-flying-fox\/#breadcrumb","itemListElement":[{"@type":"ListItem","position":1,"name":"Shop","item":"https:\/\/bolting.eu\/en\/shop\/"},{"@type":"ListItem","position":2,"name":"climbing equipment","item":"https:\/\/bolting.eu\/en\/produkt-kategorie\/climbing-equipment\/"},{"@type":"ListItem","position":3,"name":"Seilrollen","item":"https:\/\/bolting.eu\/produkt-kategorie\/kletterausruestung\/seilrollen\/"},{"@type":"ListItem","position":4,"name":"Kong Pamir Fast &#8211; Seilrolle Flying Fox"}]},{"@type":"WebSite","@id":"https:\/\/bolting.eu\/en\/#website","url":"https:\/\/bolting.eu\/en\/","name":"bolting.eu","description":"we make climbs happen","publisher":{"@id":"https:\/\/bolting.eu\/en\/#organization"},"potentialAction":[{"@type":"SearchAction","target":{"@type":"EntryPoint","urlTemplate":"https:\/\/bolting.eu\/en\/?s={search_term_string}"},"query-input":{"@type":"PropertyValueSpecification","valueRequired":true,"valueName":"search_term_string"}}],"inLanguage":"en-US"},{"@type":["Organization","Place","SportingGoodsStore"],"@id":"https:\/\/bolting.eu\/en\/#organization","name":"bolting.eu","url":"https:\/\/bolting.eu\/en\/","logo":{"@id":"https:\/\/bolting.eu\/en\/shop\/kong-pamir-fast-seilrolle-flying-fox\/#local-main-organization-logo"},"image":{"@id":"https:\/\/bolting.eu\/en\/shop\/kong-pamir-fast-seilrolle-flying-fox\/#local-main-organization-logo"},"sameAs":["https:\/\/www.facebook.com\/bolting.eu","https:\/\/www.instagram.com\/bolting.eu\/"],"address":{"@id":"https:\/\/bolting.eu\/en\/shop\/kong-pamir-fast-seilrolle-flying-fox\/#local-main-place-address"},"geo":{"@type":"GeoCoordinates","latitude":"47.264176340396226","longitude":"11.380109057672346"},"telephone":["+43 699 19083372"],"openingHoursSpecification":[{"@type":"OpeningHoursSpecification","dayOfWeek":["Monday","Wednesday","Friday"],"opens":"14:00","closes":"18:00"},{"@type":"OpeningHoursSpecification","dayOfWeek":["Tuesday","Thursday","Saturday","Sunday"],"opens":"00:00","closes":"00:00"}],"email":"office@bolting.eu","vatID":"ATU59999728","priceRange":"$$","currenciesAccepted":"Euro"},{"@type":"PostalAddress","@id":"https:\/\/bolting.eu\/en\/shop\/kong-pamir-fast-seilrolle-flying-fox\/#local-main-place-address","streetAddress":"Fischnalerstra\u00dfe 4","addressLocality":"Innsbruck","postalCode":"6020","addressRegion":"Tirol","addressCountry":"AT"},{"@type":"ImageObject","inLanguage":"en-US","@id":"https:\/\/bolting.eu\/en\/shop\/kong-pamir-fast-seilrolle-flying-fox\/#local-main-organization-logo","url":"https:\/\/bolting.eu\/wp-content\/uploads\/2019\/09\/bolting-logo.png","contentUrl":"https:\/\/bolting.eu\/wp-content\/uploads\/2019\/09\/bolting-logo.png","width":400,"height":211,"caption":"bolting.eu"}]},"product_price_amount":"89.00","product_price_currency":"EUR","og_availability":"instock","product_availability":"instock","product_retailer_item_id":"946004400KK","product_condition":"new","geo.placename":"Innsbruck","geo.position":{"lat":"47.264176340396226","long":"11.380109057672346"},"geo.region":"Austria"},"_links":{"self":[{"href":"https:\/\/bolting.eu\/en\/wp-json\/wp\/v2\/product\/17996","targetHints":{"allow":["GET"]}}],"collection":[{"href":"https:\/\/bolting.eu\/en\/wp-json\/wp\/v2\/product"}],"about":[{"href":"https:\/\/bolting.eu\/en\/wp-json\/wp\/v2\/types\/product"}],"replies":[{"embeddable":true,"href":"https:\/\/bolting.eu\/en\/wp-json\/wp\/v2\/comments?post=17996"}],"wp:featuredmedia":[{"embeddable":true,"href":"https:\/\/bolting.eu\/en\/wp-json\/wp\/v2\/media\/17999"}],"wp:attachment":[{"href":"https:\/\/bolting.eu\/en\/wp-json\/wp\/v2\/media?parent=17996"}],"wp:term":[{"taxonomy":"product_brand","embeddable":true,"href":"https:\/\/bolting.eu\/en\/wp-json\/wp\/v2\/product_brand?post=17996"},{"taxonomy":"product_cat","embeddable":true,"href":"https:\/\/bolting.eu\/en\/wp-json\/wp\/v2\/product_cat?post=17996"},{"taxonomy":"product_tag","embeddable":true,"href":"https:\/\/bolting.eu\/en\/wp-json\/wp\/v2\/product_tag?post=17996"}],"curies":[{"name":"wp","href":"https:\/\/api.w.org\/{rel}","templated":true}]}}