{"id":17981,"date":"2023-12-27T12:08:41","date_gmt":"2023-12-27T11:08:41","guid":{"rendered":"https:\/\/bolting.eu\/?post_type=product&#038;p=17981"},"modified":"2025-07-24T09:40:36","modified_gmt":"2025-07-24T07:40:36","slug":"rock-empire-flexor-friends","status":"publish","type":"product","link":"https:\/\/bolting.eu\/en\/shop\/rock-empire-flexor-friends\/","title":{"rendered":"Rock Empire Flexor Friends"},"content":{"rendered":"<p>Die Flexor Friends von Rock Empire sind preisg\u00fcnstige Klemmger\u00e4te mit ausziehbarer <a href=\"https:\/\/bolting.eu\/produkt-kategorie\/kletterausruestung\/bandschlinge\/\">Bandschlinge<\/a>. D.h. hier braucht man zum Einh\u00e4ngen des <a href=\"https:\/\/bolting.eu\/produkt-kategorie\/kletterausruestung\/kletterseil\/\">Kletterseil<\/a> keine zus\u00e4tzliche <a href=\"https:\/\/bolting.eu\/produkt-kategorie\/kletterausruestung\/expressschlingen\/\">Expressschlinge<\/a> mehr.<\/p>\n<p>Ansonsten bekommt man hier einen grundsoliden, einachsigen Cam. Der &#8220;single stem&#8221; ist Kunststoff \u00fcberzogen. Darum gleitet ein ordentlicher Trigger.<\/p>\n<p>Die \u00d6se f\u00fcr die verl\u00e4ngerbare Bandschlinge f\u00e4llt auff\u00e4llig gro\u00df auf. Das ist aber zur Erf\u00fcllung der Norm n\u00f6tig.<\/p>\n<p>Kurzum. Wer preiswertige Cams mit &#8220;ausziehbarer&#8221; Schlinge sucht, der ist hier richtig!<\/p>\n<h2>Eigenschaften Flexor Friends<\/h2>\n<ul>\n<li>Hersteller: Rock Empire \u2013 Tschechien<\/li>\n<li>Material: Alu Klemmnocken, Stahlkabel, Plastikh\u00fclle, Dyneema Schlinge, Kunststoff Trigger<\/li>\n<li>10 Gr\u00f6\u00dfen: 0,25 \u2013 7 (siehe Tabelle unten)<\/li>\n<li>Range: 12mm \u2013 110mm<\/li>\n<li>Gewicht: 68 \u2013 280 Gramm (ganzes Set 1.408 Gramm)<\/li>\n<li>Bruchlast: 7kN \u2013 12kN<\/li>\n<li>Norm: EN 12276<\/li>\n<li>einfache, 1-achsige Klemmger\u00e4te<\/li>\n<li>20cm lange, verl\u00e4ngerbare, 11mm Dyneema Bandschlinge<\/li>\n<li>preiswert<\/li>\n<li>ganzes Set deckt gro\u00dfen Rissbereich ab<\/li>\n<li><a href=\"https:\/\/www.rockempire.cz\/sites\/default\/files\/9653\/rockempire_cams_new_digital_8_8_2019_press.pdf\" target=\"_blank\" rel=\"noopener\">Bedienungsanleitung<\/a><\/li>\n<\/ul>\n<h3>Gr\u00f6\u00dfentabelle<\/h3>\n<p>Im Folgenden findet ihr eine \u00dcbersicht zu den Flexor Friends. Ihr k\u00f6nnt ihr alle Details zu den Modellen entnehmen.<\/p>\n<table style=\"border-collapse: collapse; width: 556px; height: 284px;\" border=\"0\" width=\"348\" cellspacing=\"0\" cellpadding=\"0\">\n<tbody>\n<tr style=\"height: 18.0pt;\">\n<td class=\"xl63\" style=\"height: 18pt; width: 65pt; box-sizing: border-box; padding-bottom: 0px; padding-top: 0px; text-align: center;\" width=\"87\" height=\"24\">\u00a0<strong>Gr\u00f6\u00dfe\u00a0\u00a0<\/strong><\/td>\n<td class=\"xl63\" style=\"width: 65pt; box-sizing: border-box; padding-bottom: 0px; padding-top: 0px; text-align: center;\" width=\"87\"><strong>\u00a0Bereich min. \/ max<\/strong><\/td>\n<td class=\"xl63\" style=\"width: 65pt; box-sizing: border-box; padding-bottom: 0px; padding-top: 0px; text-align: center;\" width=\"87\"><strong>\u00a0Gewicht\u00a0<\/strong><\/td>\n<td class=\"xl63\" style=\"width: 65pt; box-sizing: border-box; padding-bottom: 0px; padding-top: 0px; text-align: center;\" width=\"87\"><strong>\u00a0Bruchlast<\/strong><\/td>\n<\/tr>\n<tr style=\"height: 18.0pt;\">\n<td class=\"xl64\" style=\"height: 18pt; box-sizing: border-box; padding-bottom: 0px; padding-top: 0px; text-align: center;\" height=\"24\">\u00a00,25<\/td>\n<td class=\"xl64\" style=\"box-sizing: border-box; padding-bottom: 0px; padding-top: 0px; text-align: center;\">\u00a012-16 mm<\/td>\n<td class=\"xl64\" style=\"box-sizing: border-box; padding-bottom: 0px; padding-top: 0px; text-align: center;\">\u00a078 g<\/td>\n<td class=\"xl64\" style=\"box-sizing: border-box; padding-bottom: 0px; padding-top: 0px; text-align: center;\">\u00a07 kN<\/td>\n<\/tr>\n<tr style=\"height: 18.0pt;\">\n<td class=\"xl64\" style=\"height: 18pt; box-sizing: border-box; padding-bottom: 0px; padding-top: 0px; text-align: center;\" height=\"24\">\u00a00,5<\/td>\n<td class=\"xl64\" style=\"box-sizing: border-box; padding-bottom: 0px; padding-top: 0px; text-align: center;\">\u00a014-20 mm<\/td>\n<td class=\"xl64\" style=\"box-sizing: border-box; padding-bottom: 0px; padding-top: 0px; text-align: center;\">\u00a084 g<\/td>\n<td class=\"xl64\" style=\"box-sizing: border-box; padding-bottom: 0px; padding-top: 0px; text-align: center;\">\u00a09 kN<\/td>\n<\/tr>\n<tr style=\"height: 18.0pt;\">\n<td class=\"xl64\" style=\"height: 18pt; box-sizing: border-box; padding-bottom: 0px; padding-top: 0px; text-align: center;\" height=\"24\">\u00a00,75<\/td>\n<td class=\"xl64\" style=\"box-sizing: border-box; padding-bottom: 0px; padding-top: 0px; text-align: center;\">\u00a016-23 mm<\/td>\n<td class=\"xl64\" style=\"box-sizing: border-box; padding-bottom: 0px; padding-top: 0px; text-align: center;\">\u00a086 g<\/td>\n<td class=\"xl64\" style=\"box-sizing: border-box; padding-bottom: 0px; padding-top: 0px; text-align: center;\">\u00a010 kN<\/td>\n<\/tr>\n<tr style=\"height: 18.0pt;\">\n<td class=\"xl64\" style=\"height: 18pt; box-sizing: border-box; padding-bottom: 0px; padding-top: 0px; text-align: center;\" height=\"24\">\u00a01<\/td>\n<td class=\"xl64\" style=\"box-sizing: border-box; padding-bottom: 0px; padding-top: 0px; text-align: center;\">\u00a019-28 mm<\/td>\n<td class=\"xl64\" style=\"box-sizing: border-box; padding-bottom: 0px; padding-top: 0px; text-align: center;\">\u00a0100 g<\/td>\n<td class=\"xl64\" style=\"box-sizing: border-box; padding-bottom: 0px; padding-top: 0px; text-align: center;\">\u00a011 kN<\/td>\n<\/tr>\n<tr style=\"height: 18.0pt;\">\n<td class=\"xl64\" style=\"height: 18pt; box-sizing: border-box; padding-bottom: 0px; padding-top: 0px; text-align: center;\" height=\"24\">\u00a02<\/td>\n<td class=\"xl64\" style=\"box-sizing: border-box; padding-bottom: 0px; padding-top: 0px; text-align: center;\">\u00a022-34 mm<\/td>\n<td class=\"xl64\" style=\"box-sizing: border-box; padding-bottom: 0px; padding-top: 0px; text-align: center;\">\u00a0108 g<\/td>\n<td class=\"xl64\" style=\"box-sizing: border-box; padding-bottom: 0px; padding-top: 0px; text-align: center;\">\u00a011 kN<\/td>\n<\/tr>\n<tr style=\"height: 18.0pt;\">\n<td class=\"xl64\" style=\"height: 18pt; box-sizing: border-box; padding-bottom: 0px; padding-top: 0px; text-align: center;\" height=\"24\">\u00a03<\/td>\n<td class=\"xl64\" style=\"box-sizing: border-box; padding-bottom: 0px; padding-top: 0px; text-align: center;\">\u00a027-44 mm<\/td>\n<td class=\"xl64\" style=\"box-sizing: border-box; padding-bottom: 0px; padding-top: 0px; text-align: center;\">\u00a0118 g<\/td>\n<td class=\"xl64\" style=\"box-sizing: border-box; padding-bottom: 0px; padding-top: 0px; text-align: center;\">\u00a011 kN<\/td>\n<\/tr>\n<tr style=\"height: 18.0pt;\">\n<td class=\"xl64\" style=\"height: 18pt; box-sizing: border-box; padding-bottom: 0px; padding-top: 0px; text-align: center;\" height=\"24\">\u00a04<\/td>\n<td class=\"xl64\" style=\"box-sizing: border-box; padding-bottom: 0px; padding-top: 0px; text-align: center;\">\u00a033-53 mm<\/td>\n<td class=\"xl64\" style=\"box-sizing: border-box; padding-bottom: 0px; padding-top: 0px; text-align: center;\">\u00a0154 g<\/td>\n<td class=\"xl64\" style=\"box-sizing: border-box; padding-bottom: 0px; padding-top: 0px; text-align: center;\">\u00a012 kN<\/td>\n<\/tr>\n<tr style=\"height: 18.0pt;\">\n<td class=\"xl64\" style=\"height: 18pt; box-sizing: border-box; padding-bottom: 0px; padding-top: 0px; text-align: center;\" height=\"24\">\u00a05<\/td>\n<td class=\"xl64\" style=\"box-sizing: border-box; padding-bottom: 0px; padding-top: 0px; text-align: center;\">\u00a043-68 mm<\/td>\n<td class=\"xl64\" style=\"box-sizing: border-box; padding-bottom: 0px; padding-top: 0px; text-align: center;\">\u00a0176 g<\/td>\n<td class=\"xl64\" style=\"box-sizing: border-box; padding-bottom: 0px; padding-top: 0px; text-align: center;\">\u00a012 kN<\/td>\n<\/tr>\n<tr style=\"height: 18.0pt;\">\n<td class=\"xl64\" style=\"height: 18pt; box-sizing: border-box; padding-bottom: 0px; padding-top: 0px; text-align: center;\" height=\"24\">\u00a06<\/td>\n<td class=\"xl64\" style=\"box-sizing: border-box; padding-bottom: 0px; padding-top: 0px; text-align: center;\">\u00a055-88 mm<\/td>\n<td class=\"xl64\" style=\"box-sizing: border-box; padding-bottom: 0px; padding-top: 0px; text-align: center;\">\u00a0224 g<\/td>\n<td class=\"xl64\" style=\"box-sizing: border-box; padding-bottom: 0px; padding-top: 0px; text-align: center;\">\u00a012 kN<\/td>\n<\/tr>\n<tr style=\"height: 18.0pt;\">\n<td class=\"xl64\" style=\"height: 18pt; box-sizing: border-box; padding-bottom: 0px; padding-top: 0px; text-align: center;\" height=\"24\">\u00a07<\/td>\n<td class=\"xl64\" style=\"box-sizing: border-box; padding-bottom: 0px; padding-top: 0px; text-align: center;\">\u00a070-110 mm<\/td>\n<td class=\"xl64\" style=\"box-sizing: border-box; padding-bottom: 0px; padding-top: 0px; text-align: center;\">\u00a0280 g<\/td>\n<td class=\"xl64\" style=\"box-sizing: border-box; padding-bottom: 0px; padding-top: 0px; text-align: center;\">\u00a012 kN<\/td>\n<\/tr>\n<\/tbody>\n<\/table>\n<h3>Sinn der verl\u00e4ngerbaren Bandschlinge<\/h3>\n<p>Die Flexor Friends von Rock Empire haben eine &#8220;doppelte&#8221; Bandschlinge. D.h. diese ist &#8220;verl\u00e4ngerbar&#8221;.<\/p>\n<p>Der Sinn dahinter ist einfach. Man kann mit nur einem Karabiner das Kletterseil direkt darin einh\u00e4ngen. Man braucht keine &#8220;extra&#8221; Express mehr.<\/p>\n<p>Denn durch die 20cm lange Dyneema Schlinge &#8220;pendelt&#8221; der <a href=\"https:\/\/bolting.eu\/produkt-kategorie\/kletterausruestung\/kletterkarabiner\/schnappkarabiner\/\">Schnappkarabiner<\/a> ausreichend hin und her. Somit kann das &#8220;wandern&#8221; entsprechend eingegrenzt werden.<\/p>\n<h3>Flexor Friends f\u00fcr Intermediate &#8211; Allrounder gedacht<\/h3>\n<p>Diese Cams sind f\u00fcr Allrounder im Intermediate Bereich gedacht. Denn sie bieten f\u00fcr einen vern\u00fcnftigen Preis alles, was ein guter Cam haben muss.<\/p>\n<p>Andere g\u00fcnstige Modelle in unserem Sortiment sind die <a href=\"https:\/\/bolting.eu\/shop\/rock-empire-comet-friends\/\">Comet Friends<\/a> bzw. die <a href=\"https:\/\/bolting.eu\/shop\/lacd-twin-cams\/\">LACD Twin Cams<\/a>. Wer ein deutliches Qualit\u00e4ts Update haben will, muss zu den <a href=\"https:\/\/bolting.eu\/shop\/dmm-dragon-cams\/\">DMM Dragon Cams<\/a> greifen.<\/p>\n","protected":false},"excerpt":{"rendered":"<p>Preiswerte, einachsige Cams mit verl\u00e4ngerbarer Bandschlinge.<\/p>\n<p>Ideal f\u00fcr Intermediate &#8211; Allround Kletterer. Erh\u00e4ltlich in 10 Gr\u00f6\u00dfen.<\/p>\n<p>Versandkostenfrei bis 2kg in <img decoding=\"async\" class=\"emoji\" role=\"img\" draggable=\"false\" src=\"https:\/\/s.w.org\/images\/core\/emoji\/14.0.0\/svg\/1f1e6-1f1f9.svg\" alt=\"\ud83c\udde6\ud83c\uddf9\" \/> ab \u20ac 100,- und <img decoding=\"async\" class=\"emoji\" role=\"img\" draggable=\"false\" src=\"https:\/\/s.w.org\/images\/core\/emoji\/14.0.0\/svg\/1f1e9-1f1ea.svg\" alt=\"\ud83c\udde9\ud83c\uddea\" \/> ab \u20ac 200,-!<\/p>\n","protected":false},"featured_media":17993,"comment_status":"closed","ping_status":"closed","template":"","meta":[],"product_brand":[],"product_cat":[29,39],"product_tag":[],"class_list":{"0":"post-17981","1":"product","2":"type-product","3":"status-publish","4":"has-post-thumbnail","6":"product_cat-kletterausruestung","7":"product_cat-klemmgeraete-friends","9":"first","10":"instock","11":"sale","12":"taxable","13":"shipping-taxable","14":"purchasable","15":"product-type-variable"},"yoast_head":"<!-- This site is optimized with the Yoast SEO Premium plugin v26.9 (Yoast SEO v26.9) - https:\/\/yoast.com\/product\/yoast-seo-premium-wordpress\/ -->\n<title>Rock Empire Flexor Friends g\u00fcnstig online kaufen | bolting.eu<\/title>\n<meta name=\"description\" content=\"Rock Empire Flexor Friends beim Kletter Hardware Profi aus Innsbruck kaufen \u2705 kostenloser Versand* \u2705 14 Tage R\u00fcckgaberecht \u2705 Co2 neutraler Versand\" \/>\n<meta name=\"robots\" content=\"index, follow, max-snippet:-1, max-image-preview:large, max-video-preview:-1\" \/>\n<link rel=\"canonical\" href=\"https:\/\/bolting.eu\/en\/shop\/rock-empire-flexor-friends\/\" \/>\n<meta property=\"og:locale\" content=\"en_US\" \/>\n<meta property=\"og:type\" content=\"article\" \/>\n<meta property=\"og:title\" content=\"Rock Empire Flexor Friends\" \/>\n<meta property=\"og:description\" content=\"Rock Empire Flexor Friends beim Kletter Hardware Profi aus Innsbruck kaufen \u2705 kostenloser Versand* \u2705 14 Tage R\u00fcckgaberecht \u2705 Co2 neutraler Versand\" \/>\n<meta property=\"og:url\" content=\"https:\/\/bolting.eu\/en\/shop\/rock-empire-flexor-friends\/\" \/>\n<meta property=\"og:site_name\" content=\"bolting.eu\" \/>\n<meta property=\"article:publisher\" content=\"https:\/\/www.facebook.com\/bolting.eu\" \/>\n<meta property=\"article:modified_time\" content=\"2025-07-24T07:40:36+00:00\" \/>\n<meta property=\"og:image\" content=\"https:\/\/bolting.eu\/wp-content\/uploads\/2023\/12\/Rock-Empire-Flexor-Friends-1-.jpg\" \/>\n\t<meta property=\"og:image:width\" content=\"700\" \/>\n\t<meta property=\"og:image:height\" content=\"700\" \/>\n\t<meta property=\"og:image:type\" content=\"image\/jpeg\" \/>\n<meta name=\"twitter:card\" content=\"summary_large_image\" \/>\n<meta name=\"twitter:label1\" content=\"Availability\" \/>\n\t<meta name=\"twitter:data1\" content=\"In stock\" \/>\n<script type=\"application\/ld+json\" class=\"yoast-schema-graph\">{\"@context\":\"https:\/\/schema.org\",\"@graph\":[{\"@type\":[\"WebPage\",\"ItemPage\"],\"@id\":\"https:\/\/bolting.eu\/en\/shop\/rock-empire-flexor-friends\/\",\"url\":\"https:\/\/bolting.eu\/en\/shop\/rock-empire-flexor-friends\/\",\"name\":\"Rock Empire Flexor Friends g\u00fcnstig online kaufen | bolting.eu\",\"isPartOf\":{\"@id\":\"https:\/\/bolting.eu\/en\/#website\"},\"primaryImageOfPage\":{\"@id\":\"https:\/\/bolting.eu\/en\/shop\/rock-empire-flexor-friends\/#primaryimage\"},\"image\":{\"@id\":\"https:\/\/bolting.eu\/en\/shop\/rock-empire-flexor-friends\/#primaryimage\"},\"thumbnailUrl\":\"https:\/\/bolting.eu\/wp-content\/uploads\/2023\/12\/Rock-Empire-Flexor-Friends-1-.jpg\",\"datePublished\":\"2023-12-27T11:08:41+00:00\",\"dateModified\":\"2025-07-24T07:40:36+00:00\",\"description\":\"Rock Empire Flexor Friends beim Kletter Hardware Profi aus Innsbruck kaufen \u2705 kostenloser Versand* \u2705 14 Tage R\u00fcckgaberecht \u2705 Co2 neutraler Versand\",\"breadcrumb\":{\"@id\":\"https:\/\/bolting.eu\/en\/shop\/rock-empire-flexor-friends\/#breadcrumb\"},\"inLanguage\":\"en-US\",\"potentialAction\":[{\"@type\":\"ReadAction\",\"target\":[\"https:\/\/bolting.eu\/en\/shop\/rock-empire-flexor-friends\/\"]}]},{\"@type\":\"ImageObject\",\"inLanguage\":\"en-US\",\"@id\":\"https:\/\/bolting.eu\/en\/shop\/rock-empire-flexor-friends\/#primaryimage\",\"url\":\"https:\/\/bolting.eu\/wp-content\/uploads\/2023\/12\/Rock-Empire-Flexor-Friends-1-.jpg\",\"contentUrl\":\"https:\/\/bolting.eu\/wp-content\/uploads\/2023\/12\/Rock-Empire-Flexor-Friends-1-.jpg\",\"width\":700,\"height\":700,\"caption\":\"Buntes Set aus 10 St\u00fcck Rock Empire Flexor Friends im Halbkreis aufgelegt.\"},{\"@type\":\"BreadcrumbList\",\"@id\":\"https:\/\/bolting.eu\/en\/shop\/rock-empire-flexor-friends\/#breadcrumb\",\"itemListElement\":[{\"@type\":\"ListItem\",\"position\":1,\"name\":\"Shop\",\"item\":\"https:\/\/bolting.eu\/en\/shop\/\"},{\"@type\":\"ListItem\",\"position\":2,\"name\":\"climbing equipment\",\"item\":\"https:\/\/bolting.eu\/en\/produkt-kategorie\/climbing-equipment\/\"},{\"@type\":\"ListItem\",\"position\":3,\"name\":\"Klemmger\u00e4te - Friends\",\"item\":\"https:\/\/bolting.eu\/produkt-kategorie\/kletterausruestung\/klemmgeraete-friends\/\"},{\"@type\":\"ListItem\",\"position\":4,\"name\":\"Rock Empire Flexor Friends\"}]},{\"@type\":\"WebSite\",\"@id\":\"https:\/\/bolting.eu\/en\/#website\",\"url\":\"https:\/\/bolting.eu\/en\/\",\"name\":\"bolting.eu\",\"description\":\"we make climbs happen\",\"publisher\":{\"@id\":\"https:\/\/bolting.eu\/en\/#organization\"},\"potentialAction\":[{\"@type\":\"SearchAction\",\"target\":{\"@type\":\"EntryPoint\",\"urlTemplate\":\"https:\/\/bolting.eu\/en\/?s={search_term_string}\"},\"query-input\":{\"@type\":\"PropertyValueSpecification\",\"valueRequired\":true,\"valueName\":\"search_term_string\"}}],\"inLanguage\":\"en-US\"},{\"@type\":[\"Organization\",\"Place\",\"SportingGoodsStore\"],\"@id\":\"https:\/\/bolting.eu\/en\/#organization\",\"name\":\"bolting.eu\",\"url\":\"https:\/\/bolting.eu\/en\/\",\"logo\":{\"@id\":\"https:\/\/bolting.eu\/en\/shop\/rock-empire-flexor-friends\/#local-main-organization-logo\"},\"image\":{\"@id\":\"https:\/\/bolting.eu\/en\/shop\/rock-empire-flexor-friends\/#local-main-organization-logo\"},\"sameAs\":[\"https:\/\/www.facebook.com\/bolting.eu\",\"https:\/\/www.instagram.com\/bolting.eu\/\"],\"address\":{\"@id\":\"https:\/\/bolting.eu\/en\/shop\/rock-empire-flexor-friends\/#local-main-place-address\"},\"geo\":{\"@type\":\"GeoCoordinates\",\"latitude\":\"47.264176340396226\",\"longitude\":\"11.380109057672346\"},\"telephone\":[\"+43 699 19083372\"],\"openingHoursSpecification\":[{\"@type\":\"OpeningHoursSpecification\",\"dayOfWeek\":[\"Monday\",\"Wednesday\",\"Friday\"],\"opens\":\"14:00\",\"closes\":\"18:00\"},{\"@type\":\"OpeningHoursSpecification\",\"dayOfWeek\":[\"Tuesday\",\"Thursday\",\"Saturday\",\"Sunday\"],\"opens\":\"00:00\",\"closes\":\"00:00\"}],\"email\":\"office@bolting.eu\",\"vatID\":\"ATU59999728\",\"priceRange\":\"$$\",\"currenciesAccepted\":\"Euro\"},{\"@type\":\"PostalAddress\",\"@id\":\"https:\/\/bolting.eu\/en\/shop\/rock-empire-flexor-friends\/#local-main-place-address\",\"streetAddress\":\"Fischnalerstra\u00dfe 4\",\"addressLocality\":\"Innsbruck\",\"postalCode\":\"6020\",\"addressRegion\":\"Tirol\",\"addressCountry\":\"AT\"},{\"@type\":\"ImageObject\",\"inLanguage\":\"en-US\",\"@id\":\"https:\/\/bolting.eu\/en\/shop\/rock-empire-flexor-friends\/#local-main-organization-logo\",\"url\":\"https:\/\/bolting.eu\/wp-content\/uploads\/2019\/09\/bolting-logo.png\",\"contentUrl\":\"https:\/\/bolting.eu\/wp-content\/uploads\/2019\/09\/bolting-logo.png\",\"width\":400,\"height\":211,\"caption\":\"bolting.eu\"}]}<\/script>\n<meta property=\"og:availability\" content=\"instock\" \/>\n<meta property=\"product:availability\" content=\"instock\" \/>\n<meta property=\"product:condition\" content=\"new\" \/>\n<meta name=\"geo.placename\" content=\"Innsbruck\" \/>\n<meta name=\"geo.position\" content=\"47.264176340396226;11.380109057672346\" \/>\n<meta name=\"geo.region\" content=\"Austria\" \/>\n<!-- \/ Yoast SEO Premium plugin. -->","yoast_head_json":{"title":"Rock Empire Flexor Friends g\u00fcnstig online kaufen | bolting.eu","description":"Rock Empire Flexor Friends beim Kletter Hardware Profi aus Innsbruck kaufen \u2705 kostenloser Versand* \u2705 14 Tage R\u00fcckgaberecht \u2705 Co2 neutraler Versand","robots":{"index":"index","follow":"follow","max-snippet":"max-snippet:-1","max-image-preview":"max-image-preview:large","max-video-preview":"max-video-preview:-1"},"canonical":"https:\/\/bolting.eu\/en\/shop\/rock-empire-flexor-friends\/","og_locale":"en_US","og_type":"article","og_title":"Rock Empire Flexor Friends","og_description":"Rock Empire Flexor Friends beim Kletter Hardware Profi aus Innsbruck kaufen \u2705 kostenloser Versand* \u2705 14 Tage R\u00fcckgaberecht \u2705 Co2 neutraler Versand","og_url":"https:\/\/bolting.eu\/en\/shop\/rock-empire-flexor-friends\/","og_site_name":"bolting.eu","article_publisher":"https:\/\/www.facebook.com\/bolting.eu","article_modified_time":"2025-07-24T07:40:36+00:00","og_image":[{"width":700,"height":700,"url":"https:\/\/bolting.eu\/wp-content\/uploads\/2023\/12\/Rock-Empire-Flexor-Friends-1-.jpg","type":"image\/jpeg"}],"twitter_card":"summary_large_image","twitter_misc":{"Availability":"In stock"},"schema":{"@context":"https:\/\/schema.org","@graph":[{"@type":["WebPage","ItemPage"],"@id":"https:\/\/bolting.eu\/en\/shop\/rock-empire-flexor-friends\/","url":"https:\/\/bolting.eu\/en\/shop\/rock-empire-flexor-friends\/","name":"Rock Empire Flexor Friends g\u00fcnstig online kaufen | bolting.eu","isPartOf":{"@id":"https:\/\/bolting.eu\/en\/#website"},"primaryImageOfPage":{"@id":"https:\/\/bolting.eu\/en\/shop\/rock-empire-flexor-friends\/#primaryimage"},"image":{"@id":"https:\/\/bolting.eu\/en\/shop\/rock-empire-flexor-friends\/#primaryimage"},"thumbnailUrl":"https:\/\/bolting.eu\/wp-content\/uploads\/2023\/12\/Rock-Empire-Flexor-Friends-1-.jpg","datePublished":"2023-12-27T11:08:41+00:00","dateModified":"2025-07-24T07:40:36+00:00","description":"Rock Empire Flexor Friends beim Kletter Hardware Profi aus Innsbruck kaufen \u2705 kostenloser Versand* \u2705 14 Tage R\u00fcckgaberecht \u2705 Co2 neutraler Versand","breadcrumb":{"@id":"https:\/\/bolting.eu\/en\/shop\/rock-empire-flexor-friends\/#breadcrumb"},"inLanguage":"en-US","potentialAction":[{"@type":"ReadAction","target":["https:\/\/bolting.eu\/en\/shop\/rock-empire-flexor-friends\/"]}]},{"@type":"ImageObject","inLanguage":"en-US","@id":"https:\/\/bolting.eu\/en\/shop\/rock-empire-flexor-friends\/#primaryimage","url":"https:\/\/bolting.eu\/wp-content\/uploads\/2023\/12\/Rock-Empire-Flexor-Friends-1-.jpg","contentUrl":"https:\/\/bolting.eu\/wp-content\/uploads\/2023\/12\/Rock-Empire-Flexor-Friends-1-.jpg","width":700,"height":700,"caption":"Buntes Set aus 10 St\u00fcck Rock Empire Flexor Friends im Halbkreis aufgelegt."},{"@type":"BreadcrumbList","@id":"https:\/\/bolting.eu\/en\/shop\/rock-empire-flexor-friends\/#breadcrumb","itemListElement":[{"@type":"ListItem","position":1,"name":"Shop","item":"https:\/\/bolting.eu\/en\/shop\/"},{"@type":"ListItem","position":2,"name":"climbing equipment","item":"https:\/\/bolting.eu\/en\/produkt-kategorie\/climbing-equipment\/"},{"@type":"ListItem","position":3,"name":"Klemmger\u00e4te - Friends","item":"https:\/\/bolting.eu\/produkt-kategorie\/kletterausruestung\/klemmgeraete-friends\/"},{"@type":"ListItem","position":4,"name":"Rock Empire Flexor Friends"}]},{"@type":"WebSite","@id":"https:\/\/bolting.eu\/en\/#website","url":"https:\/\/bolting.eu\/en\/","name":"bolting.eu","description":"we make climbs happen","publisher":{"@id":"https:\/\/bolting.eu\/en\/#organization"},"potentialAction":[{"@type":"SearchAction","target":{"@type":"EntryPoint","urlTemplate":"https:\/\/bolting.eu\/en\/?s={search_term_string}"},"query-input":{"@type":"PropertyValueSpecification","valueRequired":true,"valueName":"search_term_string"}}],"inLanguage":"en-US"},{"@type":["Organization","Place","SportingGoodsStore"],"@id":"https:\/\/bolting.eu\/en\/#organization","name":"bolting.eu","url":"https:\/\/bolting.eu\/en\/","logo":{"@id":"https:\/\/bolting.eu\/en\/shop\/rock-empire-flexor-friends\/#local-main-organization-logo"},"image":{"@id":"https:\/\/bolting.eu\/en\/shop\/rock-empire-flexor-friends\/#local-main-organization-logo"},"sameAs":["https:\/\/www.facebook.com\/bolting.eu","https:\/\/www.instagram.com\/bolting.eu\/"],"address":{"@id":"https:\/\/bolting.eu\/en\/shop\/rock-empire-flexor-friends\/#local-main-place-address"},"geo":{"@type":"GeoCoordinates","latitude":"47.264176340396226","longitude":"11.380109057672346"},"telephone":["+43 699 19083372"],"openingHoursSpecification":[{"@type":"OpeningHoursSpecification","dayOfWeek":["Monday","Wednesday","Friday"],"opens":"14:00","closes":"18:00"},{"@type":"OpeningHoursSpecification","dayOfWeek":["Tuesday","Thursday","Saturday","Sunday"],"opens":"00:00","closes":"00:00"}],"email":"office@bolting.eu","vatID":"ATU59999728","priceRange":"$$","currenciesAccepted":"Euro"},{"@type":"PostalAddress","@id":"https:\/\/bolting.eu\/en\/shop\/rock-empire-flexor-friends\/#local-main-place-address","streetAddress":"Fischnalerstra\u00dfe 4","addressLocality":"Innsbruck","postalCode":"6020","addressRegion":"Tirol","addressCountry":"AT"},{"@type":"ImageObject","inLanguage":"en-US","@id":"https:\/\/bolting.eu\/en\/shop\/rock-empire-flexor-friends\/#local-main-organization-logo","url":"https:\/\/bolting.eu\/wp-content\/uploads\/2019\/09\/bolting-logo.png","contentUrl":"https:\/\/bolting.eu\/wp-content\/uploads\/2019\/09\/bolting-logo.png","width":400,"height":211,"caption":"bolting.eu"}]},"og_availability":"instock","product_availability":"instock","product_condition":"new","geo.placename":"Innsbruck","geo.position":{"lat":"47.264176340396226","long":"11.380109057672346"},"geo.region":"Austria"},"_links":{"self":[{"href":"https:\/\/bolting.eu\/en\/wp-json\/wp\/v2\/product\/17981","targetHints":{"allow":["GET"]}}],"collection":[{"href":"https:\/\/bolting.eu\/en\/wp-json\/wp\/v2\/product"}],"about":[{"href":"https:\/\/bolting.eu\/en\/wp-json\/wp\/v2\/types\/product"}],"replies":[{"embeddable":true,"href":"https:\/\/bolting.eu\/en\/wp-json\/wp\/v2\/comments?post=17981"}],"wp:featuredmedia":[{"embeddable":true,"href":"https:\/\/bolting.eu\/en\/wp-json\/wp\/v2\/media\/17993"}],"wp:attachment":[{"href":"https:\/\/bolting.eu\/en\/wp-json\/wp\/v2\/media?parent=17981"}],"wp:term":[{"taxonomy":"product_brand","embeddable":true,"href":"https:\/\/bolting.eu\/en\/wp-json\/wp\/v2\/product_brand?post=17981"},{"taxonomy":"product_cat","embeddable":true,"href":"https:\/\/bolting.eu\/en\/wp-json\/wp\/v2\/product_cat?post=17981"},{"taxonomy":"product_tag","embeddable":true,"href":"https:\/\/bolting.eu\/en\/wp-json\/wp\/v2\/product_tag?post=17981"}],"curies":[{"name":"wp","href":"https:\/\/api.w.org\/{rel}","templated":true}]}}