{"id":17952,"date":"2023-12-27T10:47:53","date_gmt":"2023-12-27T09:47:53","guid":{"rendered":"https:\/\/bolting.eu\/?post_type=product&#038;p=17952"},"modified":"2026-01-19T18:25:25","modified_gmt":"2026-01-19T17:25:25","slug":"rock-empire-comet-friends","status":"publish","type":"product","link":"https:\/\/bolting.eu\/en\/shop\/rock-empire-comet-friends\/","title":{"rendered":"Rock Empire Comet Friends"},"content":{"rendered":"<p>Die Rock Empire Comet Friends sind einfache, g\u00fcnstige Klemmger\u00e4te.<\/p>\n<p>Sie sind sehr beliebt, weil diese Cams eine preiswerte Alternative zu teureren Produkten ist. Folglich bekommt man hier f\u00fcr etwas weniger Geld auch ein klein weniger an Performance.<\/p>\n<p>Unserer Meinung nach ist dieser Artikel etwas f\u00fcr Gelegenheits &#8211; Trad &#8211; oder Alpinkletterer. Denn diese soliden Cams haben alles, was man f\u00fcr leichtere Alpinrouten oder Risse braucht.<\/p>\n<p>Ordentliches Handling, gute Gr\u00f6\u00dfenverteilung, verl\u00e4ssliche Trigger und eine Dyneema <a href=\"https:\/\/bolting.eu\/produkt-kategorie\/kletterausruestung\/bandschlinge\/\">Bandschlinge<\/a>.<\/p>\n<p>Kurzum. Einfach, g\u00fcnstig, gut!<\/p>\n<h2>Eigenschaften Comet Friends<\/h2>\n<ul>\n<li>Hersteller: Rock Empire &#8211; Tschechien<\/li>\n<li>Material: Alu Klemmnocken, Stahlkabel, Plastikh\u00fclle, Dyneema Schlinge, Kunststoff Trigger<\/li>\n<li>11Gr\u00f6\u00dfen: 0,25 &#8211; 8 (siehe Tabelle unten)<\/li>\n<li>Range: 12mm &#8211; 140mm<\/li>\n<li>Gewicht: 68 &#8211; 361 Gramm (ganzes Set 1.584 Gramm)<\/li>\n<li>Bruchlast: 7kN &#8211; 12kN<\/li>\n<li>Norm: EN 12276<\/li>\n<li>einfache, 1-achsige Klemmger\u00e4te<\/li>\n<li>preiswert<\/li>\n<li>ganzes Set deckt gro\u00dfen Rissbereich ab<\/li>\n<li><a href=\"https:\/\/www.rockempire.cz\/sites\/default\/files\/9653\/rockempire_cams_new_digital_8_8_2019_press.pdf\" target=\"_blank\" rel=\"noopener\">Bedienungsanleitung<\/a><\/li>\n<\/ul>\n<h3>Gr\u00f6\u00dfen- &amp; Gewichts Tabelle<\/h3>\n<p>Im Folgenden k\u00f6nnt ihr alle Details der Comet Friends aus der Tabelle entnehmen.<\/p>\n<table>\n<tbody>\n<tr>\n<td class=\"\" style=\"text-align: center;\"><strong>Gr\u00f6\u00dfe:<\/strong><\/td>\n<td class=\"\" style=\"text-align: center;\"><strong>0,25<\/strong><\/td>\n<td class=\"\" style=\"text-align: center;\"><strong>0,5<\/strong><\/td>\n<td class=\"\" style=\"text-align: center;\"><strong>0,75<\/strong><\/td>\n<td class=\"\" style=\"text-align: center;\"><strong>1<\/strong><\/td>\n<td class=\"\" style=\"text-align: center;\"><strong>2<\/strong><\/td>\n<td class=\"\" style=\"text-align: center;\"><strong>3<\/strong><\/td>\n<td class=\"\" style=\"text-align: center;\"><strong>4<\/strong><\/td>\n<td class=\"\" style=\"text-align: center;\"><strong>5<\/strong><\/td>\n<td class=\"\" style=\"text-align: center;\"><strong>6<\/strong><\/td>\n<td class=\"\" style=\"text-align: center;\"><strong>7<\/strong><\/td>\n<td class=\"\" style=\"text-align: center;\"><strong>8<\/strong><\/td>\n<td class=\"\" style=\"text-align: center;\"><strong>0,25 &#8211; 5 Set<\/strong><\/td>\n<td class=\"\" style=\"text-align: center;\"><strong>0,25 &#8211; 8 Set<\/strong><\/td>\n<\/tr>\n<tr>\n<td class=\"\" style=\"text-align: center;\">Weite min.\/max:<\/td>\n<td class=\"\" style=\"text-align: center;\">12 &#8211; 16,5 mm<\/td>\n<td class=\"\" style=\"text-align: center;\">14 &#8211; 20 mm<\/td>\n<td class=\"\" style=\"text-align: center;\">17 &#8211; 24 mm<\/td>\n<td class=\"\" style=\"text-align: center;\">18,5 &#8211; 30,5<\/td>\n<td class=\"\" style=\"text-align: center;\">21 &#8211; 35 mm<\/td>\n<td class=\"\" style=\"text-align: center;\">26 &#8211; 44,5 mm<\/td>\n<td class=\"\" style=\"text-align: center;\">33 &#8211; 55 mm<\/td>\n<td class=\"\" style=\"text-align: center;\">43 &#8211; 70 mm<\/td>\n<td class=\"\" style=\"text-align: center;\">55 &#8211; 89 mm<\/td>\n<td class=\"\" style=\"text-align: center;\">72 &#8211; 113 mm<\/td>\n<td class=\"\" style=\"text-align: center;\">90 &#8211; 140 mm<\/td>\n<td class=\"\" style=\"text-align: center;\"><\/td>\n<td class=\"\" style=\"text-align: center;\"><\/td>\n<\/tr>\n<tr>\n<td class=\"\" style=\"text-align: center;\">Bruchlast:<\/td>\n<td class=\"\" style=\"text-align: center;\">7 kN<\/td>\n<td class=\"\" style=\"text-align: center;\">9 kN<\/td>\n<td class=\"\" style=\"text-align: center;\">10 kN<\/td>\n<td class=\"\" style=\"text-align: center;\">11 kN<\/td>\n<td class=\"\" style=\"text-align: center;\">11 kN<\/td>\n<td class=\"\" style=\"text-align: center;\">12 kN<\/td>\n<td class=\"\" style=\"text-align: center;\">12 kN<\/td>\n<td class=\"\" style=\"text-align: center;\">12 kN<\/td>\n<td class=\"\" style=\"text-align: center;\">12 kN<\/td>\n<td class=\"\" style=\"text-align: center;\">12 kN<\/td>\n<td class=\"\" style=\"text-align: center;\">12 kN<\/td>\n<td class=\"\" style=\"text-align: center;\"><\/td>\n<td class=\"\" style=\"text-align: center;\"><\/td>\n<\/tr>\n<tr>\n<td class=\"\" style=\"text-align: center;\">Gewicht:<\/td>\n<td class=\"\" style=\"text-align: center;\">68 g<\/td>\n<td class=\"\" style=\"text-align: center;\">72 g<\/td>\n<td class=\"\" style=\"text-align: center;\">76 g<\/td>\n<td class=\"\" style=\"text-align: center;\">82 g<\/td>\n<td class=\"\" style=\"text-align: center;\">96 g<\/td>\n<td class=\"\" style=\"text-align: center;\">102 g<\/td>\n<td class=\"\" style=\"text-align: center;\">138 g<\/td>\n<td class=\"\" style=\"text-align: center;\">162 g<\/td>\n<td class=\"\" style=\"text-align: center;\">214 g<\/td>\n<td class=\"\" style=\"text-align: center;\">258 g<\/td>\n<td class=\"\" style=\"text-align: center;\">316 g<\/td>\n<td class=\"\" style=\"text-align: center;\">796 g<\/td>\n<td class=\"\" style=\"text-align: center;\">1584 g<\/td>\n<\/tr>\n<tr>\n<td class=\"\" style=\"text-align: center;\">Norm:<\/td>\n<td class=\"\" style=\"text-align: center;\">EN 12276<\/td>\n<td class=\"\" style=\"text-align: center;\">EN 12276<\/td>\n<td class=\"\" style=\"text-align: center;\">EN 12276<\/td>\n<td class=\"\" style=\"text-align: center;\">EN 12276<\/td>\n<td class=\"\" style=\"text-align: center;\">EN 12276<\/td>\n<td class=\"\" style=\"text-align: center;\">EN 12276<\/td>\n<td class=\"\" style=\"text-align: center;\">EN 12276<\/td>\n<td class=\"\" style=\"text-align: center;\">EN 12276<\/td>\n<td class=\"\" style=\"text-align: center;\">EN 12276<\/td>\n<td class=\"\" style=\"text-align: center;\">EN 12276<\/td>\n<td class=\"\" style=\"text-align: center;\">EN 12276<\/td>\n<\/tr>\n<\/tbody>\n<\/table>\n<p>&nbsp;<\/p>\n<h3>Vergleich Gr\u00f6\u00dfen zu <a href=\"https:\/\/bolting.eu\/shop\/black-diamond-camalots\/\">BD Camalots<\/a><\/h3>\n<table style=\"height: 396px;\" width=\"474\">\n<tbody>\n<tr>\n<td style=\"text-align: center;\" width=\"151\"><strong>Range<\/strong><\/td>\n<td style=\"text-align: center;\" width=\"87\"><strong>BD Camalot<\/strong><\/td>\n<td style=\"text-align: center;\" width=\"87\"><strong>Rock Empire<\/strong><\/td>\n<td style=\"text-align: center;\" width=\"87\"><strong>Range<\/strong><\/td>\n<\/tr>\n<tr>\n<td style=\"text-align: center;\"><\/td>\n<td style=\"text-align: center;\"><\/td>\n<td style=\"text-align: center;\">\u00a00,25<\/td>\n<td style=\"text-align: center;\">\u00a012-16,5 mm<\/td>\n<\/tr>\n<tr>\n<td style=\"text-align: center;\">13,8 -23,4 mm<\/td>\n<td style=\"text-align: center;\">#0,3<\/td>\n<td style=\"text-align: center;\">\u00a00,5<\/td>\n<td style=\"text-align: center;\">\u00a014-20 mm<\/td>\n<\/tr>\n<tr>\n<td style=\"text-align: center;\">15,5 &#8211; 26,7 mm<\/td>\n<td style=\"text-align: center;\">#0,4<\/td>\n<td style=\"text-align: center;\">\u00a00,75<\/td>\n<td style=\"text-align: center;\">\u00a017-24 mm<\/td>\n<\/tr>\n<tr>\n<td style=\"text-align: center;\">19,6 &#8211; 33,5 mm<\/td>\n<td style=\"text-align: center;\">#0,5<\/td>\n<td style=\"text-align: center;\">\u00a01<\/td>\n<td style=\"text-align: center;\">\u00a018,5-30,5 mm<\/td>\n<\/tr>\n<tr>\n<td style=\"text-align: center;\"><\/td>\n<td style=\"text-align: center;\"><\/td>\n<td style=\"text-align: center;\">\u00a02<\/td>\n<td style=\"text-align: center;\">\u00a021-35 mm<\/td>\n<\/tr>\n<tr>\n<td style=\"text-align: center;\">23,9 &#8211; 41,2 mm<\/td>\n<td style=\"text-align: center;\">#0,75<\/td>\n<td style=\"text-align: center;\">\u00a03<\/td>\n<td style=\"text-align: center;\">\u00a026-44,5 mm<\/td>\n<\/tr>\n<tr>\n<td style=\"text-align: center;\">30,2 &#8211; 52,1 mm<\/td>\n<td style=\"text-align: center;\">#1<\/td>\n<td style=\"text-align: center;\">\u00a04<\/td>\n<td style=\"text-align: center;\">\u00a033-55 mm<\/td>\n<\/tr>\n<tr>\n<td style=\"text-align: center;\">37,2 &#8211; 64,9 mm<\/td>\n<td style=\"text-align: center;\">#2<\/td>\n<td style=\"text-align: center;\">\u00a05<\/td>\n<td style=\"text-align: center;\">\u00a043-70 mm<\/td>\n<\/tr>\n<tr>\n<td style=\"text-align: center;\">50,7 &#8211; 87,9 mm<\/td>\n<td style=\"text-align: center;\">#3<\/td>\n<td style=\"text-align: center;\">\u00a06<\/td>\n<td style=\"text-align: center;\">\u00a055-89 mm<\/td>\n<\/tr>\n<tr>\n<td style=\"text-align: center;\">66 &#8211; 114,7 mm<\/td>\n<td style=\"text-align: center;\">#4<\/td>\n<td style=\"text-align: center;\">\u00a07<\/td>\n<td style=\"text-align: center;\">\u00a072-113 mm<\/td>\n<\/tr>\n<tr>\n<td style=\"text-align: center;\">85,4 &#8211; 148,5 mm<\/td>\n<td style=\"text-align: center;\">#5<\/td>\n<td style=\"text-align: center;\">\u00a08<\/td>\n<td style=\"text-align: center;\">\u00a090-140 mm<\/td>\n<\/tr>\n<\/tbody>\n<\/table>\n<p>&nbsp;<\/p>\n<p>Die Tabelle macht eines klar anschaulich.<\/p>\n<p>Die Comet Friends von Rock Empire haben erstens mit 0,25 eine kleinere Gr\u00f6\u00dfe als der #0,3 Camalot.<\/p>\n<p>Zweitens gibt es f\u00fcr Gr\u00f6\u00dfe 2 kein richtiges \u00c4quivalent bei den BD Cams. Hier &#8220;quetschen&#8221; die Tschechen quasi eine weitere Dimension dazwischen hinein.<\/p>\n<p>Drittens ist bei RE bei den Gr\u00f6\u00dfen nach oben beim \u00c4quivalent des Camalots #5\u00a0 Schluss.<\/p>\n<p>Zusammengefasst l\u00e4sst sich sagen. Durch den limitierteren \u00d6ffnungswinkel der 1-achsigen Cams braucht man bei RE einfach mehr Klemmger\u00e4te um die selbe Range abzudecken.<\/p>\n<h3>Idealer \u00d6ffnungswinkel der Comet Friends<\/h3>\n<p>Am besten klemmen diese Cams bei einem \u00d6ffnungs Grad von 1\/4 bis zu 3\/4 ihrer Range. Dabei entfaltet sich die gr\u00f6\u00dfte physikalische Druckkraft ach au\u00dfen bei dem h\u00f6heren \u00d6ffnungsgrad.<\/p>\n<p>Das Bild anbei macht das anschaulich.<\/p>\n<p><a href=\"https:\/\/bolting.eu\/wp-content\/uploads\/2023\/12\/Rock-Empire-Comet-Friends.jpg\"><img loading=\"lazy\" decoding=\"async\" class=\"alignnone size-full wp-image-17954\" src=\"https:\/\/bolting.eu\/wp-content\/uploads\/2023\/12\/Rock-Empire-Comet-Friends.jpg\" alt=\"Grafik mit drei \u00d6ffnungswinkeln der Rock Empire Comet Friends mit Min., Max. und Danger Verweis.\" width=\"861\" height=\"466\" srcset=\"https:\/\/bolting.eu\/wp-content\/uploads\/2023\/12\/Rock-Empire-Comet-Friends.jpg 861w, https:\/\/bolting.eu\/wp-content\/uploads\/2023\/12\/Rock-Empire-Comet-Friends-739x400.jpg 739w, https:\/\/bolting.eu\/wp-content\/uploads\/2023\/12\/Rock-Empire-Comet-Friends-768x416.jpg 768w, https:\/\/bolting.eu\/wp-content\/uploads\/2023\/12\/Rock-Empire-Comet-Friends-510x276.jpg 510w, https:\/\/bolting.eu\/wp-content\/uploads\/2023\/12\/Rock-Empire-Comet-Friends-100x54.jpg 100w\" sizes=\"auto, (max-width: 861px) 100vw, 861px\" \/><\/a><\/p>\n<h3>Preiswert weil einfach<\/h3>\n<p>Der g\u00fcnstige Preis kommt wie eingangs erw\u00e4hnt durch eine entsprechende Ausstattung.<\/p>\n<p>Der Trigger ist simpel gehalten mit einem Kunststoff B\u00fcgel. Dieser gleitet an einem einfachen Stamm mit Plastik H\u00fclle. In einem Stahl Endst\u00fcck ist dann die 13mm Dyneema Schlinge eingen\u00e4ht. Diese ist 11cm lang. Somit braucht man f\u00fcr eine vern\u00fcnftige Verwendung zus\u00e4tzlich eine Expressschlinge.<\/p>\n<p>Wer eine verl\u00e4ngerbare Schlinge haben will, findet mit den Flexor Friends vom selben Hersteller die g\u00fcnstigste Alternative daf\u00fcr. Die hochwertigste Alternative mit &#8220;ausziehbarer&#8221; Bandschlinge sind die <a href=\"https:\/\/bolting.eu\/shop\/dmm-dragon-cams\/\">DMM Dragon Cams<\/a>.<\/p>\n","protected":false},"excerpt":{"rendered":"<p>Preiswerte, simple Friends f\u00fcr Trad- oder Alpinkletter Anf\u00e4nger.<\/p>\n<p>Einachsig, &#8220;single stam&#8221; mit Trigger und kurzer, 11mm Dynemma Schlinge.<\/p>\n<p>Eine der preisg\u00fcnstigsten Klemmger\u00e4te in unserem Sortiment!<\/p>\n<p>Versandkostenfrei bis 2kg in <img decoding=\"async\" class=\"emoji\" role=\"img\" draggable=\"false\" src=\"https:\/\/s.w.org\/images\/core\/emoji\/14.0.0\/svg\/1f1e6-1f1f9.svg\" alt=\"\ud83c\udde6\ud83c\uddf9\" \/> ab \u20ac 100,- und <img decoding=\"async\" class=\"emoji\" role=\"img\" draggable=\"false\" src=\"https:\/\/s.w.org\/images\/core\/emoji\/14.0.0\/svg\/1f1e9-1f1ea.svg\" alt=\"\ud83c\udde9\ud83c\uddea\" \/> ab \u20ac 200,-!<\/p>\n<p>&nbsp;<\/p>\n","protected":false},"featured_media":17957,"comment_status":"closed","ping_status":"closed","template":"","meta":[],"product_brand":[],"product_cat":[14754,29,39],"product_tag":[],"class_list":{"0":"post-17952","1":"product","2":"type-product","3":"status-publish","4":"has-post-thumbnail","6":"product_cat-rock-empire","7":"product_cat-kletterausruestung","8":"product_cat-klemmgeraete-friends","10":"first","11":"instock","12":"sale","13":"taxable","14":"shipping-taxable","15":"purchasable","16":"product-type-variable"},"yoast_head":"<!-- This site is optimized with the Yoast SEO Premium plugin v26.9 (Yoast SEO v26.9) - https:\/\/yoast.com\/product\/yoast-seo-premium-wordpress\/ -->\n<title>Rock Empire Comet Friends g\u00fcnstig online kaufen | bolting.eu<\/title>\n<meta name=\"description\" content=\"Rock Empire Comet Friends beim Hardwareprofi aus Innsbruck kaufen \u2705 kostenloser Versand* \u2705 14 Tage R\u00fcckgaberecht \u2705 Co2 neutraler Versand\" \/>\n<meta name=\"robots\" content=\"index, follow, max-snippet:-1, max-image-preview:large, max-video-preview:-1\" \/>\n<link rel=\"canonical\" href=\"https:\/\/bolting.eu\/en\/shop\/rock-empire-comet-friends\/\" \/>\n<meta property=\"og:locale\" content=\"en_US\" \/>\n<meta property=\"og:type\" content=\"article\" \/>\n<meta property=\"og:title\" content=\"Rock Empire Comet Friends\" \/>\n<meta property=\"og:description\" content=\"Rock Empire Comet Friends beim Hardwareprofi aus Innsbruck kaufen \u2705 kostenloser Versand* \u2705 14 Tage R\u00fcckgaberecht \u2705 Co2 neutraler Versand\" \/>\n<meta property=\"og:url\" content=\"https:\/\/bolting.eu\/en\/shop\/rock-empire-comet-friends\/\" \/>\n<meta property=\"og:site_name\" content=\"bolting.eu\" \/>\n<meta property=\"article:publisher\" content=\"https:\/\/www.facebook.com\/bolting.eu\" \/>\n<meta property=\"article:modified_time\" content=\"2026-01-19T17:25:25+00:00\" \/>\n<meta property=\"og:image\" content=\"https:\/\/bolting.eu\/wp-content\/uploads\/2023\/12\/Rock-Empire-Comet-Friends-1.jpg\" \/>\n\t<meta property=\"og:image:width\" content=\"700\" \/>\n\t<meta property=\"og:image:height\" content=\"700\" \/>\n\t<meta property=\"og:image:type\" content=\"image\/jpeg\" \/>\n<meta name=\"twitter:card\" content=\"summary_large_image\" \/>\n<meta name=\"twitter:label1\" content=\"Availability\" \/>\n\t<meta name=\"twitter:data1\" content=\"In stock\" \/>\n<script type=\"application\/ld+json\" class=\"yoast-schema-graph\">{\"@context\":\"https:\/\/schema.org\",\"@graph\":[{\"@type\":[\"WebPage\",\"ItemPage\"],\"@id\":\"https:\/\/bolting.eu\/en\/shop\/rock-empire-comet-friends\/\",\"url\":\"https:\/\/bolting.eu\/en\/shop\/rock-empire-comet-friends\/\",\"name\":\"Rock Empire Comet Friends g\u00fcnstig online kaufen | bolting.eu\",\"isPartOf\":{\"@id\":\"https:\/\/bolting.eu\/en\/#website\"},\"primaryImageOfPage\":{\"@id\":\"https:\/\/bolting.eu\/en\/shop\/rock-empire-comet-friends\/#primaryimage\"},\"image\":{\"@id\":\"https:\/\/bolting.eu\/en\/shop\/rock-empire-comet-friends\/#primaryimage\"},\"thumbnailUrl\":\"https:\/\/bolting.eu\/wp-content\/uploads\/2023\/12\/Rock-Empire-Comet-Friends-1.jpg\",\"datePublished\":\"2023-12-27T09:47:53+00:00\",\"dateModified\":\"2026-01-19T17:25:25+00:00\",\"description\":\"Rock Empire Comet Friends beim Hardwareprofi aus Innsbruck kaufen \u2705 kostenloser Versand* \u2705 14 Tage R\u00fcckgaberecht \u2705 Co2 neutraler Versand\",\"breadcrumb\":{\"@id\":\"https:\/\/bolting.eu\/en\/shop\/rock-empire-comet-friends\/#breadcrumb\"},\"inLanguage\":\"en-US\",\"potentialAction\":[{\"@type\":\"ReadAction\",\"target\":[\"https:\/\/bolting.eu\/en\/shop\/rock-empire-comet-friends\/\"]}]},{\"@type\":\"ImageObject\",\"inLanguage\":\"en-US\",\"@id\":\"https:\/\/bolting.eu\/en\/shop\/rock-empire-comet-friends\/#primaryimage\",\"url\":\"https:\/\/bolting.eu\/wp-content\/uploads\/2023\/12\/Rock-Empire-Comet-Friends-1.jpg\",\"contentUrl\":\"https:\/\/bolting.eu\/wp-content\/uploads\/2023\/12\/Rock-Empire-Comet-Friends-1.jpg\",\"width\":700,\"height\":700,\"caption\":\"11 verschiedene, bunte Rock Empire Comet Friends in Halbkreis aufgelegt.\"},{\"@type\":\"BreadcrumbList\",\"@id\":\"https:\/\/bolting.eu\/en\/shop\/rock-empire-comet-friends\/#breadcrumb\",\"itemListElement\":[{\"@type\":\"ListItem\",\"position\":1,\"name\":\"Shop\",\"item\":\"https:\/\/bolting.eu\/en\/shop\/\"},{\"@type\":\"ListItem\",\"position\":2,\"name\":\"climbing equipment\",\"item\":\"https:\/\/bolting.eu\/en\/produkt-kategorie\/climbing-equipment\/\"},{\"@type\":\"ListItem\",\"position\":3,\"name\":\"Klemmger\u00e4te - Friends\",\"item\":\"https:\/\/bolting.eu\/produkt-kategorie\/kletterausruestung\/klemmgeraete-friends\/\"},{\"@type\":\"ListItem\",\"position\":4,\"name\":\"Rock Empire Comet Friends\"}]},{\"@type\":\"WebSite\",\"@id\":\"https:\/\/bolting.eu\/en\/#website\",\"url\":\"https:\/\/bolting.eu\/en\/\",\"name\":\"bolting.eu\",\"description\":\"we make climbs happen\",\"publisher\":{\"@id\":\"https:\/\/bolting.eu\/en\/#organization\"},\"potentialAction\":[{\"@type\":\"SearchAction\",\"target\":{\"@type\":\"EntryPoint\",\"urlTemplate\":\"https:\/\/bolting.eu\/en\/?s={search_term_string}\"},\"query-input\":{\"@type\":\"PropertyValueSpecification\",\"valueRequired\":true,\"valueName\":\"search_term_string\"}}],\"inLanguage\":\"en-US\"},{\"@type\":[\"Organization\",\"Place\",\"SportingGoodsStore\"],\"@id\":\"https:\/\/bolting.eu\/en\/#organization\",\"name\":\"bolting.eu\",\"url\":\"https:\/\/bolting.eu\/en\/\",\"logo\":{\"@id\":\"https:\/\/bolting.eu\/en\/shop\/rock-empire-comet-friends\/#local-main-organization-logo\"},\"image\":{\"@id\":\"https:\/\/bolting.eu\/en\/shop\/rock-empire-comet-friends\/#local-main-organization-logo\"},\"sameAs\":[\"https:\/\/www.facebook.com\/bolting.eu\",\"https:\/\/www.instagram.com\/bolting.eu\/\"],\"address\":{\"@id\":\"https:\/\/bolting.eu\/en\/shop\/rock-empire-comet-friends\/#local-main-place-address\"},\"geo\":{\"@type\":\"GeoCoordinates\",\"latitude\":\"47.264176340396226\",\"longitude\":\"11.380109057672346\"},\"telephone\":[\"+43 699 19083372\"],\"openingHoursSpecification\":[{\"@type\":\"OpeningHoursSpecification\",\"dayOfWeek\":[\"Monday\",\"Wednesday\",\"Friday\"],\"opens\":\"14:00\",\"closes\":\"18:00\"},{\"@type\":\"OpeningHoursSpecification\",\"dayOfWeek\":[\"Tuesday\",\"Thursday\",\"Saturday\",\"Sunday\"],\"opens\":\"00:00\",\"closes\":\"00:00\"}],\"email\":\"office@bolting.eu\",\"vatID\":\"ATU59999728\",\"priceRange\":\"$$\",\"currenciesAccepted\":\"Euro\"},{\"@type\":\"PostalAddress\",\"@id\":\"https:\/\/bolting.eu\/en\/shop\/rock-empire-comet-friends\/#local-main-place-address\",\"streetAddress\":\"Fischnalerstra\u00dfe 4\",\"addressLocality\":\"Innsbruck\",\"postalCode\":\"6020\",\"addressRegion\":\"Tirol\",\"addressCountry\":\"AT\"},{\"@type\":\"ImageObject\",\"inLanguage\":\"en-US\",\"@id\":\"https:\/\/bolting.eu\/en\/shop\/rock-empire-comet-friends\/#local-main-organization-logo\",\"url\":\"https:\/\/bolting.eu\/wp-content\/uploads\/2019\/09\/bolting-logo.png\",\"contentUrl\":\"https:\/\/bolting.eu\/wp-content\/uploads\/2019\/09\/bolting-logo.png\",\"width\":400,\"height\":211,\"caption\":\"bolting.eu\"}]}<\/script>\n<meta property=\"og:availability\" content=\"instock\" \/>\n<meta property=\"product:availability\" content=\"instock\" \/>\n<meta property=\"product:condition\" content=\"new\" \/>\n<meta name=\"geo.placename\" content=\"Innsbruck\" \/>\n<meta name=\"geo.position\" content=\"47.264176340396226;11.380109057672346\" \/>\n<meta name=\"geo.region\" content=\"Austria\" \/>\n<!-- \/ Yoast SEO Premium plugin. -->","yoast_head_json":{"title":"Rock Empire Comet Friends g\u00fcnstig online kaufen | bolting.eu","description":"Rock Empire Comet Friends beim Hardwareprofi aus Innsbruck kaufen \u2705 kostenloser Versand* \u2705 14 Tage R\u00fcckgaberecht \u2705 Co2 neutraler Versand","robots":{"index":"index","follow":"follow","max-snippet":"max-snippet:-1","max-image-preview":"max-image-preview:large","max-video-preview":"max-video-preview:-1"},"canonical":"https:\/\/bolting.eu\/en\/shop\/rock-empire-comet-friends\/","og_locale":"en_US","og_type":"article","og_title":"Rock Empire Comet Friends","og_description":"Rock Empire Comet Friends beim Hardwareprofi aus Innsbruck kaufen \u2705 kostenloser Versand* \u2705 14 Tage R\u00fcckgaberecht \u2705 Co2 neutraler Versand","og_url":"https:\/\/bolting.eu\/en\/shop\/rock-empire-comet-friends\/","og_site_name":"bolting.eu","article_publisher":"https:\/\/www.facebook.com\/bolting.eu","article_modified_time":"2026-01-19T17:25:25+00:00","og_image":[{"width":700,"height":700,"url":"https:\/\/bolting.eu\/wp-content\/uploads\/2023\/12\/Rock-Empire-Comet-Friends-1.jpg","type":"image\/jpeg"}],"twitter_card":"summary_large_image","twitter_misc":{"Availability":"In stock"},"schema":{"@context":"https:\/\/schema.org","@graph":[{"@type":["WebPage","ItemPage"],"@id":"https:\/\/bolting.eu\/en\/shop\/rock-empire-comet-friends\/","url":"https:\/\/bolting.eu\/en\/shop\/rock-empire-comet-friends\/","name":"Rock Empire Comet Friends g\u00fcnstig online kaufen | bolting.eu","isPartOf":{"@id":"https:\/\/bolting.eu\/en\/#website"},"primaryImageOfPage":{"@id":"https:\/\/bolting.eu\/en\/shop\/rock-empire-comet-friends\/#primaryimage"},"image":{"@id":"https:\/\/bolting.eu\/en\/shop\/rock-empire-comet-friends\/#primaryimage"},"thumbnailUrl":"https:\/\/bolting.eu\/wp-content\/uploads\/2023\/12\/Rock-Empire-Comet-Friends-1.jpg","datePublished":"2023-12-27T09:47:53+00:00","dateModified":"2026-01-19T17:25:25+00:00","description":"Rock Empire Comet Friends beim Hardwareprofi aus Innsbruck kaufen \u2705 kostenloser Versand* \u2705 14 Tage R\u00fcckgaberecht \u2705 Co2 neutraler Versand","breadcrumb":{"@id":"https:\/\/bolting.eu\/en\/shop\/rock-empire-comet-friends\/#breadcrumb"},"inLanguage":"en-US","potentialAction":[{"@type":"ReadAction","target":["https:\/\/bolting.eu\/en\/shop\/rock-empire-comet-friends\/"]}]},{"@type":"ImageObject","inLanguage":"en-US","@id":"https:\/\/bolting.eu\/en\/shop\/rock-empire-comet-friends\/#primaryimage","url":"https:\/\/bolting.eu\/wp-content\/uploads\/2023\/12\/Rock-Empire-Comet-Friends-1.jpg","contentUrl":"https:\/\/bolting.eu\/wp-content\/uploads\/2023\/12\/Rock-Empire-Comet-Friends-1.jpg","width":700,"height":700,"caption":"11 verschiedene, bunte Rock Empire Comet Friends in Halbkreis aufgelegt."},{"@type":"BreadcrumbList","@id":"https:\/\/bolting.eu\/en\/shop\/rock-empire-comet-friends\/#breadcrumb","itemListElement":[{"@type":"ListItem","position":1,"name":"Shop","item":"https:\/\/bolting.eu\/en\/shop\/"},{"@type":"ListItem","position":2,"name":"climbing equipment","item":"https:\/\/bolting.eu\/en\/produkt-kategorie\/climbing-equipment\/"},{"@type":"ListItem","position":3,"name":"Klemmger\u00e4te - Friends","item":"https:\/\/bolting.eu\/produkt-kategorie\/kletterausruestung\/klemmgeraete-friends\/"},{"@type":"ListItem","position":4,"name":"Rock Empire Comet Friends"}]},{"@type":"WebSite","@id":"https:\/\/bolting.eu\/en\/#website","url":"https:\/\/bolting.eu\/en\/","name":"bolting.eu","description":"we make climbs happen","publisher":{"@id":"https:\/\/bolting.eu\/en\/#organization"},"potentialAction":[{"@type":"SearchAction","target":{"@type":"EntryPoint","urlTemplate":"https:\/\/bolting.eu\/en\/?s={search_term_string}"},"query-input":{"@type":"PropertyValueSpecification","valueRequired":true,"valueName":"search_term_string"}}],"inLanguage":"en-US"},{"@type":["Organization","Place","SportingGoodsStore"],"@id":"https:\/\/bolting.eu\/en\/#organization","name":"bolting.eu","url":"https:\/\/bolting.eu\/en\/","logo":{"@id":"https:\/\/bolting.eu\/en\/shop\/rock-empire-comet-friends\/#local-main-organization-logo"},"image":{"@id":"https:\/\/bolting.eu\/en\/shop\/rock-empire-comet-friends\/#local-main-organization-logo"},"sameAs":["https:\/\/www.facebook.com\/bolting.eu","https:\/\/www.instagram.com\/bolting.eu\/"],"address":{"@id":"https:\/\/bolting.eu\/en\/shop\/rock-empire-comet-friends\/#local-main-place-address"},"geo":{"@type":"GeoCoordinates","latitude":"47.264176340396226","longitude":"11.380109057672346"},"telephone":["+43 699 19083372"],"openingHoursSpecification":[{"@type":"OpeningHoursSpecification","dayOfWeek":["Monday","Wednesday","Friday"],"opens":"14:00","closes":"18:00"},{"@type":"OpeningHoursSpecification","dayOfWeek":["Tuesday","Thursday","Saturday","Sunday"],"opens":"00:00","closes":"00:00"}],"email":"office@bolting.eu","vatID":"ATU59999728","priceRange":"$$","currenciesAccepted":"Euro"},{"@type":"PostalAddress","@id":"https:\/\/bolting.eu\/en\/shop\/rock-empire-comet-friends\/#local-main-place-address","streetAddress":"Fischnalerstra\u00dfe 4","addressLocality":"Innsbruck","postalCode":"6020","addressRegion":"Tirol","addressCountry":"AT"},{"@type":"ImageObject","inLanguage":"en-US","@id":"https:\/\/bolting.eu\/en\/shop\/rock-empire-comet-friends\/#local-main-organization-logo","url":"https:\/\/bolting.eu\/wp-content\/uploads\/2019\/09\/bolting-logo.png","contentUrl":"https:\/\/bolting.eu\/wp-content\/uploads\/2019\/09\/bolting-logo.png","width":400,"height":211,"caption":"bolting.eu"}]},"og_availability":"instock","product_availability":"instock","product_condition":"new","geo.placename":"Innsbruck","geo.position":{"lat":"47.264176340396226","long":"11.380109057672346"},"geo.region":"Austria"},"_links":{"self":[{"href":"https:\/\/bolting.eu\/en\/wp-json\/wp\/v2\/product\/17952","targetHints":{"allow":["GET"]}}],"collection":[{"href":"https:\/\/bolting.eu\/en\/wp-json\/wp\/v2\/product"}],"about":[{"href":"https:\/\/bolting.eu\/en\/wp-json\/wp\/v2\/types\/product"}],"replies":[{"embeddable":true,"href":"https:\/\/bolting.eu\/en\/wp-json\/wp\/v2\/comments?post=17952"}],"wp:featuredmedia":[{"embeddable":true,"href":"https:\/\/bolting.eu\/en\/wp-json\/wp\/v2\/media\/17957"}],"wp:attachment":[{"href":"https:\/\/bolting.eu\/en\/wp-json\/wp\/v2\/media?parent=17952"}],"wp:term":[{"taxonomy":"product_brand","embeddable":true,"href":"https:\/\/bolting.eu\/en\/wp-json\/wp\/v2\/product_brand?post=17952"},{"taxonomy":"product_cat","embeddable":true,"href":"https:\/\/bolting.eu\/en\/wp-json\/wp\/v2\/product_cat?post=17952"},{"taxonomy":"product_tag","embeddable":true,"href":"https:\/\/bolting.eu\/en\/wp-json\/wp\/v2\/product_tag?post=17952"}],"curies":[{"name":"wp","href":"https:\/\/api.w.org\/{rel}","templated":true}]}}