{"id":17802,"date":"2023-12-07T12:10:31","date_gmt":"2023-12-07T11:10:31","guid":{"rendered":"https:\/\/bolting.eu\/?post_type=product&#038;p=17802"},"modified":"2023-12-18T14:19:26","modified_gmt":"2023-12-18T13:19:26","slug":"chalkbag-monster-pam","status":"publish","type":"product","link":"https:\/\/bolting.eu\/en\/shop\/chalkbag-monster-pam\/","title":{"rendered":"Chalkbag Monster Pam"},"content":{"rendered":"<p>Das Chalkbag Monster Pam ist die Heulsuse in der Familie. Bei jeder Kleinigkeit heult sie einfach drauf los. Deswegen wird sie von den anderen dauernd mit Chalk Eis gef\u00fcttert. Denn dann gibt sie endlich Ruhe!<\/p>\n<p>Oft wird sie aber mit auch mit <a href=\"https:\/\/bolting.eu\/produkt-kategorie\/kletterausruestung\/kletterseil\/\">Kletterseil<\/a> Spielen abgelenkt. <a href=\"https:\/\/bolting.eu\/shop\/chalkbag-monster-ozzy\/\">Ozzy<\/a> und <a href=\"https:\/\/bolting.eu\/shop\/chalkbag-monster-ruben\/\">Ruben<\/a> bauen ihr z.B. gerne mal eine Schaukel. Denn auch das beruhigt sie.<\/p>\n<p>Der Magnesiabeutel geh\u00f6rt zur legend\u00e4rem Produktion der \u00f6sterreichischen Firma\u00a0 8b+.<\/p>\n<h2>Eigenschaften Chalkbag Monster Pam<\/h2>\n<ul>\n<li>Charaktereigenschaften: Die volle Heulsuse<\/li>\n<li>Motto: Weine lieber bevor \u00fcberhaupt etwas passiert ist!<\/li>\n<li>\u00d6ffnung: 12,5cm<\/li>\n<li>inkl. Karabiner (zu opt. Befestigung am <a href=\"https:\/\/bolting.eu\/produkt-kategorie\/klettergurte\/\">Klettergurt<\/a>)<\/li>\n<li>inkl. H\u00fcftband<\/li>\n<li>inkl. 2 Schlaufen (links + rechts!) f\u00fcr Griff- bzw. <a href=\"https:\/\/bolting.eu\/produkt-kategorie\/boulder-ausruestung\/boulderbuersten\/\">Boulderb\u00fcrste<\/a><\/li>\n<li>im praktischen Geschenkbeutel<\/li>\n<\/ul>\n<p>&nbsp;<\/p>\n<h3>Pflegehinweise Chalkbag Monster Pam<\/h3>\n<p>Ihr wollt Euer <a href=\"https:\/\/bolting.eu\/produkt-kategorie\/chalkbag\/chalkbag-monster\/\">Chalkbag Monster<\/a> waschen? Kein Problem! Wir empfehlen euch hierf\u00fcr eine sanfte Handw\u00e4sche und folgende Vorgehensweise:<\/p>\n<ol>\n<li>leert das Chalkbag ganz aus, nehmt das H\u00fcftband ab und sp\u00fclt es unter laufendem Wasser ordentlich aus<\/li>\n<li>f\u00fcllt euer Waschbecken mit lauwarmen Wasser und gebt etwas Waschpulver dazu<\/li>\n<li>schwemmt das Magnesiumbeutel Monster ordentlich und mehrmals durch<\/li>\n<li>sp\u00fclt es mit lauwarmen Wasser ordentlich ab<\/li>\n<li>an der Luft trocknen lassen<\/li>\n<\/ol>\n<p>Legt Euer kleines Monster nie auf eine Heizung. Auch wenn ihr Charakter selbst manchmal hitzig ist. Hohe Temperaturen vertragen die zotteligen Kerle gar nicht!<\/p>\n<h3>Von \u00f6sterreichischer \ud83c\udde6\ud83c\uddf9Firma<\/h3>\n<p>8b+ ist eine \u00f6sterreichische Firma mit Sitz in Tirol. Somit findet viel an Wertsch\u00f6pfung in der Alpenrepublik statt. Zudem wird hier unter hohen sozialen Standards gearbeitet. Folglich unterst\u00fctzt man mit dem Kauf des Chalkbag Pam die Jobs der in \u00d6sterreich abgabenpflichtigen Angestellten!<\/p>\n<p><strong>Link Tipp:<\/strong> Euer neues Chalkbag gleich mal auf einen Klettertrip ausf\u00fchren. In das legend\u00e4re <a href=\"https:\/\/maltatal.rocks\" target=\"_blank\" rel=\"noopener noreferrer\">Klettergebiet Maltatal<\/a> in K\u00e4rnten!<\/p>\n","protected":false},"excerpt":{"rendered":"<ul>\n<li>Charaktereigenschaften: Die volle Heulsuse<\/li>\n<li>Motto: Weine lieber bevor \u00fcberhaupt etwas passiert ist!<\/li>\n<li>\u00d6ffnung: 12,5cm<\/li>\n<li>inkl. Karabiner (zu opt. Befestigung am Klettergurt)<\/li>\n<li>inkl. H\u00fcftband<\/li>\n<li>inkl. 2 Schlaufen (links + rechts!) f\u00fcr Griff- bzw. Boulderb\u00fcrste<\/li>\n<li>im praktischen Geschenkbeutel<\/li>\n<\/ul>\n","protected":false},"featured_media":17813,"comment_status":"open","ping_status":"closed","template":"","meta":[],"product_brand":[],"product_cat":[29,4664,5006,5791,5792],"product_tag":[264,3465],"class_list":{"0":"post-17802","1":"product","2":"type-product","3":"status-publish","4":"has-post-thumbnail","6":"product_cat-kletterausruestung","7":"product_cat-8b-plus","8":"product_cat-chalkbag","9":"product_cat-chalkbag-monster","10":"product_cat-chalkbag-kinder","11":"product_tag-sportklettern","12":"product_tag-kletterhalle","14":"first","15":"outofstock","16":"sale","17":"taxable","18":"shipping-taxable","19":"purchasable","20":"product-type-simple"},"yoast_head":"<!-- This site is optimized with the Yoast SEO Premium plugin v26.9 (Yoast SEO v26.9) - https:\/\/yoast.com\/product\/yoast-seo-premium-wordpress\/ -->\n<title>Chalkbag Monster Pam: jetzt online kaufen bei bolting.eu<\/title>\n<meta name=\"description\" content=\"Hier findest du das Chalkbag Monster Pam. Sie ist die Heulsuse und bl\u00e4rrt oft ganz einfach los. Von der \u00f6sterreichischen \ud83c\udde6\ud83c\uddf9Klettermarke 8b+!\" \/>\n<meta name=\"robots\" content=\"index, follow, max-snippet:-1, max-image-preview:large, max-video-preview:-1\" \/>\n<link rel=\"canonical\" href=\"https:\/\/bolting.eu\/en\/shop\/chalkbag-monster-pam\/\" \/>\n<meta property=\"og:locale\" content=\"en_US\" \/>\n<meta property=\"og:type\" content=\"article\" \/>\n<meta property=\"og:title\" content=\"Chalkbag Monster Pam\" \/>\n<meta property=\"og:description\" content=\"Hier findest du das Chalkbag Monster Pam. Sie ist die Heulsuse und bl\u00e4rrt oft ganz einfach los. Von der \u00f6sterreichischen \ud83c\udde6\ud83c\uddf9Klettermarke 8b+!\" \/>\n<meta property=\"og:url\" content=\"https:\/\/bolting.eu\/en\/shop\/chalkbag-monster-pam\/\" \/>\n<meta property=\"og:site_name\" content=\"bolting.eu\" \/>\n<meta property=\"article:publisher\" content=\"https:\/\/www.facebook.com\/bolting.eu\" \/>\n<meta property=\"article:modified_time\" content=\"2023-12-18T13:19:26+00:00\" \/>\n<meta property=\"og:image\" content=\"https:\/\/bolting.eu\/wp-content\/uploads\/2023\/12\/8b-Chalkbag-Monster-Pam-1.jpg\" \/>\n\t<meta property=\"og:image:width\" content=\"700\" \/>\n\t<meta property=\"og:image:height\" content=\"700\" \/>\n\t<meta property=\"og:image:type\" content=\"image\/jpeg\" \/>\n<meta name=\"twitter:card\" content=\"summary_large_image\" \/>\n<meta name=\"twitter:label1\" content=\"Price\" \/>\n\t<meta name=\"twitter:data1\" content=\"&euro;&nbsp;26,90\" \/>\n\t<meta name=\"twitter:label2\" content=\"Availability\" \/>\n\t<meta name=\"twitter:data2\" content=\"Out of stock\" \/>\n<script type=\"application\/ld+json\" class=\"yoast-schema-graph\">{\"@context\":\"https:\/\/schema.org\",\"@graph\":[{\"@type\":[\"WebPage\",\"ItemPage\"],\"@id\":\"https:\/\/bolting.eu\/en\/shop\/chalkbag-monster-pam\/\",\"url\":\"https:\/\/bolting.eu\/en\/shop\/chalkbag-monster-pam\/\",\"name\":\"Chalkbag Monster Pam: jetzt online kaufen bei bolting.eu\",\"isPartOf\":{\"@id\":\"https:\/\/bolting.eu\/en\/#website\"},\"primaryImageOfPage\":{\"@id\":\"https:\/\/bolting.eu\/en\/shop\/chalkbag-monster-pam\/#primaryimage\"},\"image\":{\"@id\":\"https:\/\/bolting.eu\/en\/shop\/chalkbag-monster-pam\/#primaryimage\"},\"thumbnailUrl\":\"https:\/\/bolting.eu\/wp-content\/uploads\/2023\/12\/8b-Chalkbag-Monster-Pam-1.jpg\",\"datePublished\":\"2023-12-07T11:10:31+00:00\",\"dateModified\":\"2023-12-18T13:19:26+00:00\",\"description\":\"Hier findest du das Chalkbag Monster Pam. Sie ist die Heulsuse und bl\u00e4rrt oft ganz einfach los. Von der \u00f6sterreichischen \ud83c\udde6\ud83c\uddf9Klettermarke 8b+!\",\"breadcrumb\":{\"@id\":\"https:\/\/bolting.eu\/en\/shop\/chalkbag-monster-pam\/#breadcrumb\"},\"inLanguage\":\"en-US\",\"potentialAction\":[{\"@type\":\"ReadAction\",\"target\":[\"https:\/\/bolting.eu\/en\/shop\/chalkbag-monster-pam\/\"]}]},{\"@type\":\"ImageObject\",\"inLanguage\":\"en-US\",\"@id\":\"https:\/\/bolting.eu\/en\/shop\/chalkbag-monster-pam\/#primaryimage\",\"url\":\"https:\/\/bolting.eu\/wp-content\/uploads\/2023\/12\/8b-Chalkbag-Monster-Pam-1.jpg\",\"contentUrl\":\"https:\/\/bolting.eu\/wp-content\/uploads\/2023\/12\/8b-Chalkbag-Monster-Pam-1.jpg\",\"width\":700,\"height\":700,\"caption\":\"Wei\u00dfes 8b+ Chalkbag Monster zwei roten Knopfaugen und schwarzem Maul.\"},{\"@type\":\"BreadcrumbList\",\"@id\":\"https:\/\/bolting.eu\/en\/shop\/chalkbag-monster-pam\/#breadcrumb\",\"itemListElement\":[{\"@type\":\"ListItem\",\"position\":1,\"name\":\"Shop\",\"item\":\"https:\/\/bolting.eu\/en\/shop\/\"},{\"@type\":\"ListItem\",\"position\":2,\"name\":\"climbing equipment\",\"item\":\"https:\/\/bolting.eu\/en\/produkt-kategorie\/climbing-equipment\/\"},{\"@type\":\"ListItem\",\"position\":3,\"name\":\"Chalkbag\",\"item\":\"https:\/\/bolting.eu\/produkt-kategorie\/kletterausruestung\/chalkbag\/\"},{\"@type\":\"ListItem\",\"position\":4,\"name\":\"Chalkbag Monster\",\"item\":\"https:\/\/bolting.eu\/produkt-kategorie\/kletterausruestung\/chalkbag\/chalkbag-monster\/\"},{\"@type\":\"ListItem\",\"position\":5,\"name\":\"Chalkbag Monster Pam\"}]},{\"@type\":\"WebSite\",\"@id\":\"https:\/\/bolting.eu\/en\/#website\",\"url\":\"https:\/\/bolting.eu\/en\/\",\"name\":\"bolting.eu\",\"description\":\"we make climbs happen\",\"publisher\":{\"@id\":\"https:\/\/bolting.eu\/en\/#organization\"},\"potentialAction\":[{\"@type\":\"SearchAction\",\"target\":{\"@type\":\"EntryPoint\",\"urlTemplate\":\"https:\/\/bolting.eu\/en\/?s={search_term_string}\"},\"query-input\":{\"@type\":\"PropertyValueSpecification\",\"valueRequired\":true,\"valueName\":\"search_term_string\"}}],\"inLanguage\":\"en-US\"},{\"@type\":[\"Organization\",\"Place\",\"SportingGoodsStore\"],\"@id\":\"https:\/\/bolting.eu\/en\/#organization\",\"name\":\"bolting.eu\",\"url\":\"https:\/\/bolting.eu\/en\/\",\"logo\":{\"@id\":\"https:\/\/bolting.eu\/en\/shop\/chalkbag-monster-pam\/#local-main-organization-logo\"},\"image\":{\"@id\":\"https:\/\/bolting.eu\/en\/shop\/chalkbag-monster-pam\/#local-main-organization-logo\"},\"sameAs\":[\"https:\/\/www.facebook.com\/bolting.eu\",\"https:\/\/www.instagram.com\/bolting.eu\/\"],\"address\":{\"@id\":\"https:\/\/bolting.eu\/en\/shop\/chalkbag-monster-pam\/#local-main-place-address\"},\"geo\":{\"@type\":\"GeoCoordinates\",\"latitude\":\"47.264176340396226\",\"longitude\":\"11.380109057672346\"},\"telephone\":[\"+43 699 19083372\"],\"openingHoursSpecification\":[{\"@type\":\"OpeningHoursSpecification\",\"dayOfWeek\":[\"Monday\",\"Wednesday\",\"Friday\"],\"opens\":\"14:00\",\"closes\":\"18:00\"},{\"@type\":\"OpeningHoursSpecification\",\"dayOfWeek\":[\"Tuesday\",\"Thursday\",\"Saturday\",\"Sunday\"],\"opens\":\"00:00\",\"closes\":\"00:00\"}],\"email\":\"office@bolting.eu\",\"vatID\":\"ATU59999728\",\"priceRange\":\"$$\",\"currenciesAccepted\":\"Euro\"},{\"@type\":\"PostalAddress\",\"@id\":\"https:\/\/bolting.eu\/en\/shop\/chalkbag-monster-pam\/#local-main-place-address\",\"streetAddress\":\"Fischnalerstra\u00dfe 4\",\"addressLocality\":\"Innsbruck\",\"postalCode\":\"6020\",\"addressRegion\":\"Tirol\",\"addressCountry\":\"AT\"},{\"@type\":\"ImageObject\",\"inLanguage\":\"en-US\",\"@id\":\"https:\/\/bolting.eu\/en\/shop\/chalkbag-monster-pam\/#local-main-organization-logo\",\"url\":\"https:\/\/bolting.eu\/wp-content\/uploads\/2019\/09\/bolting-logo.png\",\"contentUrl\":\"https:\/\/bolting.eu\/wp-content\/uploads\/2019\/09\/bolting-logo.png\",\"width\":400,\"height\":211,\"caption\":\"bolting.eu\"}]}<\/script>\n<meta property=\"product:price:amount\" content=\"26.90\" \/>\n<meta property=\"product:price:currency\" content=\"EUR\" \/>\n<meta property=\"og:availability\" content=\"out of stock\" \/>\n<meta property=\"product:availability\" content=\"out of stock\" \/>\n<meta property=\"product:retailer_item_id\" content=\"101007\" \/>\n<meta property=\"product:condition\" content=\"new\" \/>\n<meta name=\"geo.placename\" content=\"Innsbruck\" \/>\n<meta name=\"geo.position\" content=\"47.264176340396226;11.380109057672346\" \/>\n<meta name=\"geo.region\" content=\"Austria\" \/>\n<!-- \/ Yoast SEO Premium plugin. -->","yoast_head_json":{"title":"Chalkbag Monster Pam: jetzt online kaufen bei bolting.eu","description":"Hier findest du das Chalkbag Monster Pam. Sie ist die Heulsuse und bl\u00e4rrt oft ganz einfach los. Von der \u00f6sterreichischen \ud83c\udde6\ud83c\uddf9Klettermarke 8b+!","robots":{"index":"index","follow":"follow","max-snippet":"max-snippet:-1","max-image-preview":"max-image-preview:large","max-video-preview":"max-video-preview:-1"},"canonical":"https:\/\/bolting.eu\/en\/shop\/chalkbag-monster-pam\/","og_locale":"en_US","og_type":"article","og_title":"Chalkbag Monster Pam","og_description":"Hier findest du das Chalkbag Monster Pam. Sie ist die Heulsuse und bl\u00e4rrt oft ganz einfach los. Von der \u00f6sterreichischen \ud83c\udde6\ud83c\uddf9Klettermarke 8b+!","og_url":"https:\/\/bolting.eu\/en\/shop\/chalkbag-monster-pam\/","og_site_name":"bolting.eu","article_publisher":"https:\/\/www.facebook.com\/bolting.eu","article_modified_time":"2023-12-18T13:19:26+00:00","og_image":[{"width":700,"height":700,"url":"https:\/\/bolting.eu\/wp-content\/uploads\/2023\/12\/8b-Chalkbag-Monster-Pam-1.jpg","type":"image\/jpeg"}],"twitter_card":"summary_large_image","twitter_misc":{"Price":"&euro;&nbsp;26,90","Availability":"Out of stock"},"schema":{"@context":"https:\/\/schema.org","@graph":[{"@type":["WebPage","ItemPage"],"@id":"https:\/\/bolting.eu\/en\/shop\/chalkbag-monster-pam\/","url":"https:\/\/bolting.eu\/en\/shop\/chalkbag-monster-pam\/","name":"Chalkbag Monster Pam: jetzt online kaufen bei bolting.eu","isPartOf":{"@id":"https:\/\/bolting.eu\/en\/#website"},"primaryImageOfPage":{"@id":"https:\/\/bolting.eu\/en\/shop\/chalkbag-monster-pam\/#primaryimage"},"image":{"@id":"https:\/\/bolting.eu\/en\/shop\/chalkbag-monster-pam\/#primaryimage"},"thumbnailUrl":"https:\/\/bolting.eu\/wp-content\/uploads\/2023\/12\/8b-Chalkbag-Monster-Pam-1.jpg","datePublished":"2023-12-07T11:10:31+00:00","dateModified":"2023-12-18T13:19:26+00:00","description":"Hier findest du das Chalkbag Monster Pam. Sie ist die Heulsuse und bl\u00e4rrt oft ganz einfach los. Von der \u00f6sterreichischen \ud83c\udde6\ud83c\uddf9Klettermarke 8b+!","breadcrumb":{"@id":"https:\/\/bolting.eu\/en\/shop\/chalkbag-monster-pam\/#breadcrumb"},"inLanguage":"en-US","potentialAction":[{"@type":"ReadAction","target":["https:\/\/bolting.eu\/en\/shop\/chalkbag-monster-pam\/"]}]},{"@type":"ImageObject","inLanguage":"en-US","@id":"https:\/\/bolting.eu\/en\/shop\/chalkbag-monster-pam\/#primaryimage","url":"https:\/\/bolting.eu\/wp-content\/uploads\/2023\/12\/8b-Chalkbag-Monster-Pam-1.jpg","contentUrl":"https:\/\/bolting.eu\/wp-content\/uploads\/2023\/12\/8b-Chalkbag-Monster-Pam-1.jpg","width":700,"height":700,"caption":"Wei\u00dfes 8b+ Chalkbag Monster zwei roten Knopfaugen und schwarzem Maul."},{"@type":"BreadcrumbList","@id":"https:\/\/bolting.eu\/en\/shop\/chalkbag-monster-pam\/#breadcrumb","itemListElement":[{"@type":"ListItem","position":1,"name":"Shop","item":"https:\/\/bolting.eu\/en\/shop\/"},{"@type":"ListItem","position":2,"name":"climbing equipment","item":"https:\/\/bolting.eu\/en\/produkt-kategorie\/climbing-equipment\/"},{"@type":"ListItem","position":3,"name":"Chalkbag","item":"https:\/\/bolting.eu\/produkt-kategorie\/kletterausruestung\/chalkbag\/"},{"@type":"ListItem","position":4,"name":"Chalkbag Monster","item":"https:\/\/bolting.eu\/produkt-kategorie\/kletterausruestung\/chalkbag\/chalkbag-monster\/"},{"@type":"ListItem","position":5,"name":"Chalkbag Monster Pam"}]},{"@type":"WebSite","@id":"https:\/\/bolting.eu\/en\/#website","url":"https:\/\/bolting.eu\/en\/","name":"bolting.eu","description":"we make climbs happen","publisher":{"@id":"https:\/\/bolting.eu\/en\/#organization"},"potentialAction":[{"@type":"SearchAction","target":{"@type":"EntryPoint","urlTemplate":"https:\/\/bolting.eu\/en\/?s={search_term_string}"},"query-input":{"@type":"PropertyValueSpecification","valueRequired":true,"valueName":"search_term_string"}}],"inLanguage":"en-US"},{"@type":["Organization","Place","SportingGoodsStore"],"@id":"https:\/\/bolting.eu\/en\/#organization","name":"bolting.eu","url":"https:\/\/bolting.eu\/en\/","logo":{"@id":"https:\/\/bolting.eu\/en\/shop\/chalkbag-monster-pam\/#local-main-organization-logo"},"image":{"@id":"https:\/\/bolting.eu\/en\/shop\/chalkbag-monster-pam\/#local-main-organization-logo"},"sameAs":["https:\/\/www.facebook.com\/bolting.eu","https:\/\/www.instagram.com\/bolting.eu\/"],"address":{"@id":"https:\/\/bolting.eu\/en\/shop\/chalkbag-monster-pam\/#local-main-place-address"},"geo":{"@type":"GeoCoordinates","latitude":"47.264176340396226","longitude":"11.380109057672346"},"telephone":["+43 699 19083372"],"openingHoursSpecification":[{"@type":"OpeningHoursSpecification","dayOfWeek":["Monday","Wednesday","Friday"],"opens":"14:00","closes":"18:00"},{"@type":"OpeningHoursSpecification","dayOfWeek":["Tuesday","Thursday","Saturday","Sunday"],"opens":"00:00","closes":"00:00"}],"email":"office@bolting.eu","vatID":"ATU59999728","priceRange":"$$","currenciesAccepted":"Euro"},{"@type":"PostalAddress","@id":"https:\/\/bolting.eu\/en\/shop\/chalkbag-monster-pam\/#local-main-place-address","streetAddress":"Fischnalerstra\u00dfe 4","addressLocality":"Innsbruck","postalCode":"6020","addressRegion":"Tirol","addressCountry":"AT"},{"@type":"ImageObject","inLanguage":"en-US","@id":"https:\/\/bolting.eu\/en\/shop\/chalkbag-monster-pam\/#local-main-organization-logo","url":"https:\/\/bolting.eu\/wp-content\/uploads\/2019\/09\/bolting-logo.png","contentUrl":"https:\/\/bolting.eu\/wp-content\/uploads\/2019\/09\/bolting-logo.png","width":400,"height":211,"caption":"bolting.eu"}]},"product_price_amount":"26.90","product_price_currency":"EUR","og_availability":"out of stock","product_availability":"out of stock","product_retailer_item_id":"101007","product_condition":"new","geo.placename":"Innsbruck","geo.position":{"lat":"47.264176340396226","long":"11.380109057672346"},"geo.region":"Austria"},"_links":{"self":[{"href":"https:\/\/bolting.eu\/en\/wp-json\/wp\/v2\/product\/17802","targetHints":{"allow":["GET"]}}],"collection":[{"href":"https:\/\/bolting.eu\/en\/wp-json\/wp\/v2\/product"}],"about":[{"href":"https:\/\/bolting.eu\/en\/wp-json\/wp\/v2\/types\/product"}],"replies":[{"embeddable":true,"href":"https:\/\/bolting.eu\/en\/wp-json\/wp\/v2\/comments?post=17802"}],"wp:featuredmedia":[{"embeddable":true,"href":"https:\/\/bolting.eu\/en\/wp-json\/wp\/v2\/media\/17813"}],"wp:attachment":[{"href":"https:\/\/bolting.eu\/en\/wp-json\/wp\/v2\/media?parent=17802"}],"wp:term":[{"taxonomy":"product_brand","embeddable":true,"href":"https:\/\/bolting.eu\/en\/wp-json\/wp\/v2\/product_brand?post=17802"},{"taxonomy":"product_cat","embeddable":true,"href":"https:\/\/bolting.eu\/en\/wp-json\/wp\/v2\/product_cat?post=17802"},{"taxonomy":"product_tag","embeddable":true,"href":"https:\/\/bolting.eu\/en\/wp-json\/wp\/v2\/product_tag?post=17802"}],"curies":[{"name":"wp","href":"https:\/\/api.w.org\/{rel}","templated":true}]}}