{"id":17779,"date":"2023-12-06T14:57:35","date_gmt":"2023-12-06T13:57:35","guid":{"rendered":"https:\/\/bolting.eu\/?post_type=product&#038;p=17779"},"modified":"2026-04-22T18:33:38","modified_gmt":"2026-04-22T16:33:38","slug":"blue-ice-alpine-runner","status":"publish","type":"product","link":"https:\/\/bolting.eu\/en\/shop\/blue-ice-alpine-runner\/","title":{"rendered":"Blue Ice Alpine Runner"},"content":{"rendered":"<p>Die Blue Ice Alpine Runner sind ganz besondere Produkte. Denn sie sind nahtlose <a href=\"https:\/\/bolting.eu\/produkt-kategorie\/kletterausruestung\/bandschlinge\/\">Bandschlingen<\/a>. Sie unterscheidet sich somit von den klassischen Modellen ganz signifikant.<\/p>\n<p>Erstens sind sie aus endlos Garn geflochten. Zweitens haben sie dadurch eben keine Naht mehr. Und drittens haben sie um einen Kern eine sch\u00fctzende H\u00fclle. Sie sind somit dem Prinzip der Kern-Mantel <a href=\"https:\/\/bolting.eu\/produkt-kategorie\/kletterausruestung\/reepschnur\/\">Reepschn\u00fcre<\/a> gar nicht un\u00e4hnlich.<\/p>\n<p>Abschlie\u00dfend haben sie an den &#8220;Enden&#8221; kleine Schlaufen. Somit k\u00f6nnen sich dort die <a href=\"https:\/\/bolting.eu\/produkt-kategorie\/kletterausruestung\/kletterkarabiner\/\">Karabiner<\/a> nicht verdrehen.<\/p>\n<p>Insgesamt bringt das ein deutlich Besseres Handling in vielen Situationen. Wie z.B. beim Bau einer <a href=\"https:\/\/bolting.eu\/verlaengerbare-expressschlinge\/\">verl\u00e4ngerbaren Express<\/a> oder einer Ausgleichsverankerung.<\/p>\n<h3>Eigenschaften Alpine Runner<\/h3>\n<ul>\n<li>Hersteller: Blue Ice<\/li>\n<li>Material Kern: UHMWPE<br \/>\nMaterial Mantel: HTPE<\/li>\n<li>L\u00e4ngen \/ Gewicht: 35cm \/ 14g, 55cm \/ 20 g, 90cm \/ 32g, 110cm \/ 38g<\/li>\n<li>Bruchlast 22kN<\/li>\n<li>endlos Garn im Kern<\/li>\n<li>sch\u00fctzender Mantel<\/li>\n<li>keine &#8220;st\u00f6rende&#8221; Naht mehr!<\/li>\n<li>zwei enge Schlaufen an jedem Ende f\u00fcr Karabiner<\/li>\n<li><strong>Bandschlingen werden OHNE Karabiner geliefert!!!<\/strong><\/li>\n<li><a href=\"https:\/\/content.admin.blueice.com\/media\/images\/instruction-manuals\/100395-Alpine-runner-instructions_web.pdf\" target=\"_blank\" rel=\"noopener\">Bedienungsanleitung<\/a><\/li>\n<\/ul>\n<h3>Produktvideo<\/h3>\n<p>Im Folgenden erkl\u00e4rt euch Blue Ice selbst, was den Alpine Runners so neu und toll ist.<\/p>\n<p><iframe loading=\"lazy\" title=\"BLUE ICE - ALPINE RUNNERS\" width=\"1020\" height=\"574\" src=\"https:\/\/www.youtube.com\/embed\/XnQzQUr4_Ak?feature=oembed\" frameborder=\"0\" allow=\"accelerometer; autoplay; clipboard-write; encrypted-media; gyroscope; picture-in-picture; web-share\" referrerpolicy=\"strict-origin-when-cross-origin\" allowfullscreen><\/iframe><\/p>\n<p>&nbsp;<\/p>\n<h3>Deutliche Vorteile ohne Naht<\/h3>\n<p>Unserer Meinung nach ist die nahtfreie Konstruktion eine echte Innovation. Denn so kann das leidige Problem der steifen und &#8220;l\u00e4stigen&#8221; Naht vernachl\u00e4ssigt werden.<\/p>\n<p>D.h. zum einen viel schnelleres Knoten. Und zum anderen ein deutlich besseres Handling beim &#8220;zusammenlegen&#8221;. Vor allem bei Mehrseill\u00e4ngen und alpinen Begehungen ergibt sich dadurch eine deutliche Zeitersparnis.<\/p>\n<p>Die engen Schlaufen am Ende verhindern ein herumrutschen der Karabiner. Das ist ebenfalls enorm hilfreich und erm\u00f6glich ein deutlich schnelleres Klippen.<\/p>\n<h3>Blue Ice Alpine Runner in vier L\u00e4ngen<\/h3>\n<p>Die vier verf\u00fcgbaren L\u00e4ngen sind sehr praktisch.<\/p>\n<p>Die 35cm (beige) und 55cm (silbergrau) Varianten sind ideal f\u00fcr den Bau von verl\u00e4ngerbaren Expressen. Die 90cm (gold) und 110cm (rot) Varianten k\u00f6nnen gut als Ausgleichsverankerungen verwendet werden.<\/p>\n<p>Insgesamt werden somit viele Anwendungen von &#8220;klassischen&#8221; Bandschlingen abgedeckt.<\/p>\n","protected":false},"excerpt":{"rendered":"<p>Neue, innovative Bandschlinge aus endlos Garn mit zwei kleinen Karabiner\u00f6sen.<\/p>\n<p>Dieses Produkt hat KEINE Naht mehr und hat daher markante Handling Vorteile.<\/p>\n<p>Versandkostenfrei bis 2kg in <img decoding=\"async\" class=\"emoji\" role=\"img\" draggable=\"false\" src=\"https:\/\/s.w.org\/images\/core\/emoji\/14.0.0\/svg\/1f1e6-1f1f9.svg\" alt=\"\ud83c\udde6\ud83c\uddf9\" \/> ab \u20ac 100,- und <img decoding=\"async\" class=\"emoji\" role=\"img\" draggable=\"false\" src=\"https:\/\/s.w.org\/images\/core\/emoji\/14.0.0\/svg\/1f1e9-1f1ea.svg\" alt=\"\ud83c\udde9\ud83c\uddea\" \/> ab \u20ac 200,-!<\/p>\n","protected":false},"featured_media":17785,"comment_status":"closed","ping_status":"closed","template":"","meta":[],"product_brand":[],"product_cat":[14459,29,259],"product_tag":[],"class_list":{"0":"post-17779","1":"product","2":"type-product","3":"status-publish","4":"has-post-thumbnail","6":"product_cat-blue-ice","7":"product_cat-kletterausruestung","8":"product_cat-bandschlinge","10":"first","11":"instock","12":"taxable","13":"shipping-taxable","14":"purchasable","15":"product-type-variable"},"yoast_head":"<!-- This site is optimized with the Yoast SEO Premium plugin v26.9 (Yoast SEO v26.9) - https:\/\/yoast.com\/product\/yoast-seo-premium-wordpress\/ -->\n<title>Blue Ice Alpine Runner - nahtlose Bandschlinge online kaufen | bolting.eu<\/title>\n<meta name=\"description\" content=\"Blue Ice Alpine Runner - nahtlose Bandschlinge beim Kletterprofi aus Innsbruck kaufen \u2705 kostenloser Versand* \u2705 14 Tage R\u00fcckgaberecht \u2705 Co2 neutraler Versand\" \/>\n<meta name=\"robots\" content=\"index, follow, max-snippet:-1, max-image-preview:large, max-video-preview:-1\" \/>\n<link rel=\"canonical\" href=\"https:\/\/bolting.eu\/en\/shop\/blue-ice-alpine-runner\/\" \/>\n<meta property=\"og:locale\" content=\"en_US\" \/>\n<meta property=\"og:type\" content=\"article\" \/>\n<meta property=\"og:title\" content=\"Blue Ice Alpine Runner\" \/>\n<meta property=\"og:description\" content=\"Blue Ice Alpine Runner - nahtlose Bandschlinge beim Kletterprofi aus Innsbruck kaufen \u2705 kostenloser Versand* \u2705 14 Tage R\u00fcckgaberecht \u2705 Co2 neutraler Versand\" \/>\n<meta property=\"og:url\" content=\"https:\/\/bolting.eu\/en\/shop\/blue-ice-alpine-runner\/\" \/>\n<meta property=\"og:site_name\" content=\"bolting.eu\" \/>\n<meta property=\"article:publisher\" content=\"https:\/\/www.facebook.com\/bolting.eu\" \/>\n<meta property=\"article:modified_time\" content=\"2026-04-22T16:33:38+00:00\" \/>\n<meta property=\"og:image\" content=\"https:\/\/bolting.eu\/wp-content\/uploads\/2023\/12\/Blue-Ice-Alpine-Runner-1.jpg\" \/>\n\t<meta property=\"og:image:width\" content=\"700\" \/>\n\t<meta property=\"og:image:height\" content=\"700\" \/>\n\t<meta property=\"og:image:type\" content=\"image\/jpeg\" \/>\n<meta name=\"twitter:card\" content=\"summary_large_image\" \/>\n<meta name=\"twitter:label1\" content=\"Availability\" \/>\n\t<meta name=\"twitter:data1\" content=\"In stock\" \/>\n<script type=\"application\/ld+json\" class=\"yoast-schema-graph\">{\"@context\":\"https:\/\/schema.org\",\"@graph\":[{\"@type\":[\"WebPage\",\"ItemPage\"],\"@id\":\"https:\/\/bolting.eu\/en\/shop\/blue-ice-alpine-runner\/\",\"url\":\"https:\/\/bolting.eu\/en\/shop\/blue-ice-alpine-runner\/\",\"name\":\"Blue Ice Alpine Runner - nahtlose Bandschlinge online kaufen | bolting.eu\",\"isPartOf\":{\"@id\":\"https:\/\/bolting.eu\/en\/#website\"},\"primaryImageOfPage\":{\"@id\":\"https:\/\/bolting.eu\/en\/shop\/blue-ice-alpine-runner\/#primaryimage\"},\"image\":{\"@id\":\"https:\/\/bolting.eu\/en\/shop\/blue-ice-alpine-runner\/#primaryimage\"},\"thumbnailUrl\":\"https:\/\/bolting.eu\/wp-content\/uploads\/2023\/12\/Blue-Ice-Alpine-Runner-1.jpg\",\"datePublished\":\"2023-12-06T13:57:35+00:00\",\"dateModified\":\"2026-04-22T16:33:38+00:00\",\"description\":\"Blue Ice Alpine Runner - nahtlose Bandschlinge beim Kletterprofi aus Innsbruck kaufen \u2705 kostenloser Versand* \u2705 14 Tage R\u00fcckgaberecht \u2705 Co2 neutraler Versand\",\"breadcrumb\":{\"@id\":\"https:\/\/bolting.eu\/en\/shop\/blue-ice-alpine-runner\/#breadcrumb\"},\"inLanguage\":\"en-US\",\"potentialAction\":[{\"@type\":\"ReadAction\",\"target\":[\"https:\/\/bolting.eu\/en\/shop\/blue-ice-alpine-runner\/\"]}]},{\"@type\":\"ImageObject\",\"inLanguage\":\"en-US\",\"@id\":\"https:\/\/bolting.eu\/en\/shop\/blue-ice-alpine-runner\/#primaryimage\",\"url\":\"https:\/\/bolting.eu\/wp-content\/uploads\/2023\/12\/Blue-Ice-Alpine-Runner-1.jpg\",\"contentUrl\":\"https:\/\/bolting.eu\/wp-content\/uploads\/2023\/12\/Blue-Ice-Alpine-Runner-1.jpg\",\"width\":700,\"height\":700,\"caption\":\"Vier unterschiedlich f\u00e4rbige Enden der Blue Ice Alpine Runner Bandschlingen mit kleiner Schlaufe und Label.\"},{\"@type\":\"BreadcrumbList\",\"@id\":\"https:\/\/bolting.eu\/en\/shop\/blue-ice-alpine-runner\/#breadcrumb\",\"itemListElement\":[{\"@type\":\"ListItem\",\"position\":1,\"name\":\"Shop\",\"item\":\"https:\/\/bolting.eu\/en\/shop\/\"},{\"@type\":\"ListItem\",\"position\":2,\"name\":\"climbing equipment\",\"item\":\"https:\/\/bolting.eu\/en\/produkt-kategorie\/climbing-equipment\/\"},{\"@type\":\"ListItem\",\"position\":3,\"name\":\"Bandschlinge\",\"item\":\"https:\/\/bolting.eu\/produkt-kategorie\/kletterausruestung\/bandschlinge\/\"},{\"@type\":\"ListItem\",\"position\":4,\"name\":\"Blue Ice Alpine Runner\"}]},{\"@type\":\"WebSite\",\"@id\":\"https:\/\/bolting.eu\/en\/#website\",\"url\":\"https:\/\/bolting.eu\/en\/\",\"name\":\"bolting.eu\",\"description\":\"we make climbs happen\",\"publisher\":{\"@id\":\"https:\/\/bolting.eu\/en\/#organization\"},\"potentialAction\":[{\"@type\":\"SearchAction\",\"target\":{\"@type\":\"EntryPoint\",\"urlTemplate\":\"https:\/\/bolting.eu\/en\/?s={search_term_string}\"},\"query-input\":{\"@type\":\"PropertyValueSpecification\",\"valueRequired\":true,\"valueName\":\"search_term_string\"}}],\"inLanguage\":\"en-US\"},{\"@type\":[\"Organization\",\"Place\",\"SportingGoodsStore\"],\"@id\":\"https:\/\/bolting.eu\/en\/#organization\",\"name\":\"bolting.eu\",\"url\":\"https:\/\/bolting.eu\/en\/\",\"logo\":{\"@id\":\"https:\/\/bolting.eu\/en\/shop\/blue-ice-alpine-runner\/#local-main-organization-logo\"},\"image\":{\"@id\":\"https:\/\/bolting.eu\/en\/shop\/blue-ice-alpine-runner\/#local-main-organization-logo\"},\"sameAs\":[\"https:\/\/www.facebook.com\/bolting.eu\",\"https:\/\/www.instagram.com\/bolting.eu\/\"],\"address\":{\"@id\":\"https:\/\/bolting.eu\/en\/shop\/blue-ice-alpine-runner\/#local-main-place-address\"},\"geo\":{\"@type\":\"GeoCoordinates\",\"latitude\":\"47.264176340396226\",\"longitude\":\"11.380109057672346\"},\"telephone\":[\"+43 699 19083372\"],\"openingHoursSpecification\":[{\"@type\":\"OpeningHoursSpecification\",\"dayOfWeek\":[\"Monday\",\"Wednesday\",\"Friday\"],\"opens\":\"14:00\",\"closes\":\"18:00\"},{\"@type\":\"OpeningHoursSpecification\",\"dayOfWeek\":[\"Tuesday\",\"Thursday\",\"Saturday\",\"Sunday\"],\"opens\":\"00:00\",\"closes\":\"00:00\"}],\"email\":\"office@bolting.eu\",\"vatID\":\"ATU59999728\",\"priceRange\":\"$$\",\"currenciesAccepted\":\"Euro\"},{\"@type\":\"PostalAddress\",\"@id\":\"https:\/\/bolting.eu\/en\/shop\/blue-ice-alpine-runner\/#local-main-place-address\",\"streetAddress\":\"Fischnalerstra\u00dfe 4\",\"addressLocality\":\"Innsbruck\",\"postalCode\":\"6020\",\"addressRegion\":\"Tirol\",\"addressCountry\":\"AT\"},{\"@type\":\"ImageObject\",\"inLanguage\":\"en-US\",\"@id\":\"https:\/\/bolting.eu\/en\/shop\/blue-ice-alpine-runner\/#local-main-organization-logo\",\"url\":\"https:\/\/bolting.eu\/wp-content\/uploads\/2019\/09\/bolting-logo.png\",\"contentUrl\":\"https:\/\/bolting.eu\/wp-content\/uploads\/2019\/09\/bolting-logo.png\",\"width\":400,\"height\":211,\"caption\":\"bolting.eu\"}]}<\/script>\n<meta property=\"og:video\" content=\"https:\/\/www.youtube.com\/embed\/XnQzQUr4_Ak\" \/>\n<meta property=\"og:video:type\" content=\"text\/html\" \/>\n<meta property=\"og:video:duration\" content=\"86\" \/>\n<meta property=\"og:video:width\" content=\"480\" \/>\n<meta property=\"og:video:height\" content=\"270\" \/>\n<meta property=\"ya:ovs:adult\" content=\"false\" \/>\n<meta property=\"ya:ovs:upload_date\" content=\"2023-12-06T13:57:35+00:00\" \/>\n<meta property=\"ya:ovs:allow_embed\" content=\"true\" \/>\n<meta property=\"og:availability\" content=\"instock\" \/>\n<meta property=\"product:availability\" content=\"instock\" \/>\n<meta property=\"product:condition\" content=\"new\" \/>\n<meta name=\"geo.placename\" content=\"Innsbruck\" \/>\n<meta name=\"geo.position\" content=\"47.264176340396226;11.380109057672346\" \/>\n<meta name=\"geo.region\" content=\"Austria\" \/>\n<!-- \/ Yoast SEO Premium plugin. -->","yoast_head_json":{"title":"Blue Ice Alpine Runner - nahtlose Bandschlinge online kaufen | bolting.eu","description":"Blue Ice Alpine Runner - nahtlose Bandschlinge beim Kletterprofi aus Innsbruck kaufen \u2705 kostenloser Versand* \u2705 14 Tage R\u00fcckgaberecht \u2705 Co2 neutraler Versand","robots":{"index":"index","follow":"follow","max-snippet":"max-snippet:-1","max-image-preview":"max-image-preview:large","max-video-preview":"max-video-preview:-1"},"canonical":"https:\/\/bolting.eu\/en\/shop\/blue-ice-alpine-runner\/","og_locale":"en_US","og_type":"article","og_title":"Blue Ice Alpine Runner","og_description":"Blue Ice Alpine Runner - nahtlose Bandschlinge beim Kletterprofi aus Innsbruck kaufen \u2705 kostenloser Versand* \u2705 14 Tage R\u00fcckgaberecht \u2705 Co2 neutraler Versand","og_url":"https:\/\/bolting.eu\/en\/shop\/blue-ice-alpine-runner\/","og_site_name":"bolting.eu","article_publisher":"https:\/\/www.facebook.com\/bolting.eu","article_modified_time":"2026-04-22T16:33:38+00:00","og_image":[{"width":700,"height":700,"url":"https:\/\/bolting.eu\/wp-content\/uploads\/2023\/12\/Blue-Ice-Alpine-Runner-1.jpg","type":"image\/jpeg"}],"twitter_card":"summary_large_image","twitter_misc":{"Availability":"In stock"},"schema":{"@context":"https:\/\/schema.org","@graph":[{"@type":["WebPage","ItemPage"],"@id":"https:\/\/bolting.eu\/en\/shop\/blue-ice-alpine-runner\/","url":"https:\/\/bolting.eu\/en\/shop\/blue-ice-alpine-runner\/","name":"Blue Ice Alpine Runner - nahtlose Bandschlinge online kaufen | bolting.eu","isPartOf":{"@id":"https:\/\/bolting.eu\/en\/#website"},"primaryImageOfPage":{"@id":"https:\/\/bolting.eu\/en\/shop\/blue-ice-alpine-runner\/#primaryimage"},"image":{"@id":"https:\/\/bolting.eu\/en\/shop\/blue-ice-alpine-runner\/#primaryimage"},"thumbnailUrl":"https:\/\/bolting.eu\/wp-content\/uploads\/2023\/12\/Blue-Ice-Alpine-Runner-1.jpg","datePublished":"2023-12-06T13:57:35+00:00","dateModified":"2026-04-22T16:33:38+00:00","description":"Blue Ice Alpine Runner - nahtlose Bandschlinge beim Kletterprofi aus Innsbruck kaufen \u2705 kostenloser Versand* \u2705 14 Tage R\u00fcckgaberecht \u2705 Co2 neutraler Versand","breadcrumb":{"@id":"https:\/\/bolting.eu\/en\/shop\/blue-ice-alpine-runner\/#breadcrumb"},"inLanguage":"en-US","potentialAction":[{"@type":"ReadAction","target":["https:\/\/bolting.eu\/en\/shop\/blue-ice-alpine-runner\/"]}]},{"@type":"ImageObject","inLanguage":"en-US","@id":"https:\/\/bolting.eu\/en\/shop\/blue-ice-alpine-runner\/#primaryimage","url":"https:\/\/bolting.eu\/wp-content\/uploads\/2023\/12\/Blue-Ice-Alpine-Runner-1.jpg","contentUrl":"https:\/\/bolting.eu\/wp-content\/uploads\/2023\/12\/Blue-Ice-Alpine-Runner-1.jpg","width":700,"height":700,"caption":"Vier unterschiedlich f\u00e4rbige Enden der Blue Ice Alpine Runner Bandschlingen mit kleiner Schlaufe und Label."},{"@type":"BreadcrumbList","@id":"https:\/\/bolting.eu\/en\/shop\/blue-ice-alpine-runner\/#breadcrumb","itemListElement":[{"@type":"ListItem","position":1,"name":"Shop","item":"https:\/\/bolting.eu\/en\/shop\/"},{"@type":"ListItem","position":2,"name":"climbing equipment","item":"https:\/\/bolting.eu\/en\/produkt-kategorie\/climbing-equipment\/"},{"@type":"ListItem","position":3,"name":"Bandschlinge","item":"https:\/\/bolting.eu\/produkt-kategorie\/kletterausruestung\/bandschlinge\/"},{"@type":"ListItem","position":4,"name":"Blue Ice Alpine Runner"}]},{"@type":"WebSite","@id":"https:\/\/bolting.eu\/en\/#website","url":"https:\/\/bolting.eu\/en\/","name":"bolting.eu","description":"we make climbs happen","publisher":{"@id":"https:\/\/bolting.eu\/en\/#organization"},"potentialAction":[{"@type":"SearchAction","target":{"@type":"EntryPoint","urlTemplate":"https:\/\/bolting.eu\/en\/?s={search_term_string}"},"query-input":{"@type":"PropertyValueSpecification","valueRequired":true,"valueName":"search_term_string"}}],"inLanguage":"en-US"},{"@type":["Organization","Place","SportingGoodsStore"],"@id":"https:\/\/bolting.eu\/en\/#organization","name":"bolting.eu","url":"https:\/\/bolting.eu\/en\/","logo":{"@id":"https:\/\/bolting.eu\/en\/shop\/blue-ice-alpine-runner\/#local-main-organization-logo"},"image":{"@id":"https:\/\/bolting.eu\/en\/shop\/blue-ice-alpine-runner\/#local-main-organization-logo"},"sameAs":["https:\/\/www.facebook.com\/bolting.eu","https:\/\/www.instagram.com\/bolting.eu\/"],"address":{"@id":"https:\/\/bolting.eu\/en\/shop\/blue-ice-alpine-runner\/#local-main-place-address"},"geo":{"@type":"GeoCoordinates","latitude":"47.264176340396226","longitude":"11.380109057672346"},"telephone":["+43 699 19083372"],"openingHoursSpecification":[{"@type":"OpeningHoursSpecification","dayOfWeek":["Monday","Wednesday","Friday"],"opens":"14:00","closes":"18:00"},{"@type":"OpeningHoursSpecification","dayOfWeek":["Tuesday","Thursday","Saturday","Sunday"],"opens":"00:00","closes":"00:00"}],"email":"office@bolting.eu","vatID":"ATU59999728","priceRange":"$$","currenciesAccepted":"Euro"},{"@type":"PostalAddress","@id":"https:\/\/bolting.eu\/en\/shop\/blue-ice-alpine-runner\/#local-main-place-address","streetAddress":"Fischnalerstra\u00dfe 4","addressLocality":"Innsbruck","postalCode":"6020","addressRegion":"Tirol","addressCountry":"AT"},{"@type":"ImageObject","inLanguage":"en-US","@id":"https:\/\/bolting.eu\/en\/shop\/blue-ice-alpine-runner\/#local-main-organization-logo","url":"https:\/\/bolting.eu\/wp-content\/uploads\/2019\/09\/bolting-logo.png","contentUrl":"https:\/\/bolting.eu\/wp-content\/uploads\/2019\/09\/bolting-logo.png","width":400,"height":211,"caption":"bolting.eu"}]},"og_video":"https:\/\/www.youtube.com\/embed\/XnQzQUr4_Ak","og_video_type":"text\/html","og_video_duration":"86","og_video_width":"480","og_video_height":"270","ya_ovs_adult":"false","ya_ovs_upload_date":"2023-12-06T13:57:35+00:00","ya_ovs_allow_embed":"true","og_availability":"instock","product_availability":"instock","product_condition":"new","geo.placename":"Innsbruck","geo.position":{"lat":"47.264176340396226","long":"11.380109057672346"},"geo.region":"Austria"},"_links":{"self":[{"href":"https:\/\/bolting.eu\/en\/wp-json\/wp\/v2\/product\/17779","targetHints":{"allow":["GET"]}}],"collection":[{"href":"https:\/\/bolting.eu\/en\/wp-json\/wp\/v2\/product"}],"about":[{"href":"https:\/\/bolting.eu\/en\/wp-json\/wp\/v2\/types\/product"}],"replies":[{"embeddable":true,"href":"https:\/\/bolting.eu\/en\/wp-json\/wp\/v2\/comments?post=17779"}],"wp:featuredmedia":[{"embeddable":true,"href":"https:\/\/bolting.eu\/en\/wp-json\/wp\/v2\/media\/17785"}],"wp:attachment":[{"href":"https:\/\/bolting.eu\/en\/wp-json\/wp\/v2\/media?parent=17779"}],"wp:term":[{"taxonomy":"product_brand","embeddable":true,"href":"https:\/\/bolting.eu\/en\/wp-json\/wp\/v2\/product_brand?post=17779"},{"taxonomy":"product_cat","embeddable":true,"href":"https:\/\/bolting.eu\/en\/wp-json\/wp\/v2\/product_cat?post=17779"},{"taxonomy":"product_tag","embeddable":true,"href":"https:\/\/bolting.eu\/en\/wp-json\/wp\/v2\/product_tag?post=17779"}],"curies":[{"name":"wp","href":"https:\/\/api.w.org\/{rel}","templated":true}]}}