{"id":17762,"date":"2023-12-06T10:56:50","date_gmt":"2023-12-06T09:56:50","guid":{"rendered":"https:\/\/bolting.eu\/?post_type=product&#038;p=17762"},"modified":"2025-03-07T15:55:51","modified_gmt":"2025-03-07T14:55:51","slug":"camp-alpinist-tech","status":"publish","type":"product","link":"https:\/\/bolting.eu\/en\/shop\/camp-alpinist-tech\/","title":{"rendered":"Camp Alpinist Tech"},"content":{"rendered":"<p>Das Alpinist Tech von Camp ist die leichtere und technischere Version des <a href=\"https:\/\/bolting.eu\/shop\/camp-alpinist-pro-steigeisen\/\">Pro Modells<\/a>.<\/p>\n<p>D.h. dieses Steigeisen ist zum einen schlanker und leichter. Und zum anderen hat es andere Frontzacken. N\u00e4mlich einen gro\u00dfen markanten Frontzacken mit je einem asymmetrisch angeordnetem kleinen Zacken an der Innenseite.<\/p>\n<p>Diese Anordnung erlaubt das Stehen auf kleinen Felstritten beim Mixed-Klettern oder Dry Tooling. Beim <a href=\"https:\/\/bolting.eu\/eisklettern\/\">Eisklettern<\/a> stabilisert der kleine Zacken den Fu\u00df ideal auch bei runden Strukturen wie z.B. Eiss\u00e4ulen.<\/p>\n<p>Dieses Modell k\u00f6nnt ihr f\u00fcr semi-automatische Bindungen umbauen. Man muss dann den <a href=\"https:\/\/bolting.eu\/shop\/camp-alpinist-frontkoerbchen-kopie\/\">semi-automatic Frontb\u00fcgel (Art. Nr. 2453C)<\/a> verwenden<\/p>\n<p>Kurzum. Ein tolles Produkt f\u00fcr steile Eisrouten und schwerere kombinierte Linien.<\/p>\n<h3>Eigenschaften Alpinist Tech<\/h3>\n<ul>\n<li>Hersteller: <a href=\"https:\/\/bolting.eu\/produkt-kategorie\/camp-cassin\/\">CAMP<\/a><\/li>\n<li>Modellgeneration: 22\/23er Modell<\/li>\n<li>Material: Chrom Stahl, Polyurethane, Polyamid;<\/li>\n<li>Gewicht: 689 Gramm (inkl. Anti-Stollenplatte)<\/li>\n<li><strong>Gr\u00f6\u00dfe: EU 36-48;\u00a0<\/strong><\/li>\n<li>ideal f\u00fcr moderne Bergschuhe<\/li>\n<li>Zacken: 12<\/li>\n<li>gro\u00dfer zentraler Front Zacken + asymmetrischer kleiner Zacken an Innenseite<\/li>\n<li><strong>Kipphebel Bindung (Automatic) vormontiert<\/strong><\/li>\n<li>Frontb\u00fcgel f\u00fcr Semi-Automatic Bindung (2453C) NICHT im Lieferumfang<\/li>\n<li>Kipphebel hat drei Gr\u00f6\u00dfen-Einstellungen!<\/li>\n<li>sehr leicht l\u00e4ngenverstellbar (halbe EU Gr\u00f6\u00dfen!)<\/li>\n<li>Kipphebel sehr leicht einzustellen<\/li>\n<li>Antistollen Platte im Lieferumfang aber NICHT vormontiert<\/li>\n<li>inkl. <a href=\"https:\/\/bolting.eu\/shop\/camp-steigeisentasche\/\">Camp Steigeisentasche<\/a><\/li>\n<\/ul>\n<h3>Produktvideo<\/h3>\n<p>Im folgenden Video wird das Camp Alpinist Tech nochmals genau vor gestellt.<\/p>\n<p><iframe loading=\"lazy\" title=\"CAMP Alpinist Tech Crampons 2019\" width=\"1020\" height=\"574\" src=\"https:\/\/www.youtube.com\/embed\/cd2ZmoyBjYw?feature=oembed\" frameborder=\"0\" allow=\"accelerometer; autoplay; clipboard-write; encrypted-media; gyroscope; picture-in-picture; web-share\" referrerpolicy=\"strict-origin-when-cross-origin\" allowfullscreen><\/iframe><\/p>\n<h3>F\u00fcr\u00b4s Eis- und Mixed Klettern am Berg<\/h3>\n<p>Dieses Modell ist leicht. Sehr leicht. F\u00fcr ein derart technisches Steigeisen sind 689 gRamm extrem wenig. Gleichzeitig sorgen die fix angebrachten Frontzacken f\u00fcr hohe Stabilit\u00e4t. Hier kann nichts kaputt gehen.<\/p>\n<p>In Summe ideale Voraussetzungen f\u00fcr Ausr\u00fcstung f\u00fcr gro\u00dfe W\u00e4nde und lange Routen. Und genau daf\u00fcr ist das Alpinist Tech auch gedacht.<\/p>\n<p>Alpinisten werden damit viel Freude haben.<\/p>\n<h3>Alle Ersatzteile vorhanden<\/h3>\n<p>Beachtet! Wir haben eine enorme Auswahl an <a href=\"https:\/\/bolting.eu\/produkt-kategorie\/bergsteiger-ausruestung\/steigeisen-ersatzteile-zubehoer\/\">Steigeisen Ersatzteilen &amp; Zubeh\u00f6r<\/a>. So auch f\u00fcr dieses Modell. Egal ob Ersatzriemen, Frontk\u00f6rbchen f\u00fcr semi-automatic Bindung oder neue Antistolplatten.<\/p>\n<p>Und die passenden Camp <a href=\"https:\/\/bolting.eu\/produkt-kategorie\/bergsteiger-ausruestung\/eisgeraete\/\">Eisger\u00e4te<\/a> bzw. alle <a href=\"https:\/\/bolting.eu\/produkt-kategorie\/bergsteiger-ausruestung\/eisschrauben\/\">Eisschrauben<\/a> findet ihr ebenso in unserem Shop.<\/p>\n","protected":false},"excerpt":{"rendered":"<p>Technisches Steigeisen f\u00fcr lange, steile Eis- und Mixed Routen. Ausgestattet mit Automatic Bindung, B\u00fcgel f\u00fcr Semi-Automatic optional erh\u00e4ltlich.<\/p>\n<p>Mit 689 Gramm ist es sehr leicht und ideal f\u00fcr den modernen Alpinismus.<\/p>\n<p>Versandkostenfrei bis 2kg in <img decoding=\"async\" class=\"emoji\" role=\"img\" draggable=\"false\" src=\"https:\/\/s.w.org\/images\/core\/emoji\/14.0.0\/svg\/1f1e6-1f1f9.svg\" alt=\"\ud83c\udde6\ud83c\uddf9\" \/> ab \u20ac 100,- und <img decoding=\"async\" class=\"emoji\" role=\"img\" draggable=\"false\" src=\"https:\/\/s.w.org\/images\/core\/emoji\/14.0.0\/svg\/1f1e9-1f1ea.svg\" alt=\"\ud83c\udde9\ud83c\uddea\" \/> ab \u20ac 200,-!<\/p>\n","protected":false},"featured_media":17765,"comment_status":"closed","ping_status":"closed","template":"","meta":[],"product_brand":[],"product_cat":[4653,13938,14288],"product_tag":[],"class_list":{"0":"post-17762","1":"product","2":"type-product","3":"status-publish","4":"has-post-thumbnail","6":"product_cat-camp-cassin","7":"product_cat-bergsteiger-ausruestung","8":"product_cat-steigeisen","10":"first","11":"instock","12":"sale","13":"taxable","14":"shipping-taxable","15":"purchasable","16":"product-type-simple"},"yoast_head":"<!-- This site is optimized with the Yoast SEO Premium plugin v26.9 (Yoast SEO v26.9) - https:\/\/yoast.com\/product\/yoast-seo-premium-wordpress\/ -->\n<title>Camp Alpinist Tech Steigeisen f\u00fcr Eis- &amp; Mixed Klettern kaufen | bolting.eu<\/title>\n<meta name=\"description\" content=\"CAMP Alpinist Tech Steigeisen beim Hardwareprofi aus Innsbruck kaufen \u2705 kostenloser Versand* \u2705 14 Tage R\u00fcckgaberecht \u2705 Co2 neutraler Versand\" \/>\n<meta name=\"robots\" content=\"index, follow, max-snippet:-1, max-image-preview:large, max-video-preview:-1\" \/>\n<link rel=\"canonical\" href=\"https:\/\/bolting.eu\/en\/shop\/camp-alpinist-tech\/\" \/>\n<meta property=\"og:locale\" content=\"en_US\" \/>\n<meta property=\"og:type\" content=\"article\" \/>\n<meta property=\"og:title\" content=\"Camp Alpinist Tech\" \/>\n<meta property=\"og:description\" content=\"CAMP Alpinist Tech Steigeisen beim Hardwareprofi aus Innsbruck kaufen \u2705 kostenloser Versand* \u2705 14 Tage R\u00fcckgaberecht \u2705 Co2 neutraler Versand\" \/>\n<meta property=\"og:url\" content=\"https:\/\/bolting.eu\/en\/shop\/camp-alpinist-tech\/\" \/>\n<meta property=\"og:site_name\" content=\"bolting.eu\" \/>\n<meta property=\"article:publisher\" content=\"https:\/\/www.facebook.com\/bolting.eu\" \/>\n<meta property=\"article:modified_time\" content=\"2025-03-07T14:55:51+00:00\" \/>\n<meta property=\"og:image\" content=\"https:\/\/bolting.eu\/wp-content\/uploads\/2023\/12\/Camp-Alpinist-TEch-2.jpg\" \/>\n\t<meta property=\"og:image:width\" content=\"700\" \/>\n\t<meta property=\"og:image:height\" content=\"700\" \/>\n\t<meta property=\"og:image:type\" content=\"image\/jpeg\" \/>\n<meta name=\"twitter:card\" content=\"summary_large_image\" \/>\n<meta name=\"twitter:label1\" content=\"Price\" \/>\n\t<meta name=\"twitter:data1\" content=\"&euro;&nbsp;189,00\" \/>\n\t<meta name=\"twitter:label2\" content=\"Availability\" \/>\n\t<meta name=\"twitter:data2\" content=\"In stock\" \/>\n<script type=\"application\/ld+json\" class=\"yoast-schema-graph\">{\"@context\":\"https:\/\/schema.org\",\"@graph\":[{\"@type\":[\"WebPage\",\"ItemPage\"],\"@id\":\"https:\/\/bolting.eu\/en\/shop\/camp-alpinist-tech\/\",\"url\":\"https:\/\/bolting.eu\/en\/shop\/camp-alpinist-tech\/\",\"name\":\"Camp Alpinist Tech Steigeisen f\u00fcr Eis- & Mixed Klettern kaufen | bolting.eu\",\"isPartOf\":{\"@id\":\"https:\/\/bolting.eu\/en\/#website\"},\"primaryImageOfPage\":{\"@id\":\"https:\/\/bolting.eu\/en\/shop\/camp-alpinist-tech\/#primaryimage\"},\"image\":{\"@id\":\"https:\/\/bolting.eu\/en\/shop\/camp-alpinist-tech\/#primaryimage\"},\"thumbnailUrl\":\"https:\/\/bolting.eu\/wp-content\/uploads\/2023\/12\/Camp-Alpinist-TEch-2.jpg\",\"datePublished\":\"2023-12-06T09:56:50+00:00\",\"dateModified\":\"2025-03-07T14:55:51+00:00\",\"description\":\"CAMP Alpinist Tech Steigeisen beim Hardwareprofi aus Innsbruck kaufen \u2705 kostenloser Versand* \u2705 14 Tage R\u00fcckgaberecht \u2705 Co2 neutraler Versand\",\"breadcrumb\":{\"@id\":\"https:\/\/bolting.eu\/en\/shop\/camp-alpinist-tech\/#breadcrumb\"},\"inLanguage\":\"en-US\",\"potentialAction\":[{\"@type\":\"ReadAction\",\"target\":[\"https:\/\/bolting.eu\/en\/shop\/camp-alpinist-tech\/\"]}]},{\"@type\":\"ImageObject\",\"inLanguage\":\"en-US\",\"@id\":\"https:\/\/bolting.eu\/en\/shop\/camp-alpinist-tech\/#primaryimage\",\"url\":\"https:\/\/bolting.eu\/wp-content\/uploads\/2023\/12\/Camp-Alpinist-TEch-2.jpg\",\"contentUrl\":\"https:\/\/bolting.eu\/wp-content\/uploads\/2023\/12\/Camp-Alpinist-TEch-2.jpg\",\"width\":700,\"height\":700,\"caption\":\"Orange - graues Camp Alpinist Tech Steigeisen von der Seite betrachtet.\"},{\"@type\":\"BreadcrumbList\",\"@id\":\"https:\/\/bolting.eu\/en\/shop\/camp-alpinist-tech\/#breadcrumb\",\"itemListElement\":[{\"@type\":\"ListItem\",\"position\":1,\"name\":\"Shop\",\"item\":\"https:\/\/bolting.eu\/en\/shop\/\"},{\"@type\":\"ListItem\",\"position\":2,\"name\":\"Bergsteiger Ausr\u00fcstung\",\"item\":\"https:\/\/bolting.eu\/produkt-kategorie\/bergsteiger-ausruestung\/\"},{\"@type\":\"ListItem\",\"position\":3,\"name\":\"Steigeisen\",\"item\":\"https:\/\/bolting.eu\/produkt-kategorie\/bergsteiger-ausruestung\/steigeisen\/\"},{\"@type\":\"ListItem\",\"position\":4,\"name\":\"Camp Alpinist Tech\"}]},{\"@type\":\"WebSite\",\"@id\":\"https:\/\/bolting.eu\/en\/#website\",\"url\":\"https:\/\/bolting.eu\/en\/\",\"name\":\"bolting.eu\",\"description\":\"we make climbs happen\",\"publisher\":{\"@id\":\"https:\/\/bolting.eu\/en\/#organization\"},\"potentialAction\":[{\"@type\":\"SearchAction\",\"target\":{\"@type\":\"EntryPoint\",\"urlTemplate\":\"https:\/\/bolting.eu\/en\/?s={search_term_string}\"},\"query-input\":{\"@type\":\"PropertyValueSpecification\",\"valueRequired\":true,\"valueName\":\"search_term_string\"}}],\"inLanguage\":\"en-US\"},{\"@type\":[\"Organization\",\"Place\",\"SportingGoodsStore\"],\"@id\":\"https:\/\/bolting.eu\/en\/#organization\",\"name\":\"bolting.eu\",\"url\":\"https:\/\/bolting.eu\/en\/\",\"logo\":{\"@id\":\"https:\/\/bolting.eu\/en\/shop\/camp-alpinist-tech\/#local-main-organization-logo\"},\"image\":{\"@id\":\"https:\/\/bolting.eu\/en\/shop\/camp-alpinist-tech\/#local-main-organization-logo\"},\"sameAs\":[\"https:\/\/www.facebook.com\/bolting.eu\",\"https:\/\/www.instagram.com\/bolting.eu\/\"],\"address\":{\"@id\":\"https:\/\/bolting.eu\/en\/shop\/camp-alpinist-tech\/#local-main-place-address\"},\"geo\":{\"@type\":\"GeoCoordinates\",\"latitude\":\"47.264176340396226\",\"longitude\":\"11.380109057672346\"},\"telephone\":[\"+43 699 19083372\"],\"openingHoursSpecification\":[{\"@type\":\"OpeningHoursSpecification\",\"dayOfWeek\":[\"Monday\",\"Wednesday\",\"Friday\"],\"opens\":\"14:00\",\"closes\":\"18:00\"},{\"@type\":\"OpeningHoursSpecification\",\"dayOfWeek\":[\"Tuesday\",\"Thursday\",\"Saturday\",\"Sunday\"],\"opens\":\"00:00\",\"closes\":\"00:00\"}],\"email\":\"office@bolting.eu\",\"vatID\":\"ATU59999728\",\"priceRange\":\"$$\",\"currenciesAccepted\":\"Euro\"},{\"@type\":\"PostalAddress\",\"@id\":\"https:\/\/bolting.eu\/en\/shop\/camp-alpinist-tech\/#local-main-place-address\",\"streetAddress\":\"Fischnalerstra\u00dfe 4\",\"addressLocality\":\"Innsbruck\",\"postalCode\":\"6020\",\"addressRegion\":\"Tirol\",\"addressCountry\":\"AT\"},{\"@type\":\"ImageObject\",\"inLanguage\":\"en-US\",\"@id\":\"https:\/\/bolting.eu\/en\/shop\/camp-alpinist-tech\/#local-main-organization-logo\",\"url\":\"https:\/\/bolting.eu\/wp-content\/uploads\/2019\/09\/bolting-logo.png\",\"contentUrl\":\"https:\/\/bolting.eu\/wp-content\/uploads\/2019\/09\/bolting-logo.png\",\"width\":400,\"height\":211,\"caption\":\"bolting.eu\"}]}<\/script>\n<meta property=\"og:video\" content=\"https:\/\/www.youtube.com\/embed\/cd2ZmoyBjYw\" \/>\n<meta property=\"og:video:type\" content=\"text\/html\" \/>\n<meta property=\"og:video:duration\" content=\"479\" \/>\n<meta property=\"og:video:width\" content=\"480\" \/>\n<meta property=\"og:video:height\" content=\"270\" \/>\n<meta property=\"ya:ovs:adult\" content=\"false\" \/>\n<meta property=\"ya:ovs:upload_date\" content=\"2023-12-06T09:56:50+00:00\" \/>\n<meta property=\"ya:ovs:allow_embed\" content=\"true\" \/>\n<meta property=\"product:price:amount\" content=\"189.00\" \/>\n<meta property=\"product:price:currency\" content=\"EUR\" \/>\n<meta property=\"og:availability\" content=\"instock\" \/>\n<meta property=\"product:availability\" content=\"instock\" \/>\n<meta property=\"product:retailer_item_id\" content=\"2680C\" \/>\n<meta property=\"product:condition\" content=\"new\" \/>\n<meta name=\"geo.placename\" content=\"Innsbruck\" \/>\n<meta name=\"geo.position\" content=\"47.264176340396226;11.380109057672346\" \/>\n<meta name=\"geo.region\" content=\"Austria\" \/>\n<!-- \/ Yoast SEO Premium plugin. -->","yoast_head_json":{"title":"Camp Alpinist Tech Steigeisen f\u00fcr Eis- & Mixed Klettern kaufen | bolting.eu","description":"CAMP Alpinist Tech Steigeisen beim Hardwareprofi aus Innsbruck kaufen \u2705 kostenloser Versand* \u2705 14 Tage R\u00fcckgaberecht \u2705 Co2 neutraler Versand","robots":{"index":"index","follow":"follow","max-snippet":"max-snippet:-1","max-image-preview":"max-image-preview:large","max-video-preview":"max-video-preview:-1"},"canonical":"https:\/\/bolting.eu\/en\/shop\/camp-alpinist-tech\/","og_locale":"en_US","og_type":"article","og_title":"Camp Alpinist Tech","og_description":"CAMP Alpinist Tech Steigeisen beim Hardwareprofi aus Innsbruck kaufen \u2705 kostenloser Versand* \u2705 14 Tage R\u00fcckgaberecht \u2705 Co2 neutraler Versand","og_url":"https:\/\/bolting.eu\/en\/shop\/camp-alpinist-tech\/","og_site_name":"bolting.eu","article_publisher":"https:\/\/www.facebook.com\/bolting.eu","article_modified_time":"2025-03-07T14:55:51+00:00","og_image":[{"width":700,"height":700,"url":"https:\/\/bolting.eu\/wp-content\/uploads\/2023\/12\/Camp-Alpinist-TEch-2.jpg","type":"image\/jpeg"}],"twitter_card":"summary_large_image","twitter_misc":{"Price":"&euro;&nbsp;189,00","Availability":"In stock"},"schema":{"@context":"https:\/\/schema.org","@graph":[{"@type":["WebPage","ItemPage"],"@id":"https:\/\/bolting.eu\/en\/shop\/camp-alpinist-tech\/","url":"https:\/\/bolting.eu\/en\/shop\/camp-alpinist-tech\/","name":"Camp Alpinist Tech Steigeisen f\u00fcr Eis- & Mixed Klettern kaufen | bolting.eu","isPartOf":{"@id":"https:\/\/bolting.eu\/en\/#website"},"primaryImageOfPage":{"@id":"https:\/\/bolting.eu\/en\/shop\/camp-alpinist-tech\/#primaryimage"},"image":{"@id":"https:\/\/bolting.eu\/en\/shop\/camp-alpinist-tech\/#primaryimage"},"thumbnailUrl":"https:\/\/bolting.eu\/wp-content\/uploads\/2023\/12\/Camp-Alpinist-TEch-2.jpg","datePublished":"2023-12-06T09:56:50+00:00","dateModified":"2025-03-07T14:55:51+00:00","description":"CAMP Alpinist Tech Steigeisen beim Hardwareprofi aus Innsbruck kaufen \u2705 kostenloser Versand* \u2705 14 Tage R\u00fcckgaberecht \u2705 Co2 neutraler Versand","breadcrumb":{"@id":"https:\/\/bolting.eu\/en\/shop\/camp-alpinist-tech\/#breadcrumb"},"inLanguage":"en-US","potentialAction":[{"@type":"ReadAction","target":["https:\/\/bolting.eu\/en\/shop\/camp-alpinist-tech\/"]}]},{"@type":"ImageObject","inLanguage":"en-US","@id":"https:\/\/bolting.eu\/en\/shop\/camp-alpinist-tech\/#primaryimage","url":"https:\/\/bolting.eu\/wp-content\/uploads\/2023\/12\/Camp-Alpinist-TEch-2.jpg","contentUrl":"https:\/\/bolting.eu\/wp-content\/uploads\/2023\/12\/Camp-Alpinist-TEch-2.jpg","width":700,"height":700,"caption":"Orange - graues Camp Alpinist Tech Steigeisen von der Seite betrachtet."},{"@type":"BreadcrumbList","@id":"https:\/\/bolting.eu\/en\/shop\/camp-alpinist-tech\/#breadcrumb","itemListElement":[{"@type":"ListItem","position":1,"name":"Shop","item":"https:\/\/bolting.eu\/en\/shop\/"},{"@type":"ListItem","position":2,"name":"Bergsteiger Ausr\u00fcstung","item":"https:\/\/bolting.eu\/produkt-kategorie\/bergsteiger-ausruestung\/"},{"@type":"ListItem","position":3,"name":"Steigeisen","item":"https:\/\/bolting.eu\/produkt-kategorie\/bergsteiger-ausruestung\/steigeisen\/"},{"@type":"ListItem","position":4,"name":"Camp Alpinist Tech"}]},{"@type":"WebSite","@id":"https:\/\/bolting.eu\/en\/#website","url":"https:\/\/bolting.eu\/en\/","name":"bolting.eu","description":"we make climbs happen","publisher":{"@id":"https:\/\/bolting.eu\/en\/#organization"},"potentialAction":[{"@type":"SearchAction","target":{"@type":"EntryPoint","urlTemplate":"https:\/\/bolting.eu\/en\/?s={search_term_string}"},"query-input":{"@type":"PropertyValueSpecification","valueRequired":true,"valueName":"search_term_string"}}],"inLanguage":"en-US"},{"@type":["Organization","Place","SportingGoodsStore"],"@id":"https:\/\/bolting.eu\/en\/#organization","name":"bolting.eu","url":"https:\/\/bolting.eu\/en\/","logo":{"@id":"https:\/\/bolting.eu\/en\/shop\/camp-alpinist-tech\/#local-main-organization-logo"},"image":{"@id":"https:\/\/bolting.eu\/en\/shop\/camp-alpinist-tech\/#local-main-organization-logo"},"sameAs":["https:\/\/www.facebook.com\/bolting.eu","https:\/\/www.instagram.com\/bolting.eu\/"],"address":{"@id":"https:\/\/bolting.eu\/en\/shop\/camp-alpinist-tech\/#local-main-place-address"},"geo":{"@type":"GeoCoordinates","latitude":"47.264176340396226","longitude":"11.380109057672346"},"telephone":["+43 699 19083372"],"openingHoursSpecification":[{"@type":"OpeningHoursSpecification","dayOfWeek":["Monday","Wednesday","Friday"],"opens":"14:00","closes":"18:00"},{"@type":"OpeningHoursSpecification","dayOfWeek":["Tuesday","Thursday","Saturday","Sunday"],"opens":"00:00","closes":"00:00"}],"email":"office@bolting.eu","vatID":"ATU59999728","priceRange":"$$","currenciesAccepted":"Euro"},{"@type":"PostalAddress","@id":"https:\/\/bolting.eu\/en\/shop\/camp-alpinist-tech\/#local-main-place-address","streetAddress":"Fischnalerstra\u00dfe 4","addressLocality":"Innsbruck","postalCode":"6020","addressRegion":"Tirol","addressCountry":"AT"},{"@type":"ImageObject","inLanguage":"en-US","@id":"https:\/\/bolting.eu\/en\/shop\/camp-alpinist-tech\/#local-main-organization-logo","url":"https:\/\/bolting.eu\/wp-content\/uploads\/2019\/09\/bolting-logo.png","contentUrl":"https:\/\/bolting.eu\/wp-content\/uploads\/2019\/09\/bolting-logo.png","width":400,"height":211,"caption":"bolting.eu"}]},"og_video":"https:\/\/www.youtube.com\/embed\/cd2ZmoyBjYw","og_video_type":"text\/html","og_video_duration":"479","og_video_width":"480","og_video_height":"270","ya_ovs_adult":"false","ya_ovs_upload_date":"2023-12-06T09:56:50+00:00","ya_ovs_allow_embed":"true","product_price_amount":"189.00","product_price_currency":"EUR","og_availability":"instock","product_availability":"instock","product_retailer_item_id":"2680C","product_condition":"new","geo.placename":"Innsbruck","geo.position":{"lat":"47.264176340396226","long":"11.380109057672346"},"geo.region":"Austria"},"_links":{"self":[{"href":"https:\/\/bolting.eu\/en\/wp-json\/wp\/v2\/product\/17762","targetHints":{"allow":["GET"]}}],"collection":[{"href":"https:\/\/bolting.eu\/en\/wp-json\/wp\/v2\/product"}],"about":[{"href":"https:\/\/bolting.eu\/en\/wp-json\/wp\/v2\/types\/product"}],"replies":[{"embeddable":true,"href":"https:\/\/bolting.eu\/en\/wp-json\/wp\/v2\/comments?post=17762"}],"wp:featuredmedia":[{"embeddable":true,"href":"https:\/\/bolting.eu\/en\/wp-json\/wp\/v2\/media\/17765"}],"wp:attachment":[{"href":"https:\/\/bolting.eu\/en\/wp-json\/wp\/v2\/media?parent=17762"}],"wp:term":[{"taxonomy":"product_brand","embeddable":true,"href":"https:\/\/bolting.eu\/en\/wp-json\/wp\/v2\/product_brand?post=17762"},{"taxonomy":"product_cat","embeddable":true,"href":"https:\/\/bolting.eu\/en\/wp-json\/wp\/v2\/product_cat?post=17762"},{"taxonomy":"product_tag","embeddable":true,"href":"https:\/\/bolting.eu\/en\/wp-json\/wp\/v2\/product_tag?post=17762"}],"curies":[{"name":"wp","href":"https:\/\/api.w.org\/{rel}","templated":true}]}}