{"id":17650,"date":"2023-11-08T13:03:00","date_gmt":"2023-11-08T12:03:00","guid":{"rendered":"https:\/\/bolting.eu\/?post_type=product&#038;p=17650"},"modified":"2024-10-04T18:34:03","modified_gmt":"2024-10-04T16:34:03","slug":"edelrid-megawatt","status":"publish","type":"product","link":"https:\/\/bolting.eu\/en\/shop\/edelrid-megawatt\/","title":{"rendered":"Edelrid Megawatt"},"content":{"rendered":"<p>Das Edelrid Megawatt ist ein universelles <a href=\"https:\/\/bolting.eu\/produkt-kategorie\/kletterausruestung\/abseilgeraete\/\">Abseilger\u00e4t<\/a> f\u00fcr Industrieklettern und Rettungseins\u00e4tze. Hier hat der Hersteller den Zweck des Produktes komplett durchgedacht. Entstanden ist ein tolles Ger\u00e4t mit vielen ausgekl\u00fcgelten Details.<\/p>\n<p>Somit ist ein echter Konkurrent f\u00fcr das <a href=\"https:\/\/bolting.eu\/shop\/petzl-rig\/\">Petzl Rig<\/a> oder <a href=\"https:\/\/bolting.eu\/shop\/petzl-id-s\/\">Petzl ID\u00b4S<\/a> entstanden. Denn dieser Artikel steht den franz\u00f6sischen &#8220;Platzhirschen&#8221; um nichts mehr nach.<\/p>\n<p>Das beginnt mit der gesamten Ergonomie und der reibungslosen Funktion. Wir finden diese Details dann super toll.<\/p>\n<p>Erstens die gro\u00dfe \u00d6se f\u00fcr den Karabiner als Aufh\u00e4ngung am Klettergurt. Zweitens den r\u00fcckspringenden Hebel mit den Gummieins\u00e4tzen bzw. intelligenten \u00dcbersetzungsmechanik. Das hilft enorm bei der Bedienung mit <a href=\"https:\/\/bolting.eu\/produkt-kategorie\/kletterausruestung\/kletterhandschuhe\/\">Kletterhandschuhen<\/a>.<\/p>\n<p>Dann die Einhand- oder Zweihand Bedienung. Weiters runden die Anti-Panik Funktion, die farblichen Sicherheits Indikatoren und die Edelstahl Eins\u00e4tze das Ger\u00e4t perfekt ab. Mit 495 Gramm hat man sogar das Gewicht in einem super Rahmen lassen k\u00f6nnen.<\/p>\n<h2>Eigenschaften Megawatt<\/h2>\n<ul>\n<li>Hersteller: <a href=\"https:\/\/bolting.eu\/produkt-kategorie\/edelrid\/\">Edelrid<\/a><\/li>\n<li>Abseilger\u00e4t f\u00fcr Industrieklettern und Rettungseins\u00e4tze<\/li>\n<li>Material: Alu, Edelstahl, Polyamid, Gummi<\/li>\n<li>Gewicht: 495 Gramm<\/li>\n<li>Nutzlast: bis zu 230 kg<\/li>\n<li>f\u00fcr Seile 8,9 &#8211; 11,8mm<\/li>\n<li>Normen: EN 12841-C, EN 341-2A, EN 15151-1\/8 und ANSI\/ASSE Z359.4<\/li>\n<li>intelligente \u00dcbersetzungsmechanik f\u00fcr minimalen Kraftaufwand<\/li>\n<li>automatisch r\u00fcckspringender, kurzer Hebel &#8211; kein H\u00e4ngenbleiben mehr<\/li>\n<li>gummierte Inlets f\u00fcr Bedienung mit Handschuhen<\/li>\n<li>4-Wege Sicherheitsverschluss\u00a0 Seil Einlegen ohne Ger\u00e4t vom Karabiner nehmen zu m\u00fcssen<\/li>\n<li>Anti-Panik Funktion<\/li>\n<li>Stahleins\u00e4tze an den abrieb affinen Stellen<\/li>\n<li>kurzer Hebel sorgt f\u00fcr kompaktes Design &#8211; kein H\u00e4ngenbleben<\/li>\n<li>gro\u00dfes Karabiner Loch erm\u00f6glich 360\u00b0 Drehung<\/li>\n<li>Verriegelungsschraube f\u00fcr Einbau in geschlossenes System<\/li>\n<li>integrierter RFID-Chip f\u00fcr Ausr\u00fcstungs Dokumentation<\/li>\n<li><a href=\"https:\/\/avs.edelrid.com\/images\/attribut\/54656_GAL_MegaWatt_ANSICHT.pdf\" target=\"_blank\" rel=\"noopener\">Bedienungsanleitung<\/a><\/li>\n<\/ul>\n<h3>Produktvideo<\/h3>\n<p>Das folgende Video zeigt die Features des Megawatt ganz ausf\u00fchrlich. Wir finden es wirklich umfassend und super verst\u00e4ndlich.<\/p>\n<p>Es gibt einen tollen Eindruck, was dieses Abseilger\u00e4t alles kann und worin die Innovationen liegen.<\/p>\n<p><iframe loading=\"lazy\" title=\"MEGAWATT Universally Applicable Descender Device | EDELRID\" width=\"1020\" height=\"574\" src=\"https:\/\/www.youtube.com\/embed\/FSMG5pqCONM?feature=oembed\" frameborder=\"0\" allow=\"accelerometer; autoplay; clipboard-write; encrypted-media; gyroscope; picture-in-picture; web-share\" referrerpolicy=\"strict-origin-when-cross-origin\" allowfullscreen><\/iframe><\/p>\n<p>&nbsp;<\/p>\n<h3>Richtige Karabiner verwenden!<\/h3>\n<p>Beachtet! Das Fuse von Edelrid sollte entweder mit einem ovalf\u00f6rmigen Karabiner oder <a href=\"https:\/\/bolting.eu\/produkt-kategorie\/kletterausruestung\/kletterkarabiner\/hms-karabiner\/\">HMS Karabiner<\/a> eingeh\u00e4ngt werden. Diese ben\u00f6tigen einen Schraub-, Ball-Lock oder 3-Wege Twist Lock Verschluss.<\/p>\n<p>Kleine D-f\u00f6rmige Karabiner sind nicht geeignet, weil sich hier das Seil in der Ecke des Scheitels befindet.<\/p>\n<p><a href=\"https:\/\/bolting.eu\/wp-content\/uploads\/2023\/11\/Karabiner-Edlelrid-Megawatt.jpg\"><img loading=\"lazy\" decoding=\"async\" class=\"alignnone wp-image-17652 size-medium\" src=\"https:\/\/bolting.eu\/wp-content\/uploads\/2023\/11\/Karabiner-Edlelrid-Megawatt-800x400.jpg\" alt=\"Grafik mit drei Karabinern f\u00fcr das Edelrid Megawatt.\" width=\"800\" height=\"400\" srcset=\"https:\/\/bolting.eu\/wp-content\/uploads\/2023\/11\/Karabiner-Edlelrid-Megawatt-800x400.jpg 800w, https:\/\/bolting.eu\/wp-content\/uploads\/2023\/11\/Karabiner-Edlelrid-Megawatt-768x384.jpg 768w, https:\/\/bolting.eu\/wp-content\/uploads\/2023\/11\/Karabiner-Edlelrid-Megawatt-510x255.jpg 510w, https:\/\/bolting.eu\/wp-content\/uploads\/2023\/11\/Karabiner-Edlelrid-Megawatt-100x50.jpg 100w, https:\/\/bolting.eu\/wp-content\/uploads\/2023\/11\/Karabiner-Edlelrid-Megawatt.jpg 1200w\" sizes=\"auto, (max-width: 800px) 100vw, 800px\" \/><\/a><\/p>\n<h3>Megawatt fix im Gurt installieren<\/h3>\n<p>Das Abseilger\u00e4t von Edelrid kann man fix im <a href=\"https:\/\/bolting.eu\/produkt-kategorie\/kletterausruestung\/klettergurte\/\">Klettergurt<\/a> installieren. Hierzu muss man die entsprechende Schraube aus dem Hebel drehen und in das vorgesehene Gewinde der \u00d6ffnungsklappe schrauben.<\/p>\n<p>D.h. die Klappe kann dann nicht mehr ge\u00f6ffnet werden.<\/p>\n<p>Beachtet! Die Schraube muss ganz im Gewinde versenkt werden und fest angedreht sein.<\/p>\n<p>&nbsp;<\/p>\n<p><a href=\"https:\/\/bolting.eu\/wp-content\/uploads\/2023\/11\/Edelrid-Megawatt-Schraube-geschlossenes-System.jpg\"><img loading=\"lazy\" decoding=\"async\" class=\"alignnone wp-image-17655 size-large\" src=\"https:\/\/bolting.eu\/wp-content\/uploads\/2023\/11\/Edelrid-Megawatt-Schraube-geschlossenes-System-762x800.jpg\" alt=\"Grafik mit vier Einzelbildern zur fixen Installation des Edelrid Megawatt am Klettergurt.\" width=\"762\" height=\"800\" srcset=\"https:\/\/bolting.eu\/wp-content\/uploads\/2023\/11\/Edelrid-Megawatt-Schraube-geschlossenes-System-762x800.jpg 762w, https:\/\/bolting.eu\/wp-content\/uploads\/2023\/11\/Edelrid-Megawatt-Schraube-geschlossenes-System-381x400.jpg 381w, https:\/\/bolting.eu\/wp-content\/uploads\/2023\/11\/Edelrid-Megawatt-Schraube-geschlossenes-System-768x806.jpg 768w, https:\/\/bolting.eu\/wp-content\/uploads\/2023\/11\/Edelrid-Megawatt-Schraube-geschlossenes-System-510x536.jpg 510w, https:\/\/bolting.eu\/wp-content\/uploads\/2023\/11\/Edelrid-Megawatt-Schraube-geschlossenes-System-100x105.jpg 100w, https:\/\/bolting.eu\/wp-content\/uploads\/2023\/11\/Edelrid-Megawatt-Schraube-geschlossenes-System.jpg 800w\" sizes=\"auto, (max-width: 762px) 100vw, 762px\" \/><\/a><\/p>\n<h3>Bremshand Prinzip beachten!<\/h3>\n<p>F\u00fcr eine sichere Bedienung des Megawatts von Edelrid gilt. Es muss das Bremshandprinzip eingehalten werden. Egal ob mit rechter oder linker Hand am Ablasshebel.<\/p>\n<p>D.h. das Bremsseil muss immer mit einer Hand fest umschlossen werden. Am besten tut man dies unterhalt der Ger\u00e4telinie. Das ist eine gedachte, horizontale Linie auf H\u00f6he des Ger\u00e4tes selbst.<\/p>\n<p>Experten k\u00f6nnen auch die Einhand Bedienung ausf\u00fchren. Auch hier gilt aber. Das Bremsseil ist fest umschlossen.<\/p>\n<p><a href=\"https:\/\/bolting.eu\/wp-content\/uploads\/2023\/11\/Edelrid-MEgawatt-Ablass-Position-Haende.jpg\"><img loading=\"lazy\" decoding=\"async\" class=\"alignnone wp-image-17654 size-large\" src=\"https:\/\/bolting.eu\/wp-content\/uploads\/2023\/11\/Edelrid-MEgawatt-Ablass-Position-Haende-759x800.jpg\" alt=\"Grafik zur Bedienung des Edelrid Megawatt Abseilger\u00e4ts mit vier Abbildungen.\" width=\"759\" height=\"800\" srcset=\"https:\/\/bolting.eu\/wp-content\/uploads\/2023\/11\/Edelrid-MEgawatt-Ablass-Position-Haende-759x800.jpg 759w, https:\/\/bolting.eu\/wp-content\/uploads\/2023\/11\/Edelrid-MEgawatt-Ablass-Position-Haende-380x400.jpg 380w, https:\/\/bolting.eu\/wp-content\/uploads\/2023\/11\/Edelrid-MEgawatt-Ablass-Position-Haende-768x809.jpg 768w, https:\/\/bolting.eu\/wp-content\/uploads\/2023\/11\/Edelrid-MEgawatt-Ablass-Position-Haende-510x537.jpg 510w, https:\/\/bolting.eu\/wp-content\/uploads\/2023\/11\/Edelrid-MEgawatt-Ablass-Position-Haende-100x105.jpg 100w, https:\/\/bolting.eu\/wp-content\/uploads\/2023\/11\/Edelrid-MEgawatt-Ablass-Position-Haende.jpg 800w\" sizes=\"auto, (max-width: 759px) 100vw, 759px\" \/><\/a><\/p>\n<h3>Ablassen von Lasten mit dem Megawatt<\/h3>\n<p>Edelrid empfiehlt in seiner Bedienungsanleitung ganz klar. Beim Ablassen von schweren Lasten muss das Seil \u00fcber einen separaten Karabiner laufen, damit es \u00fcber den Edelstahl Flansch &#8220;geknickt&#8221; in den Seilkanal einl\u00e4uft.<\/p>\n<p>Dabei ist darauf zu achten, dass der Karabiner hoch genug angebracht ist. Siehe die Grafik anbei.<\/p>\n<p><a href=\"https:\/\/bolting.eu\/wp-content\/uploads\/2023\/11\/Eelrid-MEgawatt-Ablassen-LAsten.jpg\"><img loading=\"lazy\" decoding=\"async\" class=\"alignnone wp-image-17653 size-large\" src=\"https:\/\/bolting.eu\/wp-content\/uploads\/2023\/11\/Eelrid-MEgawatt-Ablassen-LAsten-766x800.jpg\" alt=\"\" width=\"766\" height=\"800\" srcset=\"https:\/\/bolting.eu\/wp-content\/uploads\/2023\/11\/Eelrid-MEgawatt-Ablassen-LAsten-766x800.jpg 766w, https:\/\/bolting.eu\/wp-content\/uploads\/2023\/11\/Eelrid-MEgawatt-Ablassen-LAsten-383x400.jpg 383w, https:\/\/bolting.eu\/wp-content\/uploads\/2023\/11\/Eelrid-MEgawatt-Ablassen-LAsten-768x803.jpg 768w, https:\/\/bolting.eu\/wp-content\/uploads\/2023\/11\/Eelrid-MEgawatt-Ablassen-LAsten-510x533.jpg 510w, https:\/\/bolting.eu\/wp-content\/uploads\/2023\/11\/Eelrid-MEgawatt-Ablassen-LAsten-100x105.jpg 100w, https:\/\/bolting.eu\/wp-content\/uploads\/2023\/11\/Eelrid-MEgawatt-Ablassen-LAsten.jpg 800w\" sizes=\"auto, (max-width: 766px) 100vw, 766px\" \/><\/a><\/p>\n","protected":false},"excerpt":{"rendered":"<p>Super innovatives Abseilger\u00e4t f\u00fcr Industrieklettern und Rettungseins\u00e4tze.<\/p>\n<p>F\u00fcr Links- und Rechtsh\u00e4nder genauso wie f\u00fcr Einhand- und Zweihand Bedienung.<\/p>\n<p>Versandkostenfrei bis 2kg in <img decoding=\"async\" class=\"emoji\" role=\"img\" draggable=\"false\" src=\"https:\/\/s.w.org\/images\/core\/emoji\/14.0.0\/svg\/1f1e6-1f1f9.svg\" alt=\"\ud83c\udde6\ud83c\uddf9\" \/> ab \u20ac 100,- und <img decoding=\"async\" class=\"emoji\" role=\"img\" draggable=\"false\" src=\"https:\/\/s.w.org\/images\/core\/emoji\/14.0.0\/svg\/1f1e9-1f1ea.svg\" alt=\"\ud83c\udde9\ud83c\uddea\" \/> ab \u20ac 200,-!<\/p>\n<p>&nbsp;<\/p>\n<p>&nbsp;<\/p>\n","protected":false},"featured_media":17657,"comment_status":"closed","ping_status":"closed","template":"","meta":[],"product_brand":[],"product_cat":[29,1210,4655,14056,14447],"product_tag":[],"class_list":{"0":"post-17650","1":"product","2":"type-product","3":"status-publish","4":"has-post-thumbnail","6":"product_cat-kletterausruestung","7":"product_cat-einbohrartikel","8":"product_cat-edelrid","9":"product_cat-seil-auf-abstieg","10":"product_cat-abseilgeraete","12":"first","13":"instock","14":"sale","15":"taxable","16":"shipping-taxable","17":"purchasable","18":"product-type-simple"},"yoast_head":"<!-- This site is optimized with the Yoast SEO Premium plugin v26.9 (Yoast SEO v26.9) - https:\/\/yoast.com\/product\/yoast-seo-premium-wordpress\/ -->\n<title>Edelrid Megawatt - Abseilger\u00e4t f\u00fcr Industrieklettern | bolting.eu<\/title>\n<meta name=\"description\" content=\"Edelrid Megawatt - Abseilger\u00e4t beim Kletter Hardwareprofi aus Innsbruck kaufen \u2705 kostenloser Versand* \u2705 14 Tage R\u00fcckgaberecht \u2705 Co2 neutraler Versand\" \/>\n<meta name=\"robots\" content=\"index, follow, max-snippet:-1, max-image-preview:large, max-video-preview:-1\" \/>\n<link rel=\"canonical\" href=\"https:\/\/bolting.eu\/en\/shop\/edelrid-megawatt\/\" \/>\n<meta property=\"og:locale\" content=\"en_US\" \/>\n<meta property=\"og:type\" content=\"article\" \/>\n<meta property=\"og:title\" content=\"Edelrid Megawatt\" \/>\n<meta property=\"og:description\" content=\"Edelrid Megawatt - Abseilger\u00e4t beim Kletter Hardwareprofi aus Innsbruck kaufen \u2705 kostenloser Versand* \u2705 14 Tage R\u00fcckgaberecht \u2705 Co2 neutraler Versand\" \/>\n<meta property=\"og:url\" content=\"https:\/\/bolting.eu\/en\/shop\/edelrid-megawatt\/\" \/>\n<meta property=\"og:site_name\" content=\"bolting.eu\" \/>\n<meta property=\"article:publisher\" content=\"https:\/\/www.facebook.com\/bolting.eu\" \/>\n<meta property=\"article:modified_time\" content=\"2024-10-04T16:34:03+00:00\" \/>\n<meta property=\"og:image\" content=\"https:\/\/bolting.eu\/wp-content\/uploads\/2023\/11\/Edelrid-Megawatt-6.jpg\" \/>\n\t<meta property=\"og:image:width\" content=\"700\" \/>\n\t<meta property=\"og:image:height\" content=\"700\" \/>\n\t<meta property=\"og:image:type\" content=\"image\/jpeg\" \/>\n<meta name=\"twitter:card\" content=\"summary_large_image\" \/>\n<meta name=\"twitter:label1\" content=\"Price\" \/>\n\t<meta name=\"twitter:data1\" content=\"&euro;&nbsp;180,00\" \/>\n\t<meta name=\"twitter:label2\" content=\"Availability\" \/>\n\t<meta name=\"twitter:data2\" content=\"In stock\" \/>\n<script type=\"application\/ld+json\" class=\"yoast-schema-graph\">{\"@context\":\"https:\/\/schema.org\",\"@graph\":[{\"@type\":[\"WebPage\",\"ItemPage\"],\"@id\":\"https:\/\/bolting.eu\/en\/shop\/edelrid-megawatt\/\",\"url\":\"https:\/\/bolting.eu\/en\/shop\/edelrid-megawatt\/\",\"name\":\"Edelrid Megawatt - Abseilger\u00e4t f\u00fcr Industrieklettern | bolting.eu\",\"isPartOf\":{\"@id\":\"https:\/\/bolting.eu\/en\/#website\"},\"primaryImageOfPage\":{\"@id\":\"https:\/\/bolting.eu\/en\/shop\/edelrid-megawatt\/#primaryimage\"},\"image\":{\"@id\":\"https:\/\/bolting.eu\/en\/shop\/edelrid-megawatt\/#primaryimage\"},\"thumbnailUrl\":\"https:\/\/bolting.eu\/wp-content\/uploads\/2023\/11\/Edelrid-Megawatt-6.jpg\",\"datePublished\":\"2023-11-08T12:03:00+00:00\",\"dateModified\":\"2024-10-04T16:34:03+00:00\",\"description\":\"Edelrid Megawatt - Abseilger\u00e4t beim Kletter Hardwareprofi aus Innsbruck kaufen \u2705 kostenloser Versand* \u2705 14 Tage R\u00fcckgaberecht \u2705 Co2 neutraler Versand\",\"breadcrumb\":{\"@id\":\"https:\/\/bolting.eu\/en\/shop\/edelrid-megawatt\/#breadcrumb\"},\"inLanguage\":\"en-US\",\"potentialAction\":[{\"@type\":\"ReadAction\",\"target\":[\"https:\/\/bolting.eu\/en\/shop\/edelrid-megawatt\/\"]}]},{\"@type\":\"ImageObject\",\"inLanguage\":\"en-US\",\"@id\":\"https:\/\/bolting.eu\/en\/shop\/edelrid-megawatt\/#primaryimage\",\"url\":\"https:\/\/bolting.eu\/wp-content\/uploads\/2023\/11\/Edelrid-Megawatt-6.jpg\",\"contentUrl\":\"https:\/\/bolting.eu\/wp-content\/uploads\/2023\/11\/Edelrid-Megawatt-6.jpg\",\"width\":700,\"height\":700,\"caption\":\"Schwarzes Abseilger\u00e4t Megawatt von Edelrid mit gr\u00fcnem Ablasshebel von der Seite.\"},{\"@type\":\"BreadcrumbList\",\"@id\":\"https:\/\/bolting.eu\/en\/shop\/edelrid-megawatt\/#breadcrumb\",\"itemListElement\":[{\"@type\":\"ListItem\",\"position\":1,\"name\":\"Shop\",\"item\":\"https:\/\/bolting.eu\/en\/shop\/\"},{\"@type\":\"ListItem\",\"position\":2,\"name\":\"climbing equipment\",\"item\":\"https:\/\/bolting.eu\/en\/produkt-kategorie\/climbing-equipment\/\"},{\"@type\":\"ListItem\",\"position\":3,\"name\":\"Abseilger\u00e4te\",\"item\":\"https:\/\/bolting.eu\/produkt-kategorie\/kletterausruestung\/abseilgeraete\/\"},{\"@type\":\"ListItem\",\"position\":4,\"name\":\"Edelrid Megawatt\"}]},{\"@type\":\"WebSite\",\"@id\":\"https:\/\/bolting.eu\/en\/#website\",\"url\":\"https:\/\/bolting.eu\/en\/\",\"name\":\"bolting.eu\",\"description\":\"we make climbs happen\",\"publisher\":{\"@id\":\"https:\/\/bolting.eu\/en\/#organization\"},\"potentialAction\":[{\"@type\":\"SearchAction\",\"target\":{\"@type\":\"EntryPoint\",\"urlTemplate\":\"https:\/\/bolting.eu\/en\/?s={search_term_string}\"},\"query-input\":{\"@type\":\"PropertyValueSpecification\",\"valueRequired\":true,\"valueName\":\"search_term_string\"}}],\"inLanguage\":\"en-US\"},{\"@type\":[\"Organization\",\"Place\",\"SportingGoodsStore\"],\"@id\":\"https:\/\/bolting.eu\/en\/#organization\",\"name\":\"bolting.eu\",\"url\":\"https:\/\/bolting.eu\/en\/\",\"logo\":{\"@id\":\"https:\/\/bolting.eu\/en\/shop\/edelrid-megawatt\/#local-main-organization-logo\"},\"image\":{\"@id\":\"https:\/\/bolting.eu\/en\/shop\/edelrid-megawatt\/#local-main-organization-logo\"},\"sameAs\":[\"https:\/\/www.facebook.com\/bolting.eu\",\"https:\/\/www.instagram.com\/bolting.eu\/\"],\"address\":{\"@id\":\"https:\/\/bolting.eu\/en\/shop\/edelrid-megawatt\/#local-main-place-address\"},\"geo\":{\"@type\":\"GeoCoordinates\",\"latitude\":\"47.264176340396226\",\"longitude\":\"11.380109057672346\"},\"telephone\":[\"+43 699 19083372\"],\"openingHoursSpecification\":[{\"@type\":\"OpeningHoursSpecification\",\"dayOfWeek\":[\"Monday\",\"Wednesday\",\"Friday\"],\"opens\":\"14:00\",\"closes\":\"18:00\"},{\"@type\":\"OpeningHoursSpecification\",\"dayOfWeek\":[\"Tuesday\",\"Thursday\",\"Saturday\",\"Sunday\"],\"opens\":\"00:00\",\"closes\":\"00:00\"}],\"email\":\"office@bolting.eu\",\"vatID\":\"ATU59999728\",\"priceRange\":\"$$\",\"currenciesAccepted\":\"Euro\"},{\"@type\":\"PostalAddress\",\"@id\":\"https:\/\/bolting.eu\/en\/shop\/edelrid-megawatt\/#local-main-place-address\",\"streetAddress\":\"Fischnalerstra\u00dfe 4\",\"addressLocality\":\"Innsbruck\",\"postalCode\":\"6020\",\"addressRegion\":\"Tirol\",\"addressCountry\":\"AT\"},{\"@type\":\"ImageObject\",\"inLanguage\":\"en-US\",\"@id\":\"https:\/\/bolting.eu\/en\/shop\/edelrid-megawatt\/#local-main-organization-logo\",\"url\":\"https:\/\/bolting.eu\/wp-content\/uploads\/2019\/09\/bolting-logo.png\",\"contentUrl\":\"https:\/\/bolting.eu\/wp-content\/uploads\/2019\/09\/bolting-logo.png\",\"width\":400,\"height\":211,\"caption\":\"bolting.eu\"}]}<\/script>\n<meta property=\"og:video\" content=\"https:\/\/www.youtube.com\/embed\/FSMG5pqCONM\" \/>\n<meta property=\"og:video:type\" content=\"text\/html\" \/>\n<meta property=\"og:video:duration\" content=\"211\" \/>\n<meta property=\"og:video:width\" content=\"480\" \/>\n<meta property=\"og:video:height\" content=\"270\" \/>\n<meta property=\"ya:ovs:adult\" content=\"false\" \/>\n<meta property=\"ya:ovs:upload_date\" content=\"2023-11-08T12:03:00+00:00\" \/>\n<meta property=\"ya:ovs:allow_embed\" content=\"true\" \/>\n<meta property=\"product:price:amount\" content=\"180.00\" \/>\n<meta property=\"product:price:currency\" content=\"EUR\" \/>\n<meta property=\"og:availability\" content=\"instock\" \/>\n<meta property=\"product:availability\" content=\"instock\" \/>\n<meta property=\"product:retailer_item_id\" content=\"883320000170\" \/>\n<meta property=\"product:condition\" content=\"new\" \/>\n<meta name=\"geo.placename\" content=\"Innsbruck\" \/>\n<meta name=\"geo.position\" content=\"47.264176340396226;11.380109057672346\" \/>\n<meta name=\"geo.region\" content=\"Austria\" \/>\n<!-- \/ Yoast SEO Premium plugin. -->","yoast_head_json":{"title":"Edelrid Megawatt - Abseilger\u00e4t f\u00fcr Industrieklettern | bolting.eu","description":"Edelrid Megawatt - Abseilger\u00e4t beim Kletter Hardwareprofi aus Innsbruck kaufen \u2705 kostenloser Versand* \u2705 14 Tage R\u00fcckgaberecht \u2705 Co2 neutraler Versand","robots":{"index":"index","follow":"follow","max-snippet":"max-snippet:-1","max-image-preview":"max-image-preview:large","max-video-preview":"max-video-preview:-1"},"canonical":"https:\/\/bolting.eu\/en\/shop\/edelrid-megawatt\/","og_locale":"en_US","og_type":"article","og_title":"Edelrid Megawatt","og_description":"Edelrid Megawatt - Abseilger\u00e4t beim Kletter Hardwareprofi aus Innsbruck kaufen \u2705 kostenloser Versand* \u2705 14 Tage R\u00fcckgaberecht \u2705 Co2 neutraler Versand","og_url":"https:\/\/bolting.eu\/en\/shop\/edelrid-megawatt\/","og_site_name":"bolting.eu","article_publisher":"https:\/\/www.facebook.com\/bolting.eu","article_modified_time":"2024-10-04T16:34:03+00:00","og_image":[{"width":700,"height":700,"url":"https:\/\/bolting.eu\/wp-content\/uploads\/2023\/11\/Edelrid-Megawatt-6.jpg","type":"image\/jpeg"}],"twitter_card":"summary_large_image","twitter_misc":{"Price":"&euro;&nbsp;180,00","Availability":"In stock"},"schema":{"@context":"https:\/\/schema.org","@graph":[{"@type":["WebPage","ItemPage"],"@id":"https:\/\/bolting.eu\/en\/shop\/edelrid-megawatt\/","url":"https:\/\/bolting.eu\/en\/shop\/edelrid-megawatt\/","name":"Edelrid Megawatt - Abseilger\u00e4t f\u00fcr Industrieklettern | bolting.eu","isPartOf":{"@id":"https:\/\/bolting.eu\/en\/#website"},"primaryImageOfPage":{"@id":"https:\/\/bolting.eu\/en\/shop\/edelrid-megawatt\/#primaryimage"},"image":{"@id":"https:\/\/bolting.eu\/en\/shop\/edelrid-megawatt\/#primaryimage"},"thumbnailUrl":"https:\/\/bolting.eu\/wp-content\/uploads\/2023\/11\/Edelrid-Megawatt-6.jpg","datePublished":"2023-11-08T12:03:00+00:00","dateModified":"2024-10-04T16:34:03+00:00","description":"Edelrid Megawatt - Abseilger\u00e4t beim Kletter Hardwareprofi aus Innsbruck kaufen \u2705 kostenloser Versand* \u2705 14 Tage R\u00fcckgaberecht \u2705 Co2 neutraler Versand","breadcrumb":{"@id":"https:\/\/bolting.eu\/en\/shop\/edelrid-megawatt\/#breadcrumb"},"inLanguage":"en-US","potentialAction":[{"@type":"ReadAction","target":["https:\/\/bolting.eu\/en\/shop\/edelrid-megawatt\/"]}]},{"@type":"ImageObject","inLanguage":"en-US","@id":"https:\/\/bolting.eu\/en\/shop\/edelrid-megawatt\/#primaryimage","url":"https:\/\/bolting.eu\/wp-content\/uploads\/2023\/11\/Edelrid-Megawatt-6.jpg","contentUrl":"https:\/\/bolting.eu\/wp-content\/uploads\/2023\/11\/Edelrid-Megawatt-6.jpg","width":700,"height":700,"caption":"Schwarzes Abseilger\u00e4t Megawatt von Edelrid mit gr\u00fcnem Ablasshebel von der Seite."},{"@type":"BreadcrumbList","@id":"https:\/\/bolting.eu\/en\/shop\/edelrid-megawatt\/#breadcrumb","itemListElement":[{"@type":"ListItem","position":1,"name":"Shop","item":"https:\/\/bolting.eu\/en\/shop\/"},{"@type":"ListItem","position":2,"name":"climbing equipment","item":"https:\/\/bolting.eu\/en\/produkt-kategorie\/climbing-equipment\/"},{"@type":"ListItem","position":3,"name":"Abseilger\u00e4te","item":"https:\/\/bolting.eu\/produkt-kategorie\/kletterausruestung\/abseilgeraete\/"},{"@type":"ListItem","position":4,"name":"Edelrid Megawatt"}]},{"@type":"WebSite","@id":"https:\/\/bolting.eu\/en\/#website","url":"https:\/\/bolting.eu\/en\/","name":"bolting.eu","description":"we make climbs happen","publisher":{"@id":"https:\/\/bolting.eu\/en\/#organization"},"potentialAction":[{"@type":"SearchAction","target":{"@type":"EntryPoint","urlTemplate":"https:\/\/bolting.eu\/en\/?s={search_term_string}"},"query-input":{"@type":"PropertyValueSpecification","valueRequired":true,"valueName":"search_term_string"}}],"inLanguage":"en-US"},{"@type":["Organization","Place","SportingGoodsStore"],"@id":"https:\/\/bolting.eu\/en\/#organization","name":"bolting.eu","url":"https:\/\/bolting.eu\/en\/","logo":{"@id":"https:\/\/bolting.eu\/en\/shop\/edelrid-megawatt\/#local-main-organization-logo"},"image":{"@id":"https:\/\/bolting.eu\/en\/shop\/edelrid-megawatt\/#local-main-organization-logo"},"sameAs":["https:\/\/www.facebook.com\/bolting.eu","https:\/\/www.instagram.com\/bolting.eu\/"],"address":{"@id":"https:\/\/bolting.eu\/en\/shop\/edelrid-megawatt\/#local-main-place-address"},"geo":{"@type":"GeoCoordinates","latitude":"47.264176340396226","longitude":"11.380109057672346"},"telephone":["+43 699 19083372"],"openingHoursSpecification":[{"@type":"OpeningHoursSpecification","dayOfWeek":["Monday","Wednesday","Friday"],"opens":"14:00","closes":"18:00"},{"@type":"OpeningHoursSpecification","dayOfWeek":["Tuesday","Thursday","Saturday","Sunday"],"opens":"00:00","closes":"00:00"}],"email":"office@bolting.eu","vatID":"ATU59999728","priceRange":"$$","currenciesAccepted":"Euro"},{"@type":"PostalAddress","@id":"https:\/\/bolting.eu\/en\/shop\/edelrid-megawatt\/#local-main-place-address","streetAddress":"Fischnalerstra\u00dfe 4","addressLocality":"Innsbruck","postalCode":"6020","addressRegion":"Tirol","addressCountry":"AT"},{"@type":"ImageObject","inLanguage":"en-US","@id":"https:\/\/bolting.eu\/en\/shop\/edelrid-megawatt\/#local-main-organization-logo","url":"https:\/\/bolting.eu\/wp-content\/uploads\/2019\/09\/bolting-logo.png","contentUrl":"https:\/\/bolting.eu\/wp-content\/uploads\/2019\/09\/bolting-logo.png","width":400,"height":211,"caption":"bolting.eu"}]},"og_video":"https:\/\/www.youtube.com\/embed\/FSMG5pqCONM","og_video_type":"text\/html","og_video_duration":"211","og_video_width":"480","og_video_height":"270","ya_ovs_adult":"false","ya_ovs_upload_date":"2023-11-08T12:03:00+00:00","ya_ovs_allow_embed":"true","product_price_amount":"180.00","product_price_currency":"EUR","og_availability":"instock","product_availability":"instock","product_retailer_item_id":"883320000170","product_condition":"new","geo.placename":"Innsbruck","geo.position":{"lat":"47.264176340396226","long":"11.380109057672346"},"geo.region":"Austria"},"_links":{"self":[{"href":"https:\/\/bolting.eu\/en\/wp-json\/wp\/v2\/product\/17650","targetHints":{"allow":["GET"]}}],"collection":[{"href":"https:\/\/bolting.eu\/en\/wp-json\/wp\/v2\/product"}],"about":[{"href":"https:\/\/bolting.eu\/en\/wp-json\/wp\/v2\/types\/product"}],"replies":[{"embeddable":true,"href":"https:\/\/bolting.eu\/en\/wp-json\/wp\/v2\/comments?post=17650"}],"wp:featuredmedia":[{"embeddable":true,"href":"https:\/\/bolting.eu\/en\/wp-json\/wp\/v2\/media\/17657"}],"wp:attachment":[{"href":"https:\/\/bolting.eu\/en\/wp-json\/wp\/v2\/media?parent=17650"}],"wp:term":[{"taxonomy":"product_brand","embeddable":true,"href":"https:\/\/bolting.eu\/en\/wp-json\/wp\/v2\/product_brand?post=17650"},{"taxonomy":"product_cat","embeddable":true,"href":"https:\/\/bolting.eu\/en\/wp-json\/wp\/v2\/product_cat?post=17650"},{"taxonomy":"product_tag","embeddable":true,"href":"https:\/\/bolting.eu\/en\/wp-json\/wp\/v2\/product_tag?post=17650"}],"curies":[{"name":"wp","href":"https:\/\/api.w.org\/{rel}","templated":true}]}}