{"id":17639,"date":"2023-11-08T11:22:22","date_gmt":"2023-11-08T10:22:22","guid":{"rendered":"https:\/\/bolting.eu\/?post_type=product&#038;p=17639"},"modified":"2026-02-24T23:57:40","modified_gmt":"2026-02-24T22:57:40","slug":"edelrid-fuse","status":"publish","type":"product","link":"https:\/\/bolting.eu\/en\/shop\/edelrid-fuse\/","title":{"rendered":"Edelrid Fuse"},"content":{"rendered":"<p>Das Edelrid Fuse ist ein spezielles, mitlaufendes Auffangger\u00e4t mit Arrest Funktion. Denn es ist das erste Produkt weltweit, welches alle relevantes Standards f\u00fcr Nutzlasten bis 140kg erf\u00fcllt. D.h. EN, RFU und ANSI Anforderungen.<\/p>\n<p>Somit ist dieses Auffangger\u00e4t ein echter Konkurrent des &#8220;Platzhirsches&#8221; <a href=\"https:\/\/bolting.eu\/shop\/petzl-asap-lock\/\">Petzl ASAP Lock<\/a> bzw. ASAP.<\/p>\n<p>Was das Edelrid Ger\u00e4t auszeichnet, ist die Trennung des Ausl\u00f6semechanismus (Tr\u00e4gheitsscheibe) vom Klemmmechanismus (Klemmnocken). Dieses Feature und die raffinierte Aufh\u00e4ngung am Hebelarm, machen diesen Artikel zu einem klasse Produkt. Denn es l\u00e4uft somit super easy an der &#8220;back up line&#8221; mit, ohne jemals ungewollt &#8220;h\u00e4ngen&#8221; zu bleiben.<\/p>\n<h2>Eigenschaften Fuse<\/h2>\n<ul>\n<li>Hersteller: Edelrid<\/li>\n<li>mitlaufendes Auffangger\u00e4t f\u00fcr 10 &#8211; 12mm <a href=\"https:\/\/bolting.eu\/shop\/halbstatisches-seil-pensum-105mm\/\">halbstatische Seile<\/a><\/li>\n<li>Gewicht: 420 Gramm<\/li>\n<li>Normen: EN 353-2, EN 12841-A, RfU 11.075 und ANSI Z359.15 f\u00fcr bis zu 140 kg Nutzlast<\/li>\n<li>Farbindikator zeigt an wenn Ger\u00e4t nicht ganz geschlossen<\/li>\n<li>l\u00e4uft ab dem Einlegen sofort perfekt mit<\/li>\n<li>getrennter Ausl\u00f6se- und Klemmmechanismus<\/li>\n<li>Klemmnocken aktiviert ab Geschwindigkeit von mehr als 2m \/ sek.<\/li>\n<li>gerillter Klemmn\u00f6cken ohne scharfe Z\u00e4hne<\/li>\n<li>RFID Chip integriert<\/li>\n<li>kann mit eingelegtem Karabiner in back up line geh\u00e4ngt werden<\/li>\n<li>Arretierfunktion erm\u00f6glicht Seil-Straffung in Arbeitsposition<\/li>\n<li><strong>verpflichtender DEFUSER Falld\u00e4mpfer l<\/strong>iegt Fangsto\u00df 30% unter dem Normwert<\/li>\n<li><a href=\"https:\/\/avs.edelrid.com\/images\/attribut\/54657_GAL_Fuse_PART_I_ANSICHT.pdf\" target=\"_blank\" rel=\"noopener\">Bedienungsanleitung<\/a><\/li>\n<\/ul>\n<h3>Produktvideo<\/h3>\n<p>Im Folgenden stellt euch Edelrid das Fuse selber vor. Wir finden das Video super anschaulich. Denn es zeigt alle Haupt Features und die Funktionsweise.<\/p>\n<p><iframe loading=\"lazy\" title=\"FUSE Guided Type Fall Arrester | EDELRID\" width=\"1020\" height=\"574\" src=\"https:\/\/www.youtube.com\/embed\/lq8upetNLwk?feature=oembed\" frameborder=\"0\" allow=\"accelerometer; autoplay; clipboard-write; encrypted-media; gyroscope; picture-in-picture; web-share\" referrerpolicy=\"strict-origin-when-cross-origin\" allowfullscreen><\/iframe><\/p>\n<h3>Gerillter Klemmnocken<\/h3>\n<p>Das Fuse kommt ganz ohne scharfe Z\u00e4hne am Klemmnocken aus. Denn dieser ist gerillt.<\/p>\n<p>Das bringt gleich mehrere Vorteile. Zum einen ist das extrem seilschonend und verhindert einen Seilriss bei \u00dcberlastung Zum anderen erm\u00f6glicht es aber vor allem das L\u00f6sen nach dem Abklemmen ohne das Ger\u00e4t vollst\u00e4ndig entlasten zu m\u00fcssen.<\/p>\n<h3>Fuse Arretierfunktion<\/h3>\n<p>M\u00f6chte man an seinem Arbeitsplatz verharren, so kann man am Auffangger\u00e4t die Arretierfunktion manuell ausl\u00f6sen. D.h. es ist dann an dieser Stelle fixiert und l\u00e4uft nicht mehr mit.<\/p>\n<p>Das bringt zum einen mehr Sicherheit durch eine potentiell k\u00fcrzere Fallh\u00f6he. Aber es erm\u00f6glicht zum anderen das Spannen der &#8220;back up line&#8221;. Dies ist z.B. bei viel Wind sehr vorteilhaft.<\/p>\n<figure id=\"attachment_17643\" aria-describedby=\"caption-attachment-17643\" style=\"width: 378px\" class=\"wp-caption alignnone\"><a href=\"https:\/\/bolting.eu\/wp-content\/uploads\/2023\/11\/Edelrid-Fuse-Arretierung.jpg\"><img loading=\"lazy\" decoding=\"async\" class=\"wp-image-17643 size-medium\" src=\"https:\/\/bolting.eu\/wp-content\/uploads\/2023\/11\/Edelrid-Fuse-Arretierung-378x400.jpg\" alt=\"Grafik zur Arretierfunktion des Edelrid Fuse Auffangger\u00e4tes.\" width=\"378\" height=\"400\" srcset=\"https:\/\/bolting.eu\/wp-content\/uploads\/2023\/11\/Edelrid-Fuse-Arretierung-378x400.jpg 378w, https:\/\/bolting.eu\/wp-content\/uploads\/2023\/11\/Edelrid-Fuse-Arretierung-510x540.jpg 510w, https:\/\/bolting.eu\/wp-content\/uploads\/2023\/11\/Edelrid-Fuse-Arretierung-100x106.jpg 100w, https:\/\/bolting.eu\/wp-content\/uploads\/2023\/11\/Edelrid-Fuse-Arretierung.jpg 600w\" sizes=\"auto, (max-width: 378px) 100vw, 378px\" \/><\/a><figcaption id=\"caption-attachment-17643\" class=\"wp-caption-text\">Wer am Arbeitsplatz verharrt, sollte die Arretierfunktion ausl\u00f6sen. Einfach den gelben Knopf dr\u00fccken, fertig!<\/figcaption><\/figure>\n<h3>Alle relevanten Normen bis 140kg Nutzlast<\/h3>\n<p>Das Edelrid Fuse erf\u00fcllt also alle relevanten Normen f\u00fcr das H\u00f6henarbeiten bis 140kg Nutzlast.<\/p>\n<p>Damit das auch in er Praxis so stimmt, muss sauber gearbeitet werden. Die folgende Grafik zeigt euch, was f\u00fcr die jeweiligen Normen zu beachten ist.<\/p>\n<figure id=\"attachment_17641\" aria-describedby=\"caption-attachment-17641\" style=\"width: 800px\" class=\"wp-caption alignnone\"><a href=\"https:\/\/bolting.eu\/wp-content\/uploads\/2023\/11\/Edelrid-Fuse-Normgerechtes-Arbeiten.jpg\"><img loading=\"lazy\" decoding=\"async\" class=\"wp-image-17641 size-medium\" src=\"https:\/\/bolting.eu\/wp-content\/uploads\/2023\/11\/Edelrid-Fuse-Normgerechtes-Arbeiten-800x379.jpg\" alt=\"Grafik mit vielen Icons zur normgerechten Verwendung des Edelrid Fuse Auffangger\u00e4t.\" width=\"800\" height=\"379\" srcset=\"https:\/\/bolting.eu\/wp-content\/uploads\/2023\/11\/Edelrid-Fuse-Normgerechtes-Arbeiten-800x379.jpg 800w, https:\/\/bolting.eu\/wp-content\/uploads\/2023\/11\/Edelrid-Fuse-Normgerechtes-Arbeiten-768x364.jpg 768w, https:\/\/bolting.eu\/wp-content\/uploads\/2023\/11\/Edelrid-Fuse-Normgerechtes-Arbeiten-510x242.jpg 510w, https:\/\/bolting.eu\/wp-content\/uploads\/2023\/11\/Edelrid-Fuse-Normgerechtes-Arbeiten-100x47.jpg 100w, https:\/\/bolting.eu\/wp-content\/uploads\/2023\/11\/Edelrid-Fuse-Normgerechtes-Arbeiten.jpg 1024w\" sizes=\"auto, (max-width: 800px) 100vw, 800px\" \/><\/a><figcaption id=\"caption-attachment-17641\" class=\"wp-caption-text\">So arbeitet man f\u00fcr die Erf\u00fcllung der entsprechenden Normen.<\/figcaption><\/figure>\n<h3>Wie montiert man den Bandfalld\u00e4mpfer am Fuse?<\/h3>\n<p>Beachtet! Die Verwendung des Defuser Bandfalld\u00e4mpfer ist verpflichtend wenn man die 140kg Nutzlastgrenze einhalten will. Ansonsten kann jeder Bandfalld\u00e4mpfer verwendet werden.<\/p>\n<p><strong>Man darf aber niemals direkt einen Karabiner oder Knoten in den Hebelarm einh\u00e4ngen bzw. einbinden.<\/strong><\/p>\n<p>Die folgende Grafik zeigt, wie man den Bandfalld\u00e4mper direkt mit der integrierten Schraube befestigt. Der Drehmoment f\u00fcr die Schraube betr\u00e4gt 3 Nm.<\/p>\n<figure id=\"attachment_17642\" aria-describedby=\"caption-attachment-17642\" style=\"width: 361px\" class=\"wp-caption alignnone\"><a href=\"https:\/\/bolting.eu\/wp-content\/uploads\/2023\/11\/Edelrid-Fuse-Anbringung-Defuser.jpg\"><img loading=\"lazy\" decoding=\"async\" class=\"wp-image-17642 size-medium\" src=\"https:\/\/bolting.eu\/wp-content\/uploads\/2023\/11\/Edelrid-Fuse-Anbringung-Defuser-361x400.jpg\" alt=\"Grafik zur sicheren Befestigung des Defuser Bandfalld\u00e4mpfers am Fuse Auffangger\u00e4t.\" width=\"361\" height=\"400\" srcset=\"https:\/\/bolting.eu\/wp-content\/uploads\/2023\/11\/Edelrid-Fuse-Anbringung-Defuser-361x400.jpg 361w, https:\/\/bolting.eu\/wp-content\/uploads\/2023\/11\/Edelrid-Fuse-Anbringung-Defuser-510x566.jpg 510w, https:\/\/bolting.eu\/wp-content\/uploads\/2023\/11\/Edelrid-Fuse-Anbringung-Defuser-100x111.jpg 100w, https:\/\/bolting.eu\/wp-content\/uploads\/2023\/11\/Edelrid-Fuse-Anbringung-Defuser.jpg 658w\" sizes=\"auto, (max-width: 361px) 100vw, 361px\" \/><\/a><figcaption id=\"caption-attachment-17642\" class=\"wp-caption-text\">So befestigt man den Bandfalld\u00e4mpfer richtig!<\/figcaption><\/figure>\n<p>&nbsp;<\/p>\n","protected":false},"excerpt":{"rendered":"<p>Mitlaufendes Auffangger\u00e4t mit innovativen Features. Ausl\u00f6se- und Klemmmechanismus sind getrennt, f\u00fcr perfekt mitlaufendes Ger\u00e4t.<\/p>\n<p>Erf\u00fcllt als einiges Produkt am Markt alle Normen bis 140kg Nutzlast.<\/p>\n<p>Versandkostenfrei bis 2kg in <img decoding=\"async\" class=\"emoji\" role=\"img\" draggable=\"false\" src=\"https:\/\/s.w.org\/images\/core\/emoji\/14.0.0\/svg\/1f1e6-1f1f9.svg\" alt=\"\ud83c\udde6\ud83c\uddf9\" \/> ab \u20ac 100,- und <img decoding=\"async\" class=\"emoji\" role=\"img\" draggable=\"false\" src=\"https:\/\/s.w.org\/images\/core\/emoji\/14.0.0\/svg\/1f1e9-1f1ea.svg\" alt=\"\ud83c\udde9\ud83c\uddea\" \/> ab \u20ac 200,-!<\/p>\n","protected":false},"featured_media":17646,"comment_status":"closed","ping_status":"closed","template":"","meta":[],"product_brand":[],"product_cat":[4655,14513,14745],"product_tag":[],"class_list":{"0":"post-17639","1":"product","2":"type-product","3":"status-publish","4":"has-post-thumbnail","6":"product_cat-edelrid","7":"product_cat-industriekletter-ausruestung","8":"product_cat-mitlaufende-auffanggeraete","10":"first","11":"instock","12":"sale","13":"taxable","14":"shipping-taxable","15":"purchasable","16":"product-type-simple"},"yoast_head":"<!-- This site is optimized with the Yoast SEO Premium plugin v26.9 (Yoast SEO v26.9) - https:\/\/yoast.com\/product\/yoast-seo-premium-wordpress\/ -->\n<title>Edelrid Fuse - mitlaufendes Auffangger\u00e4t f\u00fcr H\u00f6henarbeiten | bolting.eu<\/title>\n<meta name=\"description\" content=\"Edelrid Fuse - mitlaufendes Auffangger\u00e4t beim Hardware Profi aus Innsbruck kaufen \u2705 kostenloser Versand* \u2705 14 Tage R\u00fcckgaberecht \u2705 Co2 neutraler Versand\" \/>\n<meta name=\"robots\" content=\"index, follow, max-snippet:-1, max-image-preview:large, max-video-preview:-1\" \/>\n<link rel=\"canonical\" href=\"https:\/\/bolting.eu\/en\/shop\/edelrid-fuse\/\" \/>\n<meta property=\"og:locale\" content=\"en_US\" \/>\n<meta property=\"og:type\" content=\"article\" \/>\n<meta property=\"og:title\" content=\"Edelrid Fuse\" \/>\n<meta property=\"og:description\" content=\"Edelrid Fuse - mitlaufendes Auffangger\u00e4t beim Hardware Profi aus Innsbruck kaufen \u2705 kostenloser Versand* \u2705 14 Tage R\u00fcckgaberecht \u2705 Co2 neutraler Versand\" \/>\n<meta property=\"og:url\" content=\"https:\/\/bolting.eu\/en\/shop\/edelrid-fuse\/\" \/>\n<meta property=\"og:site_name\" content=\"bolting.eu\" \/>\n<meta property=\"article:publisher\" content=\"https:\/\/www.facebook.com\/bolting.eu\" \/>\n<meta property=\"article:modified_time\" content=\"2026-02-24T22:57:40+00:00\" \/>\n<meta property=\"og:image\" content=\"https:\/\/bolting.eu\/wp-content\/uploads\/2023\/11\/Edelrid-Fuse-4.jpg\" \/>\n\t<meta property=\"og:image:width\" content=\"700\" \/>\n\t<meta property=\"og:image:height\" content=\"700\" \/>\n\t<meta property=\"og:image:type\" content=\"image\/jpeg\" \/>\n<meta name=\"twitter:card\" content=\"summary_large_image\" \/>\n<meta name=\"twitter:label1\" content=\"Price\" \/>\n\t<meta name=\"twitter:data1\" content=\"&euro;&nbsp;199,00\" \/>\n\t<meta name=\"twitter:label2\" content=\"Availability\" \/>\n\t<meta name=\"twitter:data2\" content=\"In stock\" \/>\n<script type=\"application\/ld+json\" class=\"yoast-schema-graph\">{\"@context\":\"https:\/\/schema.org\",\"@graph\":[{\"@type\":[\"WebPage\",\"ItemPage\"],\"@id\":\"https:\/\/bolting.eu\/en\/shop\/edelrid-fuse\/\",\"url\":\"https:\/\/bolting.eu\/en\/shop\/edelrid-fuse\/\",\"name\":\"Edelrid Fuse - mitlaufendes Auffangger\u00e4t f\u00fcr H\u00f6henarbeiten | bolting.eu\",\"isPartOf\":{\"@id\":\"https:\/\/bolting.eu\/en\/#website\"},\"primaryImageOfPage\":{\"@id\":\"https:\/\/bolting.eu\/en\/shop\/edelrid-fuse\/#primaryimage\"},\"image\":{\"@id\":\"https:\/\/bolting.eu\/en\/shop\/edelrid-fuse\/#primaryimage\"},\"thumbnailUrl\":\"https:\/\/bolting.eu\/wp-content\/uploads\/2023\/11\/Edelrid-Fuse-4.jpg\",\"datePublished\":\"2023-11-08T10:22:22+00:00\",\"dateModified\":\"2026-02-24T22:57:40+00:00\",\"description\":\"Edelrid Fuse - mitlaufendes Auffangger\u00e4t beim Hardware Profi aus Innsbruck kaufen \u2705 kostenloser Versand* \u2705 14 Tage R\u00fcckgaberecht \u2705 Co2 neutraler Versand\",\"breadcrumb\":{\"@id\":\"https:\/\/bolting.eu\/en\/shop\/edelrid-fuse\/#breadcrumb\"},\"inLanguage\":\"en-US\",\"potentialAction\":[{\"@type\":\"ReadAction\",\"target\":[\"https:\/\/bolting.eu\/en\/shop\/edelrid-fuse\/\"]}]},{\"@type\":\"ImageObject\",\"inLanguage\":\"en-US\",\"@id\":\"https:\/\/bolting.eu\/en\/shop\/edelrid-fuse\/#primaryimage\",\"url\":\"https:\/\/bolting.eu\/wp-content\/uploads\/2023\/11\/Edelrid-Fuse-4.jpg\",\"contentUrl\":\"https:\/\/bolting.eu\/wp-content\/uploads\/2023\/11\/Edelrid-Fuse-4.jpg\",\"width\":700,\"height\":700,\"caption\":\"Schwarz - gr\u00fcnes Edelrid Fuse Auffangger\u00e4t von der Seite.\"},{\"@type\":\"BreadcrumbList\",\"@id\":\"https:\/\/bolting.eu\/en\/shop\/edelrid-fuse\/#breadcrumb\",\"itemListElement\":[{\"@type\":\"ListItem\",\"position\":1,\"name\":\"Shop\",\"item\":\"https:\/\/bolting.eu\/en\/shop\/\"},{\"@type\":\"ListItem\",\"position\":2,\"name\":\"Industrial climbing gear\",\"item\":\"https:\/\/bolting.eu\/en\/produkt-kategorie\/industrial-climbing-gear\/\"},{\"@type\":\"ListItem\",\"position\":3,\"name\":\"Mitlaufende Auffangger\u00e4te\",\"item\":\"https:\/\/bolting.eu\/produkt-kategorie\/industriekletter-ausruestung\/mitlaufende-auffanggeraete\/\"},{\"@type\":\"ListItem\",\"position\":4,\"name\":\"Edelrid Fuse\"}]},{\"@type\":\"WebSite\",\"@id\":\"https:\/\/bolting.eu\/en\/#website\",\"url\":\"https:\/\/bolting.eu\/en\/\",\"name\":\"bolting.eu\",\"description\":\"we make climbs happen\",\"publisher\":{\"@id\":\"https:\/\/bolting.eu\/en\/#organization\"},\"potentialAction\":[{\"@type\":\"SearchAction\",\"target\":{\"@type\":\"EntryPoint\",\"urlTemplate\":\"https:\/\/bolting.eu\/en\/?s={search_term_string}\"},\"query-input\":{\"@type\":\"PropertyValueSpecification\",\"valueRequired\":true,\"valueName\":\"search_term_string\"}}],\"inLanguage\":\"en-US\"},{\"@type\":[\"Organization\",\"Place\",\"SportingGoodsStore\"],\"@id\":\"https:\/\/bolting.eu\/en\/#organization\",\"name\":\"bolting.eu\",\"url\":\"https:\/\/bolting.eu\/en\/\",\"logo\":{\"@id\":\"https:\/\/bolting.eu\/en\/shop\/edelrid-fuse\/#local-main-organization-logo\"},\"image\":{\"@id\":\"https:\/\/bolting.eu\/en\/shop\/edelrid-fuse\/#local-main-organization-logo\"},\"sameAs\":[\"https:\/\/www.facebook.com\/bolting.eu\",\"https:\/\/www.instagram.com\/bolting.eu\/\"],\"address\":{\"@id\":\"https:\/\/bolting.eu\/en\/shop\/edelrid-fuse\/#local-main-place-address\"},\"geo\":{\"@type\":\"GeoCoordinates\",\"latitude\":\"47.264176340396226\",\"longitude\":\"11.380109057672346\"},\"telephone\":[\"+43 699 19083372\"],\"openingHoursSpecification\":[{\"@type\":\"OpeningHoursSpecification\",\"dayOfWeek\":[\"Monday\",\"Wednesday\",\"Friday\"],\"opens\":\"14:00\",\"closes\":\"18:00\"},{\"@type\":\"OpeningHoursSpecification\",\"dayOfWeek\":[\"Tuesday\",\"Thursday\",\"Saturday\",\"Sunday\"],\"opens\":\"00:00\",\"closes\":\"00:00\"}],\"email\":\"office@bolting.eu\",\"vatID\":\"ATU59999728\",\"priceRange\":\"$$\",\"currenciesAccepted\":\"Euro\"},{\"@type\":\"PostalAddress\",\"@id\":\"https:\/\/bolting.eu\/en\/shop\/edelrid-fuse\/#local-main-place-address\",\"streetAddress\":\"Fischnalerstra\u00dfe 4\",\"addressLocality\":\"Innsbruck\",\"postalCode\":\"6020\",\"addressRegion\":\"Tirol\",\"addressCountry\":\"AT\"},{\"@type\":\"ImageObject\",\"inLanguage\":\"en-US\",\"@id\":\"https:\/\/bolting.eu\/en\/shop\/edelrid-fuse\/#local-main-organization-logo\",\"url\":\"https:\/\/bolting.eu\/wp-content\/uploads\/2019\/09\/bolting-logo.png\",\"contentUrl\":\"https:\/\/bolting.eu\/wp-content\/uploads\/2019\/09\/bolting-logo.png\",\"width\":400,\"height\":211,\"caption\":\"bolting.eu\"}]}<\/script>\n<meta property=\"og:video\" content=\"https:\/\/www.youtube.com\/embed\/lq8upetNLwk\" \/>\n<meta property=\"og:video:type\" content=\"text\/html\" \/>\n<meta property=\"og:video:duration\" content=\"177\" \/>\n<meta property=\"og:video:width\" content=\"480\" \/>\n<meta property=\"og:video:height\" content=\"270\" \/>\n<meta property=\"ya:ovs:adult\" content=\"false\" \/>\n<meta property=\"ya:ovs:upload_date\" content=\"2023-11-08T10:22:22+00:00\" \/>\n<meta property=\"ya:ovs:allow_embed\" content=\"true\" \/>\n<meta property=\"product:price:amount\" content=\"199.00\" \/>\n<meta property=\"product:price:currency\" content=\"EUR\" \/>\n<meta property=\"og:availability\" content=\"instock\" \/>\n<meta property=\"product:availability\" content=\"instock\" \/>\n<meta property=\"product:retailer_item_id\" content=\"882560000170\" \/>\n<meta property=\"product:condition\" content=\"new\" \/>\n<meta name=\"geo.placename\" content=\"Innsbruck\" \/>\n<meta name=\"geo.position\" content=\"47.264176340396226;11.380109057672346\" \/>\n<meta name=\"geo.region\" content=\"Austria\" \/>\n<!-- \/ Yoast SEO Premium plugin. -->","yoast_head_json":{"title":"Edelrid Fuse - mitlaufendes Auffangger\u00e4t f\u00fcr H\u00f6henarbeiten | bolting.eu","description":"Edelrid Fuse - mitlaufendes Auffangger\u00e4t beim Hardware Profi aus Innsbruck kaufen \u2705 kostenloser Versand* \u2705 14 Tage R\u00fcckgaberecht \u2705 Co2 neutraler Versand","robots":{"index":"index","follow":"follow","max-snippet":"max-snippet:-1","max-image-preview":"max-image-preview:large","max-video-preview":"max-video-preview:-1"},"canonical":"https:\/\/bolting.eu\/en\/shop\/edelrid-fuse\/","og_locale":"en_US","og_type":"article","og_title":"Edelrid Fuse","og_description":"Edelrid Fuse - mitlaufendes Auffangger\u00e4t beim Hardware Profi aus Innsbruck kaufen \u2705 kostenloser Versand* \u2705 14 Tage R\u00fcckgaberecht \u2705 Co2 neutraler Versand","og_url":"https:\/\/bolting.eu\/en\/shop\/edelrid-fuse\/","og_site_name":"bolting.eu","article_publisher":"https:\/\/www.facebook.com\/bolting.eu","article_modified_time":"2026-02-24T22:57:40+00:00","og_image":[{"width":700,"height":700,"url":"https:\/\/bolting.eu\/wp-content\/uploads\/2023\/11\/Edelrid-Fuse-4.jpg","type":"image\/jpeg"}],"twitter_card":"summary_large_image","twitter_misc":{"Price":"&euro;&nbsp;199,00","Availability":"In stock"},"schema":{"@context":"https:\/\/schema.org","@graph":[{"@type":["WebPage","ItemPage"],"@id":"https:\/\/bolting.eu\/en\/shop\/edelrid-fuse\/","url":"https:\/\/bolting.eu\/en\/shop\/edelrid-fuse\/","name":"Edelrid Fuse - mitlaufendes Auffangger\u00e4t f\u00fcr H\u00f6henarbeiten | bolting.eu","isPartOf":{"@id":"https:\/\/bolting.eu\/en\/#website"},"primaryImageOfPage":{"@id":"https:\/\/bolting.eu\/en\/shop\/edelrid-fuse\/#primaryimage"},"image":{"@id":"https:\/\/bolting.eu\/en\/shop\/edelrid-fuse\/#primaryimage"},"thumbnailUrl":"https:\/\/bolting.eu\/wp-content\/uploads\/2023\/11\/Edelrid-Fuse-4.jpg","datePublished":"2023-11-08T10:22:22+00:00","dateModified":"2026-02-24T22:57:40+00:00","description":"Edelrid Fuse - mitlaufendes Auffangger\u00e4t beim Hardware Profi aus Innsbruck kaufen \u2705 kostenloser Versand* \u2705 14 Tage R\u00fcckgaberecht \u2705 Co2 neutraler Versand","breadcrumb":{"@id":"https:\/\/bolting.eu\/en\/shop\/edelrid-fuse\/#breadcrumb"},"inLanguage":"en-US","potentialAction":[{"@type":"ReadAction","target":["https:\/\/bolting.eu\/en\/shop\/edelrid-fuse\/"]}]},{"@type":"ImageObject","inLanguage":"en-US","@id":"https:\/\/bolting.eu\/en\/shop\/edelrid-fuse\/#primaryimage","url":"https:\/\/bolting.eu\/wp-content\/uploads\/2023\/11\/Edelrid-Fuse-4.jpg","contentUrl":"https:\/\/bolting.eu\/wp-content\/uploads\/2023\/11\/Edelrid-Fuse-4.jpg","width":700,"height":700,"caption":"Schwarz - gr\u00fcnes Edelrid Fuse Auffangger\u00e4t von der Seite."},{"@type":"BreadcrumbList","@id":"https:\/\/bolting.eu\/en\/shop\/edelrid-fuse\/#breadcrumb","itemListElement":[{"@type":"ListItem","position":1,"name":"Shop","item":"https:\/\/bolting.eu\/en\/shop\/"},{"@type":"ListItem","position":2,"name":"Industrial climbing gear","item":"https:\/\/bolting.eu\/en\/produkt-kategorie\/industrial-climbing-gear\/"},{"@type":"ListItem","position":3,"name":"Mitlaufende Auffangger\u00e4te","item":"https:\/\/bolting.eu\/produkt-kategorie\/industriekletter-ausruestung\/mitlaufende-auffanggeraete\/"},{"@type":"ListItem","position":4,"name":"Edelrid Fuse"}]},{"@type":"WebSite","@id":"https:\/\/bolting.eu\/en\/#website","url":"https:\/\/bolting.eu\/en\/","name":"bolting.eu","description":"we make climbs happen","publisher":{"@id":"https:\/\/bolting.eu\/en\/#organization"},"potentialAction":[{"@type":"SearchAction","target":{"@type":"EntryPoint","urlTemplate":"https:\/\/bolting.eu\/en\/?s={search_term_string}"},"query-input":{"@type":"PropertyValueSpecification","valueRequired":true,"valueName":"search_term_string"}}],"inLanguage":"en-US"},{"@type":["Organization","Place","SportingGoodsStore"],"@id":"https:\/\/bolting.eu\/en\/#organization","name":"bolting.eu","url":"https:\/\/bolting.eu\/en\/","logo":{"@id":"https:\/\/bolting.eu\/en\/shop\/edelrid-fuse\/#local-main-organization-logo"},"image":{"@id":"https:\/\/bolting.eu\/en\/shop\/edelrid-fuse\/#local-main-organization-logo"},"sameAs":["https:\/\/www.facebook.com\/bolting.eu","https:\/\/www.instagram.com\/bolting.eu\/"],"address":{"@id":"https:\/\/bolting.eu\/en\/shop\/edelrid-fuse\/#local-main-place-address"},"geo":{"@type":"GeoCoordinates","latitude":"47.264176340396226","longitude":"11.380109057672346"},"telephone":["+43 699 19083372"],"openingHoursSpecification":[{"@type":"OpeningHoursSpecification","dayOfWeek":["Monday","Wednesday","Friday"],"opens":"14:00","closes":"18:00"},{"@type":"OpeningHoursSpecification","dayOfWeek":["Tuesday","Thursday","Saturday","Sunday"],"opens":"00:00","closes":"00:00"}],"email":"office@bolting.eu","vatID":"ATU59999728","priceRange":"$$","currenciesAccepted":"Euro"},{"@type":"PostalAddress","@id":"https:\/\/bolting.eu\/en\/shop\/edelrid-fuse\/#local-main-place-address","streetAddress":"Fischnalerstra\u00dfe 4","addressLocality":"Innsbruck","postalCode":"6020","addressRegion":"Tirol","addressCountry":"AT"},{"@type":"ImageObject","inLanguage":"en-US","@id":"https:\/\/bolting.eu\/en\/shop\/edelrid-fuse\/#local-main-organization-logo","url":"https:\/\/bolting.eu\/wp-content\/uploads\/2019\/09\/bolting-logo.png","contentUrl":"https:\/\/bolting.eu\/wp-content\/uploads\/2019\/09\/bolting-logo.png","width":400,"height":211,"caption":"bolting.eu"}]},"og_video":"https:\/\/www.youtube.com\/embed\/lq8upetNLwk","og_video_type":"text\/html","og_video_duration":"177","og_video_width":"480","og_video_height":"270","ya_ovs_adult":"false","ya_ovs_upload_date":"2023-11-08T10:22:22+00:00","ya_ovs_allow_embed":"true","product_price_amount":"199.00","product_price_currency":"EUR","og_availability":"instock","product_availability":"instock","product_retailer_item_id":"882560000170","product_condition":"new","geo.placename":"Innsbruck","geo.position":{"lat":"47.264176340396226","long":"11.380109057672346"},"geo.region":"Austria"},"_links":{"self":[{"href":"https:\/\/bolting.eu\/en\/wp-json\/wp\/v2\/product\/17639","targetHints":{"allow":["GET"]}}],"collection":[{"href":"https:\/\/bolting.eu\/en\/wp-json\/wp\/v2\/product"}],"about":[{"href":"https:\/\/bolting.eu\/en\/wp-json\/wp\/v2\/types\/product"}],"replies":[{"embeddable":true,"href":"https:\/\/bolting.eu\/en\/wp-json\/wp\/v2\/comments?post=17639"}],"wp:featuredmedia":[{"embeddable":true,"href":"https:\/\/bolting.eu\/en\/wp-json\/wp\/v2\/media\/17646"}],"wp:attachment":[{"href":"https:\/\/bolting.eu\/en\/wp-json\/wp\/v2\/media?parent=17639"}],"wp:term":[{"taxonomy":"product_brand","embeddable":true,"href":"https:\/\/bolting.eu\/en\/wp-json\/wp\/v2\/product_brand?post=17639"},{"taxonomy":"product_cat","embeddable":true,"href":"https:\/\/bolting.eu\/en\/wp-json\/wp\/v2\/product_cat?post=17639"},{"taxonomy":"product_tag","embeddable":true,"href":"https:\/\/bolting.eu\/en\/wp-json\/wp\/v2\/product_tag?post=17639"}],"curies":[{"name":"wp","href":"https:\/\/api.w.org\/{rel}","templated":true}]}}