{"id":17527,"date":"2023-10-30T13:43:32","date_gmt":"2023-10-30T12:43:32","guid":{"rendered":"https:\/\/bolting.eu\/?post_type=product&#038;p=17527"},"modified":"2026-04-17T15:39:13","modified_gmt":"2026-04-17T13:39:13","slug":"msr-firnanker","status":"publish","type":"product","link":"https:\/\/bolting.eu\/en\/shop\/msr-firnanker\/","title":{"rendered":"MSR Firnanker"},"content":{"rendered":"<p>Der MSR Firnanker ist ein 90cm Modell ohne fixes Stahlkabel. Er dient als Sicherungspunkt in tiefem Schnee, wenn kein Eispickel oder Eisschraube verwendet werden kann. Dort kann er sowohl vertikal eingeschlagen als auch horizontal vergraben werden.<\/p>\n<p>D.h. er ist ideal f\u00fcr Hochtouren und Expeditionen, wo man mit Schneeflanken, Schneerinnen und verschneiten Graten\u00a0 rechnen muss. In den Alpen wird er auch von Rettungsorganisationen und in Ausbildungen am Gletscher gerne verwendet.<\/p>\n<h2>Eigenschaften MSR Firnanker<\/h2>\n<ul>\n<li>Material: Flugzeug Aluminium<\/li>\n<li>L\u00e4nge: 90cm<\/li>\n<li>Gewicht: 610 Gramm<\/li>\n<li>T-Profil f\u00fcr maximale Stabilit\u00e4t bei geringstem Gewicht<\/li>\n<li>verst\u00e4rktes Schlagende (Kunststoff Kappe)<\/li>\n<li>zugespitzes Einschlagende<\/li>\n<li>11 abgerundete Einh\u00e4ngepunkte<\/li>\n<li>ge\u00e4tztes Mittel-Loch f\u00fcr Karabiner, Bandschlinge oder Reepschnur<\/li>\n<li>zum <a href=\"https:\/\/www.msrgear.com\" target=\"_blank\" rel=\"noopener\">Hersteller<\/a><\/li>\n<\/ul>\n<h3>N\u00f6tig, wenn die &#8220;kleinen&#8221; Modelle nicht sicher sind<\/h3>\n<p>Mit 90cm ist der MSR Firnanker ein ganz sch\u00f6n gro\u00dfes Ding. Also warum mit nehmen am Berg?<\/p>\n<p>Die Antwort ist klar. Dieser lange Anker macht dann Sinn, wenn die Schneeverh\u00e4ltnisse den Einsatz von &#8220;kleinen&#8221; Modellen leider nicht erlauben.<\/p>\n<p>Das kann zum einen bei viel &#8220;weichem&#8221; Neuschnee der Fall sein. L\u00e4sst sich dieser nicht ordentlich &#8220;verfestigen&#8221;, so muss die Ankerl\u00e4nge eben gr\u00f6\u00dfer werden.<\/p>\n<p>Zum anderen kann es aber auch sein, dass die Lasten gr\u00f6\u00dfer als normal sind. Wie z.B. bei der Spaltenbergung. Hier m\u00f6chte man vielleicht bewusst mehr Ankerl\u00e4nge f\u00fcr mehr Sicherheit beim \u00dcben.<\/p>\n<h3>MSR Firnanker richtig setzen<\/h3>\n<p>Beachtet die folgenden Grafiken, wie dieses Produkt richtig zu verwenden ist. Entscheidend ist beim Einschlagen der Winkel. Und beim Vergraben der Kanal f\u00fcr die nach au\u00dfen f\u00fchrende Bandschlinge bzw. Reepschnur.<\/p>\n<figure id=\"attachment_17523\" aria-describedby=\"caption-attachment-17523\" style=\"width: 555px\" class=\"wp-caption alignnone\"><a href=\"https:\/\/bolting.eu\/wp-content\/uploads\/2023\/10\/MSR-Firnanker-vertikal-richtig.jpg\"><img loading=\"lazy\" decoding=\"async\" class=\"wp-image-17523 size-medium\" src=\"https:\/\/bolting.eu\/wp-content\/uploads\/2023\/10\/MSR-Firnanker-vertikal-richtig-555x400.jpg\" alt=\"Grafik zum vertikalen Einschlagen eines MSR Snow Pickets.\" width=\"555\" height=\"400\" srcset=\"https:\/\/bolting.eu\/wp-content\/uploads\/2023\/10\/MSR-Firnanker-vertikal-richtig-555x400.jpg 555w, https:\/\/bolting.eu\/wp-content\/uploads\/2023\/10\/MSR-Firnanker-vertikal-richtig-768x554.jpg 768w, https:\/\/bolting.eu\/wp-content\/uploads\/2023\/10\/MSR-Firnanker-vertikal-richtig-510x368.jpg 510w, https:\/\/bolting.eu\/wp-content\/uploads\/2023\/10\/MSR-Firnanker-vertikal-richtig-100x72.jpg 100w, https:\/\/bolting.eu\/wp-content\/uploads\/2023\/10\/MSR-Firnanker-vertikal-richtig.jpg 774w\" sizes=\"auto, (max-width: 555px) 100vw, 555px\" \/><\/a><figcaption id=\"caption-attachment-17523\" class=\"wp-caption-text\">Achtet auf einen Winkel, der leicht zum Hang hin geneigt ist von der Schwerkraftlinie aus gesehen.<\/figcaption><\/figure>\n<figure id=\"attachment_17524\" aria-describedby=\"caption-attachment-17524\" style=\"width: 551px\" class=\"wp-caption alignnone\"><a href=\"https:\/\/bolting.eu\/wp-content\/uploads\/2023\/10\/MSR-Firnanker-horizontal-richtig.jpg\"><img loading=\"lazy\" decoding=\"async\" class=\"wp-image-17524 size-medium\" src=\"https:\/\/bolting.eu\/wp-content\/uploads\/2023\/10\/MSR-Firnanker-horizontal-richtig-551x400.jpg\" alt=\"Grafik zum richtigen, horizontalen Vergraben eines MSR Snow Pickets.\" width=\"551\" height=\"400\" srcset=\"https:\/\/bolting.eu\/wp-content\/uploads\/2023\/10\/MSR-Firnanker-horizontal-richtig-551x400.jpg 551w, https:\/\/bolting.eu\/wp-content\/uploads\/2023\/10\/MSR-Firnanker-horizontal-richtig-768x558.jpg 768w, https:\/\/bolting.eu\/wp-content\/uploads\/2023\/10\/MSR-Firnanker-horizontal-richtig-510x370.jpg 510w, https:\/\/bolting.eu\/wp-content\/uploads\/2023\/10\/MSR-Firnanker-horizontal-richtig-100x73.jpg 100w, https:\/\/bolting.eu\/wp-content\/uploads\/2023\/10\/MSR-Firnanker-horizontal-richtig.jpg 774w\" sizes=\"auto, (max-width: 551px) 100vw, 551px\" \/><\/a><figcaption id=\"caption-attachment-17524\" class=\"wp-caption-text\">Der Kanal f\u00fcr die Bandschlinge \/ Reepschnur muss ordentlich gegraben sein und in flachem Winkel vom Anker heraus laufen!<\/figcaption><\/figure>\n<h3>Einlagerung<\/h3>\n<p>Beachtet! Feuchtigkeit schadet auf Dauer jedem Metall. So nat\u00fcrlich auch dem Aluminium des Firnankers von MSR.<\/p>\n<p>Deswegen nach jeder Tour gut mit einem Tuch abtrocknen. Dann unbedingt bei Zimmertemperatur und trocken lagern.<\/p>\n<p>Wer seine Ausr\u00fcstung in der feuchten Garage liegen l\u00e4sst tut ihm nichts Gutes. Viel besser ist der warme, trockene Keller!<\/p>\n<p>&nbsp;<\/p>\n","protected":false},"excerpt":{"rendered":"<p>90cm langer Firnanker mit 11 abgerundeten Einh\u00e4ngepunkten.<\/p>\n<p>Ideal als Sicherungspunkt bei schneereiche Bedingungen in Schneeflanken, Rinnen und auf verschneiten Graten.<\/p>\n<p>Versandkostenfrei bis 2kg in <img decoding=\"async\" class=\"emoji\" role=\"img\" draggable=\"false\" src=\"https:\/\/s.w.org\/images\/core\/emoji\/13.1.0\/svg\/1f1e6-1f1f9.svg\" alt=\"\ud83c\udde6\ud83c\uddf9\" \/> ab \u20ac 100,- und <img decoding=\"async\" class=\"emoji\" role=\"img\" draggable=\"false\" src=\"https:\/\/s.w.org\/images\/core\/emoji\/13.1.0\/svg\/1f1e9-1f1ea.svg\" alt=\"\ud83c\udde9\ud83c\uddea\" \/> ab \u20ac 200,-!<\/p>\n<p>&nbsp;<\/p>\n","protected":false},"featured_media":17528,"comment_status":"closed","ping_status":"closed","template":"","meta":[],"product_brand":[],"product_cat":[13938,14452],"product_tag":[],"class_list":{"0":"post-17527","1":"product","2":"type-product","3":"status-publish","4":"has-post-thumbnail","6":"product_cat-bergsteiger-ausruestung","7":"product_cat-firnanker","9":"first","10":"instock","11":"taxable","12":"shipping-taxable","13":"purchasable","14":"product-type-simple"},"yoast_head":"<!-- This site is optimized with the Yoast SEO Premium plugin v26.9 (Yoast SEO v26.9) - https:\/\/yoast.com\/product\/yoast-seo-premium-wordpress\/ -->\n<title>MSR Firnanker - 90cm online kaufen | bolting.eu<\/title>\n<meta name=\"description\" content=\"MSR Firnanker 90cm beim Kletter Hardwareprofi aus Innsbruck kaufen \u2705 kostenloser Versand* \u2705 14 Tage R\u00fcckgaberecht \u2705 Co2 neutraler Versand\" \/>\n<meta name=\"robots\" content=\"index, follow, max-snippet:-1, max-image-preview:large, max-video-preview:-1\" \/>\n<link rel=\"canonical\" href=\"https:\/\/bolting.eu\/en\/shop\/msr-firnanker\/\" \/>\n<meta property=\"og:locale\" content=\"en_US\" \/>\n<meta property=\"og:type\" content=\"article\" \/>\n<meta property=\"og:title\" content=\"MSR Firnanker\" \/>\n<meta property=\"og:description\" content=\"MSR Firnanker 90cm beim Kletter Hardwareprofi aus Innsbruck kaufen \u2705 kostenloser Versand* \u2705 14 Tage R\u00fcckgaberecht \u2705 Co2 neutraler Versand\" \/>\n<meta property=\"og:url\" content=\"https:\/\/bolting.eu\/en\/shop\/msr-firnanker\/\" \/>\n<meta property=\"og:site_name\" content=\"bolting.eu\" \/>\n<meta property=\"article:publisher\" content=\"https:\/\/www.facebook.com\/bolting.eu\" \/>\n<meta property=\"article:modified_time\" content=\"2026-04-17T13:39:13+00:00\" \/>\n<meta property=\"og:image\" content=\"https:\/\/bolting.eu\/wp-content\/uploads\/2023\/10\/MSR-Firnanker-90cm-1.jpg\" \/>\n\t<meta property=\"og:image:width\" content=\"700\" \/>\n\t<meta property=\"og:image:height\" content=\"700\" \/>\n\t<meta property=\"og:image:type\" content=\"image\/jpeg\" \/>\n<meta name=\"twitter:card\" content=\"summary_large_image\" \/>\n<meta name=\"twitter:label1\" content=\"Price\" \/>\n\t<meta name=\"twitter:data1\" content=\"&euro;&nbsp;44,90\" \/>\n\t<meta name=\"twitter:label2\" content=\"Availability\" \/>\n\t<meta name=\"twitter:data2\" content=\"In stock\" \/>\n<script type=\"application\/ld+json\" class=\"yoast-schema-graph\">{\"@context\":\"https:\/\/schema.org\",\"@graph\":[{\"@type\":[\"WebPage\",\"ItemPage\"],\"@id\":\"https:\/\/bolting.eu\/en\/shop\/msr-firnanker\/\",\"url\":\"https:\/\/bolting.eu\/en\/shop\/msr-firnanker\/\",\"name\":\"MSR Firnanker - 90cm online kaufen | bolting.eu\",\"isPartOf\":{\"@id\":\"https:\/\/bolting.eu\/en\/#website\"},\"primaryImageOfPage\":{\"@id\":\"https:\/\/bolting.eu\/en\/shop\/msr-firnanker\/#primaryimage\"},\"image\":{\"@id\":\"https:\/\/bolting.eu\/en\/shop\/msr-firnanker\/#primaryimage\"},\"thumbnailUrl\":\"https:\/\/bolting.eu\/wp-content\/uploads\/2023\/10\/MSR-Firnanker-90cm-1.jpg\",\"datePublished\":\"2023-10-30T12:43:32+00:00\",\"dateModified\":\"2026-04-17T13:39:13+00:00\",\"description\":\"MSR Firnanker 90cm beim Kletter Hardwareprofi aus Innsbruck kaufen \u2705 kostenloser Versand* \u2705 14 Tage R\u00fcckgaberecht \u2705 Co2 neutraler Versand\",\"breadcrumb\":{\"@id\":\"https:\/\/bolting.eu\/en\/shop\/msr-firnanker\/#breadcrumb\"},\"inLanguage\":\"en-US\",\"potentialAction\":[{\"@type\":\"ReadAction\",\"target\":[\"https:\/\/bolting.eu\/en\/shop\/msr-firnanker\/\"]}]},{\"@type\":\"ImageObject\",\"inLanguage\":\"en-US\",\"@id\":\"https:\/\/bolting.eu\/en\/shop\/msr-firnanker\/#primaryimage\",\"url\":\"https:\/\/bolting.eu\/wp-content\/uploads\/2023\/10\/MSR-Firnanker-90cm-1.jpg\",\"contentUrl\":\"https:\/\/bolting.eu\/wp-content\/uploads\/2023\/10\/MSR-Firnanker-90cm-1.jpg\",\"width\":700,\"height\":700,\"caption\":\"Silberner MSR Firnanker senkrecht in wei\u00dfem Quadrat.\"},{\"@type\":\"BreadcrumbList\",\"@id\":\"https:\/\/bolting.eu\/en\/shop\/msr-firnanker\/#breadcrumb\",\"itemListElement\":[{\"@type\":\"ListItem\",\"position\":1,\"name\":\"Shop\",\"item\":\"https:\/\/bolting.eu\/en\/shop\/\"},{\"@type\":\"ListItem\",\"position\":2,\"name\":\"Bergsteiger Ausr\u00fcstung\",\"item\":\"https:\/\/bolting.eu\/produkt-kategorie\/bergsteiger-ausruestung\/\"},{\"@type\":\"ListItem\",\"position\":3,\"name\":\"Firnanker\",\"item\":\"https:\/\/bolting.eu\/produkt-kategorie\/bergsteiger-ausruestung\/firnanker\/\"},{\"@type\":\"ListItem\",\"position\":4,\"name\":\"MSR Firnanker\"}]},{\"@type\":\"WebSite\",\"@id\":\"https:\/\/bolting.eu\/en\/#website\",\"url\":\"https:\/\/bolting.eu\/en\/\",\"name\":\"bolting.eu\",\"description\":\"we make climbs happen\",\"publisher\":{\"@id\":\"https:\/\/bolting.eu\/en\/#organization\"},\"potentialAction\":[{\"@type\":\"SearchAction\",\"target\":{\"@type\":\"EntryPoint\",\"urlTemplate\":\"https:\/\/bolting.eu\/en\/?s={search_term_string}\"},\"query-input\":{\"@type\":\"PropertyValueSpecification\",\"valueRequired\":true,\"valueName\":\"search_term_string\"}}],\"inLanguage\":\"en-US\"},{\"@type\":[\"Organization\",\"Place\",\"SportingGoodsStore\"],\"@id\":\"https:\/\/bolting.eu\/en\/#organization\",\"name\":\"bolting.eu\",\"url\":\"https:\/\/bolting.eu\/en\/\",\"logo\":{\"@id\":\"https:\/\/bolting.eu\/en\/shop\/msr-firnanker\/#local-main-organization-logo\"},\"image\":{\"@id\":\"https:\/\/bolting.eu\/en\/shop\/msr-firnanker\/#local-main-organization-logo\"},\"sameAs\":[\"https:\/\/www.facebook.com\/bolting.eu\",\"https:\/\/www.instagram.com\/bolting.eu\/\"],\"address\":{\"@id\":\"https:\/\/bolting.eu\/en\/shop\/msr-firnanker\/#local-main-place-address\"},\"geo\":{\"@type\":\"GeoCoordinates\",\"latitude\":\"47.264176340396226\",\"longitude\":\"11.380109057672346\"},\"telephone\":[\"+43 699 19083372\"],\"openingHoursSpecification\":[{\"@type\":\"OpeningHoursSpecification\",\"dayOfWeek\":[\"Monday\",\"Wednesday\",\"Friday\"],\"opens\":\"14:00\",\"closes\":\"18:00\"},{\"@type\":\"OpeningHoursSpecification\",\"dayOfWeek\":[\"Tuesday\",\"Thursday\",\"Saturday\",\"Sunday\"],\"opens\":\"00:00\",\"closes\":\"00:00\"}],\"email\":\"office@bolting.eu\",\"vatID\":\"ATU59999728\",\"priceRange\":\"$$\",\"currenciesAccepted\":\"Euro\"},{\"@type\":\"PostalAddress\",\"@id\":\"https:\/\/bolting.eu\/en\/shop\/msr-firnanker\/#local-main-place-address\",\"streetAddress\":\"Fischnalerstra\u00dfe 4\",\"addressLocality\":\"Innsbruck\",\"postalCode\":\"6020\",\"addressRegion\":\"Tirol\",\"addressCountry\":\"AT\"},{\"@type\":\"ImageObject\",\"inLanguage\":\"en-US\",\"@id\":\"https:\/\/bolting.eu\/en\/shop\/msr-firnanker\/#local-main-organization-logo\",\"url\":\"https:\/\/bolting.eu\/wp-content\/uploads\/2019\/09\/bolting-logo.png\",\"contentUrl\":\"https:\/\/bolting.eu\/wp-content\/uploads\/2019\/09\/bolting-logo.png\",\"width\":400,\"height\":211,\"caption\":\"bolting.eu\"}]}<\/script>\n<meta property=\"product:price:amount\" content=\"44.90\" \/>\n<meta property=\"product:price:currency\" content=\"EUR\" \/>\n<meta property=\"og:availability\" content=\"instock\" \/>\n<meta property=\"product:availability\" content=\"instock\" \/>\n<meta property=\"product:retailer_item_id\" content=\"MSR_firn_90cm\" \/>\n<meta property=\"product:condition\" content=\"new\" \/>\n<meta name=\"geo.placename\" content=\"Innsbruck\" \/>\n<meta name=\"geo.position\" content=\"47.264176340396226;11.380109057672346\" \/>\n<meta name=\"geo.region\" content=\"Austria\" \/>\n<!-- \/ Yoast SEO Premium plugin. -->","yoast_head_json":{"title":"MSR Firnanker - 90cm online kaufen | bolting.eu","description":"MSR Firnanker 90cm beim Kletter Hardwareprofi aus Innsbruck kaufen \u2705 kostenloser Versand* \u2705 14 Tage R\u00fcckgaberecht \u2705 Co2 neutraler Versand","robots":{"index":"index","follow":"follow","max-snippet":"max-snippet:-1","max-image-preview":"max-image-preview:large","max-video-preview":"max-video-preview:-1"},"canonical":"https:\/\/bolting.eu\/en\/shop\/msr-firnanker\/","og_locale":"en_US","og_type":"article","og_title":"MSR Firnanker","og_description":"MSR Firnanker 90cm beim Kletter Hardwareprofi aus Innsbruck kaufen \u2705 kostenloser Versand* \u2705 14 Tage R\u00fcckgaberecht \u2705 Co2 neutraler Versand","og_url":"https:\/\/bolting.eu\/en\/shop\/msr-firnanker\/","og_site_name":"bolting.eu","article_publisher":"https:\/\/www.facebook.com\/bolting.eu","article_modified_time":"2026-04-17T13:39:13+00:00","og_image":[{"width":700,"height":700,"url":"https:\/\/bolting.eu\/wp-content\/uploads\/2023\/10\/MSR-Firnanker-90cm-1.jpg","type":"image\/jpeg"}],"twitter_card":"summary_large_image","twitter_misc":{"Price":"&euro;&nbsp;44,90","Availability":"In stock"},"schema":{"@context":"https:\/\/schema.org","@graph":[{"@type":["WebPage","ItemPage"],"@id":"https:\/\/bolting.eu\/en\/shop\/msr-firnanker\/","url":"https:\/\/bolting.eu\/en\/shop\/msr-firnanker\/","name":"MSR Firnanker - 90cm online kaufen | bolting.eu","isPartOf":{"@id":"https:\/\/bolting.eu\/en\/#website"},"primaryImageOfPage":{"@id":"https:\/\/bolting.eu\/en\/shop\/msr-firnanker\/#primaryimage"},"image":{"@id":"https:\/\/bolting.eu\/en\/shop\/msr-firnanker\/#primaryimage"},"thumbnailUrl":"https:\/\/bolting.eu\/wp-content\/uploads\/2023\/10\/MSR-Firnanker-90cm-1.jpg","datePublished":"2023-10-30T12:43:32+00:00","dateModified":"2026-04-17T13:39:13+00:00","description":"MSR Firnanker 90cm beim Kletter Hardwareprofi aus Innsbruck kaufen \u2705 kostenloser Versand* \u2705 14 Tage R\u00fcckgaberecht \u2705 Co2 neutraler Versand","breadcrumb":{"@id":"https:\/\/bolting.eu\/en\/shop\/msr-firnanker\/#breadcrumb"},"inLanguage":"en-US","potentialAction":[{"@type":"ReadAction","target":["https:\/\/bolting.eu\/en\/shop\/msr-firnanker\/"]}]},{"@type":"ImageObject","inLanguage":"en-US","@id":"https:\/\/bolting.eu\/en\/shop\/msr-firnanker\/#primaryimage","url":"https:\/\/bolting.eu\/wp-content\/uploads\/2023\/10\/MSR-Firnanker-90cm-1.jpg","contentUrl":"https:\/\/bolting.eu\/wp-content\/uploads\/2023\/10\/MSR-Firnanker-90cm-1.jpg","width":700,"height":700,"caption":"Silberner MSR Firnanker senkrecht in wei\u00dfem Quadrat."},{"@type":"BreadcrumbList","@id":"https:\/\/bolting.eu\/en\/shop\/msr-firnanker\/#breadcrumb","itemListElement":[{"@type":"ListItem","position":1,"name":"Shop","item":"https:\/\/bolting.eu\/en\/shop\/"},{"@type":"ListItem","position":2,"name":"Bergsteiger Ausr\u00fcstung","item":"https:\/\/bolting.eu\/produkt-kategorie\/bergsteiger-ausruestung\/"},{"@type":"ListItem","position":3,"name":"Firnanker","item":"https:\/\/bolting.eu\/produkt-kategorie\/bergsteiger-ausruestung\/firnanker\/"},{"@type":"ListItem","position":4,"name":"MSR Firnanker"}]},{"@type":"WebSite","@id":"https:\/\/bolting.eu\/en\/#website","url":"https:\/\/bolting.eu\/en\/","name":"bolting.eu","description":"we make climbs happen","publisher":{"@id":"https:\/\/bolting.eu\/en\/#organization"},"potentialAction":[{"@type":"SearchAction","target":{"@type":"EntryPoint","urlTemplate":"https:\/\/bolting.eu\/en\/?s={search_term_string}"},"query-input":{"@type":"PropertyValueSpecification","valueRequired":true,"valueName":"search_term_string"}}],"inLanguage":"en-US"},{"@type":["Organization","Place","SportingGoodsStore"],"@id":"https:\/\/bolting.eu\/en\/#organization","name":"bolting.eu","url":"https:\/\/bolting.eu\/en\/","logo":{"@id":"https:\/\/bolting.eu\/en\/shop\/msr-firnanker\/#local-main-organization-logo"},"image":{"@id":"https:\/\/bolting.eu\/en\/shop\/msr-firnanker\/#local-main-organization-logo"},"sameAs":["https:\/\/www.facebook.com\/bolting.eu","https:\/\/www.instagram.com\/bolting.eu\/"],"address":{"@id":"https:\/\/bolting.eu\/en\/shop\/msr-firnanker\/#local-main-place-address"},"geo":{"@type":"GeoCoordinates","latitude":"47.264176340396226","longitude":"11.380109057672346"},"telephone":["+43 699 19083372"],"openingHoursSpecification":[{"@type":"OpeningHoursSpecification","dayOfWeek":["Monday","Wednesday","Friday"],"opens":"14:00","closes":"18:00"},{"@type":"OpeningHoursSpecification","dayOfWeek":["Tuesday","Thursday","Saturday","Sunday"],"opens":"00:00","closes":"00:00"}],"email":"office@bolting.eu","vatID":"ATU59999728","priceRange":"$$","currenciesAccepted":"Euro"},{"@type":"PostalAddress","@id":"https:\/\/bolting.eu\/en\/shop\/msr-firnanker\/#local-main-place-address","streetAddress":"Fischnalerstra\u00dfe 4","addressLocality":"Innsbruck","postalCode":"6020","addressRegion":"Tirol","addressCountry":"AT"},{"@type":"ImageObject","inLanguage":"en-US","@id":"https:\/\/bolting.eu\/en\/shop\/msr-firnanker\/#local-main-organization-logo","url":"https:\/\/bolting.eu\/wp-content\/uploads\/2019\/09\/bolting-logo.png","contentUrl":"https:\/\/bolting.eu\/wp-content\/uploads\/2019\/09\/bolting-logo.png","width":400,"height":211,"caption":"bolting.eu"}]},"product_price_amount":"44.90","product_price_currency":"EUR","og_availability":"instock","product_availability":"instock","product_retailer_item_id":"MSR_firn_90cm","product_condition":"new","geo.placename":"Innsbruck","geo.position":{"lat":"47.264176340396226","long":"11.380109057672346"},"geo.region":"Austria"},"_links":{"self":[{"href":"https:\/\/bolting.eu\/en\/wp-json\/wp\/v2\/product\/17527","targetHints":{"allow":["GET"]}}],"collection":[{"href":"https:\/\/bolting.eu\/en\/wp-json\/wp\/v2\/product"}],"about":[{"href":"https:\/\/bolting.eu\/en\/wp-json\/wp\/v2\/types\/product"}],"replies":[{"embeddable":true,"href":"https:\/\/bolting.eu\/en\/wp-json\/wp\/v2\/comments?post=17527"}],"wp:featuredmedia":[{"embeddable":true,"href":"https:\/\/bolting.eu\/en\/wp-json\/wp\/v2\/media\/17528"}],"wp:attachment":[{"href":"https:\/\/bolting.eu\/en\/wp-json\/wp\/v2\/media?parent=17527"}],"wp:term":[{"taxonomy":"product_brand","embeddable":true,"href":"https:\/\/bolting.eu\/en\/wp-json\/wp\/v2\/product_brand?post=17527"},{"taxonomy":"product_cat","embeddable":true,"href":"https:\/\/bolting.eu\/en\/wp-json\/wp\/v2\/product_cat?post=17527"},{"taxonomy":"product_tag","embeddable":true,"href":"https:\/\/bolting.eu\/en\/wp-json\/wp\/v2\/product_tag?post=17527"}],"curies":[{"name":"wp","href":"https:\/\/api.w.org\/{rel}","templated":true}]}}