{"id":17330,"date":"2023-10-03T13:03:20","date_gmt":"2023-10-03T11:03:20","guid":{"rendered":"https:\/\/bolting.eu\/?post_type=product&#038;p=17330"},"modified":"2025-11-25T13:15:21","modified_gmt":"2025-11-25T12:15:21","slug":"kletterfuehrer-suedtirol-versante-sud","status":"publish","type":"product","link":"https:\/\/bolting.eu\/en\/shop\/kletterfuehrer-suedtirol-versante-sud\/","title":{"rendered":"Kletterf\u00fchrer S\u00fcdtirol Versante Sud"},"content":{"rendered":"<p>Der Kletterf\u00fchrer S\u00fcdtirol von Versante Sud ist ein epochales Werk. Denn es sind darin auf 752 Seiten ganze 125 Gebiete vorgestellt.<\/p>\n<p>Angesichts der geologischen Lage ist diese F\u00fclle kein Wunder. S\u00fcdtirol beherbergt zum einen den n\u00f6rdlichen Bereich der Dolomiten. Hier finde sich verst\u00e4ndlicher Weise sehr viele Kletterg\u00e4rten im festen Dolomit Kalk.<\/p>\n<p>Zum anderen gibt es aber auch Gebirgsst\u00f6cke mit weiteren Gesteinsarten. Da w\u00e4re Urgestein wie z.B. Gneis rund um Bruneck oder auch Porphyr im Eisacktal. Diese Vielfalt zwischen Stilfserjoch und Sexten, bzw. Bruneck und Neumarkt-Auer macht dieses Buch extrem interessant.<\/p>\n<p>Wer Lust auf Sportklettern in einer wunderbaren Landschaft hat, der ist hier genau richtig. Kletterschuhe, Expressen und <a href=\"https:\/\/bolting.eu\/produkt-kategorie\/kletterausruestung\/kletterseil\/\">Kletterseil<\/a> einpacken, und schon kann es los gehen!<\/p>\n<h2>Eigenschaften Kletterf\u00fchrer S\u00fcdtirol<\/h2>\n<ul>\n<li>Verlag: Versante Sud<\/li>\n<li>Sprache: Deutsch<\/li>\n<li>1. Auflage: 2019<\/li>\n<li>Seiten: 752<\/li>\n<li>Autor: Guido Colombetti<\/li>\n<li>die besten Kletterg\u00e4rten in S\u00fcdtirol<\/li>\n<li>Stilfserjoch &#8211; Vinschgau<\/li>\n<li>Meran<\/li>\n<li>Bozen<\/li>\n<li>Etschtal<\/li>\n<li>Mendelpass<\/li>\n<li>Bruneck<\/li>\n<li>Cortina<\/li>\n<li>Falzarego<\/li>\n<li>Sella Pass<\/li>\n<li>Gr\u00f6dner Joch<\/li>\n<li>Gardertal<\/li>\n<li>Eisacktal<\/li>\n<li>Valparolapass<\/li>\n<li>Villn\u00f6\u00dftal<\/li>\n<li>Gr\u00f6dental<\/li>\n<\/ul>\n<h3>\u00dcbersicht der Gebiete<\/h3>\n<p>Die folgende Karte gibt euch einen schnellen \u00dcberblick zu den enthaltenen Gebieten.<\/p>\n<p>Was deutlich wird. Wie gro\u00df die Anzahl und die Verteilung \u00fcber ganz S\u00fcdtirol ist. Die Kletterg\u00e4rten ziehen sich vom Stilfserjoch bis Sexten. Und vom Tauferer Tal bis nach Neumarkt Auer, kurz vor dem Trentino.<\/p>\n<figure id=\"attachment_17333\" aria-describedby=\"caption-attachment-17333\" style=\"width: 1024px\" class=\"wp-caption alignnone\"><a href=\"https:\/\/bolting.eu\/wp-content\/uploads\/2023\/10\/Kletterfuehrer-Suedtirol-1.jpg\"><img loading=\"lazy\" decoding=\"async\" class=\"wp-image-17333 size-full\" src=\"https:\/\/bolting.eu\/wp-content\/uploads\/2023\/10\/Kletterfuehrer-Suedtirol-1.jpg\" alt=\"Landkarte mit 125 Klettgebieten des S\u00fcdtirol Kletterf\u00fchrer von Versante Sud.\" width=\"1024\" height=\"683\" srcset=\"https:\/\/bolting.eu\/wp-content\/uploads\/2023\/10\/Kletterfuehrer-Suedtirol-1.jpg 1024w, https:\/\/bolting.eu\/wp-content\/uploads\/2023\/10\/Kletterfuehrer-Suedtirol-1-600x400.jpg 600w, https:\/\/bolting.eu\/wp-content\/uploads\/2023\/10\/Kletterfuehrer-Suedtirol-1-768x512.jpg 768w, https:\/\/bolting.eu\/wp-content\/uploads\/2023\/10\/Kletterfuehrer-Suedtirol-1-510x340.jpg 510w, https:\/\/bolting.eu\/wp-content\/uploads\/2023\/10\/Kletterfuehrer-Suedtirol-1-100x67.jpg 100w\" sizes=\"auto, (max-width: 1024px) 100vw, 1024px\" \/><\/a><figcaption id=\"caption-attachment-17333\" class=\"wp-caption-text\">\u00dcbersicht der Gebiete im S\u00fcdtirol Kletterf\u00fchrer von Versante Sud.<\/figcaption><\/figure>\n<h3>Beste Jahreszeit<\/h3>\n<p>Auch wenn S\u00fcdtirol &#8211; nomenest omen &#8211; auf der Sonnenseite des Brenners liegt. Viele Gebiete sind im kalten Dolomiten Winter nicht klettertauglich.<\/p>\n<p>Man muss sich f\u00fcr die kalte Jahreszeit die passenden Gebiete aus dem Buch heraus picken.<\/p>\n<p>Viel mehr Spass macht es da schon ab dem M\u00e4rz. Da gibt es unz\u00e4hlige Massive, die perfekt sind. Wie z.B. im Vinschgau oder bei Bozen.<\/p>\n<p>Der Sommer ist dann DIE Jahreszeit f\u00fcr die Dolomiten. Nach der Schneeschmelze, ca. Ende Mai, herrschen hier extrem gute Bedingungen.<\/p>\n<p>Der Herbst bringt dann meist tolle Bedingungen in allen Landesteilen.<\/p>\n","protected":false},"excerpt":{"rendered":"<p>125 Kletterg\u00e4rten in S\u00fcdtirol auf 752 Seiten. Wer in wundersch\u00f6ner Umgebung Sportklettern will, ist hier richtig!<\/p>\n<p>Vom Stilfserjoch bis Sexten, bzw. Tauferer Tal bis nach Neumarkt-Auer werden alle lohnende Ziele beschrieben.<\/p>\n<p>Versandkostenfrei bis 2kg in <img decoding=\"async\" class=\"emoji\" role=\"img\" draggable=\"false\" src=\"https:\/\/s.w.org\/images\/core\/emoji\/14.0.0\/svg\/1f1e6-1f1f9.svg\" alt=\"\ud83c\udde6\ud83c\uddf9\" \/> ab \u20ac 100,- und <img decoding=\"async\" class=\"emoji\" role=\"img\" draggable=\"false\" src=\"https:\/\/s.w.org\/images\/core\/emoji\/14.0.0\/svg\/1f1e9-1f1ea.svg\" alt=\"\ud83c\udde9\ud83c\uddea\" \/> ab \u20ac 200,-!<\/p>\n","protected":false},"featured_media":17332,"comment_status":"closed","ping_status":"closed","template":"","meta":[],"product_brand":[],"product_cat":[10898],"product_tag":[],"class_list":{"0":"post-17330","1":"product","2":"type-product","3":"status-publish","4":"has-post-thumbnail","6":"product_cat-kletterfuehrer","8":"first","9":"instock","10":"taxable","11":"shipping-taxable","12":"purchasable","13":"product-type-simple"},"yoast_head":"<!-- This site is optimized with the Yoast SEO Premium plugin v26.9 (Yoast SEO v26.9) - https:\/\/yoast.com\/product\/yoast-seo-premium-wordpress\/ -->\n<title>Kletterf\u00fchrer S\u00fcdtirol Versante Sud | bolting.eu<\/title>\n<meta name=\"description\" content=\"Kletterf\u00fchrer S\u00fcdtirol von Versante Sud beim Kletterprofi aus Innsbruck kaufen \u2705 kostenloser Versand* \u2705 14 Tage R\u00fcckgaberecht \u2705 Co2 neutraler Versand\" \/>\n<meta name=\"robots\" content=\"index, follow, max-snippet:-1, max-image-preview:large, max-video-preview:-1\" \/>\n<link rel=\"canonical\" href=\"https:\/\/bolting.eu\/en\/shop\/kletterfuehrer-suedtirol-versante-sud\/\" \/>\n<meta property=\"og:locale\" content=\"en_US\" \/>\n<meta property=\"og:type\" content=\"article\" \/>\n<meta property=\"og:title\" content=\"Kletterf\u00fchrer S\u00fcdtirol Versante Sud\" \/>\n<meta property=\"og:description\" content=\"Kletterf\u00fchrer S\u00fcdtirol von Versante Sud beim Kletterprofi aus Innsbruck kaufen \u2705 kostenloser Versand* \u2705 14 Tage R\u00fcckgaberecht \u2705 Co2 neutraler Versand\" \/>\n<meta property=\"og:url\" content=\"https:\/\/bolting.eu\/en\/shop\/kletterfuehrer-suedtirol-versante-sud\/\" \/>\n<meta property=\"og:site_name\" content=\"bolting.eu\" \/>\n<meta property=\"article:publisher\" content=\"https:\/\/www.facebook.com\/bolting.eu\" \/>\n<meta property=\"article:modified_time\" content=\"2025-11-25T12:15:21+00:00\" \/>\n<meta property=\"og:image\" content=\"https:\/\/bolting.eu\/wp-content\/uploads\/2023\/10\/Kletterfuehrer-Suedtirol-2.jpg\" \/>\n\t<meta property=\"og:image:width\" content=\"700\" \/>\n\t<meta property=\"og:image:height\" content=\"700\" \/>\n\t<meta property=\"og:image:type\" content=\"image\/jpeg\" \/>\n<meta name=\"twitter:card\" content=\"summary_large_image\" \/>\n<meta name=\"twitter:label1\" content=\"Price\" \/>\n\t<meta name=\"twitter:data1\" content=\"&euro;&nbsp;44,00\" \/>\n\t<meta name=\"twitter:label2\" content=\"Availability\" \/>\n\t<meta name=\"twitter:data2\" content=\"In stock\" \/>\n<script type=\"application\/ld+json\" class=\"yoast-schema-graph\">{\"@context\":\"https:\/\/schema.org\",\"@graph\":[{\"@type\":[\"WebPage\",\"ItemPage\"],\"@id\":\"https:\/\/bolting.eu\/en\/shop\/kletterfuehrer-suedtirol-versante-sud\/\",\"url\":\"https:\/\/bolting.eu\/en\/shop\/kletterfuehrer-suedtirol-versante-sud\/\",\"name\":\"Kletterf\u00fchrer S\u00fcdtirol Versante Sud | bolting.eu\",\"isPartOf\":{\"@id\":\"https:\/\/bolting.eu\/en\/#website\"},\"primaryImageOfPage\":{\"@id\":\"https:\/\/bolting.eu\/en\/shop\/kletterfuehrer-suedtirol-versante-sud\/#primaryimage\"},\"image\":{\"@id\":\"https:\/\/bolting.eu\/en\/shop\/kletterfuehrer-suedtirol-versante-sud\/#primaryimage\"},\"thumbnailUrl\":\"https:\/\/bolting.eu\/wp-content\/uploads\/2023\/10\/Kletterfuehrer-Suedtirol-2.jpg\",\"datePublished\":\"2023-10-03T11:03:20+00:00\",\"dateModified\":\"2025-11-25T12:15:21+00:00\",\"description\":\"Kletterf\u00fchrer S\u00fcdtirol von Versante Sud beim Kletterprofi aus Innsbruck kaufen \u2705 kostenloser Versand* \u2705 14 Tage R\u00fcckgaberecht \u2705 Co2 neutraler Versand\",\"breadcrumb\":{\"@id\":\"https:\/\/bolting.eu\/en\/shop\/kletterfuehrer-suedtirol-versante-sud\/#breadcrumb\"},\"inLanguage\":\"en-US\",\"potentialAction\":[{\"@type\":\"ReadAction\",\"target\":[\"https:\/\/bolting.eu\/en\/shop\/kletterfuehrer-suedtirol-versante-sud\/\"]}]},{\"@type\":\"ImageObject\",\"inLanguage\":\"en-US\",\"@id\":\"https:\/\/bolting.eu\/en\/shop\/kletterfuehrer-suedtirol-versante-sud\/#primaryimage\",\"url\":\"https:\/\/bolting.eu\/wp-content\/uploads\/2023\/10\/Kletterfuehrer-Suedtirol-2.jpg\",\"contentUrl\":\"https:\/\/bolting.eu\/wp-content\/uploads\/2023\/10\/Kletterfuehrer-Suedtirol-2.jpg\",\"width\":700,\"height\":700,\"caption\":\"Cover des S\u00fcdtirol Kletterf\u00fchrer mit Klettererin in \u00dcberhang und Bergkulisse im Hintergrund.\"},{\"@type\":\"BreadcrumbList\",\"@id\":\"https:\/\/bolting.eu\/en\/shop\/kletterfuehrer-suedtirol-versante-sud\/#breadcrumb\",\"itemListElement\":[{\"@type\":\"ListItem\",\"position\":1,\"name\":\"Shop\",\"item\":\"https:\/\/bolting.eu\/en\/shop\/\"},{\"@type\":\"ListItem\",\"position\":2,\"name\":\"climbing equipment\",\"item\":\"https:\/\/bolting.eu\/en\/produkt-kategorie\/climbing-equipment\/\"},{\"@type\":\"ListItem\",\"position\":3,\"name\":\"Kletterf\u00fchrer\",\"item\":\"https:\/\/bolting.eu\/produkt-kategorie\/kletterausruestung\/kletterfuehrer\/\"},{\"@type\":\"ListItem\",\"position\":4,\"name\":\"Kletterf\u00fchrer S\u00fcdtirol Versante Sud\"}]},{\"@type\":\"WebSite\",\"@id\":\"https:\/\/bolting.eu\/en\/#website\",\"url\":\"https:\/\/bolting.eu\/en\/\",\"name\":\"bolting.eu\",\"description\":\"we make climbs happen\",\"publisher\":{\"@id\":\"https:\/\/bolting.eu\/en\/#organization\"},\"potentialAction\":[{\"@type\":\"SearchAction\",\"target\":{\"@type\":\"EntryPoint\",\"urlTemplate\":\"https:\/\/bolting.eu\/en\/?s={search_term_string}\"},\"query-input\":{\"@type\":\"PropertyValueSpecification\",\"valueRequired\":true,\"valueName\":\"search_term_string\"}}],\"inLanguage\":\"en-US\"},{\"@type\":[\"Organization\",\"Place\",\"SportingGoodsStore\"],\"@id\":\"https:\/\/bolting.eu\/en\/#organization\",\"name\":\"bolting.eu\",\"url\":\"https:\/\/bolting.eu\/en\/\",\"logo\":{\"@id\":\"https:\/\/bolting.eu\/en\/shop\/kletterfuehrer-suedtirol-versante-sud\/#local-main-organization-logo\"},\"image\":{\"@id\":\"https:\/\/bolting.eu\/en\/shop\/kletterfuehrer-suedtirol-versante-sud\/#local-main-organization-logo\"},\"sameAs\":[\"https:\/\/www.facebook.com\/bolting.eu\",\"https:\/\/www.instagram.com\/bolting.eu\/\"],\"address\":{\"@id\":\"https:\/\/bolting.eu\/en\/shop\/kletterfuehrer-suedtirol-versante-sud\/#local-main-place-address\"},\"geo\":{\"@type\":\"GeoCoordinates\",\"latitude\":\"47.264176340396226\",\"longitude\":\"11.380109057672346\"},\"telephone\":[\"+43 699 19083372\"],\"openingHoursSpecification\":[{\"@type\":\"OpeningHoursSpecification\",\"dayOfWeek\":[\"Monday\",\"Wednesday\",\"Friday\"],\"opens\":\"14:00\",\"closes\":\"18:00\"},{\"@type\":\"OpeningHoursSpecification\",\"dayOfWeek\":[\"Tuesday\",\"Thursday\",\"Saturday\",\"Sunday\"],\"opens\":\"00:00\",\"closes\":\"00:00\"}],\"email\":\"office@bolting.eu\",\"vatID\":\"ATU59999728\",\"priceRange\":\"$$\",\"currenciesAccepted\":\"Euro\"},{\"@type\":\"PostalAddress\",\"@id\":\"https:\/\/bolting.eu\/en\/shop\/kletterfuehrer-suedtirol-versante-sud\/#local-main-place-address\",\"streetAddress\":\"Fischnalerstra\u00dfe 4\",\"addressLocality\":\"Innsbruck\",\"postalCode\":\"6020\",\"addressRegion\":\"Tirol\",\"addressCountry\":\"AT\"},{\"@type\":\"ImageObject\",\"inLanguage\":\"en-US\",\"@id\":\"https:\/\/bolting.eu\/en\/shop\/kletterfuehrer-suedtirol-versante-sud\/#local-main-organization-logo\",\"url\":\"https:\/\/bolting.eu\/wp-content\/uploads\/2019\/09\/bolting-logo.png\",\"contentUrl\":\"https:\/\/bolting.eu\/wp-content\/uploads\/2019\/09\/bolting-logo.png\",\"width\":400,\"height\":211,\"caption\":\"bolting.eu\"}]}<\/script>\n<meta property=\"product:price:amount\" content=\"44.00\" \/>\n<meta property=\"product:price:currency\" content=\"EUR\" \/>\n<meta property=\"og:availability\" content=\"instock\" \/>\n<meta property=\"product:availability\" content=\"instock\" \/>\n<meta property=\"product:retailer_item_id\" content=\"VS_ST_SPKL\" \/>\n<meta property=\"product:condition\" content=\"new\" \/>\n<meta name=\"geo.placename\" content=\"Innsbruck\" \/>\n<meta name=\"geo.position\" content=\"47.264176340396226;11.380109057672346\" \/>\n<meta name=\"geo.region\" content=\"Austria\" \/>\n<!-- \/ Yoast SEO Premium plugin. -->","yoast_head_json":{"title":"Kletterf\u00fchrer S\u00fcdtirol Versante Sud | bolting.eu","description":"Kletterf\u00fchrer S\u00fcdtirol von Versante Sud beim Kletterprofi aus Innsbruck kaufen \u2705 kostenloser Versand* \u2705 14 Tage R\u00fcckgaberecht \u2705 Co2 neutraler Versand","robots":{"index":"index","follow":"follow","max-snippet":"max-snippet:-1","max-image-preview":"max-image-preview:large","max-video-preview":"max-video-preview:-1"},"canonical":"https:\/\/bolting.eu\/en\/shop\/kletterfuehrer-suedtirol-versante-sud\/","og_locale":"en_US","og_type":"article","og_title":"Kletterf\u00fchrer S\u00fcdtirol Versante Sud","og_description":"Kletterf\u00fchrer S\u00fcdtirol von Versante Sud beim Kletterprofi aus Innsbruck kaufen \u2705 kostenloser Versand* \u2705 14 Tage R\u00fcckgaberecht \u2705 Co2 neutraler Versand","og_url":"https:\/\/bolting.eu\/en\/shop\/kletterfuehrer-suedtirol-versante-sud\/","og_site_name":"bolting.eu","article_publisher":"https:\/\/www.facebook.com\/bolting.eu","article_modified_time":"2025-11-25T12:15:21+00:00","og_image":[{"width":700,"height":700,"url":"https:\/\/bolting.eu\/wp-content\/uploads\/2023\/10\/Kletterfuehrer-Suedtirol-2.jpg","type":"image\/jpeg"}],"twitter_card":"summary_large_image","twitter_misc":{"Price":"&euro;&nbsp;44,00","Availability":"In stock"},"schema":{"@context":"https:\/\/schema.org","@graph":[{"@type":["WebPage","ItemPage"],"@id":"https:\/\/bolting.eu\/en\/shop\/kletterfuehrer-suedtirol-versante-sud\/","url":"https:\/\/bolting.eu\/en\/shop\/kletterfuehrer-suedtirol-versante-sud\/","name":"Kletterf\u00fchrer S\u00fcdtirol Versante Sud | bolting.eu","isPartOf":{"@id":"https:\/\/bolting.eu\/en\/#website"},"primaryImageOfPage":{"@id":"https:\/\/bolting.eu\/en\/shop\/kletterfuehrer-suedtirol-versante-sud\/#primaryimage"},"image":{"@id":"https:\/\/bolting.eu\/en\/shop\/kletterfuehrer-suedtirol-versante-sud\/#primaryimage"},"thumbnailUrl":"https:\/\/bolting.eu\/wp-content\/uploads\/2023\/10\/Kletterfuehrer-Suedtirol-2.jpg","datePublished":"2023-10-03T11:03:20+00:00","dateModified":"2025-11-25T12:15:21+00:00","description":"Kletterf\u00fchrer S\u00fcdtirol von Versante Sud beim Kletterprofi aus Innsbruck kaufen \u2705 kostenloser Versand* \u2705 14 Tage R\u00fcckgaberecht \u2705 Co2 neutraler Versand","breadcrumb":{"@id":"https:\/\/bolting.eu\/en\/shop\/kletterfuehrer-suedtirol-versante-sud\/#breadcrumb"},"inLanguage":"en-US","potentialAction":[{"@type":"ReadAction","target":["https:\/\/bolting.eu\/en\/shop\/kletterfuehrer-suedtirol-versante-sud\/"]}]},{"@type":"ImageObject","inLanguage":"en-US","@id":"https:\/\/bolting.eu\/en\/shop\/kletterfuehrer-suedtirol-versante-sud\/#primaryimage","url":"https:\/\/bolting.eu\/wp-content\/uploads\/2023\/10\/Kletterfuehrer-Suedtirol-2.jpg","contentUrl":"https:\/\/bolting.eu\/wp-content\/uploads\/2023\/10\/Kletterfuehrer-Suedtirol-2.jpg","width":700,"height":700,"caption":"Cover des S\u00fcdtirol Kletterf\u00fchrer mit Klettererin in \u00dcberhang und Bergkulisse im Hintergrund."},{"@type":"BreadcrumbList","@id":"https:\/\/bolting.eu\/en\/shop\/kletterfuehrer-suedtirol-versante-sud\/#breadcrumb","itemListElement":[{"@type":"ListItem","position":1,"name":"Shop","item":"https:\/\/bolting.eu\/en\/shop\/"},{"@type":"ListItem","position":2,"name":"climbing equipment","item":"https:\/\/bolting.eu\/en\/produkt-kategorie\/climbing-equipment\/"},{"@type":"ListItem","position":3,"name":"Kletterf\u00fchrer","item":"https:\/\/bolting.eu\/produkt-kategorie\/kletterausruestung\/kletterfuehrer\/"},{"@type":"ListItem","position":4,"name":"Kletterf\u00fchrer S\u00fcdtirol Versante Sud"}]},{"@type":"WebSite","@id":"https:\/\/bolting.eu\/en\/#website","url":"https:\/\/bolting.eu\/en\/","name":"bolting.eu","description":"we make climbs happen","publisher":{"@id":"https:\/\/bolting.eu\/en\/#organization"},"potentialAction":[{"@type":"SearchAction","target":{"@type":"EntryPoint","urlTemplate":"https:\/\/bolting.eu\/en\/?s={search_term_string}"},"query-input":{"@type":"PropertyValueSpecification","valueRequired":true,"valueName":"search_term_string"}}],"inLanguage":"en-US"},{"@type":["Organization","Place","SportingGoodsStore"],"@id":"https:\/\/bolting.eu\/en\/#organization","name":"bolting.eu","url":"https:\/\/bolting.eu\/en\/","logo":{"@id":"https:\/\/bolting.eu\/en\/shop\/kletterfuehrer-suedtirol-versante-sud\/#local-main-organization-logo"},"image":{"@id":"https:\/\/bolting.eu\/en\/shop\/kletterfuehrer-suedtirol-versante-sud\/#local-main-organization-logo"},"sameAs":["https:\/\/www.facebook.com\/bolting.eu","https:\/\/www.instagram.com\/bolting.eu\/"],"address":{"@id":"https:\/\/bolting.eu\/en\/shop\/kletterfuehrer-suedtirol-versante-sud\/#local-main-place-address"},"geo":{"@type":"GeoCoordinates","latitude":"47.264176340396226","longitude":"11.380109057672346"},"telephone":["+43 699 19083372"],"openingHoursSpecification":[{"@type":"OpeningHoursSpecification","dayOfWeek":["Monday","Wednesday","Friday"],"opens":"14:00","closes":"18:00"},{"@type":"OpeningHoursSpecification","dayOfWeek":["Tuesday","Thursday","Saturday","Sunday"],"opens":"00:00","closes":"00:00"}],"email":"office@bolting.eu","vatID":"ATU59999728","priceRange":"$$","currenciesAccepted":"Euro"},{"@type":"PostalAddress","@id":"https:\/\/bolting.eu\/en\/shop\/kletterfuehrer-suedtirol-versante-sud\/#local-main-place-address","streetAddress":"Fischnalerstra\u00dfe 4","addressLocality":"Innsbruck","postalCode":"6020","addressRegion":"Tirol","addressCountry":"AT"},{"@type":"ImageObject","inLanguage":"en-US","@id":"https:\/\/bolting.eu\/en\/shop\/kletterfuehrer-suedtirol-versante-sud\/#local-main-organization-logo","url":"https:\/\/bolting.eu\/wp-content\/uploads\/2019\/09\/bolting-logo.png","contentUrl":"https:\/\/bolting.eu\/wp-content\/uploads\/2019\/09\/bolting-logo.png","width":400,"height":211,"caption":"bolting.eu"}]},"product_price_amount":"44.00","product_price_currency":"EUR","og_availability":"instock","product_availability":"instock","product_retailer_item_id":"VS_ST_SPKL","product_condition":"new","geo.placename":"Innsbruck","geo.position":{"lat":"47.264176340396226","long":"11.380109057672346"},"geo.region":"Austria"},"_links":{"self":[{"href":"https:\/\/bolting.eu\/en\/wp-json\/wp\/v2\/product\/17330","targetHints":{"allow":["GET"]}}],"collection":[{"href":"https:\/\/bolting.eu\/en\/wp-json\/wp\/v2\/product"}],"about":[{"href":"https:\/\/bolting.eu\/en\/wp-json\/wp\/v2\/types\/product"}],"replies":[{"embeddable":true,"href":"https:\/\/bolting.eu\/en\/wp-json\/wp\/v2\/comments?post=17330"}],"wp:featuredmedia":[{"embeddable":true,"href":"https:\/\/bolting.eu\/en\/wp-json\/wp\/v2\/media\/17332"}],"wp:attachment":[{"href":"https:\/\/bolting.eu\/en\/wp-json\/wp\/v2\/media?parent=17330"}],"wp:term":[{"taxonomy":"product_brand","embeddable":true,"href":"https:\/\/bolting.eu\/en\/wp-json\/wp\/v2\/product_brand?post=17330"},{"taxonomy":"product_cat","embeddable":true,"href":"https:\/\/bolting.eu\/en\/wp-json\/wp\/v2\/product_cat?post=17330"},{"taxonomy":"product_tag","embeddable":true,"href":"https:\/\/bolting.eu\/en\/wp-json\/wp\/v2\/product_tag?post=17330"}],"curies":[{"name":"wp","href":"https:\/\/api.w.org\/{rel}","templated":true}]}}