{"id":17325,"date":"2023-10-03T13:05:08","date_gmt":"2023-10-03T11:05:08","guid":{"rendered":"https:\/\/bolting.eu\/?post_type=product&#038;p=17325"},"modified":"2026-03-29T18:44:44","modified_gmt":"2026-03-29T16:44:44","slug":"dolomiti-new-age-sportkletter-mehrseillaengen","status":"publish","type":"product","link":"https:\/\/bolting.eu\/en\/shop\/dolomiti-new-age-sportkletter-mehrseillaengen\/","title":{"rendered":"Dolomiti New Age Sportkletter Mehrseill\u00e4ngen"},"content":{"rendered":"<p>Der Kletterf\u00fchrer &#8220;Dolomiti New Age&#8221; beschreibt 130 Sportkletter Mehrseill\u00e4ngen. D.h. alles l\u00e4ngere Routen die zur G\u00e4nze mit <a href=\"https:\/\/bolting.eu\/produkt-kategorie\/einbohrartikel\/bohrhaken\/\">Bohrhaken<\/a> gesichert sind. Der Schwierigkeitsbereich reicht dabei bis maximal 7a.<\/p>\n<p>Autor Alessio Colz hat sich dabei auf zwei Gebirgsteile der Dolomiten fokussiert. Zum einen die Brenta Gruppe. Und zum anderen auf das &#8220;Herz&#8221; des Massives. Die W\u00e4nde rund um den Rosengarten, die Sella, Marmolada, Passo Falzarego, Lastoni di Formin sowie Moiazza und Agner im S\u00fcden.<\/p>\n<p>Wer gerne Bolts in langen Routen klippt, der ist hier genau richtig!<\/p>\n<h2>Eigenschaften Dolomiti New Age<\/h2>\n<ul>\n<li>Verlag: Versante Sud<\/li>\n<li>Sportkletter Mehrseill\u00e4ngen Kletterf\u00fchrer<\/li>\n<li>Sprache: Deutsch<\/li>\n<li>130 Routen bis 7a<\/li>\n<li>Auflage: 2020<\/li>\n<li>Seiten: 272<\/li>\n<li>Autor: Alessio Colz<\/li>\n<li>Brenta Gruppe<\/li>\n<li>Rosengarten<\/li>\n<li>Sella<\/li>\n<li>Falzarego &#8211; Tofana &#8211; Cinque Torri<\/li>\n<li>Lastoni di Formin<\/li>\n<li><a href=\"https:\/\/de.wikipedia.org\/wiki\/Marmolata\" target=\"_blank\" rel=\"noopener\">Marmolada<\/a><\/li>\n<li>Tamer &amp; Moiazza<\/li>\n<li>Agner Gruppe<\/li>\n<\/ul>\n<h3>\u00dcbersicht der Massive<\/h3>\n<p>Die folgende Karte gibt euch einen sofortigen \u00dcberblick zu den Massiven.<\/p>\n<p>Der Dolomiti New Age Kletterf\u00fchrer reicht von der Brenta im Westen, bis zur Tofana im Osten. Und vom Falzarego imNorden bis zum Anger im S\u00fcden.<\/p>\n<figure id=\"attachment_17326\" aria-describedby=\"caption-attachment-17326\" style=\"width: 1024px\" class=\"wp-caption alignnone\"><a href=\"https:\/\/bolting.eu\/wp-content\/uploads\/2023\/10\/Dolomiti-New-Age-2.jpg\"><img loading=\"lazy\" decoding=\"async\" class=\"wp-image-17326 size-full\" src=\"https:\/\/bolting.eu\/wp-content\/uploads\/2023\/10\/Dolomiti-New-Age-2.jpg\" alt=\"Landkarte mit den gr\u00fcn eingekreisten Massiven des Dolomiti New Age Kletterf\u00fchrers.\" width=\"1024\" height=\"683\" srcset=\"https:\/\/bolting.eu\/wp-content\/uploads\/2023\/10\/Dolomiti-New-Age-2.jpg 1024w, https:\/\/bolting.eu\/wp-content\/uploads\/2023\/10\/Dolomiti-New-Age-2-600x400.jpg 600w, https:\/\/bolting.eu\/wp-content\/uploads\/2023\/10\/Dolomiti-New-Age-2-768x512.jpg 768w, https:\/\/bolting.eu\/wp-content\/uploads\/2023\/10\/Dolomiti-New-Age-2-510x340.jpg 510w, https:\/\/bolting.eu\/wp-content\/uploads\/2023\/10\/Dolomiti-New-Age-2-100x67.jpg 100w\" sizes=\"auto, (max-width: 1024px) 100vw, 1024px\" \/><\/a><figcaption id=\"caption-attachment-17326\" class=\"wp-caption-text\">Die Karte zeigt die Lage der im Buch enthaltenen Gebirgsst\u00f6cke.<\/figcaption><\/figure>\n<h3>Ausr\u00fcstungsempfehlung<\/h3>\n<p>Auch wenn der Dolomiti New Age Kletterf\u00fchrer nur Routen mit Bohrhaken vorstellt. Ihr solltet bei einem Trip in die Dolomiten unsere Ausr\u00fcstungstipps beachten.<\/p>\n<p>Allen voran die Wahl des richtigen Seiles. Ihr werden n\u00e4mlich ohne zwei 60m Halbseile nicht weit kommen. Wie z.B. unserem Bestseller, dem <a href=\"https:\/\/bolting.eu\/shop\/petzl-rumba\/\">Petzl Rumba<\/a>.<\/p>\n<p>Dann solltet ihr immer eine \u00dcberjacke mit dabei haben. Oft weht in den h\u00f6her gelegenen Seill\u00e4ngen auch bei sch\u00f6nstem Wetter ein unangenehm, k\u00fchles L\u00fcftchen.<\/p>\n<p>Und f\u00fcr die Standpl\u00e4tze raten wir euch zu ein paar extra Bandschlingen. Die sind besonders f\u00fcr ein &#8220;<a href=\"https:\/\/bolting.eu\/weiches-auge-knoten\/\">weiches Auge<\/a>&#8221; fein. Und zum Abseilen unbedingt eine extra <a href=\"https:\/\/bolting.eu\/shop\/abseilschlinge-edelrid-90cm\/\">Abseilschlinge<\/a> sowie ein <a href=\"https:\/\/bolting.eu\/shop\/petzl-reverso\/\">Reverso<\/a>!<\/p>\n","protected":false},"excerpt":{"rendered":"<p>Auswahlf\u00fchrer mit <strong>130 Sportkletter Mehrseill\u00e4ngen bis 7a<\/strong>. Brenta, Rosengarten, Sella, Falzarego &#8211; Tofana, Lastoni di Formin, Moiazza &amp; Tamer sowie Amer Gruppe.<\/p>\n<p>Versandkostenfrei bis 2kg in <img decoding=\"async\" class=\"emoji\" role=\"img\" draggable=\"false\" src=\"https:\/\/s.w.org\/images\/core\/emoji\/14.0.0\/svg\/1f1e6-1f1f9.svg\" alt=\"\ud83c\udde6\ud83c\uddf9\" \/> ab \u20ac 100,- und <img decoding=\"async\" class=\"emoji\" role=\"img\" draggable=\"false\" src=\"https:\/\/s.w.org\/images\/core\/emoji\/14.0.0\/svg\/1f1e9-1f1ea.svg\" alt=\"\ud83c\udde9\ud83c\uddea\" \/> ab \u20ac 200,-!<\/p>\n<p>&nbsp;<\/p>\n","protected":false},"featured_media":17327,"comment_status":"closed","ping_status":"closed","template":"","meta":[],"product_brand":[],"product_cat":[10898],"product_tag":[],"class_list":{"0":"post-17325","1":"product","2":"type-product","3":"status-publish","4":"has-post-thumbnail","6":"product_cat-kletterfuehrer","8":"first","9":"instock","10":"taxable","11":"shipping-taxable","12":"purchasable","13":"product-type-simple"},"yoast_head":"<!-- This site is optimized with the Yoast SEO Premium plugin v26.9 (Yoast SEO v26.9) - https:\/\/yoast.com\/product\/yoast-seo-premium-wordpress\/ -->\n<title>Dolomiti New Age Sportkletter Mehrseill\u00e4ngen - Versante Sud | bolting.eu<\/title>\n<meta name=\"description\" content=\"Dolomiti New Age Sportkletter Mehrseill\u00e4ngen beim Kletterprofi aus Innsbruck kaufen \u2705 kostenloser Versand* \u2705 14 Tage R\u00fcckgaberecht \u2705 Co2 neutraler Versand\" \/>\n<meta name=\"robots\" content=\"index, follow, max-snippet:-1, max-image-preview:large, max-video-preview:-1\" \/>\n<link rel=\"canonical\" href=\"https:\/\/bolting.eu\/en\/shop\/dolomiti-new-age-sportkletter-mehrseillaengen\/\" \/>\n<meta property=\"og:locale\" content=\"en_US\" \/>\n<meta property=\"og:type\" content=\"article\" \/>\n<meta property=\"og:title\" content=\"Dolomiti New Age Sportkletter Mehrseill\u00e4ngen\" \/>\n<meta property=\"og:description\" content=\"Dolomiti New Age Sportkletter Mehrseill\u00e4ngen beim Kletterprofi aus Innsbruck kaufen \u2705 kostenloser Versand* \u2705 14 Tage R\u00fcckgaberecht \u2705 Co2 neutraler Versand\" \/>\n<meta property=\"og:url\" content=\"https:\/\/bolting.eu\/en\/shop\/dolomiti-new-age-sportkletter-mehrseillaengen\/\" \/>\n<meta property=\"og:site_name\" content=\"bolting.eu\" \/>\n<meta property=\"article:publisher\" content=\"https:\/\/www.facebook.com\/bolting.eu\" \/>\n<meta property=\"article:modified_time\" content=\"2026-03-29T16:44:44+00:00\" \/>\n<meta property=\"og:image\" content=\"https:\/\/bolting.eu\/wp-content\/uploads\/2023\/10\/Dolomiti-New-Age-1.jpg\" \/>\n\t<meta property=\"og:image:width\" content=\"700\" \/>\n\t<meta property=\"og:image:height\" content=\"700\" \/>\n\t<meta property=\"og:image:type\" content=\"image\/jpeg\" \/>\n<meta name=\"twitter:card\" content=\"summary_large_image\" \/>\n<meta name=\"twitter:label1\" content=\"Price\" \/>\n\t<meta name=\"twitter:data1\" content=\"&euro;&nbsp;35,00\" \/>\n\t<meta name=\"twitter:label2\" content=\"Availability\" \/>\n\t<meta name=\"twitter:data2\" content=\"In stock\" \/>\n<script type=\"application\/ld+json\" class=\"yoast-schema-graph\">{\"@context\":\"https:\/\/schema.org\",\"@graph\":[{\"@type\":[\"WebPage\",\"ItemPage\"],\"@id\":\"https:\/\/bolting.eu\/en\/shop\/dolomiti-new-age-sportkletter-mehrseillaengen\/\",\"url\":\"https:\/\/bolting.eu\/en\/shop\/dolomiti-new-age-sportkletter-mehrseillaengen\/\",\"name\":\"Dolomiti New Age Sportkletter Mehrseill\u00e4ngen - Versante Sud | bolting.eu\",\"isPartOf\":{\"@id\":\"https:\/\/bolting.eu\/en\/#website\"},\"primaryImageOfPage\":{\"@id\":\"https:\/\/bolting.eu\/en\/shop\/dolomiti-new-age-sportkletter-mehrseillaengen\/#primaryimage\"},\"image\":{\"@id\":\"https:\/\/bolting.eu\/en\/shop\/dolomiti-new-age-sportkletter-mehrseillaengen\/#primaryimage\"},\"thumbnailUrl\":\"https:\/\/bolting.eu\/wp-content\/uploads\/2023\/10\/Dolomiti-New-Age-1.jpg\",\"datePublished\":\"2023-10-03T11:05:08+00:00\",\"dateModified\":\"2026-03-29T16:44:44+00:00\",\"description\":\"Dolomiti New Age Sportkletter Mehrseill\u00e4ngen beim Kletterprofi aus Innsbruck kaufen \u2705 kostenloser Versand* \u2705 14 Tage R\u00fcckgaberecht \u2705 Co2 neutraler Versand\",\"breadcrumb\":{\"@id\":\"https:\/\/bolting.eu\/en\/shop\/dolomiti-new-age-sportkletter-mehrseillaengen\/#breadcrumb\"},\"inLanguage\":\"en-US\",\"potentialAction\":[{\"@type\":\"ReadAction\",\"target\":[\"https:\/\/bolting.eu\/en\/shop\/dolomiti-new-age-sportkletter-mehrseillaengen\/\"]}]},{\"@type\":\"ImageObject\",\"inLanguage\":\"en-US\",\"@id\":\"https:\/\/bolting.eu\/en\/shop\/dolomiti-new-age-sportkletter-mehrseillaengen\/#primaryimage\",\"url\":\"https:\/\/bolting.eu\/wp-content\/uploads\/2023\/10\/Dolomiti-New-Age-1.jpg\",\"contentUrl\":\"https:\/\/bolting.eu\/wp-content\/uploads\/2023\/10\/Dolomiti-New-Age-1.jpg\",\"width\":700,\"height\":700,\"caption\":\"Cover des Dolomiti New Age Sportkletter Mehrseill\u00e4ngen F\u00fchrers mit Kletterer in roter Jacke vor Bergkulisse.\"},{\"@type\":\"BreadcrumbList\",\"@id\":\"https:\/\/bolting.eu\/en\/shop\/dolomiti-new-age-sportkletter-mehrseillaengen\/#breadcrumb\",\"itemListElement\":[{\"@type\":\"ListItem\",\"position\":1,\"name\":\"Shop\",\"item\":\"https:\/\/bolting.eu\/en\/shop\/\"},{\"@type\":\"ListItem\",\"position\":2,\"name\":\"climbing equipment\",\"item\":\"https:\/\/bolting.eu\/en\/produkt-kategorie\/climbing-equipment\/\"},{\"@type\":\"ListItem\",\"position\":3,\"name\":\"Kletterf\u00fchrer\",\"item\":\"https:\/\/bolting.eu\/produkt-kategorie\/kletterausruestung\/kletterfuehrer\/\"},{\"@type\":\"ListItem\",\"position\":4,\"name\":\"Dolomiti New Age Sportkletter Mehrseill\u00e4ngen\"}]},{\"@type\":\"WebSite\",\"@id\":\"https:\/\/bolting.eu\/en\/#website\",\"url\":\"https:\/\/bolting.eu\/en\/\",\"name\":\"bolting.eu\",\"description\":\"we make climbs happen\",\"publisher\":{\"@id\":\"https:\/\/bolting.eu\/en\/#organization\"},\"potentialAction\":[{\"@type\":\"SearchAction\",\"target\":{\"@type\":\"EntryPoint\",\"urlTemplate\":\"https:\/\/bolting.eu\/en\/?s={search_term_string}\"},\"query-input\":{\"@type\":\"PropertyValueSpecification\",\"valueRequired\":true,\"valueName\":\"search_term_string\"}}],\"inLanguage\":\"en-US\"},{\"@type\":[\"Organization\",\"Place\",\"SportingGoodsStore\"],\"@id\":\"https:\/\/bolting.eu\/en\/#organization\",\"name\":\"bolting.eu\",\"url\":\"https:\/\/bolting.eu\/en\/\",\"logo\":{\"@id\":\"https:\/\/bolting.eu\/en\/shop\/dolomiti-new-age-sportkletter-mehrseillaengen\/#local-main-organization-logo\"},\"image\":{\"@id\":\"https:\/\/bolting.eu\/en\/shop\/dolomiti-new-age-sportkletter-mehrseillaengen\/#local-main-organization-logo\"},\"sameAs\":[\"https:\/\/www.facebook.com\/bolting.eu\",\"https:\/\/www.instagram.com\/bolting.eu\/\"],\"address\":{\"@id\":\"https:\/\/bolting.eu\/en\/shop\/dolomiti-new-age-sportkletter-mehrseillaengen\/#local-main-place-address\"},\"geo\":{\"@type\":\"GeoCoordinates\",\"latitude\":\"47.264176340396226\",\"longitude\":\"11.380109057672346\"},\"telephone\":[\"+43 699 19083372\"],\"openingHoursSpecification\":[{\"@type\":\"OpeningHoursSpecification\",\"dayOfWeek\":[\"Monday\",\"Wednesday\",\"Friday\"],\"opens\":\"14:00\",\"closes\":\"18:00\"},{\"@type\":\"OpeningHoursSpecification\",\"dayOfWeek\":[\"Tuesday\",\"Thursday\",\"Saturday\",\"Sunday\"],\"opens\":\"00:00\",\"closes\":\"00:00\"}],\"email\":\"office@bolting.eu\",\"vatID\":\"ATU59999728\",\"priceRange\":\"$$\",\"currenciesAccepted\":\"Euro\"},{\"@type\":\"PostalAddress\",\"@id\":\"https:\/\/bolting.eu\/en\/shop\/dolomiti-new-age-sportkletter-mehrseillaengen\/#local-main-place-address\",\"streetAddress\":\"Fischnalerstra\u00dfe 4\",\"addressLocality\":\"Innsbruck\",\"postalCode\":\"6020\",\"addressRegion\":\"Tirol\",\"addressCountry\":\"AT\"},{\"@type\":\"ImageObject\",\"inLanguage\":\"en-US\",\"@id\":\"https:\/\/bolting.eu\/en\/shop\/dolomiti-new-age-sportkletter-mehrseillaengen\/#local-main-organization-logo\",\"url\":\"https:\/\/bolting.eu\/wp-content\/uploads\/2019\/09\/bolting-logo.png\",\"contentUrl\":\"https:\/\/bolting.eu\/wp-content\/uploads\/2019\/09\/bolting-logo.png\",\"width\":400,\"height\":211,\"caption\":\"bolting.eu\"}]}<\/script>\n<meta property=\"product:price:amount\" content=\"35.00\" \/>\n<meta property=\"product:price:currency\" content=\"EUR\" \/>\n<meta property=\"og:availability\" content=\"instock\" \/>\n<meta property=\"product:availability\" content=\"instock\" \/>\n<meta property=\"product:retailer_item_id\" content=\"VS-DNA\" \/>\n<meta property=\"product:condition\" content=\"new\" \/>\n<meta name=\"geo.placename\" content=\"Innsbruck\" \/>\n<meta name=\"geo.position\" content=\"47.264176340396226;11.380109057672346\" \/>\n<meta name=\"geo.region\" content=\"Austria\" \/>\n<!-- \/ Yoast SEO Premium plugin. -->","yoast_head_json":{"title":"Dolomiti New Age Sportkletter Mehrseill\u00e4ngen - Versante Sud | bolting.eu","description":"Dolomiti New Age Sportkletter Mehrseill\u00e4ngen beim Kletterprofi aus Innsbruck kaufen \u2705 kostenloser Versand* \u2705 14 Tage R\u00fcckgaberecht \u2705 Co2 neutraler Versand","robots":{"index":"index","follow":"follow","max-snippet":"max-snippet:-1","max-image-preview":"max-image-preview:large","max-video-preview":"max-video-preview:-1"},"canonical":"https:\/\/bolting.eu\/en\/shop\/dolomiti-new-age-sportkletter-mehrseillaengen\/","og_locale":"en_US","og_type":"article","og_title":"Dolomiti New Age Sportkletter Mehrseill\u00e4ngen","og_description":"Dolomiti New Age Sportkletter Mehrseill\u00e4ngen beim Kletterprofi aus Innsbruck kaufen \u2705 kostenloser Versand* \u2705 14 Tage R\u00fcckgaberecht \u2705 Co2 neutraler Versand","og_url":"https:\/\/bolting.eu\/en\/shop\/dolomiti-new-age-sportkletter-mehrseillaengen\/","og_site_name":"bolting.eu","article_publisher":"https:\/\/www.facebook.com\/bolting.eu","article_modified_time":"2026-03-29T16:44:44+00:00","og_image":[{"width":700,"height":700,"url":"https:\/\/bolting.eu\/wp-content\/uploads\/2023\/10\/Dolomiti-New-Age-1.jpg","type":"image\/jpeg"}],"twitter_card":"summary_large_image","twitter_misc":{"Price":"&euro;&nbsp;35,00","Availability":"In stock"},"schema":{"@context":"https:\/\/schema.org","@graph":[{"@type":["WebPage","ItemPage"],"@id":"https:\/\/bolting.eu\/en\/shop\/dolomiti-new-age-sportkletter-mehrseillaengen\/","url":"https:\/\/bolting.eu\/en\/shop\/dolomiti-new-age-sportkletter-mehrseillaengen\/","name":"Dolomiti New Age Sportkletter Mehrseill\u00e4ngen - Versante Sud | bolting.eu","isPartOf":{"@id":"https:\/\/bolting.eu\/en\/#website"},"primaryImageOfPage":{"@id":"https:\/\/bolting.eu\/en\/shop\/dolomiti-new-age-sportkletter-mehrseillaengen\/#primaryimage"},"image":{"@id":"https:\/\/bolting.eu\/en\/shop\/dolomiti-new-age-sportkletter-mehrseillaengen\/#primaryimage"},"thumbnailUrl":"https:\/\/bolting.eu\/wp-content\/uploads\/2023\/10\/Dolomiti-New-Age-1.jpg","datePublished":"2023-10-03T11:05:08+00:00","dateModified":"2026-03-29T16:44:44+00:00","description":"Dolomiti New Age Sportkletter Mehrseill\u00e4ngen beim Kletterprofi aus Innsbruck kaufen \u2705 kostenloser Versand* \u2705 14 Tage R\u00fcckgaberecht \u2705 Co2 neutraler Versand","breadcrumb":{"@id":"https:\/\/bolting.eu\/en\/shop\/dolomiti-new-age-sportkletter-mehrseillaengen\/#breadcrumb"},"inLanguage":"en-US","potentialAction":[{"@type":"ReadAction","target":["https:\/\/bolting.eu\/en\/shop\/dolomiti-new-age-sportkletter-mehrseillaengen\/"]}]},{"@type":"ImageObject","inLanguage":"en-US","@id":"https:\/\/bolting.eu\/en\/shop\/dolomiti-new-age-sportkletter-mehrseillaengen\/#primaryimage","url":"https:\/\/bolting.eu\/wp-content\/uploads\/2023\/10\/Dolomiti-New-Age-1.jpg","contentUrl":"https:\/\/bolting.eu\/wp-content\/uploads\/2023\/10\/Dolomiti-New-Age-1.jpg","width":700,"height":700,"caption":"Cover des Dolomiti New Age Sportkletter Mehrseill\u00e4ngen F\u00fchrers mit Kletterer in roter Jacke vor Bergkulisse."},{"@type":"BreadcrumbList","@id":"https:\/\/bolting.eu\/en\/shop\/dolomiti-new-age-sportkletter-mehrseillaengen\/#breadcrumb","itemListElement":[{"@type":"ListItem","position":1,"name":"Shop","item":"https:\/\/bolting.eu\/en\/shop\/"},{"@type":"ListItem","position":2,"name":"climbing equipment","item":"https:\/\/bolting.eu\/en\/produkt-kategorie\/climbing-equipment\/"},{"@type":"ListItem","position":3,"name":"Kletterf\u00fchrer","item":"https:\/\/bolting.eu\/produkt-kategorie\/kletterausruestung\/kletterfuehrer\/"},{"@type":"ListItem","position":4,"name":"Dolomiti New Age Sportkletter Mehrseill\u00e4ngen"}]},{"@type":"WebSite","@id":"https:\/\/bolting.eu\/en\/#website","url":"https:\/\/bolting.eu\/en\/","name":"bolting.eu","description":"we make climbs happen","publisher":{"@id":"https:\/\/bolting.eu\/en\/#organization"},"potentialAction":[{"@type":"SearchAction","target":{"@type":"EntryPoint","urlTemplate":"https:\/\/bolting.eu\/en\/?s={search_term_string}"},"query-input":{"@type":"PropertyValueSpecification","valueRequired":true,"valueName":"search_term_string"}}],"inLanguage":"en-US"},{"@type":["Organization","Place","SportingGoodsStore"],"@id":"https:\/\/bolting.eu\/en\/#organization","name":"bolting.eu","url":"https:\/\/bolting.eu\/en\/","logo":{"@id":"https:\/\/bolting.eu\/en\/shop\/dolomiti-new-age-sportkletter-mehrseillaengen\/#local-main-organization-logo"},"image":{"@id":"https:\/\/bolting.eu\/en\/shop\/dolomiti-new-age-sportkletter-mehrseillaengen\/#local-main-organization-logo"},"sameAs":["https:\/\/www.facebook.com\/bolting.eu","https:\/\/www.instagram.com\/bolting.eu\/"],"address":{"@id":"https:\/\/bolting.eu\/en\/shop\/dolomiti-new-age-sportkletter-mehrseillaengen\/#local-main-place-address"},"geo":{"@type":"GeoCoordinates","latitude":"47.264176340396226","longitude":"11.380109057672346"},"telephone":["+43 699 19083372"],"openingHoursSpecification":[{"@type":"OpeningHoursSpecification","dayOfWeek":["Monday","Wednesday","Friday"],"opens":"14:00","closes":"18:00"},{"@type":"OpeningHoursSpecification","dayOfWeek":["Tuesday","Thursday","Saturday","Sunday"],"opens":"00:00","closes":"00:00"}],"email":"office@bolting.eu","vatID":"ATU59999728","priceRange":"$$","currenciesAccepted":"Euro"},{"@type":"PostalAddress","@id":"https:\/\/bolting.eu\/en\/shop\/dolomiti-new-age-sportkletter-mehrseillaengen\/#local-main-place-address","streetAddress":"Fischnalerstra\u00dfe 4","addressLocality":"Innsbruck","postalCode":"6020","addressRegion":"Tirol","addressCountry":"AT"},{"@type":"ImageObject","inLanguage":"en-US","@id":"https:\/\/bolting.eu\/en\/shop\/dolomiti-new-age-sportkletter-mehrseillaengen\/#local-main-organization-logo","url":"https:\/\/bolting.eu\/wp-content\/uploads\/2019\/09\/bolting-logo.png","contentUrl":"https:\/\/bolting.eu\/wp-content\/uploads\/2019\/09\/bolting-logo.png","width":400,"height":211,"caption":"bolting.eu"}]},"product_price_amount":"35.00","product_price_currency":"EUR","og_availability":"instock","product_availability":"instock","product_retailer_item_id":"VS-DNA","product_condition":"new","geo.placename":"Innsbruck","geo.position":{"lat":"47.264176340396226","long":"11.380109057672346"},"geo.region":"Austria"},"_links":{"self":[{"href":"https:\/\/bolting.eu\/en\/wp-json\/wp\/v2\/product\/17325","targetHints":{"allow":["GET"]}}],"collection":[{"href":"https:\/\/bolting.eu\/en\/wp-json\/wp\/v2\/product"}],"about":[{"href":"https:\/\/bolting.eu\/en\/wp-json\/wp\/v2\/types\/product"}],"replies":[{"embeddable":true,"href":"https:\/\/bolting.eu\/en\/wp-json\/wp\/v2\/comments?post=17325"}],"wp:featuredmedia":[{"embeddable":true,"href":"https:\/\/bolting.eu\/en\/wp-json\/wp\/v2\/media\/17327"}],"wp:attachment":[{"href":"https:\/\/bolting.eu\/en\/wp-json\/wp\/v2\/media?parent=17325"}],"wp:term":[{"taxonomy":"product_brand","embeddable":true,"href":"https:\/\/bolting.eu\/en\/wp-json\/wp\/v2\/product_brand?post=17325"},{"taxonomy":"product_cat","embeddable":true,"href":"https:\/\/bolting.eu\/en\/wp-json\/wp\/v2\/product_cat?post=17325"},{"taxonomy":"product_tag","embeddable":true,"href":"https:\/\/bolting.eu\/en\/wp-json\/wp\/v2\/product_tag?post=17325"}],"curies":[{"name":"wp","href":"https:\/\/api.w.org\/{rel}","templated":true}]}}