{"id":17274,"date":"2023-09-29T11:29:53","date_gmt":"2023-09-29T09:29:53","guid":{"rendered":"https:\/\/bolting.eu\/?post_type=product&#038;p=17274"},"modified":"2025-04-07T19:09:50","modified_gmt":"2025-04-07T17:09:50","slug":"kletterfuehrer-vorarlberg","status":"publish","type":"product","link":"https:\/\/bolting.eu\/en\/shop\/kletterfuehrer-vorarlberg\/","title":{"rendered":"Kletterf\u00fchrer Vorarlberg"},"content":{"rendered":"<p>Der Kletterf\u00fchrer Vorarlberg beschreibt die talnahen Sportkletter- und Bouldergebiete des L\u00e4ndle. Das Buch kommt dabei auf stolze 496 Seiten!<\/p>\n<p>Stefan Lindemann hat hier akribisch alle lohnenden Kletterg\u00e4rten bzw. Boulderspots aufgenommen. Diese reichen vom Bregenzer Wald \u00fcber das Rheintal bin hinauf ins Walgau und das Montafon. \u00dcberdies werden der Arlberg und die Silvretta Gruppe beschrieben.<\/p>\n<p>Was das L\u00e4ndle recht au\u00dfergew\u00f6hnlich macht, sind die unterschiedlichen Felsarten. Hier hat man auf sehr engem Raum sowohl Kalk, as auch Konglomerat und Urgestein. Gepaart mit der Sch\u00f6nheit der entlegenen Ecken wie im Bregenzer Wald, ergibt das eine ungemein spannende Kletterdestination!<\/p>\n<p>\u00dcbrigens, die alpinen Routen gibt es alle im <a href=\"https:\/\/bolting.eu\/shop\/alpinkletterfuehrer-vorarlberg\/\">L\u00e4ndle Alpintopo<\/a> bzw. im &#8220;<a href=\"https:\/\/bolting.eu\/shop\/kletterfuehrer-raetikon\/\">R\u00e4tikon S\u00fcd<\/a>&#8221; Band (Schweizer Seite).<\/p>\n<h2>Eigenschaften Kletterf\u00fchrer Vorarlberg<\/h2>\n<ul>\n<li>Verlag: Panico<\/li>\n<li>Autor: Stefan Lindemann<\/li>\n<li>3. Auflage 2021<\/li>\n<li>496 Seiten<\/li>\n<li>beinhaltet die lohnendsten Kletterg\u00e4rten und Bouldergebiete<\/li>\n<li>Bregenzer Wald<\/li>\n<li>Rheintal<\/li>\n<li>Walgau<\/li>\n<li>Montafon<\/li>\n<li>Arlberg<\/li>\n<li>inkl. Vertical Life App Freischaltcode &#8211; Kletterf\u00fchrer 3 Jahre in der App verf\u00fcgbar<\/li>\n<li><a href=\"https:\/\/bolting.eu\/wp-content\/uploads\/2023\/09\/Vorarlberg_sportklettern_2020_Leseprobe.pdf\" target=\"_blank\" rel=\"noopener\">Leseprobe<\/a><\/li>\n<\/ul>\n<h3>Bregenzer Wald<\/h3>\n<p>Hier gibt es gleich mehrere tolle Gebiete mit Konglomerat und Kalkgestein. Der Kletterf\u00fchrer spiegelt hier Vorarlberg in seiner Gesamtheit wieder. Denn mit der Fluhbr\u00fccke (Egg) geht es mit senkrechtem Konglomerat los. Dazu noch die beschauliche Bregenzer Ach. Das ergibt einen tollen Platz f\u00fcr den Sommer.<\/p>\n<p>In Schwarzberg hingegen wartet ein kleines Kalk Gebiet mit minimalem Zustieg und leichten Routen. An der Schnepfauer Wand wird hingegen relativ schwer geklettert. Es gibt jedoch einen kleineren leichten Sektor, die Sonneplatte. Zudem warten hier richtige T\u00fcrme mit Kaminen auf euch.<\/p>\n<p>Ganz anders hingegen die Gallerieplatte. Nomen es omen, hier ist Fu\u00dftechnik gefragt!<\/p>\n<p>Abgerundet wird der Bregenzer Wald mit dem Top Gebiet Au. Hier ist unter 7a nichts zu holen. Ein absolutes Top Gebiet mit Westausrichtung f\u00fcr die warme Jahreszeit!<\/p>\n<h3>Rheintal &#8211; Hauptteil des Kletterf\u00fchrer Vorarlberg<\/h3>\n<p>Die ganzen Gebiete im Rheintal zu beschreiben w\u00e4re zu viel des Guten. Der Kletterf\u00fchrer \u00fcber Vorarlberg beschreibt sie ohnehin ausreichend.<\/p>\n<p>Wir wollen aber auf die grunds\u00e4tzlich unterschiedlichen Charaktere hinweisen. Bestens abgesicherte Routen im Konglomerat wechseln hier mit k\u00fchnst abgesicherten Linien im Kalk ab. Schaut euch die Beschreibungen bzw. Topos also genau an.<\/p>\n<p>Dann werdet ihr Freude an der abwechslungsreichen Kletterei haben. Es schadet auch nicht, die Gebiete nach der nahegelegenen Autobahn, der Eisenbahn oder dem Rhein auszuw\u00e4hlen. Wer es gerne ruhig hat, sollte die l\u00e4rmstarken Gebiete meiden!<\/p>\n<p>Das Rheintal beherbergt die mit Abstand meisten Routen im L\u00e4ndle. Alleine am &#8220;K\u00e4nzele&#8221; gibt es bereits 400 Routen.<\/p>\n<h3>Walgau<\/h3>\n<p>Das Epizentrum des Kletterns im Walgau liegt in B\u00fcrs bei Bludenz. Dem wird der Kletterf\u00fchrer nat\u00fcrlich gerecht. Denn &#8220;Vorarlberg&#8221; und Klettern w\u00e4re ohne Routen wie &#8220;<a href=\"https:\/\/en.wikipedia.org\/wiki\/Prinzip_Hoffnung\">Prinzip Hoffnung 10-<\/a>&#8221; nicht ganz das Selbe.<\/p>\n<p>Hier ein Video des Erstbegehers Beat Kammerlander:<\/p>\n<p><iframe loading=\"lazy\" title=\"Beat Kammerlander in &quot;Prinzip Hoffnung&quot;\" width=\"1020\" height=\"574\" src=\"https:\/\/www.youtube.com\/embed\/FH82iIp2Ffo?feature=oembed\" frameborder=\"0\" allow=\"accelerometer; autoplay; clipboard-write; encrypted-media; gyroscope; picture-in-picture; web-share\" referrerpolicy=\"strict-origin-when-cross-origin\" allowfullscreen><\/iframe><\/p>\n<p>&nbsp;<\/p>\n<p>Die B\u00fcrser Platte und die Schlucht sind ein Unikum. Kalk auf der Platte, dann Konglomerat auf der Schlucht. Zwei Gesteine auf engstem Raum nur durch einen Bach getrennt.<\/p>\n<p>Aber auch vom Charakter sind die Massive komplett unterschiedlich. Kleinste Griffe und Tritte auf der einen Seite. Steile Lochkletterei und Aufleger an glatten Steinen auf de anderen.<\/p>\n<p>Auch wenn B\u00fcrs extrem dominant ist. Man darf im Walgau nicht ganz auf das Gebiet &#8220;H\u00e4ngender Stein&#8221; bei N\u00fcziders vergessen.\u00a0 Denn es ist eines der gr\u00f6\u00dften Kalk Gebiete im L\u00e4ndle und sehr abwechslungsreich. \u00dcber 200 Routen warten hier in gleich 17 unterschiedlichen Sektoren auf euch. Und das Beste. Es sind die meisten davon in den mittleren Graden 6 bis 8.<\/p>\n<h3>Montafon<\/h3>\n<p>Hier geht es ganz nach der Art der Menschen gem\u00fctlich zu. Nur das Gebiet &#8220;Lor\u00fcns&#8221; am Eingang zum Montafon ist ein &#8220;schwerer Klettergarten&#8221;.<\/p>\n<p>Das liegt einerseits an dem vorhandenen Felspotential im eigentlichen Montafon. Die kleinen Felsen geben eben nicht &#8220;mehr&#8221; her. Und andererseits an der touristischen Ausrichtung der Region als Familienregion.<\/p>\n<p>Folglich sind die vorhandenen M\u00f6glichkeiten eher beschr\u00e4nkt bzw. gibt es eher leichte Linien wie in Latschau oder Rifa. Der Klettergarten &#8220;Silvretta&#8221; ist dann wieder ein eigenes Thema, weil furchtbar eingerichtet. Den Erschlie\u00dfern w\u00fcrde ein Bohrkurs mit <a href=\"https:\/\/bolting.eu\/produkt-kategorie\/einbohrartikel\/klebehaken-buehlerhaken\/\">Klebehaken<\/a> setzen und ein Tutorial bzgl. sicherer Hakendichte an den Einstiegen mehr als gut tun \ud83d\ude09<\/p>\n<h3>Bouldern im Vorarlberg Kletterf\u00fchrer<\/h3>\n<p>Jedem Abschnitt sind am Ende die Boulderm\u00f6glichkeiten hinzugef\u00fcgt. Das macht dieses Guidebook sch\u00f6n \u00fcbersichtlich.<\/p>\n<p>Wir finden es zum Sportklettern auch eine sch\u00f6ne Erg\u00e4nzung. Denn so kann man auch mal die <a href=\"https:\/\/bolting.eu\/produkt-kategorie\/boulder-ausruestung\/bouldermatte\/\">Bouldermatte<\/a> auspacken und sich an den kleinen Bl\u00f6cken vergn\u00fcgen. Dazu braucht es dann eben kein extra Topo. Man hat alles schon mit dabei!<\/p>\n<p>Apropos Bouldern. Im Alpen en Bloc 1 findet ihr auch den Silvapark auf der Tiroler Seite der Silvretta.<\/p>\n<h3>Vertical Life App<\/h3>\n<p>In diesem Buch findet ihr auch ein Freischaltcode f\u00fcr die Vertical Life App. D.h. ihr k\u00f6nnt damit den gesamtem Kletterf\u00fchrer \u00fcber Vorarlberg in der App f\u00fcr 3 Jahre einsehen.<\/p>\n<p>Somit habt ihr alle Daten auch immer am Handy mit dabei!<\/p>\n<p>Die App gibt es f\u00fcr Apple bzw. Android im Play-Store bzw. App-Store.<\/p>\n","protected":false},"excerpt":{"rendered":"<p>Guidebook zu den lohnendsten Sportkletter- und Bouldergebieten Vorarlbergs mit 496 Seiten.<\/p>\n<p>\u00dcber den Bregenzer Wald, das Rheintal, den Walgau bis hin zum Montafon und Arlberg ziehen sich die Massive.<\/p>\n<p>Versandkostenfrei bis 2kg in <img decoding=\"async\" class=\"emoji\" role=\"img\" draggable=\"false\" src=\"https:\/\/s.w.org\/images\/core\/emoji\/14.0.0\/svg\/1f1e6-1f1f9.svg\" alt=\"\ud83c\udde6\ud83c\uddf9\" \/> ab \u20ac 100,- und <img decoding=\"async\" class=\"emoji\" role=\"img\" draggable=\"false\" src=\"https:\/\/s.w.org\/images\/core\/emoji\/14.0.0\/svg\/1f1e9-1f1ea.svg\" alt=\"\ud83c\udde9\ud83c\uddea\" \/> ab \u20ac 200,-!<\/p>\n","protected":false},"featured_media":17282,"comment_status":"closed","ping_status":"closed","template":"","meta":[],"product_brand":[],"product_cat":[29,10898],"product_tag":[],"class_list":{"0":"post-17274","1":"product","2":"type-product","3":"status-publish","4":"has-post-thumbnail","6":"product_cat-kletterausruestung","7":"product_cat-kletterfuehrer","9":"first","10":"outofstock","11":"taxable","12":"shipping-taxable","13":"purchasable","14":"product-type-simple"},"yoast_head":"<!-- This site is optimized with the Yoast SEO Premium plugin v26.9 (Yoast SEO v26.9) - https:\/\/yoast.com\/product\/yoast-seo-premium-wordpress\/ -->\n<title>Kletterf\u00fchrer Vorarlberg - 3. Aufl. 2021 Panico | bolting.eu<\/title>\n<meta name=\"description\" content=\"Kletterf\u00fchrer Vorarlberg beim Kletterprofi aus Innsbruck kaufen \u2705 kostenloser Versand* \u2705 14 Tage R\u00fcckgaberecht \u2705 Co2 neutraler Versand\" \/>\n<meta name=\"robots\" content=\"index, follow, max-snippet:-1, max-image-preview:large, max-video-preview:-1\" \/>\n<link rel=\"canonical\" href=\"https:\/\/bolting.eu\/en\/shop\/kletterfuehrer-vorarlberg\/\" \/>\n<meta property=\"og:locale\" content=\"en_US\" \/>\n<meta property=\"og:type\" content=\"article\" \/>\n<meta property=\"og:title\" content=\"Kletterf\u00fchrer Vorarlberg\" \/>\n<meta property=\"og:description\" content=\"Kletterf\u00fchrer Vorarlberg beim Kletterprofi aus Innsbruck kaufen \u2705 kostenloser Versand* \u2705 14 Tage R\u00fcckgaberecht \u2705 Co2 neutraler Versand\" \/>\n<meta property=\"og:url\" content=\"https:\/\/bolting.eu\/en\/shop\/kletterfuehrer-vorarlberg\/\" \/>\n<meta property=\"og:site_name\" content=\"bolting.eu\" \/>\n<meta property=\"article:publisher\" content=\"https:\/\/www.facebook.com\/bolting.eu\" \/>\n<meta property=\"article:modified_time\" content=\"2025-04-07T17:09:50+00:00\" \/>\n<meta property=\"og:image\" content=\"https:\/\/bolting.eu\/wp-content\/uploads\/2023\/09\/Vorarlberg-Kletterfuehrer-1.jpg\" \/>\n\t<meta property=\"og:image:width\" content=\"700\" \/>\n\t<meta property=\"og:image:height\" content=\"700\" \/>\n\t<meta property=\"og:image:type\" content=\"image\/jpeg\" \/>\n<meta name=\"twitter:card\" content=\"summary_large_image\" \/>\n<meta name=\"twitter:label1\" content=\"Price\" \/>\n\t<meta name=\"twitter:data1\" content=\"&euro;&nbsp;39,80\" \/>\n\t<meta name=\"twitter:label2\" content=\"Availability\" \/>\n\t<meta name=\"twitter:data2\" content=\"Out of stock\" \/>\n<script type=\"application\/ld+json\" class=\"yoast-schema-graph\">{\"@context\":\"https:\/\/schema.org\",\"@graph\":[{\"@type\":[\"WebPage\",\"ItemPage\"],\"@id\":\"https:\/\/bolting.eu\/en\/shop\/kletterfuehrer-vorarlberg\/\",\"url\":\"https:\/\/bolting.eu\/en\/shop\/kletterfuehrer-vorarlberg\/\",\"name\":\"Kletterf\u00fchrer Vorarlberg - 3. Aufl. 2021 Panico | bolting.eu\",\"isPartOf\":{\"@id\":\"https:\/\/bolting.eu\/en\/#website\"},\"primaryImageOfPage\":{\"@id\":\"https:\/\/bolting.eu\/en\/shop\/kletterfuehrer-vorarlberg\/#primaryimage\"},\"image\":{\"@id\":\"https:\/\/bolting.eu\/en\/shop\/kletterfuehrer-vorarlberg\/#primaryimage\"},\"thumbnailUrl\":\"https:\/\/bolting.eu\/wp-content\/uploads\/2023\/09\/Vorarlberg-Kletterfuehrer-1.jpg\",\"datePublished\":\"2023-09-29T09:29:53+00:00\",\"dateModified\":\"2025-04-07T17:09:50+00:00\",\"description\":\"Kletterf\u00fchrer Vorarlberg beim Kletterprofi aus Innsbruck kaufen \u2705 kostenloser Versand* \u2705 14 Tage R\u00fcckgaberecht \u2705 Co2 neutraler Versand\",\"breadcrumb\":{\"@id\":\"https:\/\/bolting.eu\/en\/shop\/kletterfuehrer-vorarlberg\/#breadcrumb\"},\"inLanguage\":\"en-US\",\"potentialAction\":[{\"@type\":\"ReadAction\",\"target\":[\"https:\/\/bolting.eu\/en\/shop\/kletterfuehrer-vorarlberg\/\"]}]},{\"@type\":\"ImageObject\",\"inLanguage\":\"en-US\",\"@id\":\"https:\/\/bolting.eu\/en\/shop\/kletterfuehrer-vorarlberg\/#primaryimage\",\"url\":\"https:\/\/bolting.eu\/wp-content\/uploads\/2023\/09\/Vorarlberg-Kletterfuehrer-1.jpg\",\"contentUrl\":\"https:\/\/bolting.eu\/wp-content\/uploads\/2023\/09\/Vorarlberg-Kletterfuehrer-1.jpg\",\"width\":700,\"height\":700,\"caption\":\"Cover des Vorarlberg Kletterf\u00fchrer mit Kletterer auf grauer Felswand in rotem Shirt.\"},{\"@type\":\"BreadcrumbList\",\"@id\":\"https:\/\/bolting.eu\/en\/shop\/kletterfuehrer-vorarlberg\/#breadcrumb\",\"itemListElement\":[{\"@type\":\"ListItem\",\"position\":1,\"name\":\"Shop\",\"item\":\"https:\/\/bolting.eu\/en\/shop\/\"},{\"@type\":\"ListItem\",\"position\":2,\"name\":\"climbing equipment\",\"item\":\"https:\/\/bolting.eu\/en\/produkt-kategorie\/climbing-equipment\/\"},{\"@type\":\"ListItem\",\"position\":3,\"name\":\"Kletterf\u00fchrer\",\"item\":\"https:\/\/bolting.eu\/produkt-kategorie\/kletterausruestung\/kletterfuehrer\/\"},{\"@type\":\"ListItem\",\"position\":4,\"name\":\"Kletterf\u00fchrer Vorarlberg\"}]},{\"@type\":\"WebSite\",\"@id\":\"https:\/\/bolting.eu\/en\/#website\",\"url\":\"https:\/\/bolting.eu\/en\/\",\"name\":\"bolting.eu\",\"description\":\"we make climbs happen\",\"publisher\":{\"@id\":\"https:\/\/bolting.eu\/en\/#organization\"},\"potentialAction\":[{\"@type\":\"SearchAction\",\"target\":{\"@type\":\"EntryPoint\",\"urlTemplate\":\"https:\/\/bolting.eu\/en\/?s={search_term_string}\"},\"query-input\":{\"@type\":\"PropertyValueSpecification\",\"valueRequired\":true,\"valueName\":\"search_term_string\"}}],\"inLanguage\":\"en-US\"},{\"@type\":[\"Organization\",\"Place\",\"SportingGoodsStore\"],\"@id\":\"https:\/\/bolting.eu\/en\/#organization\",\"name\":\"bolting.eu\",\"url\":\"https:\/\/bolting.eu\/en\/\",\"logo\":{\"@id\":\"https:\/\/bolting.eu\/en\/shop\/kletterfuehrer-vorarlberg\/#local-main-organization-logo\"},\"image\":{\"@id\":\"https:\/\/bolting.eu\/en\/shop\/kletterfuehrer-vorarlberg\/#local-main-organization-logo\"},\"sameAs\":[\"https:\/\/www.facebook.com\/bolting.eu\",\"https:\/\/www.instagram.com\/bolting.eu\/\"],\"address\":{\"@id\":\"https:\/\/bolting.eu\/en\/shop\/kletterfuehrer-vorarlberg\/#local-main-place-address\"},\"geo\":{\"@type\":\"GeoCoordinates\",\"latitude\":\"47.264176340396226\",\"longitude\":\"11.380109057672346\"},\"telephone\":[\"+43 699 19083372\"],\"openingHoursSpecification\":[{\"@type\":\"OpeningHoursSpecification\",\"dayOfWeek\":[\"Monday\",\"Wednesday\",\"Friday\"],\"opens\":\"14:00\",\"closes\":\"18:00\"},{\"@type\":\"OpeningHoursSpecification\",\"dayOfWeek\":[\"Tuesday\",\"Thursday\",\"Saturday\",\"Sunday\"],\"opens\":\"00:00\",\"closes\":\"00:00\"}],\"email\":\"office@bolting.eu\",\"vatID\":\"ATU59999728\",\"priceRange\":\"$$\",\"currenciesAccepted\":\"Euro\"},{\"@type\":\"PostalAddress\",\"@id\":\"https:\/\/bolting.eu\/en\/shop\/kletterfuehrer-vorarlberg\/#local-main-place-address\",\"streetAddress\":\"Fischnalerstra\u00dfe 4\",\"addressLocality\":\"Innsbruck\",\"postalCode\":\"6020\",\"addressRegion\":\"Tirol\",\"addressCountry\":\"AT\"},{\"@type\":\"ImageObject\",\"inLanguage\":\"en-US\",\"@id\":\"https:\/\/bolting.eu\/en\/shop\/kletterfuehrer-vorarlberg\/#local-main-organization-logo\",\"url\":\"https:\/\/bolting.eu\/wp-content\/uploads\/2019\/09\/bolting-logo.png\",\"contentUrl\":\"https:\/\/bolting.eu\/wp-content\/uploads\/2019\/09\/bolting-logo.png\",\"width\":400,\"height\":211,\"caption\":\"bolting.eu\"}]}<\/script>\n<meta property=\"og:video\" content=\"https:\/\/www.youtube.com\/embed\/FH82iIp2Ffo\" \/>\n<meta property=\"og:video:type\" content=\"text\/html\" \/>\n<meta property=\"og:video:duration\" content=\"720\" \/>\n<meta property=\"og:video:width\" content=\"480\" \/>\n<meta property=\"og:video:height\" content=\"270\" \/>\n<meta property=\"ya:ovs:adult\" content=\"false\" \/>\n<meta property=\"ya:ovs:upload_date\" content=\"2023-09-29T09:29:53+00:00\" \/>\n<meta property=\"ya:ovs:allow_embed\" content=\"true\" \/>\n<meta property=\"product:price:amount\" content=\"39.80\" \/>\n<meta property=\"product:price:currency\" content=\"EUR\" \/>\n<meta property=\"og:availability\" content=\"out of stock\" \/>\n<meta property=\"product:availability\" content=\"out of stock\" \/>\n<meta property=\"product:retailer_item_id\" content=\"PA-VA-sport\" \/>\n<meta property=\"product:condition\" content=\"new\" \/>\n<meta name=\"geo.placename\" content=\"Innsbruck\" \/>\n<meta name=\"geo.position\" content=\"47.264176340396226;11.380109057672346\" \/>\n<meta name=\"geo.region\" content=\"Austria\" \/>\n<!-- \/ Yoast SEO Premium plugin. -->","yoast_head_json":{"title":"Kletterf\u00fchrer Vorarlberg - 3. Aufl. 2021 Panico | bolting.eu","description":"Kletterf\u00fchrer Vorarlberg beim Kletterprofi aus Innsbruck kaufen \u2705 kostenloser Versand* \u2705 14 Tage R\u00fcckgaberecht \u2705 Co2 neutraler Versand","robots":{"index":"index","follow":"follow","max-snippet":"max-snippet:-1","max-image-preview":"max-image-preview:large","max-video-preview":"max-video-preview:-1"},"canonical":"https:\/\/bolting.eu\/en\/shop\/kletterfuehrer-vorarlberg\/","og_locale":"en_US","og_type":"article","og_title":"Kletterf\u00fchrer Vorarlberg","og_description":"Kletterf\u00fchrer Vorarlberg beim Kletterprofi aus Innsbruck kaufen \u2705 kostenloser Versand* \u2705 14 Tage R\u00fcckgaberecht \u2705 Co2 neutraler Versand","og_url":"https:\/\/bolting.eu\/en\/shop\/kletterfuehrer-vorarlberg\/","og_site_name":"bolting.eu","article_publisher":"https:\/\/www.facebook.com\/bolting.eu","article_modified_time":"2025-04-07T17:09:50+00:00","og_image":[{"width":700,"height":700,"url":"https:\/\/bolting.eu\/wp-content\/uploads\/2023\/09\/Vorarlberg-Kletterfuehrer-1.jpg","type":"image\/jpeg"}],"twitter_card":"summary_large_image","twitter_misc":{"Price":"&euro;&nbsp;39,80","Availability":"Out of stock"},"schema":{"@context":"https:\/\/schema.org","@graph":[{"@type":["WebPage","ItemPage"],"@id":"https:\/\/bolting.eu\/en\/shop\/kletterfuehrer-vorarlberg\/","url":"https:\/\/bolting.eu\/en\/shop\/kletterfuehrer-vorarlberg\/","name":"Kletterf\u00fchrer Vorarlberg - 3. Aufl. 2021 Panico | bolting.eu","isPartOf":{"@id":"https:\/\/bolting.eu\/en\/#website"},"primaryImageOfPage":{"@id":"https:\/\/bolting.eu\/en\/shop\/kletterfuehrer-vorarlberg\/#primaryimage"},"image":{"@id":"https:\/\/bolting.eu\/en\/shop\/kletterfuehrer-vorarlberg\/#primaryimage"},"thumbnailUrl":"https:\/\/bolting.eu\/wp-content\/uploads\/2023\/09\/Vorarlberg-Kletterfuehrer-1.jpg","datePublished":"2023-09-29T09:29:53+00:00","dateModified":"2025-04-07T17:09:50+00:00","description":"Kletterf\u00fchrer Vorarlberg beim Kletterprofi aus Innsbruck kaufen \u2705 kostenloser Versand* \u2705 14 Tage R\u00fcckgaberecht \u2705 Co2 neutraler Versand","breadcrumb":{"@id":"https:\/\/bolting.eu\/en\/shop\/kletterfuehrer-vorarlberg\/#breadcrumb"},"inLanguage":"en-US","potentialAction":[{"@type":"ReadAction","target":["https:\/\/bolting.eu\/en\/shop\/kletterfuehrer-vorarlberg\/"]}]},{"@type":"ImageObject","inLanguage":"en-US","@id":"https:\/\/bolting.eu\/en\/shop\/kletterfuehrer-vorarlberg\/#primaryimage","url":"https:\/\/bolting.eu\/wp-content\/uploads\/2023\/09\/Vorarlberg-Kletterfuehrer-1.jpg","contentUrl":"https:\/\/bolting.eu\/wp-content\/uploads\/2023\/09\/Vorarlberg-Kletterfuehrer-1.jpg","width":700,"height":700,"caption":"Cover des Vorarlberg Kletterf\u00fchrer mit Kletterer auf grauer Felswand in rotem Shirt."},{"@type":"BreadcrumbList","@id":"https:\/\/bolting.eu\/en\/shop\/kletterfuehrer-vorarlberg\/#breadcrumb","itemListElement":[{"@type":"ListItem","position":1,"name":"Shop","item":"https:\/\/bolting.eu\/en\/shop\/"},{"@type":"ListItem","position":2,"name":"climbing equipment","item":"https:\/\/bolting.eu\/en\/produkt-kategorie\/climbing-equipment\/"},{"@type":"ListItem","position":3,"name":"Kletterf\u00fchrer","item":"https:\/\/bolting.eu\/produkt-kategorie\/kletterausruestung\/kletterfuehrer\/"},{"@type":"ListItem","position":4,"name":"Kletterf\u00fchrer Vorarlberg"}]},{"@type":"WebSite","@id":"https:\/\/bolting.eu\/en\/#website","url":"https:\/\/bolting.eu\/en\/","name":"bolting.eu","description":"we make climbs happen","publisher":{"@id":"https:\/\/bolting.eu\/en\/#organization"},"potentialAction":[{"@type":"SearchAction","target":{"@type":"EntryPoint","urlTemplate":"https:\/\/bolting.eu\/en\/?s={search_term_string}"},"query-input":{"@type":"PropertyValueSpecification","valueRequired":true,"valueName":"search_term_string"}}],"inLanguage":"en-US"},{"@type":["Organization","Place","SportingGoodsStore"],"@id":"https:\/\/bolting.eu\/en\/#organization","name":"bolting.eu","url":"https:\/\/bolting.eu\/en\/","logo":{"@id":"https:\/\/bolting.eu\/en\/shop\/kletterfuehrer-vorarlberg\/#local-main-organization-logo"},"image":{"@id":"https:\/\/bolting.eu\/en\/shop\/kletterfuehrer-vorarlberg\/#local-main-organization-logo"},"sameAs":["https:\/\/www.facebook.com\/bolting.eu","https:\/\/www.instagram.com\/bolting.eu\/"],"address":{"@id":"https:\/\/bolting.eu\/en\/shop\/kletterfuehrer-vorarlberg\/#local-main-place-address"},"geo":{"@type":"GeoCoordinates","latitude":"47.264176340396226","longitude":"11.380109057672346"},"telephone":["+43 699 19083372"],"openingHoursSpecification":[{"@type":"OpeningHoursSpecification","dayOfWeek":["Monday","Wednesday","Friday"],"opens":"14:00","closes":"18:00"},{"@type":"OpeningHoursSpecification","dayOfWeek":["Tuesday","Thursday","Saturday","Sunday"],"opens":"00:00","closes":"00:00"}],"email":"office@bolting.eu","vatID":"ATU59999728","priceRange":"$$","currenciesAccepted":"Euro"},{"@type":"PostalAddress","@id":"https:\/\/bolting.eu\/en\/shop\/kletterfuehrer-vorarlberg\/#local-main-place-address","streetAddress":"Fischnalerstra\u00dfe 4","addressLocality":"Innsbruck","postalCode":"6020","addressRegion":"Tirol","addressCountry":"AT"},{"@type":"ImageObject","inLanguage":"en-US","@id":"https:\/\/bolting.eu\/en\/shop\/kletterfuehrer-vorarlberg\/#local-main-organization-logo","url":"https:\/\/bolting.eu\/wp-content\/uploads\/2019\/09\/bolting-logo.png","contentUrl":"https:\/\/bolting.eu\/wp-content\/uploads\/2019\/09\/bolting-logo.png","width":400,"height":211,"caption":"bolting.eu"}]},"og_video":"https:\/\/www.youtube.com\/embed\/FH82iIp2Ffo","og_video_type":"text\/html","og_video_duration":"720","og_video_width":"480","og_video_height":"270","ya_ovs_adult":"false","ya_ovs_upload_date":"2023-09-29T09:29:53+00:00","ya_ovs_allow_embed":"true","product_price_amount":"39.80","product_price_currency":"EUR","og_availability":"out of stock","product_availability":"out of stock","product_retailer_item_id":"PA-VA-sport","product_condition":"new","geo.placename":"Innsbruck","geo.position":{"lat":"47.264176340396226","long":"11.380109057672346"},"geo.region":"Austria"},"_links":{"self":[{"href":"https:\/\/bolting.eu\/en\/wp-json\/wp\/v2\/product\/17274","targetHints":{"allow":["GET"]}}],"collection":[{"href":"https:\/\/bolting.eu\/en\/wp-json\/wp\/v2\/product"}],"about":[{"href":"https:\/\/bolting.eu\/en\/wp-json\/wp\/v2\/types\/product"}],"replies":[{"embeddable":true,"href":"https:\/\/bolting.eu\/en\/wp-json\/wp\/v2\/comments?post=17274"}],"wp:featuredmedia":[{"embeddable":true,"href":"https:\/\/bolting.eu\/en\/wp-json\/wp\/v2\/media\/17282"}],"wp:attachment":[{"href":"https:\/\/bolting.eu\/en\/wp-json\/wp\/v2\/media?parent=17274"}],"wp:term":[{"taxonomy":"product_brand","embeddable":true,"href":"https:\/\/bolting.eu\/en\/wp-json\/wp\/v2\/product_brand?post=17274"},{"taxonomy":"product_cat","embeddable":true,"href":"https:\/\/bolting.eu\/en\/wp-json\/wp\/v2\/product_cat?post=17274"},{"taxonomy":"product_tag","embeddable":true,"href":"https:\/\/bolting.eu\/en\/wp-json\/wp\/v2\/product_tag?post=17274"}],"curies":[{"name":"wp","href":"https:\/\/api.w.org\/{rel}","templated":true}]}}