{"id":17266,"date":"2023-09-29T09:52:33","date_gmt":"2023-09-29T07:52:33","guid":{"rendered":"https:\/\/bolting.eu\/?post_type=product&#038;p=17266"},"modified":"2025-08-13T16:01:08","modified_gmt":"2025-08-13T14:01:08","slug":"alpinkletterfuehrer-vorarlberg","status":"publish","type":"product","link":"https:\/\/bolting.eu\/en\/shop\/alpinkletterfuehrer-vorarlberg\/","title":{"rendered":"Alpinkletterf\u00fchrer Vorarlberg"},"content":{"rendered":"<p>Der Alpinkletterf\u00fchrer Vorarlberg ist DAS Standard Werk f\u00fcr Klettern in den Bergen des &#8220;L\u00e4ndle&#8221;.\u00a0 Denn er umfasst den Bregenzerwald, das Lechquellengebirge und die Nordseite des R\u00e4tikon beim L\u00fcner See bzw. der Lindauer H\u00fctte. \u00dcberdies werden auch die Verwall und die Silvretta Gruppe vorgestellt. Ganze 456 Seiten voll Abenteuer in alpinen Gel\u00e4nde!<\/p>\n<p>Beachtet bitte. Die Alpinrouten des R\u00e4tikons auf der Schweizer Seite werden alle im Guidebook &#8220;<a href=\"https:\/\/bolting.eu\/shop\/kletterfuehrer-raetikon\/\">R\u00e4tikon S\u00fcd<\/a>&#8221; vorgestellt. Die talnahen Kletterg\u00e4rten im L\u00e4ndle Sportkletterf\u00fchrer.<\/p>\n<p>Insgesamt bietet der &#8220;L\u00e4ndle Alpinf\u00fchrer&#8221; eine extrem gro\u00dfe Bandbreite an Kletterm\u00f6glichkeiten. Das hat zum einen mit der Topografie der Gebirgsst\u00f6cke zu tun. Da stehen sich z.B. rauhes Urgestein in der Silvretta und glattes Kalkgestein im Lechquellengebirge gegen\u00fcber. Oder der sanfte Bregenzerwald dem schroffen Verwall.<\/p>\n<p>D.h. am Ende des Tages extrem viel Abwechslung auf ganz kleinem Raum!<\/p>\n<h2>Eigenschaften Alpinkletterf\u00fchrer Vorarlberg<\/h2>\n<ul>\n<li>Verlag: Panico<\/li>\n<li>Autor: Team Panico<\/li>\n<li>6. Auflage 2021<\/li>\n<li>456 Seiten<\/li>\n<li>64 einzelne Topo Karten zum Einstecken extra<\/li>\n<li>beinhaltet die lohnendsten alpinen Routen und Sportkletter Mehrseill\u00e4ngen<\/li>\n<li>Bregenzerwald<\/li>\n<li>Lechquellengebirge<\/li>\n<li>Nordseite des R\u00e4tikon beim L\u00fcner See<\/li>\n<li>Nordseite des R\u00e4tikon bei der Lindauer H\u00fctte<\/li>\n<li>Verwall<\/li>\n<li>Silvretta Gruppe<\/li>\n<\/ul>\n<h3>Mehr als nur &#8220;L\u00e4ndle&#8221;<\/h3>\n<p>Sinnvoller Weise hat Panico sich beim Alpinkletterf\u00fchrer \u00fcber Vorarlberg nicht strikt an die Landesgrenzen gehalten. Es wurden auch Gebiete aufgenommen, die von Vorarberg aus gut erreich bar sind bzw. noch zu den Gebirgsst\u00f6cken geh\u00f6ren.<\/p>\n<p>Wie z.B. in der Silvretta. Da wurden die Wiesbadener H\u00fctte (siehe unten!) und das Jamtal ebenso aufgenommen.<\/p>\n<h2>Geheimtipp Wiesbadener H\u00fctte<\/h2>\n<p>Beim Alpinkletterf\u00fchrer \u00fcber Vorarlberg freut uns ein Detail ganz besonders. Die Massive rund um die <a href=\"https:\/\/www.wiesbadener-huette.com\" target=\"_blank\" rel=\"noopener\">Wiesbadener H\u00fctte<\/a>. Denn diese wurden von uns eingerichtet bzw. saniert.<\/p>\n<p>Hier klettert man in H\u00fcttenn\u00e4he auf 2.300m Seeh\u00f6he. Es stehen zwei Massive zur Auswahl. Der h\u00fcttennahe Klettergarten mit 27 Routen zwischen 3a und 7a. Sowie die &#8220;Gr\u00fcne Kuppe&#8221;, welche ca. 45 Minuten entfernt ist. Ein toller Felsriegel mit au\u00dfergew\u00f6hnlich sch\u00f6nen Urgesteinsplatten.<\/p>\n<p>Ein toller Tipp f\u00fcr den Sommer und Anfahrt mit dem E-MTB!<\/p>\n<figure id=\"attachment_5830\" aria-describedby=\"caption-attachment-5830\" style=\"width: 400px\" class=\"wp-caption alignnone\"><a href=\"https:\/\/bolting.eu\/wp-content\/uploads\/2020\/11\/WBH-gmb.jpg\"><img loading=\"lazy\" decoding=\"async\" class=\"wp-image-5830 size-medium\" src=\"https:\/\/bolting.eu\/wp-content\/uploads\/2020\/11\/WBH-gmb-400x400.jpg\" alt=\"Das Bild zeigt das Referenzprojekt Wiesbadener H\u00fctte von bolting.eu. In einem hochalpinen BErghang steht eine gro\u00dfe Schutzh\u00fctte, im Hintergrund ein schneebedeckter Berg unter blauem Himmel.\" width=\"400\" height=\"400\" srcset=\"https:\/\/bolting.eu\/wp-content\/uploads\/2020\/11\/WBH-gmb-400x400.jpg 400w, https:\/\/bolting.eu\/wp-content\/uploads\/2020\/11\/WBH-gmb-100x100.jpg 100w, https:\/\/bolting.eu\/wp-content\/uploads\/2020\/11\/WBH-gmb-510x510.jpg 510w, https:\/\/bolting.eu\/wp-content\/uploads\/2020\/11\/WBH-gmb-280x280.jpg 280w, https:\/\/bolting.eu\/wp-content\/uploads\/2020\/11\/WBH-gmb-300x300.jpg 300w, https:\/\/bolting.eu\/wp-content\/uploads\/2020\/11\/WBH-gmb-600x600.jpg 600w, https:\/\/bolting.eu\/wp-content\/uploads\/2020\/11\/WBH-gmb.jpg 700w\" sizes=\"auto, (max-width: 400px) 100vw, 400px\" \/><\/a><figcaption id=\"caption-attachment-5830\" class=\"wp-caption-text\">Rund um die H\u00fctte kann perfekt geklettert werden!<\/figcaption><\/figure>\n<h3>Alpintopo Vorarlberg mit extra Topo Karten<\/h3>\n<p>Das Buch hat ein cooles extra Feature. N\u00e4mlich die einzelnen Topo Karten zum Herausnehmen!<\/p>\n<p>Es sind insgesamt 40 Topos die man somit &#8220;einstecken&#8221; kann. Sie sind einerseits klein genug um sie in die Jackentasche stecken zu k\u00f6nnen. Andererseits aber auch gro\u00df genug, um alles sch\u00f6n lesen zu k\u00f6nnen. So hat man in der Route immer eine tolle Orientierungshilfe.<\/p>\n<figure id=\"attachment_17273\" aria-describedby=\"caption-attachment-17273\" style=\"width: 533px\" class=\"wp-caption alignnone\"><a href=\"https:\/\/bolting.eu\/wp-content\/uploads\/2023\/09\/Alpinkletterfuehrer-Vorarlberg-6.jpg\"><img loading=\"lazy\" decoding=\"async\" class=\"wp-image-17273 size-medium\" src=\"https:\/\/bolting.eu\/wp-content\/uploads\/2023\/09\/Alpinkletterfuehrer-Vorarlberg-6-533x400.jpg\" alt=\"Das Alpinkletter Topo Vorarlberg und die dazugeh\u00f6rigen Topokarten auf einer braunen Holzplatte.\" width=\"533\" height=\"400\" srcset=\"https:\/\/bolting.eu\/wp-content\/uploads\/2023\/09\/Alpinkletterfuehrer-Vorarlberg-6-533x400.jpg 533w, https:\/\/bolting.eu\/wp-content\/uploads\/2023\/09\/Alpinkletterfuehrer-Vorarlberg-6-768x576.jpg 768w, https:\/\/bolting.eu\/wp-content\/uploads\/2023\/09\/Alpinkletterfuehrer-Vorarlberg-6-510x383.jpg 510w, https:\/\/bolting.eu\/wp-content\/uploads\/2023\/09\/Alpinkletterfuehrer-Vorarlberg-6-100x75.jpg 100w, https:\/\/bolting.eu\/wp-content\/uploads\/2023\/09\/Alpinkletterfuehrer-Vorarlberg-6.jpg 1024w\" sizes=\"auto, (max-width: 533px) 100vw, 533px\" \/><\/a><figcaption id=\"caption-attachment-17273\" class=\"wp-caption-text\">Die Topokarten sind ein tolles Features des Alpintopos!<\/figcaption><\/figure>\n<p>Weiterer Vorteil. Die Karte ist 100% analog. Ihr kann der Akku nicht ausgehen \ud83d\ude42<\/p>\n","protected":false},"excerpt":{"rendered":"<p>Auf 456 Seiten gibt es geballte Topos zu allen Alpinkletterm\u00f6glichkeiten im L\u00e4nde.<\/p>\n<p>Das Buch umfasst den Bregenzerwald, das Lechquellengebirge und die Nordseite des R\u00e4tikon beim L\u00fcner See bzw. der Lindauer H\u00fctte. \u00dcberdies werden auch die Verwall und die Silvretta Gruppe vorgestellt.<\/p>\n<p>Versandkostenfrei bis 2kg in <img decoding=\"async\" class=\"emoji\" role=\"img\" draggable=\"false\" src=\"https:\/\/s.w.org\/images\/core\/emoji\/14.0.0\/svg\/1f1e6-1f1f9.svg\" alt=\"\ud83c\udde6\ud83c\uddf9\" \/> ab \u20ac 100,- und <img decoding=\"async\" class=\"emoji\" role=\"img\" draggable=\"false\" src=\"https:\/\/s.w.org\/images\/core\/emoji\/14.0.0\/svg\/1f1e9-1f1ea.svg\" alt=\"\ud83c\udde9\ud83c\uddea\" \/> ab \u20ac 200,-!<\/p>\n","protected":false},"featured_media":17271,"comment_status":"closed","ping_status":"closed","template":"","meta":[],"product_brand":[],"product_cat":[29,10898],"product_tag":[],"class_list":{"0":"post-17266","1":"product","2":"type-product","3":"status-publish","4":"has-post-thumbnail","6":"product_cat-kletterausruestung","7":"product_cat-kletterfuehrer","9":"first","10":"instock","11":"taxable","12":"shipping-taxable","13":"purchasable","14":"product-type-simple"},"yoast_head":"<!-- This site is optimized with the Yoast SEO Premium plugin v26.9 (Yoast SEO v26.9) - https:\/\/yoast.com\/product\/yoast-seo-premium-wordpress\/ -->\n<title>Alpinkletterf\u00fchrer Vorarlberg - 6. Aufl. 2021 Panico | bolting.eu<\/title>\n<meta name=\"description\" content=\"Alpinkletterf\u00fchrer Vorarlberg beim Kletterprofi aus Innsbruck - Tirol kaufen \u2705 kostenloser Versand* \u2705 14 Tage R\u00fcckgaberecht \u2705 Co2 neutraler Versand\" \/>\n<meta name=\"robots\" content=\"index, follow, max-snippet:-1, max-image-preview:large, max-video-preview:-1\" \/>\n<link rel=\"canonical\" href=\"https:\/\/bolting.eu\/en\/shop\/alpinkletterfuehrer-vorarlberg\/\" \/>\n<meta property=\"og:locale\" content=\"en_US\" \/>\n<meta property=\"og:type\" content=\"article\" \/>\n<meta property=\"og:title\" content=\"Alpinkletterf\u00fchrer Vorarlberg\" \/>\n<meta property=\"og:description\" content=\"Alpinkletterf\u00fchrer Vorarlberg beim Kletterprofi aus Innsbruck - Tirol kaufen \u2705 kostenloser Versand* \u2705 14 Tage R\u00fcckgaberecht \u2705 Co2 neutraler Versand\" \/>\n<meta property=\"og:url\" content=\"https:\/\/bolting.eu\/en\/shop\/alpinkletterfuehrer-vorarlberg\/\" \/>\n<meta property=\"og:site_name\" content=\"bolting.eu\" \/>\n<meta property=\"article:publisher\" content=\"https:\/\/www.facebook.com\/bolting.eu\" \/>\n<meta property=\"article:modified_time\" content=\"2025-08-13T14:01:08+00:00\" \/>\n<meta property=\"og:image\" content=\"https:\/\/bolting.eu\/wp-content\/uploads\/2023\/09\/Alpinkletterfuehrer-Vorarlberg-1.jpg\" \/>\n\t<meta property=\"og:image:width\" content=\"700\" \/>\n\t<meta property=\"og:image:height\" content=\"700\" \/>\n\t<meta property=\"og:image:type\" content=\"image\/jpeg\" \/>\n<meta name=\"twitter:card\" content=\"summary_large_image\" \/>\n<meta name=\"twitter:label1\" content=\"Price\" \/>\n\t<meta name=\"twitter:data1\" content=\"&euro;&nbsp;46,10\" \/>\n\t<meta name=\"twitter:label2\" content=\"Availability\" \/>\n\t<meta name=\"twitter:data2\" content=\"In stock\" \/>\n<script type=\"application\/ld+json\" class=\"yoast-schema-graph\">{\"@context\":\"https:\/\/schema.org\",\"@graph\":[{\"@type\":[\"WebPage\",\"ItemPage\"],\"@id\":\"https:\/\/bolting.eu\/en\/shop\/alpinkletterfuehrer-vorarlberg\/\",\"url\":\"https:\/\/bolting.eu\/en\/shop\/alpinkletterfuehrer-vorarlberg\/\",\"name\":\"Alpinkletterf\u00fchrer Vorarlberg - 6. Aufl. 2021 Panico | bolting.eu\",\"isPartOf\":{\"@id\":\"https:\/\/bolting.eu\/en\/#website\"},\"primaryImageOfPage\":{\"@id\":\"https:\/\/bolting.eu\/en\/shop\/alpinkletterfuehrer-vorarlberg\/#primaryimage\"},\"image\":{\"@id\":\"https:\/\/bolting.eu\/en\/shop\/alpinkletterfuehrer-vorarlberg\/#primaryimage\"},\"thumbnailUrl\":\"https:\/\/bolting.eu\/wp-content\/uploads\/2023\/09\/Alpinkletterfuehrer-Vorarlberg-1.jpg\",\"datePublished\":\"2023-09-29T07:52:33+00:00\",\"dateModified\":\"2025-08-13T14:01:08+00:00\",\"description\":\"Alpinkletterf\u00fchrer Vorarlberg beim Kletterprofi aus Innsbruck - Tirol kaufen \u2705 kostenloser Versand* \u2705 14 Tage R\u00fcckgaberecht \u2705 Co2 neutraler Versand\",\"breadcrumb\":{\"@id\":\"https:\/\/bolting.eu\/en\/shop\/alpinkletterfuehrer-vorarlberg\/#breadcrumb\"},\"inLanguage\":\"en-US\",\"potentialAction\":[{\"@type\":\"ReadAction\",\"target\":[\"https:\/\/bolting.eu\/en\/shop\/alpinkletterfuehrer-vorarlberg\/\"]}]},{\"@type\":\"ImageObject\",\"inLanguage\":\"en-US\",\"@id\":\"https:\/\/bolting.eu\/en\/shop\/alpinkletterfuehrer-vorarlberg\/#primaryimage\",\"url\":\"https:\/\/bolting.eu\/wp-content\/uploads\/2023\/09\/Alpinkletterfuehrer-Vorarlberg-1.jpg\",\"contentUrl\":\"https:\/\/bolting.eu\/wp-content\/uploads\/2023\/09\/Alpinkletterfuehrer-Vorarlberg-1.jpg\",\"width\":700,\"height\":700,\"caption\":\"Cover des Alpinkletterf\u00fchrers Vorarlberg mit Kletterer in grauer Platte und Bergen im Hintergrund.\"},{\"@type\":\"BreadcrumbList\",\"@id\":\"https:\/\/bolting.eu\/en\/shop\/alpinkletterfuehrer-vorarlberg\/#breadcrumb\",\"itemListElement\":[{\"@type\":\"ListItem\",\"position\":1,\"name\":\"Shop\",\"item\":\"https:\/\/bolting.eu\/en\/shop\/\"},{\"@type\":\"ListItem\",\"position\":2,\"name\":\"climbing equipment\",\"item\":\"https:\/\/bolting.eu\/en\/produkt-kategorie\/climbing-equipment\/\"},{\"@type\":\"ListItem\",\"position\":3,\"name\":\"Kletterf\u00fchrer\",\"item\":\"https:\/\/bolting.eu\/produkt-kategorie\/kletterausruestung\/kletterfuehrer\/\"},{\"@type\":\"ListItem\",\"position\":4,\"name\":\"Alpinkletterf\u00fchrer Vorarlberg\"}]},{\"@type\":\"WebSite\",\"@id\":\"https:\/\/bolting.eu\/en\/#website\",\"url\":\"https:\/\/bolting.eu\/en\/\",\"name\":\"bolting.eu\",\"description\":\"we make climbs happen\",\"publisher\":{\"@id\":\"https:\/\/bolting.eu\/en\/#organization\"},\"potentialAction\":[{\"@type\":\"SearchAction\",\"target\":{\"@type\":\"EntryPoint\",\"urlTemplate\":\"https:\/\/bolting.eu\/en\/?s={search_term_string}\"},\"query-input\":{\"@type\":\"PropertyValueSpecification\",\"valueRequired\":true,\"valueName\":\"search_term_string\"}}],\"inLanguage\":\"en-US\"},{\"@type\":[\"Organization\",\"Place\",\"SportingGoodsStore\"],\"@id\":\"https:\/\/bolting.eu\/en\/#organization\",\"name\":\"bolting.eu\",\"url\":\"https:\/\/bolting.eu\/en\/\",\"logo\":{\"@id\":\"https:\/\/bolting.eu\/en\/shop\/alpinkletterfuehrer-vorarlberg\/#local-main-organization-logo\"},\"image\":{\"@id\":\"https:\/\/bolting.eu\/en\/shop\/alpinkletterfuehrer-vorarlberg\/#local-main-organization-logo\"},\"sameAs\":[\"https:\/\/www.facebook.com\/bolting.eu\",\"https:\/\/www.instagram.com\/bolting.eu\/\"],\"address\":{\"@id\":\"https:\/\/bolting.eu\/en\/shop\/alpinkletterfuehrer-vorarlberg\/#local-main-place-address\"},\"geo\":{\"@type\":\"GeoCoordinates\",\"latitude\":\"47.264176340396226\",\"longitude\":\"11.380109057672346\"},\"telephone\":[\"+43 699 19083372\"],\"openingHoursSpecification\":[{\"@type\":\"OpeningHoursSpecification\",\"dayOfWeek\":[\"Monday\",\"Wednesday\",\"Friday\"],\"opens\":\"14:00\",\"closes\":\"18:00\"},{\"@type\":\"OpeningHoursSpecification\",\"dayOfWeek\":[\"Tuesday\",\"Thursday\",\"Saturday\",\"Sunday\"],\"opens\":\"00:00\",\"closes\":\"00:00\"}],\"email\":\"office@bolting.eu\",\"vatID\":\"ATU59999728\",\"priceRange\":\"$$\",\"currenciesAccepted\":\"Euro\"},{\"@type\":\"PostalAddress\",\"@id\":\"https:\/\/bolting.eu\/en\/shop\/alpinkletterfuehrer-vorarlberg\/#local-main-place-address\",\"streetAddress\":\"Fischnalerstra\u00dfe 4\",\"addressLocality\":\"Innsbruck\",\"postalCode\":\"6020\",\"addressRegion\":\"Tirol\",\"addressCountry\":\"AT\"},{\"@type\":\"ImageObject\",\"inLanguage\":\"en-US\",\"@id\":\"https:\/\/bolting.eu\/en\/shop\/alpinkletterfuehrer-vorarlberg\/#local-main-organization-logo\",\"url\":\"https:\/\/bolting.eu\/wp-content\/uploads\/2019\/09\/bolting-logo.png\",\"contentUrl\":\"https:\/\/bolting.eu\/wp-content\/uploads\/2019\/09\/bolting-logo.png\",\"width\":400,\"height\":211,\"caption\":\"bolting.eu\"}]}<\/script>\n<meta property=\"product:price:amount\" content=\"46.10\" \/>\n<meta property=\"product:price:currency\" content=\"EUR\" \/>\n<meta property=\"og:availability\" content=\"instock\" \/>\n<meta property=\"product:availability\" content=\"instock\" \/>\n<meta property=\"product:retailer_item_id\" content=\"PA-VA-alpin\" \/>\n<meta property=\"product:condition\" content=\"new\" \/>\n<meta name=\"geo.placename\" content=\"Innsbruck\" \/>\n<meta name=\"geo.position\" content=\"47.264176340396226;11.380109057672346\" \/>\n<meta name=\"geo.region\" content=\"Austria\" \/>\n<!-- \/ Yoast SEO Premium plugin. -->","yoast_head_json":{"title":"Alpinkletterf\u00fchrer Vorarlberg - 6. Aufl. 2021 Panico | bolting.eu","description":"Alpinkletterf\u00fchrer Vorarlberg beim Kletterprofi aus Innsbruck - Tirol kaufen \u2705 kostenloser Versand* \u2705 14 Tage R\u00fcckgaberecht \u2705 Co2 neutraler Versand","robots":{"index":"index","follow":"follow","max-snippet":"max-snippet:-1","max-image-preview":"max-image-preview:large","max-video-preview":"max-video-preview:-1"},"canonical":"https:\/\/bolting.eu\/en\/shop\/alpinkletterfuehrer-vorarlberg\/","og_locale":"en_US","og_type":"article","og_title":"Alpinkletterf\u00fchrer Vorarlberg","og_description":"Alpinkletterf\u00fchrer Vorarlberg beim Kletterprofi aus Innsbruck - Tirol kaufen \u2705 kostenloser Versand* \u2705 14 Tage R\u00fcckgaberecht \u2705 Co2 neutraler Versand","og_url":"https:\/\/bolting.eu\/en\/shop\/alpinkletterfuehrer-vorarlberg\/","og_site_name":"bolting.eu","article_publisher":"https:\/\/www.facebook.com\/bolting.eu","article_modified_time":"2025-08-13T14:01:08+00:00","og_image":[{"width":700,"height":700,"url":"https:\/\/bolting.eu\/wp-content\/uploads\/2023\/09\/Alpinkletterfuehrer-Vorarlberg-1.jpg","type":"image\/jpeg"}],"twitter_card":"summary_large_image","twitter_misc":{"Price":"&euro;&nbsp;46,10","Availability":"In stock"},"schema":{"@context":"https:\/\/schema.org","@graph":[{"@type":["WebPage","ItemPage"],"@id":"https:\/\/bolting.eu\/en\/shop\/alpinkletterfuehrer-vorarlberg\/","url":"https:\/\/bolting.eu\/en\/shop\/alpinkletterfuehrer-vorarlberg\/","name":"Alpinkletterf\u00fchrer Vorarlberg - 6. Aufl. 2021 Panico | bolting.eu","isPartOf":{"@id":"https:\/\/bolting.eu\/en\/#website"},"primaryImageOfPage":{"@id":"https:\/\/bolting.eu\/en\/shop\/alpinkletterfuehrer-vorarlberg\/#primaryimage"},"image":{"@id":"https:\/\/bolting.eu\/en\/shop\/alpinkletterfuehrer-vorarlberg\/#primaryimage"},"thumbnailUrl":"https:\/\/bolting.eu\/wp-content\/uploads\/2023\/09\/Alpinkletterfuehrer-Vorarlberg-1.jpg","datePublished":"2023-09-29T07:52:33+00:00","dateModified":"2025-08-13T14:01:08+00:00","description":"Alpinkletterf\u00fchrer Vorarlberg beim Kletterprofi aus Innsbruck - Tirol kaufen \u2705 kostenloser Versand* \u2705 14 Tage R\u00fcckgaberecht \u2705 Co2 neutraler Versand","breadcrumb":{"@id":"https:\/\/bolting.eu\/en\/shop\/alpinkletterfuehrer-vorarlberg\/#breadcrumb"},"inLanguage":"en-US","potentialAction":[{"@type":"ReadAction","target":["https:\/\/bolting.eu\/en\/shop\/alpinkletterfuehrer-vorarlberg\/"]}]},{"@type":"ImageObject","inLanguage":"en-US","@id":"https:\/\/bolting.eu\/en\/shop\/alpinkletterfuehrer-vorarlberg\/#primaryimage","url":"https:\/\/bolting.eu\/wp-content\/uploads\/2023\/09\/Alpinkletterfuehrer-Vorarlberg-1.jpg","contentUrl":"https:\/\/bolting.eu\/wp-content\/uploads\/2023\/09\/Alpinkletterfuehrer-Vorarlberg-1.jpg","width":700,"height":700,"caption":"Cover des Alpinkletterf\u00fchrers Vorarlberg mit Kletterer in grauer Platte und Bergen im Hintergrund."},{"@type":"BreadcrumbList","@id":"https:\/\/bolting.eu\/en\/shop\/alpinkletterfuehrer-vorarlberg\/#breadcrumb","itemListElement":[{"@type":"ListItem","position":1,"name":"Shop","item":"https:\/\/bolting.eu\/en\/shop\/"},{"@type":"ListItem","position":2,"name":"climbing equipment","item":"https:\/\/bolting.eu\/en\/produkt-kategorie\/climbing-equipment\/"},{"@type":"ListItem","position":3,"name":"Kletterf\u00fchrer","item":"https:\/\/bolting.eu\/produkt-kategorie\/kletterausruestung\/kletterfuehrer\/"},{"@type":"ListItem","position":4,"name":"Alpinkletterf\u00fchrer Vorarlberg"}]},{"@type":"WebSite","@id":"https:\/\/bolting.eu\/en\/#website","url":"https:\/\/bolting.eu\/en\/","name":"bolting.eu","description":"we make climbs happen","publisher":{"@id":"https:\/\/bolting.eu\/en\/#organization"},"potentialAction":[{"@type":"SearchAction","target":{"@type":"EntryPoint","urlTemplate":"https:\/\/bolting.eu\/en\/?s={search_term_string}"},"query-input":{"@type":"PropertyValueSpecification","valueRequired":true,"valueName":"search_term_string"}}],"inLanguage":"en-US"},{"@type":["Organization","Place","SportingGoodsStore"],"@id":"https:\/\/bolting.eu\/en\/#organization","name":"bolting.eu","url":"https:\/\/bolting.eu\/en\/","logo":{"@id":"https:\/\/bolting.eu\/en\/shop\/alpinkletterfuehrer-vorarlberg\/#local-main-organization-logo"},"image":{"@id":"https:\/\/bolting.eu\/en\/shop\/alpinkletterfuehrer-vorarlberg\/#local-main-organization-logo"},"sameAs":["https:\/\/www.facebook.com\/bolting.eu","https:\/\/www.instagram.com\/bolting.eu\/"],"address":{"@id":"https:\/\/bolting.eu\/en\/shop\/alpinkletterfuehrer-vorarlberg\/#local-main-place-address"},"geo":{"@type":"GeoCoordinates","latitude":"47.264176340396226","longitude":"11.380109057672346"},"telephone":["+43 699 19083372"],"openingHoursSpecification":[{"@type":"OpeningHoursSpecification","dayOfWeek":["Monday","Wednesday","Friday"],"opens":"14:00","closes":"18:00"},{"@type":"OpeningHoursSpecification","dayOfWeek":["Tuesday","Thursday","Saturday","Sunday"],"opens":"00:00","closes":"00:00"}],"email":"office@bolting.eu","vatID":"ATU59999728","priceRange":"$$","currenciesAccepted":"Euro"},{"@type":"PostalAddress","@id":"https:\/\/bolting.eu\/en\/shop\/alpinkletterfuehrer-vorarlberg\/#local-main-place-address","streetAddress":"Fischnalerstra\u00dfe 4","addressLocality":"Innsbruck","postalCode":"6020","addressRegion":"Tirol","addressCountry":"AT"},{"@type":"ImageObject","inLanguage":"en-US","@id":"https:\/\/bolting.eu\/en\/shop\/alpinkletterfuehrer-vorarlberg\/#local-main-organization-logo","url":"https:\/\/bolting.eu\/wp-content\/uploads\/2019\/09\/bolting-logo.png","contentUrl":"https:\/\/bolting.eu\/wp-content\/uploads\/2019\/09\/bolting-logo.png","width":400,"height":211,"caption":"bolting.eu"}]},"product_price_amount":"46.10","product_price_currency":"EUR","og_availability":"instock","product_availability":"instock","product_retailer_item_id":"PA-VA-alpin","product_condition":"new","geo.placename":"Innsbruck","geo.position":{"lat":"47.264176340396226","long":"11.380109057672346"},"geo.region":"Austria"},"_links":{"self":[{"href":"https:\/\/bolting.eu\/en\/wp-json\/wp\/v2\/product\/17266","targetHints":{"allow":["GET"]}}],"collection":[{"href":"https:\/\/bolting.eu\/en\/wp-json\/wp\/v2\/product"}],"about":[{"href":"https:\/\/bolting.eu\/en\/wp-json\/wp\/v2\/types\/product"}],"replies":[{"embeddable":true,"href":"https:\/\/bolting.eu\/en\/wp-json\/wp\/v2\/comments?post=17266"}],"wp:featuredmedia":[{"embeddable":true,"href":"https:\/\/bolting.eu\/en\/wp-json\/wp\/v2\/media\/17271"}],"wp:attachment":[{"href":"https:\/\/bolting.eu\/en\/wp-json\/wp\/v2\/media?parent=17266"}],"wp:term":[{"taxonomy":"product_brand","embeddable":true,"href":"https:\/\/bolting.eu\/en\/wp-json\/wp\/v2\/product_brand?post=17266"},{"taxonomy":"product_cat","embeddable":true,"href":"https:\/\/bolting.eu\/en\/wp-json\/wp\/v2\/product_cat?post=17266"},{"taxonomy":"product_tag","embeddable":true,"href":"https:\/\/bolting.eu\/en\/wp-json\/wp\/v2\/product_tag?post=17266"}],"curies":[{"name":"wp","href":"https:\/\/api.w.org\/{rel}","templated":true}]}}