{"id":17252,"date":"2023-09-28T14:53:31","date_gmt":"2023-09-28T12:53:31","guid":{"rendered":"https:\/\/bolting.eu\/?post_type=product&#038;p=17252"},"modified":"2025-11-05T18:49:11","modified_gmt":"2025-11-05T17:49:11","slug":"kletterfuehrer-lechtaler-alpen","status":"publish","type":"product","link":"https:\/\/bolting.eu\/en\/shop\/kletterfuehrer-lechtaler-alpen\/","title":{"rendered":"Kletterf\u00fchrer Lechtaler Alpen"},"content":{"rendered":"<p>Der Kletterf\u00fchrer Lechtaler Alpen ist f\u00fcr uns als Kletterspezialist aus Tirol ein absolutes Muss.<\/p>\n<p>Denn zum einen komplettiert er unser Angebot \u00fcber unser Bundesland im Nordwesten. F\u00fcr Sportkletterer ist dieses Buch ein tolle Erg\u00e4nzung zum <a href=\"https:\/\/bolting.eu\/shop\/kletterfuehrer-tirol-michael-meisl\/\">Tirol Kletterf\u00fchrer<\/a>, da viele kleinere Gebiete nur hier enthalten sind.<\/p>\n<p>Das Gebirgsmassiv der &#8220;Lechtaler&#8221; reicht vom Arlberg im Westen bis ins Gurgeltal \u00f6stlich von Imst. Und von der Hornbachkette im Norden bis zum Inntal im S\u00fcden.<\/p>\n<p>Dementsprechend vielseitig ist der Inhalt des Buches. Er umfasst alpine Routen, Sportkletter Mehrseill\u00e4ngen und unz\u00e4hlige Kletterg\u00e4rten. Wer gerne im Nordwesten Tirols unterwegs klettert, ist hier genau richtig!<\/p>\n<h3>Eigenschaften Kletterf\u00fchrer Lechtaler Alpen<\/h3>\n<ul>\n<li>Verlag: Panico<\/li>\n<li>Autor: Panico<\/li>\n<li>4. Auflage 2022<\/li>\n<li>502 Seiten<\/li>\n<li>40 einzelne Topo Karten zum Einstecken extra<\/li>\n<li>beinhaltet die lohnendsten alpinen Routen, Sportkletter Mehrseill\u00e4ngen und Kletterg\u00e4rten<\/li>\n<li>Arlberg<\/li>\n<li>Parseiergruppe<\/li>\n<li>Oberes Inntal<\/li>\n<li>Steinseeh\u00fctte<\/li>\n<li>Muttekopfh\u00fctte<\/li>\n<li>Gurgltal und Tschirgant<\/li>\n<li>Hahntennjoch<\/li>\n<li>Hanauer H\u00fctte<\/li>\n<li>Hornbachkette<\/li>\n<li>Madautal<\/li>\n<li>Oberes Lechtal<\/li>\n<\/ul>\n<p><a href=\"https:\/\/bolting.eu\/wp-content\/uploads\/2023\/09\/Kletterfuehrer-Lechtaler-Alpen-7.jpg\"><img loading=\"lazy\" decoding=\"async\" class=\"alignnone wp-image-17253 size-medium\" src=\"https:\/\/bolting.eu\/wp-content\/uploads\/2023\/09\/Kletterfuehrer-Lechtaler-Alpen-7-400x400.jpg\" alt=\"\u00dcbersichtskarte der Massive des Kletterf\u00fchrer Lechtaler Alpen\" width=\"400\" height=\"400\" srcset=\"https:\/\/bolting.eu\/wp-content\/uploads\/2023\/09\/Kletterfuehrer-Lechtaler-Alpen-7-400x400.jpg 400w, https:\/\/bolting.eu\/wp-content\/uploads\/2023\/09\/Kletterfuehrer-Lechtaler-Alpen-7-280x280.jpg 280w, https:\/\/bolting.eu\/wp-content\/uploads\/2023\/09\/Kletterfuehrer-Lechtaler-Alpen-7-247x247.jpg 247w, https:\/\/bolting.eu\/wp-content\/uploads\/2023\/09\/Kletterfuehrer-Lechtaler-Alpen-7-510x510.jpg 510w, https:\/\/bolting.eu\/wp-content\/uploads\/2023\/09\/Kletterfuehrer-Lechtaler-Alpen-7-100x100.jpg 100w, https:\/\/bolting.eu\/wp-content\/uploads\/2023\/09\/Kletterfuehrer-Lechtaler-Alpen-7.jpg 700w\" sizes=\"auto, (max-width: 400px) 100vw, 400px\" \/><\/a><\/p>\n<p>\u00dcberblick der Massive, welche im Buch beschrieben werden.<\/p>\n<p>&nbsp;<\/p>\n","protected":false},"excerpt":{"rendered":"<p>Umfassender Kletterf\u00fchrer \u00fcber die Lechtaler Alpen. Mit 502 Seiten wurde dieses riesige Gebiet zwischen Arlberg und Imst bzw. Hornbachkette und Inntal penibel abgedeckt.<\/p>\n<p>Tolles Guidebook \u00fcber dieses extrem vielseitige Massiv mit Kletterg\u00e4rten, Sportkletter Mehrseill\u00e4ngen und Alpinrouten.<\/p>\n<p>Versandkostenfrei bis 2kg in <img decoding=\"async\" class=\"emoji\" role=\"img\" draggable=\"false\" src=\"https:\/\/s.w.org\/images\/core\/emoji\/14.0.0\/svg\/1f1e6-1f1f9.svg\" alt=\"\ud83c\udde6\ud83c\uddf9\" \/> ab \u20ac 100,- und <img decoding=\"async\" class=\"emoji\" role=\"img\" draggable=\"false\" src=\"https:\/\/s.w.org\/images\/core\/emoji\/14.0.0\/svg\/1f1e9-1f1ea.svg\" alt=\"\ud83c\udde9\ud83c\uddea\" \/> ab \u20ac 2<\/p>\n","protected":false},"featured_media":17254,"comment_status":"closed","ping_status":"closed","template":"","meta":[],"product_brand":[],"product_cat":[29,10898],"product_tag":[],"class_list":{"0":"post-17252","1":"product","2":"type-product","3":"status-publish","4":"has-post-thumbnail","6":"product_cat-kletterausruestung","7":"product_cat-kletterfuehrer","9":"first","10":"instock","11":"taxable","12":"shipping-taxable","13":"purchasable","14":"product-type-simple"},"yoast_head":"<!-- This site is optimized with the Yoast SEO Premium plugin v26.9 (Yoast SEO v26.9) - https:\/\/yoast.com\/product\/yoast-seo-premium-wordpress\/ -->\n<title>Kletterf\u00fchrer Lechtaler Alpen - 4. Aufl. 2022 Panico | bolting.eu<\/title>\n<meta name=\"description\" content=\"Kletterf\u00fchrer Lechtaler Alpen beim Kletterprofi aus Innsbruck - Tirol kaufen \u2705 kostenloser Versand* \u2705 14 Tage R\u00fcckgaberecht \u2705 Co2 neutraler Versand\" \/>\n<meta name=\"robots\" content=\"index, follow, max-snippet:-1, max-image-preview:large, max-video-preview:-1\" \/>\n<link rel=\"canonical\" href=\"https:\/\/bolting.eu\/en\/shop\/kletterfuehrer-lechtaler-alpen\/\" \/>\n<meta property=\"og:locale\" content=\"en_US\" \/>\n<meta property=\"og:type\" content=\"article\" \/>\n<meta property=\"og:title\" content=\"Kletterf\u00fchrer Lechtaler Alpen\" \/>\n<meta property=\"og:description\" content=\"Kletterf\u00fchrer Lechtaler Alpen beim Kletterprofi aus Innsbruck - Tirol kaufen \u2705 kostenloser Versand* \u2705 14 Tage R\u00fcckgaberecht \u2705 Co2 neutraler Versand\" \/>\n<meta property=\"og:url\" content=\"https:\/\/bolting.eu\/en\/shop\/kletterfuehrer-lechtaler-alpen\/\" \/>\n<meta property=\"og:site_name\" content=\"bolting.eu\" \/>\n<meta property=\"article:publisher\" content=\"https:\/\/www.facebook.com\/bolting.eu\" \/>\n<meta property=\"article:modified_time\" content=\"2025-11-05T17:49:11+00:00\" \/>\n<meta property=\"og:image\" content=\"https:\/\/bolting.eu\/wp-content\/uploads\/2023\/09\/Kletterfuehrer-Lechtaler-Alpen-6.jpg\" \/>\n\t<meta property=\"og:image:width\" content=\"700\" \/>\n\t<meta property=\"og:image:height\" content=\"700\" \/>\n\t<meta property=\"og:image:type\" content=\"image\/jpeg\" \/>\n<meta name=\"twitter:card\" content=\"summary_large_image\" \/>\n<meta name=\"twitter:label1\" content=\"Price\" \/>\n\t<meta name=\"twitter:data1\" content=\"&euro;&nbsp;46,10\" \/>\n\t<meta name=\"twitter:label2\" content=\"Availability\" \/>\n\t<meta name=\"twitter:data2\" content=\"In stock\" \/>\n<script type=\"application\/ld+json\" class=\"yoast-schema-graph\">{\"@context\":\"https:\/\/schema.org\",\"@graph\":[{\"@type\":[\"WebPage\",\"ItemPage\"],\"@id\":\"https:\/\/bolting.eu\/en\/shop\/kletterfuehrer-lechtaler-alpen\/\",\"url\":\"https:\/\/bolting.eu\/en\/shop\/kletterfuehrer-lechtaler-alpen\/\",\"name\":\"Kletterf\u00fchrer Lechtaler Alpen - 4. Aufl. 2022 Panico | bolting.eu\",\"isPartOf\":{\"@id\":\"https:\/\/bolting.eu\/en\/#website\"},\"primaryImageOfPage\":{\"@id\":\"https:\/\/bolting.eu\/en\/shop\/kletterfuehrer-lechtaler-alpen\/#primaryimage\"},\"image\":{\"@id\":\"https:\/\/bolting.eu\/en\/shop\/kletterfuehrer-lechtaler-alpen\/#primaryimage\"},\"thumbnailUrl\":\"https:\/\/bolting.eu\/wp-content\/uploads\/2023\/09\/Kletterfuehrer-Lechtaler-Alpen-6.jpg\",\"datePublished\":\"2023-09-28T12:53:31+00:00\",\"dateModified\":\"2025-11-05T17:49:11+00:00\",\"description\":\"Kletterf\u00fchrer Lechtaler Alpen beim Kletterprofi aus Innsbruck - Tirol kaufen \u2705 kostenloser Versand* \u2705 14 Tage R\u00fcckgaberecht \u2705 Co2 neutraler Versand\",\"breadcrumb\":{\"@id\":\"https:\/\/bolting.eu\/en\/shop\/kletterfuehrer-lechtaler-alpen\/#breadcrumb\"},\"inLanguage\":\"en-US\",\"potentialAction\":[{\"@type\":\"ReadAction\",\"target\":[\"https:\/\/bolting.eu\/en\/shop\/kletterfuehrer-lechtaler-alpen\/\"]}]},{\"@type\":\"ImageObject\",\"inLanguage\":\"en-US\",\"@id\":\"https:\/\/bolting.eu\/en\/shop\/kletterfuehrer-lechtaler-alpen\/#primaryimage\",\"url\":\"https:\/\/bolting.eu\/wp-content\/uploads\/2023\/09\/Kletterfuehrer-Lechtaler-Alpen-6.jpg\",\"contentUrl\":\"https:\/\/bolting.eu\/wp-content\/uploads\/2023\/09\/Kletterfuehrer-Lechtaler-Alpen-6.jpg\",\"width\":700,\"height\":700,\"caption\":\"Cover des Kletterf\u00fchrers der Lechtaler Alpen mit Kletterer in Felswand und blauem Himmel.\"},{\"@type\":\"BreadcrumbList\",\"@id\":\"https:\/\/bolting.eu\/en\/shop\/kletterfuehrer-lechtaler-alpen\/#breadcrumb\",\"itemListElement\":[{\"@type\":\"ListItem\",\"position\":1,\"name\":\"Shop\",\"item\":\"https:\/\/bolting.eu\/en\/shop\/\"},{\"@type\":\"ListItem\",\"position\":2,\"name\":\"climbing equipment\",\"item\":\"https:\/\/bolting.eu\/en\/produkt-kategorie\/climbing-equipment\/\"},{\"@type\":\"ListItem\",\"position\":3,\"name\":\"Kletterf\u00fchrer\",\"item\":\"https:\/\/bolting.eu\/produkt-kategorie\/kletterausruestung\/kletterfuehrer\/\"},{\"@type\":\"ListItem\",\"position\":4,\"name\":\"Kletterf\u00fchrer Lechtaler Alpen\"}]},{\"@type\":\"WebSite\",\"@id\":\"https:\/\/bolting.eu\/en\/#website\",\"url\":\"https:\/\/bolting.eu\/en\/\",\"name\":\"bolting.eu\",\"description\":\"we make climbs happen\",\"publisher\":{\"@id\":\"https:\/\/bolting.eu\/en\/#organization\"},\"potentialAction\":[{\"@type\":\"SearchAction\",\"target\":{\"@type\":\"EntryPoint\",\"urlTemplate\":\"https:\/\/bolting.eu\/en\/?s={search_term_string}\"},\"query-input\":{\"@type\":\"PropertyValueSpecification\",\"valueRequired\":true,\"valueName\":\"search_term_string\"}}],\"inLanguage\":\"en-US\"},{\"@type\":[\"Organization\",\"Place\",\"SportingGoodsStore\"],\"@id\":\"https:\/\/bolting.eu\/en\/#organization\",\"name\":\"bolting.eu\",\"url\":\"https:\/\/bolting.eu\/en\/\",\"logo\":{\"@id\":\"https:\/\/bolting.eu\/en\/shop\/kletterfuehrer-lechtaler-alpen\/#local-main-organization-logo\"},\"image\":{\"@id\":\"https:\/\/bolting.eu\/en\/shop\/kletterfuehrer-lechtaler-alpen\/#local-main-organization-logo\"},\"sameAs\":[\"https:\/\/www.facebook.com\/bolting.eu\",\"https:\/\/www.instagram.com\/bolting.eu\/\"],\"address\":{\"@id\":\"https:\/\/bolting.eu\/en\/shop\/kletterfuehrer-lechtaler-alpen\/#local-main-place-address\"},\"geo\":{\"@type\":\"GeoCoordinates\",\"latitude\":\"47.264176340396226\",\"longitude\":\"11.380109057672346\"},\"telephone\":[\"+43 699 19083372\"],\"openingHoursSpecification\":[{\"@type\":\"OpeningHoursSpecification\",\"dayOfWeek\":[\"Monday\",\"Wednesday\",\"Friday\"],\"opens\":\"14:00\",\"closes\":\"18:00\"},{\"@type\":\"OpeningHoursSpecification\",\"dayOfWeek\":[\"Tuesday\",\"Thursday\",\"Saturday\",\"Sunday\"],\"opens\":\"00:00\",\"closes\":\"00:00\"}],\"email\":\"office@bolting.eu\",\"vatID\":\"ATU59999728\",\"priceRange\":\"$$\",\"currenciesAccepted\":\"Euro\"},{\"@type\":\"PostalAddress\",\"@id\":\"https:\/\/bolting.eu\/en\/shop\/kletterfuehrer-lechtaler-alpen\/#local-main-place-address\",\"streetAddress\":\"Fischnalerstra\u00dfe 4\",\"addressLocality\":\"Innsbruck\",\"postalCode\":\"6020\",\"addressRegion\":\"Tirol\",\"addressCountry\":\"AT\"},{\"@type\":\"ImageObject\",\"inLanguage\":\"en-US\",\"@id\":\"https:\/\/bolting.eu\/en\/shop\/kletterfuehrer-lechtaler-alpen\/#local-main-organization-logo\",\"url\":\"https:\/\/bolting.eu\/wp-content\/uploads\/2019\/09\/bolting-logo.png\",\"contentUrl\":\"https:\/\/bolting.eu\/wp-content\/uploads\/2019\/09\/bolting-logo.png\",\"width\":400,\"height\":211,\"caption\":\"bolting.eu\"}]}<\/script>\n<meta property=\"product:price:amount\" content=\"46.10\" \/>\n<meta property=\"product:price:currency\" content=\"EUR\" \/>\n<meta property=\"og:availability\" content=\"instock\" \/>\n<meta property=\"product:availability\" content=\"instock\" \/>\n<meta property=\"product:retailer_item_id\" content=\"PA-LTA\" \/>\n<meta property=\"product:condition\" content=\"new\" \/>\n<meta name=\"geo.placename\" content=\"Innsbruck\" \/>\n<meta name=\"geo.position\" content=\"47.264176340396226;11.380109057672346\" \/>\n<meta name=\"geo.region\" content=\"Austria\" \/>\n<!-- \/ Yoast SEO Premium plugin. -->","yoast_head_json":{"title":"Kletterf\u00fchrer Lechtaler Alpen - 4. Aufl. 2022 Panico | bolting.eu","description":"Kletterf\u00fchrer Lechtaler Alpen beim Kletterprofi aus Innsbruck - Tirol kaufen \u2705 kostenloser Versand* \u2705 14 Tage R\u00fcckgaberecht \u2705 Co2 neutraler Versand","robots":{"index":"index","follow":"follow","max-snippet":"max-snippet:-1","max-image-preview":"max-image-preview:large","max-video-preview":"max-video-preview:-1"},"canonical":"https:\/\/bolting.eu\/en\/shop\/kletterfuehrer-lechtaler-alpen\/","og_locale":"en_US","og_type":"article","og_title":"Kletterf\u00fchrer Lechtaler Alpen","og_description":"Kletterf\u00fchrer Lechtaler Alpen beim Kletterprofi aus Innsbruck - Tirol kaufen \u2705 kostenloser Versand* \u2705 14 Tage R\u00fcckgaberecht \u2705 Co2 neutraler Versand","og_url":"https:\/\/bolting.eu\/en\/shop\/kletterfuehrer-lechtaler-alpen\/","og_site_name":"bolting.eu","article_publisher":"https:\/\/www.facebook.com\/bolting.eu","article_modified_time":"2025-11-05T17:49:11+00:00","og_image":[{"width":700,"height":700,"url":"https:\/\/bolting.eu\/wp-content\/uploads\/2023\/09\/Kletterfuehrer-Lechtaler-Alpen-6.jpg","type":"image\/jpeg"}],"twitter_card":"summary_large_image","twitter_misc":{"Price":"&euro;&nbsp;46,10","Availability":"In stock"},"schema":{"@context":"https:\/\/schema.org","@graph":[{"@type":["WebPage","ItemPage"],"@id":"https:\/\/bolting.eu\/en\/shop\/kletterfuehrer-lechtaler-alpen\/","url":"https:\/\/bolting.eu\/en\/shop\/kletterfuehrer-lechtaler-alpen\/","name":"Kletterf\u00fchrer Lechtaler Alpen - 4. Aufl. 2022 Panico | bolting.eu","isPartOf":{"@id":"https:\/\/bolting.eu\/en\/#website"},"primaryImageOfPage":{"@id":"https:\/\/bolting.eu\/en\/shop\/kletterfuehrer-lechtaler-alpen\/#primaryimage"},"image":{"@id":"https:\/\/bolting.eu\/en\/shop\/kletterfuehrer-lechtaler-alpen\/#primaryimage"},"thumbnailUrl":"https:\/\/bolting.eu\/wp-content\/uploads\/2023\/09\/Kletterfuehrer-Lechtaler-Alpen-6.jpg","datePublished":"2023-09-28T12:53:31+00:00","dateModified":"2025-11-05T17:49:11+00:00","description":"Kletterf\u00fchrer Lechtaler Alpen beim Kletterprofi aus Innsbruck - Tirol kaufen \u2705 kostenloser Versand* \u2705 14 Tage R\u00fcckgaberecht \u2705 Co2 neutraler Versand","breadcrumb":{"@id":"https:\/\/bolting.eu\/en\/shop\/kletterfuehrer-lechtaler-alpen\/#breadcrumb"},"inLanguage":"en-US","potentialAction":[{"@type":"ReadAction","target":["https:\/\/bolting.eu\/en\/shop\/kletterfuehrer-lechtaler-alpen\/"]}]},{"@type":"ImageObject","inLanguage":"en-US","@id":"https:\/\/bolting.eu\/en\/shop\/kletterfuehrer-lechtaler-alpen\/#primaryimage","url":"https:\/\/bolting.eu\/wp-content\/uploads\/2023\/09\/Kletterfuehrer-Lechtaler-Alpen-6.jpg","contentUrl":"https:\/\/bolting.eu\/wp-content\/uploads\/2023\/09\/Kletterfuehrer-Lechtaler-Alpen-6.jpg","width":700,"height":700,"caption":"Cover des Kletterf\u00fchrers der Lechtaler Alpen mit Kletterer in Felswand und blauem Himmel."},{"@type":"BreadcrumbList","@id":"https:\/\/bolting.eu\/en\/shop\/kletterfuehrer-lechtaler-alpen\/#breadcrumb","itemListElement":[{"@type":"ListItem","position":1,"name":"Shop","item":"https:\/\/bolting.eu\/en\/shop\/"},{"@type":"ListItem","position":2,"name":"climbing equipment","item":"https:\/\/bolting.eu\/en\/produkt-kategorie\/climbing-equipment\/"},{"@type":"ListItem","position":3,"name":"Kletterf\u00fchrer","item":"https:\/\/bolting.eu\/produkt-kategorie\/kletterausruestung\/kletterfuehrer\/"},{"@type":"ListItem","position":4,"name":"Kletterf\u00fchrer Lechtaler Alpen"}]},{"@type":"WebSite","@id":"https:\/\/bolting.eu\/en\/#website","url":"https:\/\/bolting.eu\/en\/","name":"bolting.eu","description":"we make climbs happen","publisher":{"@id":"https:\/\/bolting.eu\/en\/#organization"},"potentialAction":[{"@type":"SearchAction","target":{"@type":"EntryPoint","urlTemplate":"https:\/\/bolting.eu\/en\/?s={search_term_string}"},"query-input":{"@type":"PropertyValueSpecification","valueRequired":true,"valueName":"search_term_string"}}],"inLanguage":"en-US"},{"@type":["Organization","Place","SportingGoodsStore"],"@id":"https:\/\/bolting.eu\/en\/#organization","name":"bolting.eu","url":"https:\/\/bolting.eu\/en\/","logo":{"@id":"https:\/\/bolting.eu\/en\/shop\/kletterfuehrer-lechtaler-alpen\/#local-main-organization-logo"},"image":{"@id":"https:\/\/bolting.eu\/en\/shop\/kletterfuehrer-lechtaler-alpen\/#local-main-organization-logo"},"sameAs":["https:\/\/www.facebook.com\/bolting.eu","https:\/\/www.instagram.com\/bolting.eu\/"],"address":{"@id":"https:\/\/bolting.eu\/en\/shop\/kletterfuehrer-lechtaler-alpen\/#local-main-place-address"},"geo":{"@type":"GeoCoordinates","latitude":"47.264176340396226","longitude":"11.380109057672346"},"telephone":["+43 699 19083372"],"openingHoursSpecification":[{"@type":"OpeningHoursSpecification","dayOfWeek":["Monday","Wednesday","Friday"],"opens":"14:00","closes":"18:00"},{"@type":"OpeningHoursSpecification","dayOfWeek":["Tuesday","Thursday","Saturday","Sunday"],"opens":"00:00","closes":"00:00"}],"email":"office@bolting.eu","vatID":"ATU59999728","priceRange":"$$","currenciesAccepted":"Euro"},{"@type":"PostalAddress","@id":"https:\/\/bolting.eu\/en\/shop\/kletterfuehrer-lechtaler-alpen\/#local-main-place-address","streetAddress":"Fischnalerstra\u00dfe 4","addressLocality":"Innsbruck","postalCode":"6020","addressRegion":"Tirol","addressCountry":"AT"},{"@type":"ImageObject","inLanguage":"en-US","@id":"https:\/\/bolting.eu\/en\/shop\/kletterfuehrer-lechtaler-alpen\/#local-main-organization-logo","url":"https:\/\/bolting.eu\/wp-content\/uploads\/2019\/09\/bolting-logo.png","contentUrl":"https:\/\/bolting.eu\/wp-content\/uploads\/2019\/09\/bolting-logo.png","width":400,"height":211,"caption":"bolting.eu"}]},"product_price_amount":"46.10","product_price_currency":"EUR","og_availability":"instock","product_availability":"instock","product_retailer_item_id":"PA-LTA","product_condition":"new","geo.placename":"Innsbruck","geo.position":{"lat":"47.264176340396226","long":"11.380109057672346"},"geo.region":"Austria"},"_links":{"self":[{"href":"https:\/\/bolting.eu\/en\/wp-json\/wp\/v2\/product\/17252","targetHints":{"allow":["GET"]}}],"collection":[{"href":"https:\/\/bolting.eu\/en\/wp-json\/wp\/v2\/product"}],"about":[{"href":"https:\/\/bolting.eu\/en\/wp-json\/wp\/v2\/types\/product"}],"replies":[{"embeddable":true,"href":"https:\/\/bolting.eu\/en\/wp-json\/wp\/v2\/comments?post=17252"}],"wp:featuredmedia":[{"embeddable":true,"href":"https:\/\/bolting.eu\/en\/wp-json\/wp\/v2\/media\/17254"}],"wp:attachment":[{"href":"https:\/\/bolting.eu\/en\/wp-json\/wp\/v2\/media?parent=17252"}],"wp:term":[{"taxonomy":"product_brand","embeddable":true,"href":"https:\/\/bolting.eu\/en\/wp-json\/wp\/v2\/product_brand?post=17252"},{"taxonomy":"product_cat","embeddable":true,"href":"https:\/\/bolting.eu\/en\/wp-json\/wp\/v2\/product_cat?post=17252"},{"taxonomy":"product_tag","embeddable":true,"href":"https:\/\/bolting.eu\/en\/wp-json\/wp\/v2\/product_tag?post=17252"}],"curies":[{"name":"wp","href":"https:\/\/api.w.org\/{rel}","templated":true}]}}