{"id":17229,"date":"2023-09-28T12:27:08","date_gmt":"2023-09-28T10:27:08","guid":{"rendered":"https:\/\/bolting.eu\/?post_type=product&#038;p=17229"},"modified":"2025-11-05T18:51:11","modified_gmt":"2025-11-05T17:51:11","slug":"steinplatte-kletterfuehrer","status":"publish","type":"product","link":"https:\/\/bolting.eu\/en\/shop\/steinplatte-kletterfuehrer\/","title":{"rendered":"Steinplatte Kletterf\u00fchrer"},"content":{"rendered":"<p>Der Steinplatte Kletterf\u00fchrer beschreibt das unglaubliche 7km Felsband zwischen Waidring und Lofer. Wie eine &#8220;Krone&#8221; sitzt hier ein kilometerlanges Felsband auf dem Gebirgsstock. Der Fels ist extrem kompakt und bringt eine sehr technische Kletterei mit sich.<\/p>\n<p>Als Tiroler Klettershop haben wir das Buch nat\u00fcrlich mit ins Programm aufgenommen. Es erg\u00e4nzt die anderen Titel in unserem Sortiment ideal. Wie z.B. den Sportkletter <a href=\"https:\/\/bolting.eu\/shop\/kletterfuehrer-tirol-michael-meisl\/\">Tirol F\u00fchrer<\/a> und <a href=\"https:\/\/bolting.eu\/shop\/kletterfuehrer-zillertal\/\">Zillertal F\u00fchrer<\/a>, den <a href=\"https:\/\/bolting.eu\/shop\/karwendel-kletterfuehrer\/\">Karwendel Alpinf\u00fchrer<\/a> oder das <a href=\"https:\/\/bolting.eu\/shop\/kletterfuehrer-wilder-kaiser\/\">Wilde Kaiser Guidebook<\/a>.<\/p>\n<p>Dieses Klettergebiet ist ideal f\u00fcr die \u00dcbergangs Jahreszeiten. Denn die W\u00e4nde sind fast alle nach S\u00fcden ausgerichtet. Unser Tipp ist der Herbst. Im S\u00fcden Sonne und bunte Farben. Im Norden oft ein dichtes Nebelmeer \u00fcber dem bayrischen Alpenvorland.<\/p>\n<h2>Eigenschaften Steinplatte Kletterf\u00fchrer<\/h2>\n<ul>\n<li>Verlag: Panico<\/li>\n<li>Autoren: Adi Stocker<\/li>\n<li>3. Auflage 2019<\/li>\n<li>382 Seiten<\/li>\n<li>60 einzelne Topo Karten zum Einstecken extra<\/li>\n<li>beinhaltet die lohnendsten alpinen Routen, Sportkletter Mehrseill\u00e4ngen und Kletterg\u00e4rten<\/li>\n<li>gesamt 800 Routen bzw. 100 Sportkletterrouten<\/li>\n<li>Waidringer Steinplatte<\/li>\n<li>Wiesloch<\/li>\n<li>Wemeteigen<\/li>\n<li>Schwollwand<\/li>\n<li>Irrenhaus<\/li>\n<li>Hiefelwand<\/li>\n<li>Sommerinwand<\/li>\n<li>Tanzboden<\/li>\n<li>Urlkopf<\/li>\n<li>Lachfeldkopf<\/li>\n<li>Grubh\u00f6rndl<\/li>\n<\/ul>\n<figure id=\"attachment_17232\" aria-describedby=\"caption-attachment-17232\" style=\"width: 700px\" class=\"wp-caption alignnone\"><a href=\"https:\/\/bolting.eu\/wp-content\/uploads\/2023\/09\/Kletterfuehrer-Steinplatte-6.jpg\"><img loading=\"lazy\" decoding=\"async\" class=\"wp-image-17232 size-full\" src=\"https:\/\/bolting.eu\/wp-content\/uploads\/2023\/09\/Kletterfuehrer-Steinplatte-6.jpg\" alt=\"\u00dcbersichtskarte und Panaromabild des Steinplatte Kletterf\u00fchrers.\" width=\"700\" height=\"700\" srcset=\"https:\/\/bolting.eu\/wp-content\/uploads\/2023\/09\/Kletterfuehrer-Steinplatte-6.jpg 700w, https:\/\/bolting.eu\/wp-content\/uploads\/2023\/09\/Kletterfuehrer-Steinplatte-6-400x400.jpg 400w, https:\/\/bolting.eu\/wp-content\/uploads\/2023\/09\/Kletterfuehrer-Steinplatte-6-280x280.jpg 280w, https:\/\/bolting.eu\/wp-content\/uploads\/2023\/09\/Kletterfuehrer-Steinplatte-6-247x247.jpg 247w, https:\/\/bolting.eu\/wp-content\/uploads\/2023\/09\/Kletterfuehrer-Steinplatte-6-510x510.jpg 510w, https:\/\/bolting.eu\/wp-content\/uploads\/2023\/09\/Kletterfuehrer-Steinplatte-6-100x100.jpg 100w\" sizes=\"auto, (max-width: 700px) 100vw, 700px\" \/><\/a><figcaption id=\"caption-attachment-17232\" class=\"wp-caption-text\">\u00dcbersicht der Sektoren des 7km langen Felsbandes.<\/figcaption><\/figure>\n<h3>Technische Kletterei!<\/h3>\n<p>Der Trias Kalk der Steinplatte ist bekannt f\u00fcr seine technische Kletterei. Denn die oftmals grandiose Felsqualit\u00e4t, bringt recht geschlossenen Fels mit sich.<\/p>\n<p>D.h. \u00fcberwiegend plattige bis senkrechte Kletterei. In Kombination mit den kleinen Griffen ergibt das eben eine fu\u00dftechniklastige Kletterei an eher glatteren Strukturen.<\/p>\n<p>Einfach &#8220;anrei\u00dfen&#8221; ist hier also nicht. Daf\u00fcr gef\u00fchlvolles, ausdauerndes Klettern an Leisten, Dellen und kleineren L\u00f6chern.<\/p>\n<h3>Unglaubliche Bandbreite<\/h3>\n<p>Im Kletterf\u00fchrer \u00fcber die Steinplatte sind extrem viele Spielarten des Kletterns zu finden. Da w\u00e4ren z.B. die &#8220;kleineren&#8221; Kletterg\u00e4rten. Wie z.B. dem &#8220;Irrenhaus&#8221; an der Sonnwand.<\/p>\n<p>Dann die vielen bohrhakengesicherten Mehrseill\u00e4ngen in allen Graden mit bis zu 200m H\u00f6her. Erg\u00e4nzt wird das ganze dann um Linien, die gro\u00dfteils noch selber abzusichern sind. Ein Paradebeispiel daf\u00fcr ist die &#8220;Sommerinwand&#8221;.<\/p>\n<p>Und letztlich der neueste Trend. Extrem schwere Routen mit sp\u00e4rlicher Absicherung. Wie z.B. die &#8220;Feuertaufe 10+&#8221; (<a href=\"https:\/\/huberbuam.de\" target=\"_blank\" rel=\"noopener\">Alex Huber<\/a> \/ Guido Unterwurzacher) an der Sonnwand.<\/p>\n<p>Kurzum. Die Bandbreite ist wahrlich gewaltig!<\/p>\n<h3>Steinplatte Mantra &#8211; Oh dieser Fels!<\/h3>\n<p>Eines kommt in diesem Kletterf\u00fchrer wahrlich heraus. Die au\u00dfergew\u00f6hnliche Qualit\u00e4\u00e4t des Trias Kalkfelsens.<\/p>\n<p>Denn in fast jedem Portrait der wichtigsten Protagonisten, ist eine Ode an den Fels zu lesen. Und glaubt uns eines! Legenden wie Alex Huber, Guido Unterwurzacher, Michi Meisl, Markus Bendler usw. haben viel Fels gesehen.<\/p>\n<p>Wenn sie das sagen, dann wissen sie genau wovon sie reden. Ohne Zweifel klettert man hier an einem der besten Felsmassive in den Alpen.<\/p>\n<p>Wieso dann nicht mehr los ist? Das liegt einerseits an der inneralpinen Lage sowie den etwas l\u00e4ngeren Zustiegen. Weiters am Fakt, dass die Kletterei technisch anspruchsvoll ist und gro\u00dfteils mehr als eine Seill\u00e4nge hat. D.h. Sportklettereien sind hier in der Minderzahl.<\/p>\n","protected":false},"excerpt":{"rendered":"<p>Liebevol gestaltetes Guidebook \u00fcber die Steinplatte. Beschreibt alle Klettereien des unglaublichen, kilometerlangen Felsbandes mit bestem Trias Kalk an der Grenze Tirol &#8211; Salzburg.<\/p>\n<p>Hier bist du richtig, wenn du technische Kletterei f\u00fcr die \u00dcbergangsjahreszeiten suchst!<\/p>\n<p>Versandkostenfrei bis 2kg in <img decoding=\"async\" class=\"emoji\" role=\"img\" draggable=\"false\" src=\"https:\/\/s.w.org\/images\/core\/emoji\/14.0.0\/svg\/1f1e6-1f1f9.svg\" alt=\"\ud83c\udde6\ud83c\uddf9\" \/> ab \u20ac 100,- und <img decoding=\"async\" class=\"emoji\" role=\"img\" draggable=\"false\" src=\"https:\/\/s.w.org\/images\/core\/emoji\/14.0.0\/svg\/1f1e9-1f1ea.svg\" alt=\"\ud83c\udde9\ud83c\uddea\" \/> ab \u20ac 200,-!<\/p>\n","protected":false},"featured_media":17237,"comment_status":"closed","ping_status":"closed","template":"","meta":[],"product_brand":[],"product_cat":[29,10898],"product_tag":[],"class_list":{"0":"post-17229","1":"product","2":"type-product","3":"status-publish","4":"has-post-thumbnail","6":"product_cat-kletterausruestung","7":"product_cat-kletterfuehrer","9":"first","10":"instock","11":"taxable","12":"shipping-taxable","13":"purchasable","14":"product-type-simple"},"yoast_head":"<!-- This site is optimized with the Yoast SEO Premium plugin v26.9 (Yoast SEO v26.9) - https:\/\/yoast.com\/product\/yoast-seo-premium-wordpress\/ -->\n<title>Steinplatte Kletterf\u00fchrer - 3. Auflage 2019 Panico | bolting.eu<\/title>\n<meta name=\"description\" content=\"Kletterf\u00fchrer Steinplatte beim Kletterprofi aus Innsbruck - Tirol kaufen kostenloser Versand* \u2705 14 Tage R\u00fcckgaberecht \u2705 Co2 neutraler Versand\" \/>\n<meta name=\"robots\" content=\"index, follow, max-snippet:-1, max-image-preview:large, max-video-preview:-1\" \/>\n<link rel=\"canonical\" href=\"https:\/\/bolting.eu\/en\/shop\/steinplatte-kletterfuehrer\/\" \/>\n<meta property=\"og:locale\" content=\"en_US\" \/>\n<meta property=\"og:type\" content=\"article\" \/>\n<meta property=\"og:title\" content=\"Steinplatte Kletterf\u00fchrer\" \/>\n<meta property=\"og:description\" content=\"Kletterf\u00fchrer Steinplatte beim Kletterprofi aus Innsbruck - Tirol kaufen kostenloser Versand* \u2705 14 Tage R\u00fcckgaberecht \u2705 Co2 neutraler Versand\" \/>\n<meta property=\"og:url\" content=\"https:\/\/bolting.eu\/en\/shop\/steinplatte-kletterfuehrer\/\" \/>\n<meta property=\"og:site_name\" content=\"bolting.eu\" \/>\n<meta property=\"article:publisher\" content=\"https:\/\/www.facebook.com\/bolting.eu\" \/>\n<meta property=\"article:modified_time\" content=\"2025-11-05T17:51:11+00:00\" \/>\n<meta property=\"og:image\" content=\"https:\/\/bolting.eu\/wp-content\/uploads\/2023\/09\/Kletterfuehrer-Steinplatte-1.jpg\" \/>\n\t<meta property=\"og:image:width\" content=\"700\" \/>\n\t<meta property=\"og:image:height\" content=\"700\" \/>\n\t<meta property=\"og:image:type\" content=\"image\/jpeg\" \/>\n<meta name=\"twitter:card\" content=\"summary_large_image\" \/>\n<meta name=\"twitter:label1\" content=\"Price\" \/>\n\t<meta name=\"twitter:data1\" content=\"&euro;&nbsp;41,00\" \/>\n\t<meta name=\"twitter:label2\" content=\"Availability\" \/>\n\t<meta name=\"twitter:data2\" content=\"In stock\" \/>\n<script type=\"application\/ld+json\" class=\"yoast-schema-graph\">{\"@context\":\"https:\/\/schema.org\",\"@graph\":[{\"@type\":[\"WebPage\",\"ItemPage\"],\"@id\":\"https:\/\/bolting.eu\/en\/shop\/steinplatte-kletterfuehrer\/\",\"url\":\"https:\/\/bolting.eu\/en\/shop\/steinplatte-kletterfuehrer\/\",\"name\":\"Steinplatte Kletterf\u00fchrer - 3. Auflage 2019 Panico | bolting.eu\",\"isPartOf\":{\"@id\":\"https:\/\/bolting.eu\/en\/#website\"},\"primaryImageOfPage\":{\"@id\":\"https:\/\/bolting.eu\/en\/shop\/steinplatte-kletterfuehrer\/#primaryimage\"},\"image\":{\"@id\":\"https:\/\/bolting.eu\/en\/shop\/steinplatte-kletterfuehrer\/#primaryimage\"},\"thumbnailUrl\":\"https:\/\/bolting.eu\/wp-content\/uploads\/2023\/09\/Kletterfuehrer-Steinplatte-1.jpg\",\"datePublished\":\"2023-09-28T10:27:08+00:00\",\"dateModified\":\"2025-11-05T17:51:11+00:00\",\"description\":\"Kletterf\u00fchrer Steinplatte beim Kletterprofi aus Innsbruck - Tirol kaufen kostenloser Versand* \u2705 14 Tage R\u00fcckgaberecht \u2705 Co2 neutraler Versand\",\"breadcrumb\":{\"@id\":\"https:\/\/bolting.eu\/en\/shop\/steinplatte-kletterfuehrer\/#breadcrumb\"},\"inLanguage\":\"en-US\",\"potentialAction\":[{\"@type\":\"ReadAction\",\"target\":[\"https:\/\/bolting.eu\/en\/shop\/steinplatte-kletterfuehrer\/\"]}]},{\"@type\":\"ImageObject\",\"inLanguage\":\"en-US\",\"@id\":\"https:\/\/bolting.eu\/en\/shop\/steinplatte-kletterfuehrer\/#primaryimage\",\"url\":\"https:\/\/bolting.eu\/wp-content\/uploads\/2023\/09\/Kletterfuehrer-Steinplatte-1.jpg\",\"contentUrl\":\"https:\/\/bolting.eu\/wp-content\/uploads\/2023\/09\/Kletterfuehrer-Steinplatte-1.jpg\",\"width\":700,\"height\":700,\"caption\":\"Cover des Kletterf\u00fchrers Steinplatte mit Kletterer in grauem Fels und blauem Himmel.\"},{\"@type\":\"BreadcrumbList\",\"@id\":\"https:\/\/bolting.eu\/en\/shop\/steinplatte-kletterfuehrer\/#breadcrumb\",\"itemListElement\":[{\"@type\":\"ListItem\",\"position\":1,\"name\":\"Shop\",\"item\":\"https:\/\/bolting.eu\/en\/shop\/\"},{\"@type\":\"ListItem\",\"position\":2,\"name\":\"climbing equipment\",\"item\":\"https:\/\/bolting.eu\/en\/produkt-kategorie\/climbing-equipment\/\"},{\"@type\":\"ListItem\",\"position\":3,\"name\":\"Kletterf\u00fchrer\",\"item\":\"https:\/\/bolting.eu\/produkt-kategorie\/kletterausruestung\/kletterfuehrer\/\"},{\"@type\":\"ListItem\",\"position\":4,\"name\":\"Steinplatte Kletterf\u00fchrer\"}]},{\"@type\":\"WebSite\",\"@id\":\"https:\/\/bolting.eu\/en\/#website\",\"url\":\"https:\/\/bolting.eu\/en\/\",\"name\":\"bolting.eu\",\"description\":\"we make climbs happen\",\"publisher\":{\"@id\":\"https:\/\/bolting.eu\/en\/#organization\"},\"potentialAction\":[{\"@type\":\"SearchAction\",\"target\":{\"@type\":\"EntryPoint\",\"urlTemplate\":\"https:\/\/bolting.eu\/en\/?s={search_term_string}\"},\"query-input\":{\"@type\":\"PropertyValueSpecification\",\"valueRequired\":true,\"valueName\":\"search_term_string\"}}],\"inLanguage\":\"en-US\"},{\"@type\":[\"Organization\",\"Place\",\"SportingGoodsStore\"],\"@id\":\"https:\/\/bolting.eu\/en\/#organization\",\"name\":\"bolting.eu\",\"url\":\"https:\/\/bolting.eu\/en\/\",\"logo\":{\"@id\":\"https:\/\/bolting.eu\/en\/shop\/steinplatte-kletterfuehrer\/#local-main-organization-logo\"},\"image\":{\"@id\":\"https:\/\/bolting.eu\/en\/shop\/steinplatte-kletterfuehrer\/#local-main-organization-logo\"},\"sameAs\":[\"https:\/\/www.facebook.com\/bolting.eu\",\"https:\/\/www.instagram.com\/bolting.eu\/\"],\"address\":{\"@id\":\"https:\/\/bolting.eu\/en\/shop\/steinplatte-kletterfuehrer\/#local-main-place-address\"},\"geo\":{\"@type\":\"GeoCoordinates\",\"latitude\":\"47.264176340396226\",\"longitude\":\"11.380109057672346\"},\"telephone\":[\"+43 699 19083372\"],\"openingHoursSpecification\":[{\"@type\":\"OpeningHoursSpecification\",\"dayOfWeek\":[\"Monday\",\"Wednesday\",\"Friday\"],\"opens\":\"14:00\",\"closes\":\"18:00\"},{\"@type\":\"OpeningHoursSpecification\",\"dayOfWeek\":[\"Tuesday\",\"Thursday\",\"Saturday\",\"Sunday\"],\"opens\":\"00:00\",\"closes\":\"00:00\"}],\"email\":\"office@bolting.eu\",\"vatID\":\"ATU59999728\",\"priceRange\":\"$$\",\"currenciesAccepted\":\"Euro\"},{\"@type\":\"PostalAddress\",\"@id\":\"https:\/\/bolting.eu\/en\/shop\/steinplatte-kletterfuehrer\/#local-main-place-address\",\"streetAddress\":\"Fischnalerstra\u00dfe 4\",\"addressLocality\":\"Innsbruck\",\"postalCode\":\"6020\",\"addressRegion\":\"Tirol\",\"addressCountry\":\"AT\"},{\"@type\":\"ImageObject\",\"inLanguage\":\"en-US\",\"@id\":\"https:\/\/bolting.eu\/en\/shop\/steinplatte-kletterfuehrer\/#local-main-organization-logo\",\"url\":\"https:\/\/bolting.eu\/wp-content\/uploads\/2019\/09\/bolting-logo.png\",\"contentUrl\":\"https:\/\/bolting.eu\/wp-content\/uploads\/2019\/09\/bolting-logo.png\",\"width\":400,\"height\":211,\"caption\":\"bolting.eu\"}]}<\/script>\n<meta property=\"product:price:amount\" content=\"41.00\" \/>\n<meta property=\"product:price:currency\" content=\"EUR\" \/>\n<meta property=\"og:availability\" content=\"instock\" \/>\n<meta property=\"product:availability\" content=\"instock\" \/>\n<meta property=\"product:retailer_item_id\" content=\"PA-StPl\" \/>\n<meta property=\"product:condition\" content=\"new\" \/>\n<meta name=\"geo.placename\" content=\"Innsbruck\" \/>\n<meta name=\"geo.position\" content=\"47.264176340396226;11.380109057672346\" \/>\n<meta name=\"geo.region\" content=\"Austria\" \/>\n<!-- \/ Yoast SEO Premium plugin. -->","yoast_head_json":{"title":"Steinplatte Kletterf\u00fchrer - 3. Auflage 2019 Panico | bolting.eu","description":"Kletterf\u00fchrer Steinplatte beim Kletterprofi aus Innsbruck - Tirol kaufen kostenloser Versand* \u2705 14 Tage R\u00fcckgaberecht \u2705 Co2 neutraler Versand","robots":{"index":"index","follow":"follow","max-snippet":"max-snippet:-1","max-image-preview":"max-image-preview:large","max-video-preview":"max-video-preview:-1"},"canonical":"https:\/\/bolting.eu\/en\/shop\/steinplatte-kletterfuehrer\/","og_locale":"en_US","og_type":"article","og_title":"Steinplatte Kletterf\u00fchrer","og_description":"Kletterf\u00fchrer Steinplatte beim Kletterprofi aus Innsbruck - Tirol kaufen kostenloser Versand* \u2705 14 Tage R\u00fcckgaberecht \u2705 Co2 neutraler Versand","og_url":"https:\/\/bolting.eu\/en\/shop\/steinplatte-kletterfuehrer\/","og_site_name":"bolting.eu","article_publisher":"https:\/\/www.facebook.com\/bolting.eu","article_modified_time":"2025-11-05T17:51:11+00:00","og_image":[{"width":700,"height":700,"url":"https:\/\/bolting.eu\/wp-content\/uploads\/2023\/09\/Kletterfuehrer-Steinplatte-1.jpg","type":"image\/jpeg"}],"twitter_card":"summary_large_image","twitter_misc":{"Price":"&euro;&nbsp;41,00","Availability":"In stock"},"schema":{"@context":"https:\/\/schema.org","@graph":[{"@type":["WebPage","ItemPage"],"@id":"https:\/\/bolting.eu\/en\/shop\/steinplatte-kletterfuehrer\/","url":"https:\/\/bolting.eu\/en\/shop\/steinplatte-kletterfuehrer\/","name":"Steinplatte Kletterf\u00fchrer - 3. Auflage 2019 Panico | bolting.eu","isPartOf":{"@id":"https:\/\/bolting.eu\/en\/#website"},"primaryImageOfPage":{"@id":"https:\/\/bolting.eu\/en\/shop\/steinplatte-kletterfuehrer\/#primaryimage"},"image":{"@id":"https:\/\/bolting.eu\/en\/shop\/steinplatte-kletterfuehrer\/#primaryimage"},"thumbnailUrl":"https:\/\/bolting.eu\/wp-content\/uploads\/2023\/09\/Kletterfuehrer-Steinplatte-1.jpg","datePublished":"2023-09-28T10:27:08+00:00","dateModified":"2025-11-05T17:51:11+00:00","description":"Kletterf\u00fchrer Steinplatte beim Kletterprofi aus Innsbruck - Tirol kaufen kostenloser Versand* \u2705 14 Tage R\u00fcckgaberecht \u2705 Co2 neutraler Versand","breadcrumb":{"@id":"https:\/\/bolting.eu\/en\/shop\/steinplatte-kletterfuehrer\/#breadcrumb"},"inLanguage":"en-US","potentialAction":[{"@type":"ReadAction","target":["https:\/\/bolting.eu\/en\/shop\/steinplatte-kletterfuehrer\/"]}]},{"@type":"ImageObject","inLanguage":"en-US","@id":"https:\/\/bolting.eu\/en\/shop\/steinplatte-kletterfuehrer\/#primaryimage","url":"https:\/\/bolting.eu\/wp-content\/uploads\/2023\/09\/Kletterfuehrer-Steinplatte-1.jpg","contentUrl":"https:\/\/bolting.eu\/wp-content\/uploads\/2023\/09\/Kletterfuehrer-Steinplatte-1.jpg","width":700,"height":700,"caption":"Cover des Kletterf\u00fchrers Steinplatte mit Kletterer in grauem Fels und blauem Himmel."},{"@type":"BreadcrumbList","@id":"https:\/\/bolting.eu\/en\/shop\/steinplatte-kletterfuehrer\/#breadcrumb","itemListElement":[{"@type":"ListItem","position":1,"name":"Shop","item":"https:\/\/bolting.eu\/en\/shop\/"},{"@type":"ListItem","position":2,"name":"climbing equipment","item":"https:\/\/bolting.eu\/en\/produkt-kategorie\/climbing-equipment\/"},{"@type":"ListItem","position":3,"name":"Kletterf\u00fchrer","item":"https:\/\/bolting.eu\/produkt-kategorie\/kletterausruestung\/kletterfuehrer\/"},{"@type":"ListItem","position":4,"name":"Steinplatte Kletterf\u00fchrer"}]},{"@type":"WebSite","@id":"https:\/\/bolting.eu\/en\/#website","url":"https:\/\/bolting.eu\/en\/","name":"bolting.eu","description":"we make climbs happen","publisher":{"@id":"https:\/\/bolting.eu\/en\/#organization"},"potentialAction":[{"@type":"SearchAction","target":{"@type":"EntryPoint","urlTemplate":"https:\/\/bolting.eu\/en\/?s={search_term_string}"},"query-input":{"@type":"PropertyValueSpecification","valueRequired":true,"valueName":"search_term_string"}}],"inLanguage":"en-US"},{"@type":["Organization","Place","SportingGoodsStore"],"@id":"https:\/\/bolting.eu\/en\/#organization","name":"bolting.eu","url":"https:\/\/bolting.eu\/en\/","logo":{"@id":"https:\/\/bolting.eu\/en\/shop\/steinplatte-kletterfuehrer\/#local-main-organization-logo"},"image":{"@id":"https:\/\/bolting.eu\/en\/shop\/steinplatte-kletterfuehrer\/#local-main-organization-logo"},"sameAs":["https:\/\/www.facebook.com\/bolting.eu","https:\/\/www.instagram.com\/bolting.eu\/"],"address":{"@id":"https:\/\/bolting.eu\/en\/shop\/steinplatte-kletterfuehrer\/#local-main-place-address"},"geo":{"@type":"GeoCoordinates","latitude":"47.264176340396226","longitude":"11.380109057672346"},"telephone":["+43 699 19083372"],"openingHoursSpecification":[{"@type":"OpeningHoursSpecification","dayOfWeek":["Monday","Wednesday","Friday"],"opens":"14:00","closes":"18:00"},{"@type":"OpeningHoursSpecification","dayOfWeek":["Tuesday","Thursday","Saturday","Sunday"],"opens":"00:00","closes":"00:00"}],"email":"office@bolting.eu","vatID":"ATU59999728","priceRange":"$$","currenciesAccepted":"Euro"},{"@type":"PostalAddress","@id":"https:\/\/bolting.eu\/en\/shop\/steinplatte-kletterfuehrer\/#local-main-place-address","streetAddress":"Fischnalerstra\u00dfe 4","addressLocality":"Innsbruck","postalCode":"6020","addressRegion":"Tirol","addressCountry":"AT"},{"@type":"ImageObject","inLanguage":"en-US","@id":"https:\/\/bolting.eu\/en\/shop\/steinplatte-kletterfuehrer\/#local-main-organization-logo","url":"https:\/\/bolting.eu\/wp-content\/uploads\/2019\/09\/bolting-logo.png","contentUrl":"https:\/\/bolting.eu\/wp-content\/uploads\/2019\/09\/bolting-logo.png","width":400,"height":211,"caption":"bolting.eu"}]},"product_price_amount":"41.00","product_price_currency":"EUR","og_availability":"instock","product_availability":"instock","product_retailer_item_id":"PA-StPl","product_condition":"new","geo.placename":"Innsbruck","geo.position":{"lat":"47.264176340396226","long":"11.380109057672346"},"geo.region":"Austria"},"_links":{"self":[{"href":"https:\/\/bolting.eu\/en\/wp-json\/wp\/v2\/product\/17229","targetHints":{"allow":["GET"]}}],"collection":[{"href":"https:\/\/bolting.eu\/en\/wp-json\/wp\/v2\/product"}],"about":[{"href":"https:\/\/bolting.eu\/en\/wp-json\/wp\/v2\/types\/product"}],"replies":[{"embeddable":true,"href":"https:\/\/bolting.eu\/en\/wp-json\/wp\/v2\/comments?post=17229"}],"wp:featuredmedia":[{"embeddable":true,"href":"https:\/\/bolting.eu\/en\/wp-json\/wp\/v2\/media\/17237"}],"wp:attachment":[{"href":"https:\/\/bolting.eu\/en\/wp-json\/wp\/v2\/media?parent=17229"}],"wp:term":[{"taxonomy":"product_brand","embeddable":true,"href":"https:\/\/bolting.eu\/en\/wp-json\/wp\/v2\/product_brand?post=17229"},{"taxonomy":"product_cat","embeddable":true,"href":"https:\/\/bolting.eu\/en\/wp-json\/wp\/v2\/product_cat?post=17229"},{"taxonomy":"product_tag","embeddable":true,"href":"https:\/\/bolting.eu\/en\/wp-json\/wp\/v2\/product_tag?post=17229"}],"curies":[{"name":"wp","href":"https:\/\/api.w.org\/{rel}","templated":true}]}}