{"id":1721,"date":"2020-03-04T09:43:26","date_gmt":"2020-03-04T08:43:26","guid":{"rendered":"https:\/\/bolting.eu\/?post_type=product&#038;p=1721"},"modified":"2025-07-28T19:16:41","modified_gmt":"2025-07-28T17:16:41","slug":"werkzeugtasche-gurtel-beal-genius-triple","status":"publish","type":"product","link":"https:\/\/bolting.eu\/en\/shop\/werkzeugtasche-gurtel-beal-genius-triple\/","title":{"rendered":"Werkzeugtasche G\u00fcrtel Beal Genius Triple"},"content":{"rendered":"<p>Die Werkzeugtasche G\u00fcrtel Beal Genius Triple ist ein hilfreicher Arbeitsbegleiter. Denn zum einen findet er bei allen Arten von H\u00f6henarbeiten seinen Einsatz. Zum anderen im Alpinbereich. Beispielsweise beim <a href=\"https:\/\/bolting.eu\/produkt-kategorie\/einbohrartikel\/klebehaken-buehlerhaken\/\">Klebehaken<\/a> setzen oder beim <a href=\"https:\/\/bolting.eu\/kletterroute-einbohren\/\">Kletterroute einbohren<\/a>.<\/p>\n<p>Der Werkzeugg\u00fcrtel ist sehr beliebt. Und dies aus gutem Grund. Denn erstens haben die drei Materialbeutel eine vern\u00fcnftige Gr\u00f6\u00dfe. Mit je 1,5 Liter Volumen sind sie f\u00fcr viele T\u00e4tigkeiten ideal. Somit lassen sich unterschiedliche Materialien gut verstauen. Zweitens hat jede Tasche ein verschlie\u00dfbares Top. D.h. mit dem bedienungsfreundlichen Clic-Clac System von Beal k\u00f6nnen sie ganz einfach geschlossen werden. Drittens kann an den zwei Materialschlaufen weiteres Werkzeug montiert werden. Zudem befinden sich eine kleine Magnetplatte auf den Au\u00dfenseiten der Taschen. So kann man z.B. kleines Werkzeug daran heften.<\/p>\n<h3>Anwendungsbeispiele Werkzeugtasche G\u00fcrtel Beal Genius Triple<\/h3>\n<p>Die Tasche wird vor allem f\u00fcr diese Zwecke verwendet:<\/p>\n<ul>\n<li><a href=\"https:\/\/bolting.eu\/consulting-errichtung\/klettergarten-errichtung\/\">Klettergarten Errichtung<\/a><\/li>\n<li><a href=\"https:\/\/bolting.eu\/klettergarten-wartung\/\">Wartung Klettergarten<\/a><\/li>\n<li><a href=\"https:\/\/bolting.eu\/kletterroute-mit-bohrhaken-einrichten\/\">Kletterroute mit Bohrhaken einrichten<\/a><\/li>\n<li><a href=\"https:\/\/bolting.eu\/kletterroute-mit-klebehaken-einrichten\/\">Kletterroute mit Klebehaken einrichten<\/a><\/li>\n<li>Klettersteigbau<\/li>\n<li>H\u00f6henarbeiten<\/li>\n<li>Handwerk<\/li>\n<\/ul>\n<h3>Was passt alles hinein?<\/h3>\n<p>Unserer Erfahrung nach passen ca. diese Mengen an Materialien in den Werkzeugtasche G\u00fcrtel Beal Genius Triple:<\/p>\n<ul>\n<li>40 Bohrhaken &#8211; 40 Bohrhakenlaschen &#8211; 2-3 Kettenst\u00e4nde<\/li>\n<li>30\u00a0 gro\u00dfe Klebehaken &#8211;\u00a0 2 Injektionsm\u00f6rtel &#8211; 1-2 Ersatzakkus<\/li>\n<li>40 kleine Klebehaken &#8211; 4 Packungen Fischer RM 10 Glasm\u00f6rtelpatronen &#8211; Handschuhe und Schutzbrille<\/li>\n<li>2-3 Umlenker &#8211; Kettenst\u00e4nde &#8211; 10 Rapidglieder &#8211; 20 &#8211; 30 Bohrhaken und Laschen<\/li>\n<li>5-10 SDS Bohrer &#8211; 20-30 Seilklemmen &#8211; 20 &#8211; 30 Kauschen<\/li>\n<\/ul>\n<h3>Eigenschaften Werkzeugtasche G\u00fcrtel Beal Genius Triple<\/h3>\n<ul>\n<li>Hersteller: Beal<\/li>\n<li>Volumen: 3 x 1,5 Liter<\/li>\n<li>2 weitere Materialschlaufen<\/li>\n<li>Gewicht: 560 Gramm<\/li>\n<li>\u00d6ffnung: je 15 cm Durchmesser<\/li>\n<li>H\u00f6he: je 25 cm<\/li>\n<li>Verschluss: praktisches Clic-Clac System<\/li>\n<li>G\u00fcrtel verstellbar mit max. 150kg Tragekraft<\/li>\n<\/ul>\n<p>Die einzelnen Taschen k\u00f6nnen beim Genius Triple nicht getrennt werden. Sie sind fix miteinander verbunden. An der Materialschlaufe kann man zudem die Beal Air Leash anbringen. Das ist eine Absturzleine f\u00fcr Werkzeug sowie kleine Akkuger\u00e4te.<\/p>\n<h3>Praxis Tipp<\/h3>\n<p>Die Werkzeugtasche G\u00fcrtel Beal Genius Triple lohnt sich vor allem bei Montagearbeiten. Z.B. wenn man bei H\u00f6henarbeiten viele gleiche Bauteile wie Schrauben verarbeitet. Oder beim Einbohren viele Bohrhaken, Laschen sowie Rapid Glieder. \u00dcberdies ist die Materialtasche bei Wartungen ideal. Denn man kann viele unterschiedliche Materialien und Werkzeuge einpacken. Somit hat man hoffentlich immer alles mit dabei.\u00a0 Kurzum. Mit diesem Produkt macht man einen guten Griff!<\/p>\n<p>Link Tipp: <a href=\"https:\/\/pro.beal-planet.com\" target=\"_blank\" rel=\"noopener noreferrer\">zum Hersteller<\/a><\/p>\n","protected":false},"excerpt":{"rendered":"<ul>\n<li>Hersteller: Beal<\/li>\n<li>Volumen: 3 x 1,5 Liter<\/li>\n<li>2 weitere Materialschlaufen<\/li>\n<li>Gewicht: 560 Gramm<\/li>\n<li>\u00d6ffnung: je 15 cm Durchmesser<\/li>\n<li>H\u00f6he: je 25 cm<\/li>\n<li>Verschluss: praktisches Clic-Clac System<\/li>\n<li>G\u00fcrtel verstellbar mit max. 150kg Tragekraft<\/li>\n<\/ul>\n","protected":false},"featured_media":1722,"comment_status":"closed","ping_status":"closed","template":"","meta":[],"product_brand":[],"product_cat":[4663,35,1210,9226],"product_tag":[2228,2189],"class_list":{"0":"post-1721","1":"product","2":"type-product","3":"status-publish","4":"has-post-thumbnail","6":"product_cat-beal","7":"product_cat-einbohr-zubehoer","8":"product_cat-einbohrartikel","9":"product_cat-materialtaschen-werkzeugtaschen","10":"product_tag-hoehenarbeiten","11":"product_tag-speleologie","13":"first","14":"outofstock","15":"taxable","16":"shipping-taxable","17":"purchasable","18":"product-type-simple"},"yoast_head":"<!-- This site is optimized with the Yoast SEO Premium plugin v26.9 (Yoast SEO v26.9) - https:\/\/yoast.com\/product\/yoast-seo-premium-wordpress\/ -->\n<title>Werkzeugtasche G\u00fcrtel Beal Genius Triple : online kaufen bei bolting.eu<\/title>\n<meta name=\"description\" content=\"Hier gibt\u00b4s die Werkzeugtasche Beal Genius Triple. Ein super praktischer Werkzeugg\u00fcrtel mit 3 Taschen \u00e1 1,5 Liter f\u00fcr H\u00f6henarbeiter!\" \/>\n<meta name=\"robots\" content=\"index, follow, max-snippet:-1, max-image-preview:large, max-video-preview:-1\" \/>\n<link rel=\"canonical\" href=\"https:\/\/bolting.eu\/en\/shop\/werkzeugtasche-gurtel-beal-genius-triple\/\" \/>\n<meta property=\"og:locale\" content=\"en_US\" \/>\n<meta property=\"og:type\" content=\"article\" \/>\n<meta property=\"og:title\" content=\"Werkzeugtasche G\u00fcrtel Beal Genius Triple\" \/>\n<meta property=\"og:description\" content=\"Hier gibt\u00b4s die Werkzeugtasche Beal Genius Triple. Ein super praktischer Werkzeugg\u00fcrtel mit 3 Taschen \u00e1 1,5 Liter f\u00fcr H\u00f6henarbeiter!\" \/>\n<meta property=\"og:url\" content=\"https:\/\/bolting.eu\/en\/shop\/werkzeugtasche-gurtel-beal-genius-triple\/\" \/>\n<meta property=\"og:site_name\" content=\"bolting.eu\" \/>\n<meta property=\"article:publisher\" content=\"https:\/\/www.facebook.com\/bolting.eu\" \/>\n<meta property=\"article:modified_time\" content=\"2025-07-28T17:16:41+00:00\" \/>\n<meta property=\"og:image\" content=\"https:\/\/bolting.eu\/wp-content\/uploads\/2020\/03\/Werkzeugtasche-Gu\u0308rtel-Beal-Genius-Triple.jpg\" \/>\n\t<meta property=\"og:image:width\" content=\"700\" \/>\n\t<meta property=\"og:image:height\" content=\"700\" \/>\n\t<meta property=\"og:image:type\" content=\"image\/jpeg\" \/>\n<meta name=\"twitter:card\" content=\"summary_large_image\" \/>\n<meta name=\"twitter:label1\" content=\"Price\" \/>\n\t<meta name=\"twitter:data1\" content=\"&euro;&nbsp;56,90\" \/>\n\t<meta name=\"twitter:label2\" content=\"Availability\" \/>\n\t<meta name=\"twitter:data2\" content=\"Out of stock\" \/>\n<script type=\"application\/ld+json\" class=\"yoast-schema-graph\">{\"@context\":\"https:\/\/schema.org\",\"@graph\":[{\"@type\":[\"WebPage\",\"ItemPage\"],\"@id\":\"https:\/\/bolting.eu\/en\/shop\/werkzeugtasche-gurtel-beal-genius-triple\/\",\"url\":\"https:\/\/bolting.eu\/en\/shop\/werkzeugtasche-gurtel-beal-genius-triple\/\",\"name\":\"Werkzeugtasche G\u00fcrtel Beal Genius Triple : online kaufen bei bolting.eu\",\"isPartOf\":{\"@id\":\"https:\/\/bolting.eu\/en\/#website\"},\"primaryImageOfPage\":{\"@id\":\"https:\/\/bolting.eu\/en\/shop\/werkzeugtasche-gurtel-beal-genius-triple\/#primaryimage\"},\"image\":{\"@id\":\"https:\/\/bolting.eu\/en\/shop\/werkzeugtasche-gurtel-beal-genius-triple\/#primaryimage\"},\"thumbnailUrl\":\"https:\/\/bolting.eu\/wp-content\/uploads\/2020\/03\/Werkzeugtasche-Gu\u0308rtel-Beal-Genius-Triple.jpg\",\"datePublished\":\"2020-03-04T08:43:26+00:00\",\"dateModified\":\"2025-07-28T17:16:41+00:00\",\"description\":\"Hier gibt\u00b4s die Werkzeugtasche Beal Genius Triple. Ein super praktischer Werkzeugg\u00fcrtel mit 3 Taschen \u00e1 1,5 Liter f\u00fcr H\u00f6henarbeiter!\",\"breadcrumb\":{\"@id\":\"https:\/\/bolting.eu\/en\/shop\/werkzeugtasche-gurtel-beal-genius-triple\/#breadcrumb\"},\"inLanguage\":\"en-US\",\"potentialAction\":[{\"@type\":\"ReadAction\",\"target\":[\"https:\/\/bolting.eu\/en\/shop\/werkzeugtasche-gurtel-beal-genius-triple\/\"]}]},{\"@type\":\"ImageObject\",\"inLanguage\":\"en-US\",\"@id\":\"https:\/\/bolting.eu\/en\/shop\/werkzeugtasche-gurtel-beal-genius-triple\/#primaryimage\",\"url\":\"https:\/\/bolting.eu\/wp-content\/uploads\/2020\/03\/Werkzeugtasche-Gu\u0308rtel-Beal-Genius-Triple.jpg\",\"contentUrl\":\"https:\/\/bolting.eu\/wp-content\/uploads\/2020\/03\/Werkzeugtasche-Gu\u0308rtel-Beal-Genius-Triple.jpg\",\"width\":700,\"height\":700,\"caption\":\"Das Bild zeigt den schwarzen Werkzeugtasche G\u00fcrtel Beal Genius Triple in einem wei\u00dfem Quadrat. Sie steht aufrecht in Bildmitte mit der \u00d6ffnung nach oben.\"},{\"@type\":\"BreadcrumbList\",\"@id\":\"https:\/\/bolting.eu\/en\/shop\/werkzeugtasche-gurtel-beal-genius-triple\/#breadcrumb\",\"itemListElement\":[{\"@type\":\"ListItem\",\"position\":1,\"name\":\"Shop\",\"item\":\"https:\/\/bolting.eu\/en\/shop\/\"},{\"@type\":\"ListItem\",\"position\":2,\"name\":\"bolting products\",\"item\":\"https:\/\/bolting.eu\/en\/produkt-kategorie\/bolting-products\/\"},{\"@type\":\"ListItem\",\"position\":3,\"name\":\"Bolting accessories\",\"item\":\"https:\/\/bolting.eu\/en\/produkt-kategorie\/bolting-accessories\/\"},{\"@type\":\"ListItem\",\"position\":4,\"name\":\"Werkzeugtasche G\u00fcrtel Beal Genius Triple\"}]},{\"@type\":\"WebSite\",\"@id\":\"https:\/\/bolting.eu\/en\/#website\",\"url\":\"https:\/\/bolting.eu\/en\/\",\"name\":\"bolting.eu\",\"description\":\"we make climbs happen\",\"publisher\":{\"@id\":\"https:\/\/bolting.eu\/en\/#organization\"},\"potentialAction\":[{\"@type\":\"SearchAction\",\"target\":{\"@type\":\"EntryPoint\",\"urlTemplate\":\"https:\/\/bolting.eu\/en\/?s={search_term_string}\"},\"query-input\":{\"@type\":\"PropertyValueSpecification\",\"valueRequired\":true,\"valueName\":\"search_term_string\"}}],\"inLanguage\":\"en-US\"},{\"@type\":[\"Organization\",\"Place\",\"SportingGoodsStore\"],\"@id\":\"https:\/\/bolting.eu\/en\/#organization\",\"name\":\"bolting.eu\",\"url\":\"https:\/\/bolting.eu\/en\/\",\"logo\":{\"@id\":\"https:\/\/bolting.eu\/en\/shop\/werkzeugtasche-gurtel-beal-genius-triple\/#local-main-organization-logo\"},\"image\":{\"@id\":\"https:\/\/bolting.eu\/en\/shop\/werkzeugtasche-gurtel-beal-genius-triple\/#local-main-organization-logo\"},\"sameAs\":[\"https:\/\/www.facebook.com\/bolting.eu\",\"https:\/\/www.instagram.com\/bolting.eu\/\"],\"address\":{\"@id\":\"https:\/\/bolting.eu\/en\/shop\/werkzeugtasche-gurtel-beal-genius-triple\/#local-main-place-address\"},\"geo\":{\"@type\":\"GeoCoordinates\",\"latitude\":\"47.264176340396226\",\"longitude\":\"11.380109057672346\"},\"telephone\":[\"+43 699 19083372\"],\"openingHoursSpecification\":[{\"@type\":\"OpeningHoursSpecification\",\"dayOfWeek\":[\"Monday\",\"Wednesday\",\"Friday\"],\"opens\":\"14:00\",\"closes\":\"18:00\"},{\"@type\":\"OpeningHoursSpecification\",\"dayOfWeek\":[\"Tuesday\",\"Thursday\",\"Saturday\",\"Sunday\"],\"opens\":\"00:00\",\"closes\":\"00:00\"}],\"email\":\"office@bolting.eu\",\"vatID\":\"ATU59999728\",\"priceRange\":\"$$\",\"currenciesAccepted\":\"Euro\"},{\"@type\":\"PostalAddress\",\"@id\":\"https:\/\/bolting.eu\/en\/shop\/werkzeugtasche-gurtel-beal-genius-triple\/#local-main-place-address\",\"streetAddress\":\"Fischnalerstra\u00dfe 4\",\"addressLocality\":\"Innsbruck\",\"postalCode\":\"6020\",\"addressRegion\":\"Tirol\",\"addressCountry\":\"AT\"},{\"@type\":\"ImageObject\",\"inLanguage\":\"en-US\",\"@id\":\"https:\/\/bolting.eu\/en\/shop\/werkzeugtasche-gurtel-beal-genius-triple\/#local-main-organization-logo\",\"url\":\"https:\/\/bolting.eu\/wp-content\/uploads\/2019\/09\/bolting-logo.png\",\"contentUrl\":\"https:\/\/bolting.eu\/wp-content\/uploads\/2019\/09\/bolting-logo.png\",\"width\":400,\"height\":211,\"caption\":\"bolting.eu\"}]}<\/script>\n<meta property=\"product:price:amount\" content=\"56.90\" \/>\n<meta property=\"product:price:currency\" content=\"EUR\" \/>\n<meta property=\"og:availability\" content=\"out of stock\" \/>\n<meta property=\"product:availability\" content=\"out of stock\" \/>\n<meta property=\"product:retailer_item_id\" content=\"BSAC.GT\" \/>\n<meta property=\"product:condition\" content=\"new\" \/>\n<meta name=\"geo.placename\" content=\"Innsbruck\" \/>\n<meta name=\"geo.position\" content=\"47.264176340396226;11.380109057672346\" \/>\n<meta name=\"geo.region\" content=\"Austria\" \/>\n<!-- \/ Yoast SEO Premium plugin. -->","yoast_head_json":{"title":"Werkzeugtasche G\u00fcrtel Beal Genius Triple : online kaufen bei bolting.eu","description":"Hier gibt\u00b4s die Werkzeugtasche Beal Genius Triple. Ein super praktischer Werkzeugg\u00fcrtel mit 3 Taschen \u00e1 1,5 Liter f\u00fcr H\u00f6henarbeiter!","robots":{"index":"index","follow":"follow","max-snippet":"max-snippet:-1","max-image-preview":"max-image-preview:large","max-video-preview":"max-video-preview:-1"},"canonical":"https:\/\/bolting.eu\/en\/shop\/werkzeugtasche-gurtel-beal-genius-triple\/","og_locale":"en_US","og_type":"article","og_title":"Werkzeugtasche G\u00fcrtel Beal Genius Triple","og_description":"Hier gibt\u00b4s die Werkzeugtasche Beal Genius Triple. Ein super praktischer Werkzeugg\u00fcrtel mit 3 Taschen \u00e1 1,5 Liter f\u00fcr H\u00f6henarbeiter!","og_url":"https:\/\/bolting.eu\/en\/shop\/werkzeugtasche-gurtel-beal-genius-triple\/","og_site_name":"bolting.eu","article_publisher":"https:\/\/www.facebook.com\/bolting.eu","article_modified_time":"2025-07-28T17:16:41+00:00","og_image":[{"width":700,"height":700,"url":"https:\/\/bolting.eu\/wp-content\/uploads\/2020\/03\/Werkzeugtasche-Gu\u0308rtel-Beal-Genius-Triple.jpg","type":"image\/jpeg"}],"twitter_card":"summary_large_image","twitter_misc":{"Price":"&euro;&nbsp;56,90","Availability":"Out of stock"},"schema":{"@context":"https:\/\/schema.org","@graph":[{"@type":["WebPage","ItemPage"],"@id":"https:\/\/bolting.eu\/en\/shop\/werkzeugtasche-gurtel-beal-genius-triple\/","url":"https:\/\/bolting.eu\/en\/shop\/werkzeugtasche-gurtel-beal-genius-triple\/","name":"Werkzeugtasche G\u00fcrtel Beal Genius Triple : online kaufen bei bolting.eu","isPartOf":{"@id":"https:\/\/bolting.eu\/en\/#website"},"primaryImageOfPage":{"@id":"https:\/\/bolting.eu\/en\/shop\/werkzeugtasche-gurtel-beal-genius-triple\/#primaryimage"},"image":{"@id":"https:\/\/bolting.eu\/en\/shop\/werkzeugtasche-gurtel-beal-genius-triple\/#primaryimage"},"thumbnailUrl":"https:\/\/bolting.eu\/wp-content\/uploads\/2020\/03\/Werkzeugtasche-Gu\u0308rtel-Beal-Genius-Triple.jpg","datePublished":"2020-03-04T08:43:26+00:00","dateModified":"2025-07-28T17:16:41+00:00","description":"Hier gibt\u00b4s die Werkzeugtasche Beal Genius Triple. Ein super praktischer Werkzeugg\u00fcrtel mit 3 Taschen \u00e1 1,5 Liter f\u00fcr H\u00f6henarbeiter!","breadcrumb":{"@id":"https:\/\/bolting.eu\/en\/shop\/werkzeugtasche-gurtel-beal-genius-triple\/#breadcrumb"},"inLanguage":"en-US","potentialAction":[{"@type":"ReadAction","target":["https:\/\/bolting.eu\/en\/shop\/werkzeugtasche-gurtel-beal-genius-triple\/"]}]},{"@type":"ImageObject","inLanguage":"en-US","@id":"https:\/\/bolting.eu\/en\/shop\/werkzeugtasche-gurtel-beal-genius-triple\/#primaryimage","url":"https:\/\/bolting.eu\/wp-content\/uploads\/2020\/03\/Werkzeugtasche-Gu\u0308rtel-Beal-Genius-Triple.jpg","contentUrl":"https:\/\/bolting.eu\/wp-content\/uploads\/2020\/03\/Werkzeugtasche-Gu\u0308rtel-Beal-Genius-Triple.jpg","width":700,"height":700,"caption":"Das Bild zeigt den schwarzen Werkzeugtasche G\u00fcrtel Beal Genius Triple in einem wei\u00dfem Quadrat. Sie steht aufrecht in Bildmitte mit der \u00d6ffnung nach oben."},{"@type":"BreadcrumbList","@id":"https:\/\/bolting.eu\/en\/shop\/werkzeugtasche-gurtel-beal-genius-triple\/#breadcrumb","itemListElement":[{"@type":"ListItem","position":1,"name":"Shop","item":"https:\/\/bolting.eu\/en\/shop\/"},{"@type":"ListItem","position":2,"name":"bolting products","item":"https:\/\/bolting.eu\/en\/produkt-kategorie\/bolting-products\/"},{"@type":"ListItem","position":3,"name":"Bolting accessories","item":"https:\/\/bolting.eu\/en\/produkt-kategorie\/bolting-accessories\/"},{"@type":"ListItem","position":4,"name":"Werkzeugtasche G\u00fcrtel Beal Genius Triple"}]},{"@type":"WebSite","@id":"https:\/\/bolting.eu\/en\/#website","url":"https:\/\/bolting.eu\/en\/","name":"bolting.eu","description":"we make climbs happen","publisher":{"@id":"https:\/\/bolting.eu\/en\/#organization"},"potentialAction":[{"@type":"SearchAction","target":{"@type":"EntryPoint","urlTemplate":"https:\/\/bolting.eu\/en\/?s={search_term_string}"},"query-input":{"@type":"PropertyValueSpecification","valueRequired":true,"valueName":"search_term_string"}}],"inLanguage":"en-US"},{"@type":["Organization","Place","SportingGoodsStore"],"@id":"https:\/\/bolting.eu\/en\/#organization","name":"bolting.eu","url":"https:\/\/bolting.eu\/en\/","logo":{"@id":"https:\/\/bolting.eu\/en\/shop\/werkzeugtasche-gurtel-beal-genius-triple\/#local-main-organization-logo"},"image":{"@id":"https:\/\/bolting.eu\/en\/shop\/werkzeugtasche-gurtel-beal-genius-triple\/#local-main-organization-logo"},"sameAs":["https:\/\/www.facebook.com\/bolting.eu","https:\/\/www.instagram.com\/bolting.eu\/"],"address":{"@id":"https:\/\/bolting.eu\/en\/shop\/werkzeugtasche-gurtel-beal-genius-triple\/#local-main-place-address"},"geo":{"@type":"GeoCoordinates","latitude":"47.264176340396226","longitude":"11.380109057672346"},"telephone":["+43 699 19083372"],"openingHoursSpecification":[{"@type":"OpeningHoursSpecification","dayOfWeek":["Monday","Wednesday","Friday"],"opens":"14:00","closes":"18:00"},{"@type":"OpeningHoursSpecification","dayOfWeek":["Tuesday","Thursday","Saturday","Sunday"],"opens":"00:00","closes":"00:00"}],"email":"office@bolting.eu","vatID":"ATU59999728","priceRange":"$$","currenciesAccepted":"Euro"},{"@type":"PostalAddress","@id":"https:\/\/bolting.eu\/en\/shop\/werkzeugtasche-gurtel-beal-genius-triple\/#local-main-place-address","streetAddress":"Fischnalerstra\u00dfe 4","addressLocality":"Innsbruck","postalCode":"6020","addressRegion":"Tirol","addressCountry":"AT"},{"@type":"ImageObject","inLanguage":"en-US","@id":"https:\/\/bolting.eu\/en\/shop\/werkzeugtasche-gurtel-beal-genius-triple\/#local-main-organization-logo","url":"https:\/\/bolting.eu\/wp-content\/uploads\/2019\/09\/bolting-logo.png","contentUrl":"https:\/\/bolting.eu\/wp-content\/uploads\/2019\/09\/bolting-logo.png","width":400,"height":211,"caption":"bolting.eu"}]},"product_price_amount":"56.90","product_price_currency":"EUR","og_availability":"out of stock","product_availability":"out of stock","product_retailer_item_id":"BSAC.GT","product_condition":"new","geo.placename":"Innsbruck","geo.position":{"lat":"47.264176340396226","long":"11.380109057672346"},"geo.region":"Austria"},"_links":{"self":[{"href":"https:\/\/bolting.eu\/en\/wp-json\/wp\/v2\/product\/1721","targetHints":{"allow":["GET"]}}],"collection":[{"href":"https:\/\/bolting.eu\/en\/wp-json\/wp\/v2\/product"}],"about":[{"href":"https:\/\/bolting.eu\/en\/wp-json\/wp\/v2\/types\/product"}],"replies":[{"embeddable":true,"href":"https:\/\/bolting.eu\/en\/wp-json\/wp\/v2\/comments?post=1721"}],"wp:featuredmedia":[{"embeddable":true,"href":"https:\/\/bolting.eu\/en\/wp-json\/wp\/v2\/media\/1722"}],"wp:attachment":[{"href":"https:\/\/bolting.eu\/en\/wp-json\/wp\/v2\/media?parent=1721"}],"wp:term":[{"taxonomy":"product_brand","embeddable":true,"href":"https:\/\/bolting.eu\/en\/wp-json\/wp\/v2\/product_brand?post=1721"},{"taxonomy":"product_cat","embeddable":true,"href":"https:\/\/bolting.eu\/en\/wp-json\/wp\/v2\/product_cat?post=1721"},{"taxonomy":"product_tag","embeddable":true,"href":"https:\/\/bolting.eu\/en\/wp-json\/wp\/v2\/product_tag?post=1721"}],"curies":[{"name":"wp","href":"https:\/\/api.w.org\/{rel}","templated":true}]}}