{"id":1717,"date":"2020-03-04T09:14:48","date_gmt":"2020-03-04T08:14:48","guid":{"rendered":"https:\/\/bolting.eu\/?post_type=product&#038;p=1717"},"modified":"2025-11-10T14:33:37","modified_gmt":"2025-11-10T13:33:37","slug":"beal-genius-ii-werkzeugtasche","status":"publish","type":"product","link":"https:\/\/bolting.eu\/en\/shop\/beal-genius-ii-werkzeugtasche\/","title":{"rendered":"Beal Genius II Werkzeugtasche"},"content":{"rendered":"<p>Die Beal Genius II Werkzeugtasche ist ein funktionelles Zubeh\u00f6rteil. Zum einen findet es bei allen Arten von H\u00f6henarbeiten seinen Einsatz. Zum anderen im Alpinbereich, beispielsweise beim <a href=\"https:\/\/bolting.eu\/produkt-kategorie\/einbohrartikel\/klebehaken-buehlerhaken\/\">Klebehaken<\/a> setzen bzw. beim <a href=\"https:\/\/bolting.eu\/kletterroute-einbohren\/\">Kletterroute einbohren.<\/a><\/p>\n<p>Die Werkzeugtasche z\u00e4hlt in unserem Shop zu den Bestsellern. Und dies aus gutem Grund.<\/p>\n<p>Denn erstens hat die Tasche eine gut dimensionierte Gr\u00f6\u00dfe. 1,5 Liter Volumen sind f\u00fcr viele T\u00e4tigkeiten ideal.<\/p>\n<p>Zweitens hat das Produkt ein verschlie\u00dfbares Top. D.h. mit dem bedienungsfreundlichen Clic-Clac System von Beal kann es ganz einfach geschlossen werden.<\/p>\n<p>Drittens kann das Tool Bucket einfach mit einem Karabiner am Gurt montiert werden.<\/p>\n<p>Zudem befindet sich eine kleine Magnetplatte auf der Au\u00dfenseite. So kann man z.B. kleines Werkzeug daran heften.<\/p>\n<p><a href=\"https:\/\/bolting.eu\/wp-content\/uploads\/2020\/03\/Clic-Clac-System-Beal-Genius-Simple.jpg\"><img loading=\"lazy\" decoding=\"async\" class=\"alignnone wp-image-1719\" src=\"https:\/\/bolting.eu\/wp-content\/uploads\/2020\/03\/Clic-Clac-System-Beal-Genius-Simple.jpg\" alt=\"Die Grafik zeigt das Clic Clac Verschluss System von Beal anhand eines Materialbeutels. Links die Grafik wie man mit einem Click die \u00d6ffnung schlie\u00dfen kann. Rechts wie es wieder zu \u00f6ffnen geht.\" width=\"300\" height=\"126\" srcset=\"https:\/\/bolting.eu\/wp-content\/uploads\/2020\/03\/Clic-Clac-System-Beal-Genius-Simple.jpg 600w, https:\/\/bolting.eu\/wp-content\/uploads\/2020\/03\/Clic-Clac-System-Beal-Genius-Simple-510x213.jpg 510w\" sizes=\"auto, (max-width: 300px) 100vw, 300px\" \/><\/a><\/p>\n<p>&nbsp;<\/p>\n<h3>Anwendungsbeispiele Beal Genius II Werkzeugtasche<\/h3>\n<p>Die Tasche wird vor allem f\u00fcr diese Zwecke verwendet:<\/p>\n<ul>\n<li><a href=\"https:\/\/bolting.eu\/consulting-errichtung\/klettergarten-errichtung\/\">Klettergarten Errichtung<\/a><\/li>\n<li><a href=\"https:\/\/bolting.eu\/klettergarten-wartung\/\">Wartung Klettergarten<\/a><\/li>\n<li><a href=\"https:\/\/bolting.eu\/kletterroute-mit-bohrhaken-einrichten\/\">Kletterroute mit Bohrhaken einrichten<\/a><\/li>\n<li><a href=\"https:\/\/bolting.eu\/kletterroute-mit-klebehaken-einrichten\/\">Kletterroute mit Klebehaken einrichten<\/a><\/li>\n<li>Klettersteigbau<\/li>\n<li>H\u00f6henarbeiten<\/li>\n<li>Handwerk<\/li>\n<\/ul>\n<h3>Was passt alles hinein?<\/h3>\n<p>Unserer Erfahrung nach passen ca. diese Mengen an Materialien in das Genius II:<\/p>\n<ul>\n<li>15 Bohrhaken und 15 Bohrhakenlaschen<\/li>\n<li>15 Klebehaken und 1 Injektionsm\u00f6rtel<\/li>\n<li>3 Packungen Fischer RM 12 Glasm\u00f6rtelpatronen<\/li>\n<li>2 Umlenker &#8211; Kettenst\u00e4nde sowie zus\u00e4tzliche Rapidglieder<\/li>\n<li>1 Ersatzakku und 4-5 SDS Bohrer<\/li>\n<\/ul>\n<h3>Eigenschaften Genius II<\/h3>\n<ul>\n<li>Hersteller: Beal<\/li>\n<li>Volumen: 1,5 Liter<\/li>\n<li>Aufh\u00e4ngevorrichtung: Schlaufe f\u00fcr Karabiner<\/li>\n<li>Gewicht: 180 Gramm<\/li>\n<li>\u00d6ffnung: 15 cm Durchmesser<\/li>\n<li>H\u00f6he: 25 cm<\/li>\n<li>Verschluss: praktisches Clic-Clac System<\/li>\n<\/ul>\n<p>Das Produkt passt auf alle g\u00e4ngigen Klettergurte. Es kann beispielsweise in einer der Materialschlaufen eingeh\u00e4ngt werden.<\/p>\n<p>An der Materialschlaufe kann man zudem die Beal Air Leash anbringen. Das ist eine Absturzleine f\u00fcr Werkzeug sowie kleine Akkuger\u00e4te.<\/p>\n<h3>Praxis Tipp<\/h3>\n<p>Die Genius II Werkzeugtasche von Beal lohnt sich vor allem f\u00fcr repetitive T\u00e4tigkeit. Z.B. wenn man bei H\u00f6henarbeiten immer die gleichen Werkzeuge verwendet. Oder beim Einbohren viele Haken einklebt. \u00dcberdies ist die Materialtasche bei Montagen ideal. Wenn beispielsweise den ganzen Tag die selben Zangen zum Einsatz kommen. Kurzum.\u00a0 Mit diesem Produkt macht man einen guten Griff!<\/p>\n<p>Link Tipp: <a href=\"https:\/\/pro.beal-planet.com\" target=\"_blank\" rel=\"noopener noreferrer\">zum Hersteller<\/a><\/p>\n","protected":false},"excerpt":{"rendered":"<p>Praktische H\u00f6henarbeiter Materialtasche &#8211; Werkzeugtasche mit 1,5 Liter Volumen und Clic-Clac System zum Verschlie\u00dfen.<\/p>\n<p>Wird mit Karabiner am Gurt befestigt. Sehr robust aus langlebigen PU Material.<\/p>\n<p>Versandkostenfrei bis 2kg in <img decoding=\"async\" class=\"emoji\" role=\"img\" draggable=\"false\" src=\"https:\/\/s.w.org\/images\/core\/emoji\/13.1.0\/svg\/1f1e6-1f1f9.svg\" alt=\"\ud83c\udde6\ud83c\uddf9\" \/> ab \u20ac 100,- und <img decoding=\"async\" class=\"emoji\" role=\"img\" draggable=\"false\" src=\"https:\/\/s.w.org\/images\/core\/emoji\/13.1.0\/svg\/1f1e9-1f1ea.svg\" alt=\"\ud83c\udde9\ud83c\uddea\" \/> ab \u20ac 200,-!<\/p>\n","protected":false},"featured_media":33682,"comment_status":"closed","ping_status":"closed","template":"","meta":[],"product_brand":[],"product_cat":[4663,9226,15211,35,1210],"product_tag":[2189,2228],"class_list":{"0":"post-1717","1":"product","2":"type-product","3":"status-publish","4":"has-post-thumbnail","6":"product_cat-beal","7":"product_cat-materialtaschen-werkzeugtaschen","8":"product_cat-kletterwand-zubehoer","9":"product_cat-einbohr-zubehoer","10":"product_cat-einbohrartikel","11":"product_tag-speleologie","12":"product_tag-hoehenarbeiten","14":"first","15":"instock","16":"taxable","17":"shipping-taxable","18":"purchasable","19":"product-type-simple"},"yoast_head":"<!-- This site is optimized with the Yoast SEO Premium plugin v26.9 (Yoast SEO v26.9) - https:\/\/yoast.com\/product\/yoast-seo-premium-wordpress\/ -->\n<title>Beal Genius II Werkzeugtasche online kaufen | bolting.eu<\/title>\n<meta name=\"description\" content=\"Beal Genius II Werkzeugtasche beim Kletter Hardwareprofi aus Innsbruck kaufen \u2705 kostenloser Versand* \u2705 14 Tage R\u00fcckgaberecht \u2705 Co2 neutraler Versand\" \/>\n<meta name=\"robots\" content=\"index, follow, max-snippet:-1, max-image-preview:large, max-video-preview:-1\" \/>\n<link rel=\"canonical\" href=\"https:\/\/bolting.eu\/en\/shop\/beal-genius-ii-werkzeugtasche\/\" \/>\n<meta property=\"og:locale\" content=\"en_US\" \/>\n<meta property=\"og:type\" content=\"article\" \/>\n<meta property=\"og:title\" content=\"Beal Genius II Werkzeugtasche\" \/>\n<meta property=\"og:description\" content=\"Beal Genius II Werkzeugtasche beim Kletter Hardwareprofi aus Innsbruck kaufen \u2705 kostenloser Versand* \u2705 14 Tage R\u00fcckgaberecht \u2705 Co2 neutraler Versand\" \/>\n<meta property=\"og:url\" content=\"https:\/\/bolting.eu\/en\/shop\/beal-genius-ii-werkzeugtasche\/\" \/>\n<meta property=\"og:site_name\" content=\"bolting.eu\" \/>\n<meta property=\"article:publisher\" content=\"https:\/\/www.facebook.com\/bolting.eu\" \/>\n<meta property=\"article:modified_time\" content=\"2025-11-10T13:33:37+00:00\" \/>\n<meta property=\"og:image\" content=\"https:\/\/bolting.eu\/wp-content\/uploads\/2020\/03\/Beal-Genius-II-Werkzeugtasche-1.jpg\" \/>\n\t<meta property=\"og:image:width\" content=\"700\" \/>\n\t<meta property=\"og:image:height\" content=\"700\" \/>\n\t<meta property=\"og:image:type\" content=\"image\/jpeg\" \/>\n<meta name=\"twitter:card\" content=\"summary_large_image\" \/>\n<meta name=\"twitter:label1\" content=\"Price\" \/>\n\t<meta name=\"twitter:data1\" content=\"&euro;&nbsp;23,90\" \/>\n\t<meta name=\"twitter:label2\" content=\"Availability\" \/>\n\t<meta name=\"twitter:data2\" content=\"In stock\" \/>\n<script type=\"application\/ld+json\" class=\"yoast-schema-graph\">{\"@context\":\"https:\/\/schema.org\",\"@graph\":[{\"@type\":[\"WebPage\",\"ItemPage\"],\"@id\":\"https:\/\/bolting.eu\/en\/shop\/beal-genius-ii-werkzeugtasche\/\",\"url\":\"https:\/\/bolting.eu\/en\/shop\/beal-genius-ii-werkzeugtasche\/\",\"name\":\"Beal Genius II Werkzeugtasche online kaufen | bolting.eu\",\"isPartOf\":{\"@id\":\"https:\/\/bolting.eu\/en\/#website\"},\"primaryImageOfPage\":{\"@id\":\"https:\/\/bolting.eu\/en\/shop\/beal-genius-ii-werkzeugtasche\/#primaryimage\"},\"image\":{\"@id\":\"https:\/\/bolting.eu\/en\/shop\/beal-genius-ii-werkzeugtasche\/#primaryimage\"},\"thumbnailUrl\":\"https:\/\/bolting.eu\/wp-content\/uploads\/2020\/03\/Beal-Genius-II-Werkzeugtasche-1.jpg\",\"datePublished\":\"2020-03-04T08:14:48+00:00\",\"dateModified\":\"2025-11-10T13:33:37+00:00\",\"description\":\"Beal Genius II Werkzeugtasche beim Kletter Hardwareprofi aus Innsbruck kaufen \u2705 kostenloser Versand* \u2705 14 Tage R\u00fcckgaberecht \u2705 Co2 neutraler Versand\",\"breadcrumb\":{\"@id\":\"https:\/\/bolting.eu\/en\/shop\/beal-genius-ii-werkzeugtasche\/#breadcrumb\"},\"inLanguage\":\"en-US\",\"potentialAction\":[{\"@type\":\"ReadAction\",\"target\":[\"https:\/\/bolting.eu\/en\/shop\/beal-genius-ii-werkzeugtasche\/\"]}]},{\"@type\":\"ImageObject\",\"inLanguage\":\"en-US\",\"@id\":\"https:\/\/bolting.eu\/en\/shop\/beal-genius-ii-werkzeugtasche\/#primaryimage\",\"url\":\"https:\/\/bolting.eu\/wp-content\/uploads\/2020\/03\/Beal-Genius-II-Werkzeugtasche-1.jpg\",\"contentUrl\":\"https:\/\/bolting.eu\/wp-content\/uploads\/2020\/03\/Beal-Genius-II-Werkzeugtasche-1.jpg\",\"width\":700,\"height\":700,\"caption\":\"Braune Beal Genius II Werkzeugtasche mit wei\u00dfe, Logo und Aufh\u00e4nge\u00f6se auf wei\u00dfem Quadrat.\"},{\"@type\":\"BreadcrumbList\",\"@id\":\"https:\/\/bolting.eu\/en\/shop\/beal-genius-ii-werkzeugtasche\/#breadcrumb\",\"itemListElement\":[{\"@type\":\"ListItem\",\"position\":1,\"name\":\"Shop\",\"item\":\"https:\/\/bolting.eu\/en\/shop\/\"},{\"@type\":\"ListItem\",\"position\":2,\"name\":\"bolting products\",\"item\":\"https:\/\/bolting.eu\/en\/produkt-kategorie\/bolting-products\/\"},{\"@type\":\"ListItem\",\"position\":3,\"name\":\"Material bags - Tool bags\",\"item\":\"https:\/\/bolting.eu\/en\/produkt-kategorie\/material-bags-tool-bags\/\"},{\"@type\":\"ListItem\",\"position\":4,\"name\":\"Beal Genius II Werkzeugtasche\"}]},{\"@type\":\"WebSite\",\"@id\":\"https:\/\/bolting.eu\/en\/#website\",\"url\":\"https:\/\/bolting.eu\/en\/\",\"name\":\"bolting.eu\",\"description\":\"we make climbs happen\",\"publisher\":{\"@id\":\"https:\/\/bolting.eu\/en\/#organization\"},\"potentialAction\":[{\"@type\":\"SearchAction\",\"target\":{\"@type\":\"EntryPoint\",\"urlTemplate\":\"https:\/\/bolting.eu\/en\/?s={search_term_string}\"},\"query-input\":{\"@type\":\"PropertyValueSpecification\",\"valueRequired\":true,\"valueName\":\"search_term_string\"}}],\"inLanguage\":\"en-US\"},{\"@type\":[\"Organization\",\"Place\",\"SportingGoodsStore\"],\"@id\":\"https:\/\/bolting.eu\/en\/#organization\",\"name\":\"bolting.eu\",\"url\":\"https:\/\/bolting.eu\/en\/\",\"logo\":{\"@id\":\"https:\/\/bolting.eu\/en\/shop\/beal-genius-ii-werkzeugtasche\/#local-main-organization-logo\"},\"image\":{\"@id\":\"https:\/\/bolting.eu\/en\/shop\/beal-genius-ii-werkzeugtasche\/#local-main-organization-logo\"},\"sameAs\":[\"https:\/\/www.facebook.com\/bolting.eu\",\"https:\/\/www.instagram.com\/bolting.eu\/\"],\"address\":{\"@id\":\"https:\/\/bolting.eu\/en\/shop\/beal-genius-ii-werkzeugtasche\/#local-main-place-address\"},\"geo\":{\"@type\":\"GeoCoordinates\",\"latitude\":\"47.264176340396226\",\"longitude\":\"11.380109057672346\"},\"telephone\":[\"+43 699 19083372\"],\"openingHoursSpecification\":[{\"@type\":\"OpeningHoursSpecification\",\"dayOfWeek\":[\"Monday\",\"Wednesday\",\"Friday\"],\"opens\":\"14:00\",\"closes\":\"18:00\"},{\"@type\":\"OpeningHoursSpecification\",\"dayOfWeek\":[\"Tuesday\",\"Thursday\",\"Saturday\",\"Sunday\"],\"opens\":\"00:00\",\"closes\":\"00:00\"}],\"email\":\"office@bolting.eu\",\"vatID\":\"ATU59999728\",\"priceRange\":\"$$\",\"currenciesAccepted\":\"Euro\"},{\"@type\":\"PostalAddress\",\"@id\":\"https:\/\/bolting.eu\/en\/shop\/beal-genius-ii-werkzeugtasche\/#local-main-place-address\",\"streetAddress\":\"Fischnalerstra\u00dfe 4\",\"addressLocality\":\"Innsbruck\",\"postalCode\":\"6020\",\"addressRegion\":\"Tirol\",\"addressCountry\":\"AT\"},{\"@type\":\"ImageObject\",\"inLanguage\":\"en-US\",\"@id\":\"https:\/\/bolting.eu\/en\/shop\/beal-genius-ii-werkzeugtasche\/#local-main-organization-logo\",\"url\":\"https:\/\/bolting.eu\/wp-content\/uploads\/2019\/09\/bolting-logo.png\",\"contentUrl\":\"https:\/\/bolting.eu\/wp-content\/uploads\/2019\/09\/bolting-logo.png\",\"width\":400,\"height\":211,\"caption\":\"bolting.eu\"}]}<\/script>\n<meta property=\"product:price:amount\" content=\"23.90\" \/>\n<meta property=\"product:price:currency\" content=\"EUR\" \/>\n<meta property=\"og:availability\" content=\"instock\" \/>\n<meta property=\"product:availability\" content=\"instock\" \/>\n<meta property=\"product:retailer_item_id\" content=\"BSAC.G-1\" \/>\n<meta property=\"product:condition\" content=\"new\" \/>\n<meta name=\"geo.placename\" content=\"Innsbruck\" \/>\n<meta name=\"geo.position\" content=\"47.264176340396226;11.380109057672346\" \/>\n<meta name=\"geo.region\" content=\"Austria\" \/>\n<!-- \/ Yoast SEO Premium plugin. -->","yoast_head_json":{"title":"Beal Genius II Werkzeugtasche online kaufen | bolting.eu","description":"Beal Genius II Werkzeugtasche beim Kletter Hardwareprofi aus Innsbruck kaufen \u2705 kostenloser Versand* \u2705 14 Tage R\u00fcckgaberecht \u2705 Co2 neutraler Versand","robots":{"index":"index","follow":"follow","max-snippet":"max-snippet:-1","max-image-preview":"max-image-preview:large","max-video-preview":"max-video-preview:-1"},"canonical":"https:\/\/bolting.eu\/en\/shop\/beal-genius-ii-werkzeugtasche\/","og_locale":"en_US","og_type":"article","og_title":"Beal Genius II Werkzeugtasche","og_description":"Beal Genius II Werkzeugtasche beim Kletter Hardwareprofi aus Innsbruck kaufen \u2705 kostenloser Versand* \u2705 14 Tage R\u00fcckgaberecht \u2705 Co2 neutraler Versand","og_url":"https:\/\/bolting.eu\/en\/shop\/beal-genius-ii-werkzeugtasche\/","og_site_name":"bolting.eu","article_publisher":"https:\/\/www.facebook.com\/bolting.eu","article_modified_time":"2025-11-10T13:33:37+00:00","og_image":[{"width":700,"height":700,"url":"https:\/\/bolting.eu\/wp-content\/uploads\/2020\/03\/Beal-Genius-II-Werkzeugtasche-1.jpg","type":"image\/jpeg"}],"twitter_card":"summary_large_image","twitter_misc":{"Price":"&euro;&nbsp;23,90","Availability":"In stock"},"schema":{"@context":"https:\/\/schema.org","@graph":[{"@type":["WebPage","ItemPage"],"@id":"https:\/\/bolting.eu\/en\/shop\/beal-genius-ii-werkzeugtasche\/","url":"https:\/\/bolting.eu\/en\/shop\/beal-genius-ii-werkzeugtasche\/","name":"Beal Genius II Werkzeugtasche online kaufen | bolting.eu","isPartOf":{"@id":"https:\/\/bolting.eu\/en\/#website"},"primaryImageOfPage":{"@id":"https:\/\/bolting.eu\/en\/shop\/beal-genius-ii-werkzeugtasche\/#primaryimage"},"image":{"@id":"https:\/\/bolting.eu\/en\/shop\/beal-genius-ii-werkzeugtasche\/#primaryimage"},"thumbnailUrl":"https:\/\/bolting.eu\/wp-content\/uploads\/2020\/03\/Beal-Genius-II-Werkzeugtasche-1.jpg","datePublished":"2020-03-04T08:14:48+00:00","dateModified":"2025-11-10T13:33:37+00:00","description":"Beal Genius II Werkzeugtasche beim Kletter Hardwareprofi aus Innsbruck kaufen \u2705 kostenloser Versand* \u2705 14 Tage R\u00fcckgaberecht \u2705 Co2 neutraler Versand","breadcrumb":{"@id":"https:\/\/bolting.eu\/en\/shop\/beal-genius-ii-werkzeugtasche\/#breadcrumb"},"inLanguage":"en-US","potentialAction":[{"@type":"ReadAction","target":["https:\/\/bolting.eu\/en\/shop\/beal-genius-ii-werkzeugtasche\/"]}]},{"@type":"ImageObject","inLanguage":"en-US","@id":"https:\/\/bolting.eu\/en\/shop\/beal-genius-ii-werkzeugtasche\/#primaryimage","url":"https:\/\/bolting.eu\/wp-content\/uploads\/2020\/03\/Beal-Genius-II-Werkzeugtasche-1.jpg","contentUrl":"https:\/\/bolting.eu\/wp-content\/uploads\/2020\/03\/Beal-Genius-II-Werkzeugtasche-1.jpg","width":700,"height":700,"caption":"Braune Beal Genius II Werkzeugtasche mit wei\u00dfe, Logo und Aufh\u00e4nge\u00f6se auf wei\u00dfem Quadrat."},{"@type":"BreadcrumbList","@id":"https:\/\/bolting.eu\/en\/shop\/beal-genius-ii-werkzeugtasche\/#breadcrumb","itemListElement":[{"@type":"ListItem","position":1,"name":"Shop","item":"https:\/\/bolting.eu\/en\/shop\/"},{"@type":"ListItem","position":2,"name":"bolting products","item":"https:\/\/bolting.eu\/en\/produkt-kategorie\/bolting-products\/"},{"@type":"ListItem","position":3,"name":"Material bags - Tool bags","item":"https:\/\/bolting.eu\/en\/produkt-kategorie\/material-bags-tool-bags\/"},{"@type":"ListItem","position":4,"name":"Beal Genius II Werkzeugtasche"}]},{"@type":"WebSite","@id":"https:\/\/bolting.eu\/en\/#website","url":"https:\/\/bolting.eu\/en\/","name":"bolting.eu","description":"we make climbs happen","publisher":{"@id":"https:\/\/bolting.eu\/en\/#organization"},"potentialAction":[{"@type":"SearchAction","target":{"@type":"EntryPoint","urlTemplate":"https:\/\/bolting.eu\/en\/?s={search_term_string}"},"query-input":{"@type":"PropertyValueSpecification","valueRequired":true,"valueName":"search_term_string"}}],"inLanguage":"en-US"},{"@type":["Organization","Place","SportingGoodsStore"],"@id":"https:\/\/bolting.eu\/en\/#organization","name":"bolting.eu","url":"https:\/\/bolting.eu\/en\/","logo":{"@id":"https:\/\/bolting.eu\/en\/shop\/beal-genius-ii-werkzeugtasche\/#local-main-organization-logo"},"image":{"@id":"https:\/\/bolting.eu\/en\/shop\/beal-genius-ii-werkzeugtasche\/#local-main-organization-logo"},"sameAs":["https:\/\/www.facebook.com\/bolting.eu","https:\/\/www.instagram.com\/bolting.eu\/"],"address":{"@id":"https:\/\/bolting.eu\/en\/shop\/beal-genius-ii-werkzeugtasche\/#local-main-place-address"},"geo":{"@type":"GeoCoordinates","latitude":"47.264176340396226","longitude":"11.380109057672346"},"telephone":["+43 699 19083372"],"openingHoursSpecification":[{"@type":"OpeningHoursSpecification","dayOfWeek":["Monday","Wednesday","Friday"],"opens":"14:00","closes":"18:00"},{"@type":"OpeningHoursSpecification","dayOfWeek":["Tuesday","Thursday","Saturday","Sunday"],"opens":"00:00","closes":"00:00"}],"email":"office@bolting.eu","vatID":"ATU59999728","priceRange":"$$","currenciesAccepted":"Euro"},{"@type":"PostalAddress","@id":"https:\/\/bolting.eu\/en\/shop\/beal-genius-ii-werkzeugtasche\/#local-main-place-address","streetAddress":"Fischnalerstra\u00dfe 4","addressLocality":"Innsbruck","postalCode":"6020","addressRegion":"Tirol","addressCountry":"AT"},{"@type":"ImageObject","inLanguage":"en-US","@id":"https:\/\/bolting.eu\/en\/shop\/beal-genius-ii-werkzeugtasche\/#local-main-organization-logo","url":"https:\/\/bolting.eu\/wp-content\/uploads\/2019\/09\/bolting-logo.png","contentUrl":"https:\/\/bolting.eu\/wp-content\/uploads\/2019\/09\/bolting-logo.png","width":400,"height":211,"caption":"bolting.eu"}]},"product_price_amount":"23.90","product_price_currency":"EUR","og_availability":"instock","product_availability":"instock","product_retailer_item_id":"BSAC.G-1","product_condition":"new","geo.placename":"Innsbruck","geo.position":{"lat":"47.264176340396226","long":"11.380109057672346"},"geo.region":"Austria"},"_links":{"self":[{"href":"https:\/\/bolting.eu\/en\/wp-json\/wp\/v2\/product\/1717","targetHints":{"allow":["GET"]}}],"collection":[{"href":"https:\/\/bolting.eu\/en\/wp-json\/wp\/v2\/product"}],"about":[{"href":"https:\/\/bolting.eu\/en\/wp-json\/wp\/v2\/types\/product"}],"replies":[{"embeddable":true,"href":"https:\/\/bolting.eu\/en\/wp-json\/wp\/v2\/comments?post=1717"}],"wp:featuredmedia":[{"embeddable":true,"href":"https:\/\/bolting.eu\/en\/wp-json\/wp\/v2\/media\/33682"}],"wp:attachment":[{"href":"https:\/\/bolting.eu\/en\/wp-json\/wp\/v2\/media?parent=1717"}],"wp:term":[{"taxonomy":"product_brand","embeddable":true,"href":"https:\/\/bolting.eu\/en\/wp-json\/wp\/v2\/product_brand?post=1717"},{"taxonomy":"product_cat","embeddable":true,"href":"https:\/\/bolting.eu\/en\/wp-json\/wp\/v2\/product_cat?post=1717"},{"taxonomy":"product_tag","embeddable":true,"href":"https:\/\/bolting.eu\/en\/wp-json\/wp\/v2\/product_tag?post=1717"}],"curies":[{"name":"wp","href":"https:\/\/api.w.org\/{rel}","templated":true}]}}