{"id":17140,"date":"2023-09-21T14:12:29","date_gmt":"2023-09-21T12:12:29","guid":{"rendered":"https:\/\/bolting.eu\/?post_type=product&#038;p=17140"},"modified":"2026-03-20T15:07:16","modified_gmt":"2026-03-20T14:07:16","slug":"dmm-bulldog","status":"publish","type":"product","link":"https:\/\/bolting.eu\/en\/shop\/dmm-bulldog\/","title":{"rendered":"DMM Bulldog"},"content":{"rendered":"<p>Der DMM Bulldog ist ein ganz spezieller Eishaken. Denn er \u00e4hnelt eher einem &#8220;<a href=\"https:\/\/bolting.eu\/shop\/black-diamond-pecker\/\">Pecker<\/a>&#8221; f\u00fcr\u00b4s Techo Klettern bzw. Eishaue, als einer Absicherung zum Eisklettern. Seine Form erlaubt jedoch das Einschlagen in ganz d\u00fcnnen Rissen, in gefrorenen Graspolstern und sogar Schlamm.<\/p>\n<p>Das macht diesen Eishaken zu einem wertvollen Begleiter. Denn er bietet dort passablen Schutz, wo <a href=\"https:\/\/bolting.eu\/produkt-kategorie\/bergsteiger-ausruestung\/eisschrauben\/\">Eisschrauben<\/a> nicht zum Einsatz kommen k\u00f6nnen. Somit ist er einerseits bei Alpinisten in Nordw\u00e4nden oder langen Kombi-Routen beliebt. Und andererseits bei Eiskletterern die im Kombi Gel\u00e4nde unterwegs sind.<\/p>\n<p>Die kleine Version &#8220;<a href=\"https:\/\/bolting.eu\/shop\/dmm-terrier\/\">Terrier<\/a>&#8221; ist bei uns \u00fcbrigens ebenso erh\u00e4ltlich.<\/p>\n<p>Abschlie\u00dfend erlaubt die lange Dyneema Bandschlinge das direkte Einh\u00e4ngen des Kletterseils mit nur einem Karabiner.<\/p>\n<h2>Eigenschaften Bulldog<\/h2>\n<ul>\n<li>Hersteller: <a href=\"https:\/\/bolting.eu\/produkt-kategorie\/dmm\/\">DMM<\/a><\/li>\n<li>Material: 4mm dicker, geh\u00e4rteter Stahl, Dyneema<\/li>\n<li>Gewicht: 150 Gramm<\/li>\n<li>Bruchlast: 15 kN<\/li>\n<li>&#8220;verl\u00e4ngerbare&#8221;, 24cm lange 11mm Dyneema <a href=\"https:\/\/bolting.eu\/produkt-kategorie\/kletterausruestung\/bandschlinge\/\">Bandschlinge<\/a><\/li>\n<li>Eishaken mit gro\u00dfen Ausfr\u00e4sungen f\u00fcr leichteres Gewicht<\/li>\n<li>kann in d\u00fcnne Risse, in gefrorene Graspolster oder Schlamm geschlagen werden<\/li>\n<li>zus\u00e4tzliche Zacken an der Auflagefl\u00e4che f\u00fcr mehr Stabilit\u00e4t<\/li>\n<li>bringt Sicherheit im &#8220;bl\u00f6den&#8221; grasigen&#8221; Gel\u00e4nde bzw. Risspassagen<\/li>\n<li>langer &#8220;R\u00fccken&#8221; zum Einschlagen mit Hammerkopf des <a href=\"https:\/\/bolting.eu\/produkt-kategorie\/bergsteiger-ausruestung\/eisgeraete\/\">Eisger\u00e4tes<\/a><\/li>\n<li>gro\u00dfe Hebelwirkung zum leichten Entfernen<\/li>\n<li>wird mit Schutzh\u00fclle geliefert<\/li>\n<li><a href=\"https:\/\/assets.dmmwales.com\/download\/102\/\" target=\"_blank\" rel=\"noopener\">Bedienungsanleitung<\/a><\/li>\n<\/ul>\n<h3>Ideal f\u00fcr &#8220;bl\u00f6des Gel\u00e4nde&#8221; und Risse<\/h3>\n<p>Dieser Eishaken ist perfekt f\u00fcr &#8220;bl\u00f6des Gel\u00e4nde&#8221;. Darunter verstehen Eiskletterer bzw. Alpinisten Abschnitte ohne gutes Eis. Dort kann sich oftmals nur gefrorener Boden oder Graspolster befinden. Manchmal aber auch felsigen Gel\u00e4nde mit sehr d\u00fcnnen Rissen.<\/p>\n<p>Der Bulldog soll sich genau in solch einen Untergrund &#8220;reinbei\u00dfen&#8221;. Er ist also perfekt f\u00fcr ein Terrain, wie Eisschrauben bzw. normale Keile oder Friends nicht angebracht werden k\u00f6nnen.<\/p>\n<p>Folglich findet er Verwendung bei Alpinisten und Eiskletterern, welche im kombinierten Gel\u00e4nde unterwegs sind.<\/p>\n<h3>Einsatz beim Felsklettern?<\/h3>\n<p>Der Bulldog von DMM ist keine veritable Alternative zu gro\u00dfen Peckern. Denn seine Spitze ist viel, viel l\u00e4nger. Man br\u00e4chte also viel tiefere Risse, was ja eben nicht der Fall ist.<\/p>\n<p>Zudem ist die Spitze des Eishakens mit 4mm deutlich dicker als der 3mm Pecker.<\/p>\n<p>Wir empfehlen daher die Verwendung &#8220;nur&#8221; im kombinierten Gel\u00e4nde.<\/p>\n","protected":false},"excerpt":{"rendered":"<p>Spezieller Eishaken zum Einschlagen in Rissen, gefrorenen Graspolstern oder Schlamm.<\/p>\n<p>Ideal f\u00fcr Gel\u00e4nde, wo man keine Eisschrauben , Friends oder Keile mehr setzen kann.<\/p>\n<p>Versandkostenfrei bis 2kg in <img decoding=\"async\" class=\"emoji\" role=\"img\" draggable=\"false\" src=\"https:\/\/s.w.org\/images\/core\/emoji\/14.0.0\/svg\/1f1e6-1f1f9.svg\" alt=\"\ud83c\udde6\ud83c\uddf9\" \/> ab \u20ac 100,- und <img decoding=\"async\" class=\"emoji\" role=\"img\" draggable=\"false\" src=\"https:\/\/s.w.org\/images\/core\/emoji\/14.0.0\/svg\/1f1e9-1f1ea.svg\" alt=\"\ud83c\udde9\ud83c\uddea\" \/> ab \u20ac 200,-!<\/p>\n<p>&nbsp;<\/p>\n","protected":false},"featured_media":17141,"comment_status":"closed","ping_status":"closed","template":"","meta":[],"product_brand":[],"product_cat":[37,9670,13938,14281],"product_tag":[],"class_list":{"0":"post-17140","1":"product","2":"type-product","3":"status-publish","4":"has-post-thumbnail","6":"product_cat-felshaken-normalhaken","7":"product_cat-dmm","8":"product_cat-bergsteiger-ausruestung","9":"product_cat-eisschrauben","11":"first","12":"instock","13":"taxable","14":"shipping-taxable","15":"purchasable","16":"product-type-simple"},"yoast_head":"<!-- This site is optimized with the Yoast SEO Premium plugin v26.9 (Yoast SEO v26.9) - https:\/\/yoast.com\/product\/yoast-seo-premium-wordpress\/ -->\n<title>DMM Bulldog Eishaken | bolting.eu<\/title>\n<meta name=\"description\" content=\"DMM Bulldog Eishaken beim Kletterprofi aus Innsbruck - Tirol kaufen \u2705 kostenloser Versand* \u2705 14 Tage R\u00fcckgaberecht \u2705 Co2 neutraler Versand\" \/>\n<meta name=\"robots\" content=\"index, follow, max-snippet:-1, max-image-preview:large, max-video-preview:-1\" \/>\n<link rel=\"canonical\" href=\"https:\/\/bolting.eu\/en\/shop\/dmm-bulldog\/\" \/>\n<meta property=\"og:locale\" content=\"en_US\" \/>\n<meta property=\"og:type\" content=\"article\" \/>\n<meta property=\"og:title\" content=\"DMM Bulldog\" \/>\n<meta property=\"og:description\" content=\"DMM Bulldog Eishaken beim Kletterprofi aus Innsbruck - Tirol kaufen \u2705 kostenloser Versand* \u2705 14 Tage R\u00fcckgaberecht \u2705 Co2 neutraler Versand\" \/>\n<meta property=\"og:url\" content=\"https:\/\/bolting.eu\/en\/shop\/dmm-bulldog\/\" \/>\n<meta property=\"og:site_name\" content=\"bolting.eu\" \/>\n<meta property=\"article:publisher\" content=\"https:\/\/www.facebook.com\/bolting.eu\" \/>\n<meta property=\"article:modified_time\" content=\"2026-03-20T14:07:16+00:00\" \/>\n<meta property=\"og:image\" content=\"https:\/\/bolting.eu\/wp-content\/uploads\/2023\/09\/DMM-Bulldog-1.jpg\" \/>\n\t<meta property=\"og:image:width\" content=\"700\" \/>\n\t<meta property=\"og:image:height\" content=\"700\" \/>\n\t<meta property=\"og:image:type\" content=\"image\/jpeg\" \/>\n<meta name=\"twitter:card\" content=\"summary_large_image\" \/>\n<meta name=\"twitter:label1\" content=\"Price\" \/>\n\t<meta name=\"twitter:data1\" content=\"&euro;&nbsp;44,90\" \/>\n\t<meta name=\"twitter:label2\" content=\"Availability\" \/>\n\t<meta name=\"twitter:data2\" content=\"In stock\" \/>\n<script type=\"application\/ld+json\" class=\"yoast-schema-graph\">{\"@context\":\"https:\/\/schema.org\",\"@graph\":[{\"@type\":[\"WebPage\",\"ItemPage\"],\"@id\":\"https:\/\/bolting.eu\/en\/shop\/dmm-bulldog\/\",\"url\":\"https:\/\/bolting.eu\/en\/shop\/dmm-bulldog\/\",\"name\":\"DMM Bulldog Eishaken | bolting.eu\",\"isPartOf\":{\"@id\":\"https:\/\/bolting.eu\/en\/#website\"},\"primaryImageOfPage\":{\"@id\":\"https:\/\/bolting.eu\/en\/shop\/dmm-bulldog\/#primaryimage\"},\"image\":{\"@id\":\"https:\/\/bolting.eu\/en\/shop\/dmm-bulldog\/#primaryimage\"},\"thumbnailUrl\":\"https:\/\/bolting.eu\/wp-content\/uploads\/2023\/09\/DMM-Bulldog-1.jpg\",\"datePublished\":\"2023-09-21T12:12:29+00:00\",\"dateModified\":\"2026-03-20T14:07:16+00:00\",\"description\":\"DMM Bulldog Eishaken beim Kletterprofi aus Innsbruck - Tirol kaufen \u2705 kostenloser Versand* \u2705 14 Tage R\u00fcckgaberecht \u2705 Co2 neutraler Versand\",\"breadcrumb\":{\"@id\":\"https:\/\/bolting.eu\/en\/shop\/dmm-bulldog\/#breadcrumb\"},\"inLanguage\":\"en-US\",\"potentialAction\":[{\"@type\":\"ReadAction\",\"target\":[\"https:\/\/bolting.eu\/en\/shop\/dmm-bulldog\/\"]}]},{\"@type\":\"ImageObject\",\"inLanguage\":\"en-US\",\"@id\":\"https:\/\/bolting.eu\/en\/shop\/dmm-bulldog\/#primaryimage\",\"url\":\"https:\/\/bolting.eu\/wp-content\/uploads\/2023\/09\/DMM-Bulldog-1.jpg\",\"contentUrl\":\"https:\/\/bolting.eu\/wp-content\/uploads\/2023\/09\/DMM-Bulldog-1.jpg\",\"width\":700,\"height\":700,\"caption\":\"Schwarzer DMM Bulldog Eishaken mit gr\u00fcner Bandschlinge von der Seite.\"},{\"@type\":\"BreadcrumbList\",\"@id\":\"https:\/\/bolting.eu\/en\/shop\/dmm-bulldog\/#breadcrumb\",\"itemListElement\":[{\"@type\":\"ListItem\",\"position\":1,\"name\":\"Shop\",\"item\":\"https:\/\/bolting.eu\/en\/shop\/\"},{\"@type\":\"ListItem\",\"position\":2,\"name\":\"Bergsteiger Ausr\u00fcstung\",\"item\":\"https:\/\/bolting.eu\/produkt-kategorie\/bergsteiger-ausruestung\/\"},{\"@type\":\"ListItem\",\"position\":3,\"name\":\"Eisschrauben\",\"item\":\"https:\/\/bolting.eu\/produkt-kategorie\/bergsteiger-ausruestung\/eisschrauben\/\"},{\"@type\":\"ListItem\",\"position\":4,\"name\":\"DMM Bulldog\"}]},{\"@type\":\"WebSite\",\"@id\":\"https:\/\/bolting.eu\/en\/#website\",\"url\":\"https:\/\/bolting.eu\/en\/\",\"name\":\"bolting.eu\",\"description\":\"we make climbs happen\",\"publisher\":{\"@id\":\"https:\/\/bolting.eu\/en\/#organization\"},\"potentialAction\":[{\"@type\":\"SearchAction\",\"target\":{\"@type\":\"EntryPoint\",\"urlTemplate\":\"https:\/\/bolting.eu\/en\/?s={search_term_string}\"},\"query-input\":{\"@type\":\"PropertyValueSpecification\",\"valueRequired\":true,\"valueName\":\"search_term_string\"}}],\"inLanguage\":\"en-US\"},{\"@type\":[\"Organization\",\"Place\",\"SportingGoodsStore\"],\"@id\":\"https:\/\/bolting.eu\/en\/#organization\",\"name\":\"bolting.eu\",\"url\":\"https:\/\/bolting.eu\/en\/\",\"logo\":{\"@id\":\"https:\/\/bolting.eu\/en\/shop\/dmm-bulldog\/#local-main-organization-logo\"},\"image\":{\"@id\":\"https:\/\/bolting.eu\/en\/shop\/dmm-bulldog\/#local-main-organization-logo\"},\"sameAs\":[\"https:\/\/www.facebook.com\/bolting.eu\",\"https:\/\/www.instagram.com\/bolting.eu\/\"],\"address\":{\"@id\":\"https:\/\/bolting.eu\/en\/shop\/dmm-bulldog\/#local-main-place-address\"},\"geo\":{\"@type\":\"GeoCoordinates\",\"latitude\":\"47.264176340396226\",\"longitude\":\"11.380109057672346\"},\"telephone\":[\"+43 699 19083372\"],\"openingHoursSpecification\":[{\"@type\":\"OpeningHoursSpecification\",\"dayOfWeek\":[\"Monday\",\"Wednesday\",\"Friday\"],\"opens\":\"14:00\",\"closes\":\"18:00\"},{\"@type\":\"OpeningHoursSpecification\",\"dayOfWeek\":[\"Tuesday\",\"Thursday\",\"Saturday\",\"Sunday\"],\"opens\":\"00:00\",\"closes\":\"00:00\"}],\"email\":\"office@bolting.eu\",\"vatID\":\"ATU59999728\",\"priceRange\":\"$$\",\"currenciesAccepted\":\"Euro\"},{\"@type\":\"PostalAddress\",\"@id\":\"https:\/\/bolting.eu\/en\/shop\/dmm-bulldog\/#local-main-place-address\",\"streetAddress\":\"Fischnalerstra\u00dfe 4\",\"addressLocality\":\"Innsbruck\",\"postalCode\":\"6020\",\"addressRegion\":\"Tirol\",\"addressCountry\":\"AT\"},{\"@type\":\"ImageObject\",\"inLanguage\":\"en-US\",\"@id\":\"https:\/\/bolting.eu\/en\/shop\/dmm-bulldog\/#local-main-organization-logo\",\"url\":\"https:\/\/bolting.eu\/wp-content\/uploads\/2019\/09\/bolting-logo.png\",\"contentUrl\":\"https:\/\/bolting.eu\/wp-content\/uploads\/2019\/09\/bolting-logo.png\",\"width\":400,\"height\":211,\"caption\":\"bolting.eu\"}]}<\/script>\n<meta property=\"product:price:amount\" content=\"44.90\" \/>\n<meta property=\"product:price:currency\" content=\"EUR\" \/>\n<meta property=\"og:availability\" content=\"instock\" \/>\n<meta property=\"product:availability\" content=\"instock\" \/>\n<meta property=\"product:retailer_item_id\" content=\"C1375\" \/>\n<meta property=\"product:condition\" content=\"new\" \/>\n<meta name=\"geo.placename\" content=\"Innsbruck\" \/>\n<meta name=\"geo.position\" content=\"47.264176340396226;11.380109057672346\" \/>\n<meta name=\"geo.region\" content=\"Austria\" \/>\n<!-- \/ Yoast SEO Premium plugin. -->","yoast_head_json":{"title":"DMM Bulldog Eishaken | bolting.eu","description":"DMM Bulldog Eishaken beim Kletterprofi aus Innsbruck - Tirol kaufen \u2705 kostenloser Versand* \u2705 14 Tage R\u00fcckgaberecht \u2705 Co2 neutraler Versand","robots":{"index":"index","follow":"follow","max-snippet":"max-snippet:-1","max-image-preview":"max-image-preview:large","max-video-preview":"max-video-preview:-1"},"canonical":"https:\/\/bolting.eu\/en\/shop\/dmm-bulldog\/","og_locale":"en_US","og_type":"article","og_title":"DMM Bulldog","og_description":"DMM Bulldog Eishaken beim Kletterprofi aus Innsbruck - Tirol kaufen \u2705 kostenloser Versand* \u2705 14 Tage R\u00fcckgaberecht \u2705 Co2 neutraler Versand","og_url":"https:\/\/bolting.eu\/en\/shop\/dmm-bulldog\/","og_site_name":"bolting.eu","article_publisher":"https:\/\/www.facebook.com\/bolting.eu","article_modified_time":"2026-03-20T14:07:16+00:00","og_image":[{"width":700,"height":700,"url":"https:\/\/bolting.eu\/wp-content\/uploads\/2023\/09\/DMM-Bulldog-1.jpg","type":"image\/jpeg"}],"twitter_card":"summary_large_image","twitter_misc":{"Price":"&euro;&nbsp;44,90","Availability":"In stock"},"schema":{"@context":"https:\/\/schema.org","@graph":[{"@type":["WebPage","ItemPage"],"@id":"https:\/\/bolting.eu\/en\/shop\/dmm-bulldog\/","url":"https:\/\/bolting.eu\/en\/shop\/dmm-bulldog\/","name":"DMM Bulldog Eishaken | bolting.eu","isPartOf":{"@id":"https:\/\/bolting.eu\/en\/#website"},"primaryImageOfPage":{"@id":"https:\/\/bolting.eu\/en\/shop\/dmm-bulldog\/#primaryimage"},"image":{"@id":"https:\/\/bolting.eu\/en\/shop\/dmm-bulldog\/#primaryimage"},"thumbnailUrl":"https:\/\/bolting.eu\/wp-content\/uploads\/2023\/09\/DMM-Bulldog-1.jpg","datePublished":"2023-09-21T12:12:29+00:00","dateModified":"2026-03-20T14:07:16+00:00","description":"DMM Bulldog Eishaken beim Kletterprofi aus Innsbruck - Tirol kaufen \u2705 kostenloser Versand* \u2705 14 Tage R\u00fcckgaberecht \u2705 Co2 neutraler Versand","breadcrumb":{"@id":"https:\/\/bolting.eu\/en\/shop\/dmm-bulldog\/#breadcrumb"},"inLanguage":"en-US","potentialAction":[{"@type":"ReadAction","target":["https:\/\/bolting.eu\/en\/shop\/dmm-bulldog\/"]}]},{"@type":"ImageObject","inLanguage":"en-US","@id":"https:\/\/bolting.eu\/en\/shop\/dmm-bulldog\/#primaryimage","url":"https:\/\/bolting.eu\/wp-content\/uploads\/2023\/09\/DMM-Bulldog-1.jpg","contentUrl":"https:\/\/bolting.eu\/wp-content\/uploads\/2023\/09\/DMM-Bulldog-1.jpg","width":700,"height":700,"caption":"Schwarzer DMM Bulldog Eishaken mit gr\u00fcner Bandschlinge von der Seite."},{"@type":"BreadcrumbList","@id":"https:\/\/bolting.eu\/en\/shop\/dmm-bulldog\/#breadcrumb","itemListElement":[{"@type":"ListItem","position":1,"name":"Shop","item":"https:\/\/bolting.eu\/en\/shop\/"},{"@type":"ListItem","position":2,"name":"Bergsteiger Ausr\u00fcstung","item":"https:\/\/bolting.eu\/produkt-kategorie\/bergsteiger-ausruestung\/"},{"@type":"ListItem","position":3,"name":"Eisschrauben","item":"https:\/\/bolting.eu\/produkt-kategorie\/bergsteiger-ausruestung\/eisschrauben\/"},{"@type":"ListItem","position":4,"name":"DMM Bulldog"}]},{"@type":"WebSite","@id":"https:\/\/bolting.eu\/en\/#website","url":"https:\/\/bolting.eu\/en\/","name":"bolting.eu","description":"we make climbs happen","publisher":{"@id":"https:\/\/bolting.eu\/en\/#organization"},"potentialAction":[{"@type":"SearchAction","target":{"@type":"EntryPoint","urlTemplate":"https:\/\/bolting.eu\/en\/?s={search_term_string}"},"query-input":{"@type":"PropertyValueSpecification","valueRequired":true,"valueName":"search_term_string"}}],"inLanguage":"en-US"},{"@type":["Organization","Place","SportingGoodsStore"],"@id":"https:\/\/bolting.eu\/en\/#organization","name":"bolting.eu","url":"https:\/\/bolting.eu\/en\/","logo":{"@id":"https:\/\/bolting.eu\/en\/shop\/dmm-bulldog\/#local-main-organization-logo"},"image":{"@id":"https:\/\/bolting.eu\/en\/shop\/dmm-bulldog\/#local-main-organization-logo"},"sameAs":["https:\/\/www.facebook.com\/bolting.eu","https:\/\/www.instagram.com\/bolting.eu\/"],"address":{"@id":"https:\/\/bolting.eu\/en\/shop\/dmm-bulldog\/#local-main-place-address"},"geo":{"@type":"GeoCoordinates","latitude":"47.264176340396226","longitude":"11.380109057672346"},"telephone":["+43 699 19083372"],"openingHoursSpecification":[{"@type":"OpeningHoursSpecification","dayOfWeek":["Monday","Wednesday","Friday"],"opens":"14:00","closes":"18:00"},{"@type":"OpeningHoursSpecification","dayOfWeek":["Tuesday","Thursday","Saturday","Sunday"],"opens":"00:00","closes":"00:00"}],"email":"office@bolting.eu","vatID":"ATU59999728","priceRange":"$$","currenciesAccepted":"Euro"},{"@type":"PostalAddress","@id":"https:\/\/bolting.eu\/en\/shop\/dmm-bulldog\/#local-main-place-address","streetAddress":"Fischnalerstra\u00dfe 4","addressLocality":"Innsbruck","postalCode":"6020","addressRegion":"Tirol","addressCountry":"AT"},{"@type":"ImageObject","inLanguage":"en-US","@id":"https:\/\/bolting.eu\/en\/shop\/dmm-bulldog\/#local-main-organization-logo","url":"https:\/\/bolting.eu\/wp-content\/uploads\/2019\/09\/bolting-logo.png","contentUrl":"https:\/\/bolting.eu\/wp-content\/uploads\/2019\/09\/bolting-logo.png","width":400,"height":211,"caption":"bolting.eu"}]},"product_price_amount":"44.90","product_price_currency":"EUR","og_availability":"instock","product_availability":"instock","product_retailer_item_id":"C1375","product_condition":"new","geo.placename":"Innsbruck","geo.position":{"lat":"47.264176340396226","long":"11.380109057672346"},"geo.region":"Austria"},"_links":{"self":[{"href":"https:\/\/bolting.eu\/en\/wp-json\/wp\/v2\/product\/17140","targetHints":{"allow":["GET"]}}],"collection":[{"href":"https:\/\/bolting.eu\/en\/wp-json\/wp\/v2\/product"}],"about":[{"href":"https:\/\/bolting.eu\/en\/wp-json\/wp\/v2\/types\/product"}],"replies":[{"embeddable":true,"href":"https:\/\/bolting.eu\/en\/wp-json\/wp\/v2\/comments?post=17140"}],"wp:featuredmedia":[{"embeddable":true,"href":"https:\/\/bolting.eu\/en\/wp-json\/wp\/v2\/media\/17141"}],"wp:attachment":[{"href":"https:\/\/bolting.eu\/en\/wp-json\/wp\/v2\/media?parent=17140"}],"wp:term":[{"taxonomy":"product_brand","embeddable":true,"href":"https:\/\/bolting.eu\/en\/wp-json\/wp\/v2\/product_brand?post=17140"},{"taxonomy":"product_cat","embeddable":true,"href":"https:\/\/bolting.eu\/en\/wp-json\/wp\/v2\/product_cat?post=17140"},{"taxonomy":"product_tag","embeddable":true,"href":"https:\/\/bolting.eu\/en\/wp-json\/wp\/v2\/product_tag?post=17140"}],"curies":[{"name":"wp","href":"https:\/\/api.w.org\/{rel}","templated":true}]}}